{"id":364,"date":"2025-04-21T19:15:01","date_gmt":"2025-04-21T19:15:01","guid":{"rendered":"https:\/\/vitablanca.ma\/?post_type=product&#038;p=364"},"modified":"2025-11-29T12:55:09","modified_gmt":"2025-11-29T12:55:09","slug":"now-foods-real-food-xylitol-454-g","status":"publish","type":"product","link":"https:\/\/vitablanca.ma\/en\/product\/now-foods-real-food-xylitol-454-g\/","title":{"rendered":"Now Foods Real Food Xylitol, 454 g"},"content":{"rendered":"<p>NOW Real Food\u00ae Xylitol est l\u2019incroyable \u00e9dulcorant pur vers lequel de plus en plus de gens se tournent comme un substitut id\u00e9al du sucre. Contrairement aux sucres tels que le saccharose et le fructose, cet alcool de sucre naturel ne favorise pas la carie dentaire, a un faible impact glyc\u00e9mique et contient environ un tiers des calories des autres sucres, ce qui en fait un r\u00e9gime hypocalorique, adapt\u00e9 aux diab\u00e9tiques et c\u00e9to. \u2013 un \u00e9dulcorant convivial difficile \u00e0 battre. NOW Real Food\u00ae Xylitol est d\u00e9riv\u00e9 de ma\u00efs sans OGM et est le substitut parfait du sucre dans presque toutes les applications.<\/p>\n<p>Packaged in a peanut-free facility that processes tree nuts.<\/p>\n<p>NOW Real Food\u00ae Xylitol is derived from non-GMO corn.<\/p>","protected":false},"excerpt":{"rendered":"<ul>\n<li>Keto Friendly<\/li>\n<li>Pure, granulated xylitol<\/li>\n<li>No added ingredients<\/li>\n<li>The perfect sugar substitute<\/li>\n<li>1\/3 fewer calories than sugar<\/li>\n<li>Perfect for ketogenic and sugar-free diets<\/li>\n<li>Low glycemic impact<\/li>\n<\/ul>","protected":false},"featured_media":365,"template":"","meta":{"om_disable_all_campaigns":false},"product_brand":[83],"product_cat":[18,3366,20,19],"product_tag":[88,129,126,93,94,91,388,726,366,242,372,373],"class_list":{"0":"post-364","1":"product","2":"type-product","3":"status-publish","4":"has-post-thumbnail","6":"product_brand-now-foods-maroc-prix","7":"product_cat-beaute-sante","8":"product_cat-complements-alimentaires-au-maroc-vitablanca","9":"product_cat-supplements","10":"product_cat-vitamines-supplements-dietetiques","11":"product_tag-now-foods","12":"product_tag-now-foods-casa","13":"product_tag-now-foods-iherb","14":"product_tag-now-foods-jumia","15":"product_tag-now-foods-marjanemall","16":"product_tag-now-foods-maroc","17":"product_tag-now-foods-maroc-avis","18":"product_tag-now-foods-maroc-prix","19":"product_tag-real-food","20":"product_tag-sans-gluten","21":"product_tag-xylitol","22":"product_tag-xylitol-pur-et-granule","24":"first","25":"instock","26":"sale","27":"taxable","28":"shipping-taxable","29":"purchasable","30":"product-type-simple"},"yoast_head":"<!-- This site is optimized with the Yoast SEO plugin v27.5 - https:\/\/yoast.com\/product\/yoast-seo-wordpress\/ -->\n<title>Now Foods Real Food Xylitol, 454 g - Maroc Prix - Faible en Calories<\/title>\n<meta name=\"description\" content=\"Achetez Now Foods Real Food Xylitol, 454 g au Maroc. Cet \u00e9dulcorant naturel sans OGM a 1\/3 moins de calories que le sucre, un faible indice glyc\u00e9mique\" \/>\n<meta name=\"robots\" content=\"index, follow, max-snippet:-1, max-image-preview:large, max-video-preview:-1\" \/>\n<link rel=\"canonical\" href=\"https:\/\/vitablanca.ma\/en\/product\/now-foods-real-food-xylitol-454-g\/\" \/>\n<meta property=\"og:locale\" content=\"en_US\" \/>\n<meta property=\"og:type\" content=\"article\" \/>\n<meta property=\"og:title\" content=\"Now Foods Real Food Xylitol, 454 g - Maroc Prix - Faible en Calories\" \/>\n<meta property=\"og:description\" content=\"Achetez Now Foods Real Food Xylitol, 454 g au Maroc. Cet \u00e9dulcorant naturel sans OGM a 1\/3 moins de calories que le sucre, un faible indice glyc\u00e9mique\" \/>\n<meta property=\"og:url\" content=\"https:\/\/vitablanca.ma\/en\/product\/now-foods-real-food-xylitol-454-g\/\" \/>\n<meta property=\"og:site_name\" content=\"Vitablanca.ma &ndash; Sant&eacute;, vitalit&eacute; et bien-&ecirc;tre pour tous les Marocains\" \/>\n<meta property=\"article:publisher\" content=\"https:\/\/www.facebook.com\/profile.php?id=61576678196717\" \/>\n<meta property=\"article:modified_time\" content=\"2025-11-29T12:55:09+00:00\" \/>\n<meta property=\"og:image\" content=\"https:\/\/vitablanca.ma\/wp-content\/uploads\/2025\/04\/real-food-xylitol-454-g-now-foods.jpg\" \/>\n\t<meta property=\"og:image:width\" content=\"680\" \/>\n\t<meta property=\"og:image:height\" content=\"680\" \/>\n\t<meta property=\"og:image:type\" content=\"image\/jpeg\" \/>\n<meta name=\"twitter:card\" content=\"summary_large_image\" \/>\n<meta name=\"twitter:label1\" content=\"Est. reading time\" \/>\n\t<meta name=\"twitter:data1\" content=\"1 minute\" \/>\n<script type=\"application\/ld+json\" class=\"yoast-schema-graph\">{\"@context\":\"https:\\\/\\\/schema.org\",\"@graph\":[{\"@type\":[\"WebPage\",\"ItemPage\"],\"@id\":\"https:\\\/\\\/vitablanca.ma\\\/produit\\\/now-foods-real-food-xylitol-454-g\\\/\",\"url\":\"https:\\\/\\\/vitablanca.ma\\\/produit\\\/now-foods-real-food-xylitol-454-g\\\/\",\"name\":\"Now Foods Real Food Xylitol, 454 g - Maroc Prix - Faible en Calories\",\"isPartOf\":{\"@id\":\"https:\\\/\\\/vitablanca.ma\\\/#website\"},\"primaryImageOfPage\":{\"@id\":\"https:\\\/\\\/vitablanca.ma\\\/produit\\\/now-foods-real-food-xylitol-454-g\\\/#primaryimage\"},\"image\":{\"@id\":\"https:\\\/\\\/vitablanca.ma\\\/produit\\\/now-foods-real-food-xylitol-454-g\\\/#primaryimage\"},\"thumbnailUrl\":\"https:\\\/\\\/vitablanca.ma\\\/wp-content\\\/uploads\\\/2025\\\/04\\\/real-food-xylitol-454-g-now-foods.jpg\",\"datePublished\":\"2025-04-21T19:15:01+00:00\",\"dateModified\":\"2025-11-29T12:55:09+00:00\",\"description\":\"Achetez Now Foods Real Food Xylitol, 454 g au Maroc. Cet \u00e9dulcorant naturel sans OGM a 1\\\/3 moins de calories que le sucre, un faible indice glyc\u00e9mique\",\"breadcrumb\":{\"@id\":\"https:\\\/\\\/vitablanca.ma\\\/produit\\\/now-foods-real-food-xylitol-454-g\\\/#breadcrumb\"},\"inLanguage\":\"en-US\",\"potentialAction\":[{\"@type\":\"ReadAction\",\"target\":[\"https:\\\/\\\/vitablanca.ma\\\/produit\\\/now-foods-real-food-xylitol-454-g\\\/\"]}]},{\"@type\":\"ImageObject\",\"inLanguage\":\"en-US\",\"@id\":\"https:\\\/\\\/vitablanca.ma\\\/produit\\\/now-foods-real-food-xylitol-454-g\\\/#primaryimage\",\"url\":\"https:\\\/\\\/vitablanca.ma\\\/wp-content\\\/uploads\\\/2025\\\/04\\\/real-food-xylitol-454-g-now-foods.jpg\",\"contentUrl\":\"https:\\\/\\\/vitablanca.ma\\\/wp-content\\\/uploads\\\/2025\\\/04\\\/real-food-xylitol-454-g-now-foods.jpg\",\"width\":680,\"height\":680},{\"@type\":\"BreadcrumbList\",\"@id\":\"https:\\\/\\\/vitablanca.ma\\\/produit\\\/now-foods-real-food-xylitol-454-g\\\/#breadcrumb\",\"itemListElement\":[{\"@type\":\"ListItem\",\"position\":1,\"name\":\"Home\",\"item\":\"https:\\\/\\\/vitablanca.ma\\\/\"},{\"@type\":\"ListItem\",\"position\":2,\"name\":\"Tous Les Produits\",\"item\":\"https:\\\/\\\/vitablanca.ma\\\/tous-les-produits\\\/\"},{\"@type\":\"ListItem\",\"position\":3,\"name\":\"Now Foods Real Food Xylitol, 454 g\"}]},{\"@type\":\"WebSite\",\"@id\":\"https:\\\/\\\/vitablanca.ma\\\/#website\",\"url\":\"https:\\\/\\\/vitablanca.ma\\\/\",\"name\":\"VitaBlanca.ma | Compl\u00e9ments alimentaires, sant\u00e9 & beaut\u00e9 au Maroc\",\"description\":\"vendre vitamines et compl\u00e9ments premium des USA &amp; Canada, Nouvelle Z\u00e9lande,Maroc (NOW Foods, Solgar, Manuka). Livraison rapide partout au Maroc.\",\"publisher\":{\"@id\":\"https:\\\/\\\/vitablanca.ma\\\/#organization\"},\"alternateName\":\"VitaBlanca.ma\",\"potentialAction\":[{\"@type\":\"SearchAction\",\"target\":{\"@type\":\"EntryPoint\",\"urlTemplate\":\"https:\\\/\\\/vitablanca.ma\\\/?s={search_term_string}\"},\"query-input\":{\"@type\":\"PropertyValueSpecification\",\"valueRequired\":true,\"valueName\":\"search_term_string\"}}],\"inLanguage\":\"en-US\"},{\"@type\":\"Organization\",\"@id\":\"https:\\\/\\\/vitablanca.ma\\\/#organization\",\"name\":\"VitaBlanca\",\"url\":\"https:\\\/\\\/vitablanca.ma\\\/\",\"logo\":{\"@type\":\"ImageObject\",\"inLanguage\":\"en-US\",\"@id\":\"https:\\\/\\\/vitablanca.ma\\\/#\\\/schema\\\/logo\\\/image\\\/\",\"url\":\"https:\\\/\\\/vitablanca.ma\\\/wp-content\\\/uploads\\\/2025\\\/05\\\/cropped-vitablanca.png\",\"contentUrl\":\"https:\\\/\\\/vitablanca.ma\\\/wp-content\\\/uploads\\\/2025\\\/05\\\/cropped-vitablanca.png\",\"width\":360,\"height\":67,\"caption\":\"VitaBlanca\"},\"image\":{\"@id\":\"https:\\\/\\\/vitablanca.ma\\\/#\\\/schema\\\/logo\\\/image\\\/\"},\"sameAs\":[\"https:\\\/\\\/www.facebook.com\\\/profile.php?id=61576678196717\",\"https:\\\/\\\/www.tiktok.com\\\/@vitablanca.ma\",\"https:\\\/\\\/www.instagram.com\\\/vitablanca.ma\\\/\"]}]}<\/script>\n<!-- \/ Yoast SEO plugin. -->","yoast_head_json":{"title":"Now Foods Real Food Xylitol, 454 g - Morocco Price - Low Calories","description":"Buy Now Foods Real Food Xylitol, 454g in Morocco. This natural, non-GMO sweetener has 1\/3 fewer calories than sugar and a low glycemic index.","robots":{"index":"index","follow":"follow","max-snippet":"max-snippet:-1","max-image-preview":"max-image-preview:large","max-video-preview":"max-video-preview:-1"},"canonical":"https:\/\/vitablanca.ma\/en\/product\/now-foods-real-food-xylitol-454-g\/","og_locale":"en_US","og_type":"article","og_title":"Now Foods Real Food Xylitol, 454 g - Maroc Prix - Faible en Calories","og_description":"Achetez Now Foods Real Food Xylitol, 454 g au Maroc. Cet \u00e9dulcorant naturel sans OGM a 1\/3 moins de calories que le sucre, un faible indice glyc\u00e9mique","og_url":"https:\/\/vitablanca.ma\/en\/product\/now-foods-real-food-xylitol-454-g\/","og_site_name":"Vitablanca.ma &ndash; Sant&eacute;, vitalit&eacute; et bien-&ecirc;tre pour tous les Marocains","article_publisher":"https:\/\/www.facebook.com\/profile.php?id=61576678196717","article_modified_time":"2025-11-29T12:55:09+00:00","og_image":[{"width":680,"height":680,"url":"https:\/\/vitablanca.ma\/wp-content\/uploads\/2025\/04\/real-food-xylitol-454-g-now-foods.jpg","type":"image\/jpeg"}],"twitter_card":"summary_large_image","twitter_misc":{"Est. reading time":"1 minute"},"schema":{"@context":"https:\/\/schema.org","@graph":[{"@type":["WebPage","ItemPage"],"@id":"https:\/\/vitablanca.ma\/produit\/now-foods-real-food-xylitol-454-g\/","url":"https:\/\/vitablanca.ma\/produit\/now-foods-real-food-xylitol-454-g\/","name":"Now Foods Real Food Xylitol, 454 g - Morocco Price - Low Calories","isPartOf":{"@id":"https:\/\/vitablanca.ma\/#website"},"primaryImageOfPage":{"@id":"https:\/\/vitablanca.ma\/produit\/now-foods-real-food-xylitol-454-g\/#primaryimage"},"image":{"@id":"https:\/\/vitablanca.ma\/produit\/now-foods-real-food-xylitol-454-g\/#primaryimage"},"thumbnailUrl":"https:\/\/vitablanca.ma\/wp-content\/uploads\/2025\/04\/real-food-xylitol-454-g-now-foods.jpg","datePublished":"2025-04-21T19:15:01+00:00","dateModified":"2025-11-29T12:55:09+00:00","description":"Buy Now Foods Real Food Xylitol, 454g in Morocco. This natural, non-GMO sweetener has 1\/3 fewer calories than sugar and a low glycemic index.","breadcrumb":{"@id":"https:\/\/vitablanca.ma\/produit\/now-foods-real-food-xylitol-454-g\/#breadcrumb"},"inLanguage":"en-US","potentialAction":[{"@type":"ReadAction","target":["https:\/\/vitablanca.ma\/produit\/now-foods-real-food-xylitol-454-g\/"]}]},{"@type":"ImageObject","inLanguage":"en-US","@id":"https:\/\/vitablanca.ma\/produit\/now-foods-real-food-xylitol-454-g\/#primaryimage","url":"https:\/\/vitablanca.ma\/wp-content\/uploads\/2025\/04\/real-food-xylitol-454-g-now-foods.jpg","contentUrl":"https:\/\/vitablanca.ma\/wp-content\/uploads\/2025\/04\/real-food-xylitol-454-g-now-foods.jpg","width":680,"height":680},{"@type":"BreadcrumbList","@id":"https:\/\/vitablanca.ma\/produit\/now-foods-real-food-xylitol-454-g\/#breadcrumb","itemListElement":[{"@type":"ListItem","position":1,"name":"Home","item":"https:\/\/vitablanca.ma\/"},{"@type":"ListItem","position":2,"name":"Tous Les Produits","item":"https:\/\/vitablanca.ma\/tous-les-produits\/"},{"@type":"ListItem","position":3,"name":"Now Foods Real Food Xylitol, 454 g"}]},{"@type":"WebSite","@id":"https:\/\/vitablanca.ma\/#website","url":"https:\/\/vitablanca.ma\/","name":"VitaBlanca.ma | Food supplements, health &amp; beauty in Morocco","description":"sell premium vitamins and supplements from USA &amp; Canada, New Zealand, Morocco (NOW Foods, Solgar, Manuka). Fast delivery anywhere in Morocco.","publisher":{"@id":"https:\/\/vitablanca.ma\/#organization"},"alternateName":"VitaBlanca.ma","potentialAction":[{"@type":"SearchAction","target":{"@type":"EntryPoint","urlTemplate":"https:\/\/vitablanca.ma\/?s={search_term_string}"},"query-input":{"@type":"PropertyValueSpecification","valueRequired":true,"valueName":"search_term_string"}}],"inLanguage":"en-US"},{"@type":"Organization","@id":"https:\/\/vitablanca.ma\/#organization","name":"VitaBlanca","url":"https:\/\/vitablanca.ma\/","logo":{"@type":"ImageObject","inLanguage":"en-US","@id":"https:\/\/vitablanca.ma\/#\/schema\/logo\/image\/","url":"https:\/\/vitablanca.ma\/wp-content\/uploads\/2025\/05\/cropped-vitablanca.png","contentUrl":"https:\/\/vitablanca.ma\/wp-content\/uploads\/2025\/05\/cropped-vitablanca.png","width":360,"height":67,"caption":"VitaBlanca"},"image":{"@id":"https:\/\/vitablanca.ma\/#\/schema\/logo\/image\/"},"sameAs":["https:\/\/www.facebook.com\/profile.php?id=61576678196717","https:\/\/www.tiktok.com\/@vitablanca.ma","https:\/\/www.instagram.com\/vitablanca.ma\/"]}]}},"jetpack_sharing_enabled":true,"_links":{"self":[{"href":"https:\/\/vitablanca.ma\/en\/wp-json\/wp\/v2\/product\/364","targetHints":{"allow":["GET"]}}],"collection":[{"href":"https:\/\/vitablanca.ma\/en\/wp-json\/wp\/v2\/product"}],"about":[{"href":"https:\/\/vitablanca.ma\/en\/wp-json\/wp\/v2\/types\/product"}],"wp:featuredmedia":[{"embeddable":true,"href":"https:\/\/vitablanca.ma\/en\/wp-json\/wp\/v2\/media\/365"}],"wp:attachment":[{"href":"https:\/\/vitablanca.ma\/en\/wp-json\/wp\/v2\/media?parent=364"}],"wp:term":[{"taxonomy":"product_brand","embeddable":true,"href":"https:\/\/vitablanca.ma\/en\/wp-json\/wp\/v2\/product_brand?post=364"},{"taxonomy":"product_cat","embeddable":true,"href":"https:\/\/vitablanca.ma\/en\/wp-json\/wp\/v2\/product_cat?post=364"},{"taxonomy":"product_tag","embeddable":true,"href":"https:\/\/vitablanca.ma\/en\/wp-json\/wp\/v2\/product_tag?post=364"}],"curies":[{"name":"wp","href":"https:\/\/api.w.org\/{rel}","templated":true}]}}