{"id":35838,"date":"2026-05-09T14:47:14","date_gmt":"2026-05-09T14:47:14","guid":{"rendered":"https:\/\/vitablanca.ma\/?post_type=product&#038;p=35838"},"modified":"2026-05-09T14:47:14","modified_gmt":"2026-05-09T14:47:14","slug":"manuka-health-miel-de-manuka-brut-umf-10-mgo-263-250-g-maroc-prix","status":"publish","type":"product","link":"https:\/\/vitablanca.ma\/en\/product\/manuka-health-miel-de-manuka-brut-umf-10-mgo-263-250-g-maroc-prix\/","title":{"rendered":"Manuka Health, Miel de manuka brut, UMF 10+, MGO 263+, 250 g"},"content":{"rendered":"<p><strong>Donn\u00e9 par la nature. Prouv\u00e9 par la science<\/strong>\u00a0.<\/p>\n<p>Mielest un leader dans la science du miel de . Notre expertise et notre d\u00e9vouement garantissent un miel de pur et authentique, vous connectant \u00e0 la puissance de la nature.<\/p>\n<p>Chaque cuiller\u00e9e de notre d\u00e9licieux et onctueux miel \u00a0monofloral est :<\/p>\n<ul>\n<li>M\u00e9thylglyoxal naturel certifi\u00e9 (MGO), au moins 263 mg\/kg<\/li>\n<li>Test\u00e9 pour la qualit\u00e9, la puret\u00e9 et l\u2019origine n\u00e9o-z\u00e9landaise<\/li>\n<li>Cru, non pasteuris\u00e9 et sans OGM<\/li>\n<li>Prot\u00e9g\u00e9 et tra\u00e7able de l\u2019apiculteur au pot<\/li>\n<\/ul>\n<p>Le syst\u00e8me de classement UMF\u2122 \u00e9value les marqueurs naturels pr\u00e9sents dans le miel de et garantit la puret\u00e9 et la qualit\u00e9.<\/p>\n<div class=\"collapse-item-header\" role=\"button\" data-toggle-type=\"product-supplement-facts\">\n<h2 class=\"collapse-title\">nformations sur les ingr\u00e9dients<\/h2>\n<div class=\"icon-wrapper  icon-rotate-180\"><\/div>\n<\/div>\n<div id=\"product-supplement-facts\" class=\"collapse-item-content\" aria-expanded=\"true\">\n<div class=\"ingredient-info\">\n<div class=\"supplement-facts-container\">\n<table border=\"1\" width=\"100%\" cellspacing=\"0\" cellpadding=\"3\">\n<tbody>\n<tr valign=\"top\">\n<td colspan=\"3\"><strong>Properties<\/strong><\/td>\n<\/tr>\n<tr valign=\"top\">\n<td colspan=\"3\"><strong>Serving:<\/strong>\u00a01\u00a0c. \u00e0 soupe (15\u00a0g)<\/td>\n<\/tr>\n<tr valign=\"top\">\n<td colspan=\"3\"><strong>Servings per container:<\/strong>\u00a016<\/td>\n<\/tr>\n<tr valign=\"top\">\n<td width=\"70%\"><\/td>\n<td width=\"15%\"><strong>Quantit\u00e9 par portion\u00a0:<\/strong><\/td>\n<td width=\"15%\"><strong>%\u00a0d\u2019AJ*<\/strong><\/td>\n<\/tr>\n<tr valign=\"top\">\n<td>Calories<\/td>\n<td>45<\/td>\n<td><\/td>\n<\/tr>\n<tr valign=\"top\">\n<td>Total des lipides<\/td>\n<td>0\u00a0g<\/td>\n<td>0\u00a0%<\/td>\n<\/tr>\n<tr valign=\"top\">\n<td>Sodium<\/td>\n<td>0\u00a0mg<\/td>\n<td>0\u00a0%<\/td>\n<\/tr>\n<tr valign=\"top\">\n<td>Total Carbohydrates<\/td>\n<td>12\u00a0g<\/td>\n<td>4\u00a0%<\/td>\n<\/tr>\n<tr valign=\"top\">\n<td>Sucres<\/td>\n<td>12\u00a0g<\/td>\n<td>24 %<\/td>\n<\/tr>\n<tr valign=\"top\">\n<td>Prot\u00e9ines<\/td>\n<td>0\u00a0g<\/td>\n<td><\/td>\n<\/tr>\n<tr valign=\"top\">\n<td colspan=\"3\">Source non significative d\u2019acides gras satur\u00e9s, d\u2019acides gras trans, de cholest\u00e9rol, de fibres alimentaires, de sucres ajout\u00e9s, de vitamine\u00a0D, de calcium, de fer et de potassium.<br \/>\n% d\u2019AJ* = %\u00a0d\u2019apport journalier<br \/>\nUne portion ajoute 12 g de sucre \u00e0 votre alimentation et repr\u00e9sente 24 % de l\u2019apport journalier en sucres ajout\u00e9s.<\/td>\n<\/tr>\n<\/tbody>\n<\/table>\n<\/div>\n<div>\n<h3><strong>Other ingredients<\/strong><\/h3>\n<div>Miel de Manuka monofloral MGO 263+.<\/div>\n<\/div>\n<\/div>\n<\/div>","protected":false},"excerpt":{"rendered":"<ul>\n<li>New Zealand<\/li>\n<li>Non-GMO Project Verified<\/li>\n<li>Fianz Halal<\/li>\n<li>Kosher<\/li>\n<li>BPA free<\/li>\n<\/ul>","protected":false},"featured_media":35839,"template":"","meta":{"om_disable_all_campaigns":false},"product_brand":[234],"product_cat":[18,12265,85,20],"product_tag":[9412,12270,1699,1780,235,3492,12268,12269,113,12267],"class_list":{"0":"post-35838","1":"product","2":"type-product","3":"status-publish","4":"has-post-thumbnail","6":"product_brand-manuka-health-maroc-prix","7":"product_cat-beaute-sante","8":"product_cat-endurance-et-energie","9":"product_cat-nutrition-sportive-beaute-sante","10":"product_cat-supplements","11":"product_tag-250-g","12":"product_tag-antibacterien","13":"product_tag-bien-etre","14":"product_tag-immunite","15":"product_tag-manuka-health","16":"product_tag-maroc","17":"product_tag-mgo-263","18":"product_tag-miel-brut","19":"product_tag-miel-de-manuka","20":"product_tag-umf-10","22":"first","23":"instock","24":"sale","25":"taxable","26":"shipping-taxable","27":"purchasable","28":"product-type-simple"},"yoast_head":"<!-- This site is optimized with the Yoast SEO plugin v27.5 - https:\/\/yoast.com\/product\/yoast-seo-wordpress\/ -->\n<title>Manuka Health Brut UMF 10+ MGO 263+ 250 g \u2013 Maroc Prix<\/title>\n<meta name=\"description\" content=\"Miel de Manuka brut UMF 10+ MGO 263+ pour soutenir l\u2019immunit\u00e9 et le bien-\u00eatre quotidien. Format 250 g. Disponible au Maroc.\" \/>\n<meta name=\"robots\" content=\"index, follow, max-snippet:-1, max-image-preview:large, max-video-preview:-1\" \/>\n<link rel=\"canonical\" href=\"https:\/\/vitablanca.ma\/en\/product\/manuka-health-miel-de-manuka-brut-umf-10-mgo-263-250-g-maroc-prix\/\" \/>\n<meta property=\"og:locale\" content=\"en_US\" \/>\n<meta property=\"og:type\" content=\"article\" \/>\n<meta property=\"og:title\" content=\"Manuka Health Brut UMF 10+ MGO 263+ 250 g \u2013 Maroc Prix\" \/>\n<meta property=\"og:description\" content=\"Miel de Manuka brut UMF 10+ MGO 263+ pour soutenir l\u2019immunit\u00e9 et le bien-\u00eatre quotidien. Format 250 g. Disponible au Maroc.\" \/>\n<meta property=\"og:url\" content=\"https:\/\/vitablanca.ma\/en\/product\/manuka-health-miel-de-manuka-brut-umf-10-mgo-263-250-g-maroc-prix\/\" \/>\n<meta property=\"og:site_name\" content=\"Vitablanca.ma &ndash; Sant&eacute;, vitalit&eacute; et bien-&ecirc;tre pour tous les Marocains\" \/>\n<meta property=\"article:publisher\" content=\"https:\/\/www.facebook.com\/profile.php?id=61576678196717\" \/>\n<meta property=\"og:image\" content=\"https:\/\/vitablanca.ma\/wp-content\/uploads\/2026\/05\/Manuka-Health-Miel-de-manuka-brut-UMF-10-MGO-263-250-g2.jpg\" \/>\n\t<meta property=\"og:image:width\" content=\"240\" \/>\n\t<meta property=\"og:image:height\" content=\"240\" \/>\n\t<meta property=\"og:image:type\" content=\"image\/jpeg\" \/>\n<meta name=\"twitter:card\" content=\"summary_large_image\" \/>\n<meta name=\"twitter:label1\" content=\"Est. reading time\" \/>\n\t<meta name=\"twitter:data1\" content=\"2 minutes\" \/>\n<script type=\"application\/ld+json\" class=\"yoast-schema-graph\">{\"@context\":\"https:\\\/\\\/schema.org\",\"@graph\":[{\"@type\":[\"WebPage\",\"ItemPage\"],\"@id\":\"https:\\\/\\\/vitablanca.ma\\\/produit\\\/manuka-health-miel-de-manuka-brut-umf-10-mgo-263-250-g-maroc-prix\\\/\",\"url\":\"https:\\\/\\\/vitablanca.ma\\\/produit\\\/manuka-health-miel-de-manuka-brut-umf-10-mgo-263-250-g-maroc-prix\\\/\",\"name\":\"Manuka Health Brut UMF 10+ MGO 263+ 250 g \u2013 Maroc Prix\",\"isPartOf\":{\"@id\":\"https:\\\/\\\/vitablanca.ma\\\/#website\"},\"primaryImageOfPage\":{\"@id\":\"https:\\\/\\\/vitablanca.ma\\\/produit\\\/manuka-health-miel-de-manuka-brut-umf-10-mgo-263-250-g-maroc-prix\\\/#primaryimage\"},\"image\":{\"@id\":\"https:\\\/\\\/vitablanca.ma\\\/produit\\\/manuka-health-miel-de-manuka-brut-umf-10-mgo-263-250-g-maroc-prix\\\/#primaryimage\"},\"thumbnailUrl\":\"https:\\\/\\\/vitablanca.ma\\\/wp-content\\\/uploads\\\/2026\\\/05\\\/Manuka-Health-Miel-de-manuka-brut-UMF-10-MGO-263-250-g2.jpg\",\"datePublished\":\"2026-05-09T14:47:14+00:00\",\"description\":\"Miel de Manuka brut UMF 10+ MGO 263+ pour soutenir l\u2019immunit\u00e9 et le bien-\u00eatre quotidien. Format 250 g. Disponible au Maroc.\",\"breadcrumb\":{\"@id\":\"https:\\\/\\\/vitablanca.ma\\\/produit\\\/manuka-health-miel-de-manuka-brut-umf-10-mgo-263-250-g-maroc-prix\\\/#breadcrumb\"},\"inLanguage\":\"en-US\",\"potentialAction\":[{\"@type\":\"ReadAction\",\"target\":[\"https:\\\/\\\/vitablanca.ma\\\/produit\\\/manuka-health-miel-de-manuka-brut-umf-10-mgo-263-250-g-maroc-prix\\\/\"]}]},{\"@type\":\"ImageObject\",\"inLanguage\":\"en-US\",\"@id\":\"https:\\\/\\\/vitablanca.ma\\\/produit\\\/manuka-health-miel-de-manuka-brut-umf-10-mgo-263-250-g-maroc-prix\\\/#primaryimage\",\"url\":\"https:\\\/\\\/vitablanca.ma\\\/wp-content\\\/uploads\\\/2026\\\/05\\\/Manuka-Health-Miel-de-manuka-brut-UMF-10-MGO-263-250-g2.jpg\",\"contentUrl\":\"https:\\\/\\\/vitablanca.ma\\\/wp-content\\\/uploads\\\/2026\\\/05\\\/Manuka-Health-Miel-de-manuka-brut-UMF-10-MGO-263-250-g2.jpg\",\"width\":240,\"height\":240},{\"@type\":\"BreadcrumbList\",\"@id\":\"https:\\\/\\\/vitablanca.ma\\\/produit\\\/manuka-health-miel-de-manuka-brut-umf-10-mgo-263-250-g-maroc-prix\\\/#breadcrumb\",\"itemListElement\":[{\"@type\":\"ListItem\",\"position\":1,\"name\":\"Home\",\"item\":\"https:\\\/\\\/vitablanca.ma\\\/\"},{\"@type\":\"ListItem\",\"position\":2,\"name\":\"Tous Les Produits\",\"item\":\"https:\\\/\\\/vitablanca.ma\\\/tous-les-produits\\\/\"},{\"@type\":\"ListItem\",\"position\":3,\"name\":\"Manuka Health, Miel de manuka brut, UMF 10+, MGO 263+, 250 g\"}]},{\"@type\":\"WebSite\",\"@id\":\"https:\\\/\\\/vitablanca.ma\\\/#website\",\"url\":\"https:\\\/\\\/vitablanca.ma\\\/\",\"name\":\"VitaBlanca.ma | Compl\u00e9ments alimentaires, sant\u00e9 & beaut\u00e9 au Maroc\",\"description\":\"vendre vitamines et compl\u00e9ments premium des USA &amp; Canada, Nouvelle Z\u00e9lande,Maroc (NOW Foods, Solgar, Manuka). Livraison rapide partout au Maroc.\",\"publisher\":{\"@id\":\"https:\\\/\\\/vitablanca.ma\\\/#organization\"},\"alternateName\":\"VitaBlanca.ma\",\"potentialAction\":[{\"@type\":\"SearchAction\",\"target\":{\"@type\":\"EntryPoint\",\"urlTemplate\":\"https:\\\/\\\/vitablanca.ma\\\/?s={search_term_string}\"},\"query-input\":{\"@type\":\"PropertyValueSpecification\",\"valueRequired\":true,\"valueName\":\"search_term_string\"}}],\"inLanguage\":\"en-US\"},{\"@type\":\"Organization\",\"@id\":\"https:\\\/\\\/vitablanca.ma\\\/#organization\",\"name\":\"VitaBlanca\",\"url\":\"https:\\\/\\\/vitablanca.ma\\\/\",\"logo\":{\"@type\":\"ImageObject\",\"inLanguage\":\"en-US\",\"@id\":\"https:\\\/\\\/vitablanca.ma\\\/#\\\/schema\\\/logo\\\/image\\\/\",\"url\":\"https:\\\/\\\/vitablanca.ma\\\/wp-content\\\/uploads\\\/2025\\\/05\\\/cropped-vitablanca.png\",\"contentUrl\":\"https:\\\/\\\/vitablanca.ma\\\/wp-content\\\/uploads\\\/2025\\\/05\\\/cropped-vitablanca.png\",\"width\":360,\"height\":67,\"caption\":\"VitaBlanca\"},\"image\":{\"@id\":\"https:\\\/\\\/vitablanca.ma\\\/#\\\/schema\\\/logo\\\/image\\\/\"},\"sameAs\":[\"https:\\\/\\\/www.facebook.com\\\/profile.php?id=61576678196717\",\"https:\\\/\\\/www.tiktok.com\\\/@vitablanca.ma\",\"https:\\\/\\\/www.instagram.com\\\/vitablanca.ma\\\/\"]}]}<\/script>\n<!-- \/ Yoast SEO plugin. -->","yoast_head_json":{"title":"Manuka Health Brut UMF 10+ MGO 263+ 250 g \u2013 Maroc Prix","description":"Miel de Manuka brut UMF 10+ MGO 263+ pour soutenir l\u2019immunit\u00e9 et le bien-\u00eatre quotidien. Format 250 g. Disponible au Maroc.","robots":{"index":"index","follow":"follow","max-snippet":"max-snippet:-1","max-image-preview":"max-image-preview:large","max-video-preview":"max-video-preview:-1"},"canonical":"https:\/\/vitablanca.ma\/en\/product\/manuka-health-miel-de-manuka-brut-umf-10-mgo-263-250-g-maroc-prix\/","og_locale":"en_US","og_type":"article","og_title":"Manuka Health Brut UMF 10+ MGO 263+ 250 g \u2013 Maroc Prix","og_description":"Miel de Manuka brut UMF 10+ MGO 263+ pour soutenir l\u2019immunit\u00e9 et le bien-\u00eatre quotidien. Format 250 g. Disponible au Maroc.","og_url":"https:\/\/vitablanca.ma\/en\/product\/manuka-health-miel-de-manuka-brut-umf-10-mgo-263-250-g-maroc-prix\/","og_site_name":"Vitablanca.ma &ndash; Sant&eacute;, vitalit&eacute; et bien-&ecirc;tre pour tous les Marocains","article_publisher":"https:\/\/www.facebook.com\/profile.php?id=61576678196717","og_image":[{"width":240,"height":240,"url":"https:\/\/vitablanca.ma\/wp-content\/uploads\/2026\/05\/Manuka-Health-Miel-de-manuka-brut-UMF-10-MGO-263-250-g2.jpg","type":"image\/jpeg"}],"twitter_card":"summary_large_image","twitter_misc":{"Est. reading time":"2 minutes"},"schema":{"@context":"https:\/\/schema.org","@graph":[{"@type":["WebPage","ItemPage"],"@id":"https:\/\/vitablanca.ma\/produit\/manuka-health-miel-de-manuka-brut-umf-10-mgo-263-250-g-maroc-prix\/","url":"https:\/\/vitablanca.ma\/produit\/manuka-health-miel-de-manuka-brut-umf-10-mgo-263-250-g-maroc-prix\/","name":"Manuka Health Brut UMF 10+ MGO 263+ 250 g \u2013 Maroc Prix","isPartOf":{"@id":"https:\/\/vitablanca.ma\/#website"},"primaryImageOfPage":{"@id":"https:\/\/vitablanca.ma\/produit\/manuka-health-miel-de-manuka-brut-umf-10-mgo-263-250-g-maroc-prix\/#primaryimage"},"image":{"@id":"https:\/\/vitablanca.ma\/produit\/manuka-health-miel-de-manuka-brut-umf-10-mgo-263-250-g-maroc-prix\/#primaryimage"},"thumbnailUrl":"https:\/\/vitablanca.ma\/wp-content\/uploads\/2026\/05\/Manuka-Health-Miel-de-manuka-brut-UMF-10-MGO-263-250-g2.jpg","datePublished":"2026-05-09T14:47:14+00:00","description":"Miel de Manuka brut UMF 10+ MGO 263+ pour soutenir l\u2019immunit\u00e9 et le bien-\u00eatre quotidien. Format 250 g. Disponible au Maroc.","breadcrumb":{"@id":"https:\/\/vitablanca.ma\/produit\/manuka-health-miel-de-manuka-brut-umf-10-mgo-263-250-g-maroc-prix\/#breadcrumb"},"inLanguage":"en-US","potentialAction":[{"@type":"ReadAction","target":["https:\/\/vitablanca.ma\/produit\/manuka-health-miel-de-manuka-brut-umf-10-mgo-263-250-g-maroc-prix\/"]}]},{"@type":"ImageObject","inLanguage":"en-US","@id":"https:\/\/vitablanca.ma\/produit\/manuka-health-miel-de-manuka-brut-umf-10-mgo-263-250-g-maroc-prix\/#primaryimage","url":"https:\/\/vitablanca.ma\/wp-content\/uploads\/2026\/05\/Manuka-Health-Miel-de-manuka-brut-UMF-10-MGO-263-250-g2.jpg","contentUrl":"https:\/\/vitablanca.ma\/wp-content\/uploads\/2026\/05\/Manuka-Health-Miel-de-manuka-brut-UMF-10-MGO-263-250-g2.jpg","width":240,"height":240},{"@type":"BreadcrumbList","@id":"https:\/\/vitablanca.ma\/produit\/manuka-health-miel-de-manuka-brut-umf-10-mgo-263-250-g-maroc-prix\/#breadcrumb","itemListElement":[{"@type":"ListItem","position":1,"name":"Home","item":"https:\/\/vitablanca.ma\/"},{"@type":"ListItem","position":2,"name":"Tous Les Produits","item":"https:\/\/vitablanca.ma\/tous-les-produits\/"},{"@type":"ListItem","position":3,"name":"Manuka Health, Miel de manuka brut, UMF 10+, MGO 263+, 250 g"}]},{"@type":"WebSite","@id":"https:\/\/vitablanca.ma\/#website","url":"https:\/\/vitablanca.ma\/","name":"VitaBlanca.ma | Food supplements, health &amp; beauty in Morocco","description":"sell premium vitamins and supplements from USA &amp; Canada, New Zealand, Morocco (NOW Foods, Solgar, Manuka). Fast delivery anywhere in Morocco.","publisher":{"@id":"https:\/\/vitablanca.ma\/#organization"},"alternateName":"VitaBlanca.ma","potentialAction":[{"@type":"SearchAction","target":{"@type":"EntryPoint","urlTemplate":"https:\/\/vitablanca.ma\/?s={search_term_string}"},"query-input":{"@type":"PropertyValueSpecification","valueRequired":true,"valueName":"search_term_string"}}],"inLanguage":"en-US"},{"@type":"Organization","@id":"https:\/\/vitablanca.ma\/#organization","name":"VitaBlanca","url":"https:\/\/vitablanca.ma\/","logo":{"@type":"ImageObject","inLanguage":"en-US","@id":"https:\/\/vitablanca.ma\/#\/schema\/logo\/image\/","url":"https:\/\/vitablanca.ma\/wp-content\/uploads\/2025\/05\/cropped-vitablanca.png","contentUrl":"https:\/\/vitablanca.ma\/wp-content\/uploads\/2025\/05\/cropped-vitablanca.png","width":360,"height":67,"caption":"VitaBlanca"},"image":{"@id":"https:\/\/vitablanca.ma\/#\/schema\/logo\/image\/"},"sameAs":["https:\/\/www.facebook.com\/profile.php?id=61576678196717","https:\/\/www.tiktok.com\/@vitablanca.ma","https:\/\/www.instagram.com\/vitablanca.ma\/"]}]}},"jetpack_sharing_enabled":true,"_links":{"self":[{"href":"https:\/\/vitablanca.ma\/en\/wp-json\/wp\/v2\/product\/35838","targetHints":{"allow":["GET"]}}],"collection":[{"href":"https:\/\/vitablanca.ma\/en\/wp-json\/wp\/v2\/product"}],"about":[{"href":"https:\/\/vitablanca.ma\/en\/wp-json\/wp\/v2\/types\/product"}],"wp:featuredmedia":[{"embeddable":true,"href":"https:\/\/vitablanca.ma\/en\/wp-json\/wp\/v2\/media\/35839"}],"wp:attachment":[{"href":"https:\/\/vitablanca.ma\/en\/wp-json\/wp\/v2\/media?parent=35838"}],"wp:term":[{"taxonomy":"product_brand","embeddable":true,"href":"https:\/\/vitablanca.ma\/en\/wp-json\/wp\/v2\/product_brand?post=35838"},{"taxonomy":"product_cat","embeddable":true,"href":"https:\/\/vitablanca.ma\/en\/wp-json\/wp\/v2\/product_cat?post=35838"},{"taxonomy":"product_tag","embeddable":true,"href":"https:\/\/vitablanca.ma\/en\/wp-json\/wp\/v2\/product_tag?post=35838"}],"curies":[{"name":"wp","href":"https:\/\/api.w.org\/{rel}","templated":true}]}}