{"id":35831,"date":"2026-05-09T14:24:58","date_gmt":"2026-05-09T14:24:58","guid":{"rendered":"https:\/\/vitablanca.ma\/?post_type=product&#038;p=35831"},"modified":"2026-05-09T14:25:00","modified_gmt":"2026-05-09T14:25:00","slug":"natures-fusions-nmnextra-strength-500-mg-60-vegan-capsules-maroc-prix","status":"publish","type":"product","link":"https:\/\/vitablanca.ma\/en\/product\/natures-fusions-nmnextra-strength-500-mg-60-vegan-capsules-maroc-prix\/","title":{"rendered":"Nature&rsquo;s Fusions NMN+Extra Strength 500 mg 60 Vegan Capsules"},"content":{"rendered":"<div class=\"row item-row\">\n<div class=\"col-xs-24\">\n<div>\n<p id=\"isPasted\"><strong>Pourquoi le NMN\u00a0?\u00a0<\/strong><\/p>\n<p>Le NMN augmente le taux de NAD+ de 40 \u00e0 100\u00a0%. La querc\u00e9tine ajout\u00e9e dans notre formule prot\u00e8ge ensuite le NAD+ afin que votre corps puisse l\u2019utiliser plus longtemps, favorisant ainsi la r\u00e9paration de l\u2019ADN et l\u2019\u00e9nergie cellulaire.<\/p>\n<p><strong>Pourquoi NUTRI\u00a0?<\/strong><\/p>\n<p>Chez Nutri, nous avons pour objectif de fabriquer les produits les plus efficaces et de la plus haute qualit\u00e9 sur le march\u00e9, afin que vous puissiez \u00eatre s\u00fbr d\u2019obtenir ce qu\u2019il y a de mieux.<\/p>\n<p>**40 % de plus que le NMN ordinaire.<\/p>\n<\/div>\n<\/div>\n<\/div>\n<div class=\"row item-row\">\n<div class=\"col-xs-24 product-description-specifications\">\n<h3>Sp\u00e9cifications<\/h3>\n<ul>\n<li style=\"list-style-type: none;\">\n<ul>\n<li class=\"item-bold color-primary\">100 % genuine\n<div id=\"cms-popover-tooltip\"><\/div>\n<\/li>\n<li class=\"item-bold\">\u00c0 consommer de pr\u00e9f\u00e9rence avant: 01\/2029\n<div id=\"cms-popover-tooltip\"><\/div>\n<\/li>\n<li>Disponible depuis:\u00a0<span class=\"product-sale-date\">10\/2024<\/span><\/li>\n<li>Poids de l\u2019article :\u00a0<span class=\"product-shipping-weight-label\">0,07 kg<\/span>\n<div id=\"cms-popover-tooltip\"><\/div>\n<\/li>\n<li>Code produit:\u00a0NFU-74294<\/li>\n<li>Code CUP:\u00a0810102742940<\/li>\n<li>Quantity in package:\u00a0<span class=\"package-quantity\">60 pi\u00e8ce(s)<\/span><\/li>\n<li>Dimensions:\u00a0<span id=\"dimensions\">10,5 x 5,1 x 5 cm<\/span>,\u00a0<span id=\"actual-weight\">0,07 kg<\/span><\/li>\n<\/ul>\n<\/li>\n<\/ul>\n<div id=\"specs-special-note\"><\/div>\n<\/div>\n<\/div>\n<div class=\"row item-row\">\n<div class=\"col-xs-24\">\n<h3><strong>Suggested Use<\/strong><\/h3>\n<div class=\"prodOverviewDetail\">\n<p>Prenez deux\u00a0capsules par jour.<\/p>\n<\/div>\n<\/div>\n<\/div>\n<div class=\"row item-row\">\n<div class=\"col-xs-24\">\n<h3><strong>Other ingredients<\/strong><\/h3>\n<div class=\"prodOverviewIngred\">\n<p>Cellulose v\u00e9g\u00e9tale (capsule), farine de riz.<\/p>\n<\/div>\n<\/div>\n<\/div>\n<div class=\"row item-row\">\n<div class=\"col-xs-24\">\n<h3><strong>Warnings<\/strong><\/h3>\n<div class=\"prodOverviewDetail\">\n<p>\u00c0 conserver dans un endroit frais et sec.<\/p>\n<p>R\u00e9serv\u00e9 aux adultes. Consultez un m\u00e9decin si vous \u00eates enceinte, allaitez, prenez des m\u00e9dicaments ou pr\u00e9sentez une affection m\u00e9dicale. Tenir hors de port\u00e9e des enfants.<\/p>\n<table border=\"1\" width=\"100%\" cellspacing=\"0\" cellpadding=\"3\">\n<tbody>\n<tr align=\"left\" valign=\"top\">\n<td colspan=\"3\"><strong>Properties<\/strong><\/td>\n<\/tr>\n<tr align=\"left\" valign=\"top\">\n<td colspan=\"3\"><strong>Serving:\u00a0<\/strong>2\u00a0capsules<\/td>\n<\/tr>\n<tr align=\"left\" valign=\"top\">\n<td colspan=\"3\"><strong>Servings per container:\u00a0<\/strong>30<\/td>\n<\/tr>\n<tr align=\"left\" valign=\"top\">\n<td><\/td>\n<td><strong>Amount per serving<\/strong><\/td>\n<td><strong>%\u00a0d\u2019apport journalier<\/strong><\/td>\n<\/tr>\n<tr align=\"left\" valign=\"top\">\n<td>B\u00eata-nicotinamide mononucl\u00e9otide (NMN)<\/td>\n<td>500\u00a0mg<\/td>\n<td>*<\/td>\n<\/tr>\n<tr align=\"left\" valign=\"top\">\n<td>Quercefit\u00ae Quercetin Indena Phytosome\u2122<br \/>\nTechnologie (fournissant 8 \u00e0 10 mg de querc\u00e9tine issue d\u2019extrait de fleur de sophora du Japon\/complexe phospholipidique issu de tournesol)<\/td>\n<td>25\u00a0mg<\/td>\n<td>*<\/td>\n<\/tr>\n<tr align=\"left\" valign=\"top\">\n<td>Extrait de poivre noir (standardis\u00e9 \u00e0 95 % de pip\u00e9rine)<\/td>\n<td>5\u00a0mg<\/td>\n<td>*<\/td>\n<\/tr>\n<tr align=\"left\" valign=\"top\">\n<td colspan=\"3\">Apport journalier non \u00e9tabli.<\/td>\n<\/tr>\n<\/tbody>\n<\/table>\n<\/div>\n<\/div>\n<\/div>","protected":false},"excerpt":{"rendered":"<ul>\n<li>Recommand\u00e9 par les m\u00e9decins<\/li>\n<li id=\"isPasted\">Am\u00e9lioration du taux de NAD+ de plus de 40\u00a0%**<\/li>\n<li id=\"isPasted\">Pip\u00e9rine | Querc\u00e9tine<\/li>\n<li id=\"isPasted\">500\u00a0mg<\/li>\n<li id=\"isPasted\">\u00c9nergie cellulaire<\/li>\n<li id=\"isPasted\">Brain health<\/li>\n<li>Nicotinamide mononucl\u00e9otide<\/li>\n<li id=\"isPasted\">Food supplement<\/li>\n<li id=\"isPasted\">Extrapuissant<\/li>\n<li>Certifi\u00e9 BPF &#8211; Bonnes Pratiques de Fabrication<\/li>\n<li>Fabriqu\u00e9 dans un \u00e9tablissement enregistr\u00e9 aupr\u00e8s de la FDA<\/li>\n<li id=\"isPasted\">Vegetarian product<\/li>\n<li>Test\u00e9 et v\u00e9rifi\u00e9 en laboratoire par un organisme tiers<\/li>\n<li>Nutri &#8211; Vivez mieux plus longtemps<\/li>\n<\/ul>","protected":false},"featured_media":35833,"template":"","meta":{"om_disable_all_campaigns":false},"product_brand":[8905],"product_cat":[8967,8907,8908,131,8906,7963],"product_tag":[548,12003,6367,1699,821,965,8909,8910,12263,4307],"class_list":{"0":"post-35831","1":"product","2":"type-product","3":"status-publish","4":"has-post-thumbnail","6":"product_brand-natures-fusions","7":"product_cat-complements","8":"product_cat-nad-nicotinamide-adenine-dinucleotide","9":"product_cat-nmn-nicotinamide-mononucleotide","10":"product_cat-vitamine-b","11":"product_cat-vitamine-b3-niacine","12":"product_cat-vitamines-2","13":"product_tag-500-mg","14":"product_tag-60-capsules-vegan","15":"product_tag-anti-age","16":"product_tag-bien-etre","17":"product_tag-complement-alimentaire-maroc","18":"product_tag-energie-cellulaire","19":"product_tag-natures-fusions","20":"product_tag-nmn","21":"product_tag-vieillissement-sain","22":"product_tag-vitalite","24":"first","25":"instock","26":"sale","27":"taxable","28":"shipping-taxable","29":"purchasable","30":"product-type-simple"},"yoast_head":"<!-- This site is optimized with the Yoast SEO plugin v27.5 - https:\/\/yoast.com\/product\/yoast-seo-wordpress\/ -->\n<title>Nature&#039;s Fusions NMN+ Extra Fort 500 mg 60 Caps \u2013 Maroc Prix<\/title>\n<meta name=\"description\" content=\"NMN+ Extra Strength 500 mg pour soutenir l\u2019\u00e9nergie cellulaire, la vitalit\u00e9 et le vieillissement sain. Format 60 capsules vegan. Disponible au Maroc.\" \/>\n<meta name=\"robots\" content=\"index, follow, max-snippet:-1, max-image-preview:large, max-video-preview:-1\" \/>\n<link rel=\"canonical\" href=\"https:\/\/vitablanca.ma\/en\/product\/natures-fusions-nmnextra-strength-500-mg-60-vegan-capsules-maroc-prix\/\" \/>\n<meta property=\"og:locale\" content=\"en_US\" \/>\n<meta property=\"og:type\" content=\"article\" \/>\n<meta property=\"og:title\" content=\"Nature&#039;s Fusions NMN+ Extra Fort 500 mg 60 Caps \u2013 Maroc Prix\" \/>\n<meta property=\"og:description\" content=\"NMN+ Extra Strength 500 mg pour soutenir l\u2019\u00e9nergie cellulaire, la vitalit\u00e9 et le vieillissement sain. Format 60 capsules vegan. Disponible au Maroc.\" \/>\n<meta property=\"og:url\" content=\"https:\/\/vitablanca.ma\/en\/product\/natures-fusions-nmnextra-strength-500-mg-60-vegan-capsules-maroc-prix\/\" \/>\n<meta property=\"og:site_name\" content=\"Vitablanca.ma &ndash; Sant&eacute;, vitalit&eacute; et bien-&ecirc;tre pour tous les Marocains\" \/>\n<meta property=\"article:publisher\" content=\"https:\/\/www.facebook.com\/profile.php?id=61576678196717\" \/>\n<meta property=\"article:modified_time\" content=\"2026-05-09T14:25:00+00:00\" \/>\n<meta property=\"og:image\" content=\"https:\/\/vitablanca.ma\/wp-content\/uploads\/2026\/05\/Natures-Fusions-NMNExtra-Strength-500-mg-60-Vegan-Capsules1.jpg\" \/>\n\t<meta property=\"og:image:width\" content=\"1600\" \/>\n\t<meta property=\"og:image:height\" content=\"1600\" \/>\n\t<meta property=\"og:image:type\" content=\"image\/jpeg\" \/>\n<meta name=\"twitter:card\" content=\"summary_large_image\" \/>\n<meta name=\"twitter:label1\" content=\"Est. reading time\" \/>\n\t<meta name=\"twitter:data1\" content=\"2 minutes\" \/>\n<script type=\"application\/ld+json\" class=\"yoast-schema-graph\">{\"@context\":\"https:\\\/\\\/schema.org\",\"@graph\":[{\"@type\":[\"WebPage\",\"ItemPage\"],\"@id\":\"https:\\\/\\\/vitablanca.ma\\\/produit\\\/natures-fusions-nmnextra-strength-500-mg-60-vegan-capsules-maroc-prix\\\/\",\"url\":\"https:\\\/\\\/vitablanca.ma\\\/produit\\\/natures-fusions-nmnextra-strength-500-mg-60-vegan-capsules-maroc-prix\\\/\",\"name\":\"Nature's Fusions NMN+ Extra Fort 500 mg 60 Caps \u2013 Maroc Prix\",\"isPartOf\":{\"@id\":\"https:\\\/\\\/vitablanca.ma\\\/#website\"},\"primaryImageOfPage\":{\"@id\":\"https:\\\/\\\/vitablanca.ma\\\/produit\\\/natures-fusions-nmnextra-strength-500-mg-60-vegan-capsules-maroc-prix\\\/#primaryimage\"},\"image\":{\"@id\":\"https:\\\/\\\/vitablanca.ma\\\/produit\\\/natures-fusions-nmnextra-strength-500-mg-60-vegan-capsules-maroc-prix\\\/#primaryimage\"},\"thumbnailUrl\":\"https:\\\/\\\/vitablanca.ma\\\/wp-content\\\/uploads\\\/2026\\\/05\\\/Natures-Fusions-NMNExtra-Strength-500-mg-60-Vegan-Capsules1.jpg\",\"datePublished\":\"2026-05-09T14:24:58+00:00\",\"dateModified\":\"2026-05-09T14:25:00+00:00\",\"description\":\"NMN+ Extra Strength 500 mg pour soutenir l\u2019\u00e9nergie cellulaire, la vitalit\u00e9 et le vieillissement sain. Format 60 capsules vegan. Disponible au Maroc.\",\"breadcrumb\":{\"@id\":\"https:\\\/\\\/vitablanca.ma\\\/produit\\\/natures-fusions-nmnextra-strength-500-mg-60-vegan-capsules-maroc-prix\\\/#breadcrumb\"},\"inLanguage\":\"en-US\",\"potentialAction\":[{\"@type\":\"ReadAction\",\"target\":[\"https:\\\/\\\/vitablanca.ma\\\/produit\\\/natures-fusions-nmnextra-strength-500-mg-60-vegan-capsules-maroc-prix\\\/\"]}]},{\"@type\":\"ImageObject\",\"inLanguage\":\"en-US\",\"@id\":\"https:\\\/\\\/vitablanca.ma\\\/produit\\\/natures-fusions-nmnextra-strength-500-mg-60-vegan-capsules-maroc-prix\\\/#primaryimage\",\"url\":\"https:\\\/\\\/vitablanca.ma\\\/wp-content\\\/uploads\\\/2026\\\/05\\\/Natures-Fusions-NMNExtra-Strength-500-mg-60-Vegan-Capsules1.jpg\",\"contentUrl\":\"https:\\\/\\\/vitablanca.ma\\\/wp-content\\\/uploads\\\/2026\\\/05\\\/Natures-Fusions-NMNExtra-Strength-500-mg-60-Vegan-Capsules1.jpg\",\"width\":1600,\"height\":1600},{\"@type\":\"BreadcrumbList\",\"@id\":\"https:\\\/\\\/vitablanca.ma\\\/produit\\\/natures-fusions-nmnextra-strength-500-mg-60-vegan-capsules-maroc-prix\\\/#breadcrumb\",\"itemListElement\":[{\"@type\":\"ListItem\",\"position\":1,\"name\":\"Home\",\"item\":\"https:\\\/\\\/vitablanca.ma\\\/\"},{\"@type\":\"ListItem\",\"position\":2,\"name\":\"Tous Les Produits\",\"item\":\"https:\\\/\\\/vitablanca.ma\\\/tous-les-produits\\\/\"},{\"@type\":\"ListItem\",\"position\":3,\"name\":\"Nature&#8217;s Fusions NMN+Extra Strength 500 mg 60 Vegan Capsules\"}]},{\"@type\":\"WebSite\",\"@id\":\"https:\\\/\\\/vitablanca.ma\\\/#website\",\"url\":\"https:\\\/\\\/vitablanca.ma\\\/\",\"name\":\"VitaBlanca.ma | Compl\u00e9ments alimentaires, sant\u00e9 & beaut\u00e9 au Maroc\",\"description\":\"vendre vitamines et compl\u00e9ments premium des USA &amp; Canada, Nouvelle Z\u00e9lande,Maroc (NOW Foods, Solgar, Manuka). Livraison rapide partout au Maroc.\",\"publisher\":{\"@id\":\"https:\\\/\\\/vitablanca.ma\\\/#organization\"},\"alternateName\":\"VitaBlanca.ma\",\"potentialAction\":[{\"@type\":\"SearchAction\",\"target\":{\"@type\":\"EntryPoint\",\"urlTemplate\":\"https:\\\/\\\/vitablanca.ma\\\/?s={search_term_string}\"},\"query-input\":{\"@type\":\"PropertyValueSpecification\",\"valueRequired\":true,\"valueName\":\"search_term_string\"}}],\"inLanguage\":\"en-US\"},{\"@type\":\"Organization\",\"@id\":\"https:\\\/\\\/vitablanca.ma\\\/#organization\",\"name\":\"VitaBlanca\",\"url\":\"https:\\\/\\\/vitablanca.ma\\\/\",\"logo\":{\"@type\":\"ImageObject\",\"inLanguage\":\"en-US\",\"@id\":\"https:\\\/\\\/vitablanca.ma\\\/#\\\/schema\\\/logo\\\/image\\\/\",\"url\":\"https:\\\/\\\/vitablanca.ma\\\/wp-content\\\/uploads\\\/2025\\\/05\\\/cropped-vitablanca.png\",\"contentUrl\":\"https:\\\/\\\/vitablanca.ma\\\/wp-content\\\/uploads\\\/2025\\\/05\\\/cropped-vitablanca.png\",\"width\":360,\"height\":67,\"caption\":\"VitaBlanca\"},\"image\":{\"@id\":\"https:\\\/\\\/vitablanca.ma\\\/#\\\/schema\\\/logo\\\/image\\\/\"},\"sameAs\":[\"https:\\\/\\\/www.facebook.com\\\/profile.php?id=61576678196717\",\"https:\\\/\\\/www.tiktok.com\\\/@vitablanca.ma\",\"https:\\\/\\\/www.instagram.com\\\/vitablanca.ma\\\/\"]}]}<\/script>\n<!-- \/ Yoast SEO plugin. -->","yoast_head_json":{"title":"Nature's Fusions NMN+ Extra Fort 500 mg 60 Caps \u2013 Maroc Prix","description":"NMN+ Extra Strength 500 mg pour soutenir l\u2019\u00e9nergie cellulaire, la vitalit\u00e9 et le vieillissement sain. Format 60 capsules vegan. Disponible au Maroc.","robots":{"index":"index","follow":"follow","max-snippet":"max-snippet:-1","max-image-preview":"max-image-preview:large","max-video-preview":"max-video-preview:-1"},"canonical":"https:\/\/vitablanca.ma\/en\/product\/natures-fusions-nmnextra-strength-500-mg-60-vegan-capsules-maroc-prix\/","og_locale":"en_US","og_type":"article","og_title":"Nature's Fusions NMN+ Extra Fort 500 mg 60 Caps \u2013 Maroc Prix","og_description":"NMN+ Extra Strength 500 mg pour soutenir l\u2019\u00e9nergie cellulaire, la vitalit\u00e9 et le vieillissement sain. Format 60 capsules vegan. Disponible au Maroc.","og_url":"https:\/\/vitablanca.ma\/en\/product\/natures-fusions-nmnextra-strength-500-mg-60-vegan-capsules-maroc-prix\/","og_site_name":"Vitablanca.ma &ndash; Sant&eacute;, vitalit&eacute; et bien-&ecirc;tre pour tous les Marocains","article_publisher":"https:\/\/www.facebook.com\/profile.php?id=61576678196717","article_modified_time":"2026-05-09T14:25:00+00:00","og_image":[{"width":1600,"height":1600,"url":"https:\/\/vitablanca.ma\/wp-content\/uploads\/2026\/05\/Natures-Fusions-NMNExtra-Strength-500-mg-60-Vegan-Capsules1.jpg","type":"image\/jpeg"}],"twitter_card":"summary_large_image","twitter_misc":{"Est. reading time":"2 minutes"},"schema":{"@context":"https:\/\/schema.org","@graph":[{"@type":["WebPage","ItemPage"],"@id":"https:\/\/vitablanca.ma\/produit\/natures-fusions-nmnextra-strength-500-mg-60-vegan-capsules-maroc-prix\/","url":"https:\/\/vitablanca.ma\/produit\/natures-fusions-nmnextra-strength-500-mg-60-vegan-capsules-maroc-prix\/","name":"Nature's Fusions NMN+ Extra Fort 500 mg 60 Caps \u2013 Maroc Prix","isPartOf":{"@id":"https:\/\/vitablanca.ma\/#website"},"primaryImageOfPage":{"@id":"https:\/\/vitablanca.ma\/produit\/natures-fusions-nmnextra-strength-500-mg-60-vegan-capsules-maroc-prix\/#primaryimage"},"image":{"@id":"https:\/\/vitablanca.ma\/produit\/natures-fusions-nmnextra-strength-500-mg-60-vegan-capsules-maroc-prix\/#primaryimage"},"thumbnailUrl":"https:\/\/vitablanca.ma\/wp-content\/uploads\/2026\/05\/Natures-Fusions-NMNExtra-Strength-500-mg-60-Vegan-Capsules1.jpg","datePublished":"2026-05-09T14:24:58+00:00","dateModified":"2026-05-09T14:25:00+00:00","description":"NMN+ Extra Strength 500 mg pour soutenir l\u2019\u00e9nergie cellulaire, la vitalit\u00e9 et le vieillissement sain. Format 60 capsules vegan. Disponible au Maroc.","breadcrumb":{"@id":"https:\/\/vitablanca.ma\/produit\/natures-fusions-nmnextra-strength-500-mg-60-vegan-capsules-maroc-prix\/#breadcrumb"},"inLanguage":"en-US","potentialAction":[{"@type":"ReadAction","target":["https:\/\/vitablanca.ma\/produit\/natures-fusions-nmnextra-strength-500-mg-60-vegan-capsules-maroc-prix\/"]}]},{"@type":"ImageObject","inLanguage":"en-US","@id":"https:\/\/vitablanca.ma\/produit\/natures-fusions-nmnextra-strength-500-mg-60-vegan-capsules-maroc-prix\/#primaryimage","url":"https:\/\/vitablanca.ma\/wp-content\/uploads\/2026\/05\/Natures-Fusions-NMNExtra-Strength-500-mg-60-Vegan-Capsules1.jpg","contentUrl":"https:\/\/vitablanca.ma\/wp-content\/uploads\/2026\/05\/Natures-Fusions-NMNExtra-Strength-500-mg-60-Vegan-Capsules1.jpg","width":1600,"height":1600},{"@type":"BreadcrumbList","@id":"https:\/\/vitablanca.ma\/produit\/natures-fusions-nmnextra-strength-500-mg-60-vegan-capsules-maroc-prix\/#breadcrumb","itemListElement":[{"@type":"ListItem","position":1,"name":"Home","item":"https:\/\/vitablanca.ma\/"},{"@type":"ListItem","position":2,"name":"Tous Les Produits","item":"https:\/\/vitablanca.ma\/tous-les-produits\/"},{"@type":"ListItem","position":3,"name":"Nature&#8217;s Fusions NMN+Extra Strength 500 mg 60 Vegan Capsules"}]},{"@type":"WebSite","@id":"https:\/\/vitablanca.ma\/#website","url":"https:\/\/vitablanca.ma\/","name":"VitaBlanca.ma | Food supplements, health &amp; beauty in Morocco","description":"sell premium vitamins and supplements from USA &amp; Canada, New Zealand, Morocco (NOW Foods, Solgar, Manuka). Fast delivery anywhere in Morocco.","publisher":{"@id":"https:\/\/vitablanca.ma\/#organization"},"alternateName":"VitaBlanca.ma","potentialAction":[{"@type":"SearchAction","target":{"@type":"EntryPoint","urlTemplate":"https:\/\/vitablanca.ma\/?s={search_term_string}"},"query-input":{"@type":"PropertyValueSpecification","valueRequired":true,"valueName":"search_term_string"}}],"inLanguage":"en-US"},{"@type":"Organization","@id":"https:\/\/vitablanca.ma\/#organization","name":"VitaBlanca","url":"https:\/\/vitablanca.ma\/","logo":{"@type":"ImageObject","inLanguage":"en-US","@id":"https:\/\/vitablanca.ma\/#\/schema\/logo\/image\/","url":"https:\/\/vitablanca.ma\/wp-content\/uploads\/2025\/05\/cropped-vitablanca.png","contentUrl":"https:\/\/vitablanca.ma\/wp-content\/uploads\/2025\/05\/cropped-vitablanca.png","width":360,"height":67,"caption":"VitaBlanca"},"image":{"@id":"https:\/\/vitablanca.ma\/#\/schema\/logo\/image\/"},"sameAs":["https:\/\/www.facebook.com\/profile.php?id=61576678196717","https:\/\/www.tiktok.com\/@vitablanca.ma","https:\/\/www.instagram.com\/vitablanca.ma\/"]}]}},"jetpack_sharing_enabled":true,"_links":{"self":[{"href":"https:\/\/vitablanca.ma\/en\/wp-json\/wp\/v2\/product\/35831","targetHints":{"allow":["GET"]}}],"collection":[{"href":"https:\/\/vitablanca.ma\/en\/wp-json\/wp\/v2\/product"}],"about":[{"href":"https:\/\/vitablanca.ma\/en\/wp-json\/wp\/v2\/types\/product"}],"wp:featuredmedia":[{"embeddable":true,"href":"https:\/\/vitablanca.ma\/en\/wp-json\/wp\/v2\/media\/35833"}],"wp:attachment":[{"href":"https:\/\/vitablanca.ma\/en\/wp-json\/wp\/v2\/media?parent=35831"}],"wp:term":[{"taxonomy":"product_brand","embeddable":true,"href":"https:\/\/vitablanca.ma\/en\/wp-json\/wp\/v2\/product_brand?post=35831"},{"taxonomy":"product_cat","embeddable":true,"href":"https:\/\/vitablanca.ma\/en\/wp-json\/wp\/v2\/product_cat?post=35831"},{"taxonomy":"product_tag","embeddable":true,"href":"https:\/\/vitablanca.ma\/en\/wp-json\/wp\/v2\/product_tag?post=35831"}],"curies":[{"name":"wp","href":"https:\/\/api.w.org\/{rel}","templated":true}]}}