{"id":355,"date":"2025-04-21T18:43:49","date_gmt":"2025-04-21T18:43:49","guid":{"rendered":"https:\/\/vitablanca.ma\/?post_type=product&#038;p=355"},"modified":"2025-08-30T21:28:51","modified_gmt":"2025-08-30T21:28:51","slug":"now-foods-gluten-digest-60-capsules-vegetariennes-maroc","status":"publish","type":"product","link":"https:\/\/vitablanca.ma\/en\/product\/now-foods-gluten-digest-60-capsules-vegetariennes-maroc\/","title":{"rendered":"Now Foods Gluten Digest, 60 vegetarian capsules"},"content":{"rendered":"<p>Gluten\u00a0Digest, \u00e0 base de DPP4\u00a0BioCore, est un m\u00e9lange d\u2019enzymes complet formul\u00e9 pour favoriser la digestion compl\u00e8te des c\u00e9r\u00e9ales. La DPP4 (dipeptidyl\u00a0peptidase-4) est une enzyme unique jouant un r\u00f4le sp\u00e9cifique contre les liaisons proline caract\u00e9ristiques des prot\u00e9ines des c\u00e9r\u00e9ales. Gluten\u00a0Digest contient \u00e9galement des prot\u00e9ases et des amylases qui traitent d\u2019autres composants prot\u00e9iques et glucidiques qui coexistent couramment dans ces aliments.<\/p>","protected":false},"excerpt":{"rendered":"<ul>\n<li>Gastrointestinal support<\/li>\n<li>DPP4 BioCore<\/li>\n<li>Helps digest gluten &amp; grains<\/li>\n<li>Food supplement<\/li>\n<li>Vegetarian \u2013 Vegan<\/li>\n<\/ul>","protected":false},"featured_media":356,"template":"","meta":{"om_disable_all_campaigns":false},"product_brand":[],"product_cat":[18,3366,20,19],"product_tag":[364,181,363,88,129,126,93,91,388,726,365,261],"class_list":{"0":"post-355","1":"product","2":"type-product","3":"status-publish","4":"has-post-thumbnail","6":"product_cat-beaute-sante","7":"product_cat-complements-alimentaires-au-maroc-vitablanca","8":"product_cat-supplements","9":"product_cat-vitamines-supplements-dietetiques","10":"product_tag-biocore","11":"product_tag-complement-alimentaire","12":"product_tag-gluten-digest","13":"product_tag-now-foods","14":"product_tag-now-foods-casa","15":"product_tag-now-foods-iherb","16":"product_tag-now-foods-jumia","17":"product_tag-now-foods-maroc","18":"product_tag-now-foods-maroc-avis","19":"product_tag-now-foods-maroc-prix","20":"product_tag-soutien-gastro-intestinal","21":"product_tag-vegetarien-vegan","23":"first","24":"instock","25":"sale","26":"taxable","27":"shipping-taxable","28":"purchasable","29":"product-type-simple"},"yoast_head":"<!-- This site is optimized with the Yoast SEO plugin v27.5 - https:\/\/yoast.com\/product\/yoast-seo-wordpress\/ -->\n<title>Now Foods Gluten Digest, 60 capsules v\u00e9g\u00e9tariennes - Maroc Prix<\/title>\n<meta name=\"description\" content=\"Achetez Now Foods Gluten Digest au Maroc. Ces 60 capsules v\u00e9g\u00e9tariennes sont formul\u00e9es pour soutenir la digestion du gluten et des c\u00e9r\u00e9ales.\" \/>\n<meta name=\"robots\" content=\"index, follow, max-snippet:-1, max-image-preview:large, max-video-preview:-1\" \/>\n<link rel=\"canonical\" href=\"https:\/\/vitablanca.ma\/en\/product\/now-foods-gluten-digest-60-capsules-vegetariennes-maroc\/\" \/>\n<meta property=\"og:locale\" content=\"en_US\" \/>\n<meta property=\"og:type\" content=\"article\" \/>\n<meta property=\"og:title\" content=\"Now Foods Gluten Digest, 60 capsules v\u00e9g\u00e9tariennes - Maroc Prix\" \/>\n<meta property=\"og:description\" content=\"Achetez Now Foods Gluten Digest au Maroc. Ces 60 capsules v\u00e9g\u00e9tariennes sont formul\u00e9es pour soutenir la digestion du gluten et des c\u00e9r\u00e9ales.\" \/>\n<meta property=\"og:url\" content=\"https:\/\/vitablanca.ma\/en\/product\/now-foods-gluten-digest-60-capsules-vegetariennes-maroc\/\" \/>\n<meta property=\"og:site_name\" content=\"Vitablanca.ma &ndash; Sant&eacute;, vitalit&eacute; et bien-&ecirc;tre pour tous les Marocains\" \/>\n<meta property=\"article:publisher\" content=\"https:\/\/www.facebook.com\/profile.php?id=61576678196717\" \/>\n<meta property=\"article:modified_time\" content=\"2025-08-30T21:28:51+00:00\" \/>\n<meta property=\"og:image\" content=\"https:\/\/vitablanca.ma\/wp-content\/uploads\/2025\/04\/now-foods-gluten-digest-60-capsules-vegetariennes-.jpg\" \/>\n\t<meta property=\"og:image:width\" content=\"680\" \/>\n\t<meta property=\"og:image:height\" content=\"680\" \/>\n\t<meta property=\"og:image:type\" content=\"image\/jpeg\" \/>\n<meta name=\"twitter:card\" content=\"summary_large_image\" \/>\n<meta name=\"twitter:label1\" content=\"Est. reading time\" \/>\n\t<meta name=\"twitter:data1\" content=\"1 minute\" \/>\n<script type=\"application\/ld+json\" class=\"yoast-schema-graph\">{\"@context\":\"https:\\\/\\\/schema.org\",\"@graph\":[{\"@type\":[\"WebPage\",\"ItemPage\"],\"@id\":\"https:\\\/\\\/vitablanca.ma\\\/produit\\\/now-foods-gluten-digest-60-capsules-vegetariennes-maroc\\\/\",\"url\":\"https:\\\/\\\/vitablanca.ma\\\/produit\\\/now-foods-gluten-digest-60-capsules-vegetariennes-maroc\\\/\",\"name\":\"Now Foods Gluten Digest, 60 capsules v\u00e9g\u00e9tariennes - Maroc Prix\",\"isPartOf\":{\"@id\":\"https:\\\/\\\/vitablanca.ma\\\/#website\"},\"primaryImageOfPage\":{\"@id\":\"https:\\\/\\\/vitablanca.ma\\\/produit\\\/now-foods-gluten-digest-60-capsules-vegetariennes-maroc\\\/#primaryimage\"},\"image\":{\"@id\":\"https:\\\/\\\/vitablanca.ma\\\/produit\\\/now-foods-gluten-digest-60-capsules-vegetariennes-maroc\\\/#primaryimage\"},\"thumbnailUrl\":\"https:\\\/\\\/vitablanca.ma\\\/wp-content\\\/uploads\\\/2025\\\/04\\\/now-foods-gluten-digest-60-capsules-vegetariennes-.jpg\",\"datePublished\":\"2025-04-21T18:43:49+00:00\",\"dateModified\":\"2025-08-30T21:28:51+00:00\",\"description\":\"Achetez Now Foods Gluten Digest au Maroc. Ces 60 capsules v\u00e9g\u00e9tariennes sont formul\u00e9es pour soutenir la digestion du gluten et des c\u00e9r\u00e9ales.\",\"breadcrumb\":{\"@id\":\"https:\\\/\\\/vitablanca.ma\\\/produit\\\/now-foods-gluten-digest-60-capsules-vegetariennes-maroc\\\/#breadcrumb\"},\"inLanguage\":\"en-US\",\"potentialAction\":[{\"@type\":\"ReadAction\",\"target\":[\"https:\\\/\\\/vitablanca.ma\\\/produit\\\/now-foods-gluten-digest-60-capsules-vegetariennes-maroc\\\/\"]}]},{\"@type\":\"ImageObject\",\"inLanguage\":\"en-US\",\"@id\":\"https:\\\/\\\/vitablanca.ma\\\/produit\\\/now-foods-gluten-digest-60-capsules-vegetariennes-maroc\\\/#primaryimage\",\"url\":\"https:\\\/\\\/vitablanca.ma\\\/wp-content\\\/uploads\\\/2025\\\/04\\\/now-foods-gluten-digest-60-capsules-vegetariennes-.jpg\",\"contentUrl\":\"https:\\\/\\\/vitablanca.ma\\\/wp-content\\\/uploads\\\/2025\\\/04\\\/now-foods-gluten-digest-60-capsules-vegetariennes-.jpg\",\"width\":680,\"height\":680},{\"@type\":\"BreadcrumbList\",\"@id\":\"https:\\\/\\\/vitablanca.ma\\\/produit\\\/now-foods-gluten-digest-60-capsules-vegetariennes-maroc\\\/#breadcrumb\",\"itemListElement\":[{\"@type\":\"ListItem\",\"position\":1,\"name\":\"Home\",\"item\":\"https:\\\/\\\/vitablanca.ma\\\/\"},{\"@type\":\"ListItem\",\"position\":2,\"name\":\"Tous Les Produits\",\"item\":\"https:\\\/\\\/vitablanca.ma\\\/tous-les-produits\\\/\"},{\"@type\":\"ListItem\",\"position\":3,\"name\":\"Now Foods Gluten Digest, 60 capsules v\u00e9g\u00e9tariennes\"}]},{\"@type\":\"WebSite\",\"@id\":\"https:\\\/\\\/vitablanca.ma\\\/#website\",\"url\":\"https:\\\/\\\/vitablanca.ma\\\/\",\"name\":\"VitaBlanca.ma | Compl\u00e9ments alimentaires, sant\u00e9 & beaut\u00e9 au Maroc\",\"description\":\"vendre vitamines et compl\u00e9ments premium des USA &amp; Canada, Nouvelle Z\u00e9lande,Maroc (NOW Foods, Solgar, Manuka). Livraison rapide partout au Maroc.\",\"publisher\":{\"@id\":\"https:\\\/\\\/vitablanca.ma\\\/#organization\"},\"alternateName\":\"VitaBlanca.ma\",\"potentialAction\":[{\"@type\":\"SearchAction\",\"target\":{\"@type\":\"EntryPoint\",\"urlTemplate\":\"https:\\\/\\\/vitablanca.ma\\\/?s={search_term_string}\"},\"query-input\":{\"@type\":\"PropertyValueSpecification\",\"valueRequired\":true,\"valueName\":\"search_term_string\"}}],\"inLanguage\":\"en-US\"},{\"@type\":\"Organization\",\"@id\":\"https:\\\/\\\/vitablanca.ma\\\/#organization\",\"name\":\"VitaBlanca\",\"url\":\"https:\\\/\\\/vitablanca.ma\\\/\",\"logo\":{\"@type\":\"ImageObject\",\"inLanguage\":\"en-US\",\"@id\":\"https:\\\/\\\/vitablanca.ma\\\/#\\\/schema\\\/logo\\\/image\\\/\",\"url\":\"https:\\\/\\\/vitablanca.ma\\\/wp-content\\\/uploads\\\/2025\\\/05\\\/cropped-vitablanca.png\",\"contentUrl\":\"https:\\\/\\\/vitablanca.ma\\\/wp-content\\\/uploads\\\/2025\\\/05\\\/cropped-vitablanca.png\",\"width\":360,\"height\":67,\"caption\":\"VitaBlanca\"},\"image\":{\"@id\":\"https:\\\/\\\/vitablanca.ma\\\/#\\\/schema\\\/logo\\\/image\\\/\"},\"sameAs\":[\"https:\\\/\\\/www.facebook.com\\\/profile.php?id=61576678196717\",\"https:\\\/\\\/www.tiktok.com\\\/@vitablanca.ma\",\"https:\\\/\\\/www.instagram.com\\\/vitablanca.ma\\\/\"]}]}<\/script>\n<!-- \/ Yoast SEO plugin. -->","yoast_head_json":{"title":"Now Foods Gluten Digest, 60 vegetarian capsules - Morocco Price","description":"Buy Now Foods Gluten Digest in Morocco. These 60 vegetarian capsules are formulated to support the digestion of gluten and grains.","robots":{"index":"index","follow":"follow","max-snippet":"max-snippet:-1","max-image-preview":"max-image-preview:large","max-video-preview":"max-video-preview:-1"},"canonical":"https:\/\/vitablanca.ma\/en\/product\/now-foods-gluten-digest-60-capsules-vegetariennes-maroc\/","og_locale":"en_US","og_type":"article","og_title":"Now Foods Gluten Digest, 60 capsules v\u00e9g\u00e9tariennes - Maroc Prix","og_description":"Achetez Now Foods Gluten Digest au Maroc. Ces 60 capsules v\u00e9g\u00e9tariennes sont formul\u00e9es pour soutenir la digestion du gluten et des c\u00e9r\u00e9ales.","og_url":"https:\/\/vitablanca.ma\/en\/product\/now-foods-gluten-digest-60-capsules-vegetariennes-maroc\/","og_site_name":"Vitablanca.ma &ndash; Sant&eacute;, vitalit&eacute; et bien-&ecirc;tre pour tous les Marocains","article_publisher":"https:\/\/www.facebook.com\/profile.php?id=61576678196717","article_modified_time":"2025-08-30T21:28:51+00:00","og_image":[{"width":680,"height":680,"url":"https:\/\/vitablanca.ma\/wp-content\/uploads\/2025\/04\/now-foods-gluten-digest-60-capsules-vegetariennes-.jpg","type":"image\/jpeg"}],"twitter_card":"summary_large_image","twitter_misc":{"Est. reading time":"1 minute"},"schema":{"@context":"https:\/\/schema.org","@graph":[{"@type":["WebPage","ItemPage"],"@id":"https:\/\/vitablanca.ma\/produit\/now-foods-gluten-digest-60-capsules-vegetariennes-maroc\/","url":"https:\/\/vitablanca.ma\/produit\/now-foods-gluten-digest-60-capsules-vegetariennes-maroc\/","name":"Now Foods Gluten Digest, 60 vegetarian capsules - Morocco Price","isPartOf":{"@id":"https:\/\/vitablanca.ma\/#website"},"primaryImageOfPage":{"@id":"https:\/\/vitablanca.ma\/produit\/now-foods-gluten-digest-60-capsules-vegetariennes-maroc\/#primaryimage"},"image":{"@id":"https:\/\/vitablanca.ma\/produit\/now-foods-gluten-digest-60-capsules-vegetariennes-maroc\/#primaryimage"},"thumbnailUrl":"https:\/\/vitablanca.ma\/wp-content\/uploads\/2025\/04\/now-foods-gluten-digest-60-capsules-vegetariennes-.jpg","datePublished":"2025-04-21T18:43:49+00:00","dateModified":"2025-08-30T21:28:51+00:00","description":"Buy Now Foods Gluten Digest in Morocco. These 60 vegetarian capsules are formulated to support the digestion of gluten and grains.","breadcrumb":{"@id":"https:\/\/vitablanca.ma\/produit\/now-foods-gluten-digest-60-capsules-vegetariennes-maroc\/#breadcrumb"},"inLanguage":"en-US","potentialAction":[{"@type":"ReadAction","target":["https:\/\/vitablanca.ma\/produit\/now-foods-gluten-digest-60-capsules-vegetariennes-maroc\/"]}]},{"@type":"ImageObject","inLanguage":"en-US","@id":"https:\/\/vitablanca.ma\/produit\/now-foods-gluten-digest-60-capsules-vegetariennes-maroc\/#primaryimage","url":"https:\/\/vitablanca.ma\/wp-content\/uploads\/2025\/04\/now-foods-gluten-digest-60-capsules-vegetariennes-.jpg","contentUrl":"https:\/\/vitablanca.ma\/wp-content\/uploads\/2025\/04\/now-foods-gluten-digest-60-capsules-vegetariennes-.jpg","width":680,"height":680},{"@type":"BreadcrumbList","@id":"https:\/\/vitablanca.ma\/produit\/now-foods-gluten-digest-60-capsules-vegetariennes-maroc\/#breadcrumb","itemListElement":[{"@type":"ListItem","position":1,"name":"Home","item":"https:\/\/vitablanca.ma\/"},{"@type":"ListItem","position":2,"name":"Tous Les Produits","item":"https:\/\/vitablanca.ma\/tous-les-produits\/"},{"@type":"ListItem","position":3,"name":"Now Foods Gluten Digest, 60 capsules v\u00e9g\u00e9tariennes"}]},{"@type":"WebSite","@id":"https:\/\/vitablanca.ma\/#website","url":"https:\/\/vitablanca.ma\/","name":"VitaBlanca.ma | Food supplements, health &amp; beauty in Morocco","description":"sell premium vitamins and supplements from USA &amp; Canada, New Zealand, Morocco (NOW Foods, Solgar, Manuka). Fast delivery anywhere in Morocco.","publisher":{"@id":"https:\/\/vitablanca.ma\/#organization"},"alternateName":"VitaBlanca.ma","potentialAction":[{"@type":"SearchAction","target":{"@type":"EntryPoint","urlTemplate":"https:\/\/vitablanca.ma\/?s={search_term_string}"},"query-input":{"@type":"PropertyValueSpecification","valueRequired":true,"valueName":"search_term_string"}}],"inLanguage":"en-US"},{"@type":"Organization","@id":"https:\/\/vitablanca.ma\/#organization","name":"VitaBlanca","url":"https:\/\/vitablanca.ma\/","logo":{"@type":"ImageObject","inLanguage":"en-US","@id":"https:\/\/vitablanca.ma\/#\/schema\/logo\/image\/","url":"https:\/\/vitablanca.ma\/wp-content\/uploads\/2025\/05\/cropped-vitablanca.png","contentUrl":"https:\/\/vitablanca.ma\/wp-content\/uploads\/2025\/05\/cropped-vitablanca.png","width":360,"height":67,"caption":"VitaBlanca"},"image":{"@id":"https:\/\/vitablanca.ma\/#\/schema\/logo\/image\/"},"sameAs":["https:\/\/www.facebook.com\/profile.php?id=61576678196717","https:\/\/www.tiktok.com\/@vitablanca.ma","https:\/\/www.instagram.com\/vitablanca.ma\/"]}]}},"jetpack_sharing_enabled":true,"_links":{"self":[{"href":"https:\/\/vitablanca.ma\/en\/wp-json\/wp\/v2\/product\/355","targetHints":{"allow":["GET"]}}],"collection":[{"href":"https:\/\/vitablanca.ma\/en\/wp-json\/wp\/v2\/product"}],"about":[{"href":"https:\/\/vitablanca.ma\/en\/wp-json\/wp\/v2\/types\/product"}],"wp:featuredmedia":[{"embeddable":true,"href":"https:\/\/vitablanca.ma\/en\/wp-json\/wp\/v2\/media\/356"}],"wp:attachment":[{"href":"https:\/\/vitablanca.ma\/en\/wp-json\/wp\/v2\/media?parent=355"}],"wp:term":[{"taxonomy":"product_brand","embeddable":true,"href":"https:\/\/vitablanca.ma\/en\/wp-json\/wp\/v2\/product_brand?post=355"},{"taxonomy":"product_cat","embeddable":true,"href":"https:\/\/vitablanca.ma\/en\/wp-json\/wp\/v2\/product_cat?post=355"},{"taxonomy":"product_tag","embeddable":true,"href":"https:\/\/vitablanca.ma\/en\/wp-json\/wp\/v2\/product_tag?post=355"}],"curies":[{"name":"wp","href":"https:\/\/api.w.org\/{rel}","templated":true}]}}