{"id":35375,"date":"2026-04-19T21:53:33","date_gmt":"2026-04-19T21:53:33","guid":{"rendered":"https:\/\/vitablanca.ma\/?post_type=product&#038;p=35375"},"modified":"2026-04-19T21:53:34","modified_gmt":"2026-04-19T21:53:34","slug":"life-extension-gamma-e-tocopherols-et-tocotrienols-mixtes-60-capsules","status":"publish","type":"product","link":"https:\/\/vitablanca.ma\/en\/product\/life-extension-gamma-e-tocopherols-et-tocotrienols-mixtes-60-capsules\/","title":{"rendered":"Life Extension Gamma E, Tocoph\u00e9rols et tocotri\u00e9nols mixtes, 60 capsules"},"content":{"rendered":"<p>La vitamine E est une famille de huit compos\u00e9s antioxydants apparent\u00e9s, liposolubles et largement\u00a0 pr\u00e9sents dans les plantes. Les sous-familles de tocoph\u00e9rols et de tocotri\u00e9nols se composent chacune des fractions alpha, b\u00eata, gamma et delta, qui pr\u00e9sentent une activit\u00e9 biologique diff\u00e9rente.<\/p>\n<p>Les compos\u00e9s de la vitamine E font partie des nutriments les plus \u00e9tudi\u00e9s et les plus importants \u00e0 inclure dans votre alimentation au quotidien.<\/p>\n<p>Bienfaits de Gamma E Tocoph\u00e9rols &amp; Tocotri\u00e9nols mixtes<\/p>\n<p>Fournit une puissante protection antioxydante<\/p>\n<p>Contribue \u00e0 une activit\u00e9 plaquettaire saine<\/p>\n<p>Favorise le bon fonctionnement du syst\u00e8me nerveux et de la r\u00e9tine<\/p>\n<p>Maintient une bonne sant\u00e9 cognitive<\/p>\n<p>Promotes healthy immune function<\/p>\n<p>Suggested Use<\/p>\n<p>Lisez l&rsquo;\u00e9tiquette dans son int\u00e9gralit\u00e9 et suivez attentivement les instructions avant d&rsquo;utiliser ce produit.<\/p>\n<p>Prenez une (1) capsule \u00e0 enveloppe molle une ou deux fois par jour au moment du repas<\/p>","protected":false},"excerpt":{"rendered":"<p>Gluten free<\/p>\n<p>Sans OGM, certifi\u00e9 LE<\/p>\n<p>Vitamine E compl\u00e8te<\/p>\n<p>Food supplement<\/p>","protected":false},"featured_media":35376,"template":"","meta":{"om_disable_all_campaigns":false},"product_brand":[283],"product_cat":[15,475,130,19],"product_tag":[6367,987,12216,985,834,10956,12219,12217,12218,12215],"class_list":{"0":"post-35375","1":"product","2":"type-product","3":"status-publish","4":"has-post-thumbnail","6":"product_brand-life-extension-maroc-prix","7":"product_cat-beaute-sante-complements-alimentaires-soins-et-bien-etre-au-meilleur-prix","8":"product_cat-vitamine-e","9":"product_cat-vitamines","10":"product_cat-vitamines-supplements-dietetiques","11":"product_tag-anti-age","12":"product_tag-antioxydant-puissant","13":"product_tag-gamma-e-tocotrienols","14":"product_tag-protection-cellulaire","15":"product_tag-sante-cardiovasculaire","16":"product_tag-stress-oxydatif","17":"product_tag-supplement-vitamine-e-maroc","18":"product_tag-tocopherols-mixtes","19":"product_tag-vitamine-e-complete","20":"product_tag-vitamine-e-life-extension","22":"first","23":"instock","24":"taxable","25":"shipping-taxable","26":"purchasable","27":"product-type-simple"},"yoast_head":"<!-- This site is optimized with the Yoast SEO plugin v27.4 - https:\/\/yoast.com\/product\/yoast-seo-wordpress\/ -->\n<title>Life Extension Gamma E, Tocoph\u00e9rols et tocotri\u00e9nols - Maroc Prix<\/title>\n<meta name=\"description\" content=\"Life Extension Gamma E : complexe complet de vitamine E (tocoph\u00e9rols + tocotri\u00e9nols) pour prot\u00e9ger les cellules, soutenir le c\u0153ur et lutter contre le stress\" \/>\n<meta name=\"robots\" content=\"index, follow, max-snippet:-1, max-image-preview:large, max-video-preview:-1\" \/>\n<link rel=\"canonical\" href=\"https:\/\/vitablanca.ma\/en\/product\/life-extension-gamma-e-tocopherols-et-tocotrienols-mixtes-60-capsules\/\" \/>\n<meta property=\"og:locale\" content=\"en_US\" \/>\n<meta property=\"og:type\" content=\"article\" \/>\n<meta property=\"og:title\" content=\"Life Extension Gamma E, Tocoph\u00e9rols et tocotri\u00e9nols - Maroc Prix\" \/>\n<meta property=\"og:description\" content=\"Life Extension Gamma E : complexe complet de vitamine E (tocoph\u00e9rols + tocotri\u00e9nols) pour prot\u00e9ger les cellules, soutenir le c\u0153ur et lutter contre le stress\" \/>\n<meta property=\"og:url\" content=\"https:\/\/vitablanca.ma\/en\/product\/life-extension-gamma-e-tocopherols-et-tocotrienols-mixtes-60-capsules\/\" \/>\n<meta property=\"og:site_name\" content=\"Vitablanca.ma &ndash; Sant&eacute;, vitalit&eacute; et bien-&ecirc;tre pour tous les Marocains\" \/>\n<meta property=\"article:publisher\" content=\"https:\/\/www.facebook.com\/profile.php?id=61576678196717\" \/>\n<meta property=\"article:modified_time\" content=\"2026-04-19T21:53:34+00:00\" \/>\n<meta property=\"og:image\" content=\"https:\/\/vitablanca.ma\/wp-content\/uploads\/2026\/04\/life-extension-gamma-e-tocopherols-et-tocotrienols-mixtes-60-capsules-a-enveloppe.jpg\" \/>\n\t<meta property=\"og:image:width\" content=\"680\" \/>\n\t<meta property=\"og:image:height\" content=\"680\" \/>\n\t<meta property=\"og:image:type\" content=\"image\/jpeg\" \/>\n<meta name=\"twitter:card\" content=\"summary_large_image\" \/>\n<meta name=\"twitter:label1\" content=\"Est. reading time\" \/>\n\t<meta name=\"twitter:data1\" content=\"1 minute\" \/>\n<script type=\"application\/ld+json\" class=\"yoast-schema-graph\">{\"@context\":\"https:\\\/\\\/schema.org\",\"@graph\":[{\"@type\":[\"WebPage\",\"ItemPage\"],\"@id\":\"https:\\\/\\\/vitablanca.ma\\\/produit\\\/life-extension-gamma-e-tocopherols-et-tocotrienols-mixtes-60-capsules\\\/\",\"url\":\"https:\\\/\\\/vitablanca.ma\\\/produit\\\/life-extension-gamma-e-tocopherols-et-tocotrienols-mixtes-60-capsules\\\/\",\"name\":\"Life Extension Gamma E, Tocoph\u00e9rols et tocotri\u00e9nols - Maroc Prix\",\"isPartOf\":{\"@id\":\"https:\\\/\\\/vitablanca.ma\\\/#website\"},\"primaryImageOfPage\":{\"@id\":\"https:\\\/\\\/vitablanca.ma\\\/produit\\\/life-extension-gamma-e-tocopherols-et-tocotrienols-mixtes-60-capsules\\\/#primaryimage\"},\"image\":{\"@id\":\"https:\\\/\\\/vitablanca.ma\\\/produit\\\/life-extension-gamma-e-tocopherols-et-tocotrienols-mixtes-60-capsules\\\/#primaryimage\"},\"thumbnailUrl\":\"https:\\\/\\\/vitablanca.ma\\\/wp-content\\\/uploads\\\/2026\\\/04\\\/life-extension-gamma-e-tocopherols-et-tocotrienols-mixtes-60-capsules-a-enveloppe.jpg\",\"datePublished\":\"2026-04-19T21:53:33+00:00\",\"dateModified\":\"2026-04-19T21:53:34+00:00\",\"description\":\"Life Extension Gamma E : complexe complet de vitamine E (tocoph\u00e9rols + tocotri\u00e9nols) pour prot\u00e9ger les cellules, soutenir le c\u0153ur et lutter contre le stress\",\"breadcrumb\":{\"@id\":\"https:\\\/\\\/vitablanca.ma\\\/produit\\\/life-extension-gamma-e-tocopherols-et-tocotrienols-mixtes-60-capsules\\\/#breadcrumb\"},\"inLanguage\":\"en-US\",\"potentialAction\":[{\"@type\":\"ReadAction\",\"target\":[\"https:\\\/\\\/vitablanca.ma\\\/produit\\\/life-extension-gamma-e-tocopherols-et-tocotrienols-mixtes-60-capsules\\\/\"]}]},{\"@type\":\"ImageObject\",\"inLanguage\":\"en-US\",\"@id\":\"https:\\\/\\\/vitablanca.ma\\\/produit\\\/life-extension-gamma-e-tocopherols-et-tocotrienols-mixtes-60-capsules\\\/#primaryimage\",\"url\":\"https:\\\/\\\/vitablanca.ma\\\/wp-content\\\/uploads\\\/2026\\\/04\\\/life-extension-gamma-e-tocopherols-et-tocotrienols-mixtes-60-capsules-a-enveloppe.jpg\",\"contentUrl\":\"https:\\\/\\\/vitablanca.ma\\\/wp-content\\\/uploads\\\/2026\\\/04\\\/life-extension-gamma-e-tocopherols-et-tocotrienols-mixtes-60-capsules-a-enveloppe.jpg\",\"width\":680,\"height\":680},{\"@type\":\"BreadcrumbList\",\"@id\":\"https:\\\/\\\/vitablanca.ma\\\/produit\\\/life-extension-gamma-e-tocopherols-et-tocotrienols-mixtes-60-capsules\\\/#breadcrumb\",\"itemListElement\":[{\"@type\":\"ListItem\",\"position\":1,\"name\":\"Home\",\"item\":\"https:\\\/\\\/vitablanca.ma\\\/\"},{\"@type\":\"ListItem\",\"position\":2,\"name\":\"Tous Les Produits\",\"item\":\"https:\\\/\\\/vitablanca.ma\\\/tous-les-produits\\\/\"},{\"@type\":\"ListItem\",\"position\":3,\"name\":\"Life Extension Gamma E, Tocoph\u00e9rols et tocotri\u00e9nols mixtes, 60 capsules\"}]},{\"@type\":\"WebSite\",\"@id\":\"https:\\\/\\\/vitablanca.ma\\\/#website\",\"url\":\"https:\\\/\\\/vitablanca.ma\\\/\",\"name\":\"VitaBlanca.ma | Compl\u00e9ments alimentaires, sant\u00e9 & beaut\u00e9 au Maroc\",\"description\":\"vendre vitamines et compl\u00e9ments premium des USA &amp; Canada, Nouvelle Z\u00e9lande,Maroc (NOW Foods, Solgar, Manuka). Livraison rapide partout au Maroc.\",\"publisher\":{\"@id\":\"https:\\\/\\\/vitablanca.ma\\\/#organization\"},\"alternateName\":\"VitaBlanca.ma\",\"potentialAction\":[{\"@type\":\"SearchAction\",\"target\":{\"@type\":\"EntryPoint\",\"urlTemplate\":\"https:\\\/\\\/vitablanca.ma\\\/?s={search_term_string}\"},\"query-input\":{\"@type\":\"PropertyValueSpecification\",\"valueRequired\":true,\"valueName\":\"search_term_string\"}}],\"inLanguage\":\"en-US\"},{\"@type\":\"Organization\",\"@id\":\"https:\\\/\\\/vitablanca.ma\\\/#organization\",\"name\":\"VitaBlanca\",\"url\":\"https:\\\/\\\/vitablanca.ma\\\/\",\"logo\":{\"@type\":\"ImageObject\",\"inLanguage\":\"en-US\",\"@id\":\"https:\\\/\\\/vitablanca.ma\\\/#\\\/schema\\\/logo\\\/image\\\/\",\"url\":\"https:\\\/\\\/vitablanca.ma\\\/wp-content\\\/uploads\\\/2025\\\/05\\\/cropped-vitablanca.png\",\"contentUrl\":\"https:\\\/\\\/vitablanca.ma\\\/wp-content\\\/uploads\\\/2025\\\/05\\\/cropped-vitablanca.png\",\"width\":360,\"height\":67,\"caption\":\"VitaBlanca\"},\"image\":{\"@id\":\"https:\\\/\\\/vitablanca.ma\\\/#\\\/schema\\\/logo\\\/image\\\/\"},\"sameAs\":[\"https:\\\/\\\/www.facebook.com\\\/profile.php?id=61576678196717\",\"https:\\\/\\\/www.tiktok.com\\\/@vitablanca.ma\",\"https:\\\/\\\/www.instagram.com\\\/vitablanca.ma\\\/\"]}]}<\/script>\n<!-- \/ Yoast SEO plugin. -->","yoast_head_json":{"title":"Life Extension Gamma E, Tocoph\u00e9rols et tocotri\u00e9nols - Maroc Prix","description":"Life Extension Gamma E : complexe complet de vitamine E (tocoph\u00e9rols + tocotri\u00e9nols) pour prot\u00e9ger les cellules, soutenir le c\u0153ur et lutter contre le stress","robots":{"index":"index","follow":"follow","max-snippet":"max-snippet:-1","max-image-preview":"max-image-preview:large","max-video-preview":"max-video-preview:-1"},"canonical":"https:\/\/vitablanca.ma\/en\/product\/life-extension-gamma-e-tocopherols-et-tocotrienols-mixtes-60-capsules\/","og_locale":"en_US","og_type":"article","og_title":"Life Extension Gamma E, Tocoph\u00e9rols et tocotri\u00e9nols - Maroc Prix","og_description":"Life Extension Gamma E : complexe complet de vitamine E (tocoph\u00e9rols + tocotri\u00e9nols) pour prot\u00e9ger les cellules, soutenir le c\u0153ur et lutter contre le stress","og_url":"https:\/\/vitablanca.ma\/en\/product\/life-extension-gamma-e-tocopherols-et-tocotrienols-mixtes-60-capsules\/","og_site_name":"Vitablanca.ma &ndash; Sant&eacute;, vitalit&eacute; et bien-&ecirc;tre pour tous les Marocains","article_publisher":"https:\/\/www.facebook.com\/profile.php?id=61576678196717","article_modified_time":"2026-04-19T21:53:34+00:00","og_image":[{"width":680,"height":680,"url":"https:\/\/vitablanca.ma\/wp-content\/uploads\/2026\/04\/life-extension-gamma-e-tocopherols-et-tocotrienols-mixtes-60-capsules-a-enveloppe.jpg","type":"image\/jpeg"}],"twitter_card":"summary_large_image","twitter_misc":{"Est. reading time":"1 minute"},"schema":{"@context":"https:\/\/schema.org","@graph":[{"@type":["WebPage","ItemPage"],"@id":"https:\/\/vitablanca.ma\/produit\/life-extension-gamma-e-tocopherols-et-tocotrienols-mixtes-60-capsules\/","url":"https:\/\/vitablanca.ma\/produit\/life-extension-gamma-e-tocopherols-et-tocotrienols-mixtes-60-capsules\/","name":"Life Extension Gamma E, Tocoph\u00e9rols et tocotri\u00e9nols - Maroc Prix","isPartOf":{"@id":"https:\/\/vitablanca.ma\/#website"},"primaryImageOfPage":{"@id":"https:\/\/vitablanca.ma\/produit\/life-extension-gamma-e-tocopherols-et-tocotrienols-mixtes-60-capsules\/#primaryimage"},"image":{"@id":"https:\/\/vitablanca.ma\/produit\/life-extension-gamma-e-tocopherols-et-tocotrienols-mixtes-60-capsules\/#primaryimage"},"thumbnailUrl":"https:\/\/vitablanca.ma\/wp-content\/uploads\/2026\/04\/life-extension-gamma-e-tocopherols-et-tocotrienols-mixtes-60-capsules-a-enveloppe.jpg","datePublished":"2026-04-19T21:53:33+00:00","dateModified":"2026-04-19T21:53:34+00:00","description":"Life Extension Gamma E : complexe complet de vitamine E (tocoph\u00e9rols + tocotri\u00e9nols) pour prot\u00e9ger les cellules, soutenir le c\u0153ur et lutter contre le stress","breadcrumb":{"@id":"https:\/\/vitablanca.ma\/produit\/life-extension-gamma-e-tocopherols-et-tocotrienols-mixtes-60-capsules\/#breadcrumb"},"inLanguage":"en-US","potentialAction":[{"@type":"ReadAction","target":["https:\/\/vitablanca.ma\/produit\/life-extension-gamma-e-tocopherols-et-tocotrienols-mixtes-60-capsules\/"]}]},{"@type":"ImageObject","inLanguage":"en-US","@id":"https:\/\/vitablanca.ma\/produit\/life-extension-gamma-e-tocopherols-et-tocotrienols-mixtes-60-capsules\/#primaryimage","url":"https:\/\/vitablanca.ma\/wp-content\/uploads\/2026\/04\/life-extension-gamma-e-tocopherols-et-tocotrienols-mixtes-60-capsules-a-enveloppe.jpg","contentUrl":"https:\/\/vitablanca.ma\/wp-content\/uploads\/2026\/04\/life-extension-gamma-e-tocopherols-et-tocotrienols-mixtes-60-capsules-a-enveloppe.jpg","width":680,"height":680},{"@type":"BreadcrumbList","@id":"https:\/\/vitablanca.ma\/produit\/life-extension-gamma-e-tocopherols-et-tocotrienols-mixtes-60-capsules\/#breadcrumb","itemListElement":[{"@type":"ListItem","position":1,"name":"Home","item":"https:\/\/vitablanca.ma\/"},{"@type":"ListItem","position":2,"name":"Tous Les Produits","item":"https:\/\/vitablanca.ma\/tous-les-produits\/"},{"@type":"ListItem","position":3,"name":"Life Extension Gamma E, Tocoph\u00e9rols et tocotri\u00e9nols mixtes, 60 capsules"}]},{"@type":"WebSite","@id":"https:\/\/vitablanca.ma\/#website","url":"https:\/\/vitablanca.ma\/","name":"VitaBlanca.ma | Food supplements, health &amp; beauty in Morocco","description":"sell premium vitamins and supplements from USA &amp; Canada, New Zealand, Morocco (NOW Foods, Solgar, Manuka). Fast delivery anywhere in Morocco.","publisher":{"@id":"https:\/\/vitablanca.ma\/#organization"},"alternateName":"VitaBlanca.ma","potentialAction":[{"@type":"SearchAction","target":{"@type":"EntryPoint","urlTemplate":"https:\/\/vitablanca.ma\/?s={search_term_string}"},"query-input":{"@type":"PropertyValueSpecification","valueRequired":true,"valueName":"search_term_string"}}],"inLanguage":"en-US"},{"@type":"Organization","@id":"https:\/\/vitablanca.ma\/#organization","name":"VitaBlanca","url":"https:\/\/vitablanca.ma\/","logo":{"@type":"ImageObject","inLanguage":"en-US","@id":"https:\/\/vitablanca.ma\/#\/schema\/logo\/image\/","url":"https:\/\/vitablanca.ma\/wp-content\/uploads\/2025\/05\/cropped-vitablanca.png","contentUrl":"https:\/\/vitablanca.ma\/wp-content\/uploads\/2025\/05\/cropped-vitablanca.png","width":360,"height":67,"caption":"VitaBlanca"},"image":{"@id":"https:\/\/vitablanca.ma\/#\/schema\/logo\/image\/"},"sameAs":["https:\/\/www.facebook.com\/profile.php?id=61576678196717","https:\/\/www.tiktok.com\/@vitablanca.ma","https:\/\/www.instagram.com\/vitablanca.ma\/"]}]}},"jetpack_sharing_enabled":true,"_links":{"self":[{"href":"https:\/\/vitablanca.ma\/en\/wp-json\/wp\/v2\/product\/35375","targetHints":{"allow":["GET"]}}],"collection":[{"href":"https:\/\/vitablanca.ma\/en\/wp-json\/wp\/v2\/product"}],"about":[{"href":"https:\/\/vitablanca.ma\/en\/wp-json\/wp\/v2\/types\/product"}],"wp:featuredmedia":[{"embeddable":true,"href":"https:\/\/vitablanca.ma\/en\/wp-json\/wp\/v2\/media\/35376"}],"wp:attachment":[{"href":"https:\/\/vitablanca.ma\/en\/wp-json\/wp\/v2\/media?parent=35375"}],"wp:term":[{"taxonomy":"product_brand","embeddable":true,"href":"https:\/\/vitablanca.ma\/en\/wp-json\/wp\/v2\/product_brand?post=35375"},{"taxonomy":"product_cat","embeddable":true,"href":"https:\/\/vitablanca.ma\/en\/wp-json\/wp\/v2\/product_cat?post=35375"},{"taxonomy":"product_tag","embeddable":true,"href":"https:\/\/vitablanca.ma\/en\/wp-json\/wp\/v2\/product_tag?post=35375"}],"curies":[{"name":"wp","href":"https:\/\/api.w.org\/{rel}","templated":true}]}}