{"id":35349,"date":"2026-04-19T20:06:52","date_gmt":"2026-04-19T20:06:52","guid":{"rendered":"https:\/\/vitablanca.ma\/?post_type=product&#038;p=35349"},"modified":"2026-04-19T20:06:53","modified_gmt":"2026-04-19T20:06:53","slug":"country-life-mega-benfotiamine-250-mg-120-capsules-vegetariennes","status":"publish","type":"product","link":"https:\/\/vitablanca.ma\/en\/product\/country-life-mega-benfotiamine-250-mg-120-capsules-vegetariennes\/","title":{"rendered":"Country Life Mega Benfotiamine, 250 mg, 120 capsules v\u00e9g\u00e9tariennes"},"content":{"rendered":"<p>La benfotiamine, une forme liposoluble de vitamine B1 (thiamine), favorise le m\u00e9tabolisme sain de la glyc\u00e9mie et aide \u00e0 prot\u00e9ger les tissus corporels contre les produits terminaux de glycation avanc\u00e9e (AGE) et le stress oxydatif.<\/p>\n<p>Le compl\u00e9ment M\u00e9ga benfotiamine est formul\u00e9 avec 250 mg de benfotiamine et 10 mg de thiamine (vitamine B1) pour soutenir un m\u00e9tabolisme sain de la glyc\u00e9mie. Il aide \u00e9galement \u00e0 prot\u00e9ger votre corps contre le stress oxydatif et la glycation, une r\u00e9action biochimique qui peut contribuer \u00e0 divers facteurs li\u00e9s \u00e0 l&rsquo;\u00e2ge.<\/p>\n<p>La benfotiamine peut moduler le m\u00e9tabolisme du glucose et favoriser une glyc\u00e9mie d\u00e9j\u00e0 saine.<\/p>\n<p>Bienfaits du compl\u00e9ment M\u00e9ga benfotiamine<\/p>\n<p>Favorise le m\u00e9tabolisme sain de la glyc\u00e9mie<\/p>\n<p>Soutient une glyc\u00e9mie d\u00e9j\u00e0 saine<\/p>\n<p>Offre une protection contre les produits terminaux de glycation avanc\u00e9e (AGE) et le stress oxydatif<\/p>\n<p>Suggested Use<\/p>\n<p>Lisez l&rsquo;\u00e9tiquette dans son int\u00e9gralit\u00e9 et suivez attentivement les instructions.<\/p>\n<p>Prenez une (1) capsule, une \u00e0 quatre fois par jour<\/p>","protected":false},"excerpt":{"rendered":"<p>Gluten free<\/p>\n<p>Sans OGM, certifi\u00e9 LE<\/p>\n<p>Vitamine B1 liposoluble et hydrosoluble<\/p>\n<p>Food supplement<\/p>\n<p>La benfotiamine, une forme liposoluble de vitamine B1 (thiamine), favorise le m\u00e9tabolisme sain de la glyc\u00e9mie et aide \u00e0 prot\u00e9ger les tissus corporels contre les produits terminaux de glycation avanc\u00e9e (AGE) et le stress oxydatif.<\/p>","protected":false},"featured_media":35350,"template":"","meta":{"om_disable_all_campaigns":false},"product_brand":[],"product_cat":[15,11120],"product_tag":[12203,12202,12198,12201,12200,965,12053,869,12204,12199],"class_list":{"0":"post-35349","1":"product","2":"type-product","3":"status-publish","4":"has-post-thumbnail","6":"product_cat-beaute-sante-complements-alimentaires-soins-et-bien-etre-au-meilleur-prix","7":"product_cat-benfotiamine","8":"product_tag-ages","9":"product_tag-anti-glycation","10":"product_tag-benfotiamine-250-mg","11":"product_tag-complement-vitamine-b1","12":"product_tag-country-life-benfotiamine","13":"product_tag-energie-cellulaire","14":"product_tag-metabolisme-glucose","15":"product_tag-sante-nerveuse","16":"product_tag-supplement-metabolique","17":"product_tag-vitamine-b1-liposoluble","19":"first","20":"instock","21":"taxable","22":"shipping-taxable","23":"purchasable","24":"product-type-simple"},"yoast_head":"<!-- This site is optimized with the Yoast SEO plugin v27.4 - https:\/\/yoast.com\/product\/yoast-seo-wordpress\/ -->\n<title>Country Life Mega Benfotiamine, 250 mg 120 capsules - Maroc Prix<\/title>\n<meta name=\"description\" content=\"Benfotiamine 250 mg Country Life : forme hautement biodisponible de vitamine B1 pour soutenir le m\u00e9tabolisme du glucose, le syst\u00e8me nerveux et la sant\u00e9 .\" \/>\n<meta name=\"robots\" content=\"index, follow, max-snippet:-1, max-image-preview:large, max-video-preview:-1\" \/>\n<link rel=\"canonical\" href=\"https:\/\/vitablanca.ma\/en\/product\/country-life-mega-benfotiamine-250-mg-120-capsules-vegetariennes\/\" \/>\n<meta property=\"og:locale\" content=\"en_US\" \/>\n<meta property=\"og:type\" content=\"article\" \/>\n<meta property=\"og:title\" content=\"Country Life Mega Benfotiamine, 250 mg 120 capsules - Maroc Prix\" \/>\n<meta property=\"og:description\" content=\"Benfotiamine 250 mg Country Life : forme hautement biodisponible de vitamine B1 pour soutenir le m\u00e9tabolisme du glucose, le syst\u00e8me nerveux et la sant\u00e9 .\" \/>\n<meta property=\"og:url\" content=\"https:\/\/vitablanca.ma\/en\/product\/country-life-mega-benfotiamine-250-mg-120-capsules-vegetariennes\/\" \/>\n<meta property=\"og:site_name\" content=\"Vitablanca.ma &ndash; Sant&eacute;, vitalit&eacute; et bien-&ecirc;tre pour tous les Marocains\" \/>\n<meta property=\"article:publisher\" content=\"https:\/\/www.facebook.com\/profile.php?id=61576678196717\" \/>\n<meta property=\"article:modified_time\" content=\"2026-04-19T20:06:53+00:00\" \/>\n<meta property=\"og:image\" content=\"https:\/\/vitablanca.ma\/wp-content\/uploads\/2026\/04\/country-life-mega-benfotiamine-250-mg-120-capsules-vegetariennes.jpg\" \/>\n\t<meta property=\"og:image:width\" content=\"680\" \/>\n\t<meta property=\"og:image:height\" content=\"680\" \/>\n\t<meta property=\"og:image:type\" content=\"image\/jpeg\" \/>\n<meta name=\"twitter:card\" content=\"summary_large_image\" \/>\n<meta name=\"twitter:label1\" content=\"Est. reading time\" \/>\n\t<meta name=\"twitter:data1\" content=\"1 minute\" \/>\n<script type=\"application\/ld+json\" class=\"yoast-schema-graph\">{\"@context\":\"https:\\\/\\\/schema.org\",\"@graph\":[{\"@type\":[\"WebPage\",\"ItemPage\"],\"@id\":\"https:\\\/\\\/vitablanca.ma\\\/produit\\\/country-life-mega-benfotiamine-250-mg-120-capsules-vegetariennes\\\/\",\"url\":\"https:\\\/\\\/vitablanca.ma\\\/produit\\\/country-life-mega-benfotiamine-250-mg-120-capsules-vegetariennes\\\/\",\"name\":\"Country Life Mega Benfotiamine, 250 mg 120 capsules - Maroc Prix\",\"isPartOf\":{\"@id\":\"https:\\\/\\\/vitablanca.ma\\\/#website\"},\"primaryImageOfPage\":{\"@id\":\"https:\\\/\\\/vitablanca.ma\\\/produit\\\/country-life-mega-benfotiamine-250-mg-120-capsules-vegetariennes\\\/#primaryimage\"},\"image\":{\"@id\":\"https:\\\/\\\/vitablanca.ma\\\/produit\\\/country-life-mega-benfotiamine-250-mg-120-capsules-vegetariennes\\\/#primaryimage\"},\"thumbnailUrl\":\"https:\\\/\\\/vitablanca.ma\\\/wp-content\\\/uploads\\\/2026\\\/04\\\/country-life-mega-benfotiamine-250-mg-120-capsules-vegetariennes.jpg\",\"datePublished\":\"2026-04-19T20:06:52+00:00\",\"dateModified\":\"2026-04-19T20:06:53+00:00\",\"description\":\"Benfotiamine 250 mg Country Life : forme hautement biodisponible de vitamine B1 pour soutenir le m\u00e9tabolisme du glucose, le syst\u00e8me nerveux et la sant\u00e9 .\",\"breadcrumb\":{\"@id\":\"https:\\\/\\\/vitablanca.ma\\\/produit\\\/country-life-mega-benfotiamine-250-mg-120-capsules-vegetariennes\\\/#breadcrumb\"},\"inLanguage\":\"en-US\",\"potentialAction\":[{\"@type\":\"ReadAction\",\"target\":[\"https:\\\/\\\/vitablanca.ma\\\/produit\\\/country-life-mega-benfotiamine-250-mg-120-capsules-vegetariennes\\\/\"]}]},{\"@type\":\"ImageObject\",\"inLanguage\":\"en-US\",\"@id\":\"https:\\\/\\\/vitablanca.ma\\\/produit\\\/country-life-mega-benfotiamine-250-mg-120-capsules-vegetariennes\\\/#primaryimage\",\"url\":\"https:\\\/\\\/vitablanca.ma\\\/wp-content\\\/uploads\\\/2026\\\/04\\\/country-life-mega-benfotiamine-250-mg-120-capsules-vegetariennes.jpg\",\"contentUrl\":\"https:\\\/\\\/vitablanca.ma\\\/wp-content\\\/uploads\\\/2026\\\/04\\\/country-life-mega-benfotiamine-250-mg-120-capsules-vegetariennes.jpg\",\"width\":680,\"height\":680},{\"@type\":\"BreadcrumbList\",\"@id\":\"https:\\\/\\\/vitablanca.ma\\\/produit\\\/country-life-mega-benfotiamine-250-mg-120-capsules-vegetariennes\\\/#breadcrumb\",\"itemListElement\":[{\"@type\":\"ListItem\",\"position\":1,\"name\":\"Home\",\"item\":\"https:\\\/\\\/vitablanca.ma\\\/\"},{\"@type\":\"ListItem\",\"position\":2,\"name\":\"Tous Les Produits\",\"item\":\"https:\\\/\\\/vitablanca.ma\\\/tous-les-produits\\\/\"},{\"@type\":\"ListItem\",\"position\":3,\"name\":\"Country Life Mega Benfotiamine, 250 mg, 120 capsules v\u00e9g\u00e9tariennes\"}]},{\"@type\":\"WebSite\",\"@id\":\"https:\\\/\\\/vitablanca.ma\\\/#website\",\"url\":\"https:\\\/\\\/vitablanca.ma\\\/\",\"name\":\"VitaBlanca.ma | Compl\u00e9ments alimentaires, sant\u00e9 & beaut\u00e9 au Maroc\",\"description\":\"vendre vitamines et compl\u00e9ments premium des USA &amp; Canada, Nouvelle Z\u00e9lande,Maroc (NOW Foods, Solgar, Manuka). Livraison rapide partout au Maroc.\",\"publisher\":{\"@id\":\"https:\\\/\\\/vitablanca.ma\\\/#organization\"},\"alternateName\":\"VitaBlanca.ma\",\"potentialAction\":[{\"@type\":\"SearchAction\",\"target\":{\"@type\":\"EntryPoint\",\"urlTemplate\":\"https:\\\/\\\/vitablanca.ma\\\/?s={search_term_string}\"},\"query-input\":{\"@type\":\"PropertyValueSpecification\",\"valueRequired\":true,\"valueName\":\"search_term_string\"}}],\"inLanguage\":\"en-US\"},{\"@type\":\"Organization\",\"@id\":\"https:\\\/\\\/vitablanca.ma\\\/#organization\",\"name\":\"VitaBlanca\",\"url\":\"https:\\\/\\\/vitablanca.ma\\\/\",\"logo\":{\"@type\":\"ImageObject\",\"inLanguage\":\"en-US\",\"@id\":\"https:\\\/\\\/vitablanca.ma\\\/#\\\/schema\\\/logo\\\/image\\\/\",\"url\":\"https:\\\/\\\/vitablanca.ma\\\/wp-content\\\/uploads\\\/2025\\\/05\\\/cropped-vitablanca.png\",\"contentUrl\":\"https:\\\/\\\/vitablanca.ma\\\/wp-content\\\/uploads\\\/2025\\\/05\\\/cropped-vitablanca.png\",\"width\":360,\"height\":67,\"caption\":\"VitaBlanca\"},\"image\":{\"@id\":\"https:\\\/\\\/vitablanca.ma\\\/#\\\/schema\\\/logo\\\/image\\\/\"},\"sameAs\":[\"https:\\\/\\\/www.facebook.com\\\/profile.php?id=61576678196717\",\"https:\\\/\\\/www.tiktok.com\\\/@vitablanca.ma\",\"https:\\\/\\\/www.instagram.com\\\/vitablanca.ma\\\/\"]}]}<\/script>\n<!-- \/ Yoast SEO plugin. -->","yoast_head_json":{"title":"Country Life Mega Benfotiamine, 250 mg 120 capsules - Maroc Prix","description":"Benfotiamine 250 mg Country Life : forme hautement biodisponible de vitamine B1 pour soutenir le m\u00e9tabolisme du glucose, le syst\u00e8me nerveux et la sant\u00e9 .","robots":{"index":"index","follow":"follow","max-snippet":"max-snippet:-1","max-image-preview":"max-image-preview:large","max-video-preview":"max-video-preview:-1"},"canonical":"https:\/\/vitablanca.ma\/en\/product\/country-life-mega-benfotiamine-250-mg-120-capsules-vegetariennes\/","og_locale":"en_US","og_type":"article","og_title":"Country Life Mega Benfotiamine, 250 mg 120 capsules - Maroc Prix","og_description":"Benfotiamine 250 mg Country Life : forme hautement biodisponible de vitamine B1 pour soutenir le m\u00e9tabolisme du glucose, le syst\u00e8me nerveux et la sant\u00e9 .","og_url":"https:\/\/vitablanca.ma\/en\/product\/country-life-mega-benfotiamine-250-mg-120-capsules-vegetariennes\/","og_site_name":"Vitablanca.ma &ndash; Sant&eacute;, vitalit&eacute; et bien-&ecirc;tre pour tous les Marocains","article_publisher":"https:\/\/www.facebook.com\/profile.php?id=61576678196717","article_modified_time":"2026-04-19T20:06:53+00:00","og_image":[{"width":680,"height":680,"url":"https:\/\/vitablanca.ma\/wp-content\/uploads\/2026\/04\/country-life-mega-benfotiamine-250-mg-120-capsules-vegetariennes.jpg","type":"image\/jpeg"}],"twitter_card":"summary_large_image","twitter_misc":{"Est. reading time":"1 minute"},"schema":{"@context":"https:\/\/schema.org","@graph":[{"@type":["WebPage","ItemPage"],"@id":"https:\/\/vitablanca.ma\/produit\/country-life-mega-benfotiamine-250-mg-120-capsules-vegetariennes\/","url":"https:\/\/vitablanca.ma\/produit\/country-life-mega-benfotiamine-250-mg-120-capsules-vegetariennes\/","name":"Country Life Mega Benfotiamine, 250 mg 120 capsules - Maroc Prix","isPartOf":{"@id":"https:\/\/vitablanca.ma\/#website"},"primaryImageOfPage":{"@id":"https:\/\/vitablanca.ma\/produit\/country-life-mega-benfotiamine-250-mg-120-capsules-vegetariennes\/#primaryimage"},"image":{"@id":"https:\/\/vitablanca.ma\/produit\/country-life-mega-benfotiamine-250-mg-120-capsules-vegetariennes\/#primaryimage"},"thumbnailUrl":"https:\/\/vitablanca.ma\/wp-content\/uploads\/2026\/04\/country-life-mega-benfotiamine-250-mg-120-capsules-vegetariennes.jpg","datePublished":"2026-04-19T20:06:52+00:00","dateModified":"2026-04-19T20:06:53+00:00","description":"Benfotiamine 250 mg Country Life : forme hautement biodisponible de vitamine B1 pour soutenir le m\u00e9tabolisme du glucose, le syst\u00e8me nerveux et la sant\u00e9 .","breadcrumb":{"@id":"https:\/\/vitablanca.ma\/produit\/country-life-mega-benfotiamine-250-mg-120-capsules-vegetariennes\/#breadcrumb"},"inLanguage":"en-US","potentialAction":[{"@type":"ReadAction","target":["https:\/\/vitablanca.ma\/produit\/country-life-mega-benfotiamine-250-mg-120-capsules-vegetariennes\/"]}]},{"@type":"ImageObject","inLanguage":"en-US","@id":"https:\/\/vitablanca.ma\/produit\/country-life-mega-benfotiamine-250-mg-120-capsules-vegetariennes\/#primaryimage","url":"https:\/\/vitablanca.ma\/wp-content\/uploads\/2026\/04\/country-life-mega-benfotiamine-250-mg-120-capsules-vegetariennes.jpg","contentUrl":"https:\/\/vitablanca.ma\/wp-content\/uploads\/2026\/04\/country-life-mega-benfotiamine-250-mg-120-capsules-vegetariennes.jpg","width":680,"height":680},{"@type":"BreadcrumbList","@id":"https:\/\/vitablanca.ma\/produit\/country-life-mega-benfotiamine-250-mg-120-capsules-vegetariennes\/#breadcrumb","itemListElement":[{"@type":"ListItem","position":1,"name":"Home","item":"https:\/\/vitablanca.ma\/"},{"@type":"ListItem","position":2,"name":"Tous Les Produits","item":"https:\/\/vitablanca.ma\/tous-les-produits\/"},{"@type":"ListItem","position":3,"name":"Country Life Mega Benfotiamine, 250 mg, 120 capsules v\u00e9g\u00e9tariennes"}]},{"@type":"WebSite","@id":"https:\/\/vitablanca.ma\/#website","url":"https:\/\/vitablanca.ma\/","name":"VitaBlanca.ma | Food supplements, health &amp; beauty in Morocco","description":"sell premium vitamins and supplements from USA &amp; Canada, New Zealand, Morocco (NOW Foods, Solgar, Manuka). Fast delivery anywhere in Morocco.","publisher":{"@id":"https:\/\/vitablanca.ma\/#organization"},"alternateName":"VitaBlanca.ma","potentialAction":[{"@type":"SearchAction","target":{"@type":"EntryPoint","urlTemplate":"https:\/\/vitablanca.ma\/?s={search_term_string}"},"query-input":{"@type":"PropertyValueSpecification","valueRequired":true,"valueName":"search_term_string"}}],"inLanguage":"en-US"},{"@type":"Organization","@id":"https:\/\/vitablanca.ma\/#organization","name":"VitaBlanca","url":"https:\/\/vitablanca.ma\/","logo":{"@type":"ImageObject","inLanguage":"en-US","@id":"https:\/\/vitablanca.ma\/#\/schema\/logo\/image\/","url":"https:\/\/vitablanca.ma\/wp-content\/uploads\/2025\/05\/cropped-vitablanca.png","contentUrl":"https:\/\/vitablanca.ma\/wp-content\/uploads\/2025\/05\/cropped-vitablanca.png","width":360,"height":67,"caption":"VitaBlanca"},"image":{"@id":"https:\/\/vitablanca.ma\/#\/schema\/logo\/image\/"},"sameAs":["https:\/\/www.facebook.com\/profile.php?id=61576678196717","https:\/\/www.tiktok.com\/@vitablanca.ma","https:\/\/www.instagram.com\/vitablanca.ma\/"]}]}},"jetpack_sharing_enabled":true,"_links":{"self":[{"href":"https:\/\/vitablanca.ma\/en\/wp-json\/wp\/v2\/product\/35349","targetHints":{"allow":["GET"]}}],"collection":[{"href":"https:\/\/vitablanca.ma\/en\/wp-json\/wp\/v2\/product"}],"about":[{"href":"https:\/\/vitablanca.ma\/en\/wp-json\/wp\/v2\/types\/product"}],"wp:featuredmedia":[{"embeddable":true,"href":"https:\/\/vitablanca.ma\/en\/wp-json\/wp\/v2\/media\/35350"}],"wp:attachment":[{"href":"https:\/\/vitablanca.ma\/en\/wp-json\/wp\/v2\/media?parent=35349"}],"wp:term":[{"taxonomy":"product_brand","embeddable":true,"href":"https:\/\/vitablanca.ma\/en\/wp-json\/wp\/v2\/product_brand?post=35349"},{"taxonomy":"product_cat","embeddable":true,"href":"https:\/\/vitablanca.ma\/en\/wp-json\/wp\/v2\/product_cat?post=35349"},{"taxonomy":"product_tag","embeddable":true,"href":"https:\/\/vitablanca.ma\/en\/wp-json\/wp\/v2\/product_tag?post=35349"}],"curies":[{"name":"wp","href":"https:\/\/api.w.org\/{rel}","templated":true}]}}