{"id":35337,"date":"2026-04-19T19:30:01","date_gmt":"2026-04-19T19:30:01","guid":{"rendered":"https:\/\/vitablanca.ma\/?post_type=product&#038;p=35337"},"modified":"2026-04-19T19:30:02","modified_gmt":"2026-04-19T19:30:02","slug":"life-extension-super-ubiquinol-coq10-200-mg-30-capsules","status":"publish","type":"product","link":"https:\/\/vitablanca.ma\/en\/product\/life-extension-super-ubiquinol-coq10-200-mg-30-capsules\/","title":{"rendered":"Life Extension Super Ubiquinol CoQ10 200 mg, 30 capsules"},"content":{"rendered":"<p>La CoQ10 (ou coenzyme Q10) est un nutriment essentiel dont votre organisme a besoin pour favoriser la bonne sant\u00e9 de la fonction mitochondriale (le processus responsable de la production d&rsquo;\u00e9nergie dans l&rsquo;organisme au niveau cellulaire). Cela explique pourquoi la CoQ10 est concentr\u00e9e dans les organes qui consomment beaucoup d&rsquo;\u00e9nergie tels que le cerveau, le foie, les reins et le c\u0153ur.<\/p>\n<p>La CoQ10 offre \u00e9galement de puissantes propri\u00e9t\u00e9s antioxydantes, prot\u00e9geant les membranes cellulaires, les lipides et d&rsquo;autres facteurs essentiels. Malheureusement, les taux de CoQ10 dans l&rsquo;organisme diminuent au fil du temps.<\/p>\n<p>CoQ10 et fatigue g\u00e9n\u00e9rale<\/p>\n<p>Si vous avez d\u00e9j\u00e0 eu l&rsquo;impression de ne plus avoir l&rsquo;\u00e9nergie que vous aviez auparavant, vous n&rsquo;\u00eates pas seul. Bonne nouvelle : une \u00e9tude clinique a r\u00e9v\u00e9l\u00e9 que la CoQ10 aide \u00e0 soulager la fatigue g\u00e9n\u00e9rale occasionnelle chez les adultes en bonne sant\u00e9 ! Dans cette \u00e9tude consistant \u00e0 prendre de l&rsquo;ubiquinol pendant 12 semaines, les sujets se sentant g\u00e9n\u00e9ralement fatigu\u00e9s au quotidien ont constat\u00e9 des am\u00e9liorations subjectives des mesures li\u00e9es \u00e0 la fatigue et une augmentation des taux de CoQ10.<\/p>\n<p>Biodisponibilit\u00e9 accrue : ubiquinol<\/p>","protected":false},"excerpt":{"rendered":"<p>Gluten free<\/p>\n<p>Sans OGM, certifi\u00e9 LE<\/p>\n<p>Syst\u00e8me de lib\u00e9ration am\u00e9lior\u00e9 pour une absorption optimale<\/p>\n<p>Food supplement<\/p>\n<p>\u00c0 base de Kaneka Ubiquinol\u2122 de qualit\u00e9 Q+\u00ae<\/p>","protected":false},"featured_media":35338,"template":"","meta":{"om_disable_all_campaigns":false},"product_brand":[],"product_cat":[15,5205],"product_tag":[441,12185,12177,965,1767,12186,834,5264,12187,4307],"class_list":{"0":"post-35337","1":"product","2":"type-product","3":"status-publish","4":"has-post-thumbnail","6":"product_cat-beaute-sante-complements-alimentaires-soins-et-bien-etre-au-meilleur-prix","7":"product_cat-coq10","8":"product_tag-antioxydant","9":"product_tag-complement-coq10","10":"product_tag-coq10-reduite","11":"product_tag-energie-cellulaire","12":"product_tag-fatigue","13":"product_tag-life-extension-ubiquinol-200-mg","14":"product_tag-sante-cardiovasculaire","15":"product_tag-supplement-premium","16":"product_tag-ubiquinol-haute-absorption","17":"product_tag-vitalite","19":"first","20":"instock","21":"taxable","22":"shipping-taxable","23":"purchasable","24":"product-type-simple"},"yoast_head":"<!-- This site is optimized with the Yoast SEO plugin v27.4 - https:\/\/yoast.com\/product\/yoast-seo-wordpress\/ -->\n<title>Life Extension Super Ubiquinol CoQ10 200 mg - Maroc Prix<\/title>\n<meta name=\"description\" content=\"Ubiquinol CoQ10 200 mg Life Extension active hautement absorb\u00e9e pour soutenir l\u2019\u00e9nergie, la sant\u00e9 cardiovasculaire et lutter contre le stress oxydatif\" \/>\n<meta name=\"robots\" content=\"index, follow, max-snippet:-1, max-image-preview:large, max-video-preview:-1\" \/>\n<link rel=\"canonical\" href=\"https:\/\/vitablanca.ma\/en\/product\/life-extension-super-ubiquinol-coq10-200-mg-30-capsules\/\" \/>\n<meta property=\"og:locale\" content=\"en_US\" \/>\n<meta property=\"og:type\" content=\"article\" \/>\n<meta property=\"og:title\" content=\"Life Extension Super Ubiquinol CoQ10 200 mg - Maroc Prix\" \/>\n<meta property=\"og:description\" content=\"Ubiquinol CoQ10 200 mg Life Extension active hautement absorb\u00e9e pour soutenir l\u2019\u00e9nergie, la sant\u00e9 cardiovasculaire et lutter contre le stress oxydatif\" \/>\n<meta property=\"og:url\" content=\"https:\/\/vitablanca.ma\/en\/product\/life-extension-super-ubiquinol-coq10-200-mg-30-capsules\/\" \/>\n<meta property=\"og:site_name\" content=\"Vitablanca.ma &ndash; Sant&eacute;, vitalit&eacute; et bien-&ecirc;tre pour tous les Marocains\" \/>\n<meta property=\"article:publisher\" content=\"https:\/\/www.facebook.com\/profile.php?id=61576678196717\" \/>\n<meta property=\"article:modified_time\" content=\"2026-04-19T19:30:02+00:00\" \/>\n<meta property=\"og:image\" content=\"https:\/\/vitablanca.ma\/wp-content\/uploads\/2026\/04\/life-extension-super-ubiquinol-coq10-extra-puissante-avec-enhanced-mitochondrial-support-200-mg-30.jpg\" \/>\n\t<meta property=\"og:image:width\" content=\"680\" \/>\n\t<meta property=\"og:image:height\" content=\"680\" \/>\n\t<meta property=\"og:image:type\" content=\"image\/jpeg\" \/>\n<meta name=\"twitter:card\" content=\"summary_large_image\" \/>\n<meta name=\"twitter:label1\" content=\"Est. reading time\" \/>\n\t<meta name=\"twitter:data1\" content=\"2 minutes\" \/>\n<script type=\"application\/ld+json\" class=\"yoast-schema-graph\">{\"@context\":\"https:\\\/\\\/schema.org\",\"@graph\":[{\"@type\":[\"WebPage\",\"ItemPage\"],\"@id\":\"https:\\\/\\\/vitablanca.ma\\\/produit\\\/life-extension-super-ubiquinol-coq10-200-mg-30-capsules\\\/\",\"url\":\"https:\\\/\\\/vitablanca.ma\\\/produit\\\/life-extension-super-ubiquinol-coq10-200-mg-30-capsules\\\/\",\"name\":\"Life Extension Super Ubiquinol CoQ10 200 mg - Maroc Prix\",\"isPartOf\":{\"@id\":\"https:\\\/\\\/vitablanca.ma\\\/#website\"},\"primaryImageOfPage\":{\"@id\":\"https:\\\/\\\/vitablanca.ma\\\/produit\\\/life-extension-super-ubiquinol-coq10-200-mg-30-capsules\\\/#primaryimage\"},\"image\":{\"@id\":\"https:\\\/\\\/vitablanca.ma\\\/produit\\\/life-extension-super-ubiquinol-coq10-200-mg-30-capsules\\\/#primaryimage\"},\"thumbnailUrl\":\"https:\\\/\\\/vitablanca.ma\\\/wp-content\\\/uploads\\\/2026\\\/04\\\/life-extension-super-ubiquinol-coq10-extra-puissante-avec-enhanced-mitochondrial-support-200-mg-30.jpg\",\"datePublished\":\"2026-04-19T19:30:01+00:00\",\"dateModified\":\"2026-04-19T19:30:02+00:00\",\"description\":\"Ubiquinol CoQ10 200 mg Life Extension active hautement absorb\u00e9e pour soutenir l\u2019\u00e9nergie, la sant\u00e9 cardiovasculaire et lutter contre le stress oxydatif\",\"breadcrumb\":{\"@id\":\"https:\\\/\\\/vitablanca.ma\\\/produit\\\/life-extension-super-ubiquinol-coq10-200-mg-30-capsules\\\/#breadcrumb\"},\"inLanguage\":\"en-US\",\"potentialAction\":[{\"@type\":\"ReadAction\",\"target\":[\"https:\\\/\\\/vitablanca.ma\\\/produit\\\/life-extension-super-ubiquinol-coq10-200-mg-30-capsules\\\/\"]}]},{\"@type\":\"ImageObject\",\"inLanguage\":\"en-US\",\"@id\":\"https:\\\/\\\/vitablanca.ma\\\/produit\\\/life-extension-super-ubiquinol-coq10-200-mg-30-capsules\\\/#primaryimage\",\"url\":\"https:\\\/\\\/vitablanca.ma\\\/wp-content\\\/uploads\\\/2026\\\/04\\\/life-extension-super-ubiquinol-coq10-extra-puissante-avec-enhanced-mitochondrial-support-200-mg-30.jpg\",\"contentUrl\":\"https:\\\/\\\/vitablanca.ma\\\/wp-content\\\/uploads\\\/2026\\\/04\\\/life-extension-super-ubiquinol-coq10-extra-puissante-avec-enhanced-mitochondrial-support-200-mg-30.jpg\",\"width\":680,\"height\":680},{\"@type\":\"BreadcrumbList\",\"@id\":\"https:\\\/\\\/vitablanca.ma\\\/produit\\\/life-extension-super-ubiquinol-coq10-200-mg-30-capsules\\\/#breadcrumb\",\"itemListElement\":[{\"@type\":\"ListItem\",\"position\":1,\"name\":\"Home\",\"item\":\"https:\\\/\\\/vitablanca.ma\\\/\"},{\"@type\":\"ListItem\",\"position\":2,\"name\":\"Tous Les Produits\",\"item\":\"https:\\\/\\\/vitablanca.ma\\\/tous-les-produits\\\/\"},{\"@type\":\"ListItem\",\"position\":3,\"name\":\"Life Extension Super Ubiquinol CoQ10 200 mg, 30 capsules\"}]},{\"@type\":\"WebSite\",\"@id\":\"https:\\\/\\\/vitablanca.ma\\\/#website\",\"url\":\"https:\\\/\\\/vitablanca.ma\\\/\",\"name\":\"VitaBlanca.ma | Compl\u00e9ments alimentaires, sant\u00e9 & beaut\u00e9 au Maroc\",\"description\":\"vendre vitamines et compl\u00e9ments premium des USA &amp; Canada, Nouvelle Z\u00e9lande,Maroc (NOW Foods, Solgar, Manuka). Livraison rapide partout au Maroc.\",\"publisher\":{\"@id\":\"https:\\\/\\\/vitablanca.ma\\\/#organization\"},\"alternateName\":\"VitaBlanca.ma\",\"potentialAction\":[{\"@type\":\"SearchAction\",\"target\":{\"@type\":\"EntryPoint\",\"urlTemplate\":\"https:\\\/\\\/vitablanca.ma\\\/?s={search_term_string}\"},\"query-input\":{\"@type\":\"PropertyValueSpecification\",\"valueRequired\":true,\"valueName\":\"search_term_string\"}}],\"inLanguage\":\"en-US\"},{\"@type\":\"Organization\",\"@id\":\"https:\\\/\\\/vitablanca.ma\\\/#organization\",\"name\":\"VitaBlanca\",\"url\":\"https:\\\/\\\/vitablanca.ma\\\/\",\"logo\":{\"@type\":\"ImageObject\",\"inLanguage\":\"en-US\",\"@id\":\"https:\\\/\\\/vitablanca.ma\\\/#\\\/schema\\\/logo\\\/image\\\/\",\"url\":\"https:\\\/\\\/vitablanca.ma\\\/wp-content\\\/uploads\\\/2025\\\/05\\\/cropped-vitablanca.png\",\"contentUrl\":\"https:\\\/\\\/vitablanca.ma\\\/wp-content\\\/uploads\\\/2025\\\/05\\\/cropped-vitablanca.png\",\"width\":360,\"height\":67,\"caption\":\"VitaBlanca\"},\"image\":{\"@id\":\"https:\\\/\\\/vitablanca.ma\\\/#\\\/schema\\\/logo\\\/image\\\/\"},\"sameAs\":[\"https:\\\/\\\/www.facebook.com\\\/profile.php?id=61576678196717\",\"https:\\\/\\\/www.tiktok.com\\\/@vitablanca.ma\",\"https:\\\/\\\/www.instagram.com\\\/vitablanca.ma\\\/\"]}]}<\/script>\n<!-- \/ Yoast SEO plugin. -->","yoast_head_json":{"title":"Life Extension Super Ubiquinol CoQ10 200 mg - Maroc Prix","description":"Ubiquinol CoQ10 200 mg Life Extension active hautement absorb\u00e9e pour soutenir l\u2019\u00e9nergie, la sant\u00e9 cardiovasculaire et lutter contre le stress oxydatif","robots":{"index":"index","follow":"follow","max-snippet":"max-snippet:-1","max-image-preview":"max-image-preview:large","max-video-preview":"max-video-preview:-1"},"canonical":"https:\/\/vitablanca.ma\/en\/product\/life-extension-super-ubiquinol-coq10-200-mg-30-capsules\/","og_locale":"en_US","og_type":"article","og_title":"Life Extension Super Ubiquinol CoQ10 200 mg - Maroc Prix","og_description":"Ubiquinol CoQ10 200 mg Life Extension active hautement absorb\u00e9e pour soutenir l\u2019\u00e9nergie, la sant\u00e9 cardiovasculaire et lutter contre le stress oxydatif","og_url":"https:\/\/vitablanca.ma\/en\/product\/life-extension-super-ubiquinol-coq10-200-mg-30-capsules\/","og_site_name":"Vitablanca.ma &ndash; Sant&eacute;, vitalit&eacute; et bien-&ecirc;tre pour tous les Marocains","article_publisher":"https:\/\/www.facebook.com\/profile.php?id=61576678196717","article_modified_time":"2026-04-19T19:30:02+00:00","og_image":[{"width":680,"height":680,"url":"https:\/\/vitablanca.ma\/wp-content\/uploads\/2026\/04\/life-extension-super-ubiquinol-coq10-extra-puissante-avec-enhanced-mitochondrial-support-200-mg-30.jpg","type":"image\/jpeg"}],"twitter_card":"summary_large_image","twitter_misc":{"Est. reading time":"2 minutes"},"schema":{"@context":"https:\/\/schema.org","@graph":[{"@type":["WebPage","ItemPage"],"@id":"https:\/\/vitablanca.ma\/produit\/life-extension-super-ubiquinol-coq10-200-mg-30-capsules\/","url":"https:\/\/vitablanca.ma\/produit\/life-extension-super-ubiquinol-coq10-200-mg-30-capsules\/","name":"Life Extension Super Ubiquinol CoQ10 200 mg - Maroc Prix","isPartOf":{"@id":"https:\/\/vitablanca.ma\/#website"},"primaryImageOfPage":{"@id":"https:\/\/vitablanca.ma\/produit\/life-extension-super-ubiquinol-coq10-200-mg-30-capsules\/#primaryimage"},"image":{"@id":"https:\/\/vitablanca.ma\/produit\/life-extension-super-ubiquinol-coq10-200-mg-30-capsules\/#primaryimage"},"thumbnailUrl":"https:\/\/vitablanca.ma\/wp-content\/uploads\/2026\/04\/life-extension-super-ubiquinol-coq10-extra-puissante-avec-enhanced-mitochondrial-support-200-mg-30.jpg","datePublished":"2026-04-19T19:30:01+00:00","dateModified":"2026-04-19T19:30:02+00:00","description":"Ubiquinol CoQ10 200 mg Life Extension active hautement absorb\u00e9e pour soutenir l\u2019\u00e9nergie, la sant\u00e9 cardiovasculaire et lutter contre le stress oxydatif","breadcrumb":{"@id":"https:\/\/vitablanca.ma\/produit\/life-extension-super-ubiquinol-coq10-200-mg-30-capsules\/#breadcrumb"},"inLanguage":"en-US","potentialAction":[{"@type":"ReadAction","target":["https:\/\/vitablanca.ma\/produit\/life-extension-super-ubiquinol-coq10-200-mg-30-capsules\/"]}]},{"@type":"ImageObject","inLanguage":"en-US","@id":"https:\/\/vitablanca.ma\/produit\/life-extension-super-ubiquinol-coq10-200-mg-30-capsules\/#primaryimage","url":"https:\/\/vitablanca.ma\/wp-content\/uploads\/2026\/04\/life-extension-super-ubiquinol-coq10-extra-puissante-avec-enhanced-mitochondrial-support-200-mg-30.jpg","contentUrl":"https:\/\/vitablanca.ma\/wp-content\/uploads\/2026\/04\/life-extension-super-ubiquinol-coq10-extra-puissante-avec-enhanced-mitochondrial-support-200-mg-30.jpg","width":680,"height":680},{"@type":"BreadcrumbList","@id":"https:\/\/vitablanca.ma\/produit\/life-extension-super-ubiquinol-coq10-200-mg-30-capsules\/#breadcrumb","itemListElement":[{"@type":"ListItem","position":1,"name":"Home","item":"https:\/\/vitablanca.ma\/"},{"@type":"ListItem","position":2,"name":"Tous Les Produits","item":"https:\/\/vitablanca.ma\/tous-les-produits\/"},{"@type":"ListItem","position":3,"name":"Life Extension Super Ubiquinol CoQ10 200 mg, 30 capsules"}]},{"@type":"WebSite","@id":"https:\/\/vitablanca.ma\/#website","url":"https:\/\/vitablanca.ma\/","name":"VitaBlanca.ma | Food supplements, health &amp; beauty in Morocco","description":"sell premium vitamins and supplements from USA &amp; Canada, New Zealand, Morocco (NOW Foods, Solgar, Manuka). Fast delivery anywhere in Morocco.","publisher":{"@id":"https:\/\/vitablanca.ma\/#organization"},"alternateName":"VitaBlanca.ma","potentialAction":[{"@type":"SearchAction","target":{"@type":"EntryPoint","urlTemplate":"https:\/\/vitablanca.ma\/?s={search_term_string}"},"query-input":{"@type":"PropertyValueSpecification","valueRequired":true,"valueName":"search_term_string"}}],"inLanguage":"en-US"},{"@type":"Organization","@id":"https:\/\/vitablanca.ma\/#organization","name":"VitaBlanca","url":"https:\/\/vitablanca.ma\/","logo":{"@type":"ImageObject","inLanguage":"en-US","@id":"https:\/\/vitablanca.ma\/#\/schema\/logo\/image\/","url":"https:\/\/vitablanca.ma\/wp-content\/uploads\/2025\/05\/cropped-vitablanca.png","contentUrl":"https:\/\/vitablanca.ma\/wp-content\/uploads\/2025\/05\/cropped-vitablanca.png","width":360,"height":67,"caption":"VitaBlanca"},"image":{"@id":"https:\/\/vitablanca.ma\/#\/schema\/logo\/image\/"},"sameAs":["https:\/\/www.facebook.com\/profile.php?id=61576678196717","https:\/\/www.tiktok.com\/@vitablanca.ma","https:\/\/www.instagram.com\/vitablanca.ma\/"]}]}},"jetpack_sharing_enabled":true,"_links":{"self":[{"href":"https:\/\/vitablanca.ma\/en\/wp-json\/wp\/v2\/product\/35337","targetHints":{"allow":["GET"]}}],"collection":[{"href":"https:\/\/vitablanca.ma\/en\/wp-json\/wp\/v2\/product"}],"about":[{"href":"https:\/\/vitablanca.ma\/en\/wp-json\/wp\/v2\/types\/product"}],"wp:featuredmedia":[{"embeddable":true,"href":"https:\/\/vitablanca.ma\/en\/wp-json\/wp\/v2\/media\/35338"}],"wp:attachment":[{"href":"https:\/\/vitablanca.ma\/en\/wp-json\/wp\/v2\/media?parent=35337"}],"wp:term":[{"taxonomy":"product_brand","embeddable":true,"href":"https:\/\/vitablanca.ma\/en\/wp-json\/wp\/v2\/product_brand?post=35337"},{"taxonomy":"product_cat","embeddable":true,"href":"https:\/\/vitablanca.ma\/en\/wp-json\/wp\/v2\/product_cat?post=35337"},{"taxonomy":"product_tag","embeddable":true,"href":"https:\/\/vitablanca.ma\/en\/wp-json\/wp\/v2\/product_tag?post=35337"}],"curies":[{"name":"wp","href":"https:\/\/api.w.org\/{rel}","templated":true}]}}