{"id":35328,"date":"2026-04-19T19:04:08","date_gmt":"2026-04-19T19:04:08","guid":{"rendered":"https:\/\/vitablanca.ma\/?post_type=product&#038;p=35328"},"modified":"2026-04-19T19:04:09","modified_gmt":"2026-04-19T19:04:09","slug":"solgar-niacine-vitamine-b3-500-mg-100-capsules-vegetales","status":"publish","type":"product","link":"https:\/\/vitablanca.ma\/en\/product\/solgar-niacine-vitamine-b3-500-mg-100-capsules-vegetales\/","title":{"rendered":"Solgar Niacine (vitamine B3), 500 mg, 100 capsules v\u00e9g\u00e9tales"},"content":{"rendered":"<p>La niacine\/vitamine B3 est une vitamine hydrosoluble qui fait partie du complexe B. Il est n\u00e9cessaire pour le m\u00e9tabolisme des glucides et des prot\u00e9ines en \u00e9nergie. La niacine soutient \u00e9galement la sant\u00e9 cardiovasculaire, la circulation et la sant\u00e9 du syst\u00e8me nerveux.<\/p>\n<p>Suggested Use<\/p>\n<p>As a dietary supplement for adults, take one (1) vegetable capsule per day, preferably with a meal.<\/p>","protected":false},"excerpt":{"rendered":"<p>Cardiovascular support<\/p>\n<p>Supports energy metabolism<\/p>\n<p>GMO-free<\/p>\n<p>Sans bl\u00e9 ni produits laitiers<\/p>\n<p>Suitable for vegans<\/p>\n<p>Certified gluten-free product<\/p>\n<p>Casher parev\u00e9<\/p>\n<p>Food supplement<\/p>","protected":false},"featured_media":35330,"template":"","meta":{"om_disable_all_campaigns":false},"product_brand":[42],"product_cat":[320,15],"product_tag":[2813,972,398,1704,2443,7745,49,889,12182,12181],"class_list":{"0":"post-35328","1":"product","2":"type-product","3":"status-publish","4":"has-post-thumbnail","6":"product_brand-solgar-prix-maroc","7":"product_cat-b3-2","8":"product_cat-beaute-sante-complements-alimentaires-soins-et-bien-etre-au-meilleur-prix","9":"product_tag-circulation-sanguine","10":"product_tag-complement-vitamine-b","11":"product_tag-energie","12":"product_tag-metabolisme","13":"product_tag-niacine-flush","14":"product_tag-peau-saine","15":"product_tag-solgar-maroc","16":"product_tag-solgar-niacine","17":"product_tag-supplement-vitamine-b3","18":"product_tag-vitamine-b3-500-mg","20":"first","21":"instock","22":"taxable","23":"shipping-taxable","24":"purchasable","25":"product-type-simple"},"yoast_head":"<!-- This site is optimized with the Yoast SEO plugin v27.4 - https:\/\/yoast.com\/product\/yoast-seo-wordpress\/ -->\n<title>Solgar Niacine (vitamine B3), 500 mg, 100 capsules - Maroc Prix<\/title>\n<meta name=\"description\" content=\"Solgar Niacine 500 mg (vitamine B3) soutient le m\u00e9tabolisme \u00e9nerg\u00e9tique, la circulation sanguine et la sant\u00e9 de la peau. Format \u00e9conomique de 100 capsules .\" \/>\n<meta name=\"robots\" content=\"index, follow, max-snippet:-1, max-image-preview:large, max-video-preview:-1\" \/>\n<link rel=\"canonical\" href=\"https:\/\/vitablanca.ma\/en\/product\/solgar-niacine-vitamine-b3-500-mg-100-capsules-vegetales\/\" \/>\n<meta property=\"og:locale\" content=\"en_US\" \/>\n<meta property=\"og:type\" content=\"article\" \/>\n<meta property=\"og:title\" content=\"Solgar Niacine (vitamine B3), 500 mg, 100 capsules - Maroc Prix\" \/>\n<meta property=\"og:description\" content=\"Solgar Niacine 500 mg (vitamine B3) soutient le m\u00e9tabolisme \u00e9nerg\u00e9tique, la circulation sanguine et la sant\u00e9 de la peau. Format \u00e9conomique de 100 capsules .\" \/>\n<meta property=\"og:url\" content=\"https:\/\/vitablanca.ma\/en\/product\/solgar-niacine-vitamine-b3-500-mg-100-capsules-vegetales\/\" \/>\n<meta property=\"og:site_name\" content=\"Vitablanca.ma &ndash; Sant&eacute;, vitalit&eacute; et bien-&ecirc;tre pour tous les Marocains\" \/>\n<meta property=\"article:publisher\" content=\"https:\/\/www.facebook.com\/profile.php?id=61576678196717\" \/>\n<meta property=\"article:modified_time\" content=\"2026-04-19T19:04:09+00:00\" \/>\n<meta property=\"og:image\" content=\"https:\/\/vitablanca.ma\/wp-content\/uploads\/2026\/04\/solgar-niacine-vitamine-b3-500-mg-100-capsules-vegetales.jpg\" \/>\n\t<meta property=\"og:image:width\" content=\"680\" \/>\n\t<meta property=\"og:image:height\" content=\"680\" \/>\n\t<meta property=\"og:image:type\" content=\"image\/jpeg\" \/>\n<meta name=\"twitter:card\" content=\"summary_large_image\" \/>\n<meta name=\"twitter:label1\" content=\"Est. reading time\" \/>\n\t<meta name=\"twitter:data1\" content=\"1 minute\" \/>\n<script type=\"application\/ld+json\" class=\"yoast-schema-graph\">{\"@context\":\"https:\\\/\\\/schema.org\",\"@graph\":[{\"@type\":[\"WebPage\",\"ItemPage\"],\"@id\":\"https:\\\/\\\/vitablanca.ma\\\/produit\\\/solgar-niacine-vitamine-b3-500-mg-100-capsules-vegetales\\\/\",\"url\":\"https:\\\/\\\/vitablanca.ma\\\/produit\\\/solgar-niacine-vitamine-b3-500-mg-100-capsules-vegetales\\\/\",\"name\":\"Solgar Niacine (vitamine B3), 500 mg, 100 capsules - Maroc Prix\",\"isPartOf\":{\"@id\":\"https:\\\/\\\/vitablanca.ma\\\/#website\"},\"primaryImageOfPage\":{\"@id\":\"https:\\\/\\\/vitablanca.ma\\\/produit\\\/solgar-niacine-vitamine-b3-500-mg-100-capsules-vegetales\\\/#primaryimage\"},\"image\":{\"@id\":\"https:\\\/\\\/vitablanca.ma\\\/produit\\\/solgar-niacine-vitamine-b3-500-mg-100-capsules-vegetales\\\/#primaryimage\"},\"thumbnailUrl\":\"https:\\\/\\\/vitablanca.ma\\\/wp-content\\\/uploads\\\/2026\\\/04\\\/solgar-niacine-vitamine-b3-500-mg-100-capsules-vegetales.jpg\",\"datePublished\":\"2026-04-19T19:04:08+00:00\",\"dateModified\":\"2026-04-19T19:04:09+00:00\",\"description\":\"Solgar Niacine 500 mg (vitamine B3) soutient le m\u00e9tabolisme \u00e9nerg\u00e9tique, la circulation sanguine et la sant\u00e9 de la peau. Format \u00e9conomique de 100 capsules .\",\"breadcrumb\":{\"@id\":\"https:\\\/\\\/vitablanca.ma\\\/produit\\\/solgar-niacine-vitamine-b3-500-mg-100-capsules-vegetales\\\/#breadcrumb\"},\"inLanguage\":\"en-US\",\"potentialAction\":[{\"@type\":\"ReadAction\",\"target\":[\"https:\\\/\\\/vitablanca.ma\\\/produit\\\/solgar-niacine-vitamine-b3-500-mg-100-capsules-vegetales\\\/\"]}]},{\"@type\":\"ImageObject\",\"inLanguage\":\"en-US\",\"@id\":\"https:\\\/\\\/vitablanca.ma\\\/produit\\\/solgar-niacine-vitamine-b3-500-mg-100-capsules-vegetales\\\/#primaryimage\",\"url\":\"https:\\\/\\\/vitablanca.ma\\\/wp-content\\\/uploads\\\/2026\\\/04\\\/solgar-niacine-vitamine-b3-500-mg-100-capsules-vegetales.jpg\",\"contentUrl\":\"https:\\\/\\\/vitablanca.ma\\\/wp-content\\\/uploads\\\/2026\\\/04\\\/solgar-niacine-vitamine-b3-500-mg-100-capsules-vegetales.jpg\",\"width\":680,\"height\":680},{\"@type\":\"BreadcrumbList\",\"@id\":\"https:\\\/\\\/vitablanca.ma\\\/produit\\\/solgar-niacine-vitamine-b3-500-mg-100-capsules-vegetales\\\/#breadcrumb\",\"itemListElement\":[{\"@type\":\"ListItem\",\"position\":1,\"name\":\"Home\",\"item\":\"https:\\\/\\\/vitablanca.ma\\\/\"},{\"@type\":\"ListItem\",\"position\":2,\"name\":\"Tous Les Produits\",\"item\":\"https:\\\/\\\/vitablanca.ma\\\/tous-les-produits\\\/\"},{\"@type\":\"ListItem\",\"position\":3,\"name\":\"Solgar Niacine (vitamine B3), 500 mg, 100 capsules v\u00e9g\u00e9tales\"}]},{\"@type\":\"WebSite\",\"@id\":\"https:\\\/\\\/vitablanca.ma\\\/#website\",\"url\":\"https:\\\/\\\/vitablanca.ma\\\/\",\"name\":\"VitaBlanca.ma | Compl\u00e9ments alimentaires, sant\u00e9 & beaut\u00e9 au Maroc\",\"description\":\"vendre vitamines et compl\u00e9ments premium des USA &amp; Canada, Nouvelle Z\u00e9lande,Maroc (NOW Foods, Solgar, Manuka). Livraison rapide partout au Maroc.\",\"publisher\":{\"@id\":\"https:\\\/\\\/vitablanca.ma\\\/#organization\"},\"alternateName\":\"VitaBlanca.ma\",\"potentialAction\":[{\"@type\":\"SearchAction\",\"target\":{\"@type\":\"EntryPoint\",\"urlTemplate\":\"https:\\\/\\\/vitablanca.ma\\\/?s={search_term_string}\"},\"query-input\":{\"@type\":\"PropertyValueSpecification\",\"valueRequired\":true,\"valueName\":\"search_term_string\"}}],\"inLanguage\":\"en-US\"},{\"@type\":\"Organization\",\"@id\":\"https:\\\/\\\/vitablanca.ma\\\/#organization\",\"name\":\"VitaBlanca\",\"url\":\"https:\\\/\\\/vitablanca.ma\\\/\",\"logo\":{\"@type\":\"ImageObject\",\"inLanguage\":\"en-US\",\"@id\":\"https:\\\/\\\/vitablanca.ma\\\/#\\\/schema\\\/logo\\\/image\\\/\",\"url\":\"https:\\\/\\\/vitablanca.ma\\\/wp-content\\\/uploads\\\/2025\\\/05\\\/cropped-vitablanca.png\",\"contentUrl\":\"https:\\\/\\\/vitablanca.ma\\\/wp-content\\\/uploads\\\/2025\\\/05\\\/cropped-vitablanca.png\",\"width\":360,\"height\":67,\"caption\":\"VitaBlanca\"},\"image\":{\"@id\":\"https:\\\/\\\/vitablanca.ma\\\/#\\\/schema\\\/logo\\\/image\\\/\"},\"sameAs\":[\"https:\\\/\\\/www.facebook.com\\\/profile.php?id=61576678196717\",\"https:\\\/\\\/www.tiktok.com\\\/@vitablanca.ma\",\"https:\\\/\\\/www.instagram.com\\\/vitablanca.ma\\\/\"]}]}<\/script>\n<!-- \/ Yoast SEO plugin. -->","yoast_head_json":{"title":"Solgar Niacine (vitamine B3), 500 mg, 100 capsules - Maroc Prix","description":"Solgar Niacine 500 mg (vitamine B3) soutient le m\u00e9tabolisme \u00e9nerg\u00e9tique, la circulation sanguine et la sant\u00e9 de la peau. Format \u00e9conomique de 100 capsules .","robots":{"index":"index","follow":"follow","max-snippet":"max-snippet:-1","max-image-preview":"max-image-preview:large","max-video-preview":"max-video-preview:-1"},"canonical":"https:\/\/vitablanca.ma\/en\/product\/solgar-niacine-vitamine-b3-500-mg-100-capsules-vegetales\/","og_locale":"en_US","og_type":"article","og_title":"Solgar Niacine (vitamine B3), 500 mg, 100 capsules - Maroc Prix","og_description":"Solgar Niacine 500 mg (vitamine B3) soutient le m\u00e9tabolisme \u00e9nerg\u00e9tique, la circulation sanguine et la sant\u00e9 de la peau. Format \u00e9conomique de 100 capsules .","og_url":"https:\/\/vitablanca.ma\/en\/product\/solgar-niacine-vitamine-b3-500-mg-100-capsules-vegetales\/","og_site_name":"Vitablanca.ma &ndash; Sant&eacute;, vitalit&eacute; et bien-&ecirc;tre pour tous les Marocains","article_publisher":"https:\/\/www.facebook.com\/profile.php?id=61576678196717","article_modified_time":"2026-04-19T19:04:09+00:00","og_image":[{"width":680,"height":680,"url":"https:\/\/vitablanca.ma\/wp-content\/uploads\/2026\/04\/solgar-niacine-vitamine-b3-500-mg-100-capsules-vegetales.jpg","type":"image\/jpeg"}],"twitter_card":"summary_large_image","twitter_misc":{"Est. reading time":"1 minute"},"schema":{"@context":"https:\/\/schema.org","@graph":[{"@type":["WebPage","ItemPage"],"@id":"https:\/\/vitablanca.ma\/produit\/solgar-niacine-vitamine-b3-500-mg-100-capsules-vegetales\/","url":"https:\/\/vitablanca.ma\/produit\/solgar-niacine-vitamine-b3-500-mg-100-capsules-vegetales\/","name":"Solgar Niacine (vitamine B3), 500 mg, 100 capsules - Maroc Prix","isPartOf":{"@id":"https:\/\/vitablanca.ma\/#website"},"primaryImageOfPage":{"@id":"https:\/\/vitablanca.ma\/produit\/solgar-niacine-vitamine-b3-500-mg-100-capsules-vegetales\/#primaryimage"},"image":{"@id":"https:\/\/vitablanca.ma\/produit\/solgar-niacine-vitamine-b3-500-mg-100-capsules-vegetales\/#primaryimage"},"thumbnailUrl":"https:\/\/vitablanca.ma\/wp-content\/uploads\/2026\/04\/solgar-niacine-vitamine-b3-500-mg-100-capsules-vegetales.jpg","datePublished":"2026-04-19T19:04:08+00:00","dateModified":"2026-04-19T19:04:09+00:00","description":"Solgar Niacine 500 mg (vitamine B3) soutient le m\u00e9tabolisme \u00e9nerg\u00e9tique, la circulation sanguine et la sant\u00e9 de la peau. Format \u00e9conomique de 100 capsules .","breadcrumb":{"@id":"https:\/\/vitablanca.ma\/produit\/solgar-niacine-vitamine-b3-500-mg-100-capsules-vegetales\/#breadcrumb"},"inLanguage":"en-US","potentialAction":[{"@type":"ReadAction","target":["https:\/\/vitablanca.ma\/produit\/solgar-niacine-vitamine-b3-500-mg-100-capsules-vegetales\/"]}]},{"@type":"ImageObject","inLanguage":"en-US","@id":"https:\/\/vitablanca.ma\/produit\/solgar-niacine-vitamine-b3-500-mg-100-capsules-vegetales\/#primaryimage","url":"https:\/\/vitablanca.ma\/wp-content\/uploads\/2026\/04\/solgar-niacine-vitamine-b3-500-mg-100-capsules-vegetales.jpg","contentUrl":"https:\/\/vitablanca.ma\/wp-content\/uploads\/2026\/04\/solgar-niacine-vitamine-b3-500-mg-100-capsules-vegetales.jpg","width":680,"height":680},{"@type":"BreadcrumbList","@id":"https:\/\/vitablanca.ma\/produit\/solgar-niacine-vitamine-b3-500-mg-100-capsules-vegetales\/#breadcrumb","itemListElement":[{"@type":"ListItem","position":1,"name":"Home","item":"https:\/\/vitablanca.ma\/"},{"@type":"ListItem","position":2,"name":"Tous Les Produits","item":"https:\/\/vitablanca.ma\/tous-les-produits\/"},{"@type":"ListItem","position":3,"name":"Solgar Niacine (vitamine B3), 500 mg, 100 capsules v\u00e9g\u00e9tales"}]},{"@type":"WebSite","@id":"https:\/\/vitablanca.ma\/#website","url":"https:\/\/vitablanca.ma\/","name":"VitaBlanca.ma | Food supplements, health &amp; beauty in Morocco","description":"sell premium vitamins and supplements from USA &amp; Canada, New Zealand, Morocco (NOW Foods, Solgar, Manuka). Fast delivery anywhere in Morocco.","publisher":{"@id":"https:\/\/vitablanca.ma\/#organization"},"alternateName":"VitaBlanca.ma","potentialAction":[{"@type":"SearchAction","target":{"@type":"EntryPoint","urlTemplate":"https:\/\/vitablanca.ma\/?s={search_term_string}"},"query-input":{"@type":"PropertyValueSpecification","valueRequired":true,"valueName":"search_term_string"}}],"inLanguage":"en-US"},{"@type":"Organization","@id":"https:\/\/vitablanca.ma\/#organization","name":"VitaBlanca","url":"https:\/\/vitablanca.ma\/","logo":{"@type":"ImageObject","inLanguage":"en-US","@id":"https:\/\/vitablanca.ma\/#\/schema\/logo\/image\/","url":"https:\/\/vitablanca.ma\/wp-content\/uploads\/2025\/05\/cropped-vitablanca.png","contentUrl":"https:\/\/vitablanca.ma\/wp-content\/uploads\/2025\/05\/cropped-vitablanca.png","width":360,"height":67,"caption":"VitaBlanca"},"image":{"@id":"https:\/\/vitablanca.ma\/#\/schema\/logo\/image\/"},"sameAs":["https:\/\/www.facebook.com\/profile.php?id=61576678196717","https:\/\/www.tiktok.com\/@vitablanca.ma","https:\/\/www.instagram.com\/vitablanca.ma\/"]}]}},"jetpack_sharing_enabled":true,"_links":{"self":[{"href":"https:\/\/vitablanca.ma\/en\/wp-json\/wp\/v2\/product\/35328","targetHints":{"allow":["GET"]}}],"collection":[{"href":"https:\/\/vitablanca.ma\/en\/wp-json\/wp\/v2\/product"}],"about":[{"href":"https:\/\/vitablanca.ma\/en\/wp-json\/wp\/v2\/types\/product"}],"wp:featuredmedia":[{"embeddable":true,"href":"https:\/\/vitablanca.ma\/en\/wp-json\/wp\/v2\/media\/35330"}],"wp:attachment":[{"href":"https:\/\/vitablanca.ma\/en\/wp-json\/wp\/v2\/media?parent=35328"}],"wp:term":[{"taxonomy":"product_brand","embeddable":true,"href":"https:\/\/vitablanca.ma\/en\/wp-json\/wp\/v2\/product_brand?post=35328"},{"taxonomy":"product_cat","embeddable":true,"href":"https:\/\/vitablanca.ma\/en\/wp-json\/wp\/v2\/product_cat?post=35328"},{"taxonomy":"product_tag","embeddable":true,"href":"https:\/\/vitablanca.ma\/en\/wp-json\/wp\/v2\/product_tag?post=35328"}],"curies":[{"name":"wp","href":"https:\/\/api.w.org\/{rel}","templated":true}]}}