{"id":35279,"date":"2026-04-18T22:46:11","date_gmt":"2026-04-18T22:46:11","guid":{"rendered":"https:\/\/vitablanca.ma\/?post_type=product&#038;p=35279"},"modified":"2026-04-19T01:07:58","modified_gmt":"2026-04-19T01:07:58","slug":"naturanectar-red-bee-propolis-60-capsules-vegetales","status":"publish","type":"product","link":"https:\/\/vitablanca.ma\/en\/product\/naturanectar-red-bee-propolis-60-capsules-vegetales\/","title":{"rendered":"NaturaNectar Red Bee Propolis, 60 Capsules v\u00e9g\u00e9tales"},"content":{"rendered":"<p>La propolis rouge de NaturaNectar est le premier produit br\u00e9silien \u00e0 base de propolis rouge jamais commercialis\u00e9 aux \u00c9tats-Unis. Sa formule unique, son origine garantie et son proc\u00e9d\u00e9 exclusif Green\u00a0Extraction\u2122 offrent une puret\u00e9, une efficacit\u00e9 et une qualit\u00e9 impossibles \u00e0 reproduire. Depuis dix ans, de nouvelles \u00e9tudes scientifiques r\u00e9v\u00e8lent r\u00e9guli\u00e8rement les bienfaits ph\u00e9nom\u00e9naux de cet ingr\u00e9dient exotique pour la sant\u00e9. C&rsquo;est une source naturelle de compos\u00e9s tels que le n\u00e9ovestitol et le vestitol qui contient la plus grande vari\u00e9t\u00e9 de flavono\u00efdes de propolis mondiale. Cette diversit\u00e9 et un incroyable ORAC de 3540\u00a0\u00b5mol TE\/g font de la propolis rouge de NaturaNectar votre meilleur atout pour prot\u00e9ger et activer votre bien-\u00eatre naturellement.<\/p>\n<h3><strong>Suggested Use<\/strong><\/h3>\n<p>Prendre une capsule par voie orale une ou deux fois par jour pour soutenir la sant\u00e9 g\u00e9n\u00e9rale.<\/p>","protected":false},"excerpt":{"rendered":"<ul>\n<li>Syst\u00e8me endocrinien<\/li>\n<li>Immune system<\/li>\n<li>Respiratory system<\/li>\n<li>Syst\u00e8me reproducteur<\/li>\n<li>Lung cells<\/li>\n<li>Cellules sanguines<\/li>\n<\/ul>","protected":false},"featured_media":35280,"template":"","meta":{"om_disable_all_campaigns":false},"product_brand":[221],"product_cat":[19],"product_tag":[],"class_list":{"0":"post-35279","1":"product","2":"type-product","3":"status-publish","4":"has-post-thumbnail","6":"product_brand-natural-nectar","7":"product_cat-vitamines-supplements-dietetiques","9":"first","10":"instock","11":"sale","12":"taxable","13":"shipping-taxable","14":"purchasable","15":"product-type-simple"},"yoast_head":"<!-- This site is optimized with the Yoast SEO plugin v27.4 - https:\/\/yoast.com\/product\/yoast-seo-wordpress\/ -->\n<title>NaturaNectar Red Bee Propolis 60 Capsules - Maroc Prix<\/title>\n<meta name=\"description\" content=\"NaturaNectar Red Bee Propolis 60 capsules v\u00e9g\u00e9tales : propolis rouge puissante, riche en antioxydants pour renforcer l\u2019immunit\u00e9 .\" \/>\n<meta name=\"robots\" content=\"index, follow, max-snippet:-1, max-image-preview:large, max-video-preview:-1\" \/>\n<link rel=\"canonical\" href=\"https:\/\/vitablanca.ma\/en\/product\/naturanectar-red-bee-propolis-60-capsules-vegetales\/\" \/>\n<meta property=\"og:locale\" content=\"en_US\" \/>\n<meta property=\"og:type\" content=\"article\" \/>\n<meta property=\"og:title\" content=\"NaturaNectar Red Bee Propolis 60 Capsules - Maroc Prix\" \/>\n<meta property=\"og:description\" content=\"NaturaNectar Red Bee Propolis 60 capsules v\u00e9g\u00e9tales : propolis rouge puissante, riche en antioxydants pour renforcer l\u2019immunit\u00e9 .\" \/>\n<meta property=\"og:url\" content=\"https:\/\/vitablanca.ma\/en\/product\/naturanectar-red-bee-propolis-60-capsules-vegetales\/\" \/>\n<meta property=\"og:site_name\" content=\"Vitablanca.ma &ndash; Sant&eacute;, vitalit&eacute; et bien-&ecirc;tre pour tous les Marocains\" \/>\n<meta property=\"article:publisher\" content=\"https:\/\/www.facebook.com\/profile.php?id=61576678196717\" \/>\n<meta property=\"article:modified_time\" content=\"2026-04-19T01:07:58+00:00\" \/>\n<meta property=\"og:image\" content=\"https:\/\/vitablanca.ma\/wp-content\/uploads\/2026\/04\/naturanectar-red-bee-propolis-60-capsules-vegetales-.jpg\" \/>\n\t<meta property=\"og:image:width\" content=\"680\" \/>\n\t<meta property=\"og:image:height\" content=\"680\" \/>\n\t<meta property=\"og:image:type\" content=\"image\/jpeg\" \/>\n<meta name=\"twitter:card\" content=\"summary_large_image\" \/>\n<meta name=\"twitter:label1\" content=\"Est. reading time\" \/>\n\t<meta name=\"twitter:data1\" content=\"1 minute\" \/>\n<script type=\"application\/ld+json\" class=\"yoast-schema-graph\">{\"@context\":\"https:\\\/\\\/schema.org\",\"@graph\":[{\"@type\":[\"WebPage\",\"ItemPage\"],\"@id\":\"https:\\\/\\\/vitablanca.ma\\\/produit\\\/naturanectar-red-bee-propolis-60-capsules-vegetales\\\/\",\"url\":\"https:\\\/\\\/vitablanca.ma\\\/produit\\\/naturanectar-red-bee-propolis-60-capsules-vegetales\\\/\",\"name\":\"NaturaNectar Red Bee Propolis 60 Capsules - Maroc Prix\",\"isPartOf\":{\"@id\":\"https:\\\/\\\/vitablanca.ma\\\/#website\"},\"primaryImageOfPage\":{\"@id\":\"https:\\\/\\\/vitablanca.ma\\\/produit\\\/naturanectar-red-bee-propolis-60-capsules-vegetales\\\/#primaryimage\"},\"image\":{\"@id\":\"https:\\\/\\\/vitablanca.ma\\\/produit\\\/naturanectar-red-bee-propolis-60-capsules-vegetales\\\/#primaryimage\"},\"thumbnailUrl\":\"https:\\\/\\\/vitablanca.ma\\\/wp-content\\\/uploads\\\/2026\\\/04\\\/naturanectar-red-bee-propolis-60-capsules-vegetales-.jpg\",\"datePublished\":\"2026-04-18T22:46:11+00:00\",\"dateModified\":\"2026-04-19T01:07:58+00:00\",\"description\":\"NaturaNectar Red Bee Propolis 60 capsules v\u00e9g\u00e9tales : propolis rouge puissante, riche en antioxydants pour renforcer l\u2019immunit\u00e9 .\",\"breadcrumb\":{\"@id\":\"https:\\\/\\\/vitablanca.ma\\\/produit\\\/naturanectar-red-bee-propolis-60-capsules-vegetales\\\/#breadcrumb\"},\"inLanguage\":\"en-US\",\"potentialAction\":[{\"@type\":\"ReadAction\",\"target\":[\"https:\\\/\\\/vitablanca.ma\\\/produit\\\/naturanectar-red-bee-propolis-60-capsules-vegetales\\\/\"]}]},{\"@type\":\"ImageObject\",\"inLanguage\":\"en-US\",\"@id\":\"https:\\\/\\\/vitablanca.ma\\\/produit\\\/naturanectar-red-bee-propolis-60-capsules-vegetales\\\/#primaryimage\",\"url\":\"https:\\\/\\\/vitablanca.ma\\\/wp-content\\\/uploads\\\/2026\\\/04\\\/naturanectar-red-bee-propolis-60-capsules-vegetales-.jpg\",\"contentUrl\":\"https:\\\/\\\/vitablanca.ma\\\/wp-content\\\/uploads\\\/2026\\\/04\\\/naturanectar-red-bee-propolis-60-capsules-vegetales-.jpg\",\"width\":680,\"height\":680},{\"@type\":\"BreadcrumbList\",\"@id\":\"https:\\\/\\\/vitablanca.ma\\\/produit\\\/naturanectar-red-bee-propolis-60-capsules-vegetales\\\/#breadcrumb\",\"itemListElement\":[{\"@type\":\"ListItem\",\"position\":1,\"name\":\"Home\",\"item\":\"https:\\\/\\\/vitablanca.ma\\\/\"},{\"@type\":\"ListItem\",\"position\":2,\"name\":\"Tous Les Produits\",\"item\":\"https:\\\/\\\/vitablanca.ma\\\/tous-les-produits\\\/\"},{\"@type\":\"ListItem\",\"position\":3,\"name\":\"NaturaNectar Red Bee Propolis, 60 Capsules v\u00e9g\u00e9tales\"}]},{\"@type\":\"WebSite\",\"@id\":\"https:\\\/\\\/vitablanca.ma\\\/#website\",\"url\":\"https:\\\/\\\/vitablanca.ma\\\/\",\"name\":\"VitaBlanca.ma | Compl\u00e9ments alimentaires, sant\u00e9 & beaut\u00e9 au Maroc\",\"description\":\"vendre vitamines et compl\u00e9ments premium des USA &amp; Canada, Nouvelle Z\u00e9lande,Maroc (NOW Foods, Solgar, Manuka). Livraison rapide partout au Maroc.\",\"publisher\":{\"@id\":\"https:\\\/\\\/vitablanca.ma\\\/#organization\"},\"alternateName\":\"VitaBlanca.ma\",\"potentialAction\":[{\"@type\":\"SearchAction\",\"target\":{\"@type\":\"EntryPoint\",\"urlTemplate\":\"https:\\\/\\\/vitablanca.ma\\\/?s={search_term_string}\"},\"query-input\":{\"@type\":\"PropertyValueSpecification\",\"valueRequired\":true,\"valueName\":\"search_term_string\"}}],\"inLanguage\":\"en-US\"},{\"@type\":\"Organization\",\"@id\":\"https:\\\/\\\/vitablanca.ma\\\/#organization\",\"name\":\"VitaBlanca\",\"url\":\"https:\\\/\\\/vitablanca.ma\\\/\",\"logo\":{\"@type\":\"ImageObject\",\"inLanguage\":\"en-US\",\"@id\":\"https:\\\/\\\/vitablanca.ma\\\/#\\\/schema\\\/logo\\\/image\\\/\",\"url\":\"https:\\\/\\\/vitablanca.ma\\\/wp-content\\\/uploads\\\/2025\\\/05\\\/cropped-vitablanca.png\",\"contentUrl\":\"https:\\\/\\\/vitablanca.ma\\\/wp-content\\\/uploads\\\/2025\\\/05\\\/cropped-vitablanca.png\",\"width\":360,\"height\":67,\"caption\":\"VitaBlanca\"},\"image\":{\"@id\":\"https:\\\/\\\/vitablanca.ma\\\/#\\\/schema\\\/logo\\\/image\\\/\"},\"sameAs\":[\"https:\\\/\\\/www.facebook.com\\\/profile.php?id=61576678196717\",\"https:\\\/\\\/www.tiktok.com\\\/@vitablanca.ma\",\"https:\\\/\\\/www.instagram.com\\\/vitablanca.ma\\\/\"]}]}<\/script>\n<!-- \/ Yoast SEO plugin. -->","yoast_head_json":{"title":"NaturaNectar Red Bee Propolis 60 Capsules - Maroc Prix","description":"NaturaNectar Red Bee Propolis 60 capsules v\u00e9g\u00e9tales : propolis rouge puissante, riche en antioxydants pour renforcer l\u2019immunit\u00e9 .","robots":{"index":"index","follow":"follow","max-snippet":"max-snippet:-1","max-image-preview":"max-image-preview:large","max-video-preview":"max-video-preview:-1"},"canonical":"https:\/\/vitablanca.ma\/en\/product\/naturanectar-red-bee-propolis-60-capsules-vegetales\/","og_locale":"en_US","og_type":"article","og_title":"NaturaNectar Red Bee Propolis 60 Capsules - Maroc Prix","og_description":"NaturaNectar Red Bee Propolis 60 capsules v\u00e9g\u00e9tales : propolis rouge puissante, riche en antioxydants pour renforcer l\u2019immunit\u00e9 .","og_url":"https:\/\/vitablanca.ma\/en\/product\/naturanectar-red-bee-propolis-60-capsules-vegetales\/","og_site_name":"Vitablanca.ma &ndash; Sant&eacute;, vitalit&eacute; et bien-&ecirc;tre pour tous les Marocains","article_publisher":"https:\/\/www.facebook.com\/profile.php?id=61576678196717","article_modified_time":"2026-04-19T01:07:58+00:00","og_image":[{"width":680,"height":680,"url":"https:\/\/vitablanca.ma\/wp-content\/uploads\/2026\/04\/naturanectar-red-bee-propolis-60-capsules-vegetales-.jpg","type":"image\/jpeg"}],"twitter_card":"summary_large_image","twitter_misc":{"Est. reading time":"1 minute"},"schema":{"@context":"https:\/\/schema.org","@graph":[{"@type":["WebPage","ItemPage"],"@id":"https:\/\/vitablanca.ma\/produit\/naturanectar-red-bee-propolis-60-capsules-vegetales\/","url":"https:\/\/vitablanca.ma\/produit\/naturanectar-red-bee-propolis-60-capsules-vegetales\/","name":"NaturaNectar Red Bee Propolis 60 Capsules - Maroc Prix","isPartOf":{"@id":"https:\/\/vitablanca.ma\/#website"},"primaryImageOfPage":{"@id":"https:\/\/vitablanca.ma\/produit\/naturanectar-red-bee-propolis-60-capsules-vegetales\/#primaryimage"},"image":{"@id":"https:\/\/vitablanca.ma\/produit\/naturanectar-red-bee-propolis-60-capsules-vegetales\/#primaryimage"},"thumbnailUrl":"https:\/\/vitablanca.ma\/wp-content\/uploads\/2026\/04\/naturanectar-red-bee-propolis-60-capsules-vegetales-.jpg","datePublished":"2026-04-18T22:46:11+00:00","dateModified":"2026-04-19T01:07:58+00:00","description":"NaturaNectar Red Bee Propolis 60 capsules v\u00e9g\u00e9tales : propolis rouge puissante, riche en antioxydants pour renforcer l\u2019immunit\u00e9 .","breadcrumb":{"@id":"https:\/\/vitablanca.ma\/produit\/naturanectar-red-bee-propolis-60-capsules-vegetales\/#breadcrumb"},"inLanguage":"en-US","potentialAction":[{"@type":"ReadAction","target":["https:\/\/vitablanca.ma\/produit\/naturanectar-red-bee-propolis-60-capsules-vegetales\/"]}]},{"@type":"ImageObject","inLanguage":"en-US","@id":"https:\/\/vitablanca.ma\/produit\/naturanectar-red-bee-propolis-60-capsules-vegetales\/#primaryimage","url":"https:\/\/vitablanca.ma\/wp-content\/uploads\/2026\/04\/naturanectar-red-bee-propolis-60-capsules-vegetales-.jpg","contentUrl":"https:\/\/vitablanca.ma\/wp-content\/uploads\/2026\/04\/naturanectar-red-bee-propolis-60-capsules-vegetales-.jpg","width":680,"height":680},{"@type":"BreadcrumbList","@id":"https:\/\/vitablanca.ma\/produit\/naturanectar-red-bee-propolis-60-capsules-vegetales\/#breadcrumb","itemListElement":[{"@type":"ListItem","position":1,"name":"Home","item":"https:\/\/vitablanca.ma\/"},{"@type":"ListItem","position":2,"name":"Tous Les Produits","item":"https:\/\/vitablanca.ma\/tous-les-produits\/"},{"@type":"ListItem","position":3,"name":"NaturaNectar Red Bee Propolis, 60 Capsules v\u00e9g\u00e9tales"}]},{"@type":"WebSite","@id":"https:\/\/vitablanca.ma\/#website","url":"https:\/\/vitablanca.ma\/","name":"VitaBlanca.ma | Food supplements, health &amp; beauty in Morocco","description":"sell premium vitamins and supplements from USA &amp; Canada, New Zealand, Morocco (NOW Foods, Solgar, Manuka). Fast delivery anywhere in Morocco.","publisher":{"@id":"https:\/\/vitablanca.ma\/#organization"},"alternateName":"VitaBlanca.ma","potentialAction":[{"@type":"SearchAction","target":{"@type":"EntryPoint","urlTemplate":"https:\/\/vitablanca.ma\/?s={search_term_string}"},"query-input":{"@type":"PropertyValueSpecification","valueRequired":true,"valueName":"search_term_string"}}],"inLanguage":"en-US"},{"@type":"Organization","@id":"https:\/\/vitablanca.ma\/#organization","name":"VitaBlanca","url":"https:\/\/vitablanca.ma\/","logo":{"@type":"ImageObject","inLanguage":"en-US","@id":"https:\/\/vitablanca.ma\/#\/schema\/logo\/image\/","url":"https:\/\/vitablanca.ma\/wp-content\/uploads\/2025\/05\/cropped-vitablanca.png","contentUrl":"https:\/\/vitablanca.ma\/wp-content\/uploads\/2025\/05\/cropped-vitablanca.png","width":360,"height":67,"caption":"VitaBlanca"},"image":{"@id":"https:\/\/vitablanca.ma\/#\/schema\/logo\/image\/"},"sameAs":["https:\/\/www.facebook.com\/profile.php?id=61576678196717","https:\/\/www.tiktok.com\/@vitablanca.ma","https:\/\/www.instagram.com\/vitablanca.ma\/"]}]}},"jetpack_sharing_enabled":true,"_links":{"self":[{"href":"https:\/\/vitablanca.ma\/en\/wp-json\/wp\/v2\/product\/35279","targetHints":{"allow":["GET"]}}],"collection":[{"href":"https:\/\/vitablanca.ma\/en\/wp-json\/wp\/v2\/product"}],"about":[{"href":"https:\/\/vitablanca.ma\/en\/wp-json\/wp\/v2\/types\/product"}],"wp:featuredmedia":[{"embeddable":true,"href":"https:\/\/vitablanca.ma\/en\/wp-json\/wp\/v2\/media\/35280"}],"wp:attachment":[{"href":"https:\/\/vitablanca.ma\/en\/wp-json\/wp\/v2\/media?parent=35279"}],"wp:term":[{"taxonomy":"product_brand","embeddable":true,"href":"https:\/\/vitablanca.ma\/en\/wp-json\/wp\/v2\/product_brand?post=35279"},{"taxonomy":"product_cat","embeddable":true,"href":"https:\/\/vitablanca.ma\/en\/wp-json\/wp\/v2\/product_cat?post=35279"},{"taxonomy":"product_tag","embeddable":true,"href":"https:\/\/vitablanca.ma\/en\/wp-json\/wp\/v2\/product_tag?post=35279"}],"curies":[{"name":"wp","href":"https:\/\/api.w.org\/{rel}","templated":true}]}}