{"id":35155,"date":"2026-04-15T11:55:37","date_gmt":"2026-04-15T11:55:37","guid":{"rendered":"https:\/\/vitablanca.ma\/?post_type=product&#038;p=35155"},"modified":"2026-04-15T11:55:38","modified_gmt":"2026-04-15T11:55:38","slug":"solgar-megasorb-coq-10-100-mg-60-capsules-molles","status":"publish","type":"product","link":"https:\/\/vitablanca.ma\/en\/product\/solgar-megasorb-coq-10-100-mg-60-capsules-molles\/","title":{"rendered":"Solgar Megasorb CoQ-10, 100 mg, 60 capsules molles"},"content":{"rendered":"<p>Les taux de CoQ10 peuvent varier en fonction de l&rsquo;\u00e2ge, de l&rsquo;activit\u00e9 physique et des facteurs de stress environnementaux. La CoQ10 favorise la fonction cardiaque et contribue \u00e0 un vieillissement en bonne sant\u00e9. Cette formule est propos\u00e9e sous forme de capsule molle \u00e0 base d&rsquo;huile pour une absorption et une assimilation optimales.<\/p>\n<p>Suggested Use<\/p>\n<p>En tant que compl\u00e9ment alimentaire pour adultes, prendre une (1) capsule molle jusqu&rsquo;\u00e0 deux fois par jour, de pr\u00e9f\u00e9rence avec les repas<\/p>","protected":false},"excerpt":{"rendered":"<p>Since 1947<\/p>\n<p>Improved absorption<\/p>\n<p>GMO-free<\/p>\n<p>Gluten, wheat and dairy free<\/p>\n<p>Food supplement<\/p>\n<p>Kaneka Q10<\/p>","protected":false},"featured_media":35157,"template":"","meta":{"om_disable_all_campaigns":false},"product_brand":[],"product_cat":[5205],"product_tag":[441,5214,821,4268,455,12142,398,1767,12140,12046,6429,208,10956,12141,4307],"class_list":{"0":"post-35155","1":"product","2":"type-product","3":"status-publish","4":"has-post-thumbnail","6":"product_cat-coq10","7":"product_tag-antioxydant","8":"product_tag-coenzyme-q10","9":"product_tag-complement-alimentaire-maroc","10":"product_tag-complement-energie","11":"product_tag-coq10","12":"product_tag-coq10-100-mg","13":"product_tag-energie","14":"product_tag-fatigue","15":"product_tag-megasorb","16":"product_tag-performance-physique","17":"product_tag-sante-coeur","18":"product_tag-solgar","19":"product_tag-stress-oxydatif","20":"product_tag-supplement-coq10","21":"product_tag-vitalite","23":"first","24":"instock","25":"taxable","26":"shipping-taxable","27":"purchasable","28":"product-type-simple"},"yoast_head":"<!-- This site is optimized with the Yoast SEO plugin v27.4 - https:\/\/yoast.com\/product\/yoast-seo-wordpress\/ -->\n<title>Solgar Megasorb CoQ-10, 100 mg, 60 capsules molles - Maroc Prix<\/title>\n<meta name=\"description\" content=\"Solgar Megasorb CoQ-10 100 mg : coenzyme Q10 hautement absorbable pour booster l\u2019\u00e9nergie, soutenir le c\u0153ur et lutter contre le stress oxydatif.\" \/>\n<meta name=\"robots\" content=\"index, follow, max-snippet:-1, max-image-preview:large, max-video-preview:-1\" \/>\n<link rel=\"canonical\" href=\"https:\/\/vitablanca.ma\/en\/product\/solgar-megasorb-coq-10-100-mg-60-capsules-molles\/\" \/>\n<meta property=\"og:locale\" content=\"en_US\" \/>\n<meta property=\"og:type\" content=\"article\" \/>\n<meta property=\"og:title\" content=\"Solgar Megasorb CoQ-10, 100 mg, 60 capsules molles - Maroc Prix\" \/>\n<meta property=\"og:description\" content=\"Solgar Megasorb CoQ-10 100 mg : coenzyme Q10 hautement absorbable pour booster l\u2019\u00e9nergie, soutenir le c\u0153ur et lutter contre le stress oxydatif.\" \/>\n<meta property=\"og:url\" content=\"https:\/\/vitablanca.ma\/en\/product\/solgar-megasorb-coq-10-100-mg-60-capsules-molles\/\" \/>\n<meta property=\"og:site_name\" content=\"Vitablanca.ma &ndash; Sant&eacute;, vitalit&eacute; et bien-&ecirc;tre pour tous les Marocains\" \/>\n<meta property=\"article:publisher\" content=\"https:\/\/www.facebook.com\/profile.php?id=61576678196717\" \/>\n<meta property=\"article:modified_time\" content=\"2026-04-15T11:55:38+00:00\" \/>\n<meta property=\"og:image\" content=\"https:\/\/vitablanca.ma\/wp-content\/uploads\/2026\/04\/solgar-megasorb-coq-10-100-mg-60-capsules-molles.jpg\" \/>\n\t<meta property=\"og:image:width\" content=\"680\" \/>\n\t<meta property=\"og:image:height\" content=\"680\" \/>\n\t<meta property=\"og:image:type\" content=\"image\/jpeg\" \/>\n<meta name=\"twitter:card\" content=\"summary_large_image\" \/>\n<meta name=\"twitter:label1\" content=\"Est. reading time\" \/>\n\t<meta name=\"twitter:data1\" content=\"1 minute\" \/>\n<script type=\"application\/ld+json\" class=\"yoast-schema-graph\">{\"@context\":\"https:\\\/\\\/schema.org\",\"@graph\":[{\"@type\":[\"WebPage\",\"ItemPage\"],\"@id\":\"https:\\\/\\\/vitablanca.ma\\\/produit\\\/solgar-megasorb-coq-10-100-mg-60-capsules-molles\\\/\",\"url\":\"https:\\\/\\\/vitablanca.ma\\\/produit\\\/solgar-megasorb-coq-10-100-mg-60-capsules-molles\\\/\",\"name\":\"Solgar Megasorb CoQ-10, 100 mg, 60 capsules molles - Maroc Prix\",\"isPartOf\":{\"@id\":\"https:\\\/\\\/vitablanca.ma\\\/#website\"},\"primaryImageOfPage\":{\"@id\":\"https:\\\/\\\/vitablanca.ma\\\/produit\\\/solgar-megasorb-coq-10-100-mg-60-capsules-molles\\\/#primaryimage\"},\"image\":{\"@id\":\"https:\\\/\\\/vitablanca.ma\\\/produit\\\/solgar-megasorb-coq-10-100-mg-60-capsules-molles\\\/#primaryimage\"},\"thumbnailUrl\":\"https:\\\/\\\/vitablanca.ma\\\/wp-content\\\/uploads\\\/2026\\\/04\\\/solgar-megasorb-coq-10-100-mg-60-capsules-molles.jpg\",\"datePublished\":\"2026-04-15T11:55:37+00:00\",\"dateModified\":\"2026-04-15T11:55:38+00:00\",\"description\":\"Solgar Megasorb CoQ-10 100 mg : coenzyme Q10 hautement absorbable pour booster l\u2019\u00e9nergie, soutenir le c\u0153ur et lutter contre le stress oxydatif.\",\"breadcrumb\":{\"@id\":\"https:\\\/\\\/vitablanca.ma\\\/produit\\\/solgar-megasorb-coq-10-100-mg-60-capsules-molles\\\/#breadcrumb\"},\"inLanguage\":\"en-US\",\"potentialAction\":[{\"@type\":\"ReadAction\",\"target\":[\"https:\\\/\\\/vitablanca.ma\\\/produit\\\/solgar-megasorb-coq-10-100-mg-60-capsules-molles\\\/\"]}]},{\"@type\":\"ImageObject\",\"inLanguage\":\"en-US\",\"@id\":\"https:\\\/\\\/vitablanca.ma\\\/produit\\\/solgar-megasorb-coq-10-100-mg-60-capsules-molles\\\/#primaryimage\",\"url\":\"https:\\\/\\\/vitablanca.ma\\\/wp-content\\\/uploads\\\/2026\\\/04\\\/solgar-megasorb-coq-10-100-mg-60-capsules-molles.jpg\",\"contentUrl\":\"https:\\\/\\\/vitablanca.ma\\\/wp-content\\\/uploads\\\/2026\\\/04\\\/solgar-megasorb-coq-10-100-mg-60-capsules-molles.jpg\",\"width\":680,\"height\":680},{\"@type\":\"BreadcrumbList\",\"@id\":\"https:\\\/\\\/vitablanca.ma\\\/produit\\\/solgar-megasorb-coq-10-100-mg-60-capsules-molles\\\/#breadcrumb\",\"itemListElement\":[{\"@type\":\"ListItem\",\"position\":1,\"name\":\"Home\",\"item\":\"https:\\\/\\\/vitablanca.ma\\\/\"},{\"@type\":\"ListItem\",\"position\":2,\"name\":\"Tous Les Produits\",\"item\":\"https:\\\/\\\/vitablanca.ma\\\/tous-les-produits\\\/\"},{\"@type\":\"ListItem\",\"position\":3,\"name\":\"Solgar Megasorb CoQ-10, 100 mg, 60 capsules molles\"}]},{\"@type\":\"WebSite\",\"@id\":\"https:\\\/\\\/vitablanca.ma\\\/#website\",\"url\":\"https:\\\/\\\/vitablanca.ma\\\/\",\"name\":\"VitaBlanca.ma | Compl\u00e9ments alimentaires, sant\u00e9 & beaut\u00e9 au Maroc\",\"description\":\"vendre vitamines et compl\u00e9ments premium des USA &amp; Canada, Nouvelle Z\u00e9lande,Maroc (NOW Foods, Solgar, Manuka). Livraison rapide partout au Maroc.\",\"publisher\":{\"@id\":\"https:\\\/\\\/vitablanca.ma\\\/#organization\"},\"alternateName\":\"VitaBlanca.ma\",\"potentialAction\":[{\"@type\":\"SearchAction\",\"target\":{\"@type\":\"EntryPoint\",\"urlTemplate\":\"https:\\\/\\\/vitablanca.ma\\\/?s={search_term_string}\"},\"query-input\":{\"@type\":\"PropertyValueSpecification\",\"valueRequired\":true,\"valueName\":\"search_term_string\"}}],\"inLanguage\":\"en-US\"},{\"@type\":\"Organization\",\"@id\":\"https:\\\/\\\/vitablanca.ma\\\/#organization\",\"name\":\"VitaBlanca\",\"url\":\"https:\\\/\\\/vitablanca.ma\\\/\",\"logo\":{\"@type\":\"ImageObject\",\"inLanguage\":\"en-US\",\"@id\":\"https:\\\/\\\/vitablanca.ma\\\/#\\\/schema\\\/logo\\\/image\\\/\",\"url\":\"https:\\\/\\\/vitablanca.ma\\\/wp-content\\\/uploads\\\/2025\\\/05\\\/cropped-vitablanca.png\",\"contentUrl\":\"https:\\\/\\\/vitablanca.ma\\\/wp-content\\\/uploads\\\/2025\\\/05\\\/cropped-vitablanca.png\",\"width\":360,\"height\":67,\"caption\":\"VitaBlanca\"},\"image\":{\"@id\":\"https:\\\/\\\/vitablanca.ma\\\/#\\\/schema\\\/logo\\\/image\\\/\"},\"sameAs\":[\"https:\\\/\\\/www.facebook.com\\\/profile.php?id=61576678196717\",\"https:\\\/\\\/www.tiktok.com\\\/@vitablanca.ma\",\"https:\\\/\\\/www.instagram.com\\\/vitablanca.ma\\\/\"]}]}<\/script>\n<!-- \/ Yoast SEO plugin. -->","yoast_head_json":{"title":"Solgar Megasorb CoQ-10, 100 mg, 60 capsules molles - Maroc Prix","description":"Solgar Megasorb CoQ-10 100 mg : coenzyme Q10 hautement absorbable pour booster l\u2019\u00e9nergie, soutenir le c\u0153ur et lutter contre le stress oxydatif.","robots":{"index":"index","follow":"follow","max-snippet":"max-snippet:-1","max-image-preview":"max-image-preview:large","max-video-preview":"max-video-preview:-1"},"canonical":"https:\/\/vitablanca.ma\/en\/product\/solgar-megasorb-coq-10-100-mg-60-capsules-molles\/","og_locale":"en_US","og_type":"article","og_title":"Solgar Megasorb CoQ-10, 100 mg, 60 capsules molles - Maroc Prix","og_description":"Solgar Megasorb CoQ-10 100 mg : coenzyme Q10 hautement absorbable pour booster l\u2019\u00e9nergie, soutenir le c\u0153ur et lutter contre le stress oxydatif.","og_url":"https:\/\/vitablanca.ma\/en\/product\/solgar-megasorb-coq-10-100-mg-60-capsules-molles\/","og_site_name":"Vitablanca.ma &ndash; Sant&eacute;, vitalit&eacute; et bien-&ecirc;tre pour tous les Marocains","article_publisher":"https:\/\/www.facebook.com\/profile.php?id=61576678196717","article_modified_time":"2026-04-15T11:55:38+00:00","og_image":[{"width":680,"height":680,"url":"https:\/\/vitablanca.ma\/wp-content\/uploads\/2026\/04\/solgar-megasorb-coq-10-100-mg-60-capsules-molles.jpg","type":"image\/jpeg"}],"twitter_card":"summary_large_image","twitter_misc":{"Est. reading time":"1 minute"},"schema":{"@context":"https:\/\/schema.org","@graph":[{"@type":["WebPage","ItemPage"],"@id":"https:\/\/vitablanca.ma\/produit\/solgar-megasorb-coq-10-100-mg-60-capsules-molles\/","url":"https:\/\/vitablanca.ma\/produit\/solgar-megasorb-coq-10-100-mg-60-capsules-molles\/","name":"Solgar Megasorb CoQ-10, 100 mg, 60 capsules molles - Maroc Prix","isPartOf":{"@id":"https:\/\/vitablanca.ma\/#website"},"primaryImageOfPage":{"@id":"https:\/\/vitablanca.ma\/produit\/solgar-megasorb-coq-10-100-mg-60-capsules-molles\/#primaryimage"},"image":{"@id":"https:\/\/vitablanca.ma\/produit\/solgar-megasorb-coq-10-100-mg-60-capsules-molles\/#primaryimage"},"thumbnailUrl":"https:\/\/vitablanca.ma\/wp-content\/uploads\/2026\/04\/solgar-megasorb-coq-10-100-mg-60-capsules-molles.jpg","datePublished":"2026-04-15T11:55:37+00:00","dateModified":"2026-04-15T11:55:38+00:00","description":"Solgar Megasorb CoQ-10 100 mg : coenzyme Q10 hautement absorbable pour booster l\u2019\u00e9nergie, soutenir le c\u0153ur et lutter contre le stress oxydatif.","breadcrumb":{"@id":"https:\/\/vitablanca.ma\/produit\/solgar-megasorb-coq-10-100-mg-60-capsules-molles\/#breadcrumb"},"inLanguage":"en-US","potentialAction":[{"@type":"ReadAction","target":["https:\/\/vitablanca.ma\/produit\/solgar-megasorb-coq-10-100-mg-60-capsules-molles\/"]}]},{"@type":"ImageObject","inLanguage":"en-US","@id":"https:\/\/vitablanca.ma\/produit\/solgar-megasorb-coq-10-100-mg-60-capsules-molles\/#primaryimage","url":"https:\/\/vitablanca.ma\/wp-content\/uploads\/2026\/04\/solgar-megasorb-coq-10-100-mg-60-capsules-molles.jpg","contentUrl":"https:\/\/vitablanca.ma\/wp-content\/uploads\/2026\/04\/solgar-megasorb-coq-10-100-mg-60-capsules-molles.jpg","width":680,"height":680},{"@type":"BreadcrumbList","@id":"https:\/\/vitablanca.ma\/produit\/solgar-megasorb-coq-10-100-mg-60-capsules-molles\/#breadcrumb","itemListElement":[{"@type":"ListItem","position":1,"name":"Home","item":"https:\/\/vitablanca.ma\/"},{"@type":"ListItem","position":2,"name":"Tous Les Produits","item":"https:\/\/vitablanca.ma\/tous-les-produits\/"},{"@type":"ListItem","position":3,"name":"Solgar Megasorb CoQ-10, 100 mg, 60 capsules molles"}]},{"@type":"WebSite","@id":"https:\/\/vitablanca.ma\/#website","url":"https:\/\/vitablanca.ma\/","name":"VitaBlanca.ma | Food supplements, health &amp; beauty in Morocco","description":"sell premium vitamins and supplements from USA &amp; Canada, New Zealand, Morocco (NOW Foods, Solgar, Manuka). Fast delivery anywhere in Morocco.","publisher":{"@id":"https:\/\/vitablanca.ma\/#organization"},"alternateName":"VitaBlanca.ma","potentialAction":[{"@type":"SearchAction","target":{"@type":"EntryPoint","urlTemplate":"https:\/\/vitablanca.ma\/?s={search_term_string}"},"query-input":{"@type":"PropertyValueSpecification","valueRequired":true,"valueName":"search_term_string"}}],"inLanguage":"en-US"},{"@type":"Organization","@id":"https:\/\/vitablanca.ma\/#organization","name":"VitaBlanca","url":"https:\/\/vitablanca.ma\/","logo":{"@type":"ImageObject","inLanguage":"en-US","@id":"https:\/\/vitablanca.ma\/#\/schema\/logo\/image\/","url":"https:\/\/vitablanca.ma\/wp-content\/uploads\/2025\/05\/cropped-vitablanca.png","contentUrl":"https:\/\/vitablanca.ma\/wp-content\/uploads\/2025\/05\/cropped-vitablanca.png","width":360,"height":67,"caption":"VitaBlanca"},"image":{"@id":"https:\/\/vitablanca.ma\/#\/schema\/logo\/image\/"},"sameAs":["https:\/\/www.facebook.com\/profile.php?id=61576678196717","https:\/\/www.tiktok.com\/@vitablanca.ma","https:\/\/www.instagram.com\/vitablanca.ma\/"]}]}},"jetpack_sharing_enabled":true,"_links":{"self":[{"href":"https:\/\/vitablanca.ma\/en\/wp-json\/wp\/v2\/product\/35155","targetHints":{"allow":["GET"]}}],"collection":[{"href":"https:\/\/vitablanca.ma\/en\/wp-json\/wp\/v2\/product"}],"about":[{"href":"https:\/\/vitablanca.ma\/en\/wp-json\/wp\/v2\/types\/product"}],"wp:featuredmedia":[{"embeddable":true,"href":"https:\/\/vitablanca.ma\/en\/wp-json\/wp\/v2\/media\/35157"}],"wp:attachment":[{"href":"https:\/\/vitablanca.ma\/en\/wp-json\/wp\/v2\/media?parent=35155"}],"wp:term":[{"taxonomy":"product_brand","embeddable":true,"href":"https:\/\/vitablanca.ma\/en\/wp-json\/wp\/v2\/product_brand?post=35155"},{"taxonomy":"product_cat","embeddable":true,"href":"https:\/\/vitablanca.ma\/en\/wp-json\/wp\/v2\/product_cat?post=35155"},{"taxonomy":"product_tag","embeddable":true,"href":"https:\/\/vitablanca.ma\/en\/wp-json\/wp\/v2\/product_tag?post=35155"}],"curies":[{"name":"wp","href":"https:\/\/api.w.org\/{rel}","templated":true}]}}