{"id":35150,"date":"2026-04-15T11:49:35","date_gmt":"2026-04-15T11:49:35","guid":{"rendered":"https:\/\/vitablanca.ma\/?post_type=product&#038;p=35150"},"modified":"2026-04-15T11:49:36","modified_gmt":"2026-04-15T11:49:36","slug":"solgar-complexe-a-lacide-hyaluronique-et-au-collagene-30-comprimes","status":"publish","type":"product","link":"https:\/\/vitablanca.ma\/en\/product\/solgar-complexe-a-lacide-hyaluronique-et-au-collagene-30-comprimes\/","title":{"rendered":"Solgar Complexe \u00e0 l&rsquo;acide hyaluronique et au collag\u00e8ne, 30 comprim\u00e9s"},"content":{"rendered":"<p>Voici l&rsquo;histoire du complexe au collag\u00e8ne et \u00e0 l&rsquo;acide hyaluronique de Solgar\u00ae : il nourrit votre peau de l&rsquo;int\u00e9rieur. Le r\u00e9sultat est une am\u00e9lioration de l&rsquo;\u00e9lasticit\u00e9 de la peau et une att\u00e9nuation de l&rsquo;apparence des rides et des ridules du visage.<\/p>\n<p>Contient du BioCell Collagen II\u00ae, un ingr\u00e9dient cliniquement \u00e9tudi\u00e9 compos\u00e9 d&rsquo;une matrice de peptides de collag\u00e8ne de type II, de sulfate de chondro\u00eftine et d&rsquo;acide hyaluronique.<\/p>\n<p>Sans oublier la vitamine C, qui participe \u00e0 la formation du collag\u00e8ne et qui favorise la sant\u00e9 des articulations.<\/p>\n<p>Source de collag\u00e8ne sans hormones ni antibiotiques<\/p>\n<p>Bas\u00e9 sur une \u00e9tude humaine o\u00f9 le collag\u00e8ne de la peau du sujet a augment\u00e9 apr\u00e8s 12 semaines de consommation de BioCell Collagen II\u00ae.<\/p>\n<p>Suggested Use<\/p>\n<p>En compl\u00e9ment alimentaire chez l&rsquo;adulte, prenez un (1) comprim\u00e9 par jour, de pr\u00e9f\u00e9rence durant un repas<\/p>","protected":false},"excerpt":{"rendered":"<p>Nourrit la peau de l&rsquo;int\u00e9rieur<\/p>\n<p>GMO-free<\/p>\n<p>Sans bl\u00e9 ni produits laitiers<\/p>\n<p>Certified gluten-free<\/p>\n<p>Food supplement<\/p>","protected":false},"featured_media":35151,"template":"","meta":{"om_disable_all_campaigns":false},"product_brand":[42],"product_cat":[699,164,19],"product_tag":[6322,6367,12081,12138,4305,1840,12136,6366,12139,3474,6416,8265,6910,6722,208,12137],"class_list":{"0":"post-35150","1":"product","2":"type-product","3":"status-publish","4":"has-post-thumbnail","6":"product_brand-solgar-prix-maroc","7":"product_cat-acide-hyaluronique","8":"product_cat-collagene","9":"product_cat-vitamines-supplements-dietetiques","10":"product_tag-acide-hyaluronique","11":"product_tag-anti-age","12":"product_tag-beaute-peau","13":"product_tag-collagen-supplement","14":"product_tag-collagene","15":"product_tag-complement-beaute-maroc","16":"product_tag-complement-peau","17":"product_tag-elasticite-peau","18":"product_tag-hyaluronic-acid-supplement","19":"product_tag-hydratation-peau","20":"product_tag-peau-eclatante","21":"product_tag-peau-ferme","22":"product_tag-rides","23":"product_tag-soin-peau","24":"product_tag-solgar","25":"product_tag-supplement-anti-age","27":"first","28":"instock","29":"taxable","30":"shipping-taxable","31":"purchasable","32":"product-type-simple"},"yoast_head":"<!-- This site is optimized with the Yoast SEO plugin v27.4 - https:\/\/yoast.com\/product\/yoast-seo-wordpress\/ -->\n<title>Solgar Complexe l&#039;acide hyaluronique et au collag\u00e8ne - Maroc Prix<\/title>\n<meta name=\"description\" content=\"Solgar Complexe acide hyaluronique et collag\u00e8ne : am\u00e9liore l\u2019hydratation, l\u2019\u00e9lasticit\u00e9 et la jeunesse de la peau. Compl\u00e9ment anti-\u00e2ge efficace.\" \/>\n<meta name=\"robots\" content=\"index, follow, max-snippet:-1, max-image-preview:large, max-video-preview:-1\" \/>\n<link rel=\"canonical\" href=\"https:\/\/vitablanca.ma\/en\/product\/solgar-complexe-a-lacide-hyaluronique-et-au-collagene-30-comprimes\/\" \/>\n<meta property=\"og:locale\" content=\"en_US\" \/>\n<meta property=\"og:type\" content=\"article\" \/>\n<meta property=\"og:title\" content=\"Solgar Complexe l&#039;acide hyaluronique et au collag\u00e8ne - Maroc Prix\" \/>\n<meta property=\"og:description\" content=\"Solgar Complexe acide hyaluronique et collag\u00e8ne : am\u00e9liore l\u2019hydratation, l\u2019\u00e9lasticit\u00e9 et la jeunesse de la peau. Compl\u00e9ment anti-\u00e2ge efficace.\" \/>\n<meta property=\"og:url\" content=\"https:\/\/vitablanca.ma\/en\/product\/solgar-complexe-a-lacide-hyaluronique-et-au-collagene-30-comprimes\/\" \/>\n<meta property=\"og:site_name\" content=\"Vitablanca.ma &ndash; Sant&eacute;, vitalit&eacute; et bien-&ecirc;tre pour tous les Marocains\" \/>\n<meta property=\"article:publisher\" content=\"https:\/\/www.facebook.com\/profile.php?id=61576678196717\" \/>\n<meta property=\"article:modified_time\" content=\"2026-04-15T11:49:36+00:00\" \/>\n<meta property=\"og:image\" content=\"https:\/\/vitablanca.ma\/wp-content\/uploads\/2026\/04\/solgar-complexe-a-lacide-hyaluronique-et-au-collagene-30-comprimes.jpg\" \/>\n\t<meta property=\"og:image:width\" content=\"680\" \/>\n\t<meta property=\"og:image:height\" content=\"680\" \/>\n\t<meta property=\"og:image:type\" content=\"image\/jpeg\" \/>\n<meta name=\"twitter:card\" content=\"summary_large_image\" \/>\n<meta name=\"twitter:label1\" content=\"Est. reading time\" \/>\n\t<meta name=\"twitter:data1\" content=\"1 minute\" \/>\n<script type=\"application\/ld+json\" class=\"yoast-schema-graph\">{\"@context\":\"https:\\\/\\\/schema.org\",\"@graph\":[{\"@type\":[\"WebPage\",\"ItemPage\"],\"@id\":\"https:\\\/\\\/vitablanca.ma\\\/produit\\\/solgar-complexe-a-lacide-hyaluronique-et-au-collagene-30-comprimes\\\/\",\"url\":\"https:\\\/\\\/vitablanca.ma\\\/produit\\\/solgar-complexe-a-lacide-hyaluronique-et-au-collagene-30-comprimes\\\/\",\"name\":\"Solgar Complexe l'acide hyaluronique et au collag\u00e8ne - Maroc Prix\",\"isPartOf\":{\"@id\":\"https:\\\/\\\/vitablanca.ma\\\/#website\"},\"primaryImageOfPage\":{\"@id\":\"https:\\\/\\\/vitablanca.ma\\\/produit\\\/solgar-complexe-a-lacide-hyaluronique-et-au-collagene-30-comprimes\\\/#primaryimage\"},\"image\":{\"@id\":\"https:\\\/\\\/vitablanca.ma\\\/produit\\\/solgar-complexe-a-lacide-hyaluronique-et-au-collagene-30-comprimes\\\/#primaryimage\"},\"thumbnailUrl\":\"https:\\\/\\\/vitablanca.ma\\\/wp-content\\\/uploads\\\/2026\\\/04\\\/solgar-complexe-a-lacide-hyaluronique-et-au-collagene-30-comprimes.jpg\",\"datePublished\":\"2026-04-15T11:49:35+00:00\",\"dateModified\":\"2026-04-15T11:49:36+00:00\",\"description\":\"Solgar Complexe acide hyaluronique et collag\u00e8ne : am\u00e9liore l\u2019hydratation, l\u2019\u00e9lasticit\u00e9 et la jeunesse de la peau. Compl\u00e9ment anti-\u00e2ge efficace.\",\"breadcrumb\":{\"@id\":\"https:\\\/\\\/vitablanca.ma\\\/produit\\\/solgar-complexe-a-lacide-hyaluronique-et-au-collagene-30-comprimes\\\/#breadcrumb\"},\"inLanguage\":\"en-US\",\"potentialAction\":[{\"@type\":\"ReadAction\",\"target\":[\"https:\\\/\\\/vitablanca.ma\\\/produit\\\/solgar-complexe-a-lacide-hyaluronique-et-au-collagene-30-comprimes\\\/\"]}]},{\"@type\":\"ImageObject\",\"inLanguage\":\"en-US\",\"@id\":\"https:\\\/\\\/vitablanca.ma\\\/produit\\\/solgar-complexe-a-lacide-hyaluronique-et-au-collagene-30-comprimes\\\/#primaryimage\",\"url\":\"https:\\\/\\\/vitablanca.ma\\\/wp-content\\\/uploads\\\/2026\\\/04\\\/solgar-complexe-a-lacide-hyaluronique-et-au-collagene-30-comprimes.jpg\",\"contentUrl\":\"https:\\\/\\\/vitablanca.ma\\\/wp-content\\\/uploads\\\/2026\\\/04\\\/solgar-complexe-a-lacide-hyaluronique-et-au-collagene-30-comprimes.jpg\",\"width\":680,\"height\":680},{\"@type\":\"BreadcrumbList\",\"@id\":\"https:\\\/\\\/vitablanca.ma\\\/produit\\\/solgar-complexe-a-lacide-hyaluronique-et-au-collagene-30-comprimes\\\/#breadcrumb\",\"itemListElement\":[{\"@type\":\"ListItem\",\"position\":1,\"name\":\"Home\",\"item\":\"https:\\\/\\\/vitablanca.ma\\\/\"},{\"@type\":\"ListItem\",\"position\":2,\"name\":\"Tous Les Produits\",\"item\":\"https:\\\/\\\/vitablanca.ma\\\/tous-les-produits\\\/\"},{\"@type\":\"ListItem\",\"position\":3,\"name\":\"Solgar Complexe \u00e0 l&#8217;acide hyaluronique et au collag\u00e8ne, 30 comprim\u00e9s\"}]},{\"@type\":\"WebSite\",\"@id\":\"https:\\\/\\\/vitablanca.ma\\\/#website\",\"url\":\"https:\\\/\\\/vitablanca.ma\\\/\",\"name\":\"VitaBlanca.ma | Compl\u00e9ments alimentaires, sant\u00e9 & beaut\u00e9 au Maroc\",\"description\":\"vendre vitamines et compl\u00e9ments premium des USA &amp; Canada, Nouvelle Z\u00e9lande,Maroc (NOW Foods, Solgar, Manuka). Livraison rapide partout au Maroc.\",\"publisher\":{\"@id\":\"https:\\\/\\\/vitablanca.ma\\\/#organization\"},\"alternateName\":\"VitaBlanca.ma\",\"potentialAction\":[{\"@type\":\"SearchAction\",\"target\":{\"@type\":\"EntryPoint\",\"urlTemplate\":\"https:\\\/\\\/vitablanca.ma\\\/?s={search_term_string}\"},\"query-input\":{\"@type\":\"PropertyValueSpecification\",\"valueRequired\":true,\"valueName\":\"search_term_string\"}}],\"inLanguage\":\"en-US\"},{\"@type\":\"Organization\",\"@id\":\"https:\\\/\\\/vitablanca.ma\\\/#organization\",\"name\":\"VitaBlanca\",\"url\":\"https:\\\/\\\/vitablanca.ma\\\/\",\"logo\":{\"@type\":\"ImageObject\",\"inLanguage\":\"en-US\",\"@id\":\"https:\\\/\\\/vitablanca.ma\\\/#\\\/schema\\\/logo\\\/image\\\/\",\"url\":\"https:\\\/\\\/vitablanca.ma\\\/wp-content\\\/uploads\\\/2025\\\/05\\\/cropped-vitablanca.png\",\"contentUrl\":\"https:\\\/\\\/vitablanca.ma\\\/wp-content\\\/uploads\\\/2025\\\/05\\\/cropped-vitablanca.png\",\"width\":360,\"height\":67,\"caption\":\"VitaBlanca\"},\"image\":{\"@id\":\"https:\\\/\\\/vitablanca.ma\\\/#\\\/schema\\\/logo\\\/image\\\/\"},\"sameAs\":[\"https:\\\/\\\/www.facebook.com\\\/profile.php?id=61576678196717\",\"https:\\\/\\\/www.tiktok.com\\\/@vitablanca.ma\",\"https:\\\/\\\/www.instagram.com\\\/vitablanca.ma\\\/\"]}]}<\/script>\n<!-- \/ Yoast SEO plugin. -->","yoast_head_json":{"title":"Solgar Complexe l'acide hyaluronique et au collag\u00e8ne - Maroc Prix","description":"Solgar Complexe acide hyaluronique et collag\u00e8ne : am\u00e9liore l\u2019hydratation, l\u2019\u00e9lasticit\u00e9 et la jeunesse de la peau. Compl\u00e9ment anti-\u00e2ge efficace.","robots":{"index":"index","follow":"follow","max-snippet":"max-snippet:-1","max-image-preview":"max-image-preview:large","max-video-preview":"max-video-preview:-1"},"canonical":"https:\/\/vitablanca.ma\/en\/product\/solgar-complexe-a-lacide-hyaluronique-et-au-collagene-30-comprimes\/","og_locale":"en_US","og_type":"article","og_title":"Solgar Complexe l'acide hyaluronique et au collag\u00e8ne - Maroc Prix","og_description":"Solgar Complexe acide hyaluronique et collag\u00e8ne : am\u00e9liore l\u2019hydratation, l\u2019\u00e9lasticit\u00e9 et la jeunesse de la peau. Compl\u00e9ment anti-\u00e2ge efficace.","og_url":"https:\/\/vitablanca.ma\/en\/product\/solgar-complexe-a-lacide-hyaluronique-et-au-collagene-30-comprimes\/","og_site_name":"Vitablanca.ma &ndash; Sant&eacute;, vitalit&eacute; et bien-&ecirc;tre pour tous les Marocains","article_publisher":"https:\/\/www.facebook.com\/profile.php?id=61576678196717","article_modified_time":"2026-04-15T11:49:36+00:00","og_image":[{"width":680,"height":680,"url":"https:\/\/vitablanca.ma\/wp-content\/uploads\/2026\/04\/solgar-complexe-a-lacide-hyaluronique-et-au-collagene-30-comprimes.jpg","type":"image\/jpeg"}],"twitter_card":"summary_large_image","twitter_misc":{"Est. reading time":"1 minute"},"schema":{"@context":"https:\/\/schema.org","@graph":[{"@type":["WebPage","ItemPage"],"@id":"https:\/\/vitablanca.ma\/produit\/solgar-complexe-a-lacide-hyaluronique-et-au-collagene-30-comprimes\/","url":"https:\/\/vitablanca.ma\/produit\/solgar-complexe-a-lacide-hyaluronique-et-au-collagene-30-comprimes\/","name":"Solgar Complexe l'acide hyaluronique et au collag\u00e8ne - Maroc Prix","isPartOf":{"@id":"https:\/\/vitablanca.ma\/#website"},"primaryImageOfPage":{"@id":"https:\/\/vitablanca.ma\/produit\/solgar-complexe-a-lacide-hyaluronique-et-au-collagene-30-comprimes\/#primaryimage"},"image":{"@id":"https:\/\/vitablanca.ma\/produit\/solgar-complexe-a-lacide-hyaluronique-et-au-collagene-30-comprimes\/#primaryimage"},"thumbnailUrl":"https:\/\/vitablanca.ma\/wp-content\/uploads\/2026\/04\/solgar-complexe-a-lacide-hyaluronique-et-au-collagene-30-comprimes.jpg","datePublished":"2026-04-15T11:49:35+00:00","dateModified":"2026-04-15T11:49:36+00:00","description":"Solgar Complexe acide hyaluronique et collag\u00e8ne : am\u00e9liore l\u2019hydratation, l\u2019\u00e9lasticit\u00e9 et la jeunesse de la peau. Compl\u00e9ment anti-\u00e2ge efficace.","breadcrumb":{"@id":"https:\/\/vitablanca.ma\/produit\/solgar-complexe-a-lacide-hyaluronique-et-au-collagene-30-comprimes\/#breadcrumb"},"inLanguage":"en-US","potentialAction":[{"@type":"ReadAction","target":["https:\/\/vitablanca.ma\/produit\/solgar-complexe-a-lacide-hyaluronique-et-au-collagene-30-comprimes\/"]}]},{"@type":"ImageObject","inLanguage":"en-US","@id":"https:\/\/vitablanca.ma\/produit\/solgar-complexe-a-lacide-hyaluronique-et-au-collagene-30-comprimes\/#primaryimage","url":"https:\/\/vitablanca.ma\/wp-content\/uploads\/2026\/04\/solgar-complexe-a-lacide-hyaluronique-et-au-collagene-30-comprimes.jpg","contentUrl":"https:\/\/vitablanca.ma\/wp-content\/uploads\/2026\/04\/solgar-complexe-a-lacide-hyaluronique-et-au-collagene-30-comprimes.jpg","width":680,"height":680},{"@type":"BreadcrumbList","@id":"https:\/\/vitablanca.ma\/produit\/solgar-complexe-a-lacide-hyaluronique-et-au-collagene-30-comprimes\/#breadcrumb","itemListElement":[{"@type":"ListItem","position":1,"name":"Home","item":"https:\/\/vitablanca.ma\/"},{"@type":"ListItem","position":2,"name":"Tous Les Produits","item":"https:\/\/vitablanca.ma\/tous-les-produits\/"},{"@type":"ListItem","position":3,"name":"Solgar Complexe \u00e0 l&#8217;acide hyaluronique et au collag\u00e8ne, 30 comprim\u00e9s"}]},{"@type":"WebSite","@id":"https:\/\/vitablanca.ma\/#website","url":"https:\/\/vitablanca.ma\/","name":"VitaBlanca.ma | Food supplements, health &amp; beauty in Morocco","description":"sell premium vitamins and supplements from USA &amp; Canada, New Zealand, Morocco (NOW Foods, Solgar, Manuka). Fast delivery anywhere in Morocco.","publisher":{"@id":"https:\/\/vitablanca.ma\/#organization"},"alternateName":"VitaBlanca.ma","potentialAction":[{"@type":"SearchAction","target":{"@type":"EntryPoint","urlTemplate":"https:\/\/vitablanca.ma\/?s={search_term_string}"},"query-input":{"@type":"PropertyValueSpecification","valueRequired":true,"valueName":"search_term_string"}}],"inLanguage":"en-US"},{"@type":"Organization","@id":"https:\/\/vitablanca.ma\/#organization","name":"VitaBlanca","url":"https:\/\/vitablanca.ma\/","logo":{"@type":"ImageObject","inLanguage":"en-US","@id":"https:\/\/vitablanca.ma\/#\/schema\/logo\/image\/","url":"https:\/\/vitablanca.ma\/wp-content\/uploads\/2025\/05\/cropped-vitablanca.png","contentUrl":"https:\/\/vitablanca.ma\/wp-content\/uploads\/2025\/05\/cropped-vitablanca.png","width":360,"height":67,"caption":"VitaBlanca"},"image":{"@id":"https:\/\/vitablanca.ma\/#\/schema\/logo\/image\/"},"sameAs":["https:\/\/www.facebook.com\/profile.php?id=61576678196717","https:\/\/www.tiktok.com\/@vitablanca.ma","https:\/\/www.instagram.com\/vitablanca.ma\/"]}]}},"jetpack_sharing_enabled":true,"_links":{"self":[{"href":"https:\/\/vitablanca.ma\/en\/wp-json\/wp\/v2\/product\/35150","targetHints":{"allow":["GET"]}}],"collection":[{"href":"https:\/\/vitablanca.ma\/en\/wp-json\/wp\/v2\/product"}],"about":[{"href":"https:\/\/vitablanca.ma\/en\/wp-json\/wp\/v2\/types\/product"}],"wp:featuredmedia":[{"embeddable":true,"href":"https:\/\/vitablanca.ma\/en\/wp-json\/wp\/v2\/media\/35151"}],"wp:attachment":[{"href":"https:\/\/vitablanca.ma\/en\/wp-json\/wp\/v2\/media?parent=35150"}],"wp:term":[{"taxonomy":"product_brand","embeddable":true,"href":"https:\/\/vitablanca.ma\/en\/wp-json\/wp\/v2\/product_brand?post=35150"},{"taxonomy":"product_cat","embeddable":true,"href":"https:\/\/vitablanca.ma\/en\/wp-json\/wp\/v2\/product_cat?post=35150"},{"taxonomy":"product_tag","embeddable":true,"href":"https:\/\/vitablanca.ma\/en\/wp-json\/wp\/v2\/product_tag?post=35150"}],"curies":[{"name":"wp","href":"https:\/\/api.w.org\/{rel}","templated":true}]}}