{"id":35117,"date":"2026-04-15T11:31:04","date_gmt":"2026-04-15T11:31:04","guid":{"rendered":"https:\/\/vitablanca.ma\/?post_type=product&#038;p=35117"},"modified":"2026-04-15T11:40:39","modified_gmt":"2026-04-15T11:40:39","slug":"nordic-naturals-complete-omega-xtra-citron-1360-mg-60-capsules-a-enveloppe-molle","status":"publish","type":"product","link":"https:\/\/vitablanca.ma\/en\/product\/nordic-naturals-complete-omega-xtra-citron-1360-mg-60-capsules-a-enveloppe-molle\/","title":{"rendered":"Nordic Naturals, Complete Omega Xtra, Citron 1360 Mg, 60 capsules \u00e0 enveloppe molle"},"content":{"rendered":"<p>Complete Omega\u2122 Xtra associe de l&rsquo;huile de poisson \u00e0 l&rsquo;om\u00e9ga-3 concentr\u00e9 \u00e0 de l&rsquo;acide gamma-linol\u00e9nique (AGL) (om\u00e9ga-6) unique provenant de l&rsquo;huile de graine de bourrache. Les om\u00e9ga-3 EPA(acide eicosapenta\u00e9no\u00efque et DHA (acide docosahexa\u00e9no\u00efque) soutiennent la fonction cognitive, la sant\u00e9 cardiovasculaire, le bien-\u00eatre \u00e9motionnel, la mobilit\u00e9 normale des articulations et la sant\u00e9 immunitaire.<\/p>\n<p>La bourrache est une plante appr\u00e9ci\u00e9e des abeilles avec de belles fleurs en forme d&rsquo;\u00e9toile, l&rsquo;une des sources naturelles d&rsquo;AGL les plus riches.<\/p>\n<p>Chez Nordic Naturals, nous fabriquons nos huiles de poisson \u00e0 partir de poisson sauvage frais afin de fournir des om\u00e9ga-3 r\u00e9est\u00e9rifi\u00e9s sous forme de triglyc\u00e9rides pour de meilleurs r\u00e9sultats.\u2666 Certifi\u00e9es durables et respectant ou d\u00e9passant les normes de puret\u00e9 les plus strictes, nos huiles de poisson prim\u00e9es incarnent notre engagement envers la sant\u00e9 des personnes et nos oc\u00e9ans.<\/p>\n<p>The Nordic Promise<\/p>\n<p>Une qualit\u00e9 sup\u00e9rieure : de l&rsquo;approvisionnement en ingr\u00e9dients \u00e0 la cr\u00e9ation de produits en passant par l&rsquo;exp\u00e9dition et le service client, c&rsquo;est gr\u00e2ce \u00e0 une qualit\u00e9 sup\u00e9rieure que nous sommes en mesure de fournir constamment les meilleurs nutriments essentiels.<\/p>\n<p>\u2666Les om\u00e9ga-3 sous forme de triglyc\u00e9rides sont mieux absorb\u00e9s que les om\u00e9ga-3 sous forme d&rsquo;esters \u00e9thyliques.<\/p>\n<p>Suggested Use<\/p>\n<p>Prenez deux capsules \u00e0 enveloppe molle par jour au moment du repas<\/p>","protected":false},"excerpt":{"rendered":"<p>Nordic Naturals, Complete Omega Xtra, Citron 1360 Mg, 60 capsules \u00e0 enveloppe molle<\/p>\n<p>1360 mg d&rsquo;om\u00e9ga-3<\/p>\n<p>+ 76 mg d\u2019ALG pour 2 capsules \u00e0 enveloppe molle<\/p>\n<p>Marque n\u00b0 1 d&rsquo;huile de poisson aux \u00c9tats-Unis\u2021<\/p>\n<p>With a good lemon taste<\/p>\n<p>Fish oil-based food supplement<\/p>\n<p>Une meilleure absorption \u2666<\/p>\n<p>No fishy aftertaste<\/p>","protected":false},"featured_media":35146,"template":"","meta":{"om_disable_all_campaigns":false},"product_brand":[17],"product_cat":[22,175,19],"product_tag":[12126,12124,4976,5071,584,1745,23,12125,25,12123,12129,12128,12134,12127,12132,12130,12131,12133,12135],"class_list":{"0":"post-35117","1":"product","2":"type-product","3":"status-publish","4":"has-post-thumbnail","6":"product_brand-nordic-naturals-maroc","7":"product_cat-huiles-omega","8":"product_cat-omega-3","9":"product_cat-vitamines-supplements-dietetiques","10":"product_tag-complement-alimentaire-omega","11":"product_tag-complete-omega-xtra","12":"product_tag-epa-dha","13":"product_tag-gla-omega-6","14":"product_tag-huile-de-bourrache","15":"product_tag-huile-de-poisson","16":"product_tag-nordic-naturals","17":"product_tag-omega-1360-mg","18":"product_tag-omega-3","19":"product_tag-omega-3-6-9","20":"product_tag-omega-articulation","21":"product_tag-omega-cerveau","22":"product_tag-omega-citron","23":"product_tag-omega-coeur","24":"product_tag-omega-haute-concentration","25":"product_tag-omega-peau","26":"product_tag-omega-premium","27":"product_tag-softgels-omega","28":"product_tag-supplement-omega-maroc","30":"first","31":"instock","32":"taxable","33":"shipping-taxable","34":"purchasable","35":"product-type-simple"},"yoast_head":"<!-- This site is optimized with the Yoast SEO plugin v27.4 - https:\/\/yoast.com\/product\/yoast-seo-wordpress\/ -->\n<title>Nordic Naturals, Complete Omega Xtra, Citron - Maroc Prix<\/title>\n<meta name=\"description\" content=\"Compl\u00e9ment premium Nordic Naturals Complete Omega Xtra 1360 mg : om\u00e9ga 3, 6 et 9 avec EPA, DHA et GLA. Soutien du c\u0153ur, des articulations et de la peau.\" \/>\n<meta name=\"robots\" content=\"index, follow, max-snippet:-1, max-image-preview:large, max-video-preview:-1\" \/>\n<link rel=\"canonical\" href=\"https:\/\/vitablanca.ma\/en\/product\/nordic-naturals-complete-omega-xtra-citron-1360-mg-60-capsules-a-enveloppe-molle\/\" \/>\n<meta property=\"og:locale\" content=\"en_US\" \/>\n<meta property=\"og:type\" content=\"article\" \/>\n<meta property=\"og:title\" content=\"Nordic Naturals, Complete Omega Xtra, Citron - Maroc Prix\" \/>\n<meta property=\"og:description\" content=\"Compl\u00e9ment premium Nordic Naturals Complete Omega Xtra 1360 mg : om\u00e9ga 3, 6 et 9 avec EPA, DHA et GLA. Soutien du c\u0153ur, des articulations et de la peau.\" \/>\n<meta property=\"og:url\" content=\"https:\/\/vitablanca.ma\/en\/product\/nordic-naturals-complete-omega-xtra-citron-1360-mg-60-capsules-a-enveloppe-molle\/\" \/>\n<meta property=\"og:site_name\" content=\"Vitablanca.ma &ndash; Sant&eacute;, vitalit&eacute; et bien-&ecirc;tre pour tous les Marocains\" \/>\n<meta property=\"article:publisher\" content=\"https:\/\/www.facebook.com\/profile.php?id=61576678196717\" \/>\n<meta property=\"article:modified_time\" content=\"2026-04-15T11:40:39+00:00\" \/>\n<meta property=\"og:image\" content=\"https:\/\/vitablanca.ma\/wp-content\/uploads\/2026\/04\/nordic-naturals-nordic-naturals-complete-omega-xtra-citron-1360-mg-60-capsules-a-enveloppe-molle.jpg\" \/>\n\t<meta property=\"og:image:width\" content=\"680\" \/>\n\t<meta property=\"og:image:height\" content=\"680\" \/>\n\t<meta property=\"og:image:type\" content=\"image\/jpeg\" \/>\n<meta name=\"twitter:card\" content=\"summary_large_image\" \/>\n<meta name=\"twitter:label1\" content=\"Est. reading time\" \/>\n\t<meta name=\"twitter:data1\" content=\"2 minutes\" \/>\n<script type=\"application\/ld+json\" class=\"yoast-schema-graph\">{\"@context\":\"https:\\\/\\\/schema.org\",\"@graph\":[{\"@type\":[\"WebPage\",\"ItemPage\"],\"@id\":\"https:\\\/\\\/vitablanca.ma\\\/produit\\\/nordic-naturals-complete-omega-xtra-citron-1360-mg-60-capsules-a-enveloppe-molle\\\/\",\"url\":\"https:\\\/\\\/vitablanca.ma\\\/produit\\\/nordic-naturals-complete-omega-xtra-citron-1360-mg-60-capsules-a-enveloppe-molle\\\/\",\"name\":\"Nordic Naturals, Complete Omega Xtra, Citron - Maroc Prix\",\"isPartOf\":{\"@id\":\"https:\\\/\\\/vitablanca.ma\\\/#website\"},\"primaryImageOfPage\":{\"@id\":\"https:\\\/\\\/vitablanca.ma\\\/produit\\\/nordic-naturals-complete-omega-xtra-citron-1360-mg-60-capsules-a-enveloppe-molle\\\/#primaryimage\"},\"image\":{\"@id\":\"https:\\\/\\\/vitablanca.ma\\\/produit\\\/nordic-naturals-complete-omega-xtra-citron-1360-mg-60-capsules-a-enveloppe-molle\\\/#primaryimage\"},\"thumbnailUrl\":\"https:\\\/\\\/vitablanca.ma\\\/wp-content\\\/uploads\\\/2026\\\/04\\\/nordic-naturals-nordic-naturals-complete-omega-xtra-citron-1360-mg-60-capsules-a-enveloppe-molle.jpg\",\"datePublished\":\"2026-04-15T11:31:04+00:00\",\"dateModified\":\"2026-04-15T11:40:39+00:00\",\"description\":\"Compl\u00e9ment premium Nordic Naturals Complete Omega Xtra 1360 mg : om\u00e9ga 3, 6 et 9 avec EPA, DHA et GLA. Soutien du c\u0153ur, des articulations et de la peau.\",\"breadcrumb\":{\"@id\":\"https:\\\/\\\/vitablanca.ma\\\/produit\\\/nordic-naturals-complete-omega-xtra-citron-1360-mg-60-capsules-a-enveloppe-molle\\\/#breadcrumb\"},\"inLanguage\":\"en-US\",\"potentialAction\":[{\"@type\":\"ReadAction\",\"target\":[\"https:\\\/\\\/vitablanca.ma\\\/produit\\\/nordic-naturals-complete-omega-xtra-citron-1360-mg-60-capsules-a-enveloppe-molle\\\/\"]}]},{\"@type\":\"ImageObject\",\"inLanguage\":\"en-US\",\"@id\":\"https:\\\/\\\/vitablanca.ma\\\/produit\\\/nordic-naturals-complete-omega-xtra-citron-1360-mg-60-capsules-a-enveloppe-molle\\\/#primaryimage\",\"url\":\"https:\\\/\\\/vitablanca.ma\\\/wp-content\\\/uploads\\\/2026\\\/04\\\/nordic-naturals-nordic-naturals-complete-omega-xtra-citron-1360-mg-60-capsules-a-enveloppe-molle.jpg\",\"contentUrl\":\"https:\\\/\\\/vitablanca.ma\\\/wp-content\\\/uploads\\\/2026\\\/04\\\/nordic-naturals-nordic-naturals-complete-omega-xtra-citron-1360-mg-60-capsules-a-enveloppe-molle.jpg\",\"width\":680,\"height\":680},{\"@type\":\"BreadcrumbList\",\"@id\":\"https:\\\/\\\/vitablanca.ma\\\/produit\\\/nordic-naturals-complete-omega-xtra-citron-1360-mg-60-capsules-a-enveloppe-molle\\\/#breadcrumb\",\"itemListElement\":[{\"@type\":\"ListItem\",\"position\":1,\"name\":\"Home\",\"item\":\"https:\\\/\\\/vitablanca.ma\\\/\"},{\"@type\":\"ListItem\",\"position\":2,\"name\":\"Tous Les Produits\",\"item\":\"https:\\\/\\\/vitablanca.ma\\\/tous-les-produits\\\/\"},{\"@type\":\"ListItem\",\"position\":3,\"name\":\"Nordic Naturals, Complete Omega Xtra, Citron 1360 Mg, 60 capsules \u00e0 enveloppe molle\"}]},{\"@type\":\"WebSite\",\"@id\":\"https:\\\/\\\/vitablanca.ma\\\/#website\",\"url\":\"https:\\\/\\\/vitablanca.ma\\\/\",\"name\":\"VitaBlanca.ma | Compl\u00e9ments alimentaires, sant\u00e9 & beaut\u00e9 au Maroc\",\"description\":\"vendre vitamines et compl\u00e9ments premium des USA &amp; Canada, Nouvelle Z\u00e9lande,Maroc (NOW Foods, Solgar, Manuka). Livraison rapide partout au Maroc.\",\"publisher\":{\"@id\":\"https:\\\/\\\/vitablanca.ma\\\/#organization\"},\"alternateName\":\"VitaBlanca.ma\",\"potentialAction\":[{\"@type\":\"SearchAction\",\"target\":{\"@type\":\"EntryPoint\",\"urlTemplate\":\"https:\\\/\\\/vitablanca.ma\\\/?s={search_term_string}\"},\"query-input\":{\"@type\":\"PropertyValueSpecification\",\"valueRequired\":true,\"valueName\":\"search_term_string\"}}],\"inLanguage\":\"en-US\"},{\"@type\":\"Organization\",\"@id\":\"https:\\\/\\\/vitablanca.ma\\\/#organization\",\"name\":\"VitaBlanca\",\"url\":\"https:\\\/\\\/vitablanca.ma\\\/\",\"logo\":{\"@type\":\"ImageObject\",\"inLanguage\":\"en-US\",\"@id\":\"https:\\\/\\\/vitablanca.ma\\\/#\\\/schema\\\/logo\\\/image\\\/\",\"url\":\"https:\\\/\\\/vitablanca.ma\\\/wp-content\\\/uploads\\\/2025\\\/05\\\/cropped-vitablanca.png\",\"contentUrl\":\"https:\\\/\\\/vitablanca.ma\\\/wp-content\\\/uploads\\\/2025\\\/05\\\/cropped-vitablanca.png\",\"width\":360,\"height\":67,\"caption\":\"VitaBlanca\"},\"image\":{\"@id\":\"https:\\\/\\\/vitablanca.ma\\\/#\\\/schema\\\/logo\\\/image\\\/\"},\"sameAs\":[\"https:\\\/\\\/www.facebook.com\\\/profile.php?id=61576678196717\",\"https:\\\/\\\/www.tiktok.com\\\/@vitablanca.ma\",\"https:\\\/\\\/www.instagram.com\\\/vitablanca.ma\\\/\"]}]}<\/script>\n<!-- \/ Yoast SEO plugin. -->","yoast_head_json":{"title":"Nordic Naturals, Complete Omega Xtra, Citron - Maroc Prix","description":"Compl\u00e9ment premium Nordic Naturals Complete Omega Xtra 1360 mg : om\u00e9ga 3, 6 et 9 avec EPA, DHA et GLA. Soutien du c\u0153ur, des articulations et de la peau.","robots":{"index":"index","follow":"follow","max-snippet":"max-snippet:-1","max-image-preview":"max-image-preview:large","max-video-preview":"max-video-preview:-1"},"canonical":"https:\/\/vitablanca.ma\/en\/product\/nordic-naturals-complete-omega-xtra-citron-1360-mg-60-capsules-a-enveloppe-molle\/","og_locale":"en_US","og_type":"article","og_title":"Nordic Naturals, Complete Omega Xtra, Citron - Maroc Prix","og_description":"Compl\u00e9ment premium Nordic Naturals Complete Omega Xtra 1360 mg : om\u00e9ga 3, 6 et 9 avec EPA, DHA et GLA. Soutien du c\u0153ur, des articulations et de la peau.","og_url":"https:\/\/vitablanca.ma\/en\/product\/nordic-naturals-complete-omega-xtra-citron-1360-mg-60-capsules-a-enveloppe-molle\/","og_site_name":"Vitablanca.ma &ndash; Sant&eacute;, vitalit&eacute; et bien-&ecirc;tre pour tous les Marocains","article_publisher":"https:\/\/www.facebook.com\/profile.php?id=61576678196717","article_modified_time":"2026-04-15T11:40:39+00:00","og_image":[{"width":680,"height":680,"url":"https:\/\/vitablanca.ma\/wp-content\/uploads\/2026\/04\/nordic-naturals-nordic-naturals-complete-omega-xtra-citron-1360-mg-60-capsules-a-enveloppe-molle.jpg","type":"image\/jpeg"}],"twitter_card":"summary_large_image","twitter_misc":{"Est. reading time":"2 minutes"},"schema":{"@context":"https:\/\/schema.org","@graph":[{"@type":["WebPage","ItemPage"],"@id":"https:\/\/vitablanca.ma\/produit\/nordic-naturals-complete-omega-xtra-citron-1360-mg-60-capsules-a-enveloppe-molle\/","url":"https:\/\/vitablanca.ma\/produit\/nordic-naturals-complete-omega-xtra-citron-1360-mg-60-capsules-a-enveloppe-molle\/","name":"Nordic Naturals, Complete Omega Xtra, Citron - Maroc Prix","isPartOf":{"@id":"https:\/\/vitablanca.ma\/#website"},"primaryImageOfPage":{"@id":"https:\/\/vitablanca.ma\/produit\/nordic-naturals-complete-omega-xtra-citron-1360-mg-60-capsules-a-enveloppe-molle\/#primaryimage"},"image":{"@id":"https:\/\/vitablanca.ma\/produit\/nordic-naturals-complete-omega-xtra-citron-1360-mg-60-capsules-a-enveloppe-molle\/#primaryimage"},"thumbnailUrl":"https:\/\/vitablanca.ma\/wp-content\/uploads\/2026\/04\/nordic-naturals-nordic-naturals-complete-omega-xtra-citron-1360-mg-60-capsules-a-enveloppe-molle.jpg","datePublished":"2026-04-15T11:31:04+00:00","dateModified":"2026-04-15T11:40:39+00:00","description":"Compl\u00e9ment premium Nordic Naturals Complete Omega Xtra 1360 mg : om\u00e9ga 3, 6 et 9 avec EPA, DHA et GLA. Soutien du c\u0153ur, des articulations et de la peau.","breadcrumb":{"@id":"https:\/\/vitablanca.ma\/produit\/nordic-naturals-complete-omega-xtra-citron-1360-mg-60-capsules-a-enveloppe-molle\/#breadcrumb"},"inLanguage":"en-US","potentialAction":[{"@type":"ReadAction","target":["https:\/\/vitablanca.ma\/produit\/nordic-naturals-complete-omega-xtra-citron-1360-mg-60-capsules-a-enveloppe-molle\/"]}]},{"@type":"ImageObject","inLanguage":"en-US","@id":"https:\/\/vitablanca.ma\/produit\/nordic-naturals-complete-omega-xtra-citron-1360-mg-60-capsules-a-enveloppe-molle\/#primaryimage","url":"https:\/\/vitablanca.ma\/wp-content\/uploads\/2026\/04\/nordic-naturals-nordic-naturals-complete-omega-xtra-citron-1360-mg-60-capsules-a-enveloppe-molle.jpg","contentUrl":"https:\/\/vitablanca.ma\/wp-content\/uploads\/2026\/04\/nordic-naturals-nordic-naturals-complete-omega-xtra-citron-1360-mg-60-capsules-a-enveloppe-molle.jpg","width":680,"height":680},{"@type":"BreadcrumbList","@id":"https:\/\/vitablanca.ma\/produit\/nordic-naturals-complete-omega-xtra-citron-1360-mg-60-capsules-a-enveloppe-molle\/#breadcrumb","itemListElement":[{"@type":"ListItem","position":1,"name":"Home","item":"https:\/\/vitablanca.ma\/"},{"@type":"ListItem","position":2,"name":"Tous Les Produits","item":"https:\/\/vitablanca.ma\/tous-les-produits\/"},{"@type":"ListItem","position":3,"name":"Nordic Naturals, Complete Omega Xtra, Citron 1360 Mg, 60 capsules \u00e0 enveloppe molle"}]},{"@type":"WebSite","@id":"https:\/\/vitablanca.ma\/#website","url":"https:\/\/vitablanca.ma\/","name":"VitaBlanca.ma | Food supplements, health &amp; beauty in Morocco","description":"sell premium vitamins and supplements from USA &amp; Canada, New Zealand, Morocco (NOW Foods, Solgar, Manuka). Fast delivery anywhere in Morocco.","publisher":{"@id":"https:\/\/vitablanca.ma\/#organization"},"alternateName":"VitaBlanca.ma","potentialAction":[{"@type":"SearchAction","target":{"@type":"EntryPoint","urlTemplate":"https:\/\/vitablanca.ma\/?s={search_term_string}"},"query-input":{"@type":"PropertyValueSpecification","valueRequired":true,"valueName":"search_term_string"}}],"inLanguage":"en-US"},{"@type":"Organization","@id":"https:\/\/vitablanca.ma\/#organization","name":"VitaBlanca","url":"https:\/\/vitablanca.ma\/","logo":{"@type":"ImageObject","inLanguage":"en-US","@id":"https:\/\/vitablanca.ma\/#\/schema\/logo\/image\/","url":"https:\/\/vitablanca.ma\/wp-content\/uploads\/2025\/05\/cropped-vitablanca.png","contentUrl":"https:\/\/vitablanca.ma\/wp-content\/uploads\/2025\/05\/cropped-vitablanca.png","width":360,"height":67,"caption":"VitaBlanca"},"image":{"@id":"https:\/\/vitablanca.ma\/#\/schema\/logo\/image\/"},"sameAs":["https:\/\/www.facebook.com\/profile.php?id=61576678196717","https:\/\/www.tiktok.com\/@vitablanca.ma","https:\/\/www.instagram.com\/vitablanca.ma\/"]}]}},"jetpack_sharing_enabled":true,"_links":{"self":[{"href":"https:\/\/vitablanca.ma\/en\/wp-json\/wp\/v2\/product\/35117","targetHints":{"allow":["GET"]}}],"collection":[{"href":"https:\/\/vitablanca.ma\/en\/wp-json\/wp\/v2\/product"}],"about":[{"href":"https:\/\/vitablanca.ma\/en\/wp-json\/wp\/v2\/types\/product"}],"wp:featuredmedia":[{"embeddable":true,"href":"https:\/\/vitablanca.ma\/en\/wp-json\/wp\/v2\/media\/35146"}],"wp:attachment":[{"href":"https:\/\/vitablanca.ma\/en\/wp-json\/wp\/v2\/media?parent=35117"}],"wp:term":[{"taxonomy":"product_brand","embeddable":true,"href":"https:\/\/vitablanca.ma\/en\/wp-json\/wp\/v2\/product_brand?post=35117"},{"taxonomy":"product_cat","embeddable":true,"href":"https:\/\/vitablanca.ma\/en\/wp-json\/wp\/v2\/product_cat?post=35117"},{"taxonomy":"product_tag","embeddable":true,"href":"https:\/\/vitablanca.ma\/en\/wp-json\/wp\/v2\/product_tag?post=35117"}],"curies":[{"name":"wp","href":"https:\/\/api.w.org\/{rel}","templated":true}]}}