{"id":35094,"date":"2026-04-14T11:55:47","date_gmt":"2026-04-14T11:55:47","guid":{"rendered":"https:\/\/vitablanca.ma\/?post_type=product&#038;p=35094"},"modified":"2026-04-14T11:55:54","modified_gmt":"2026-04-14T11:55:54","slug":"solgar-calcium-magnesium-plus-zinc-250-comprimes","status":"publish","type":"product","link":"https:\/\/vitablanca.ma\/en\/product\/solgar-calcium-magnesium-plus-zinc-250-comprimes\/","title":{"rendered":"Solgar Calcium Magn\u00e9sium plus Zinc, 250 comprim\u00e9s"},"content":{"rendered":"<p>Le calcium fournit les \u00e9l\u00e9ments de base qui aident \u00e0 conserver des dents et des os solides et sains. Il soutient \u00e9galement la sant\u00e9 des syst\u00e8mes musculosquelettique et nerveux. Le magn\u00e9sium aide \u00e0 r\u00e9guler le transport du calcium et stimule la s\u00e9cr\u00e9tion de calcitonine, une hormone qui facilite l&rsquo;afflux de calcium dans les os. Il joue un r\u00f4le important dans la formation des prot\u00e9ines et une fonction musculaire saine. Cette formule contient \u00e9galement du zinc, un oligo\u00e9l\u00e9ment qui joue un r\u00f4le dans la synth\u00e8se du collag\u00e8ne du tissu osseux.<\/p>\n<p>Un apport ad\u00e9quat en calcium, dans le cadre d&rsquo;un r\u00e9gime sain, associ\u00e9 \u00e0 de l&rsquo;activit\u00e9 physique peut diminuer ult\u00e9rieurement le risque d&rsquo;ost\u00e9oporose.<\/p>\n<p>Suggested Use<\/p>\n<p>En compl\u00e9ment alimentaire chez l&rsquo;adulte, prenez trois (3) comprim\u00e9s par jour pendant le repas.<\/p>","protected":false},"excerpt":{"rendered":"<p>Promotes good bone health<\/p>\n<p>Aide au bon fonctionnement des nerfs &amp; des muscles<\/p>\n<p>GMO-free<\/p>\n<p>Gluten, wheat &amp; dairy free<\/p>\n<p>Suitable for vegans<\/p>\n<p>Certified gluten-free<\/p>","protected":false},"featured_media":35095,"template":"","meta":{"om_disable_all_campaigns":false},"product_brand":[42],"product_cat":[176,19],"product_tag":[],"class_list":{"0":"post-35094","1":"product","2":"type-product","3":"status-publish","4":"has-post-thumbnail","6":"product_brand-solgar-prix-maroc","7":"product_cat-magnesium","8":"product_cat-vitamines-supplements-dietetiques","10":"first","11":"instock","12":"taxable","13":"shipping-taxable","14":"purchasable","15":"product-type-simple"},"yoast_head":"<!-- This site is optimized with the Yoast SEO plugin v27.4 - https:\/\/yoast.com\/product\/yoast-seo-wordpress\/ -->\n<title>Solgar Calcium Magn\u00e9sium plus Zinc, 250 comprim\u00e9s - Maroc Prix<\/title>\n<meta name=\"description\" content=\"Solgar Calcium Magn\u00e9sium Plus Zinc 250 comprim\u00e9s : compl\u00e9ment essentiel pour les os, les muscles et l\u2019immunit\u00e9. Formule compl\u00e8te, haute absorption,\" \/>\n<meta name=\"robots\" content=\"index, follow, max-snippet:-1, max-image-preview:large, max-video-preview:-1\" \/>\n<link rel=\"canonical\" href=\"https:\/\/vitablanca.ma\/en\/product\/solgar-calcium-magnesium-plus-zinc-250-comprimes\/\" \/>\n<meta property=\"og:locale\" content=\"en_US\" \/>\n<meta property=\"og:type\" content=\"article\" \/>\n<meta property=\"og:title\" content=\"Solgar Calcium Magn\u00e9sium plus Zinc, 250 comprim\u00e9s - Maroc Prix\" \/>\n<meta property=\"og:description\" content=\"Solgar Calcium Magn\u00e9sium Plus Zinc 250 comprim\u00e9s : compl\u00e9ment essentiel pour les os, les muscles et l\u2019immunit\u00e9. Formule compl\u00e8te, haute absorption,\" \/>\n<meta property=\"og:url\" content=\"https:\/\/vitablanca.ma\/en\/product\/solgar-calcium-magnesium-plus-zinc-250-comprimes\/\" \/>\n<meta property=\"og:site_name\" content=\"Vitablanca.ma &ndash; Sant&eacute;, vitalit&eacute; et bien-&ecirc;tre pour tous les Marocains\" \/>\n<meta property=\"article:publisher\" content=\"https:\/\/www.facebook.com\/profile.php?id=61576678196717\" \/>\n<meta property=\"article:modified_time\" content=\"2026-04-14T11:55:54+00:00\" \/>\n<meta property=\"og:image\" content=\"https:\/\/vitablanca.ma\/wp-content\/uploads\/2026\/04\/lgar-calcium-magnesium-plus-zinc-250-comprimes-.jpg\" \/>\n\t<meta property=\"og:image:width\" content=\"680\" \/>\n\t<meta property=\"og:image:height\" content=\"680\" \/>\n\t<meta property=\"og:image:type\" content=\"image\/jpeg\" \/>\n<meta name=\"twitter:card\" content=\"summary_large_image\" \/>\n<meta name=\"twitter:label1\" content=\"Est. reading time\" \/>\n\t<meta name=\"twitter:data1\" content=\"1 minute\" \/>\n<script type=\"application\/ld+json\" class=\"yoast-schema-graph\">{\"@context\":\"https:\\\/\\\/schema.org\",\"@graph\":[{\"@type\":[\"WebPage\",\"ItemPage\"],\"@id\":\"https:\\\/\\\/vitablanca.ma\\\/produit\\\/solgar-calcium-magnesium-plus-zinc-250-comprimes\\\/\",\"url\":\"https:\\\/\\\/vitablanca.ma\\\/produit\\\/solgar-calcium-magnesium-plus-zinc-250-comprimes\\\/\",\"name\":\"Solgar Calcium Magn\u00e9sium plus Zinc, 250 comprim\u00e9s - Maroc Prix\",\"isPartOf\":{\"@id\":\"https:\\\/\\\/vitablanca.ma\\\/#website\"},\"primaryImageOfPage\":{\"@id\":\"https:\\\/\\\/vitablanca.ma\\\/produit\\\/solgar-calcium-magnesium-plus-zinc-250-comprimes\\\/#primaryimage\"},\"image\":{\"@id\":\"https:\\\/\\\/vitablanca.ma\\\/produit\\\/solgar-calcium-magnesium-plus-zinc-250-comprimes\\\/#primaryimage\"},\"thumbnailUrl\":\"https:\\\/\\\/vitablanca.ma\\\/wp-content\\\/uploads\\\/2026\\\/04\\\/lgar-calcium-magnesium-plus-zinc-250-comprimes-.jpg\",\"datePublished\":\"2026-04-14T11:55:47+00:00\",\"dateModified\":\"2026-04-14T11:55:54+00:00\",\"description\":\"Solgar Calcium Magn\u00e9sium Plus Zinc 250 comprim\u00e9s : compl\u00e9ment essentiel pour les os, les muscles et l\u2019immunit\u00e9. Formule compl\u00e8te, haute absorption,\",\"breadcrumb\":{\"@id\":\"https:\\\/\\\/vitablanca.ma\\\/produit\\\/solgar-calcium-magnesium-plus-zinc-250-comprimes\\\/#breadcrumb\"},\"inLanguage\":\"en-US\",\"potentialAction\":[{\"@type\":\"ReadAction\",\"target\":[\"https:\\\/\\\/vitablanca.ma\\\/produit\\\/solgar-calcium-magnesium-plus-zinc-250-comprimes\\\/\"]}]},{\"@type\":\"ImageObject\",\"inLanguage\":\"en-US\",\"@id\":\"https:\\\/\\\/vitablanca.ma\\\/produit\\\/solgar-calcium-magnesium-plus-zinc-250-comprimes\\\/#primaryimage\",\"url\":\"https:\\\/\\\/vitablanca.ma\\\/wp-content\\\/uploads\\\/2026\\\/04\\\/lgar-calcium-magnesium-plus-zinc-250-comprimes-.jpg\",\"contentUrl\":\"https:\\\/\\\/vitablanca.ma\\\/wp-content\\\/uploads\\\/2026\\\/04\\\/lgar-calcium-magnesium-plus-zinc-250-comprimes-.jpg\",\"width\":680,\"height\":680},{\"@type\":\"BreadcrumbList\",\"@id\":\"https:\\\/\\\/vitablanca.ma\\\/produit\\\/solgar-calcium-magnesium-plus-zinc-250-comprimes\\\/#breadcrumb\",\"itemListElement\":[{\"@type\":\"ListItem\",\"position\":1,\"name\":\"Home\",\"item\":\"https:\\\/\\\/vitablanca.ma\\\/\"},{\"@type\":\"ListItem\",\"position\":2,\"name\":\"Tous Les Produits\",\"item\":\"https:\\\/\\\/vitablanca.ma\\\/tous-les-produits\\\/\"},{\"@type\":\"ListItem\",\"position\":3,\"name\":\"Solgar Calcium Magn\u00e9sium plus Zinc, 250 comprim\u00e9s\"}]},{\"@type\":\"WebSite\",\"@id\":\"https:\\\/\\\/vitablanca.ma\\\/#website\",\"url\":\"https:\\\/\\\/vitablanca.ma\\\/\",\"name\":\"VitaBlanca.ma | Compl\u00e9ments alimentaires, sant\u00e9 & beaut\u00e9 au Maroc\",\"description\":\"vendre vitamines et compl\u00e9ments premium des USA &amp; Canada, Nouvelle Z\u00e9lande,Maroc (NOW Foods, Solgar, Manuka). Livraison rapide partout au Maroc.\",\"publisher\":{\"@id\":\"https:\\\/\\\/vitablanca.ma\\\/#organization\"},\"alternateName\":\"VitaBlanca.ma\",\"potentialAction\":[{\"@type\":\"SearchAction\",\"target\":{\"@type\":\"EntryPoint\",\"urlTemplate\":\"https:\\\/\\\/vitablanca.ma\\\/?s={search_term_string}\"},\"query-input\":{\"@type\":\"PropertyValueSpecification\",\"valueRequired\":true,\"valueName\":\"search_term_string\"}}],\"inLanguage\":\"en-US\"},{\"@type\":\"Organization\",\"@id\":\"https:\\\/\\\/vitablanca.ma\\\/#organization\",\"name\":\"VitaBlanca\",\"url\":\"https:\\\/\\\/vitablanca.ma\\\/\",\"logo\":{\"@type\":\"ImageObject\",\"inLanguage\":\"en-US\",\"@id\":\"https:\\\/\\\/vitablanca.ma\\\/#\\\/schema\\\/logo\\\/image\\\/\",\"url\":\"https:\\\/\\\/vitablanca.ma\\\/wp-content\\\/uploads\\\/2025\\\/05\\\/cropped-vitablanca.png\",\"contentUrl\":\"https:\\\/\\\/vitablanca.ma\\\/wp-content\\\/uploads\\\/2025\\\/05\\\/cropped-vitablanca.png\",\"width\":360,\"height\":67,\"caption\":\"VitaBlanca\"},\"image\":{\"@id\":\"https:\\\/\\\/vitablanca.ma\\\/#\\\/schema\\\/logo\\\/image\\\/\"},\"sameAs\":[\"https:\\\/\\\/www.facebook.com\\\/profile.php?id=61576678196717\",\"https:\\\/\\\/www.tiktok.com\\\/@vitablanca.ma\",\"https:\\\/\\\/www.instagram.com\\\/vitablanca.ma\\\/\"]}]}<\/script>\n<!-- \/ Yoast SEO plugin. -->","yoast_head_json":{"title":"Solgar Calcium Magn\u00e9sium plus Zinc, 250 comprim\u00e9s - Maroc Prix","description":"Solgar Calcium Magn\u00e9sium Plus Zinc 250 comprim\u00e9s : compl\u00e9ment essentiel pour les os, les muscles et l\u2019immunit\u00e9. Formule compl\u00e8te, haute absorption,","robots":{"index":"index","follow":"follow","max-snippet":"max-snippet:-1","max-image-preview":"max-image-preview:large","max-video-preview":"max-video-preview:-1"},"canonical":"https:\/\/vitablanca.ma\/en\/product\/solgar-calcium-magnesium-plus-zinc-250-comprimes\/","og_locale":"en_US","og_type":"article","og_title":"Solgar Calcium Magn\u00e9sium plus Zinc, 250 comprim\u00e9s - Maroc Prix","og_description":"Solgar Calcium Magn\u00e9sium Plus Zinc 250 comprim\u00e9s : compl\u00e9ment essentiel pour les os, les muscles et l\u2019immunit\u00e9. Formule compl\u00e8te, haute absorption,","og_url":"https:\/\/vitablanca.ma\/en\/product\/solgar-calcium-magnesium-plus-zinc-250-comprimes\/","og_site_name":"Vitablanca.ma &ndash; Sant&eacute;, vitalit&eacute; et bien-&ecirc;tre pour tous les Marocains","article_publisher":"https:\/\/www.facebook.com\/profile.php?id=61576678196717","article_modified_time":"2026-04-14T11:55:54+00:00","og_image":[{"width":680,"height":680,"url":"https:\/\/vitablanca.ma\/wp-content\/uploads\/2026\/04\/lgar-calcium-magnesium-plus-zinc-250-comprimes-.jpg","type":"image\/jpeg"}],"twitter_card":"summary_large_image","twitter_misc":{"Est. reading time":"1 minute"},"schema":{"@context":"https:\/\/schema.org","@graph":[{"@type":["WebPage","ItemPage"],"@id":"https:\/\/vitablanca.ma\/produit\/solgar-calcium-magnesium-plus-zinc-250-comprimes\/","url":"https:\/\/vitablanca.ma\/produit\/solgar-calcium-magnesium-plus-zinc-250-comprimes\/","name":"Solgar Calcium Magn\u00e9sium plus Zinc, 250 comprim\u00e9s - Maroc Prix","isPartOf":{"@id":"https:\/\/vitablanca.ma\/#website"},"primaryImageOfPage":{"@id":"https:\/\/vitablanca.ma\/produit\/solgar-calcium-magnesium-plus-zinc-250-comprimes\/#primaryimage"},"image":{"@id":"https:\/\/vitablanca.ma\/produit\/solgar-calcium-magnesium-plus-zinc-250-comprimes\/#primaryimage"},"thumbnailUrl":"https:\/\/vitablanca.ma\/wp-content\/uploads\/2026\/04\/lgar-calcium-magnesium-plus-zinc-250-comprimes-.jpg","datePublished":"2026-04-14T11:55:47+00:00","dateModified":"2026-04-14T11:55:54+00:00","description":"Solgar Calcium Magn\u00e9sium Plus Zinc 250 comprim\u00e9s : compl\u00e9ment essentiel pour les os, les muscles et l\u2019immunit\u00e9. Formule compl\u00e8te, haute absorption,","breadcrumb":{"@id":"https:\/\/vitablanca.ma\/produit\/solgar-calcium-magnesium-plus-zinc-250-comprimes\/#breadcrumb"},"inLanguage":"en-US","potentialAction":[{"@type":"ReadAction","target":["https:\/\/vitablanca.ma\/produit\/solgar-calcium-magnesium-plus-zinc-250-comprimes\/"]}]},{"@type":"ImageObject","inLanguage":"en-US","@id":"https:\/\/vitablanca.ma\/produit\/solgar-calcium-magnesium-plus-zinc-250-comprimes\/#primaryimage","url":"https:\/\/vitablanca.ma\/wp-content\/uploads\/2026\/04\/lgar-calcium-magnesium-plus-zinc-250-comprimes-.jpg","contentUrl":"https:\/\/vitablanca.ma\/wp-content\/uploads\/2026\/04\/lgar-calcium-magnesium-plus-zinc-250-comprimes-.jpg","width":680,"height":680},{"@type":"BreadcrumbList","@id":"https:\/\/vitablanca.ma\/produit\/solgar-calcium-magnesium-plus-zinc-250-comprimes\/#breadcrumb","itemListElement":[{"@type":"ListItem","position":1,"name":"Home","item":"https:\/\/vitablanca.ma\/"},{"@type":"ListItem","position":2,"name":"Tous Les Produits","item":"https:\/\/vitablanca.ma\/tous-les-produits\/"},{"@type":"ListItem","position":3,"name":"Solgar Calcium Magn\u00e9sium plus Zinc, 250 comprim\u00e9s"}]},{"@type":"WebSite","@id":"https:\/\/vitablanca.ma\/#website","url":"https:\/\/vitablanca.ma\/","name":"VitaBlanca.ma | Food supplements, health &amp; beauty in Morocco","description":"sell premium vitamins and supplements from USA &amp; Canada, New Zealand, Morocco (NOW Foods, Solgar, Manuka). Fast delivery anywhere in Morocco.","publisher":{"@id":"https:\/\/vitablanca.ma\/#organization"},"alternateName":"VitaBlanca.ma","potentialAction":[{"@type":"SearchAction","target":{"@type":"EntryPoint","urlTemplate":"https:\/\/vitablanca.ma\/?s={search_term_string}"},"query-input":{"@type":"PropertyValueSpecification","valueRequired":true,"valueName":"search_term_string"}}],"inLanguage":"en-US"},{"@type":"Organization","@id":"https:\/\/vitablanca.ma\/#organization","name":"VitaBlanca","url":"https:\/\/vitablanca.ma\/","logo":{"@type":"ImageObject","inLanguage":"en-US","@id":"https:\/\/vitablanca.ma\/#\/schema\/logo\/image\/","url":"https:\/\/vitablanca.ma\/wp-content\/uploads\/2025\/05\/cropped-vitablanca.png","contentUrl":"https:\/\/vitablanca.ma\/wp-content\/uploads\/2025\/05\/cropped-vitablanca.png","width":360,"height":67,"caption":"VitaBlanca"},"image":{"@id":"https:\/\/vitablanca.ma\/#\/schema\/logo\/image\/"},"sameAs":["https:\/\/www.facebook.com\/profile.php?id=61576678196717","https:\/\/www.tiktok.com\/@vitablanca.ma","https:\/\/www.instagram.com\/vitablanca.ma\/"]}]}},"jetpack_sharing_enabled":true,"_links":{"self":[{"href":"https:\/\/vitablanca.ma\/en\/wp-json\/wp\/v2\/product\/35094","targetHints":{"allow":["GET"]}}],"collection":[{"href":"https:\/\/vitablanca.ma\/en\/wp-json\/wp\/v2\/product"}],"about":[{"href":"https:\/\/vitablanca.ma\/en\/wp-json\/wp\/v2\/types\/product"}],"wp:featuredmedia":[{"embeddable":true,"href":"https:\/\/vitablanca.ma\/en\/wp-json\/wp\/v2\/media\/35095"}],"wp:attachment":[{"href":"https:\/\/vitablanca.ma\/en\/wp-json\/wp\/v2\/media?parent=35094"}],"wp:term":[{"taxonomy":"product_brand","embeddable":true,"href":"https:\/\/vitablanca.ma\/en\/wp-json\/wp\/v2\/product_brand?post=35094"},{"taxonomy":"product_cat","embeddable":true,"href":"https:\/\/vitablanca.ma\/en\/wp-json\/wp\/v2\/product_cat?post=35094"},{"taxonomy":"product_tag","embeddable":true,"href":"https:\/\/vitablanca.ma\/en\/wp-json\/wp\/v2\/product_tag?post=35094"}],"curies":[{"name":"wp","href":"https:\/\/api.w.org\/{rel}","templated":true}]}}