{"id":34989,"date":"2026-04-10T12:12:37","date_gmt":"2026-04-10T12:12:37","guid":{"rendered":"https:\/\/vitablanca.ma\/?post_type=product&#038;p=34989"},"modified":"2026-04-10T12:12:40","modified_gmt":"2026-04-10T12:12:40","slug":"now-foods-resveratrol-200-mg-60-capsules-vegetariennes","status":"publish","type":"product","link":"https:\/\/vitablanca.ma\/en\/product\/now-foods-resveratrol-200-mg-60-capsules-vegetariennes\/","title":{"rendered":"Now Foods Resv\u00e9ratrol, 200 mg, 60 capsules v\u00e9g\u00e9tariennes"},"content":{"rendered":"<p>Resveratrol is a polyphenol naturally found in the skin of red grapes, certain berries, and other plants. Recent research has shown that resveratrol may contribute to healthy cardiovascular function. It is also best known for its cellular anti-aging properties and its ability to promote a healthy response to biological stress.<\/p>\n<h3>Suggested Use<\/h3>\n<p>Prendre 1\u00a0capsule par jour.<\/p>","protected":false},"excerpt":{"rendered":"<ul>\n<li>Cardiovascular support<\/li>\n<li>Captures free radicals<\/li>\n<li>\u00c0 l&rsquo;extrait de vin rouge<\/li>\n<li>GMO-free<\/li>\n<li>Food supplement<\/li>\n<li>Vegetarian \u2013 Vegan<\/li>\n<li>General health<\/li>\n<\/ul>","protected":false},"featured_media":34990,"template":"","meta":{"om_disable_all_campaigns":false},"product_brand":[4157],"product_cat":[95,19],"product_tag":[10813,12098,987,1072,4708,12096,12097,12095,102,834],"class_list":{"0":"post-34989","1":"product","2":"type-product","3":"status-publish","4":"has-post-thumbnail","6":"product_brand-now-sports","7":"product_cat-antioxydants","8":"product_cat-vitamines-supplements-dietetiques","9":"product_tag-anti-oxydant-naturel","10":"product_tag-anti-vieillissement","11":"product_tag-antioxydant-puissant","12":"product_tag-complement-anti-age","13":"product_tag-complement-vegan","14":"product_tag-now-foods-resveratrol","15":"product_tag-polyphenols-raisin","16":"product_tag-resveratrol-200-mg","17":"product_tag-resveratrol-maroc","18":"product_tag-sante-cardiovasculaire","20":"first","21":"instock","22":"taxable","23":"shipping-taxable","24":"purchasable","25":"product-type-simple"},"yoast_head":"<!-- This site is optimized with the Yoast SEO plugin v27.4 - https:\/\/yoast.com\/product\/yoast-seo-wordpress\/ -->\n<title>Now Foods Resv\u00e9ratrol, 200 mg, 60 capsules - Maroc Prix<\/title>\n<meta name=\"description\" content=\"Now Foods Resv\u00e9ratrol 200 mg (60 capsules v\u00e9g\u00e9tariennes) : puissant antioxydant naturel issu du raisin rouge, aide \u00e0 soutenir la sant\u00e9 cardiovasculaire\" \/>\n<meta name=\"robots\" content=\"index, follow, max-snippet:-1, max-image-preview:large, max-video-preview:-1\" \/>\n<link rel=\"canonical\" href=\"https:\/\/vitablanca.ma\/en\/product\/now-foods-resveratrol-200-mg-60-capsules-vegetariennes\/\" \/>\n<meta property=\"og:locale\" content=\"en_US\" \/>\n<meta property=\"og:type\" content=\"article\" \/>\n<meta property=\"og:title\" content=\"Now Foods Resv\u00e9ratrol, 200 mg, 60 capsules - Maroc Prix\" \/>\n<meta property=\"og:description\" content=\"Now Foods Resv\u00e9ratrol 200 mg (60 capsules v\u00e9g\u00e9tariennes) : puissant antioxydant naturel issu du raisin rouge, aide \u00e0 soutenir la sant\u00e9 cardiovasculaire\" \/>\n<meta property=\"og:url\" content=\"https:\/\/vitablanca.ma\/en\/product\/now-foods-resveratrol-200-mg-60-capsules-vegetariennes\/\" \/>\n<meta property=\"og:site_name\" content=\"Vitablanca.ma &ndash; Sant&eacute;, vitalit&eacute; et bien-&ecirc;tre pour tous les Marocains\" \/>\n<meta property=\"article:publisher\" content=\"https:\/\/www.facebook.com\/profile.php?id=61576678196717\" \/>\n<meta property=\"article:modified_time\" content=\"2026-04-10T12:12:40+00:00\" \/>\n<meta property=\"og:image\" content=\"https:\/\/vitablanca.ma\/wp-content\/uploads\/2026\/04\/now-foods-resveratrol-200-mg-60-capsules-vegetariennes.jpg\" \/>\n\t<meta property=\"og:image:width\" content=\"680\" \/>\n\t<meta property=\"og:image:height\" content=\"680\" \/>\n\t<meta property=\"og:image:type\" content=\"image\/jpeg\" \/>\n<meta name=\"twitter:card\" content=\"summary_large_image\" \/>\n<meta name=\"twitter:label1\" content=\"Est. reading time\" \/>\n\t<meta name=\"twitter:data1\" content=\"1 minute\" \/>\n<script type=\"application\/ld+json\" class=\"yoast-schema-graph\">{\"@context\":\"https:\\\/\\\/schema.org\",\"@graph\":[{\"@type\":[\"WebPage\",\"ItemPage\"],\"@id\":\"https:\\\/\\\/vitablanca.ma\\\/produit\\\/now-foods-resveratrol-200-mg-60-capsules-vegetariennes\\\/\",\"url\":\"https:\\\/\\\/vitablanca.ma\\\/produit\\\/now-foods-resveratrol-200-mg-60-capsules-vegetariennes\\\/\",\"name\":\"Now Foods Resv\u00e9ratrol, 200 mg, 60 capsules - Maroc Prix\",\"isPartOf\":{\"@id\":\"https:\\\/\\\/vitablanca.ma\\\/#website\"},\"primaryImageOfPage\":{\"@id\":\"https:\\\/\\\/vitablanca.ma\\\/produit\\\/now-foods-resveratrol-200-mg-60-capsules-vegetariennes\\\/#primaryimage\"},\"image\":{\"@id\":\"https:\\\/\\\/vitablanca.ma\\\/produit\\\/now-foods-resveratrol-200-mg-60-capsules-vegetariennes\\\/#primaryimage\"},\"thumbnailUrl\":\"https:\\\/\\\/vitablanca.ma\\\/wp-content\\\/uploads\\\/2026\\\/04\\\/now-foods-resveratrol-200-mg-60-capsules-vegetariennes.jpg\",\"datePublished\":\"2026-04-10T12:12:37+00:00\",\"dateModified\":\"2026-04-10T12:12:40+00:00\",\"description\":\"Now Foods Resv\u00e9ratrol 200 mg (60 capsules v\u00e9g\u00e9tariennes) : puissant antioxydant naturel issu du raisin rouge, aide \u00e0 soutenir la sant\u00e9 cardiovasculaire\",\"breadcrumb\":{\"@id\":\"https:\\\/\\\/vitablanca.ma\\\/produit\\\/now-foods-resveratrol-200-mg-60-capsules-vegetariennes\\\/#breadcrumb\"},\"inLanguage\":\"en-US\",\"potentialAction\":[{\"@type\":\"ReadAction\",\"target\":[\"https:\\\/\\\/vitablanca.ma\\\/produit\\\/now-foods-resveratrol-200-mg-60-capsules-vegetariennes\\\/\"]}]},{\"@type\":\"ImageObject\",\"inLanguage\":\"en-US\",\"@id\":\"https:\\\/\\\/vitablanca.ma\\\/produit\\\/now-foods-resveratrol-200-mg-60-capsules-vegetariennes\\\/#primaryimage\",\"url\":\"https:\\\/\\\/vitablanca.ma\\\/wp-content\\\/uploads\\\/2026\\\/04\\\/now-foods-resveratrol-200-mg-60-capsules-vegetariennes.jpg\",\"contentUrl\":\"https:\\\/\\\/vitablanca.ma\\\/wp-content\\\/uploads\\\/2026\\\/04\\\/now-foods-resveratrol-200-mg-60-capsules-vegetariennes.jpg\",\"width\":680,\"height\":680},{\"@type\":\"BreadcrumbList\",\"@id\":\"https:\\\/\\\/vitablanca.ma\\\/produit\\\/now-foods-resveratrol-200-mg-60-capsules-vegetariennes\\\/#breadcrumb\",\"itemListElement\":[{\"@type\":\"ListItem\",\"position\":1,\"name\":\"Home\",\"item\":\"https:\\\/\\\/vitablanca.ma\\\/\"},{\"@type\":\"ListItem\",\"position\":2,\"name\":\"Tous Les Produits\",\"item\":\"https:\\\/\\\/vitablanca.ma\\\/tous-les-produits\\\/\"},{\"@type\":\"ListItem\",\"position\":3,\"name\":\"Now Foods Resv\u00e9ratrol, 200 mg, 60 capsules v\u00e9g\u00e9tariennes\"}]},{\"@type\":\"WebSite\",\"@id\":\"https:\\\/\\\/vitablanca.ma\\\/#website\",\"url\":\"https:\\\/\\\/vitablanca.ma\\\/\",\"name\":\"VitaBlanca.ma | Compl\u00e9ments alimentaires, sant\u00e9 & beaut\u00e9 au Maroc\",\"description\":\"vendre vitamines et compl\u00e9ments premium des USA &amp; Canada, Nouvelle Z\u00e9lande,Maroc (NOW Foods, Solgar, Manuka). Livraison rapide partout au Maroc.\",\"publisher\":{\"@id\":\"https:\\\/\\\/vitablanca.ma\\\/#organization\"},\"alternateName\":\"VitaBlanca.ma\",\"potentialAction\":[{\"@type\":\"SearchAction\",\"target\":{\"@type\":\"EntryPoint\",\"urlTemplate\":\"https:\\\/\\\/vitablanca.ma\\\/?s={search_term_string}\"},\"query-input\":{\"@type\":\"PropertyValueSpecification\",\"valueRequired\":true,\"valueName\":\"search_term_string\"}}],\"inLanguage\":\"en-US\"},{\"@type\":\"Organization\",\"@id\":\"https:\\\/\\\/vitablanca.ma\\\/#organization\",\"name\":\"VitaBlanca\",\"url\":\"https:\\\/\\\/vitablanca.ma\\\/\",\"logo\":{\"@type\":\"ImageObject\",\"inLanguage\":\"en-US\",\"@id\":\"https:\\\/\\\/vitablanca.ma\\\/#\\\/schema\\\/logo\\\/image\\\/\",\"url\":\"https:\\\/\\\/vitablanca.ma\\\/wp-content\\\/uploads\\\/2025\\\/05\\\/cropped-vitablanca.png\",\"contentUrl\":\"https:\\\/\\\/vitablanca.ma\\\/wp-content\\\/uploads\\\/2025\\\/05\\\/cropped-vitablanca.png\",\"width\":360,\"height\":67,\"caption\":\"VitaBlanca\"},\"image\":{\"@id\":\"https:\\\/\\\/vitablanca.ma\\\/#\\\/schema\\\/logo\\\/image\\\/\"},\"sameAs\":[\"https:\\\/\\\/www.facebook.com\\\/profile.php?id=61576678196717\",\"https:\\\/\\\/www.tiktok.com\\\/@vitablanca.ma\",\"https:\\\/\\\/www.instagram.com\\\/vitablanca.ma\\\/\"]}]}<\/script>\n<!-- \/ Yoast SEO plugin. -->","yoast_head_json":{"title":"Now Foods Resv\u00e9ratrol, 200 mg, 60 capsules - Maroc Prix","description":"Now Foods Resv\u00e9ratrol 200 mg (60 capsules v\u00e9g\u00e9tariennes) : puissant antioxydant naturel issu du raisin rouge, aide \u00e0 soutenir la sant\u00e9 cardiovasculaire","robots":{"index":"index","follow":"follow","max-snippet":"max-snippet:-1","max-image-preview":"max-image-preview:large","max-video-preview":"max-video-preview:-1"},"canonical":"https:\/\/vitablanca.ma\/en\/product\/now-foods-resveratrol-200-mg-60-capsules-vegetariennes\/","og_locale":"en_US","og_type":"article","og_title":"Now Foods Resv\u00e9ratrol, 200 mg, 60 capsules - Maroc Prix","og_description":"Now Foods Resv\u00e9ratrol 200 mg (60 capsules v\u00e9g\u00e9tariennes) : puissant antioxydant naturel issu du raisin rouge, aide \u00e0 soutenir la sant\u00e9 cardiovasculaire","og_url":"https:\/\/vitablanca.ma\/en\/product\/now-foods-resveratrol-200-mg-60-capsules-vegetariennes\/","og_site_name":"Vitablanca.ma &ndash; Sant&eacute;, vitalit&eacute; et bien-&ecirc;tre pour tous les Marocains","article_publisher":"https:\/\/www.facebook.com\/profile.php?id=61576678196717","article_modified_time":"2026-04-10T12:12:40+00:00","og_image":[{"width":680,"height":680,"url":"https:\/\/vitablanca.ma\/wp-content\/uploads\/2026\/04\/now-foods-resveratrol-200-mg-60-capsules-vegetariennes.jpg","type":"image\/jpeg"}],"twitter_card":"summary_large_image","twitter_misc":{"Est. reading time":"1 minute"},"schema":{"@context":"https:\/\/schema.org","@graph":[{"@type":["WebPage","ItemPage"],"@id":"https:\/\/vitablanca.ma\/produit\/now-foods-resveratrol-200-mg-60-capsules-vegetariennes\/","url":"https:\/\/vitablanca.ma\/produit\/now-foods-resveratrol-200-mg-60-capsules-vegetariennes\/","name":"Now Foods Resv\u00e9ratrol, 200 mg, 60 capsules - Maroc Prix","isPartOf":{"@id":"https:\/\/vitablanca.ma\/#website"},"primaryImageOfPage":{"@id":"https:\/\/vitablanca.ma\/produit\/now-foods-resveratrol-200-mg-60-capsules-vegetariennes\/#primaryimage"},"image":{"@id":"https:\/\/vitablanca.ma\/produit\/now-foods-resveratrol-200-mg-60-capsules-vegetariennes\/#primaryimage"},"thumbnailUrl":"https:\/\/vitablanca.ma\/wp-content\/uploads\/2026\/04\/now-foods-resveratrol-200-mg-60-capsules-vegetariennes.jpg","datePublished":"2026-04-10T12:12:37+00:00","dateModified":"2026-04-10T12:12:40+00:00","description":"Now Foods Resv\u00e9ratrol 200 mg (60 capsules v\u00e9g\u00e9tariennes) : puissant antioxydant naturel issu du raisin rouge, aide \u00e0 soutenir la sant\u00e9 cardiovasculaire","breadcrumb":{"@id":"https:\/\/vitablanca.ma\/produit\/now-foods-resveratrol-200-mg-60-capsules-vegetariennes\/#breadcrumb"},"inLanguage":"en-US","potentialAction":[{"@type":"ReadAction","target":["https:\/\/vitablanca.ma\/produit\/now-foods-resveratrol-200-mg-60-capsules-vegetariennes\/"]}]},{"@type":"ImageObject","inLanguage":"en-US","@id":"https:\/\/vitablanca.ma\/produit\/now-foods-resveratrol-200-mg-60-capsules-vegetariennes\/#primaryimage","url":"https:\/\/vitablanca.ma\/wp-content\/uploads\/2026\/04\/now-foods-resveratrol-200-mg-60-capsules-vegetariennes.jpg","contentUrl":"https:\/\/vitablanca.ma\/wp-content\/uploads\/2026\/04\/now-foods-resveratrol-200-mg-60-capsules-vegetariennes.jpg","width":680,"height":680},{"@type":"BreadcrumbList","@id":"https:\/\/vitablanca.ma\/produit\/now-foods-resveratrol-200-mg-60-capsules-vegetariennes\/#breadcrumb","itemListElement":[{"@type":"ListItem","position":1,"name":"Home","item":"https:\/\/vitablanca.ma\/"},{"@type":"ListItem","position":2,"name":"Tous Les Produits","item":"https:\/\/vitablanca.ma\/tous-les-produits\/"},{"@type":"ListItem","position":3,"name":"Now Foods Resv\u00e9ratrol, 200 mg, 60 capsules v\u00e9g\u00e9tariennes"}]},{"@type":"WebSite","@id":"https:\/\/vitablanca.ma\/#website","url":"https:\/\/vitablanca.ma\/","name":"VitaBlanca.ma | Food supplements, health &amp; beauty in Morocco","description":"sell premium vitamins and supplements from USA &amp; Canada, New Zealand, Morocco (NOW Foods, Solgar, Manuka). Fast delivery anywhere in Morocco.","publisher":{"@id":"https:\/\/vitablanca.ma\/#organization"},"alternateName":"VitaBlanca.ma","potentialAction":[{"@type":"SearchAction","target":{"@type":"EntryPoint","urlTemplate":"https:\/\/vitablanca.ma\/?s={search_term_string}"},"query-input":{"@type":"PropertyValueSpecification","valueRequired":true,"valueName":"search_term_string"}}],"inLanguage":"en-US"},{"@type":"Organization","@id":"https:\/\/vitablanca.ma\/#organization","name":"VitaBlanca","url":"https:\/\/vitablanca.ma\/","logo":{"@type":"ImageObject","inLanguage":"en-US","@id":"https:\/\/vitablanca.ma\/#\/schema\/logo\/image\/","url":"https:\/\/vitablanca.ma\/wp-content\/uploads\/2025\/05\/cropped-vitablanca.png","contentUrl":"https:\/\/vitablanca.ma\/wp-content\/uploads\/2025\/05\/cropped-vitablanca.png","width":360,"height":67,"caption":"VitaBlanca"},"image":{"@id":"https:\/\/vitablanca.ma\/#\/schema\/logo\/image\/"},"sameAs":["https:\/\/www.facebook.com\/profile.php?id=61576678196717","https:\/\/www.tiktok.com\/@vitablanca.ma","https:\/\/www.instagram.com\/vitablanca.ma\/"]}]}},"jetpack_sharing_enabled":true,"_links":{"self":[{"href":"https:\/\/vitablanca.ma\/en\/wp-json\/wp\/v2\/product\/34989","targetHints":{"allow":["GET"]}}],"collection":[{"href":"https:\/\/vitablanca.ma\/en\/wp-json\/wp\/v2\/product"}],"about":[{"href":"https:\/\/vitablanca.ma\/en\/wp-json\/wp\/v2\/types\/product"}],"wp:featuredmedia":[{"embeddable":true,"href":"https:\/\/vitablanca.ma\/en\/wp-json\/wp\/v2\/media\/34990"}],"wp:attachment":[{"href":"https:\/\/vitablanca.ma\/en\/wp-json\/wp\/v2\/media?parent=34989"}],"wp:term":[{"taxonomy":"product_brand","embeddable":true,"href":"https:\/\/vitablanca.ma\/en\/wp-json\/wp\/v2\/product_brand?post=34989"},{"taxonomy":"product_cat","embeddable":true,"href":"https:\/\/vitablanca.ma\/en\/wp-json\/wp\/v2\/product_cat?post=34989"},{"taxonomy":"product_tag","embeddable":true,"href":"https:\/\/vitablanca.ma\/en\/wp-json\/wp\/v2\/product_tag?post=34989"}],"curies":[{"name":"wp","href":"https:\/\/api.w.org\/{rel}","templated":true}]}}