{"id":34935,"date":"2026-04-08T22:32:36","date_gmt":"2026-04-08T22:32:36","guid":{"rendered":"https:\/\/vitablanca.ma\/?post_type=product&#038;p=34935"},"modified":"2026-04-08T22:33:16","modified_gmt":"2026-04-08T22:33:16","slug":"thorne-research-basic-nutrients-2-day-multivitamines-60-capsules","status":"publish","type":"product","link":"https:\/\/vitablanca.ma\/en\/product\/thorne-research-basic-nutrients-2-day-multivitamines-60-capsules\/","title":{"rendered":"Thorne Research Basic Nutrients 2\/Day MULTIVITAMINES , 60 capsules"},"content":{"rendered":"<p>Des multivitamines journali\u00e8res avec des nutriments essentiels pour un organisme en bonne sant\u00e9 et plein d&rsquo;\u00e9nergie.<\/p>\n<p>Basic Nutrients 2\/Day est un compl\u00e9ment quotidien complet con\u00e7u pour les personnes cherchant une aide nutritionnelle avec un nombre r\u00e9duit de capsules.<\/p>\n<p>Suggested Use<\/p>\n<p>Prenez 2 capsules par jour<\/p>\n<p>Food supplement<\/p>\n<p>Fondamental<\/p>\n<p>Gluten free<\/p>","protected":false},"excerpt":{"rendered":"<p>Food supplement<\/p>\n<p>Fondamental<\/p>\n<p>Gluten free<\/p>","protected":false},"featured_media":34937,"template":"","meta":{"om_disable_all_campaigns":false},"product_brand":[9039],"product_cat":[8055,19],"product_tag":[7847,579,12072,8960,12073,12079,8901,12076,12078,12075,10777,1859,1692,1029,12070,12071,4307,12074,12077,1691],"class_list":{"0":"post-34935","1":"product","2":"type-product","3":"status-publish","4":"has-post-thumbnail","6":"product_brand-thorne-research","7":"product_cat-multivitamin","8":"product_cat-vitamines-supplements-dietetiques","9":"product_tag-bien-etre-quotidien","10":"product_tag-complement-alimentaire-premium","11":"product_tag-complement-multivitamine","12":"product_tag-energie-quotidienne","13":"product_tag-fatigue-et-energie","14":"product_tag-multivitamine-maroc","15":"product_tag-multivitamines","16":"product_tag-multivitamines-homme-femme","17":"product_tag-nutrition-optimale","18":"product_tag-sante-du-corps","19":"product_tag-sante-globale","20":"product_tag-soutien-immunitaire","21":"product_tag-supplement-nutritionnel","22":"product_tag-systeme-immunitaire","23":"product_tag-thorne-basic-nutrients-2-day","24":"product_tag-thorne-multivitamines","25":"product_tag-vitalite","26":"product_tag-vitamines-completes","27":"product_tag-vitamines-essentielles","28":"product_tag-vitamines-et-mineraux","30":"first","31":"instock","32":"taxable","33":"shipping-taxable","34":"purchasable","35":"product-type-simple"},"yoast_head":"<!-- This site is optimized with the Yoast SEO plugin v27.4 - https:\/\/yoast.com\/product\/yoast-seo-wordpress\/ -->\n<title>Thorne Research Basic Nutrients MULTIVITAMINES - Maroc Prix<\/title>\n<meta name=\"description\" content=\"Thorne Research Basic Nutrients 2\/Day (60 capsules) \u2013 Multivitamines compl\u00e8tes pour soutenir l\u2019\u00e9nergie, l\u2019immunit\u00e9 et la sant\u00e9 globale.\" \/>\n<meta name=\"robots\" content=\"index, follow, max-snippet:-1, max-image-preview:large, max-video-preview:-1\" \/>\n<link rel=\"canonical\" href=\"https:\/\/vitablanca.ma\/en\/product\/thorne-research-basic-nutrients-2-day-multivitamines-60-capsules\/\" \/>\n<meta property=\"og:locale\" content=\"en_US\" \/>\n<meta property=\"og:type\" content=\"article\" \/>\n<meta property=\"og:title\" content=\"Thorne Research Basic Nutrients MULTIVITAMINES - Maroc Prix\" \/>\n<meta property=\"og:description\" content=\"Thorne Research Basic Nutrients 2\/Day (60 capsules) \u2013 Multivitamines compl\u00e8tes pour soutenir l\u2019\u00e9nergie, l\u2019immunit\u00e9 et la sant\u00e9 globale.\" \/>\n<meta property=\"og:url\" content=\"https:\/\/vitablanca.ma\/en\/product\/thorne-research-basic-nutrients-2-day-multivitamines-60-capsules\/\" \/>\n<meta property=\"og:site_name\" content=\"Vitablanca.ma &ndash; Sant&eacute;, vitalit&eacute; et bien-&ecirc;tre pour tous les Marocains\" \/>\n<meta property=\"article:publisher\" content=\"https:\/\/www.facebook.com\/profile.php?id=61576678196717\" \/>\n<meta property=\"article:modified_time\" content=\"2026-04-08T22:33:16+00:00\" \/>\n<meta property=\"og:image\" content=\"https:\/\/vitablanca.ma\/wp-content\/uploads\/2026\/04\/thorne-research-basic-nutrients-2day-multivitamines-60-capsules.jpg\" \/>\n\t<meta property=\"og:image:width\" content=\"680\" \/>\n\t<meta property=\"og:image:height\" content=\"680\" \/>\n\t<meta property=\"og:image:type\" content=\"image\/jpeg\" \/>\n<meta name=\"twitter:card\" content=\"summary_large_image\" \/>\n<meta name=\"twitter:label1\" content=\"Est. reading time\" \/>\n\t<meta name=\"twitter:data1\" content=\"1 minute\" \/>\n<script type=\"application\/ld+json\" class=\"yoast-schema-graph\">{\"@context\":\"https:\\\/\\\/schema.org\",\"@graph\":[{\"@type\":[\"WebPage\",\"ItemPage\"],\"@id\":\"https:\\\/\\\/vitablanca.ma\\\/produit\\\/thorne-research-basic-nutrients-2-day-multivitamines-60-capsules\\\/\",\"url\":\"https:\\\/\\\/vitablanca.ma\\\/produit\\\/thorne-research-basic-nutrients-2-day-multivitamines-60-capsules\\\/\",\"name\":\"Thorne Research Basic Nutrients MULTIVITAMINES - Maroc Prix\",\"isPartOf\":{\"@id\":\"https:\\\/\\\/vitablanca.ma\\\/#website\"},\"primaryImageOfPage\":{\"@id\":\"https:\\\/\\\/vitablanca.ma\\\/produit\\\/thorne-research-basic-nutrients-2-day-multivitamines-60-capsules\\\/#primaryimage\"},\"image\":{\"@id\":\"https:\\\/\\\/vitablanca.ma\\\/produit\\\/thorne-research-basic-nutrients-2-day-multivitamines-60-capsules\\\/#primaryimage\"},\"thumbnailUrl\":\"https:\\\/\\\/vitablanca.ma\\\/wp-content\\\/uploads\\\/2026\\\/04\\\/thorne-research-basic-nutrients-2day-multivitamines-60-capsules.jpg\",\"datePublished\":\"2026-04-08T22:32:36+00:00\",\"dateModified\":\"2026-04-08T22:33:16+00:00\",\"description\":\"Thorne Research Basic Nutrients 2\\\/Day (60 capsules) \u2013 Multivitamines compl\u00e8tes pour soutenir l\u2019\u00e9nergie, l\u2019immunit\u00e9 et la sant\u00e9 globale.\",\"breadcrumb\":{\"@id\":\"https:\\\/\\\/vitablanca.ma\\\/produit\\\/thorne-research-basic-nutrients-2-day-multivitamines-60-capsules\\\/#breadcrumb\"},\"inLanguage\":\"en-US\",\"potentialAction\":[{\"@type\":\"ReadAction\",\"target\":[\"https:\\\/\\\/vitablanca.ma\\\/produit\\\/thorne-research-basic-nutrients-2-day-multivitamines-60-capsules\\\/\"]}]},{\"@type\":\"ImageObject\",\"inLanguage\":\"en-US\",\"@id\":\"https:\\\/\\\/vitablanca.ma\\\/produit\\\/thorne-research-basic-nutrients-2-day-multivitamines-60-capsules\\\/#primaryimage\",\"url\":\"https:\\\/\\\/vitablanca.ma\\\/wp-content\\\/uploads\\\/2026\\\/04\\\/thorne-research-basic-nutrients-2day-multivitamines-60-capsules.jpg\",\"contentUrl\":\"https:\\\/\\\/vitablanca.ma\\\/wp-content\\\/uploads\\\/2026\\\/04\\\/thorne-research-basic-nutrients-2day-multivitamines-60-capsules.jpg\",\"width\":680,\"height\":680},{\"@type\":\"BreadcrumbList\",\"@id\":\"https:\\\/\\\/vitablanca.ma\\\/produit\\\/thorne-research-basic-nutrients-2-day-multivitamines-60-capsules\\\/#breadcrumb\",\"itemListElement\":[{\"@type\":\"ListItem\",\"position\":1,\"name\":\"Home\",\"item\":\"https:\\\/\\\/vitablanca.ma\\\/\"},{\"@type\":\"ListItem\",\"position\":2,\"name\":\"Tous Les Produits\",\"item\":\"https:\\\/\\\/vitablanca.ma\\\/tous-les-produits\\\/\"},{\"@type\":\"ListItem\",\"position\":3,\"name\":\"Thorne Research Basic Nutrients 2\\\/Day MULTIVITAMINES , 60 capsules\"}]},{\"@type\":\"WebSite\",\"@id\":\"https:\\\/\\\/vitablanca.ma\\\/#website\",\"url\":\"https:\\\/\\\/vitablanca.ma\\\/\",\"name\":\"VitaBlanca.ma | Compl\u00e9ments alimentaires, sant\u00e9 & beaut\u00e9 au Maroc\",\"description\":\"vendre vitamines et compl\u00e9ments premium des USA &amp; Canada, Nouvelle Z\u00e9lande,Maroc (NOW Foods, Solgar, Manuka). Livraison rapide partout au Maroc.\",\"publisher\":{\"@id\":\"https:\\\/\\\/vitablanca.ma\\\/#organization\"},\"alternateName\":\"VitaBlanca.ma\",\"potentialAction\":[{\"@type\":\"SearchAction\",\"target\":{\"@type\":\"EntryPoint\",\"urlTemplate\":\"https:\\\/\\\/vitablanca.ma\\\/?s={search_term_string}\"},\"query-input\":{\"@type\":\"PropertyValueSpecification\",\"valueRequired\":true,\"valueName\":\"search_term_string\"}}],\"inLanguage\":\"en-US\"},{\"@type\":\"Organization\",\"@id\":\"https:\\\/\\\/vitablanca.ma\\\/#organization\",\"name\":\"VitaBlanca\",\"url\":\"https:\\\/\\\/vitablanca.ma\\\/\",\"logo\":{\"@type\":\"ImageObject\",\"inLanguage\":\"en-US\",\"@id\":\"https:\\\/\\\/vitablanca.ma\\\/#\\\/schema\\\/logo\\\/image\\\/\",\"url\":\"https:\\\/\\\/vitablanca.ma\\\/wp-content\\\/uploads\\\/2025\\\/05\\\/cropped-vitablanca.png\",\"contentUrl\":\"https:\\\/\\\/vitablanca.ma\\\/wp-content\\\/uploads\\\/2025\\\/05\\\/cropped-vitablanca.png\",\"width\":360,\"height\":67,\"caption\":\"VitaBlanca\"},\"image\":{\"@id\":\"https:\\\/\\\/vitablanca.ma\\\/#\\\/schema\\\/logo\\\/image\\\/\"},\"sameAs\":[\"https:\\\/\\\/www.facebook.com\\\/profile.php?id=61576678196717\",\"https:\\\/\\\/www.tiktok.com\\\/@vitablanca.ma\",\"https:\\\/\\\/www.instagram.com\\\/vitablanca.ma\\\/\"]}]}<\/script>\n<!-- \/ Yoast SEO plugin. -->","yoast_head_json":{"title":"Thorne Research Basic Nutrients MULTIVITAMINES - Maroc Prix","description":"Thorne Research Basic Nutrients 2\/Day (60 capsules) \u2013 Multivitamines compl\u00e8tes pour soutenir l\u2019\u00e9nergie, l\u2019immunit\u00e9 et la sant\u00e9 globale.","robots":{"index":"index","follow":"follow","max-snippet":"max-snippet:-1","max-image-preview":"max-image-preview:large","max-video-preview":"max-video-preview:-1"},"canonical":"https:\/\/vitablanca.ma\/en\/product\/thorne-research-basic-nutrients-2-day-multivitamines-60-capsules\/","og_locale":"en_US","og_type":"article","og_title":"Thorne Research Basic Nutrients MULTIVITAMINES - Maroc Prix","og_description":"Thorne Research Basic Nutrients 2\/Day (60 capsules) \u2013 Multivitamines compl\u00e8tes pour soutenir l\u2019\u00e9nergie, l\u2019immunit\u00e9 et la sant\u00e9 globale.","og_url":"https:\/\/vitablanca.ma\/en\/product\/thorne-research-basic-nutrients-2-day-multivitamines-60-capsules\/","og_site_name":"Vitablanca.ma &ndash; Sant&eacute;, vitalit&eacute; et bien-&ecirc;tre pour tous les Marocains","article_publisher":"https:\/\/www.facebook.com\/profile.php?id=61576678196717","article_modified_time":"2026-04-08T22:33:16+00:00","og_image":[{"width":680,"height":680,"url":"https:\/\/vitablanca.ma\/wp-content\/uploads\/2026\/04\/thorne-research-basic-nutrients-2day-multivitamines-60-capsules.jpg","type":"image\/jpeg"}],"twitter_card":"summary_large_image","twitter_misc":{"Est. reading time":"1 minute"},"schema":{"@context":"https:\/\/schema.org","@graph":[{"@type":["WebPage","ItemPage"],"@id":"https:\/\/vitablanca.ma\/produit\/thorne-research-basic-nutrients-2-day-multivitamines-60-capsules\/","url":"https:\/\/vitablanca.ma\/produit\/thorne-research-basic-nutrients-2-day-multivitamines-60-capsules\/","name":"Thorne Research Basic Nutrients MULTIVITAMINES - Maroc Prix","isPartOf":{"@id":"https:\/\/vitablanca.ma\/#website"},"primaryImageOfPage":{"@id":"https:\/\/vitablanca.ma\/produit\/thorne-research-basic-nutrients-2-day-multivitamines-60-capsules\/#primaryimage"},"image":{"@id":"https:\/\/vitablanca.ma\/produit\/thorne-research-basic-nutrients-2-day-multivitamines-60-capsules\/#primaryimage"},"thumbnailUrl":"https:\/\/vitablanca.ma\/wp-content\/uploads\/2026\/04\/thorne-research-basic-nutrients-2day-multivitamines-60-capsules.jpg","datePublished":"2026-04-08T22:32:36+00:00","dateModified":"2026-04-08T22:33:16+00:00","description":"Thorne Research Basic Nutrients 2\/Day (60 capsules) \u2013 Multivitamines compl\u00e8tes pour soutenir l\u2019\u00e9nergie, l\u2019immunit\u00e9 et la sant\u00e9 globale.","breadcrumb":{"@id":"https:\/\/vitablanca.ma\/produit\/thorne-research-basic-nutrients-2-day-multivitamines-60-capsules\/#breadcrumb"},"inLanguage":"en-US","potentialAction":[{"@type":"ReadAction","target":["https:\/\/vitablanca.ma\/produit\/thorne-research-basic-nutrients-2-day-multivitamines-60-capsules\/"]}]},{"@type":"ImageObject","inLanguage":"en-US","@id":"https:\/\/vitablanca.ma\/produit\/thorne-research-basic-nutrients-2-day-multivitamines-60-capsules\/#primaryimage","url":"https:\/\/vitablanca.ma\/wp-content\/uploads\/2026\/04\/thorne-research-basic-nutrients-2day-multivitamines-60-capsules.jpg","contentUrl":"https:\/\/vitablanca.ma\/wp-content\/uploads\/2026\/04\/thorne-research-basic-nutrients-2day-multivitamines-60-capsules.jpg","width":680,"height":680},{"@type":"BreadcrumbList","@id":"https:\/\/vitablanca.ma\/produit\/thorne-research-basic-nutrients-2-day-multivitamines-60-capsules\/#breadcrumb","itemListElement":[{"@type":"ListItem","position":1,"name":"Home","item":"https:\/\/vitablanca.ma\/"},{"@type":"ListItem","position":2,"name":"Tous Les Produits","item":"https:\/\/vitablanca.ma\/tous-les-produits\/"},{"@type":"ListItem","position":3,"name":"Thorne Research Basic Nutrients 2\/Day MULTIVITAMINES , 60 capsules"}]},{"@type":"WebSite","@id":"https:\/\/vitablanca.ma\/#website","url":"https:\/\/vitablanca.ma\/","name":"VitaBlanca.ma | Food supplements, health &amp; beauty in Morocco","description":"sell premium vitamins and supplements from USA &amp; Canada, New Zealand, Morocco (NOW Foods, Solgar, Manuka). Fast delivery anywhere in Morocco.","publisher":{"@id":"https:\/\/vitablanca.ma\/#organization"},"alternateName":"VitaBlanca.ma","potentialAction":[{"@type":"SearchAction","target":{"@type":"EntryPoint","urlTemplate":"https:\/\/vitablanca.ma\/?s={search_term_string}"},"query-input":{"@type":"PropertyValueSpecification","valueRequired":true,"valueName":"search_term_string"}}],"inLanguage":"en-US"},{"@type":"Organization","@id":"https:\/\/vitablanca.ma\/#organization","name":"VitaBlanca","url":"https:\/\/vitablanca.ma\/","logo":{"@type":"ImageObject","inLanguage":"en-US","@id":"https:\/\/vitablanca.ma\/#\/schema\/logo\/image\/","url":"https:\/\/vitablanca.ma\/wp-content\/uploads\/2025\/05\/cropped-vitablanca.png","contentUrl":"https:\/\/vitablanca.ma\/wp-content\/uploads\/2025\/05\/cropped-vitablanca.png","width":360,"height":67,"caption":"VitaBlanca"},"image":{"@id":"https:\/\/vitablanca.ma\/#\/schema\/logo\/image\/"},"sameAs":["https:\/\/www.facebook.com\/profile.php?id=61576678196717","https:\/\/www.tiktok.com\/@vitablanca.ma","https:\/\/www.instagram.com\/vitablanca.ma\/"]}]}},"jetpack_sharing_enabled":true,"_links":{"self":[{"href":"https:\/\/vitablanca.ma\/en\/wp-json\/wp\/v2\/product\/34935","targetHints":{"allow":["GET"]}}],"collection":[{"href":"https:\/\/vitablanca.ma\/en\/wp-json\/wp\/v2\/product"}],"about":[{"href":"https:\/\/vitablanca.ma\/en\/wp-json\/wp\/v2\/types\/product"}],"wp:featuredmedia":[{"embeddable":true,"href":"https:\/\/vitablanca.ma\/en\/wp-json\/wp\/v2\/media\/34937"}],"wp:attachment":[{"href":"https:\/\/vitablanca.ma\/en\/wp-json\/wp\/v2\/media?parent=34935"}],"wp:term":[{"taxonomy":"product_brand","embeddable":true,"href":"https:\/\/vitablanca.ma\/en\/wp-json\/wp\/v2\/product_brand?post=34935"},{"taxonomy":"product_cat","embeddable":true,"href":"https:\/\/vitablanca.ma\/en\/wp-json\/wp\/v2\/product_cat?post=34935"},{"taxonomy":"product_tag","embeddable":true,"href":"https:\/\/vitablanca.ma\/en\/wp-json\/wp\/v2\/product_tag?post=34935"}],"curies":[{"name":"wp","href":"https:\/\/api.w.org\/{rel}","templated":true}]}}