{"id":34899,"date":"2026-04-08T18:16:31","date_gmt":"2026-04-08T18:16:31","guid":{"rendered":"https:\/\/vitablanca.ma\/?post_type=product&#038;p=34899"},"modified":"2026-04-08T18:16:48","modified_gmt":"2026-04-08T18:16:48","slug":"country-life-omega-3-naturels-1000-mg-200-capsules-a-enveloppe-molle","status":"publish","type":"product","link":"https:\/\/vitablanca.ma\/en\/product\/country-life-omega-3-naturels-1000-mg-200-capsules-a-enveloppe-molle\/","title":{"rendered":"Country Life Om\u00e9ga-3 naturels, 1000 mg, 200 capsules \u00e0 enveloppe molle"},"content":{"rendered":"<p>L&rsquo;huile de poisson d&rsquo;eau froide contient des acides gras om\u00e9ga-3. Le compl\u00e9ment Om\u00e9ga-3 de Country Life contient un total de 1000 mg de ces huiles, avec 180 mg d&rsquo;acide eicosapenta\u00e9no\u00efque et 120 mg de DHA (acide docosahexa\u00e9no\u00efque) dans une capsule \u00e0 enveloppe molle. La consommation d&rsquo;acides gras om\u00e9ga-3 favorise la sant\u00e9 cardiovasculaire.<\/p>\n<p>Comme ce produit est d\u00e9riv\u00e9 d&rsquo;huile de poisson, il est test\u00e9 par un organisme ind\u00e9pendant pour les toxines et les m\u00e9taux lourds tels que le mercure et le plomb afin de garantir la puret\u00e9 et la s\u00e9curit\u00e9.<\/p>\n<p>Ce produit a \u00e9t\u00e9 fabriqu\u00e9 dans un \u00e9tablissement respectant les Bonnes Pratiques de Fabrication (BPF).<\/p>\n<p>Suggested Use<\/p>\n<p>Posologie pour un adulte : une (1) capsule \u00e0 enveloppe molle par jour. Pour de meilleurs r\u00e9sultats, prenez ce produit pendant les repas.<\/p>","protected":false},"excerpt":{"rendered":"<p>L&rsquo;huile de poisson d&rsquo;eau froide contient des acides gras om\u00e9ga-3. Le compl\u00e9ment Om\u00e9ga-3 de Country Life contient un total de 1000 mg de ces huiles, avec 180 mg d&rsquo;acide eicosapenta\u00e9no\u00efque et 120 mg de DHA (acide docosahexa\u00e9no\u00efque) dans une capsule \u00e0 enveloppe molle. La consommation d&rsquo;acides gras om\u00e9ga-3 favorise la sant\u00e9 cardiovasculaire. Comme ce produit [&hellip;]<\/p>\n","protected":false},"featured_media":34901,"template":"","meta":{"om_disable_all_campaigns":false},"product_brand":[188],"product_cat":[8975,19],"product_tag":[4958,12007,1699,12006,181,5240,12005,4976,8949,1745,25,12004,12008,33,7842,834,963,607,12009],"class_list":{"0":"post-34899","1":"product","2":"type-product","3":"status-publish","4":"has-post-thumbnail","6":"product_brand-country-life-maroc","7":"product_cat-omegas-et-huiles-de-poisson-epa-dha","8":"product_cat-vitamines-supplements-dietetiques","9":"product_tag-anti-inflammatoire","10":"product_tag-articulation","11":"product_tag-bien-etre","12":"product_tag-cerveau-memoire","13":"product_tag-complement-alimentaire","14":"product_tag-complement-omega-3-2","15":"product_tag-country-life-omega-3","16":"product_tag-epa-dha","17":"product_tag-fish-oil","18":"product_tag-huile-de-poisson","19":"product_tag-omega-3","20":"product_tag-omega-3-1000-mg","21":"product_tag-omega-3-capsules","22":"product_tag-omega-3-maroc","23":"product_tag-omega-3-naturel","24":"product_tag-sante-cardiovasculaire","25":"product_tag-sante-du-coeur","26":"product_tag-sante-generale","27":"product_tag-supplement-omega-3","29":"first","30":"instock","31":"taxable","32":"shipping-taxable","33":"purchasable","34":"product-type-simple"},"yoast_head":"<!-- This site is optimized with the Yoast SEO plugin v27.4 - https:\/\/yoast.com\/product\/yoast-seo-wordpress\/ -->\n<title>Country Life Om\u00e9ga-3 naturels 1000 mg - Maroc Prix<\/title>\n<meta name=\"description\" content=\"Country Life Om\u00e9ga-3 naturels 1000 mg (200 capsules) \u2013 Compl\u00e9ment riche en EPA &amp; DHA pour soutenir la sant\u00e9 cardiovasculaire, c\u00e9r\u00e9brale et articulaire.\" \/>\n<meta name=\"robots\" content=\"index, follow, max-snippet:-1, max-image-preview:large, max-video-preview:-1\" \/>\n<link rel=\"canonical\" href=\"https:\/\/vitablanca.ma\/en\/product\/country-life-omega-3-naturels-1000-mg-200-capsules-a-enveloppe-molle\/\" \/>\n<meta property=\"og:locale\" content=\"en_US\" \/>\n<meta property=\"og:type\" content=\"article\" \/>\n<meta property=\"og:title\" content=\"Country Life Om\u00e9ga-3 naturels 1000 mg - Maroc Prix\" \/>\n<meta property=\"og:description\" content=\"Country Life Om\u00e9ga-3 naturels 1000 mg (200 capsules) \u2013 Compl\u00e9ment riche en EPA &amp; DHA pour soutenir la sant\u00e9 cardiovasculaire, c\u00e9r\u00e9brale et articulaire.\" \/>\n<meta property=\"og:url\" content=\"https:\/\/vitablanca.ma\/en\/product\/country-life-omega-3-naturels-1000-mg-200-capsules-a-enveloppe-molle\/\" \/>\n<meta property=\"og:site_name\" content=\"Vitablanca.ma &ndash; Sant&eacute;, vitalit&eacute; et bien-&ecirc;tre pour tous les Marocains\" \/>\n<meta property=\"article:publisher\" content=\"https:\/\/www.facebook.com\/profile.php?id=61576678196717\" \/>\n<meta property=\"article:modified_time\" content=\"2026-04-08T18:16:48+00:00\" \/>\n<meta property=\"og:image\" content=\"https:\/\/vitablanca.ma\/wp-content\/uploads\/2026\/04\/country-life-omega-3-naturels-1000-mg-200-capsules-a-enveloppe-molle.jpg\" \/>\n\t<meta property=\"og:image:width\" content=\"680\" \/>\n\t<meta property=\"og:image:height\" content=\"680\" \/>\n\t<meta property=\"og:image:type\" content=\"image\/jpeg\" \/>\n<meta name=\"twitter:card\" content=\"summary_large_image\" \/>\n<meta name=\"twitter:label1\" content=\"Est. reading time\" \/>\n\t<meta name=\"twitter:data1\" content=\"1 minute\" \/>\n<script type=\"application\/ld+json\" class=\"yoast-schema-graph\">{\"@context\":\"https:\\\/\\\/schema.org\",\"@graph\":[{\"@type\":[\"WebPage\",\"ItemPage\"],\"@id\":\"https:\\\/\\\/vitablanca.ma\\\/produit\\\/country-life-omega-3-naturels-1000-mg-200-capsules-a-enveloppe-molle\\\/\",\"url\":\"https:\\\/\\\/vitablanca.ma\\\/produit\\\/country-life-omega-3-naturels-1000-mg-200-capsules-a-enveloppe-molle\\\/\",\"name\":\"Country Life Om\u00e9ga-3 naturels 1000 mg - Maroc Prix\",\"isPartOf\":{\"@id\":\"https:\\\/\\\/vitablanca.ma\\\/#website\"},\"primaryImageOfPage\":{\"@id\":\"https:\\\/\\\/vitablanca.ma\\\/produit\\\/country-life-omega-3-naturels-1000-mg-200-capsules-a-enveloppe-molle\\\/#primaryimage\"},\"image\":{\"@id\":\"https:\\\/\\\/vitablanca.ma\\\/produit\\\/country-life-omega-3-naturels-1000-mg-200-capsules-a-enveloppe-molle\\\/#primaryimage\"},\"thumbnailUrl\":\"https:\\\/\\\/vitablanca.ma\\\/wp-content\\\/uploads\\\/2026\\\/04\\\/country-life-omega-3-naturels-1000-mg-200-capsules-a-enveloppe-molle.jpg\",\"datePublished\":\"2026-04-08T18:16:31+00:00\",\"dateModified\":\"2026-04-08T18:16:48+00:00\",\"description\":\"Country Life Om\u00e9ga-3 naturels 1000 mg (200 capsules) \u2013 Compl\u00e9ment riche en EPA & DHA pour soutenir la sant\u00e9 cardiovasculaire, c\u00e9r\u00e9brale et articulaire.\",\"breadcrumb\":{\"@id\":\"https:\\\/\\\/vitablanca.ma\\\/produit\\\/country-life-omega-3-naturels-1000-mg-200-capsules-a-enveloppe-molle\\\/#breadcrumb\"},\"inLanguage\":\"en-US\",\"potentialAction\":[{\"@type\":\"ReadAction\",\"target\":[\"https:\\\/\\\/vitablanca.ma\\\/produit\\\/country-life-omega-3-naturels-1000-mg-200-capsules-a-enveloppe-molle\\\/\"]}]},{\"@type\":\"ImageObject\",\"inLanguage\":\"en-US\",\"@id\":\"https:\\\/\\\/vitablanca.ma\\\/produit\\\/country-life-omega-3-naturels-1000-mg-200-capsules-a-enveloppe-molle\\\/#primaryimage\",\"url\":\"https:\\\/\\\/vitablanca.ma\\\/wp-content\\\/uploads\\\/2026\\\/04\\\/country-life-omega-3-naturels-1000-mg-200-capsules-a-enveloppe-molle.jpg\",\"contentUrl\":\"https:\\\/\\\/vitablanca.ma\\\/wp-content\\\/uploads\\\/2026\\\/04\\\/country-life-omega-3-naturels-1000-mg-200-capsules-a-enveloppe-molle.jpg\",\"width\":680,\"height\":680},{\"@type\":\"BreadcrumbList\",\"@id\":\"https:\\\/\\\/vitablanca.ma\\\/produit\\\/country-life-omega-3-naturels-1000-mg-200-capsules-a-enveloppe-molle\\\/#breadcrumb\",\"itemListElement\":[{\"@type\":\"ListItem\",\"position\":1,\"name\":\"Home\",\"item\":\"https:\\\/\\\/vitablanca.ma\\\/\"},{\"@type\":\"ListItem\",\"position\":2,\"name\":\"Tous Les Produits\",\"item\":\"https:\\\/\\\/vitablanca.ma\\\/tous-les-produits\\\/\"},{\"@type\":\"ListItem\",\"position\":3,\"name\":\"Country Life Om\u00e9ga-3 naturels, 1000 mg, 200 capsules \u00e0 enveloppe molle\"}]},{\"@type\":\"WebSite\",\"@id\":\"https:\\\/\\\/vitablanca.ma\\\/#website\",\"url\":\"https:\\\/\\\/vitablanca.ma\\\/\",\"name\":\"VitaBlanca.ma | Compl\u00e9ments alimentaires, sant\u00e9 & beaut\u00e9 au Maroc\",\"description\":\"vendre vitamines et compl\u00e9ments premium des USA &amp; Canada, Nouvelle Z\u00e9lande,Maroc (NOW Foods, Solgar, Manuka). Livraison rapide partout au Maroc.\",\"publisher\":{\"@id\":\"https:\\\/\\\/vitablanca.ma\\\/#organization\"},\"alternateName\":\"VitaBlanca.ma\",\"potentialAction\":[{\"@type\":\"SearchAction\",\"target\":{\"@type\":\"EntryPoint\",\"urlTemplate\":\"https:\\\/\\\/vitablanca.ma\\\/?s={search_term_string}\"},\"query-input\":{\"@type\":\"PropertyValueSpecification\",\"valueRequired\":true,\"valueName\":\"search_term_string\"}}],\"inLanguage\":\"en-US\"},{\"@type\":\"Organization\",\"@id\":\"https:\\\/\\\/vitablanca.ma\\\/#organization\",\"name\":\"VitaBlanca\",\"url\":\"https:\\\/\\\/vitablanca.ma\\\/\",\"logo\":{\"@type\":\"ImageObject\",\"inLanguage\":\"en-US\",\"@id\":\"https:\\\/\\\/vitablanca.ma\\\/#\\\/schema\\\/logo\\\/image\\\/\",\"url\":\"https:\\\/\\\/vitablanca.ma\\\/wp-content\\\/uploads\\\/2025\\\/05\\\/cropped-vitablanca.png\",\"contentUrl\":\"https:\\\/\\\/vitablanca.ma\\\/wp-content\\\/uploads\\\/2025\\\/05\\\/cropped-vitablanca.png\",\"width\":360,\"height\":67,\"caption\":\"VitaBlanca\"},\"image\":{\"@id\":\"https:\\\/\\\/vitablanca.ma\\\/#\\\/schema\\\/logo\\\/image\\\/\"},\"sameAs\":[\"https:\\\/\\\/www.facebook.com\\\/profile.php?id=61576678196717\",\"https:\\\/\\\/www.tiktok.com\\\/@vitablanca.ma\",\"https:\\\/\\\/www.instagram.com\\\/vitablanca.ma\\\/\"]}]}<\/script>\n<!-- \/ Yoast SEO plugin. -->","yoast_head_json":{"title":"Country Life Om\u00e9ga-3 naturels 1000 mg - Maroc Prix","description":"Country Life Om\u00e9ga-3 naturels 1000 mg (200 capsules) \u2013 Compl\u00e9ment riche en EPA & DHA pour soutenir la sant\u00e9 cardiovasculaire, c\u00e9r\u00e9brale et articulaire.","robots":{"index":"index","follow":"follow","max-snippet":"max-snippet:-1","max-image-preview":"max-image-preview:large","max-video-preview":"max-video-preview:-1"},"canonical":"https:\/\/vitablanca.ma\/en\/product\/country-life-omega-3-naturels-1000-mg-200-capsules-a-enveloppe-molle\/","og_locale":"en_US","og_type":"article","og_title":"Country Life Om\u00e9ga-3 naturels 1000 mg - Maroc Prix","og_description":"Country Life Om\u00e9ga-3 naturels 1000 mg (200 capsules) \u2013 Compl\u00e9ment riche en EPA & DHA pour soutenir la sant\u00e9 cardiovasculaire, c\u00e9r\u00e9brale et articulaire.","og_url":"https:\/\/vitablanca.ma\/en\/product\/country-life-omega-3-naturels-1000-mg-200-capsules-a-enveloppe-molle\/","og_site_name":"Vitablanca.ma &ndash; Sant&eacute;, vitalit&eacute; et bien-&ecirc;tre pour tous les Marocains","article_publisher":"https:\/\/www.facebook.com\/profile.php?id=61576678196717","article_modified_time":"2026-04-08T18:16:48+00:00","og_image":[{"width":680,"height":680,"url":"https:\/\/vitablanca.ma\/wp-content\/uploads\/2026\/04\/country-life-omega-3-naturels-1000-mg-200-capsules-a-enveloppe-molle.jpg","type":"image\/jpeg"}],"twitter_card":"summary_large_image","twitter_misc":{"Est. reading time":"1 minute"},"schema":{"@context":"https:\/\/schema.org","@graph":[{"@type":["WebPage","ItemPage"],"@id":"https:\/\/vitablanca.ma\/produit\/country-life-omega-3-naturels-1000-mg-200-capsules-a-enveloppe-molle\/","url":"https:\/\/vitablanca.ma\/produit\/country-life-omega-3-naturels-1000-mg-200-capsules-a-enveloppe-molle\/","name":"Country Life Om\u00e9ga-3 naturels 1000 mg - Maroc Prix","isPartOf":{"@id":"https:\/\/vitablanca.ma\/#website"},"primaryImageOfPage":{"@id":"https:\/\/vitablanca.ma\/produit\/country-life-omega-3-naturels-1000-mg-200-capsules-a-enveloppe-molle\/#primaryimage"},"image":{"@id":"https:\/\/vitablanca.ma\/produit\/country-life-omega-3-naturels-1000-mg-200-capsules-a-enveloppe-molle\/#primaryimage"},"thumbnailUrl":"https:\/\/vitablanca.ma\/wp-content\/uploads\/2026\/04\/country-life-omega-3-naturels-1000-mg-200-capsules-a-enveloppe-molle.jpg","datePublished":"2026-04-08T18:16:31+00:00","dateModified":"2026-04-08T18:16:48+00:00","description":"Country Life Om\u00e9ga-3 naturels 1000 mg (200 capsules) \u2013 Compl\u00e9ment riche en EPA & DHA pour soutenir la sant\u00e9 cardiovasculaire, c\u00e9r\u00e9brale et articulaire.","breadcrumb":{"@id":"https:\/\/vitablanca.ma\/produit\/country-life-omega-3-naturels-1000-mg-200-capsules-a-enveloppe-molle\/#breadcrumb"},"inLanguage":"en-US","potentialAction":[{"@type":"ReadAction","target":["https:\/\/vitablanca.ma\/produit\/country-life-omega-3-naturels-1000-mg-200-capsules-a-enveloppe-molle\/"]}]},{"@type":"ImageObject","inLanguage":"en-US","@id":"https:\/\/vitablanca.ma\/produit\/country-life-omega-3-naturels-1000-mg-200-capsules-a-enveloppe-molle\/#primaryimage","url":"https:\/\/vitablanca.ma\/wp-content\/uploads\/2026\/04\/country-life-omega-3-naturels-1000-mg-200-capsules-a-enveloppe-molle.jpg","contentUrl":"https:\/\/vitablanca.ma\/wp-content\/uploads\/2026\/04\/country-life-omega-3-naturels-1000-mg-200-capsules-a-enveloppe-molle.jpg","width":680,"height":680},{"@type":"BreadcrumbList","@id":"https:\/\/vitablanca.ma\/produit\/country-life-omega-3-naturels-1000-mg-200-capsules-a-enveloppe-molle\/#breadcrumb","itemListElement":[{"@type":"ListItem","position":1,"name":"Home","item":"https:\/\/vitablanca.ma\/"},{"@type":"ListItem","position":2,"name":"Tous Les Produits","item":"https:\/\/vitablanca.ma\/tous-les-produits\/"},{"@type":"ListItem","position":3,"name":"Country Life Om\u00e9ga-3 naturels, 1000 mg, 200 capsules \u00e0 enveloppe molle"}]},{"@type":"WebSite","@id":"https:\/\/vitablanca.ma\/#website","url":"https:\/\/vitablanca.ma\/","name":"VitaBlanca.ma | Food supplements, health &amp; beauty in Morocco","description":"sell premium vitamins and supplements from USA &amp; Canada, New Zealand, Morocco (NOW Foods, Solgar, Manuka). Fast delivery anywhere in Morocco.","publisher":{"@id":"https:\/\/vitablanca.ma\/#organization"},"alternateName":"VitaBlanca.ma","potentialAction":[{"@type":"SearchAction","target":{"@type":"EntryPoint","urlTemplate":"https:\/\/vitablanca.ma\/?s={search_term_string}"},"query-input":{"@type":"PropertyValueSpecification","valueRequired":true,"valueName":"search_term_string"}}],"inLanguage":"en-US"},{"@type":"Organization","@id":"https:\/\/vitablanca.ma\/#organization","name":"VitaBlanca","url":"https:\/\/vitablanca.ma\/","logo":{"@type":"ImageObject","inLanguage":"en-US","@id":"https:\/\/vitablanca.ma\/#\/schema\/logo\/image\/","url":"https:\/\/vitablanca.ma\/wp-content\/uploads\/2025\/05\/cropped-vitablanca.png","contentUrl":"https:\/\/vitablanca.ma\/wp-content\/uploads\/2025\/05\/cropped-vitablanca.png","width":360,"height":67,"caption":"VitaBlanca"},"image":{"@id":"https:\/\/vitablanca.ma\/#\/schema\/logo\/image\/"},"sameAs":["https:\/\/www.facebook.com\/profile.php?id=61576678196717","https:\/\/www.tiktok.com\/@vitablanca.ma","https:\/\/www.instagram.com\/vitablanca.ma\/"]}]}},"jetpack_sharing_enabled":true,"_links":{"self":[{"href":"https:\/\/vitablanca.ma\/en\/wp-json\/wp\/v2\/product\/34899","targetHints":{"allow":["GET"]}}],"collection":[{"href":"https:\/\/vitablanca.ma\/en\/wp-json\/wp\/v2\/product"}],"about":[{"href":"https:\/\/vitablanca.ma\/en\/wp-json\/wp\/v2\/types\/product"}],"wp:featuredmedia":[{"embeddable":true,"href":"https:\/\/vitablanca.ma\/en\/wp-json\/wp\/v2\/media\/34901"}],"wp:attachment":[{"href":"https:\/\/vitablanca.ma\/en\/wp-json\/wp\/v2\/media?parent=34899"}],"wp:term":[{"taxonomy":"product_brand","embeddable":true,"href":"https:\/\/vitablanca.ma\/en\/wp-json\/wp\/v2\/product_brand?post=34899"},{"taxonomy":"product_cat","embeddable":true,"href":"https:\/\/vitablanca.ma\/en\/wp-json\/wp\/v2\/product_cat?post=34899"},{"taxonomy":"product_tag","embeddable":true,"href":"https:\/\/vitablanca.ma\/en\/wp-json\/wp\/v2\/product_tag?post=34899"}],"curies":[{"name":"wp","href":"https:\/\/api.w.org\/{rel}","templated":true}]}}