{"id":34459,"date":"2026-03-23T22:47:22","date_gmt":"2026-03-23T22:47:22","guid":{"rendered":"https:\/\/vitablanca.ma\/?post_type=product&#038;p=34459"},"modified":"2026-03-28T17:51:49","modified_gmt":"2026-03-28T17:51:49","slug":"now-foods-complexe-c-1000-tamponne-90-comprimes-maroc-prix","status":"publish","type":"product","link":"https:\/\/vitablanca.ma\/en\/product\/now-foods-complexe-c-1000-tamponne-90-comprimes-maroc-prix\/","title":{"rendered":"NOW Foods, Complexe C-1000 tamponn\u00e9, 90 comprim\u00e9s"},"content":{"rendered":"<div class=\"row item-row\">\n<div class=\"col-xs-24\">\n<div>\n<p>La vitamine\u00a0C est un nutriment hydrosoluble bien connu pour son r\u00f4le vital dans le syst\u00e8me immunitaire. La vitamine\u00a0C est \u00e9galement n\u00e9cessaire \u00e0 la production de collag\u00e8ne (une prot\u00e9ine structurelle du tissu conjonctif) et est donc importante pour la sant\u00e9 de la peau, des os et des articulations. La vitamine\u00a0C est essentielle au m\u00e9tabolisme des acides amin\u00e9s, \u00e0 la synth\u00e8se des neurotransmetteurs et \u00e0 l\u2019utilisation de nombreux nutriments, tels que l\u2019acide folique et le fer. Il s\u2019agit \u00e9galement d\u2019un antioxydant tr\u00e8s efficace qui peut aider \u00e0 pr\u00e9server la sant\u00e9 des tissus en neutralisant les radicaux libres g\u00e9n\u00e9r\u00e9s au cours du m\u00e9tabolisme normal et lors de l\u2019exposition aux facteurs de stress environnementaux. Ce produit contient de l\u2019ascorbate de calcium, une forme tamponn\u00e9e de vitamine\u00a0C qui est biodisponible et non acide. De plus, il est enrichi en bioflavono\u00efdes qui agissent en synergie avec la vitamine\u00a0C.<\/p>\n<\/div>\n<\/div>\n<\/div>\n<div class=\"row item-row\">\n<div class=\"col-xs-24\">\n<h3><strong>Suggested Use<\/strong><\/h3>\n<div class=\"prodOverviewDetail\">\n<p>Prenez 1\u00a0comprim\u00e9 par jour.<\/p>\n<\/div>\n<\/div>\n<\/div>\n<div class=\"row item-row\">\n<div class=\"col-xs-24\">\n<h3><strong>Other ingredients<\/strong><\/h3>\n<div class=\"prodOverviewIngred\">\n<p>Hydroxypropylcellulose, hypromellose (cellulose), Acide st\u00e9arique (source v\u00e9g\u00e9tale), maltodextrine (sans OGM), enrobage v\u00e9g\u00e9tarien \u2018hypromellose (cellulose), Acide st\u00e9arique (source v\u00e9g\u00e9tale), l\u00e9cithine de tournesol, citrate de tri\u00e9thyle, huile de tournesol&, st\u00e9arate de magn\u00e9sium (source v\u00e9g\u00e9tale), dioxyde de silicium et colorant caramel.<\/p>\n<p>Fabriqu\u00e9 et test\u00e9 aux \u00c9tats-Unis avec des ingr\u00e9dients provenant du monde entier.<\/p>\n<p>Non fabriqu\u00e9 avec du bl\u00e9, gluten, soja, lait, oeuf, poisson, coquillage, Ingr\u00e9dients \u00e0 base de noix ou de s\u00e9same.<\/p>\n<p>Produit dans une installation BPF qui traite d\u2019autres ingr\u00e9dients contenant ces allerg\u00e8nes.<\/p>\n<\/div>\n<\/div>\n<\/div>\n<div class=\"row item-row\">\n<div class=\"col-xs-24\">\n<h3><strong>Warnings<\/strong><\/h3>\n<div class=\"prodOverviewDetail\">\n<p>R\u00e9serv\u00e9 aux adultes. Consultez un m\u00e9decin si vous \u00eates enceinte\/allaitez, si vous prenez des m\u00e9dicaments ou si vous avez un probl\u00e8me de sant\u00e9. Tenir hors de port\u00e9e des enfants.<\/p>\n<p>Des variations de couleur naturelles peuvent se produire dans ce produit.<\/p>\n<p>Conserver dans un endroit frais et sec apr\u00e8s ouverture.<\/p>\n<table border=\"1\" width=\"100%\" cellspacing=\"0\" cellpadding=\"3\">\n<tbody>\n<tr align=\"left\" valign=\"top\">\n<td colspan=\"3\"><strong>Faits sur les suppl\u00e9ments<\/strong><\/td>\n<\/tr>\n<tr align=\"left\" valign=\"top\">\n<td colspan=\"3\"><strong>Serving:\u00a0<\/strong>1\u00a0comprim\u00e9<\/td>\n<\/tr>\n<tr align=\"left\" valign=\"top\">\n<td><\/td>\n<td><strong>Amount per serving<\/strong><\/td>\n<td><strong>% Valeur quotidienne<\/strong><\/td>\n<\/tr>\n<tr align=\"left\" valign=\"top\">\n<td>Vitamine\u00a0C (issue d\u2019ascorbate de calcium)<\/td>\n<td>1 g (1 000 mg)<\/td>\n<td>1111\u00a0%<\/td>\n<\/tr>\n<tr align=\"left\" valign=\"top\">\n<td>Calcium (issu d\u2019ascorbate de calcium)<\/td>\n<td>100 mg<\/td>\n<td>8%<\/td>\n<\/tr>\n<tr align=\"left\" valign=\"top\">\n<td>Complexe de bioflavono\u00efdes d\u2019agrumes<\/td>\n<td>250 mg<\/td>\n<td>*<\/td>\n<\/tr>\n<tr align=\"left\" valign=\"top\">\n<td>Complexe de poudre d\u2019ac\u00e9rola<\/td>\n<td>50 mg<\/td>\n<td>*<\/td>\n<\/tr>\n<tr align=\"left\" valign=\"top\">\n<td>Complexe de rutine (issu de bouton de fleur de sophora du Japon)<\/td>\n<td>50 mg<\/td>\n<td>*<\/td>\n<\/tr>\n<tr align=\"left\" valign=\"top\">\n<td colspan=\"3\">Valeur quotidienne non \u00e9tablie.<\/td>\n<\/tr>\n<\/tbody>\n<\/table>\n<\/div>\n<\/div>\n<\/div>","protected":false},"excerpt":{"rendered":"<ul>\n<li>Renforcement du syst\u00e8me immunitaire<\/li>\n<li>Soutien antioxydant et apport en collag\u00e8ne<\/li>\n<li>Avec 250\u00a0mg de bioflavono\u00efdes<\/li>\n<li>GMO-free<\/li>\n<li>Food supplement<\/li>\n<li>V\u00e9g\u00e9tarien\/V\u00e9gan<\/li>\n<li>Kosher<\/li>\n<li>Vitamins<\/li>\n<li>Family business since 1968<\/li>\n<li>GMP quality assured<\/li>\n<\/ul>","protected":false},"featured_media":34460,"template":"","meta":{"om_disable_all_campaigns":false},"product_brand":[83],"product_cat":[18,11099,8967,3366,7961,7977,7963],"product_tag":[7752,441,11995,181,398,3492,88,1029,470,183],"class_list":{"0":"post-34459","1":"product","2":"type-product","3":"status-publish","4":"has-post-thumbnail","6":"product_brand-now-foods-maroc-prix","7":"product_cat-beaute-sante","8":"product_cat-calcium","9":"product_cat-complements","10":"product_cat-complements-alimentaires-au-maroc-vitablanca","11":"product_cat-mineraux-2","12":"product_cat-vitamine-c-2","13":"product_cat-vitamines-2","14":"product_tag-90-comprimes","15":"product_tag-antioxydant","16":"product_tag-c-1000","17":"product_tag-complement-alimentaire","18":"product_tag-energie","19":"product_tag-maroc","20":"product_tag-now-foods","21":"product_tag-systeme-immunitaire","22":"product_tag-vitamine-c","23":"product_tag-vitamines","25":"first","26":"instock","27":"sale","28":"taxable","29":"shipping-taxable","30":"purchasable","31":"product-type-simple"},"yoast_head":"<!-- This site is optimized with the Yoast SEO plugin v27.5 - https:\/\/yoast.com\/product\/yoast-seo-wordpress\/ -->\n<title>NOW Foods Complexe Vitamine C-1000 90 Capsules \u2013 Maroc Prix<\/title>\n<meta name=\"description\" content=\"NOW Foods Complexe C-1000 tamponn\u00e9, 90 comprim\u00e9s. Vitamine C \u00e0 absorption douce pour soutenir l\u2019immunit\u00e9 l\u2019\u00e9nergie et la protection antioxydante. Disponible\" \/>\n<meta name=\"robots\" content=\"index, follow, max-snippet:-1, max-image-preview:large, max-video-preview:-1\" \/>\n<link rel=\"canonical\" href=\"https:\/\/vitablanca.ma\/en\/product\/now-foods-complexe-c-1000-tamponne-90-comprimes-maroc-prix\/\" \/>\n<meta property=\"og:locale\" content=\"en_US\" \/>\n<meta property=\"og:type\" content=\"article\" \/>\n<meta property=\"og:title\" content=\"NOW Foods Complexe Vitamine C-1000 90 Capsules \u2013 Maroc Prix\" \/>\n<meta property=\"og:description\" content=\"NOW Foods Complexe C-1000 tamponn\u00e9, 90 comprim\u00e9s. Vitamine C \u00e0 absorption douce pour soutenir l\u2019immunit\u00e9 l\u2019\u00e9nergie et la protection antioxydante. Disponible\" \/>\n<meta property=\"og:url\" content=\"https:\/\/vitablanca.ma\/en\/product\/now-foods-complexe-c-1000-tamponne-90-comprimes-maroc-prix\/\" \/>\n<meta property=\"og:site_name\" content=\"Vitablanca.ma &ndash; Sant&eacute;, vitalit&eacute; et bien-&ecirc;tre pour tous les Marocains\" \/>\n<meta property=\"article:publisher\" content=\"https:\/\/www.facebook.com\/profile.php?id=61576678196717\" \/>\n<meta property=\"article:modified_time\" content=\"2026-03-28T17:51:49+00:00\" \/>\n<meta property=\"og:image\" content=\"https:\/\/vitablanca.ma\/wp-content\/uploads\/2026\/03\/NOW-Foods-Complexe-C-1000-tamponne-90-comprimes1.jpg\" \/>\n\t<meta property=\"og:image:width\" content=\"1600\" \/>\n\t<meta property=\"og:image:height\" content=\"1600\" \/>\n\t<meta property=\"og:image:type\" content=\"image\/jpeg\" \/>\n<meta name=\"twitter:card\" content=\"summary_large_image\" \/>\n<meta name=\"twitter:label1\" content=\"Est. reading time\" \/>\n\t<meta name=\"twitter:data1\" content=\"3 minutes\" \/>\n<script type=\"application\/ld+json\" class=\"yoast-schema-graph\">{\"@context\":\"https:\\\/\\\/schema.org\",\"@graph\":[{\"@type\":[\"WebPage\",\"ItemPage\"],\"@id\":\"https:\\\/\\\/vitablanca.ma\\\/produit\\\/now-foods-complexe-c-1000-tamponne-90-comprimes-maroc-prix\\\/\",\"url\":\"https:\\\/\\\/vitablanca.ma\\\/produit\\\/now-foods-complexe-c-1000-tamponne-90-comprimes-maroc-prix\\\/\",\"name\":\"NOW Foods Complexe Vitamine C-1000 90 Capsules \u2013 Maroc Prix\",\"isPartOf\":{\"@id\":\"https:\\\/\\\/vitablanca.ma\\\/#website\"},\"primaryImageOfPage\":{\"@id\":\"https:\\\/\\\/vitablanca.ma\\\/produit\\\/now-foods-complexe-c-1000-tamponne-90-comprimes-maroc-prix\\\/#primaryimage\"},\"image\":{\"@id\":\"https:\\\/\\\/vitablanca.ma\\\/produit\\\/now-foods-complexe-c-1000-tamponne-90-comprimes-maroc-prix\\\/#primaryimage\"},\"thumbnailUrl\":\"https:\\\/\\\/vitablanca.ma\\\/wp-content\\\/uploads\\\/2026\\\/03\\\/NOW-Foods-Complexe-C-1000-tamponne-90-comprimes1.jpg\",\"datePublished\":\"2026-03-23T22:47:22+00:00\",\"dateModified\":\"2026-03-28T17:51:49+00:00\",\"description\":\"NOW Foods Complexe C-1000 tamponn\u00e9, 90 comprim\u00e9s. Vitamine C \u00e0 absorption douce pour soutenir l\u2019immunit\u00e9 l\u2019\u00e9nergie et la protection antioxydante. Disponible\",\"breadcrumb\":{\"@id\":\"https:\\\/\\\/vitablanca.ma\\\/produit\\\/now-foods-complexe-c-1000-tamponne-90-comprimes-maroc-prix\\\/#breadcrumb\"},\"inLanguage\":\"en-US\",\"potentialAction\":[{\"@type\":\"ReadAction\",\"target\":[\"https:\\\/\\\/vitablanca.ma\\\/produit\\\/now-foods-complexe-c-1000-tamponne-90-comprimes-maroc-prix\\\/\"]}]},{\"@type\":\"ImageObject\",\"inLanguage\":\"en-US\",\"@id\":\"https:\\\/\\\/vitablanca.ma\\\/produit\\\/now-foods-complexe-c-1000-tamponne-90-comprimes-maroc-prix\\\/#primaryimage\",\"url\":\"https:\\\/\\\/vitablanca.ma\\\/wp-content\\\/uploads\\\/2026\\\/03\\\/NOW-Foods-Complexe-C-1000-tamponne-90-comprimes1.jpg\",\"contentUrl\":\"https:\\\/\\\/vitablanca.ma\\\/wp-content\\\/uploads\\\/2026\\\/03\\\/NOW-Foods-Complexe-C-1000-tamponne-90-comprimes1.jpg\",\"width\":1600,\"height\":1600},{\"@type\":\"BreadcrumbList\",\"@id\":\"https:\\\/\\\/vitablanca.ma\\\/produit\\\/now-foods-complexe-c-1000-tamponne-90-comprimes-maroc-prix\\\/#breadcrumb\",\"itemListElement\":[{\"@type\":\"ListItem\",\"position\":1,\"name\":\"Home\",\"item\":\"https:\\\/\\\/vitablanca.ma\\\/\"},{\"@type\":\"ListItem\",\"position\":2,\"name\":\"Tous Les Produits\",\"item\":\"https:\\\/\\\/vitablanca.ma\\\/tous-les-produits\\\/\"},{\"@type\":\"ListItem\",\"position\":3,\"name\":\"NOW Foods, Complexe C-1000 tamponn\u00e9, 90 comprim\u00e9s\"}]},{\"@type\":\"WebSite\",\"@id\":\"https:\\\/\\\/vitablanca.ma\\\/#website\",\"url\":\"https:\\\/\\\/vitablanca.ma\\\/\",\"name\":\"VitaBlanca.ma | Compl\u00e9ments alimentaires, sant\u00e9 & beaut\u00e9 au Maroc\",\"description\":\"vendre vitamines et compl\u00e9ments premium des USA &amp; Canada, Nouvelle Z\u00e9lande,Maroc (NOW Foods, Solgar, Manuka). Livraison rapide partout au Maroc.\",\"publisher\":{\"@id\":\"https:\\\/\\\/vitablanca.ma\\\/#organization\"},\"alternateName\":\"VitaBlanca.ma\",\"potentialAction\":[{\"@type\":\"SearchAction\",\"target\":{\"@type\":\"EntryPoint\",\"urlTemplate\":\"https:\\\/\\\/vitablanca.ma\\\/?s={search_term_string}\"},\"query-input\":{\"@type\":\"PropertyValueSpecification\",\"valueRequired\":true,\"valueName\":\"search_term_string\"}}],\"inLanguage\":\"en-US\"},{\"@type\":\"Organization\",\"@id\":\"https:\\\/\\\/vitablanca.ma\\\/#organization\",\"name\":\"VitaBlanca\",\"url\":\"https:\\\/\\\/vitablanca.ma\\\/\",\"logo\":{\"@type\":\"ImageObject\",\"inLanguage\":\"en-US\",\"@id\":\"https:\\\/\\\/vitablanca.ma\\\/#\\\/schema\\\/logo\\\/image\\\/\",\"url\":\"https:\\\/\\\/vitablanca.ma\\\/wp-content\\\/uploads\\\/2025\\\/05\\\/cropped-vitablanca.png\",\"contentUrl\":\"https:\\\/\\\/vitablanca.ma\\\/wp-content\\\/uploads\\\/2025\\\/05\\\/cropped-vitablanca.png\",\"width\":360,\"height\":67,\"caption\":\"VitaBlanca\"},\"image\":{\"@id\":\"https:\\\/\\\/vitablanca.ma\\\/#\\\/schema\\\/logo\\\/image\\\/\"},\"sameAs\":[\"https:\\\/\\\/www.facebook.com\\\/profile.php?id=61576678196717\",\"https:\\\/\\\/www.tiktok.com\\\/@vitablanca.ma\",\"https:\\\/\\\/www.instagram.com\\\/vitablanca.ma\\\/\"]}]}<\/script>\n<!-- \/ Yoast SEO plugin. -->","yoast_head_json":{"title":"NOW Foods Complexe Vitamine C-1000 90 Capsules \u2013 Maroc Prix","description":"NOW Foods Complexe C-1000 tamponn\u00e9, 90 comprim\u00e9s. Vitamine C \u00e0 absorption douce pour soutenir l\u2019immunit\u00e9 l\u2019\u00e9nergie et la protection antioxydante. Disponible","robots":{"index":"index","follow":"follow","max-snippet":"max-snippet:-1","max-image-preview":"max-image-preview:large","max-video-preview":"max-video-preview:-1"},"canonical":"https:\/\/vitablanca.ma\/en\/product\/now-foods-complexe-c-1000-tamponne-90-comprimes-maroc-prix\/","og_locale":"en_US","og_type":"article","og_title":"NOW Foods Complexe Vitamine C-1000 90 Capsules \u2013 Maroc Prix","og_description":"NOW Foods Complexe C-1000 tamponn\u00e9, 90 comprim\u00e9s. Vitamine C \u00e0 absorption douce pour soutenir l\u2019immunit\u00e9 l\u2019\u00e9nergie et la protection antioxydante. Disponible","og_url":"https:\/\/vitablanca.ma\/en\/product\/now-foods-complexe-c-1000-tamponne-90-comprimes-maroc-prix\/","og_site_name":"Vitablanca.ma &ndash; Sant&eacute;, vitalit&eacute; et bien-&ecirc;tre pour tous les Marocains","article_publisher":"https:\/\/www.facebook.com\/profile.php?id=61576678196717","article_modified_time":"2026-03-28T17:51:49+00:00","og_image":[{"width":1600,"height":1600,"url":"https:\/\/vitablanca.ma\/wp-content\/uploads\/2026\/03\/NOW-Foods-Complexe-C-1000-tamponne-90-comprimes1.jpg","type":"image\/jpeg"}],"twitter_card":"summary_large_image","twitter_misc":{"Est. reading time":"3 minutes"},"schema":{"@context":"https:\/\/schema.org","@graph":[{"@type":["WebPage","ItemPage"],"@id":"https:\/\/vitablanca.ma\/produit\/now-foods-complexe-c-1000-tamponne-90-comprimes-maroc-prix\/","url":"https:\/\/vitablanca.ma\/produit\/now-foods-complexe-c-1000-tamponne-90-comprimes-maroc-prix\/","name":"NOW Foods Complexe Vitamine C-1000 90 Capsules \u2013 Maroc Prix","isPartOf":{"@id":"https:\/\/vitablanca.ma\/#website"},"primaryImageOfPage":{"@id":"https:\/\/vitablanca.ma\/produit\/now-foods-complexe-c-1000-tamponne-90-comprimes-maroc-prix\/#primaryimage"},"image":{"@id":"https:\/\/vitablanca.ma\/produit\/now-foods-complexe-c-1000-tamponne-90-comprimes-maroc-prix\/#primaryimage"},"thumbnailUrl":"https:\/\/vitablanca.ma\/wp-content\/uploads\/2026\/03\/NOW-Foods-Complexe-C-1000-tamponne-90-comprimes1.jpg","datePublished":"2026-03-23T22:47:22+00:00","dateModified":"2026-03-28T17:51:49+00:00","description":"NOW Foods Complexe C-1000 tamponn\u00e9, 90 comprim\u00e9s. Vitamine C \u00e0 absorption douce pour soutenir l\u2019immunit\u00e9 l\u2019\u00e9nergie et la protection antioxydante. Disponible","breadcrumb":{"@id":"https:\/\/vitablanca.ma\/produit\/now-foods-complexe-c-1000-tamponne-90-comprimes-maroc-prix\/#breadcrumb"},"inLanguage":"en-US","potentialAction":[{"@type":"ReadAction","target":["https:\/\/vitablanca.ma\/produit\/now-foods-complexe-c-1000-tamponne-90-comprimes-maroc-prix\/"]}]},{"@type":"ImageObject","inLanguage":"en-US","@id":"https:\/\/vitablanca.ma\/produit\/now-foods-complexe-c-1000-tamponne-90-comprimes-maroc-prix\/#primaryimage","url":"https:\/\/vitablanca.ma\/wp-content\/uploads\/2026\/03\/NOW-Foods-Complexe-C-1000-tamponne-90-comprimes1.jpg","contentUrl":"https:\/\/vitablanca.ma\/wp-content\/uploads\/2026\/03\/NOW-Foods-Complexe-C-1000-tamponne-90-comprimes1.jpg","width":1600,"height":1600},{"@type":"BreadcrumbList","@id":"https:\/\/vitablanca.ma\/produit\/now-foods-complexe-c-1000-tamponne-90-comprimes-maroc-prix\/#breadcrumb","itemListElement":[{"@type":"ListItem","position":1,"name":"Home","item":"https:\/\/vitablanca.ma\/"},{"@type":"ListItem","position":2,"name":"Tous Les Produits","item":"https:\/\/vitablanca.ma\/tous-les-produits\/"},{"@type":"ListItem","position":3,"name":"NOW Foods, Complexe C-1000 tamponn\u00e9, 90 comprim\u00e9s"}]},{"@type":"WebSite","@id":"https:\/\/vitablanca.ma\/#website","url":"https:\/\/vitablanca.ma\/","name":"VitaBlanca.ma | Food supplements, health &amp; beauty in Morocco","description":"sell premium vitamins and supplements from USA &amp; Canada, New Zealand, Morocco (NOW Foods, Solgar, Manuka). Fast delivery anywhere in Morocco.","publisher":{"@id":"https:\/\/vitablanca.ma\/#organization"},"alternateName":"VitaBlanca.ma","potentialAction":[{"@type":"SearchAction","target":{"@type":"EntryPoint","urlTemplate":"https:\/\/vitablanca.ma\/?s={search_term_string}"},"query-input":{"@type":"PropertyValueSpecification","valueRequired":true,"valueName":"search_term_string"}}],"inLanguage":"en-US"},{"@type":"Organization","@id":"https:\/\/vitablanca.ma\/#organization","name":"VitaBlanca","url":"https:\/\/vitablanca.ma\/","logo":{"@type":"ImageObject","inLanguage":"en-US","@id":"https:\/\/vitablanca.ma\/#\/schema\/logo\/image\/","url":"https:\/\/vitablanca.ma\/wp-content\/uploads\/2025\/05\/cropped-vitablanca.png","contentUrl":"https:\/\/vitablanca.ma\/wp-content\/uploads\/2025\/05\/cropped-vitablanca.png","width":360,"height":67,"caption":"VitaBlanca"},"image":{"@id":"https:\/\/vitablanca.ma\/#\/schema\/logo\/image\/"},"sameAs":["https:\/\/www.facebook.com\/profile.php?id=61576678196717","https:\/\/www.tiktok.com\/@vitablanca.ma","https:\/\/www.instagram.com\/vitablanca.ma\/"]}]}},"jetpack_sharing_enabled":true,"_links":{"self":[{"href":"https:\/\/vitablanca.ma\/en\/wp-json\/wp\/v2\/product\/34459","targetHints":{"allow":["GET"]}}],"collection":[{"href":"https:\/\/vitablanca.ma\/en\/wp-json\/wp\/v2\/product"}],"about":[{"href":"https:\/\/vitablanca.ma\/en\/wp-json\/wp\/v2\/types\/product"}],"wp:featuredmedia":[{"embeddable":true,"href":"https:\/\/vitablanca.ma\/en\/wp-json\/wp\/v2\/media\/34460"}],"wp:attachment":[{"href":"https:\/\/vitablanca.ma\/en\/wp-json\/wp\/v2\/media?parent=34459"}],"wp:term":[{"taxonomy":"product_brand","embeddable":true,"href":"https:\/\/vitablanca.ma\/en\/wp-json\/wp\/v2\/product_brand?post=34459"},{"taxonomy":"product_cat","embeddable":true,"href":"https:\/\/vitablanca.ma\/en\/wp-json\/wp\/v2\/product_cat?post=34459"},{"taxonomy":"product_tag","embeddable":true,"href":"https:\/\/vitablanca.ma\/en\/wp-json\/wp\/v2\/product_tag?post=34459"}],"curies":[{"name":"wp","href":"https:\/\/api.w.org\/{rel}","templated":true}]}}