{"id":34328,"date":"2026-03-18T15:26:25","date_gmt":"2026-03-18T15:26:25","guid":{"rendered":"https:\/\/vitablanca.ma\/?post_type=product&#038;p=34328"},"modified":"2026-03-28T17:51:50","modified_gmt":"2026-03-28T17:51:50","slug":"21st-century-vitamine-e180-mg-400-ui-110-capsules-a-enveloppe-molle-maroc-prix","status":"publish","type":"product","link":"https:\/\/vitablanca.ma\/en\/product\/21st-century-vitamine-e180-mg-400-ui-110-capsules-a-enveloppe-molle-maroc-prix\/","title":{"rendered":"21st Century, Vitamine E,180 mg (400 UI), 110 capsules \u00e0 enveloppe molle"},"content":{"rendered":"<div class=\"row item-row\">\n<div class=\"col-xs-24\">\n<div>\n<p>La vitamine\u00a0E est un nutriment antioxydant qui soutient le syst\u00e8me immunitaire.<\/p>\n<\/div>\n<\/div>\n<\/div>\n<div class=\"row item-row\">\n<div class=\"col-xs-24\">\n<h3><strong>Suggested Use<\/strong><\/h3>\n<div class=\"prodOverviewDetail\">\n<p>En tant que compl\u00e9ment vitamin\u00e9 chez l\u2019adulte, prenez une (1) capsule \u00e0 enveloppe molle par jour au cours d\u2019un repas, deux fois par jour ou tel que prescrit par un professionnel de la sant\u00e9. Ne pas exc\u00e9der le dosage recommand\u00e9. Les r\u00e9sultats peuvent varier en fonction des individus.<\/p>\n<\/div>\n<\/div>\n<\/div>\n<div class=\"row item-row\">\n<div class=\"col-xs-24\">\n<h3><strong>Other ingredients<\/strong><\/h3>\n<div class=\"prodOverviewIngred\">\n<p>G\u00e9latine, glyc\u00e9rol, huile de soja, eau purifi\u00e9e.<\/p>\n<p>Contient du soja.<\/p>\n<p>Sans sucres ajout\u00e9s, sel, levure, conservateurs, ar\u00f4mes ni colorants artificiels.<\/p>\n<\/div>\n<\/div>\n<\/div>\n<div class=\"row item-row\">\n<div class=\"col-xs-24\">\n<h3><strong>Warnings<\/strong><\/h3>\n<div class=\"prodOverviewDetail\">\n<p>Consulter un professionnel de la sant\u00e9 avant d\u2019en faire l\u2019usage si vous \u00eates enceinte, si vous allaitez, si vous prenez des m\u00e9dicaments, si vous souffrez d\u2019un probl\u00e8me de sant\u00e9 ou si vous pr\u00e9voyez une intervention m\u00e9dicale. Cessez l\u2019utilisation et contactez un m\u00e9decin en cas d\u2019effets ind\u00e9sirables.<\/p>\n<p>Tenir hors de port\u00e9e des enfants. Ne pas utiliser si le produit semble avoir \u00e9t\u00e9 alt\u00e9r\u00e9 ou si le sceau est bris\u00e9. Conserver dans un endroit frais et sec.<\/p>\n<table role=\"presentation\" border=\"1\" width=\"100%\" cellspacing=\"0\" cellpadding=\"3\">\n<tbody>\n<tr valign=\"top\">\n<td colspan=\"3\"><strong>Properties<\/strong><\/td>\n<\/tr>\n<tr valign=\"top\">\n<td colspan=\"3\"><strong>Serving:<\/strong>\u00a01\u00a0capsule \u00e0 enveloppe molle<\/td>\n<\/tr>\n<tr valign=\"top\">\n<td width=\"70%\"><\/td>\n<td width=\"15%\"><strong>Amount per serving<\/strong><\/td>\n<td width=\"15%\"><strong>%\u00a0d\u2019apport journalier<\/strong><\/td>\n<\/tr>\n<tr valign=\"top\">\n<td>vitamine\u00a0E (sous forme d\u2019ac\u00e9tate de DL-alpha-tocoph\u00e9rol)<\/td>\n<td>180\u00a0mg<\/td>\n<td>1200\u00a0%<\/td>\n<\/tr>\n<\/tbody>\n<\/table>\n<\/div>\n<\/div>\n<\/div>","protected":false},"excerpt":{"rendered":"<ul>\n<li>Antioxidant support<\/li>\n<li>Vitamin supplement<\/li>\n<li>Gluten free<\/li>\n<li>Quality guaranteed<\/li>\n<li>Product tested in laboratory<\/li>\n<li>Qualit\u00e9 fiable depuis plus de 30\u00a0ans<\/li>\n<\/ul>","protected":false},"featured_media":34329,"template":"","meta":{"om_disable_all_campaigns":false},"product_brand":[2417],"product_cat":[18,8967,3366,8093,7963],"product_tag":[11992,11990,7000,11991,441,181,3492,5072,1029,6936],"class_list":{"0":"post-34328","1":"product","2":"type-product","3":"status-publish","4":"has-post-thumbnail","6":"product_brand-21st-century-maroc-prix","7":"product_cat-beaute-sante","8":"product_cat-complements","9":"product_cat-complements-alimentaires-au-maroc-vitablanca","10":"product_cat-vitamine-e-2","11":"product_cat-vitamines-2","12":"product_tag-110-softgels","13":"product_tag-180-mg","14":"product_tag-21st-century","15":"product_tag-400-ui","16":"product_tag-antioxydant","17":"product_tag-complement-alimentaire","18":"product_tag-maroc","19":"product_tag-sante-de-la-peau","20":"product_tag-systeme-immunitaire","21":"product_tag-vitamine-e","23":"first","24":"instock","25":"sale","26":"taxable","27":"shipping-taxable","28":"purchasable","29":"product-type-simple"},"yoast_head":"<!-- This site is optimized with the Yoast SEO plugin v27.5 - https:\/\/yoast.com\/product\/yoast-seo-wordpress\/ -->\n<title>21st Century Vitamine E 180 mg (400 UI) 110 Softgels \u2013 Maroc Prix<\/title>\n<meta name=\"description\" content=\"21st Century Vitamine E 180 mg (400 UI), 110 capsules antioxydant puissant pour prot\u00e9ger les cellules, soutenir la peau et renforcer le syst\u00e8me immunitaire.\" \/>\n<meta name=\"robots\" content=\"index, follow, max-snippet:-1, max-image-preview:large, max-video-preview:-1\" \/>\n<link rel=\"canonical\" href=\"https:\/\/vitablanca.ma\/en\/product\/21st-century-vitamine-e180-mg-400-ui-110-capsules-a-enveloppe-molle-maroc-prix\/\" \/>\n<meta property=\"og:locale\" content=\"en_US\" \/>\n<meta property=\"og:type\" content=\"article\" \/>\n<meta property=\"og:title\" content=\"21st Century Vitamine E 180 mg (400 UI) 110 Softgels \u2013 Maroc Prix\" \/>\n<meta property=\"og:description\" content=\"21st Century Vitamine E 180 mg (400 UI), 110 capsules antioxydant puissant pour prot\u00e9ger les cellules, soutenir la peau et renforcer le syst\u00e8me immunitaire.\" \/>\n<meta property=\"og:url\" content=\"https:\/\/vitablanca.ma\/en\/product\/21st-century-vitamine-e180-mg-400-ui-110-capsules-a-enveloppe-molle-maroc-prix\/\" \/>\n<meta property=\"og:site_name\" content=\"Vitablanca.ma &ndash; Sant&eacute;, vitalit&eacute; et bien-&ecirc;tre pour tous les Marocains\" \/>\n<meta property=\"article:publisher\" content=\"https:\/\/www.facebook.com\/profile.php?id=61576678196717\" \/>\n<meta property=\"article:modified_time\" content=\"2026-03-28T17:51:50+00:00\" \/>\n<meta property=\"og:image\" content=\"https:\/\/vitablanca.ma\/wp-content\/uploads\/2026\/03\/21st-Century-Vitamine-E180-mg-400-UI-110-capsules-a-enveloppe-molle1.jpg\" \/>\n\t<meta property=\"og:image:width\" content=\"1600\" \/>\n\t<meta property=\"og:image:height\" content=\"1600\" \/>\n\t<meta property=\"og:image:type\" content=\"image\/jpeg\" \/>\n<meta name=\"twitter:card\" content=\"summary_large_image\" \/>\n<meta name=\"twitter:label1\" content=\"Est. reading time\" \/>\n\t<meta name=\"twitter:data1\" content=\"2 minutes\" \/>\n<script type=\"application\/ld+json\" class=\"yoast-schema-graph\">{\"@context\":\"https:\\\/\\\/schema.org\",\"@graph\":[{\"@type\":[\"WebPage\",\"ItemPage\"],\"@id\":\"https:\\\/\\\/vitablanca.ma\\\/produit\\\/21st-century-vitamine-e180-mg-400-ui-110-capsules-a-enveloppe-molle-maroc-prix\\\/\",\"url\":\"https:\\\/\\\/vitablanca.ma\\\/produit\\\/21st-century-vitamine-e180-mg-400-ui-110-capsules-a-enveloppe-molle-maroc-prix\\\/\",\"name\":\"21st Century Vitamine E 180 mg (400 UI) 110 Softgels \u2013 Maroc Prix\",\"isPartOf\":{\"@id\":\"https:\\\/\\\/vitablanca.ma\\\/#website\"},\"primaryImageOfPage\":{\"@id\":\"https:\\\/\\\/vitablanca.ma\\\/produit\\\/21st-century-vitamine-e180-mg-400-ui-110-capsules-a-enveloppe-molle-maroc-prix\\\/#primaryimage\"},\"image\":{\"@id\":\"https:\\\/\\\/vitablanca.ma\\\/produit\\\/21st-century-vitamine-e180-mg-400-ui-110-capsules-a-enveloppe-molle-maroc-prix\\\/#primaryimage\"},\"thumbnailUrl\":\"https:\\\/\\\/vitablanca.ma\\\/wp-content\\\/uploads\\\/2026\\\/03\\\/21st-Century-Vitamine-E180-mg-400-UI-110-capsules-a-enveloppe-molle1.jpg\",\"datePublished\":\"2026-03-18T15:26:25+00:00\",\"dateModified\":\"2026-03-28T17:51:50+00:00\",\"description\":\"21st Century Vitamine E 180 mg (400 UI), 110 capsules antioxydant puissant pour prot\u00e9ger les cellules, soutenir la peau et renforcer le syst\u00e8me immunitaire.\",\"breadcrumb\":{\"@id\":\"https:\\\/\\\/vitablanca.ma\\\/produit\\\/21st-century-vitamine-e180-mg-400-ui-110-capsules-a-enveloppe-molle-maroc-prix\\\/#breadcrumb\"},\"inLanguage\":\"en-US\",\"potentialAction\":[{\"@type\":\"ReadAction\",\"target\":[\"https:\\\/\\\/vitablanca.ma\\\/produit\\\/21st-century-vitamine-e180-mg-400-ui-110-capsules-a-enveloppe-molle-maroc-prix\\\/\"]}]},{\"@type\":\"ImageObject\",\"inLanguage\":\"en-US\",\"@id\":\"https:\\\/\\\/vitablanca.ma\\\/produit\\\/21st-century-vitamine-e180-mg-400-ui-110-capsules-a-enveloppe-molle-maroc-prix\\\/#primaryimage\",\"url\":\"https:\\\/\\\/vitablanca.ma\\\/wp-content\\\/uploads\\\/2026\\\/03\\\/21st-Century-Vitamine-E180-mg-400-UI-110-capsules-a-enveloppe-molle1.jpg\",\"contentUrl\":\"https:\\\/\\\/vitablanca.ma\\\/wp-content\\\/uploads\\\/2026\\\/03\\\/21st-Century-Vitamine-E180-mg-400-UI-110-capsules-a-enveloppe-molle1.jpg\",\"width\":1600,\"height\":1600},{\"@type\":\"BreadcrumbList\",\"@id\":\"https:\\\/\\\/vitablanca.ma\\\/produit\\\/21st-century-vitamine-e180-mg-400-ui-110-capsules-a-enveloppe-molle-maroc-prix\\\/#breadcrumb\",\"itemListElement\":[{\"@type\":\"ListItem\",\"position\":1,\"name\":\"Home\",\"item\":\"https:\\\/\\\/vitablanca.ma\\\/\"},{\"@type\":\"ListItem\",\"position\":2,\"name\":\"Tous Les Produits\",\"item\":\"https:\\\/\\\/vitablanca.ma\\\/tous-les-produits\\\/\"},{\"@type\":\"ListItem\",\"position\":3,\"name\":\"21st Century, Vitamine E,180 mg (400 UI), 110 capsules \u00e0 enveloppe molle\"}]},{\"@type\":\"WebSite\",\"@id\":\"https:\\\/\\\/vitablanca.ma\\\/#website\",\"url\":\"https:\\\/\\\/vitablanca.ma\\\/\",\"name\":\"VitaBlanca.ma | Compl\u00e9ments alimentaires, sant\u00e9 & beaut\u00e9 au Maroc\",\"description\":\"vendre vitamines et compl\u00e9ments premium des USA &amp; Canada, Nouvelle Z\u00e9lande,Maroc (NOW Foods, Solgar, Manuka). Livraison rapide partout au Maroc.\",\"publisher\":{\"@id\":\"https:\\\/\\\/vitablanca.ma\\\/#organization\"},\"alternateName\":\"VitaBlanca.ma\",\"potentialAction\":[{\"@type\":\"SearchAction\",\"target\":{\"@type\":\"EntryPoint\",\"urlTemplate\":\"https:\\\/\\\/vitablanca.ma\\\/?s={search_term_string}\"},\"query-input\":{\"@type\":\"PropertyValueSpecification\",\"valueRequired\":true,\"valueName\":\"search_term_string\"}}],\"inLanguage\":\"en-US\"},{\"@type\":\"Organization\",\"@id\":\"https:\\\/\\\/vitablanca.ma\\\/#organization\",\"name\":\"VitaBlanca\",\"url\":\"https:\\\/\\\/vitablanca.ma\\\/\",\"logo\":{\"@type\":\"ImageObject\",\"inLanguage\":\"en-US\",\"@id\":\"https:\\\/\\\/vitablanca.ma\\\/#\\\/schema\\\/logo\\\/image\\\/\",\"url\":\"https:\\\/\\\/vitablanca.ma\\\/wp-content\\\/uploads\\\/2025\\\/05\\\/cropped-vitablanca.png\",\"contentUrl\":\"https:\\\/\\\/vitablanca.ma\\\/wp-content\\\/uploads\\\/2025\\\/05\\\/cropped-vitablanca.png\",\"width\":360,\"height\":67,\"caption\":\"VitaBlanca\"},\"image\":{\"@id\":\"https:\\\/\\\/vitablanca.ma\\\/#\\\/schema\\\/logo\\\/image\\\/\"},\"sameAs\":[\"https:\\\/\\\/www.facebook.com\\\/profile.php?id=61576678196717\",\"https:\\\/\\\/www.tiktok.com\\\/@vitablanca.ma\",\"https:\\\/\\\/www.instagram.com\\\/vitablanca.ma\\\/\"]}]}<\/script>\n<!-- \/ Yoast SEO plugin. -->","yoast_head_json":{"title":"21st Century Vitamine E 180 mg (400 UI) 110 Softgels \u2013 Maroc Prix","description":"21st Century Vitamine E 180 mg (400 UI), 110 capsules antioxydant puissant pour prot\u00e9ger les cellules, soutenir la peau et renforcer le syst\u00e8me immunitaire.","robots":{"index":"index","follow":"follow","max-snippet":"max-snippet:-1","max-image-preview":"max-image-preview:large","max-video-preview":"max-video-preview:-1"},"canonical":"https:\/\/vitablanca.ma\/en\/product\/21st-century-vitamine-e180-mg-400-ui-110-capsules-a-enveloppe-molle-maroc-prix\/","og_locale":"en_US","og_type":"article","og_title":"21st Century Vitamine E 180 mg (400 UI) 110 Softgels \u2013 Maroc Prix","og_description":"21st Century Vitamine E 180 mg (400 UI), 110 capsules antioxydant puissant pour prot\u00e9ger les cellules, soutenir la peau et renforcer le syst\u00e8me immunitaire.","og_url":"https:\/\/vitablanca.ma\/en\/product\/21st-century-vitamine-e180-mg-400-ui-110-capsules-a-enveloppe-molle-maroc-prix\/","og_site_name":"Vitablanca.ma &ndash; Sant&eacute;, vitalit&eacute; et bien-&ecirc;tre pour tous les Marocains","article_publisher":"https:\/\/www.facebook.com\/profile.php?id=61576678196717","article_modified_time":"2026-03-28T17:51:50+00:00","og_image":[{"width":1600,"height":1600,"url":"https:\/\/vitablanca.ma\/wp-content\/uploads\/2026\/03\/21st-Century-Vitamine-E180-mg-400-UI-110-capsules-a-enveloppe-molle1.jpg","type":"image\/jpeg"}],"twitter_card":"summary_large_image","twitter_misc":{"Est. reading time":"2 minutes"},"schema":{"@context":"https:\/\/schema.org","@graph":[{"@type":["WebPage","ItemPage"],"@id":"https:\/\/vitablanca.ma\/produit\/21st-century-vitamine-e180-mg-400-ui-110-capsules-a-enveloppe-molle-maroc-prix\/","url":"https:\/\/vitablanca.ma\/produit\/21st-century-vitamine-e180-mg-400-ui-110-capsules-a-enveloppe-molle-maroc-prix\/","name":"21st Century Vitamine E 180 mg (400 UI) 110 Softgels \u2013 Maroc Prix","isPartOf":{"@id":"https:\/\/vitablanca.ma\/#website"},"primaryImageOfPage":{"@id":"https:\/\/vitablanca.ma\/produit\/21st-century-vitamine-e180-mg-400-ui-110-capsules-a-enveloppe-molle-maroc-prix\/#primaryimage"},"image":{"@id":"https:\/\/vitablanca.ma\/produit\/21st-century-vitamine-e180-mg-400-ui-110-capsules-a-enveloppe-molle-maroc-prix\/#primaryimage"},"thumbnailUrl":"https:\/\/vitablanca.ma\/wp-content\/uploads\/2026\/03\/21st-Century-Vitamine-E180-mg-400-UI-110-capsules-a-enveloppe-molle1.jpg","datePublished":"2026-03-18T15:26:25+00:00","dateModified":"2026-03-28T17:51:50+00:00","description":"21st Century Vitamine E 180 mg (400 UI), 110 capsules antioxydant puissant pour prot\u00e9ger les cellules, soutenir la peau et renforcer le syst\u00e8me immunitaire.","breadcrumb":{"@id":"https:\/\/vitablanca.ma\/produit\/21st-century-vitamine-e180-mg-400-ui-110-capsules-a-enveloppe-molle-maroc-prix\/#breadcrumb"},"inLanguage":"en-US","potentialAction":[{"@type":"ReadAction","target":["https:\/\/vitablanca.ma\/produit\/21st-century-vitamine-e180-mg-400-ui-110-capsules-a-enveloppe-molle-maroc-prix\/"]}]},{"@type":"ImageObject","inLanguage":"en-US","@id":"https:\/\/vitablanca.ma\/produit\/21st-century-vitamine-e180-mg-400-ui-110-capsules-a-enveloppe-molle-maroc-prix\/#primaryimage","url":"https:\/\/vitablanca.ma\/wp-content\/uploads\/2026\/03\/21st-Century-Vitamine-E180-mg-400-UI-110-capsules-a-enveloppe-molle1.jpg","contentUrl":"https:\/\/vitablanca.ma\/wp-content\/uploads\/2026\/03\/21st-Century-Vitamine-E180-mg-400-UI-110-capsules-a-enveloppe-molle1.jpg","width":1600,"height":1600},{"@type":"BreadcrumbList","@id":"https:\/\/vitablanca.ma\/produit\/21st-century-vitamine-e180-mg-400-ui-110-capsules-a-enveloppe-molle-maroc-prix\/#breadcrumb","itemListElement":[{"@type":"ListItem","position":1,"name":"Home","item":"https:\/\/vitablanca.ma\/"},{"@type":"ListItem","position":2,"name":"Tous Les Produits","item":"https:\/\/vitablanca.ma\/tous-les-produits\/"},{"@type":"ListItem","position":3,"name":"21st Century, Vitamine E,180 mg (400 UI), 110 capsules \u00e0 enveloppe molle"}]},{"@type":"WebSite","@id":"https:\/\/vitablanca.ma\/#website","url":"https:\/\/vitablanca.ma\/","name":"VitaBlanca.ma | Food supplements, health &amp; beauty in Morocco","description":"sell premium vitamins and supplements from USA &amp; Canada, New Zealand, Morocco (NOW Foods, Solgar, Manuka). Fast delivery anywhere in Morocco.","publisher":{"@id":"https:\/\/vitablanca.ma\/#organization"},"alternateName":"VitaBlanca.ma","potentialAction":[{"@type":"SearchAction","target":{"@type":"EntryPoint","urlTemplate":"https:\/\/vitablanca.ma\/?s={search_term_string}"},"query-input":{"@type":"PropertyValueSpecification","valueRequired":true,"valueName":"search_term_string"}}],"inLanguage":"en-US"},{"@type":"Organization","@id":"https:\/\/vitablanca.ma\/#organization","name":"VitaBlanca","url":"https:\/\/vitablanca.ma\/","logo":{"@type":"ImageObject","inLanguage":"en-US","@id":"https:\/\/vitablanca.ma\/#\/schema\/logo\/image\/","url":"https:\/\/vitablanca.ma\/wp-content\/uploads\/2025\/05\/cropped-vitablanca.png","contentUrl":"https:\/\/vitablanca.ma\/wp-content\/uploads\/2025\/05\/cropped-vitablanca.png","width":360,"height":67,"caption":"VitaBlanca"},"image":{"@id":"https:\/\/vitablanca.ma\/#\/schema\/logo\/image\/"},"sameAs":["https:\/\/www.facebook.com\/profile.php?id=61576678196717","https:\/\/www.tiktok.com\/@vitablanca.ma","https:\/\/www.instagram.com\/vitablanca.ma\/"]}]}},"jetpack_sharing_enabled":true,"_links":{"self":[{"href":"https:\/\/vitablanca.ma\/en\/wp-json\/wp\/v2\/product\/34328","targetHints":{"allow":["GET"]}}],"collection":[{"href":"https:\/\/vitablanca.ma\/en\/wp-json\/wp\/v2\/product"}],"about":[{"href":"https:\/\/vitablanca.ma\/en\/wp-json\/wp\/v2\/types\/product"}],"wp:featuredmedia":[{"embeddable":true,"href":"https:\/\/vitablanca.ma\/en\/wp-json\/wp\/v2\/media\/34329"}],"wp:attachment":[{"href":"https:\/\/vitablanca.ma\/en\/wp-json\/wp\/v2\/media?parent=34328"}],"wp:term":[{"taxonomy":"product_brand","embeddable":true,"href":"https:\/\/vitablanca.ma\/en\/wp-json\/wp\/v2\/product_brand?post=34328"},{"taxonomy":"product_cat","embeddable":true,"href":"https:\/\/vitablanca.ma\/en\/wp-json\/wp\/v2\/product_cat?post=34328"},{"taxonomy":"product_tag","embeddable":true,"href":"https:\/\/vitablanca.ma\/en\/wp-json\/wp\/v2\/product_tag?post=34328"}],"curies":[{"name":"wp","href":"https:\/\/api.w.org\/{rel}","templated":true}]}}