{"id":34322,"date":"2026-03-18T15:07:45","date_gmt":"2026-03-18T15:07:45","guid":{"rendered":"https:\/\/vitablanca.ma\/?post_type=product&#038;p=34322"},"modified":"2026-03-28T17:51:50","modified_gmt":"2026-03-28T17:51:50","slug":"nutricost-vitamine-k2-mk-7-100-%c2%b5g-240-capsules-a-enveloppe-molle-maroc-prix","status":"publish","type":"product","link":"https:\/\/vitablanca.ma\/en\/product\/nutricost-vitamine-k2-mk-7-100-%c2%b5g-240-capsules-a-enveloppe-molle-maroc-prix\/","title":{"rendered":"Nutricost, Vitamine K2 (MK-7), 100 \u00b5g, 240 capsules \u00e0 enveloppe molle"},"content":{"rendered":"<div class=\"row item-row\">\n<div class=\"col-xs-24\">\n<div>\n<p>La vitamine\u00a0K2 MK-7 (m\u00e9naquinone-7) est le seul ingr\u00e9dient actif.<\/p>\n<\/div>\n<\/div>\n<\/div>\n<div class=\"row item-row\">\n<div class=\"col-xs-24\">\n<h3><strong>Suggested Use<\/strong><\/h3>\n<div class=\"prodOverviewDetail\">\n<p>En compl\u00e9ment alimentaire, prenez 1 capsule \u00e0 enveloppe molle par jour avec 225 \u00e0 350 ml d\u2019eau ou suivez les instructions d\u2019un professionnel de la sant\u00e9.<\/p>\n<\/div>\n<\/div>\n<\/div>\n<div class=\"row item-row\">\n<div class=\"col-xs-24\">\n<h3><strong>Other ingredients<\/strong><\/h3>\n<div class=\"prodOverviewIngred\">\n<p>Huile de graine de tournesol, g\u00e9lule (g\u00e9latine, Glyc\u00e9rine, Couleur caramel, eau purifi\u00e9e).<\/p>\n<p>Conditionn\u00e9 et test\u00e9 aux \u00c9tats-Unis avec des ingr\u00e9dients d\u2019origine mondiale.<\/p>\n<\/div>\n<\/div>\n<\/div>\n<div class=\"row item-row\">\n<div class=\"col-xs-24\">\n<h3><strong>Warnings<\/strong><\/h3>\n<div class=\"prodOverviewDetail\">\n<p>Pour les personnes en bonne sant\u00e9 de 18 ans et plus. Consulter un professionnel de la sant\u00e9 avant d\u2019en faire l\u2019usage si vous \u00eates enceinte ou si vous allaitez, si vous prenez des m\u00e9dicaments ou si vous souffrez d\u2019un probl\u00e8me de sant\u00e9. Tenir hors de port\u00e9e des enfants. Ne pas utiliser si le sceau de s\u00e9curit\u00e9 est bris\u00e9 ou manquant.<\/p>\n<p>Avertissement : \u00e0 conserver dans un endroit frais et sec.<\/p>\n<table border=\"1\" width=\"100%\" cellspacing=\"0\" cellpadding=\"3\">\n<tbody>\n<tr align=\"left\" valign=\"top\">\n<td colspan=\"3\"><strong>Faits sur les suppl\u00e9ments<\/strong><\/td>\n<\/tr>\n<tr align=\"left\" valign=\"top\">\n<td colspan=\"3\"><strong>Serving:\u00a0<\/strong>1\u00a0capsule \u00e0 enveloppe molle<\/td>\n<\/tr>\n<tr align=\"left\" valign=\"top\">\n<td colspan=\"3\"><strong>Servings per container:\u00a0<\/strong>240<\/td>\n<\/tr>\n<tr align=\"left\" valign=\"top\">\n<td><\/td>\n<td><strong>Amount per serving<\/strong><\/td>\n<td><strong>% VQ<\/strong><\/td>\n<\/tr>\n<tr align=\"left\" valign=\"top\">\n<td>Calories<\/td>\n<td>5<\/td>\n<td><\/td>\n<\/tr>\n<tr align=\"left\" valign=\"top\">\n<td>Vitamine\u00a0K (sous forme de m\u00e9naquinone-7)<\/td>\n<td>100 mcg<\/td>\n<td>*<\/td>\n<\/tr>\n<tr align=\"left\" valign=\"top\">\n<td colspan=\"3\">* Apport journalier (AJ) non \u00e9tabli.<\/td>\n<\/tr>\n<\/tbody>\n<\/table>\n<\/div>\n<\/div>\n<\/div>","protected":false},"excerpt":{"rendered":"<ul>\n<li>Food supplement<\/li>\n<li>Qualit\u00e9 Nutricost\u00ae garantie<\/li>\n<li id=\"isPasted\">Test\u00e9 par un organisme ind\u00e9pendant<\/li>\n<li>\u00c9tablissement respectant les BPF<\/li>\n<li>Produit sans OGM<\/li>\n<li>Gluten free<\/li>\n<\/ul>","protected":false},"featured_media":34323,"template":"","meta":{"om_disable_all_campaigns":false},"product_brand":[3310],"product_cat":[18,8967,3366,7976,11985,7963],"product_tag":[11987,11988,299,181,3492,8944,8913,834,929,4703],"class_list":{"0":"post-34322","1":"product","2":"type-product","3":"status-publish","4":"has-post-thumbnail","6":"product_brand-nutricost-maroc-prix","7":"product_cat-beaute-sante","8":"product_cat-complements","9":"product_cat-complements-alimentaires-au-maroc-vitablanca","10":"product_cat-vitamine-k-2","11":"product_cat-vitamine-k2-mk-7","12":"product_cat-vitamines-2","13":"product_tag-100-g","14":"product_tag-240-softgels","15":"product_tag-calcium","16":"product_tag-complement-alimentaire","17":"product_tag-maroc","18":"product_tag-mk-7","19":"product_tag-nutricost","20":"product_tag-sante-cardiovasculaire","21":"product_tag-sante-des-os","22":"product_tag-vitamine-k2","24":"first","25":"instock","26":"sale","27":"taxable","28":"shipping-taxable","29":"purchasable","30":"product-type-simple"},"yoast_head":"<!-- This site is optimized with the Yoast SEO plugin v27.5 - https:\/\/yoast.com\/product\/yoast-seo-wordpress\/ -->\n<title>Nutricost Vitamine K2 MK-7 100 \u00b5g 240 Softgels \u2013 Maroc Prix<\/title>\n<meta name=\"description\" content=\"Nutricost Vitamine K2 MK-7 100 \u00b5g, 240 capsules molles. Soutient la sant\u00e9 des os, la circulation du calcium et le bon fonctionnement cardiovasculaire.\" \/>\n<meta name=\"robots\" content=\"index, follow, max-snippet:-1, max-image-preview:large, max-video-preview:-1\" \/>\n<link rel=\"canonical\" href=\"https:\/\/vitablanca.ma\/en\/product\/nutricost-vitamine-k2-mk-7-100-\u00b5g-240-capsules-a-enveloppe-molle-maroc-prix\/\" \/>\n<meta property=\"og:locale\" content=\"en_US\" \/>\n<meta property=\"og:type\" content=\"article\" \/>\n<meta property=\"og:title\" content=\"Nutricost Vitamine K2 MK-7 100 \u00b5g 240 Softgels \u2013 Maroc Prix\" \/>\n<meta property=\"og:description\" content=\"Nutricost Vitamine K2 MK-7 100 \u00b5g, 240 capsules molles. Soutient la sant\u00e9 des os, la circulation du calcium et le bon fonctionnement cardiovasculaire.\" \/>\n<meta property=\"og:url\" content=\"https:\/\/vitablanca.ma\/en\/product\/nutricost-vitamine-k2-mk-7-100-\u00b5g-240-capsules-a-enveloppe-molle-maroc-prix\/\" \/>\n<meta property=\"og:site_name\" content=\"Vitablanca.ma &ndash; Sant&eacute;, vitalit&eacute; et bien-&ecirc;tre pour tous les Marocains\" \/>\n<meta property=\"article:publisher\" content=\"https:\/\/www.facebook.com\/profile.php?id=61576678196717\" \/>\n<meta property=\"article:modified_time\" content=\"2026-03-28T17:51:50+00:00\" \/>\n<meta property=\"og:image\" content=\"https:\/\/vitablanca.ma\/wp-content\/uploads\/2026\/03\/Nutricost-Vitamine-K2-MK-7-100-\u00b5g-240-capsules-a-enveloppe-molle1.jpg\" \/>\n\t<meta property=\"og:image:width\" content=\"1600\" \/>\n\t<meta property=\"og:image:height\" content=\"1600\" \/>\n\t<meta property=\"og:image:type\" content=\"image\/jpeg\" \/>\n<meta name=\"twitter:card\" content=\"summary_large_image\" \/>\n<meta name=\"twitter:label1\" content=\"Est. reading time\" \/>\n\t<meta name=\"twitter:data1\" content=\"2 minutes\" \/>\n<script type=\"application\/ld+json\" class=\"yoast-schema-graph\">{\"@context\":\"https:\\\/\\\/schema.org\",\"@graph\":[{\"@type\":[\"WebPage\",\"ItemPage\"],\"@id\":\"https:\\\/\\\/vitablanca.ma\\\/produit\\\/nutricost-vitamine-k2-mk-7-100-%c2%b5g-240-capsules-a-enveloppe-molle-maroc-prix\\\/\",\"url\":\"https:\\\/\\\/vitablanca.ma\\\/produit\\\/nutricost-vitamine-k2-mk-7-100-%c2%b5g-240-capsules-a-enveloppe-molle-maroc-prix\\\/\",\"name\":\"Nutricost Vitamine K2 MK-7 100 \u00b5g 240 Softgels \u2013 Maroc Prix\",\"isPartOf\":{\"@id\":\"https:\\\/\\\/vitablanca.ma\\\/#website\"},\"primaryImageOfPage\":{\"@id\":\"https:\\\/\\\/vitablanca.ma\\\/produit\\\/nutricost-vitamine-k2-mk-7-100-%c2%b5g-240-capsules-a-enveloppe-molle-maroc-prix\\\/#primaryimage\"},\"image\":{\"@id\":\"https:\\\/\\\/vitablanca.ma\\\/produit\\\/nutricost-vitamine-k2-mk-7-100-%c2%b5g-240-capsules-a-enveloppe-molle-maroc-prix\\\/#primaryimage\"},\"thumbnailUrl\":\"https:\\\/\\\/vitablanca.ma\\\/wp-content\\\/uploads\\\/2026\\\/03\\\/Nutricost-Vitamine-K2-MK-7-100-\u00b5g-240-capsules-a-enveloppe-molle1.jpg\",\"datePublished\":\"2026-03-18T15:07:45+00:00\",\"dateModified\":\"2026-03-28T17:51:50+00:00\",\"description\":\"Nutricost Vitamine K2 MK-7 100 \u00b5g, 240 capsules molles. Soutient la sant\u00e9 des os, la circulation du calcium et le bon fonctionnement cardiovasculaire.\",\"breadcrumb\":{\"@id\":\"https:\\\/\\\/vitablanca.ma\\\/produit\\\/nutricost-vitamine-k2-mk-7-100-%c2%b5g-240-capsules-a-enveloppe-molle-maroc-prix\\\/#breadcrumb\"},\"inLanguage\":\"en-US\",\"potentialAction\":[{\"@type\":\"ReadAction\",\"target\":[\"https:\\\/\\\/vitablanca.ma\\\/produit\\\/nutricost-vitamine-k2-mk-7-100-%c2%b5g-240-capsules-a-enveloppe-molle-maroc-prix\\\/\"]}]},{\"@type\":\"ImageObject\",\"inLanguage\":\"en-US\",\"@id\":\"https:\\\/\\\/vitablanca.ma\\\/produit\\\/nutricost-vitamine-k2-mk-7-100-%c2%b5g-240-capsules-a-enveloppe-molle-maroc-prix\\\/#primaryimage\",\"url\":\"https:\\\/\\\/vitablanca.ma\\\/wp-content\\\/uploads\\\/2026\\\/03\\\/Nutricost-Vitamine-K2-MK-7-100-\u00b5g-240-capsules-a-enveloppe-molle1.jpg\",\"contentUrl\":\"https:\\\/\\\/vitablanca.ma\\\/wp-content\\\/uploads\\\/2026\\\/03\\\/Nutricost-Vitamine-K2-MK-7-100-\u00b5g-240-capsules-a-enveloppe-molle1.jpg\",\"width\":1600,\"height\":1600},{\"@type\":\"BreadcrumbList\",\"@id\":\"https:\\\/\\\/vitablanca.ma\\\/produit\\\/nutricost-vitamine-k2-mk-7-100-%c2%b5g-240-capsules-a-enveloppe-molle-maroc-prix\\\/#breadcrumb\",\"itemListElement\":[{\"@type\":\"ListItem\",\"position\":1,\"name\":\"Home\",\"item\":\"https:\\\/\\\/vitablanca.ma\\\/\"},{\"@type\":\"ListItem\",\"position\":2,\"name\":\"Tous Les Produits\",\"item\":\"https:\\\/\\\/vitablanca.ma\\\/tous-les-produits\\\/\"},{\"@type\":\"ListItem\",\"position\":3,\"name\":\"Nutricost, Vitamine K2 (MK-7), 100 \u00b5g, 240 capsules \u00e0 enveloppe molle\"}]},{\"@type\":\"WebSite\",\"@id\":\"https:\\\/\\\/vitablanca.ma\\\/#website\",\"url\":\"https:\\\/\\\/vitablanca.ma\\\/\",\"name\":\"VitaBlanca.ma | Compl\u00e9ments alimentaires, sant\u00e9 & beaut\u00e9 au Maroc\",\"description\":\"vendre vitamines et compl\u00e9ments premium des USA &amp; Canada, Nouvelle Z\u00e9lande,Maroc (NOW Foods, Solgar, Manuka). Livraison rapide partout au Maroc.\",\"publisher\":{\"@id\":\"https:\\\/\\\/vitablanca.ma\\\/#organization\"},\"alternateName\":\"VitaBlanca.ma\",\"potentialAction\":[{\"@type\":\"SearchAction\",\"target\":{\"@type\":\"EntryPoint\",\"urlTemplate\":\"https:\\\/\\\/vitablanca.ma\\\/?s={search_term_string}\"},\"query-input\":{\"@type\":\"PropertyValueSpecification\",\"valueRequired\":true,\"valueName\":\"search_term_string\"}}],\"inLanguage\":\"en-US\"},{\"@type\":\"Organization\",\"@id\":\"https:\\\/\\\/vitablanca.ma\\\/#organization\",\"name\":\"VitaBlanca\",\"url\":\"https:\\\/\\\/vitablanca.ma\\\/\",\"logo\":{\"@type\":\"ImageObject\",\"inLanguage\":\"en-US\",\"@id\":\"https:\\\/\\\/vitablanca.ma\\\/#\\\/schema\\\/logo\\\/image\\\/\",\"url\":\"https:\\\/\\\/vitablanca.ma\\\/wp-content\\\/uploads\\\/2025\\\/05\\\/cropped-vitablanca.png\",\"contentUrl\":\"https:\\\/\\\/vitablanca.ma\\\/wp-content\\\/uploads\\\/2025\\\/05\\\/cropped-vitablanca.png\",\"width\":360,\"height\":67,\"caption\":\"VitaBlanca\"},\"image\":{\"@id\":\"https:\\\/\\\/vitablanca.ma\\\/#\\\/schema\\\/logo\\\/image\\\/\"},\"sameAs\":[\"https:\\\/\\\/www.facebook.com\\\/profile.php?id=61576678196717\",\"https:\\\/\\\/www.tiktok.com\\\/@vitablanca.ma\",\"https:\\\/\\\/www.instagram.com\\\/vitablanca.ma\\\/\"]}]}<\/script>\n<!-- \/ Yoast SEO plugin. -->","yoast_head_json":{"title":"Nutricost Vitamine K2 MK-7 100 \u00b5g 240 Softgels \u2013 Maroc Prix","description":"Nutricost Vitamine K2 MK-7 100 \u00b5g, 240 capsules molles. Soutient la sant\u00e9 des os, la circulation du calcium et le bon fonctionnement cardiovasculaire.","robots":{"index":"index","follow":"follow","max-snippet":"max-snippet:-1","max-image-preview":"max-image-preview:large","max-video-preview":"max-video-preview:-1"},"canonical":"https:\/\/vitablanca.ma\/en\/product\/nutricost-vitamine-k2-mk-7-100-\u00b5g-240-capsules-a-enveloppe-molle-maroc-prix\/","og_locale":"en_US","og_type":"article","og_title":"Nutricost Vitamine K2 MK-7 100 \u00b5g 240 Softgels \u2013 Maroc Prix","og_description":"Nutricost Vitamine K2 MK-7 100 \u00b5g, 240 capsules molles. Soutient la sant\u00e9 des os, la circulation du calcium et le bon fonctionnement cardiovasculaire.","og_url":"https:\/\/vitablanca.ma\/en\/product\/nutricost-vitamine-k2-mk-7-100-\u00b5g-240-capsules-a-enveloppe-molle-maroc-prix\/","og_site_name":"Vitablanca.ma &ndash; Sant&eacute;, vitalit&eacute; et bien-&ecirc;tre pour tous les Marocains","article_publisher":"https:\/\/www.facebook.com\/profile.php?id=61576678196717","article_modified_time":"2026-03-28T17:51:50+00:00","og_image":[{"width":1600,"height":1600,"url":"https:\/\/vitablanca.ma\/wp-content\/uploads\/2026\/03\/Nutricost-Vitamine-K2-MK-7-100-\u00b5g-240-capsules-a-enveloppe-molle1.jpg","type":"image\/jpeg"}],"twitter_card":"summary_large_image","twitter_misc":{"Est. reading time":"2 minutes"},"schema":{"@context":"https:\/\/schema.org","@graph":[{"@type":["WebPage","ItemPage"],"@id":"https:\/\/vitablanca.ma\/produit\/nutricost-vitamine-k2-mk-7-100-%c2%b5g-240-capsules-a-enveloppe-molle-maroc-prix\/","url":"https:\/\/vitablanca.ma\/produit\/nutricost-vitamine-k2-mk-7-100-%c2%b5g-240-capsules-a-enveloppe-molle-maroc-prix\/","name":"Nutricost Vitamine K2 MK-7 100 \u00b5g 240 Softgels \u2013 Maroc Prix","isPartOf":{"@id":"https:\/\/vitablanca.ma\/#website"},"primaryImageOfPage":{"@id":"https:\/\/vitablanca.ma\/produit\/nutricost-vitamine-k2-mk-7-100-%c2%b5g-240-capsules-a-enveloppe-molle-maroc-prix\/#primaryimage"},"image":{"@id":"https:\/\/vitablanca.ma\/produit\/nutricost-vitamine-k2-mk-7-100-%c2%b5g-240-capsules-a-enveloppe-molle-maroc-prix\/#primaryimage"},"thumbnailUrl":"https:\/\/vitablanca.ma\/wp-content\/uploads\/2026\/03\/Nutricost-Vitamine-K2-MK-7-100-\u00b5g-240-capsules-a-enveloppe-molle1.jpg","datePublished":"2026-03-18T15:07:45+00:00","dateModified":"2026-03-28T17:51:50+00:00","description":"Nutricost Vitamine K2 MK-7 100 \u00b5g, 240 capsules molles. Soutient la sant\u00e9 des os, la circulation du calcium et le bon fonctionnement cardiovasculaire.","breadcrumb":{"@id":"https:\/\/vitablanca.ma\/produit\/nutricost-vitamine-k2-mk-7-100-%c2%b5g-240-capsules-a-enveloppe-molle-maroc-prix\/#breadcrumb"},"inLanguage":"en-US","potentialAction":[{"@type":"ReadAction","target":["https:\/\/vitablanca.ma\/produit\/nutricost-vitamine-k2-mk-7-100-%c2%b5g-240-capsules-a-enveloppe-molle-maroc-prix\/"]}]},{"@type":"ImageObject","inLanguage":"en-US","@id":"https:\/\/vitablanca.ma\/produit\/nutricost-vitamine-k2-mk-7-100-%c2%b5g-240-capsules-a-enveloppe-molle-maroc-prix\/#primaryimage","url":"https:\/\/vitablanca.ma\/wp-content\/uploads\/2026\/03\/Nutricost-Vitamine-K2-MK-7-100-\u00b5g-240-capsules-a-enveloppe-molle1.jpg","contentUrl":"https:\/\/vitablanca.ma\/wp-content\/uploads\/2026\/03\/Nutricost-Vitamine-K2-MK-7-100-\u00b5g-240-capsules-a-enveloppe-molle1.jpg","width":1600,"height":1600},{"@type":"BreadcrumbList","@id":"https:\/\/vitablanca.ma\/produit\/nutricost-vitamine-k2-mk-7-100-%c2%b5g-240-capsules-a-enveloppe-molle-maroc-prix\/#breadcrumb","itemListElement":[{"@type":"ListItem","position":1,"name":"Home","item":"https:\/\/vitablanca.ma\/"},{"@type":"ListItem","position":2,"name":"Tous Les Produits","item":"https:\/\/vitablanca.ma\/tous-les-produits\/"},{"@type":"ListItem","position":3,"name":"Nutricost, Vitamine K2 (MK-7), 100 \u00b5g, 240 capsules \u00e0 enveloppe molle"}]},{"@type":"WebSite","@id":"https:\/\/vitablanca.ma\/#website","url":"https:\/\/vitablanca.ma\/","name":"VitaBlanca.ma | Food supplements, health &amp; beauty in Morocco","description":"sell premium vitamins and supplements from USA &amp; Canada, New Zealand, Morocco (NOW Foods, Solgar, Manuka). Fast delivery anywhere in Morocco.","publisher":{"@id":"https:\/\/vitablanca.ma\/#organization"},"alternateName":"VitaBlanca.ma","potentialAction":[{"@type":"SearchAction","target":{"@type":"EntryPoint","urlTemplate":"https:\/\/vitablanca.ma\/?s={search_term_string}"},"query-input":{"@type":"PropertyValueSpecification","valueRequired":true,"valueName":"search_term_string"}}],"inLanguage":"en-US"},{"@type":"Organization","@id":"https:\/\/vitablanca.ma\/#organization","name":"VitaBlanca","url":"https:\/\/vitablanca.ma\/","logo":{"@type":"ImageObject","inLanguage":"en-US","@id":"https:\/\/vitablanca.ma\/#\/schema\/logo\/image\/","url":"https:\/\/vitablanca.ma\/wp-content\/uploads\/2025\/05\/cropped-vitablanca.png","contentUrl":"https:\/\/vitablanca.ma\/wp-content\/uploads\/2025\/05\/cropped-vitablanca.png","width":360,"height":67,"caption":"VitaBlanca"},"image":{"@id":"https:\/\/vitablanca.ma\/#\/schema\/logo\/image\/"},"sameAs":["https:\/\/www.facebook.com\/profile.php?id=61576678196717","https:\/\/www.tiktok.com\/@vitablanca.ma","https:\/\/www.instagram.com\/vitablanca.ma\/"]}]}},"jetpack_sharing_enabled":true,"_links":{"self":[{"href":"https:\/\/vitablanca.ma\/en\/wp-json\/wp\/v2\/product\/34322","targetHints":{"allow":["GET"]}}],"collection":[{"href":"https:\/\/vitablanca.ma\/en\/wp-json\/wp\/v2\/product"}],"about":[{"href":"https:\/\/vitablanca.ma\/en\/wp-json\/wp\/v2\/types\/product"}],"wp:featuredmedia":[{"embeddable":true,"href":"https:\/\/vitablanca.ma\/en\/wp-json\/wp\/v2\/media\/34323"}],"wp:attachment":[{"href":"https:\/\/vitablanca.ma\/en\/wp-json\/wp\/v2\/media?parent=34322"}],"wp:term":[{"taxonomy":"product_brand","embeddable":true,"href":"https:\/\/vitablanca.ma\/en\/wp-json\/wp\/v2\/product_brand?post=34322"},{"taxonomy":"product_cat","embeddable":true,"href":"https:\/\/vitablanca.ma\/en\/wp-json\/wp\/v2\/product_cat?post=34322"},{"taxonomy":"product_tag","embeddable":true,"href":"https:\/\/vitablanca.ma\/en\/wp-json\/wp\/v2\/product_tag?post=34322"}],"curies":[{"name":"wp","href":"https:\/\/api.w.org\/{rel}","templated":true}]}}