{"id":34302,"date":"2026-03-18T02:15:08","date_gmt":"2026-03-18T02:15:08","guid":{"rendered":"https:\/\/vitablanca.ma\/?post_type=product&#038;p=34302"},"modified":"2026-03-28T17:51:51","modified_gmt":"2026-03-28T17:51:51","slug":"now-foods-complexe-de-silice-avec-extrait-de-prele-180-comprimes-maroc-prix","status":"publish","type":"product","link":"https:\/\/vitablanca.ma\/en\/product\/now-foods-complexe-de-silice-avec-extrait-de-prele-180-comprimes-maroc-prix\/","title":{"rendered":"NOW Foods, Complexe de silice avec extrait de pr\u00eale, 180 comprim\u00e9s"},"content":{"rendered":"<div class=\"row item-row\">\n<div class=\"col-xs-24\">\n<div>\n<p>La silice est un \u00e9l\u00e9ment naturel n\u00e9cessaire \u00e0 la production de collag\u00e8ne et de glycosaminoglycane, deux\u00a0compos\u00e9s structurels importants pour la sant\u00e9 de la peau et des articulations. C\u2019est aussi un \u00e9l\u00e9ment important pour des cheveux et des ongles en bonne sant\u00e9. Le complexe de silice de NOW\u00ae est un m\u00e9lange unique de nutriments qui renforcent la sant\u00e9 de la peau, des cheveux et des ongles, des caract\u00e9ristiques structurelles essentielles \u00e0 la beaut\u00e9 naturelle, ainsi qu\u2019\u00e0 l\u2019int\u00e9grit\u00e9 des articulations et des os.<\/p>\n<\/div>\n<\/div>\n<\/div>\n<div class=\"row item-row\">\n<div class=\"col-xs-24\">\n<h3><strong>Suggested Use<\/strong><\/h3>\n<div class=\"prodOverviewDetail\">\n<p>Prenez 1\u00a0comprim\u00e9 1 \u00e0 3\u00a0fois par jour, de pr\u00e9f\u00e9rence au moment des repas.<\/p>\n<\/div>\n<\/div>\n<\/div>\n<div class=\"row item-row\">\n<div class=\"col-xs-24\">\n<h3><strong>Other ingredients<\/strong><\/h3>\n<div class=\"prodOverviewIngred\">\n<p>Cellulose microcristalline, acide st\u00e9arique (d\u2019origine v\u00e9g\u00e9tale), hydroxypropylcellulose, farine de riz, maltodextrine (sans OGM), croscarmellose sodique, enrobage v\u00e9g\u00e9tarien [hypromellose (cellulose), acide st\u00e9arique (d\u2019origine v\u00e9g\u00e9tale), l\u00e9cithine de tournesol, citrate de tri\u00e9thyle, huile de tournesol) et acide citrique.<\/p>\n<p>Produit \u00e9labor\u00e9 sans bl\u00e9, gluten, soja, lait, \u0153ufs, poisson, fruits de mer, fruits \u00e0 coque ni s\u00e9same. Produit dans un \u00e9tablissement respectant les BPF qui traite d\u2019autres ingr\u00e9dients contenant ces allerg\u00e8nes.<\/p>\n<p>Fabrication aux \u00c9tats-Unis et qualit\u00e9 test\u00e9e aux \u00c9tats-Unis avec des ingr\u00e9dients provenant du monde entier.<\/p>\n<\/div>\n<\/div>\n<\/div>\n<div class=\"row item-row\">\n<div class=\"col-xs-24\">\n<h3><strong>Warnings<\/strong><\/h3>\n<div class=\"prodOverviewDetail\">\n<p>R\u00e9serv\u00e9 aux adultes. D\u00e9conseill\u00e9 aux femmes enceintes\/allaitantes. Consultez un m\u00e9decin si vous prenez des m\u00e9dicaments (y compris des diur\u00e9tiques) ou pr\u00e9sentez une affection m\u00e9dicale (en particulier un dysfonctionnement h\u00e9patique, r\u00e9nal, cardiaque). Tenir hors de port\u00e9e des enfants.<\/p>\n<p>Une variation naturelle de couleur peut se produire.<\/p>\n<p>Conserver dans un endroit frais et sec apr\u00e8s ouverture.<\/p>\n<table border=\"1\" width=\"100%\" cellspacing=\"0\" cellpadding=\"3\">\n<tbody>\n<tr valign=\"top\">\n<td colspan=\"3\"><strong>Properties<\/strong><\/td>\n<\/tr>\n<tr valign=\"top\">\n<td colspan=\"3\"><strong>Serving:\u00a0<\/strong>1\u00a0comprim\u00e9<\/td>\n<\/tr>\n<tr valign=\"top\">\n<td><\/td>\n<td><strong>Amount per serving<\/strong><\/td>\n<td><strong>%\u00a0d\u2019apport journalier<\/strong><\/td>\n<\/tr>\n<tr valign=\"top\">\n<td>Calcium (issu de citrate de calcium)<\/td>\n<td>50\u00a0mg<\/td>\n<td>4\u00a0%<\/td>\n<\/tr>\n<tr valign=\"top\">\n<td>Zinc (issu d\u2019un complexe de ch\u00e9late de zinc)<\/td>\n<td>5\u00a0mg<\/td>\n<td>45\u00a0%<\/td>\n<\/tr>\n<tr valign=\"top\">\n<td>Mangan\u00e8se (issu d\u2019un ch\u00e9late de mangan\u00e8se)<\/td>\n<td>2\u00a0mg<\/td>\n<td>87\u00a0%<\/td>\n<\/tr>\n<tr valign=\"top\">\n<td>Complexe d\u2019extrait de parties a\u00e9riennes de pr\u00eale des champs<\/td>\n<td>575\u00a0mg<\/td>\n<td>*<\/td>\n<\/tr>\n<tr valign=\"top\">\n<td>Silice (issue d\u2019un complexe d\u2019extrait de pr\u00eale)<\/td>\n<td>40\u00a0mg<\/td>\n<td>*<\/td>\n<\/tr>\n<tr valign=\"top\">\n<td>Bore (issu d\u2019un complexe de ch\u00e9late de bore)<\/td>\n<td>1\u00a0mg<\/td>\n<td>*<\/td>\n<\/tr>\n<tr valign=\"top\">\n<td colspan=\"3\">Apport journalier non \u00e9tabli.<\/td>\n<\/tr>\n<\/tbody>\n<\/table>\n<\/div>\n<\/div>\n<\/div>","protected":false},"excerpt":{"rendered":"<ul>\n<li>Structural support<\/li>\n<li>Maintient la peau, les cheveux et les ongles en bonne sant\u00e9<\/li>\n<li>Renforce les structures articulaires<\/li>\n<li>GMO-free<\/li>\n<li>Food supplement<\/li>\n<li>V\u00e9g\u00e9tarien\/V\u00e9gan<\/li>\n<li>Kosher<\/li>\n<li>Minerals<\/li>\n<li>Family business since 1968<\/li>\n<li>GMP quality guaranteed<\/li>\n<\/ul>","protected":false},"featured_media":34303,"template":"","meta":{"om_disable_all_campaigns":false},"product_brand":[83],"product_cat":[18,8967,3366,7961,11976],"product_tag":[169,701,181,3492,88,7688,1746,11978,11977,11979],"class_list":{"0":"post-34302","1":"product","2":"type-product","3":"status-publish","4":"has-post-thumbnail","6":"product_brand-now-foods-maroc-prix","7":"product_cat-beaute-sante","8":"product_cat-complements","9":"product_cat-complements-alimentaires-au-maroc-vitablanca","10":"product_cat-mineraux-2","11":"product_cat-silice","12":"product_tag-180-comprimes","13":"product_tag-cheveux","14":"product_tag-complement-alimentaire","15":"product_tag-maroc","16":"product_tag-now-foods","17":"product_tag-ongles","18":"product_tag-peau","19":"product_tag-prele","20":"product_tag-silice","21":"product_tag-tissus-conjonctifs","23":"first","24":"instock","25":"sale","26":"taxable","27":"shipping-taxable","28":"purchasable","29":"product-type-simple"},"yoast_head":"<!-- This site is optimized with the Yoast SEO plugin v27.5 - https:\/\/yoast.com\/product\/yoast-seo-wordpress\/ -->\n<title>NOW Foods Complexe de Silice avec Pr\u00eale 180 Caps \u2013 Maroc Prix<\/title>\n<meta name=\"description\" content=\"NOW Foods complexe de silice avec extrait de pr\u00eale, 180 comprim\u00e9s soutient la sant\u00e9 des cheveux, de la peau des ongles et des tissus conjonctifs. Disponible\" \/>\n<meta name=\"robots\" content=\"index, follow, max-snippet:-1, max-image-preview:large, max-video-preview:-1\" \/>\n<link rel=\"canonical\" href=\"https:\/\/vitablanca.ma\/en\/product\/now-foods-complexe-de-silice-avec-extrait-de-prele-180-comprimes-maroc-prix\/\" \/>\n<meta property=\"og:locale\" content=\"en_US\" \/>\n<meta property=\"og:type\" content=\"article\" \/>\n<meta property=\"og:title\" content=\"NOW Foods Complexe de Silice avec Pr\u00eale 180 Caps \u2013 Maroc Prix\" \/>\n<meta property=\"og:description\" content=\"NOW Foods complexe de silice avec extrait de pr\u00eale, 180 comprim\u00e9s soutient la sant\u00e9 des cheveux, de la peau des ongles et des tissus conjonctifs. Disponible\" \/>\n<meta property=\"og:url\" content=\"https:\/\/vitablanca.ma\/en\/product\/now-foods-complexe-de-silice-avec-extrait-de-prele-180-comprimes-maroc-prix\/\" \/>\n<meta property=\"og:site_name\" content=\"Vitablanca.ma &ndash; Sant&eacute;, vitalit&eacute; et bien-&ecirc;tre pour tous les Marocains\" \/>\n<meta property=\"article:publisher\" content=\"https:\/\/www.facebook.com\/profile.php?id=61576678196717\" \/>\n<meta property=\"article:modified_time\" content=\"2026-03-28T17:51:51+00:00\" \/>\n<meta property=\"og:image\" content=\"https:\/\/vitablanca.ma\/wp-content\/uploads\/2026\/03\/NOW-Foods-Complexe-de-silice-avec-extrait-de-prele-180-comprimes1.jpg\" \/>\n\t<meta property=\"og:image:width\" content=\"1600\" \/>\n\t<meta property=\"og:image:height\" content=\"1600\" \/>\n\t<meta property=\"og:image:type\" content=\"image\/jpeg\" \/>\n<meta name=\"twitter:card\" content=\"summary_large_image\" \/>\n<meta name=\"twitter:label1\" content=\"Est. reading time\" \/>\n\t<meta name=\"twitter:data1\" content=\"2 minutes\" \/>\n<script type=\"application\/ld+json\" class=\"yoast-schema-graph\">{\"@context\":\"https:\\\/\\\/schema.org\",\"@graph\":[{\"@type\":[\"WebPage\",\"ItemPage\"],\"@id\":\"https:\\\/\\\/vitablanca.ma\\\/produit\\\/now-foods-complexe-de-silice-avec-extrait-de-prele-180-comprimes-maroc-prix\\\/\",\"url\":\"https:\\\/\\\/vitablanca.ma\\\/produit\\\/now-foods-complexe-de-silice-avec-extrait-de-prele-180-comprimes-maroc-prix\\\/\",\"name\":\"NOW Foods Complexe de Silice avec Pr\u00eale 180 Caps \u2013 Maroc Prix\",\"isPartOf\":{\"@id\":\"https:\\\/\\\/vitablanca.ma\\\/#website\"},\"primaryImageOfPage\":{\"@id\":\"https:\\\/\\\/vitablanca.ma\\\/produit\\\/now-foods-complexe-de-silice-avec-extrait-de-prele-180-comprimes-maroc-prix\\\/#primaryimage\"},\"image\":{\"@id\":\"https:\\\/\\\/vitablanca.ma\\\/produit\\\/now-foods-complexe-de-silice-avec-extrait-de-prele-180-comprimes-maroc-prix\\\/#primaryimage\"},\"thumbnailUrl\":\"https:\\\/\\\/vitablanca.ma\\\/wp-content\\\/uploads\\\/2026\\\/03\\\/NOW-Foods-Complexe-de-silice-avec-extrait-de-prele-180-comprimes1.jpg\",\"datePublished\":\"2026-03-18T02:15:08+00:00\",\"dateModified\":\"2026-03-28T17:51:51+00:00\",\"description\":\"NOW Foods complexe de silice avec extrait de pr\u00eale, 180 comprim\u00e9s soutient la sant\u00e9 des cheveux, de la peau des ongles et des tissus conjonctifs. Disponible\",\"breadcrumb\":{\"@id\":\"https:\\\/\\\/vitablanca.ma\\\/produit\\\/now-foods-complexe-de-silice-avec-extrait-de-prele-180-comprimes-maroc-prix\\\/#breadcrumb\"},\"inLanguage\":\"en-US\",\"potentialAction\":[{\"@type\":\"ReadAction\",\"target\":[\"https:\\\/\\\/vitablanca.ma\\\/produit\\\/now-foods-complexe-de-silice-avec-extrait-de-prele-180-comprimes-maroc-prix\\\/\"]}]},{\"@type\":\"ImageObject\",\"inLanguage\":\"en-US\",\"@id\":\"https:\\\/\\\/vitablanca.ma\\\/produit\\\/now-foods-complexe-de-silice-avec-extrait-de-prele-180-comprimes-maroc-prix\\\/#primaryimage\",\"url\":\"https:\\\/\\\/vitablanca.ma\\\/wp-content\\\/uploads\\\/2026\\\/03\\\/NOW-Foods-Complexe-de-silice-avec-extrait-de-prele-180-comprimes1.jpg\",\"contentUrl\":\"https:\\\/\\\/vitablanca.ma\\\/wp-content\\\/uploads\\\/2026\\\/03\\\/NOW-Foods-Complexe-de-silice-avec-extrait-de-prele-180-comprimes1.jpg\",\"width\":1600,\"height\":1600},{\"@type\":\"BreadcrumbList\",\"@id\":\"https:\\\/\\\/vitablanca.ma\\\/produit\\\/now-foods-complexe-de-silice-avec-extrait-de-prele-180-comprimes-maroc-prix\\\/#breadcrumb\",\"itemListElement\":[{\"@type\":\"ListItem\",\"position\":1,\"name\":\"Home\",\"item\":\"https:\\\/\\\/vitablanca.ma\\\/\"},{\"@type\":\"ListItem\",\"position\":2,\"name\":\"Tous Les Produits\",\"item\":\"https:\\\/\\\/vitablanca.ma\\\/tous-les-produits\\\/\"},{\"@type\":\"ListItem\",\"position\":3,\"name\":\"NOW Foods, Complexe de silice avec extrait de pr\u00eale, 180 comprim\u00e9s\"}]},{\"@type\":\"WebSite\",\"@id\":\"https:\\\/\\\/vitablanca.ma\\\/#website\",\"url\":\"https:\\\/\\\/vitablanca.ma\\\/\",\"name\":\"VitaBlanca.ma | Compl\u00e9ments alimentaires, sant\u00e9 & beaut\u00e9 au Maroc\",\"description\":\"vendre vitamines et compl\u00e9ments premium des USA &amp; Canada, Nouvelle Z\u00e9lande,Maroc (NOW Foods, Solgar, Manuka). Livraison rapide partout au Maroc.\",\"publisher\":{\"@id\":\"https:\\\/\\\/vitablanca.ma\\\/#organization\"},\"alternateName\":\"VitaBlanca.ma\",\"potentialAction\":[{\"@type\":\"SearchAction\",\"target\":{\"@type\":\"EntryPoint\",\"urlTemplate\":\"https:\\\/\\\/vitablanca.ma\\\/?s={search_term_string}\"},\"query-input\":{\"@type\":\"PropertyValueSpecification\",\"valueRequired\":true,\"valueName\":\"search_term_string\"}}],\"inLanguage\":\"en-US\"},{\"@type\":\"Organization\",\"@id\":\"https:\\\/\\\/vitablanca.ma\\\/#organization\",\"name\":\"VitaBlanca\",\"url\":\"https:\\\/\\\/vitablanca.ma\\\/\",\"logo\":{\"@type\":\"ImageObject\",\"inLanguage\":\"en-US\",\"@id\":\"https:\\\/\\\/vitablanca.ma\\\/#\\\/schema\\\/logo\\\/image\\\/\",\"url\":\"https:\\\/\\\/vitablanca.ma\\\/wp-content\\\/uploads\\\/2025\\\/05\\\/cropped-vitablanca.png\",\"contentUrl\":\"https:\\\/\\\/vitablanca.ma\\\/wp-content\\\/uploads\\\/2025\\\/05\\\/cropped-vitablanca.png\",\"width\":360,\"height\":67,\"caption\":\"VitaBlanca\"},\"image\":{\"@id\":\"https:\\\/\\\/vitablanca.ma\\\/#\\\/schema\\\/logo\\\/image\\\/\"},\"sameAs\":[\"https:\\\/\\\/www.facebook.com\\\/profile.php?id=61576678196717\",\"https:\\\/\\\/www.tiktok.com\\\/@vitablanca.ma\",\"https:\\\/\\\/www.instagram.com\\\/vitablanca.ma\\\/\"]}]}<\/script>\n<!-- \/ Yoast SEO plugin. -->","yoast_head_json":{"title":"NOW Foods Complexe de Silice avec Pr\u00eale 180 Caps \u2013 Maroc Prix","description":"NOW Foods complexe de silice avec extrait de pr\u00eale, 180 comprim\u00e9s soutient la sant\u00e9 des cheveux, de la peau des ongles et des tissus conjonctifs. Disponible","robots":{"index":"index","follow":"follow","max-snippet":"max-snippet:-1","max-image-preview":"max-image-preview:large","max-video-preview":"max-video-preview:-1"},"canonical":"https:\/\/vitablanca.ma\/en\/product\/now-foods-complexe-de-silice-avec-extrait-de-prele-180-comprimes-maroc-prix\/","og_locale":"en_US","og_type":"article","og_title":"NOW Foods Complexe de Silice avec Pr\u00eale 180 Caps \u2013 Maroc Prix","og_description":"NOW Foods complexe de silice avec extrait de pr\u00eale, 180 comprim\u00e9s soutient la sant\u00e9 des cheveux, de la peau des ongles et des tissus conjonctifs. Disponible","og_url":"https:\/\/vitablanca.ma\/en\/product\/now-foods-complexe-de-silice-avec-extrait-de-prele-180-comprimes-maroc-prix\/","og_site_name":"Vitablanca.ma &ndash; Sant&eacute;, vitalit&eacute; et bien-&ecirc;tre pour tous les Marocains","article_publisher":"https:\/\/www.facebook.com\/profile.php?id=61576678196717","article_modified_time":"2026-03-28T17:51:51+00:00","og_image":[{"width":1600,"height":1600,"url":"https:\/\/vitablanca.ma\/wp-content\/uploads\/2026\/03\/NOW-Foods-Complexe-de-silice-avec-extrait-de-prele-180-comprimes1.jpg","type":"image\/jpeg"}],"twitter_card":"summary_large_image","twitter_misc":{"Est. reading time":"2 minutes"},"schema":{"@context":"https:\/\/schema.org","@graph":[{"@type":["WebPage","ItemPage"],"@id":"https:\/\/vitablanca.ma\/produit\/now-foods-complexe-de-silice-avec-extrait-de-prele-180-comprimes-maroc-prix\/","url":"https:\/\/vitablanca.ma\/produit\/now-foods-complexe-de-silice-avec-extrait-de-prele-180-comprimes-maroc-prix\/","name":"NOW Foods Complexe de Silice avec Pr\u00eale 180 Caps \u2013 Maroc Prix","isPartOf":{"@id":"https:\/\/vitablanca.ma\/#website"},"primaryImageOfPage":{"@id":"https:\/\/vitablanca.ma\/produit\/now-foods-complexe-de-silice-avec-extrait-de-prele-180-comprimes-maroc-prix\/#primaryimage"},"image":{"@id":"https:\/\/vitablanca.ma\/produit\/now-foods-complexe-de-silice-avec-extrait-de-prele-180-comprimes-maroc-prix\/#primaryimage"},"thumbnailUrl":"https:\/\/vitablanca.ma\/wp-content\/uploads\/2026\/03\/NOW-Foods-Complexe-de-silice-avec-extrait-de-prele-180-comprimes1.jpg","datePublished":"2026-03-18T02:15:08+00:00","dateModified":"2026-03-28T17:51:51+00:00","description":"NOW Foods complexe de silice avec extrait de pr\u00eale, 180 comprim\u00e9s soutient la sant\u00e9 des cheveux, de la peau des ongles et des tissus conjonctifs. Disponible","breadcrumb":{"@id":"https:\/\/vitablanca.ma\/produit\/now-foods-complexe-de-silice-avec-extrait-de-prele-180-comprimes-maroc-prix\/#breadcrumb"},"inLanguage":"en-US","potentialAction":[{"@type":"ReadAction","target":["https:\/\/vitablanca.ma\/produit\/now-foods-complexe-de-silice-avec-extrait-de-prele-180-comprimes-maroc-prix\/"]}]},{"@type":"ImageObject","inLanguage":"en-US","@id":"https:\/\/vitablanca.ma\/produit\/now-foods-complexe-de-silice-avec-extrait-de-prele-180-comprimes-maroc-prix\/#primaryimage","url":"https:\/\/vitablanca.ma\/wp-content\/uploads\/2026\/03\/NOW-Foods-Complexe-de-silice-avec-extrait-de-prele-180-comprimes1.jpg","contentUrl":"https:\/\/vitablanca.ma\/wp-content\/uploads\/2026\/03\/NOW-Foods-Complexe-de-silice-avec-extrait-de-prele-180-comprimes1.jpg","width":1600,"height":1600},{"@type":"BreadcrumbList","@id":"https:\/\/vitablanca.ma\/produit\/now-foods-complexe-de-silice-avec-extrait-de-prele-180-comprimes-maroc-prix\/#breadcrumb","itemListElement":[{"@type":"ListItem","position":1,"name":"Home","item":"https:\/\/vitablanca.ma\/"},{"@type":"ListItem","position":2,"name":"Tous Les Produits","item":"https:\/\/vitablanca.ma\/tous-les-produits\/"},{"@type":"ListItem","position":3,"name":"NOW Foods, Complexe de silice avec extrait de pr\u00eale, 180 comprim\u00e9s"}]},{"@type":"WebSite","@id":"https:\/\/vitablanca.ma\/#website","url":"https:\/\/vitablanca.ma\/","name":"VitaBlanca.ma | Food supplements, health &amp; beauty in Morocco","description":"sell premium vitamins and supplements from USA &amp; Canada, New Zealand, Morocco (NOW Foods, Solgar, Manuka). Fast delivery anywhere in Morocco.","publisher":{"@id":"https:\/\/vitablanca.ma\/#organization"},"alternateName":"VitaBlanca.ma","potentialAction":[{"@type":"SearchAction","target":{"@type":"EntryPoint","urlTemplate":"https:\/\/vitablanca.ma\/?s={search_term_string}"},"query-input":{"@type":"PropertyValueSpecification","valueRequired":true,"valueName":"search_term_string"}}],"inLanguage":"en-US"},{"@type":"Organization","@id":"https:\/\/vitablanca.ma\/#organization","name":"VitaBlanca","url":"https:\/\/vitablanca.ma\/","logo":{"@type":"ImageObject","inLanguage":"en-US","@id":"https:\/\/vitablanca.ma\/#\/schema\/logo\/image\/","url":"https:\/\/vitablanca.ma\/wp-content\/uploads\/2025\/05\/cropped-vitablanca.png","contentUrl":"https:\/\/vitablanca.ma\/wp-content\/uploads\/2025\/05\/cropped-vitablanca.png","width":360,"height":67,"caption":"VitaBlanca"},"image":{"@id":"https:\/\/vitablanca.ma\/#\/schema\/logo\/image\/"},"sameAs":["https:\/\/www.facebook.com\/profile.php?id=61576678196717","https:\/\/www.tiktok.com\/@vitablanca.ma","https:\/\/www.instagram.com\/vitablanca.ma\/"]}]}},"jetpack_sharing_enabled":true,"_links":{"self":[{"href":"https:\/\/vitablanca.ma\/en\/wp-json\/wp\/v2\/product\/34302","targetHints":{"allow":["GET"]}}],"collection":[{"href":"https:\/\/vitablanca.ma\/en\/wp-json\/wp\/v2\/product"}],"about":[{"href":"https:\/\/vitablanca.ma\/en\/wp-json\/wp\/v2\/types\/product"}],"wp:featuredmedia":[{"embeddable":true,"href":"https:\/\/vitablanca.ma\/en\/wp-json\/wp\/v2\/media\/34303"}],"wp:attachment":[{"href":"https:\/\/vitablanca.ma\/en\/wp-json\/wp\/v2\/media?parent=34302"}],"wp:term":[{"taxonomy":"product_brand","embeddable":true,"href":"https:\/\/vitablanca.ma\/en\/wp-json\/wp\/v2\/product_brand?post=34302"},{"taxonomy":"product_cat","embeddable":true,"href":"https:\/\/vitablanca.ma\/en\/wp-json\/wp\/v2\/product_cat?post=34302"},{"taxonomy":"product_tag","embeddable":true,"href":"https:\/\/vitablanca.ma\/en\/wp-json\/wp\/v2\/product_tag?post=34302"}],"curies":[{"name":"wp","href":"https:\/\/api.w.org\/{rel}","templated":true}]}}