{"id":34275,"date":"2026-03-17T03:23:03","date_gmt":"2026-03-17T03:23:03","guid":{"rendered":"https:\/\/vitablanca.ma\/?post_type=product&#038;p=34275"},"modified":"2026-03-28T17:51:52","modified_gmt":"2026-03-28T17:51:52","slug":"now-foods-poudre-de-coques-de-psyllium-680-g-maroc-prix","status":"publish","type":"product","link":"https:\/\/vitablanca.ma\/en\/product\/now-foods-poudre-de-coques-de-psyllium-680-g-maroc-prix\/","title":{"rendered":"NOW Foods, Poudre de coques de psyllium, 680 g"},"content":{"rendered":"<div class=\"row item-row\">\n<div class=\"col-xs-24\">\n<div>\n<p>Les fibres alimentaires solubles provenant d\u2019aliments tels que les coques de graines de psyllium peuvent r\u00e9duire le risque de maladie cardiaque dans le cadre d\u2019un r\u00e9gime alimentaire pauvre en acides gras satur\u00e9s et en cholest\u00e9rol. Une portion de poudre de coques de psyllium fournit 6\u00a0grammes sur les 7\u00a0grammes de fibres alimentaires solubles n\u00e9cessaires par jour pour avoir cet effet.<\/p>\n<\/div>\n<\/div>\n<\/div>\n<div class=\"row item-row\">\n<div class=\"col-xs-24\">\n<h3><strong>Suggested Use<\/strong><\/h3>\n<div class=\"prodOverviewDetail\">\n<p>M\u00e9langez vigoureusement 1\u00a0cuill\u00e8re \u00e0 soupe rase par jour dans au moins 350\u00a0ml d\u2019eau ou de jus et consommez imm\u00e9diatement. Assurez-vous de boire beaucoup d\u2019autres liquides tout au long de la journ\u00e9e. Commencez par de petites quantit\u00e9s et augmentez-les progressivement sur une p\u00e9riode de plusieurs semaines.<\/p>\n<\/div>\n<\/div>\n<\/div>\n<div class=\"row item-row\">\n<div class=\"col-xs-24\">\n<h3><strong>Other ingredients<\/strong><\/h3>\n<div class=\"prodOverviewIngred\">\n<p>Psyllium (graine\/coque).<\/p>\n<p>Peut contenir des traces de s\u00e9same.<\/p>\n<p>Non fabriqu\u00e9 avec de la levure, bl\u00e9, gluten, soja, ma\u00efs, lait, oeuf, poisson, fruits de mer ou fruits \u00e0 coque.<\/p>\n<p>Produit dans une installation BPF qui traite d\u2019autres ingr\u00e9dients contenant ces allerg\u00e8nes.<\/p>\n<p>Conditionnement aux \u00c9tats-Unis et qualit\u00e9 test\u00e9e aux \u00c9tats-Unis.<\/p>\n<\/div>\n<\/div>\n<\/div>\n<div class=\"row item-row\">\n<div class=\"col-xs-24\">\n<h3><strong>Warnings<\/strong><\/h3>\n<div class=\"prodOverviewDetail\">\n<p><strong>Avertissement\u00a0:<\/strong>\u00a0ce produit doit \u00eatre consomm\u00e9 avec au moins un verre d\u2019eau entier. Absorber ce produit sans suffisamment de liquide peut provoquer un \u00e9touffement. Ne pas prendre ce produit en cas de difficult\u00e9s \u00e0 avaler. Une variation naturelle de couleur peut se produire dans ce produit. Conserver dans un endroit frais et sec apr\u00e8s ouverture.<\/p>\n<p>Une variation naturelle de couleur peut se produire.<\/p>\n<p>Ce produit est vendu au poids, non au volume.<\/p>\n<p>Conserver dans un endroit frais et sec apr\u00e8s ouverture.<\/p>\n<table border=\"1\" width=\"100%\" cellspacing=\"0\" cellpadding=\"3\">\n<tbody>\n<tr valign=\"top\">\n<td colspan=\"3\"><strong>Valeur nutritive<\/strong><\/td>\n<\/tr>\n<tr valign=\"top\">\n<td colspan=\"3\"><strong>Serving:<\/strong>\u00a01 c. \u00e0 s. rase (9 g)<\/td>\n<\/tr>\n<tr valign=\"top\">\n<td colspan=\"3\"><strong>Servings per container:<\/strong>\u00a0Environ\u00a076<\/td>\n<\/tr>\n<tr valign=\"top\">\n<td><\/td>\n<td><strong>Amount per serving<\/strong><\/td>\n<td><strong>% de la valeur quotidienne<\/strong><\/td>\n<\/tr>\n<tr valign=\"top\">\n<td>Calories<\/td>\n<td>30\u2020\u2020<\/td>\n<td><\/td>\n<\/tr>\n<tr valign=\"top\">\n<td>Gras total<\/td>\n<td>0 gramme<\/td>\n<td>0%<\/td>\n<\/tr>\n<tr valign=\"top\">\n<td>Sodium<\/td>\n<td>10 mg<\/td>\n<td><1 %<\/td>\n<\/tr>\n<tr valign=\"top\">\n<td>Glucides totaux<\/td>\n<td>8 grammes<\/td>\n<td>3%<\/td>\n<\/tr>\n<tr valign=\"top\">\n<td>Fibres alimentaires<\/td>\n<td>7 grammes<\/td>\n<td>25%<\/td>\n<\/tr>\n<tr valign=\"top\">\n<td>Soluble fiber<\/td>\n<td>6 grammes<\/td>\n<td><\/td>\n<\/tr>\n<tr valign=\"top\">\n<td>Fibres alimentaires non solubles<\/td>\n<td>1 g<\/td>\n<td><\/td>\n<\/tr>\n<tr valign=\"top\">\n<td>Prot\u00e9ine<\/td>\n<td>0 gramme<\/td>\n<td><\/td>\n<\/tr>\n<tr valign=\"top\">\n<td>Iron<\/td>\n<td>1,5 millim\u00e8tre<\/td>\n<td>8%<\/td>\n<\/tr>\n<tr valign=\"top\">\n<td>Potassium<\/td>\n<td>87\u00a0mg<\/td>\n<td>2%<\/td>\n<\/tr>\n<tr valign=\"top\">\n<td colspan=\"3\">Source non significative d\u2019acides gras satur\u00e9s, d\u2019acides gras trans, de cholest\u00e9rol, de sucres totaux, de sucres ajout\u00e9s, de vitamine D et de calcium.<br \/>\nLes fibres ne sont pas dig\u00e9r\u00e9es et n\u2019ont donc pas d\u2019apport calorique.<\/td>\n<\/tr>\n<\/tbody>\n<\/table>\n<\/div>\n<\/div>\n<\/div>","protected":false},"excerpt":{"rendered":"<ul>\n<li>Digestion<\/li>\n<li>Soluble fiber<\/li>\n<li>Excellente source de fibres alimentaires<\/li>\n<li>Certified GMO-free<\/li>\n<li>V\u00e9g\u00e9tarien\/v\u00e9gan<\/li>\n<li>Kosher<\/li>\n<li>Family business since 1968<\/li>\n<li>Halal<\/li>\n<\/ul>","protected":false},"featured_media":34276,"template":"","meta":{"om_disable_all_campaigns":false},"product_brand":[83],"product_cat":[18,8967,3366,11968,11970,8926],"product_tag":[11973,181,1759,7005,3492,88,11972,11971,955,4274],"class_list":{"0":"post-34275","1":"product","2":"type-product","3":"status-publish","4":"has-post-thumbnail","6":"product_brand-now-foods-maroc-prix","7":"product_cat-beaute-sante","8":"product_cat-complements","9":"product_cat-complements-alimentaires-au-maroc-vitablanca","10":"product_cat-coque-de-psyllium","11":"product_cat-fibres","12":"product_cat-sante-intestinale","13":"product_tag-680-g","14":"product_tag-complement-alimentaire","15":"product_tag-digestion","16":"product_tag-fibres","17":"product_tag-maroc","18":"product_tag-now-foods","19":"product_tag-poudre-de-psyllium","20":"product_tag-psyllium","21":"product_tag-sante-intestinale","22":"product_tag-transit-intestinal","24":"first","25":"instock","26":"sale","27":"taxable","28":"shipping-taxable","29":"purchasable","30":"product-type-simple"},"yoast_head":"<!-- This site is optimized with the Yoast SEO plugin v27.5 - https:\/\/yoast.com\/product\/yoast-seo-wordpress\/ -->\n<title>NOW Foods Poudre de Psyllium 680 g \u2013 Maroc Prix<\/title>\n<meta name=\"description\" content=\"NOW Foods poudre de coques de psyllium 680 g source naturelle de fibres pour soutenir la digestion la sant\u00e9 intestinale et l\u2019\u00e9quilibre du transit disponible\" \/>\n<meta name=\"robots\" content=\"index, follow, max-snippet:-1, max-image-preview:large, max-video-preview:-1\" \/>\n<link rel=\"canonical\" href=\"https:\/\/vitablanca.ma\/en\/product\/now-foods-poudre-de-coques-de-psyllium-680-g-maroc-prix\/\" \/>\n<meta property=\"og:locale\" content=\"en_US\" \/>\n<meta property=\"og:type\" content=\"article\" \/>\n<meta property=\"og:title\" content=\"NOW Foods Poudre de Psyllium 680 g \u2013 Maroc Prix\" \/>\n<meta property=\"og:description\" content=\"NOW Foods poudre de coques de psyllium 680 g source naturelle de fibres pour soutenir la digestion la sant\u00e9 intestinale et l\u2019\u00e9quilibre du transit disponible\" \/>\n<meta property=\"og:url\" content=\"https:\/\/vitablanca.ma\/en\/product\/now-foods-poudre-de-coques-de-psyllium-680-g-maroc-prix\/\" \/>\n<meta property=\"og:site_name\" content=\"Vitablanca.ma &ndash; Sant&eacute;, vitalit&eacute; et bien-&ecirc;tre pour tous les Marocains\" \/>\n<meta property=\"article:publisher\" content=\"https:\/\/www.facebook.com\/profile.php?id=61576678196717\" \/>\n<meta property=\"article:modified_time\" content=\"2026-03-28T17:51:52+00:00\" \/>\n<meta property=\"og:image\" content=\"https:\/\/vitablanca.ma\/wp-content\/uploads\/2026\/03\/NOW-Foods-Poudre-de-coques-de-psyllium-680-g1.jpg\" \/>\n\t<meta property=\"og:image:width\" content=\"1600\" \/>\n\t<meta property=\"og:image:height\" content=\"1600\" \/>\n\t<meta property=\"og:image:type\" content=\"image\/jpeg\" \/>\n<meta name=\"twitter:card\" content=\"summary_large_image\" \/>\n<meta name=\"twitter:label1\" content=\"Est. reading time\" \/>\n\t<meta name=\"twitter:data1\" content=\"2 minutes\" \/>\n<script type=\"application\/ld+json\" class=\"yoast-schema-graph\">{\"@context\":\"https:\\\/\\\/schema.org\",\"@graph\":[{\"@type\":[\"WebPage\",\"ItemPage\"],\"@id\":\"https:\\\/\\\/vitablanca.ma\\\/produit\\\/now-foods-poudre-de-coques-de-psyllium-680-g-maroc-prix\\\/\",\"url\":\"https:\\\/\\\/vitablanca.ma\\\/produit\\\/now-foods-poudre-de-coques-de-psyllium-680-g-maroc-prix\\\/\",\"name\":\"NOW Foods Poudre de Psyllium 680 g \u2013 Maroc Prix\",\"isPartOf\":{\"@id\":\"https:\\\/\\\/vitablanca.ma\\\/#website\"},\"primaryImageOfPage\":{\"@id\":\"https:\\\/\\\/vitablanca.ma\\\/produit\\\/now-foods-poudre-de-coques-de-psyllium-680-g-maroc-prix\\\/#primaryimage\"},\"image\":{\"@id\":\"https:\\\/\\\/vitablanca.ma\\\/produit\\\/now-foods-poudre-de-coques-de-psyllium-680-g-maroc-prix\\\/#primaryimage\"},\"thumbnailUrl\":\"https:\\\/\\\/vitablanca.ma\\\/wp-content\\\/uploads\\\/2026\\\/03\\\/NOW-Foods-Poudre-de-coques-de-psyllium-680-g1.jpg\",\"datePublished\":\"2026-03-17T03:23:03+00:00\",\"dateModified\":\"2026-03-28T17:51:52+00:00\",\"description\":\"NOW Foods poudre de coques de psyllium 680 g source naturelle de fibres pour soutenir la digestion la sant\u00e9 intestinale et l\u2019\u00e9quilibre du transit disponible\",\"breadcrumb\":{\"@id\":\"https:\\\/\\\/vitablanca.ma\\\/produit\\\/now-foods-poudre-de-coques-de-psyllium-680-g-maroc-prix\\\/#breadcrumb\"},\"inLanguage\":\"en-US\",\"potentialAction\":[{\"@type\":\"ReadAction\",\"target\":[\"https:\\\/\\\/vitablanca.ma\\\/produit\\\/now-foods-poudre-de-coques-de-psyllium-680-g-maroc-prix\\\/\"]}]},{\"@type\":\"ImageObject\",\"inLanguage\":\"en-US\",\"@id\":\"https:\\\/\\\/vitablanca.ma\\\/produit\\\/now-foods-poudre-de-coques-de-psyllium-680-g-maroc-prix\\\/#primaryimage\",\"url\":\"https:\\\/\\\/vitablanca.ma\\\/wp-content\\\/uploads\\\/2026\\\/03\\\/NOW-Foods-Poudre-de-coques-de-psyllium-680-g1.jpg\",\"contentUrl\":\"https:\\\/\\\/vitablanca.ma\\\/wp-content\\\/uploads\\\/2026\\\/03\\\/NOW-Foods-Poudre-de-coques-de-psyllium-680-g1.jpg\",\"width\":1600,\"height\":1600},{\"@type\":\"BreadcrumbList\",\"@id\":\"https:\\\/\\\/vitablanca.ma\\\/produit\\\/now-foods-poudre-de-coques-de-psyllium-680-g-maroc-prix\\\/#breadcrumb\",\"itemListElement\":[{\"@type\":\"ListItem\",\"position\":1,\"name\":\"Home\",\"item\":\"https:\\\/\\\/vitablanca.ma\\\/\"},{\"@type\":\"ListItem\",\"position\":2,\"name\":\"Tous Les Produits\",\"item\":\"https:\\\/\\\/vitablanca.ma\\\/tous-les-produits\\\/\"},{\"@type\":\"ListItem\",\"position\":3,\"name\":\"NOW Foods, Poudre de coques de psyllium, 680 g\"}]},{\"@type\":\"WebSite\",\"@id\":\"https:\\\/\\\/vitablanca.ma\\\/#website\",\"url\":\"https:\\\/\\\/vitablanca.ma\\\/\",\"name\":\"VitaBlanca.ma | Compl\u00e9ments alimentaires, sant\u00e9 & beaut\u00e9 au Maroc\",\"description\":\"vendre vitamines et compl\u00e9ments premium des USA &amp; Canada, Nouvelle Z\u00e9lande,Maroc (NOW Foods, Solgar, Manuka). Livraison rapide partout au Maroc.\",\"publisher\":{\"@id\":\"https:\\\/\\\/vitablanca.ma\\\/#organization\"},\"alternateName\":\"VitaBlanca.ma\",\"potentialAction\":[{\"@type\":\"SearchAction\",\"target\":{\"@type\":\"EntryPoint\",\"urlTemplate\":\"https:\\\/\\\/vitablanca.ma\\\/?s={search_term_string}\"},\"query-input\":{\"@type\":\"PropertyValueSpecification\",\"valueRequired\":true,\"valueName\":\"search_term_string\"}}],\"inLanguage\":\"en-US\"},{\"@type\":\"Organization\",\"@id\":\"https:\\\/\\\/vitablanca.ma\\\/#organization\",\"name\":\"VitaBlanca\",\"url\":\"https:\\\/\\\/vitablanca.ma\\\/\",\"logo\":{\"@type\":\"ImageObject\",\"inLanguage\":\"en-US\",\"@id\":\"https:\\\/\\\/vitablanca.ma\\\/#\\\/schema\\\/logo\\\/image\\\/\",\"url\":\"https:\\\/\\\/vitablanca.ma\\\/wp-content\\\/uploads\\\/2025\\\/05\\\/cropped-vitablanca.png\",\"contentUrl\":\"https:\\\/\\\/vitablanca.ma\\\/wp-content\\\/uploads\\\/2025\\\/05\\\/cropped-vitablanca.png\",\"width\":360,\"height\":67,\"caption\":\"VitaBlanca\"},\"image\":{\"@id\":\"https:\\\/\\\/vitablanca.ma\\\/#\\\/schema\\\/logo\\\/image\\\/\"},\"sameAs\":[\"https:\\\/\\\/www.facebook.com\\\/profile.php?id=61576678196717\",\"https:\\\/\\\/www.tiktok.com\\\/@vitablanca.ma\",\"https:\\\/\\\/www.instagram.com\\\/vitablanca.ma\\\/\"]}]}<\/script>\n<!-- \/ Yoast SEO plugin. -->","yoast_head_json":{"title":"NOW Foods Poudre de Psyllium 680 g \u2013 Maroc Prix","description":"NOW Foods poudre de coques de psyllium 680 g source naturelle de fibres pour soutenir la digestion la sant\u00e9 intestinale et l\u2019\u00e9quilibre du transit disponible","robots":{"index":"index","follow":"follow","max-snippet":"max-snippet:-1","max-image-preview":"max-image-preview:large","max-video-preview":"max-video-preview:-1"},"canonical":"https:\/\/vitablanca.ma\/en\/product\/now-foods-poudre-de-coques-de-psyllium-680-g-maroc-prix\/","og_locale":"en_US","og_type":"article","og_title":"NOW Foods Poudre de Psyllium 680 g \u2013 Maroc Prix","og_description":"NOW Foods poudre de coques de psyllium 680 g source naturelle de fibres pour soutenir la digestion la sant\u00e9 intestinale et l\u2019\u00e9quilibre du transit disponible","og_url":"https:\/\/vitablanca.ma\/en\/product\/now-foods-poudre-de-coques-de-psyllium-680-g-maroc-prix\/","og_site_name":"Vitablanca.ma &ndash; Sant&eacute;, vitalit&eacute; et bien-&ecirc;tre pour tous les Marocains","article_publisher":"https:\/\/www.facebook.com\/profile.php?id=61576678196717","article_modified_time":"2026-03-28T17:51:52+00:00","og_image":[{"width":1600,"height":1600,"url":"https:\/\/vitablanca.ma\/wp-content\/uploads\/2026\/03\/NOW-Foods-Poudre-de-coques-de-psyllium-680-g1.jpg","type":"image\/jpeg"}],"twitter_card":"summary_large_image","twitter_misc":{"Est. reading time":"2 minutes"},"schema":{"@context":"https:\/\/schema.org","@graph":[{"@type":["WebPage","ItemPage"],"@id":"https:\/\/vitablanca.ma\/produit\/now-foods-poudre-de-coques-de-psyllium-680-g-maroc-prix\/","url":"https:\/\/vitablanca.ma\/produit\/now-foods-poudre-de-coques-de-psyllium-680-g-maroc-prix\/","name":"NOW Foods Poudre de Psyllium 680 g \u2013 Maroc Prix","isPartOf":{"@id":"https:\/\/vitablanca.ma\/#website"},"primaryImageOfPage":{"@id":"https:\/\/vitablanca.ma\/produit\/now-foods-poudre-de-coques-de-psyllium-680-g-maroc-prix\/#primaryimage"},"image":{"@id":"https:\/\/vitablanca.ma\/produit\/now-foods-poudre-de-coques-de-psyllium-680-g-maroc-prix\/#primaryimage"},"thumbnailUrl":"https:\/\/vitablanca.ma\/wp-content\/uploads\/2026\/03\/NOW-Foods-Poudre-de-coques-de-psyllium-680-g1.jpg","datePublished":"2026-03-17T03:23:03+00:00","dateModified":"2026-03-28T17:51:52+00:00","description":"NOW Foods poudre de coques de psyllium 680 g source naturelle de fibres pour soutenir la digestion la sant\u00e9 intestinale et l\u2019\u00e9quilibre du transit disponible","breadcrumb":{"@id":"https:\/\/vitablanca.ma\/produit\/now-foods-poudre-de-coques-de-psyllium-680-g-maroc-prix\/#breadcrumb"},"inLanguage":"en-US","potentialAction":[{"@type":"ReadAction","target":["https:\/\/vitablanca.ma\/produit\/now-foods-poudre-de-coques-de-psyllium-680-g-maroc-prix\/"]}]},{"@type":"ImageObject","inLanguage":"en-US","@id":"https:\/\/vitablanca.ma\/produit\/now-foods-poudre-de-coques-de-psyllium-680-g-maroc-prix\/#primaryimage","url":"https:\/\/vitablanca.ma\/wp-content\/uploads\/2026\/03\/NOW-Foods-Poudre-de-coques-de-psyllium-680-g1.jpg","contentUrl":"https:\/\/vitablanca.ma\/wp-content\/uploads\/2026\/03\/NOW-Foods-Poudre-de-coques-de-psyllium-680-g1.jpg","width":1600,"height":1600},{"@type":"BreadcrumbList","@id":"https:\/\/vitablanca.ma\/produit\/now-foods-poudre-de-coques-de-psyllium-680-g-maroc-prix\/#breadcrumb","itemListElement":[{"@type":"ListItem","position":1,"name":"Home","item":"https:\/\/vitablanca.ma\/"},{"@type":"ListItem","position":2,"name":"Tous Les Produits","item":"https:\/\/vitablanca.ma\/tous-les-produits\/"},{"@type":"ListItem","position":3,"name":"NOW Foods, Poudre de coques de psyllium, 680 g"}]},{"@type":"WebSite","@id":"https:\/\/vitablanca.ma\/#website","url":"https:\/\/vitablanca.ma\/","name":"VitaBlanca.ma | Food supplements, health &amp; beauty in Morocco","description":"sell premium vitamins and supplements from USA &amp; Canada, New Zealand, Morocco (NOW Foods, Solgar, Manuka). Fast delivery anywhere in Morocco.","publisher":{"@id":"https:\/\/vitablanca.ma\/#organization"},"alternateName":"VitaBlanca.ma","potentialAction":[{"@type":"SearchAction","target":{"@type":"EntryPoint","urlTemplate":"https:\/\/vitablanca.ma\/?s={search_term_string}"},"query-input":{"@type":"PropertyValueSpecification","valueRequired":true,"valueName":"search_term_string"}}],"inLanguage":"en-US"},{"@type":"Organization","@id":"https:\/\/vitablanca.ma\/#organization","name":"VitaBlanca","url":"https:\/\/vitablanca.ma\/","logo":{"@type":"ImageObject","inLanguage":"en-US","@id":"https:\/\/vitablanca.ma\/#\/schema\/logo\/image\/","url":"https:\/\/vitablanca.ma\/wp-content\/uploads\/2025\/05\/cropped-vitablanca.png","contentUrl":"https:\/\/vitablanca.ma\/wp-content\/uploads\/2025\/05\/cropped-vitablanca.png","width":360,"height":67,"caption":"VitaBlanca"},"image":{"@id":"https:\/\/vitablanca.ma\/#\/schema\/logo\/image\/"},"sameAs":["https:\/\/www.facebook.com\/profile.php?id=61576678196717","https:\/\/www.tiktok.com\/@vitablanca.ma","https:\/\/www.instagram.com\/vitablanca.ma\/"]}]}},"jetpack_sharing_enabled":true,"_links":{"self":[{"href":"https:\/\/vitablanca.ma\/en\/wp-json\/wp\/v2\/product\/34275","targetHints":{"allow":["GET"]}}],"collection":[{"href":"https:\/\/vitablanca.ma\/en\/wp-json\/wp\/v2\/product"}],"about":[{"href":"https:\/\/vitablanca.ma\/en\/wp-json\/wp\/v2\/types\/product"}],"wp:featuredmedia":[{"embeddable":true,"href":"https:\/\/vitablanca.ma\/en\/wp-json\/wp\/v2\/media\/34276"}],"wp:attachment":[{"href":"https:\/\/vitablanca.ma\/en\/wp-json\/wp\/v2\/media?parent=34275"}],"wp:term":[{"taxonomy":"product_brand","embeddable":true,"href":"https:\/\/vitablanca.ma\/en\/wp-json\/wp\/v2\/product_brand?post=34275"},{"taxonomy":"product_cat","embeddable":true,"href":"https:\/\/vitablanca.ma\/en\/wp-json\/wp\/v2\/product_cat?post=34275"},{"taxonomy":"product_tag","embeddable":true,"href":"https:\/\/vitablanca.ma\/en\/wp-json\/wp\/v2\/product_tag?post=34275"}],"curies":[{"name":"wp","href":"https:\/\/api.w.org\/{rel}","templated":true}]}}