{"id":34230,"date":"2026-03-16T01:04:57","date_gmt":"2026-03-16T01:04:57","guid":{"rendered":"https:\/\/vitablanca.ma\/?post_type=product&#038;p=34230"},"modified":"2026-03-28T17:51:53","modified_gmt":"2026-03-28T17:51:53","slug":"now-foods-poudre-pure-de-carbonate-de-calcium-340-g-maroc-prix","status":"publish","type":"product","link":"https:\/\/vitablanca.ma\/en\/product\/now-foods-poudre-pure-de-carbonate-de-calcium-340-g-maroc-prix\/","title":{"rendered":"NOW Foods, Poudre pure de carbonate de calcium, 340 g"},"content":{"rendered":"<div class=\"row item-row\">\n<div class=\"col-xs-24\">\n<div>\n<p>Le carbonate de calcium NOW\u00ae est un compl\u00e9ment de calcium contenant l\u2019une des concentrations les plus \u00e9lev\u00e9es de calcium \u00e9l\u00e9mentaire disponibles. Sa teneur \u00e9lev\u00e9e en calcium en fait une excellente forme pour le maintien de la sant\u00e9 des os et des dents.<\/p>\n<\/div>\n<\/div>\n<\/div>\n<div class=\"row item-row\">\n<div class=\"col-xs-24\">\n<h3><strong>Suggested Use<\/strong><\/h3>\n<div class=\"prodOverviewDetail\">\n<p>Prenez 1\/2\u00a0cuill\u00e8re \u00e0 caf\u00e9 rase par jour, de pr\u00e9f\u00e9rence avec un repas. Pour de meilleurs r\u00e9sultats, m\u00e9langez dans \u00ab\u00a0pulpeux\u00a0\u00bb de type jus de tomate ou d\u2019orange.<\/p>\n<\/div>\n<\/div>\n<\/div>\n<div class=\"row item-row\">\n<div class=\"col-xs-24\">\n<h3><strong>Other ingredients<\/strong><\/h3>\n<div class=\"prodOverviewIngred\">\n<p>Aucun.<\/p>\n<p>Non fabriqu\u00e9 avec de la levure, bl\u00e9, gluten, soja, lait, oeuf, poisson, coquillage, Ingr\u00e9dients \u00e0 base de noix ou de s\u00e9same. Produit dans une installation BPF qui traite d\u2019autres ingr\u00e9dients contenant ces allerg\u00e8nes.<\/p>\n<\/div>\n<\/div>\n<\/div>\n<div class=\"row item-row\">\n<div class=\"col-xs-24\">\n<h3><strong>Warnings<\/strong><\/h3>\n<div class=\"prodOverviewDetail\">\n<p>R\u00e9serv\u00e9 aux adultes. Consultez un m\u00e9decin si vous \u00eates enceinte\/allaitez, si vous prenez des m\u00e9dicaments ou si vous avez un probl\u00e8me de sant\u00e9. Tenir hors de port\u00e9e des enfants.<\/p>\n<p>Une variation naturelle de couleur peut se produire.<\/p>\n<p>Ce produit est vendu au poids et non au volume.<\/p>\n<p>Conserver dans un endroit frais et sec apr\u00e8s ouverture.<\/p>\n<table border=\"1\" width=\"100%\" cellspacing=\"0\" cellpadding=\"3\">\n<tbody>\n<tr valign=\"top\">\n<td class=\"fr-cell-fixed fr-selected-cell\" colspan=\"3\"><strong>Properties<\/strong><\/td>\n<\/tr>\n<tr valign=\"top\">\n<td class=\"fr-selected-cell\" colspan=\"3\"><strong>Serving:\u00a0<\/strong>1\/2\u00a0cuill\u00e8re \u00e0 caf\u00e9 rase (1,7\u00a0g)<\/td>\n<\/tr>\n<tr valign=\"top\">\n<td class=\"fr-selected-cell\" colspan=\"3\"><strong>Servings per container:\u00a0<\/strong>environ 200<\/td>\n<\/tr>\n<tr valign=\"top\" data-id=\"froala_353\">\n<td class=\"fr-selected-cell\" width=\"70%\"><\/td>\n<td class=\"fr-selected-cell\" width=\"15%\"><strong>Amount per serving<\/strong><\/td>\n<td class=\"fr-selected-cell\" width=\"15%\"><strong>%\u00a0d\u2019apport journalier<\/strong><\/td>\n<\/tr>\n<tr valign=\"top\" data-id=\"froala_354\">\n<td class=\"fr-selected-cell\">Calcium (\u00e9l\u00e9mentaire)<br \/>\n(\u00e0 partir de 1700\u00a0mg de carbonate de calcium)<\/td>\n<td class=\"fr-selected-cell\">600\u00a0mg<\/td>\n<td class=\"fr-cell-handler fr-selected-cell\">46\u00a0%<\/td>\n<\/tr>\n<\/tbody>\n<\/table>\n<\/div>\n<\/div>\n<\/div>","protected":false},"excerpt":{"rendered":"<ul>\n<li>Pure powder<\/li>\n<li>Soutient la sant\u00e9 osseuse<\/li>\n<li>Pourcentage \u00e9lev\u00e9 de calcium<\/li>\n<li>Food supplement<\/li>\n<li>Vegetarian\/Vegan<\/li>\n<li>Non-GMO Project Verified<\/li>\n<li>Kosher<\/li>\n<li>Minerals<\/li>\n<li>Family business since 1968<\/li>\n<li>GMP quality guaranteed<\/li>\n<\/ul>","protected":false},"featured_media":34233,"template":"","meta":{"om_disable_all_campaigns":false},"product_brand":[83],"product_cat":[18,11099,3366,7961],"product_tag":[11950,299,11949,181,3492,239,88,8923,11951,929],"class_list":{"0":"post-34230","1":"product","2":"type-product","3":"status-publish","4":"has-post-thumbnail","6":"product_brand-now-foods-maroc-prix","7":"product_cat-beaute-sante","8":"product_cat-calcium","9":"product_cat-complements-alimentaires-au-maroc-vitablanca","10":"product_cat-mineraux-2","11":"product_tag-340-g","12":"product_tag-calcium","13":"product_tag-carbonate-de-calcium","14":"product_tag-complement-alimentaire","15":"product_tag-maroc","16":"product_tag-mineraux","17":"product_tag-now-foods","18":"product_tag-poudre-pure","19":"product_tag-sante-des-dents","20":"product_tag-sante-des-os","22":"first","23":"instock","24":"sale","25":"taxable","26":"shipping-taxable","27":"purchasable","28":"product-type-simple"},"yoast_head":"<!-- This site is optimized with the Yoast SEO plugin v27.5 - https:\/\/yoast.com\/product\/yoast-seo-wordpress\/ -->\n<title>NOW Foods Carbonate de Calcium Poudre Pure 340 \u2013 Maroc Prix<\/title>\n<meta name=\"description\" content=\"NOW Foods poudre pure de carbonate de calcium 340 g source essentielle de calcium pour soutenir la sant\u00e9 des os des dents et l\u2019\u00e9quilibre min\u00e9ral. Disponible\" \/>\n<meta name=\"robots\" content=\"index, follow, max-snippet:-1, max-image-preview:large, max-video-preview:-1\" \/>\n<link rel=\"canonical\" href=\"https:\/\/vitablanca.ma\/en\/product\/now-foods-poudre-pure-de-carbonate-de-calcium-340-g-maroc-prix\/\" \/>\n<meta property=\"og:locale\" content=\"en_US\" \/>\n<meta property=\"og:type\" content=\"article\" \/>\n<meta property=\"og:title\" content=\"NOW Foods Carbonate de Calcium Poudre Pure 340 \u2013 Maroc Prix\" \/>\n<meta property=\"og:description\" content=\"NOW Foods poudre pure de carbonate de calcium 340 g source essentielle de calcium pour soutenir la sant\u00e9 des os des dents et l\u2019\u00e9quilibre min\u00e9ral. Disponible\" \/>\n<meta property=\"og:url\" content=\"https:\/\/vitablanca.ma\/en\/product\/now-foods-poudre-pure-de-carbonate-de-calcium-340-g-maroc-prix\/\" \/>\n<meta property=\"og:site_name\" content=\"Vitablanca.ma &ndash; Sant&eacute;, vitalit&eacute; et bien-&ecirc;tre pour tous les Marocains\" \/>\n<meta property=\"article:publisher\" content=\"https:\/\/www.facebook.com\/profile.php?id=61576678196717\" \/>\n<meta property=\"article:modified_time\" content=\"2026-03-28T17:51:53+00:00\" \/>\n<meta property=\"og:image\" content=\"https:\/\/vitablanca.ma\/wp-content\/uploads\/2026\/03\/NOW-Foods-Poudre-pure-de-carbonate-de-calcium-340-g1.jpg\" \/>\n\t<meta property=\"og:image:width\" content=\"1600\" \/>\n\t<meta property=\"og:image:height\" content=\"1600\" \/>\n\t<meta property=\"og:image:type\" content=\"image\/jpeg\" \/>\n<meta name=\"twitter:card\" content=\"summary_large_image\" \/>\n<meta name=\"twitter:label1\" content=\"Est. reading time\" \/>\n\t<meta name=\"twitter:data1\" content=\"2 minutes\" \/>\n<script type=\"application\/ld+json\" class=\"yoast-schema-graph\">{\"@context\":\"https:\\\/\\\/schema.org\",\"@graph\":[{\"@type\":[\"WebPage\",\"ItemPage\"],\"@id\":\"https:\\\/\\\/vitablanca.ma\\\/produit\\\/now-foods-poudre-pure-de-carbonate-de-calcium-340-g-maroc-prix\\\/\",\"url\":\"https:\\\/\\\/vitablanca.ma\\\/produit\\\/now-foods-poudre-pure-de-carbonate-de-calcium-340-g-maroc-prix\\\/\",\"name\":\"NOW Foods Carbonate de Calcium Poudre Pure 340 \u2013 Maroc Prix\",\"isPartOf\":{\"@id\":\"https:\\\/\\\/vitablanca.ma\\\/#website\"},\"primaryImageOfPage\":{\"@id\":\"https:\\\/\\\/vitablanca.ma\\\/produit\\\/now-foods-poudre-pure-de-carbonate-de-calcium-340-g-maroc-prix\\\/#primaryimage\"},\"image\":{\"@id\":\"https:\\\/\\\/vitablanca.ma\\\/produit\\\/now-foods-poudre-pure-de-carbonate-de-calcium-340-g-maroc-prix\\\/#primaryimage\"},\"thumbnailUrl\":\"https:\\\/\\\/vitablanca.ma\\\/wp-content\\\/uploads\\\/2026\\\/03\\\/NOW-Foods-Poudre-pure-de-carbonate-de-calcium-340-g1.jpg\",\"datePublished\":\"2026-03-16T01:04:57+00:00\",\"dateModified\":\"2026-03-28T17:51:53+00:00\",\"description\":\"NOW Foods poudre pure de carbonate de calcium 340 g source essentielle de calcium pour soutenir la sant\u00e9 des os des dents et l\u2019\u00e9quilibre min\u00e9ral. Disponible\",\"breadcrumb\":{\"@id\":\"https:\\\/\\\/vitablanca.ma\\\/produit\\\/now-foods-poudre-pure-de-carbonate-de-calcium-340-g-maroc-prix\\\/#breadcrumb\"},\"inLanguage\":\"en-US\",\"potentialAction\":[{\"@type\":\"ReadAction\",\"target\":[\"https:\\\/\\\/vitablanca.ma\\\/produit\\\/now-foods-poudre-pure-de-carbonate-de-calcium-340-g-maroc-prix\\\/\"]}]},{\"@type\":\"ImageObject\",\"inLanguage\":\"en-US\",\"@id\":\"https:\\\/\\\/vitablanca.ma\\\/produit\\\/now-foods-poudre-pure-de-carbonate-de-calcium-340-g-maroc-prix\\\/#primaryimage\",\"url\":\"https:\\\/\\\/vitablanca.ma\\\/wp-content\\\/uploads\\\/2026\\\/03\\\/NOW-Foods-Poudre-pure-de-carbonate-de-calcium-340-g1.jpg\",\"contentUrl\":\"https:\\\/\\\/vitablanca.ma\\\/wp-content\\\/uploads\\\/2026\\\/03\\\/NOW-Foods-Poudre-pure-de-carbonate-de-calcium-340-g1.jpg\",\"width\":1600,\"height\":1600},{\"@type\":\"BreadcrumbList\",\"@id\":\"https:\\\/\\\/vitablanca.ma\\\/produit\\\/now-foods-poudre-pure-de-carbonate-de-calcium-340-g-maroc-prix\\\/#breadcrumb\",\"itemListElement\":[{\"@type\":\"ListItem\",\"position\":1,\"name\":\"Home\",\"item\":\"https:\\\/\\\/vitablanca.ma\\\/\"},{\"@type\":\"ListItem\",\"position\":2,\"name\":\"Tous Les Produits\",\"item\":\"https:\\\/\\\/vitablanca.ma\\\/tous-les-produits\\\/\"},{\"@type\":\"ListItem\",\"position\":3,\"name\":\"NOW Foods, Poudre pure de carbonate de calcium, 340 g\"}]},{\"@type\":\"WebSite\",\"@id\":\"https:\\\/\\\/vitablanca.ma\\\/#website\",\"url\":\"https:\\\/\\\/vitablanca.ma\\\/\",\"name\":\"VitaBlanca.ma | Compl\u00e9ments alimentaires, sant\u00e9 & beaut\u00e9 au Maroc\",\"description\":\"vendre vitamines et compl\u00e9ments premium des USA &amp; Canada, Nouvelle Z\u00e9lande,Maroc (NOW Foods, Solgar, Manuka). Livraison rapide partout au Maroc.\",\"publisher\":{\"@id\":\"https:\\\/\\\/vitablanca.ma\\\/#organization\"},\"alternateName\":\"VitaBlanca.ma\",\"potentialAction\":[{\"@type\":\"SearchAction\",\"target\":{\"@type\":\"EntryPoint\",\"urlTemplate\":\"https:\\\/\\\/vitablanca.ma\\\/?s={search_term_string}\"},\"query-input\":{\"@type\":\"PropertyValueSpecification\",\"valueRequired\":true,\"valueName\":\"search_term_string\"}}],\"inLanguage\":\"en-US\"},{\"@type\":\"Organization\",\"@id\":\"https:\\\/\\\/vitablanca.ma\\\/#organization\",\"name\":\"VitaBlanca\",\"url\":\"https:\\\/\\\/vitablanca.ma\\\/\",\"logo\":{\"@type\":\"ImageObject\",\"inLanguage\":\"en-US\",\"@id\":\"https:\\\/\\\/vitablanca.ma\\\/#\\\/schema\\\/logo\\\/image\\\/\",\"url\":\"https:\\\/\\\/vitablanca.ma\\\/wp-content\\\/uploads\\\/2025\\\/05\\\/cropped-vitablanca.png\",\"contentUrl\":\"https:\\\/\\\/vitablanca.ma\\\/wp-content\\\/uploads\\\/2025\\\/05\\\/cropped-vitablanca.png\",\"width\":360,\"height\":67,\"caption\":\"VitaBlanca\"},\"image\":{\"@id\":\"https:\\\/\\\/vitablanca.ma\\\/#\\\/schema\\\/logo\\\/image\\\/\"},\"sameAs\":[\"https:\\\/\\\/www.facebook.com\\\/profile.php?id=61576678196717\",\"https:\\\/\\\/www.tiktok.com\\\/@vitablanca.ma\",\"https:\\\/\\\/www.instagram.com\\\/vitablanca.ma\\\/\"]}]}<\/script>\n<!-- \/ Yoast SEO plugin. -->","yoast_head_json":{"title":"NOW Foods Carbonate de Calcium Poudre Pure 340 \u2013 Maroc Prix","description":"NOW Foods poudre pure de carbonate de calcium 340 g source essentielle de calcium pour soutenir la sant\u00e9 des os des dents et l\u2019\u00e9quilibre min\u00e9ral. Disponible","robots":{"index":"index","follow":"follow","max-snippet":"max-snippet:-1","max-image-preview":"max-image-preview:large","max-video-preview":"max-video-preview:-1"},"canonical":"https:\/\/vitablanca.ma\/en\/product\/now-foods-poudre-pure-de-carbonate-de-calcium-340-g-maroc-prix\/","og_locale":"en_US","og_type":"article","og_title":"NOW Foods Carbonate de Calcium Poudre Pure 340 \u2013 Maroc Prix","og_description":"NOW Foods poudre pure de carbonate de calcium 340 g source essentielle de calcium pour soutenir la sant\u00e9 des os des dents et l\u2019\u00e9quilibre min\u00e9ral. Disponible","og_url":"https:\/\/vitablanca.ma\/en\/product\/now-foods-poudre-pure-de-carbonate-de-calcium-340-g-maroc-prix\/","og_site_name":"Vitablanca.ma &ndash; Sant&eacute;, vitalit&eacute; et bien-&ecirc;tre pour tous les Marocains","article_publisher":"https:\/\/www.facebook.com\/profile.php?id=61576678196717","article_modified_time":"2026-03-28T17:51:53+00:00","og_image":[{"width":1600,"height":1600,"url":"https:\/\/vitablanca.ma\/wp-content\/uploads\/2026\/03\/NOW-Foods-Poudre-pure-de-carbonate-de-calcium-340-g1.jpg","type":"image\/jpeg"}],"twitter_card":"summary_large_image","twitter_misc":{"Est. reading time":"2 minutes"},"schema":{"@context":"https:\/\/schema.org","@graph":[{"@type":["WebPage","ItemPage"],"@id":"https:\/\/vitablanca.ma\/produit\/now-foods-poudre-pure-de-carbonate-de-calcium-340-g-maroc-prix\/","url":"https:\/\/vitablanca.ma\/produit\/now-foods-poudre-pure-de-carbonate-de-calcium-340-g-maroc-prix\/","name":"NOW Foods Carbonate de Calcium Poudre Pure 340 \u2013 Maroc Prix","isPartOf":{"@id":"https:\/\/vitablanca.ma\/#website"},"primaryImageOfPage":{"@id":"https:\/\/vitablanca.ma\/produit\/now-foods-poudre-pure-de-carbonate-de-calcium-340-g-maroc-prix\/#primaryimage"},"image":{"@id":"https:\/\/vitablanca.ma\/produit\/now-foods-poudre-pure-de-carbonate-de-calcium-340-g-maroc-prix\/#primaryimage"},"thumbnailUrl":"https:\/\/vitablanca.ma\/wp-content\/uploads\/2026\/03\/NOW-Foods-Poudre-pure-de-carbonate-de-calcium-340-g1.jpg","datePublished":"2026-03-16T01:04:57+00:00","dateModified":"2026-03-28T17:51:53+00:00","description":"NOW Foods poudre pure de carbonate de calcium 340 g source essentielle de calcium pour soutenir la sant\u00e9 des os des dents et l\u2019\u00e9quilibre min\u00e9ral. Disponible","breadcrumb":{"@id":"https:\/\/vitablanca.ma\/produit\/now-foods-poudre-pure-de-carbonate-de-calcium-340-g-maroc-prix\/#breadcrumb"},"inLanguage":"en-US","potentialAction":[{"@type":"ReadAction","target":["https:\/\/vitablanca.ma\/produit\/now-foods-poudre-pure-de-carbonate-de-calcium-340-g-maroc-prix\/"]}]},{"@type":"ImageObject","inLanguage":"en-US","@id":"https:\/\/vitablanca.ma\/produit\/now-foods-poudre-pure-de-carbonate-de-calcium-340-g-maroc-prix\/#primaryimage","url":"https:\/\/vitablanca.ma\/wp-content\/uploads\/2026\/03\/NOW-Foods-Poudre-pure-de-carbonate-de-calcium-340-g1.jpg","contentUrl":"https:\/\/vitablanca.ma\/wp-content\/uploads\/2026\/03\/NOW-Foods-Poudre-pure-de-carbonate-de-calcium-340-g1.jpg","width":1600,"height":1600},{"@type":"BreadcrumbList","@id":"https:\/\/vitablanca.ma\/produit\/now-foods-poudre-pure-de-carbonate-de-calcium-340-g-maroc-prix\/#breadcrumb","itemListElement":[{"@type":"ListItem","position":1,"name":"Home","item":"https:\/\/vitablanca.ma\/"},{"@type":"ListItem","position":2,"name":"Tous Les Produits","item":"https:\/\/vitablanca.ma\/tous-les-produits\/"},{"@type":"ListItem","position":3,"name":"NOW Foods, Poudre pure de carbonate de calcium, 340 g"}]},{"@type":"WebSite","@id":"https:\/\/vitablanca.ma\/#website","url":"https:\/\/vitablanca.ma\/","name":"VitaBlanca.ma | Food supplements, health &amp; beauty in Morocco","description":"sell premium vitamins and supplements from USA &amp; Canada, New Zealand, Morocco (NOW Foods, Solgar, Manuka). Fast delivery anywhere in Morocco.","publisher":{"@id":"https:\/\/vitablanca.ma\/#organization"},"alternateName":"VitaBlanca.ma","potentialAction":[{"@type":"SearchAction","target":{"@type":"EntryPoint","urlTemplate":"https:\/\/vitablanca.ma\/?s={search_term_string}"},"query-input":{"@type":"PropertyValueSpecification","valueRequired":true,"valueName":"search_term_string"}}],"inLanguage":"en-US"},{"@type":"Organization","@id":"https:\/\/vitablanca.ma\/#organization","name":"VitaBlanca","url":"https:\/\/vitablanca.ma\/","logo":{"@type":"ImageObject","inLanguage":"en-US","@id":"https:\/\/vitablanca.ma\/#\/schema\/logo\/image\/","url":"https:\/\/vitablanca.ma\/wp-content\/uploads\/2025\/05\/cropped-vitablanca.png","contentUrl":"https:\/\/vitablanca.ma\/wp-content\/uploads\/2025\/05\/cropped-vitablanca.png","width":360,"height":67,"caption":"VitaBlanca"},"image":{"@id":"https:\/\/vitablanca.ma\/#\/schema\/logo\/image\/"},"sameAs":["https:\/\/www.facebook.com\/profile.php?id=61576678196717","https:\/\/www.tiktok.com\/@vitablanca.ma","https:\/\/www.instagram.com\/vitablanca.ma\/"]}]}},"jetpack_sharing_enabled":true,"_links":{"self":[{"href":"https:\/\/vitablanca.ma\/en\/wp-json\/wp\/v2\/product\/34230","targetHints":{"allow":["GET"]}}],"collection":[{"href":"https:\/\/vitablanca.ma\/en\/wp-json\/wp\/v2\/product"}],"about":[{"href":"https:\/\/vitablanca.ma\/en\/wp-json\/wp\/v2\/types\/product"}],"wp:featuredmedia":[{"embeddable":true,"href":"https:\/\/vitablanca.ma\/en\/wp-json\/wp\/v2\/media\/34233"}],"wp:attachment":[{"href":"https:\/\/vitablanca.ma\/en\/wp-json\/wp\/v2\/media?parent=34230"}],"wp:term":[{"taxonomy":"product_brand","embeddable":true,"href":"https:\/\/vitablanca.ma\/en\/wp-json\/wp\/v2\/product_brand?post=34230"},{"taxonomy":"product_cat","embeddable":true,"href":"https:\/\/vitablanca.ma\/en\/wp-json\/wp\/v2\/product_cat?post=34230"},{"taxonomy":"product_tag","embeddable":true,"href":"https:\/\/vitablanca.ma\/en\/wp-json\/wp\/v2\/product_tag?post=34230"}],"curies":[{"name":"wp","href":"https:\/\/api.w.org\/{rel}","templated":true}]}}