{"id":34224,"date":"2026-03-16T00:35:03","date_gmt":"2026-03-16T00:35:03","guid":{"rendered":"https:\/\/vitablanca.ma\/?post_type=product&#038;p=34224"},"modified":"2026-03-28T17:51:53","modified_gmt":"2026-03-28T17:51:53","slug":"now-foods-nicotinamide-500-mg-100-capsules-vegetariennes-maroc-prix","status":"publish","type":"product","link":"https:\/\/vitablanca.ma\/en\/product\/now-foods-nicotinamide-500-mg-100-capsules-vegetariennes-maroc-prix\/","title":{"rendered":"NOW Foods, Nicotinamide, 500 mg, 100 capsules v\u00e9g\u00e9tariennes"},"content":{"rendered":"<div>\n<h3><strong>Suggested Use<\/strong><\/h3>\n<div>\n<p>Prenez 1 capsule par jour au cour d\u2019un repas.<\/p>\n<\/div>\n<\/div>\n<div>\n<h3><strong>Warnings<\/strong><\/h3>\n<div>\n<p>Apr\u00e8s ouverture, conserver dans un endroit frais et sec.<\/p>\n<p><strong>Mise en garde :\u00a0<\/strong>pour adultes uniquement. Veuillez consulter un m\u00e9decin en cas de grossesse\/allaitement, de traitement m\u00e9dicamenteux ou de trouble m\u00e9dical (probl\u00e8mes de foie, ulc\u00e8re \u00e0 l\u2019estomac, diab\u00e8te, goutte, etc.). \u00c0 conserver hors de la port\u00e9e des enfants.<\/p>\n<p>Une variation naturelle de la couleur peut \u00eatre constat\u00e9e sur ce produit.<\/p>\n<div class=\"supplement-facts-container\">\n<table border=\"1\" width=\"100%\" cellspacing=\"0\" cellpadding=\"3\">\n<tbody>\n<tr valign=\"top\">\n<td colspan=\"3\"><strong>Properties<\/strong><\/td>\n<\/tr>\n<tr valign=\"top\">\n<td colspan=\"3\"><strong>Serving:<\/strong>\u00a01\u00a0capsule v\u00e9g\u00e9tarienne<\/td>\n<\/tr>\n<tr valign=\"top\">\n<td width=\"70%\"><\/td>\n<td width=\"15%\"><strong>Quantit\u00e9 par portion\u00a0:<\/strong><\/td>\n<td width=\"15%\"><strong>%\u00a0d\u2019apport journalier<\/strong><\/td>\n<\/tr>\n<tr valign=\"top\">\n<td>Niacine (sous forme de nicotinamide) (vitamine\u00a0B3)<\/td>\n<td>500\u00a0mg<\/td>\n<td>3125\u00a0%<\/td>\n<\/tr>\n<\/tbody>\n<\/table>\n<\/div>\n<div>\n<h3><strong>Other ingredients<\/strong><\/h3>\n<div>\n<p>Hypromellose (capsule de cellulose), et acide st\u00e9arique (d\u2019origine v\u00e9g\u00e9tale).<\/p>\n<p>\u00c9labor\u00e9 sans bl\u00e9, gluten, soja, lait, \u0153ufs, poisson, fruits de mer, ou fruits \u00e0 coque. Fabriqu\u00e9 dans un \u00e9tablissement certifi\u00e9 (BPF) qui traite d\u2019autres ingr\u00e9dients contenant ces allerg\u00e8nes.<\/p>\n<\/div>\n<\/div>\n<\/div>\n<\/div>","protected":false},"excerpt":{"rendered":"<ul>\n<li>Energy production<\/li>\n<li>Vitamine B-3, sans rougeurs<\/li>\n<li>GMO-free<\/li>\n<li>Food supplement<\/li>\n<li>Vegetarian\/Vegan<\/li>\n<li>Kosher<\/li>\n<li>Vitamins<\/li>\n<li>Family business since 1968<\/li>\n<li>GMP quality assured<\/li>\n<\/ul>","protected":false},"featured_media":34225,"template":"","meta":{"om_disable_all_campaigns":false},"product_brand":[83],"product_cat":[18,8967,3366,7965,8906,7963],"product_tag":[548,7752,3318,181,965,3492,11948,88,5072,1719,1733],"class_list":{"0":"post-34224","1":"product","2":"type-product","3":"status-publish","4":"has-post-thumbnail","6":"product_brand-now-foods-maroc-prix","7":"product_cat-beaute-sante","8":"product_cat-complements","9":"product_cat-complements-alimentaires-au-maroc-vitablanca","10":"product_cat-vitamine-b-2","11":"product_cat-vitamine-b3-niacine","12":"product_cat-vitamines-2","13":"product_tag-500-mg","14":"product_tag-90-comprimes","15":"product_tag-capsules-vegetariennes","16":"product_tag-complement-alimentaire","17":"product_tag-energie-cellulaire","18":"product_tag-maroc","19":"product_tag-nicotinamide","20":"product_tag-now-foods","21":"product_tag-sante-de-la-peau","22":"product_tag-vitamine-b3","23":"product_tag-vitamines-b","25":"first","26":"instock","27":"sale","28":"taxable","29":"shipping-taxable","30":"purchasable","31":"product-type-simple"},"yoast_head":"<!-- This site is optimized with the Yoast SEO plugin v27.5 - https:\/\/yoast.com\/product\/yoast-seo-wordpress\/ -->\n<title>NOW Foods Nicotinamide 500 mg 100 Capsules V\u00e9g \u2013 Maroc Prix<\/title>\n<meta name=\"description\" content=\"NOW Foods Nicotinamide 500 mg, 100 capsules v\u00e9g\u00e9tariennes. Forme de vitamine B3 qui soutient l\u2019\u00e9nergie cellulaire, le m\u00e9tabolisme et la sant\u00e9 de la peau.\" \/>\n<meta name=\"robots\" content=\"index, follow, max-snippet:-1, max-image-preview:large, max-video-preview:-1\" \/>\n<link rel=\"canonical\" href=\"https:\/\/vitablanca.ma\/en\/product\/now-foods-nicotinamide-500-mg-100-capsules-vegetariennes-maroc-prix\/\" \/>\n<meta property=\"og:locale\" content=\"en_US\" \/>\n<meta property=\"og:type\" content=\"article\" \/>\n<meta property=\"og:title\" content=\"NOW Foods Nicotinamide 500 mg 100 Capsules V\u00e9g \u2013 Maroc Prix\" \/>\n<meta property=\"og:description\" content=\"NOW Foods Nicotinamide 500 mg, 100 capsules v\u00e9g\u00e9tariennes. Forme de vitamine B3 qui soutient l\u2019\u00e9nergie cellulaire, le m\u00e9tabolisme et la sant\u00e9 de la peau.\" \/>\n<meta property=\"og:url\" content=\"https:\/\/vitablanca.ma\/en\/product\/now-foods-nicotinamide-500-mg-100-capsules-vegetariennes-maroc-prix\/\" \/>\n<meta property=\"og:site_name\" content=\"Vitablanca.ma &ndash; Sant&eacute;, vitalit&eacute; et bien-&ecirc;tre pour tous les Marocains\" \/>\n<meta property=\"article:publisher\" content=\"https:\/\/www.facebook.com\/profile.php?id=61576678196717\" \/>\n<meta property=\"article:modified_time\" content=\"2026-03-28T17:51:53+00:00\" \/>\n<meta property=\"og:image\" content=\"https:\/\/vitablanca.ma\/wp-content\/uploads\/2026\/03\/NOW-Foods-Nicotinamide-500-mg-100-capsules-vegetariennes1.jpg\" \/>\n\t<meta property=\"og:image:width\" content=\"1600\" \/>\n\t<meta property=\"og:image:height\" content=\"1600\" \/>\n\t<meta property=\"og:image:type\" content=\"image\/jpeg\" \/>\n<meta name=\"twitter:card\" content=\"summary_large_image\" \/>\n<meta name=\"twitter:label1\" content=\"Est. reading time\" \/>\n\t<meta name=\"twitter:data1\" content=\"1 minute\" \/>\n<script type=\"application\/ld+json\" class=\"yoast-schema-graph\">{\"@context\":\"https:\\\/\\\/schema.org\",\"@graph\":[{\"@type\":[\"WebPage\",\"ItemPage\"],\"@id\":\"https:\\\/\\\/vitablanca.ma\\\/produit\\\/now-foods-nicotinamide-500-mg-100-capsules-vegetariennes-maroc-prix\\\/\",\"url\":\"https:\\\/\\\/vitablanca.ma\\\/produit\\\/now-foods-nicotinamide-500-mg-100-capsules-vegetariennes-maroc-prix\\\/\",\"name\":\"NOW Foods Nicotinamide 500 mg 100 Capsules V\u00e9g \u2013 Maroc Prix\",\"isPartOf\":{\"@id\":\"https:\\\/\\\/vitablanca.ma\\\/#website\"},\"primaryImageOfPage\":{\"@id\":\"https:\\\/\\\/vitablanca.ma\\\/produit\\\/now-foods-nicotinamide-500-mg-100-capsules-vegetariennes-maroc-prix\\\/#primaryimage\"},\"image\":{\"@id\":\"https:\\\/\\\/vitablanca.ma\\\/produit\\\/now-foods-nicotinamide-500-mg-100-capsules-vegetariennes-maroc-prix\\\/#primaryimage\"},\"thumbnailUrl\":\"https:\\\/\\\/vitablanca.ma\\\/wp-content\\\/uploads\\\/2026\\\/03\\\/NOW-Foods-Nicotinamide-500-mg-100-capsules-vegetariennes1.jpg\",\"datePublished\":\"2026-03-16T00:35:03+00:00\",\"dateModified\":\"2026-03-28T17:51:53+00:00\",\"description\":\"NOW Foods Nicotinamide 500 mg, 100 capsules v\u00e9g\u00e9tariennes. Forme de vitamine B3 qui soutient l\u2019\u00e9nergie cellulaire, le m\u00e9tabolisme et la sant\u00e9 de la peau.\",\"breadcrumb\":{\"@id\":\"https:\\\/\\\/vitablanca.ma\\\/produit\\\/now-foods-nicotinamide-500-mg-100-capsules-vegetariennes-maroc-prix\\\/#breadcrumb\"},\"inLanguage\":\"en-US\",\"potentialAction\":[{\"@type\":\"ReadAction\",\"target\":[\"https:\\\/\\\/vitablanca.ma\\\/produit\\\/now-foods-nicotinamide-500-mg-100-capsules-vegetariennes-maroc-prix\\\/\"]}]},{\"@type\":\"ImageObject\",\"inLanguage\":\"en-US\",\"@id\":\"https:\\\/\\\/vitablanca.ma\\\/produit\\\/now-foods-nicotinamide-500-mg-100-capsules-vegetariennes-maroc-prix\\\/#primaryimage\",\"url\":\"https:\\\/\\\/vitablanca.ma\\\/wp-content\\\/uploads\\\/2026\\\/03\\\/NOW-Foods-Nicotinamide-500-mg-100-capsules-vegetariennes1.jpg\",\"contentUrl\":\"https:\\\/\\\/vitablanca.ma\\\/wp-content\\\/uploads\\\/2026\\\/03\\\/NOW-Foods-Nicotinamide-500-mg-100-capsules-vegetariennes1.jpg\",\"width\":1600,\"height\":1600},{\"@type\":\"BreadcrumbList\",\"@id\":\"https:\\\/\\\/vitablanca.ma\\\/produit\\\/now-foods-nicotinamide-500-mg-100-capsules-vegetariennes-maroc-prix\\\/#breadcrumb\",\"itemListElement\":[{\"@type\":\"ListItem\",\"position\":1,\"name\":\"Home\",\"item\":\"https:\\\/\\\/vitablanca.ma\\\/\"},{\"@type\":\"ListItem\",\"position\":2,\"name\":\"Tous Les Produits\",\"item\":\"https:\\\/\\\/vitablanca.ma\\\/tous-les-produits\\\/\"},{\"@type\":\"ListItem\",\"position\":3,\"name\":\"NOW Foods, Nicotinamide, 500 mg, 100 capsules v\u00e9g\u00e9tariennes\"}]},{\"@type\":\"WebSite\",\"@id\":\"https:\\\/\\\/vitablanca.ma\\\/#website\",\"url\":\"https:\\\/\\\/vitablanca.ma\\\/\",\"name\":\"VitaBlanca.ma | Compl\u00e9ments alimentaires, sant\u00e9 & beaut\u00e9 au Maroc\",\"description\":\"vendre vitamines et compl\u00e9ments premium des USA &amp; Canada, Nouvelle Z\u00e9lande,Maroc (NOW Foods, Solgar, Manuka). Livraison rapide partout au Maroc.\",\"publisher\":{\"@id\":\"https:\\\/\\\/vitablanca.ma\\\/#organization\"},\"alternateName\":\"VitaBlanca.ma\",\"potentialAction\":[{\"@type\":\"SearchAction\",\"target\":{\"@type\":\"EntryPoint\",\"urlTemplate\":\"https:\\\/\\\/vitablanca.ma\\\/?s={search_term_string}\"},\"query-input\":{\"@type\":\"PropertyValueSpecification\",\"valueRequired\":true,\"valueName\":\"search_term_string\"}}],\"inLanguage\":\"en-US\"},{\"@type\":\"Organization\",\"@id\":\"https:\\\/\\\/vitablanca.ma\\\/#organization\",\"name\":\"VitaBlanca\",\"url\":\"https:\\\/\\\/vitablanca.ma\\\/\",\"logo\":{\"@type\":\"ImageObject\",\"inLanguage\":\"en-US\",\"@id\":\"https:\\\/\\\/vitablanca.ma\\\/#\\\/schema\\\/logo\\\/image\\\/\",\"url\":\"https:\\\/\\\/vitablanca.ma\\\/wp-content\\\/uploads\\\/2025\\\/05\\\/cropped-vitablanca.png\",\"contentUrl\":\"https:\\\/\\\/vitablanca.ma\\\/wp-content\\\/uploads\\\/2025\\\/05\\\/cropped-vitablanca.png\",\"width\":360,\"height\":67,\"caption\":\"VitaBlanca\"},\"image\":{\"@id\":\"https:\\\/\\\/vitablanca.ma\\\/#\\\/schema\\\/logo\\\/image\\\/\"},\"sameAs\":[\"https:\\\/\\\/www.facebook.com\\\/profile.php?id=61576678196717\",\"https:\\\/\\\/www.tiktok.com\\\/@vitablanca.ma\",\"https:\\\/\\\/www.instagram.com\\\/vitablanca.ma\\\/\"]}]}<\/script>\n<!-- \/ Yoast SEO plugin. -->","yoast_head_json":{"title":"NOW Foods Nicotinamide 500 mg 100 Capsules V\u00e9g \u2013 Maroc Prix","description":"NOW Foods Nicotinamide 500 mg, 100 capsules v\u00e9g\u00e9tariennes. Forme de vitamine B3 qui soutient l\u2019\u00e9nergie cellulaire, le m\u00e9tabolisme et la sant\u00e9 de la peau.","robots":{"index":"index","follow":"follow","max-snippet":"max-snippet:-1","max-image-preview":"max-image-preview:large","max-video-preview":"max-video-preview:-1"},"canonical":"https:\/\/vitablanca.ma\/en\/product\/now-foods-nicotinamide-500-mg-100-capsules-vegetariennes-maroc-prix\/","og_locale":"en_US","og_type":"article","og_title":"NOW Foods Nicotinamide 500 mg 100 Capsules V\u00e9g \u2013 Maroc Prix","og_description":"NOW Foods Nicotinamide 500 mg, 100 capsules v\u00e9g\u00e9tariennes. Forme de vitamine B3 qui soutient l\u2019\u00e9nergie cellulaire, le m\u00e9tabolisme et la sant\u00e9 de la peau.","og_url":"https:\/\/vitablanca.ma\/en\/product\/now-foods-nicotinamide-500-mg-100-capsules-vegetariennes-maroc-prix\/","og_site_name":"Vitablanca.ma &ndash; Sant&eacute;, vitalit&eacute; et bien-&ecirc;tre pour tous les Marocains","article_publisher":"https:\/\/www.facebook.com\/profile.php?id=61576678196717","article_modified_time":"2026-03-28T17:51:53+00:00","og_image":[{"width":1600,"height":1600,"url":"https:\/\/vitablanca.ma\/wp-content\/uploads\/2026\/03\/NOW-Foods-Nicotinamide-500-mg-100-capsules-vegetariennes1.jpg","type":"image\/jpeg"}],"twitter_card":"summary_large_image","twitter_misc":{"Est. reading time":"1 minute"},"schema":{"@context":"https:\/\/schema.org","@graph":[{"@type":["WebPage","ItemPage"],"@id":"https:\/\/vitablanca.ma\/produit\/now-foods-nicotinamide-500-mg-100-capsules-vegetariennes-maroc-prix\/","url":"https:\/\/vitablanca.ma\/produit\/now-foods-nicotinamide-500-mg-100-capsules-vegetariennes-maroc-prix\/","name":"NOW Foods Nicotinamide 500 mg 100 Capsules V\u00e9g \u2013 Maroc Prix","isPartOf":{"@id":"https:\/\/vitablanca.ma\/#website"},"primaryImageOfPage":{"@id":"https:\/\/vitablanca.ma\/produit\/now-foods-nicotinamide-500-mg-100-capsules-vegetariennes-maroc-prix\/#primaryimage"},"image":{"@id":"https:\/\/vitablanca.ma\/produit\/now-foods-nicotinamide-500-mg-100-capsules-vegetariennes-maroc-prix\/#primaryimage"},"thumbnailUrl":"https:\/\/vitablanca.ma\/wp-content\/uploads\/2026\/03\/NOW-Foods-Nicotinamide-500-mg-100-capsules-vegetariennes1.jpg","datePublished":"2026-03-16T00:35:03+00:00","dateModified":"2026-03-28T17:51:53+00:00","description":"NOW Foods Nicotinamide 500 mg, 100 capsules v\u00e9g\u00e9tariennes. Forme de vitamine B3 qui soutient l\u2019\u00e9nergie cellulaire, le m\u00e9tabolisme et la sant\u00e9 de la peau.","breadcrumb":{"@id":"https:\/\/vitablanca.ma\/produit\/now-foods-nicotinamide-500-mg-100-capsules-vegetariennes-maroc-prix\/#breadcrumb"},"inLanguage":"en-US","potentialAction":[{"@type":"ReadAction","target":["https:\/\/vitablanca.ma\/produit\/now-foods-nicotinamide-500-mg-100-capsules-vegetariennes-maroc-prix\/"]}]},{"@type":"ImageObject","inLanguage":"en-US","@id":"https:\/\/vitablanca.ma\/produit\/now-foods-nicotinamide-500-mg-100-capsules-vegetariennes-maroc-prix\/#primaryimage","url":"https:\/\/vitablanca.ma\/wp-content\/uploads\/2026\/03\/NOW-Foods-Nicotinamide-500-mg-100-capsules-vegetariennes1.jpg","contentUrl":"https:\/\/vitablanca.ma\/wp-content\/uploads\/2026\/03\/NOW-Foods-Nicotinamide-500-mg-100-capsules-vegetariennes1.jpg","width":1600,"height":1600},{"@type":"BreadcrumbList","@id":"https:\/\/vitablanca.ma\/produit\/now-foods-nicotinamide-500-mg-100-capsules-vegetariennes-maroc-prix\/#breadcrumb","itemListElement":[{"@type":"ListItem","position":1,"name":"Home","item":"https:\/\/vitablanca.ma\/"},{"@type":"ListItem","position":2,"name":"Tous Les Produits","item":"https:\/\/vitablanca.ma\/tous-les-produits\/"},{"@type":"ListItem","position":3,"name":"NOW Foods, Nicotinamide, 500 mg, 100 capsules v\u00e9g\u00e9tariennes"}]},{"@type":"WebSite","@id":"https:\/\/vitablanca.ma\/#website","url":"https:\/\/vitablanca.ma\/","name":"VitaBlanca.ma | Food supplements, health &amp; beauty in Morocco","description":"sell premium vitamins and supplements from USA &amp; Canada, New Zealand, Morocco (NOW Foods, Solgar, Manuka). Fast delivery anywhere in Morocco.","publisher":{"@id":"https:\/\/vitablanca.ma\/#organization"},"alternateName":"VitaBlanca.ma","potentialAction":[{"@type":"SearchAction","target":{"@type":"EntryPoint","urlTemplate":"https:\/\/vitablanca.ma\/?s={search_term_string}"},"query-input":{"@type":"PropertyValueSpecification","valueRequired":true,"valueName":"search_term_string"}}],"inLanguage":"en-US"},{"@type":"Organization","@id":"https:\/\/vitablanca.ma\/#organization","name":"VitaBlanca","url":"https:\/\/vitablanca.ma\/","logo":{"@type":"ImageObject","inLanguage":"en-US","@id":"https:\/\/vitablanca.ma\/#\/schema\/logo\/image\/","url":"https:\/\/vitablanca.ma\/wp-content\/uploads\/2025\/05\/cropped-vitablanca.png","contentUrl":"https:\/\/vitablanca.ma\/wp-content\/uploads\/2025\/05\/cropped-vitablanca.png","width":360,"height":67,"caption":"VitaBlanca"},"image":{"@id":"https:\/\/vitablanca.ma\/#\/schema\/logo\/image\/"},"sameAs":["https:\/\/www.facebook.com\/profile.php?id=61576678196717","https:\/\/www.tiktok.com\/@vitablanca.ma","https:\/\/www.instagram.com\/vitablanca.ma\/"]}]}},"jetpack_sharing_enabled":true,"_links":{"self":[{"href":"https:\/\/vitablanca.ma\/en\/wp-json\/wp\/v2\/product\/34224","targetHints":{"allow":["GET"]}}],"collection":[{"href":"https:\/\/vitablanca.ma\/en\/wp-json\/wp\/v2\/product"}],"about":[{"href":"https:\/\/vitablanca.ma\/en\/wp-json\/wp\/v2\/types\/product"}],"wp:featuredmedia":[{"embeddable":true,"href":"https:\/\/vitablanca.ma\/en\/wp-json\/wp\/v2\/media\/34225"}],"wp:attachment":[{"href":"https:\/\/vitablanca.ma\/en\/wp-json\/wp\/v2\/media?parent=34224"}],"wp:term":[{"taxonomy":"product_brand","embeddable":true,"href":"https:\/\/vitablanca.ma\/en\/wp-json\/wp\/v2\/product_brand?post=34224"},{"taxonomy":"product_cat","embeddable":true,"href":"https:\/\/vitablanca.ma\/en\/wp-json\/wp\/v2\/product_cat?post=34224"},{"taxonomy":"product_tag","embeddable":true,"href":"https:\/\/vitablanca.ma\/en\/wp-json\/wp\/v2\/product_tag?post=34224"}],"curies":[{"name":"wp","href":"https:\/\/api.w.org\/{rel}","templated":true}]}}