{"id":34190,"date":"2026-03-15T12:22:08","date_gmt":"2026-03-15T12:22:08","guid":{"rendered":"https:\/\/vitablanca.ma\/?post_type=product&#038;p=34190"},"modified":"2026-03-28T17:51:55","modified_gmt":"2026-03-28T17:51:55","slug":"life-extension-multivitamines-two-per-day-120-comprimes-maroc-prix","status":"publish","type":"product","link":"https:\/\/vitablanca.ma\/en\/product\/life-extension-multivitamines-two-per-day-120-comprimes-maroc-prix\/","title":{"rendered":"Life Extension, Multivitamines Two-Per-Day, 120 comprim\u00e9s"},"content":{"rendered":"<div class=\"row item-row\">\n<div class=\"col-xs-24\">\n<div>\n<p id=\"isPasted\"><strong>Que sont les multivitamines Two-Per-Day\u00a0?<\/strong><\/p>\n<p>Pour rester en bonne sant\u00e9, vous avez besoin chaque jour d\u2019une dose de vitamines et de min\u00e9raux d\u00e9termin\u00e9e scientifiquement. Les multivitamines Two-Per-Day de Life\u00a0Extension, les meilleures de leur cat\u00e9gorie, fournissent un spectre complet de vitamines, de min\u00e9raux et d\u2019autres nutriments essentiels qui atteignent ou d\u00e9passent les apports nutritionnels recommand\u00e9s (ANR) pour presque tous les ingr\u00e9dients pour lesquels un ANR existe.<\/p>\n<p>Notre formule de multivitamines \u00e0 haute efficacit\u00e9 Two-Per-Day fournit une bonne dose de nutriments cl\u00e9s pour vous aider \u00e0 passer la journ\u00e9e.<\/p>\n<p><strong>Bienfaits des multivitamines Two-Per-Day<\/strong><\/p>\n<ul>\n<li>Multivitamines class\u00e9es n\u00b0\u00a01 par ConsumerLabs.com<\/li>\n<li>Contribuent \u00e0 la sant\u00e9 cellulaire, \u00e0 la sant\u00e9 des vaisseaux sanguins, \u00e0 une fonction immunitaire saine et bien plus encore<\/li>\n<li>Favorisent la sant\u00e9 cardiaque et c\u00e9r\u00e9brale<\/li>\n<li>Aident \u00e0 att\u00e9nuer l\u2019activit\u00e9 des radicaux libres<\/li>\n<\/ul>\n<\/div>\n<\/div>\n<\/div>\n<div class=\"row item-row\">\n<div class=\"col-xs-24\">\n<h3><strong>Usage sugg\u00e9r\u00e9<\/strong><\/h3>\n<div class=\"prodOverviewDetail\">\n<p>Lisez l\u2019\u00e9tiquette dans son int\u00e9gralit\u00e9 et suivez attentivement les instructions avant d\u2019utiliser ce produit.<\/p>\n<p>Prenez deux (2)\u00a0comprim\u00e9s par jour en doses fractionn\u00e9es pendant un repas ou suivez les recommandations d\u2019un professionnel de la sant\u00e9.<\/p>\n<\/div>\n<\/div>\n<\/div>\n<div class=\"row item-row\">\n<div class=\"col-xs-24\">\n<h3><strong>Autres ingr\u00e9dients<\/strong><\/h3>\n<div class=\"prodOverviewIngred\">\n<p>Cellulose microcristalline, acide st\u00e9arique, croscarmellose sodique, amidon, maltodextrine, phosphate dicalcique, st\u00e9arate v\u00e9g\u00e9tal, silice, enrobage en pellicule aqueuse (eau purifi\u00e9e, m\u00e9thylhydroxypropylcellulose, glyc\u00e9rol).<\/p>\n<\/div>\n<\/div>\n<\/div>\n<div class=\"row item-row\">\n<div class=\"col-xs-24\">\n<h3><strong>Avertissements<\/strong><\/h3>\n<div class=\"prodOverviewDetail\">\n<p>Les personnes qui consomment plus de 50\u00a0\u00b5g (2000\u00a0UI) de vitamine\u00a0D par jour (dans leur alimentation ou gr\u00e2ce \u00e0 des compl\u00e9ments) doivent faire mesurer r\u00e9guli\u00e8rement leur taux s\u00e9rique de 25-hydroxyvitamine\u00a0D3 en laboratoire. Les compl\u00e9ments de vitamine\u00a0D ne sont pas recommand\u00e9s pour les personnes ayant un taux de calcium \u00e9lev\u00e9 dans le sang.<\/p>\n<ul>\n<li>Tenir hors de port\u00e9e des enfants.<\/li>\n<li>Ne pas d\u00e9passer la dose recommand\u00e9e.<\/li>\n<li>Ne pas acheter si l\u2019opercule est rompu ou endommag\u00e9.<\/li>\n<li>Lorsque vous consommez des compl\u00e9ments alimentaires, consultez votre m\u00e9decin si vous suivez un traitement pour des raisons m\u00e9dicales, si vous \u00eates enceinte ou si vous allaitez.<\/li>\n<\/ul>\n<p>Conserver herm\u00e9tiquement ferm\u00e9 dans un endroit frais et sec.<\/p>\n<table border=\"1\" width=\"100%\" cellspacing=\"0\" cellpadding=\"3\">\n<tbody>\n<tr valign=\"top\">\n<td class=\"\" colspan=\"3\"><strong>Propri\u00e9t\u00e9s<\/strong><\/td>\n<\/tr>\n<tr valign=\"top\">\n<td colspan=\"3\"><strong>Portion\u00a0:<\/strong>\u00a02\u00a0comprim\u00e9s<\/td>\n<\/tr>\n<tr valign=\"top\">\n<td colspan=\"3\"><strong>Portions par contenant\u00a0:\u00a0<\/strong>60<\/td>\n<\/tr>\n<tr valign=\"top\" data-id=\"froala_413\">\n<td width=\"70%\"><\/td>\n<td width=\"15%\"><strong>Quantit\u00e9 par portion<\/strong><\/td>\n<td width=\"15%\"><strong>%\u00a0d\u2019apport journalier<\/strong><\/td>\n<\/tr>\n<tr valign=\"top\" data-id=\"froala_414\">\n<td>Vitamine\u00a0A (sous forme de b\u00eata-carot\u00e8ne et d\u2019ac\u00e9tate) (5000\u00a0UI)<\/td>\n<td>1500\u00a0\u00b5g^<\/td>\n<td>167\u00a0%<\/td>\n<\/tr>\n<tr valign=\"top\" data-id=\"froala_415\">\n<td>Vitamine\u00a0C (sous forme d\u2019acide ascorbique, d\u2019ascorbate de calcium et d\u2019ascorbate de nicotinamide)<\/td>\n<td>470\u00a0mg<\/td>\n<td>522\u00a0%<\/td>\n<\/tr>\n<tr valign=\"top\" data-id=\"froala_416\">\n<td>Vitamine\u00a0D3 (sous forme de chol\u00e9calcif\u00e9rol) (2000\u00a0UI)<\/td>\n<td>50\u00a0\u00b5g<\/td>\n<td>250\u00a0%<\/td>\n<\/tr>\n<tr valign=\"top\" data-id=\"froala_417\">\n<td>Vitamine\u00a0E (sous forme de succinate de D-alpha-tocoph\u00e9rol et de d-alpha-tocoph\u00e9rol)<\/td>\n<td>67\u00a0mg<\/td>\n<td>447\u00a0%<\/td>\n<\/tr>\n<tr valign=\"top\" data-id=\"froala_418\">\n<td>Thiamine (vitamine\u00a0B1) (sous forme de chlorhydrate de thiamine)<\/td>\n<td>75\u00a0mg<\/td>\n<td>6250\u00a0%<\/td>\n<\/tr>\n<tr valign=\"top\" data-id=\"froala_419\">\n<td>Riboflavine (vitamine\u00a0B2) (sous forme de riboflavine, de riboflavine 5\u2032-phosphate)<\/td>\n<td>50\u00a0mg<\/td>\n<td>3846\u00a0%<\/td>\n<\/tr>\n<tr valign=\"top\" data-id=\"froala_420\">\n<td>Niacine (sous forme de nicotinamide et d\u2019ascorbate de nicotinamide)<\/td>\n<td>50\u00a0mg\u2022<\/td>\n<td>313\u00a0%<\/td>\n<\/tr>\n<tr valign=\"top\" data-id=\"froala_421\">\n<td>Vitamine\u00a0B6 (sous forme de chlorhydrate de pyridoxine et de pyridoxal 5\u2032-phosphate)<\/td>\n<td>75\u00a0mg<\/td>\n<td>4412\u00a0%<\/td>\n<\/tr>\n<tr valign=\"top\" data-id=\"froala_422\">\n<td>Folate (sous forme de sel de calcium du\u00a0L-5-methyltetrahydrofolate)<\/td>\n<td>680\u00a0\u00b5g\u00b0<\/td>\n<td>170\u00a0%<\/td>\n<\/tr>\n<tr valign=\"top\" data-id=\"froala_423\">\n<td>Vitamine\u00a0B12 (sous forme de m\u00e9thylcobalamine)<\/td>\n<td>300\u00a0\u00b5g<\/td>\n<td>12\u00a0500\u00a0%<\/td>\n<\/tr>\n<tr valign=\"top\" data-id=\"froala_424\">\n<td>Biotine<\/td>\n<td>300\u00a0\u00b5g<\/td>\n<td>1000\u00a0%<\/td>\n<\/tr>\n<tr valign=\"top\" data-id=\"froala_425\">\n<td>Acide pantoth\u00e9nique (sous forme de D-pantoth\u00e9nate de calcium)<\/td>\n<td>50\u00a0mg<\/td>\n<td>1000\u00a0%<\/td>\n<\/tr>\n<tr valign=\"top\" data-id=\"froala_426\">\n<td>Iode (sous forme d\u2019iodure de potassium)<\/td>\n<td>150\u00a0\u00b5g<\/td>\n<td>100\u00a0%<\/td>\n<\/tr>\n<tr valign=\"top\" data-id=\"froala_427\">\n<td>Magn\u00e9sium (sous forme d\u2019oxyde de magn\u00e9sium)<\/td>\n<td>100\u00a0mg<\/td>\n<td class=\"\">24\u00a0%<\/td>\n<\/tr>\n<tr valign=\"top\" data-id=\"froala_428\">\n<td class=\"\">Zinc (sous forme de citrate de zinc, sulfate de mono-L-m\u00e9thionine de zinc L-OptiZinc\u00ae)<\/td>\n<td>25\u00a0mg<\/td>\n<td>227\u00a0%<\/td>\n<\/tr>\n<tr valign=\"top\" data-id=\"froala_429\">\n<td>S\u00e9l\u00e9nium [sous forme de s\u00e9l\u00e9nite de sodium, de levure SelenoExcell\u00ae \u00e0 haute teneur en s\u00e9l\u00e9nium et de Se-m\u00e9thyl L-s\u00e9l\u00e9nocyst\u00e9ine]<\/td>\n<td>200\u00a0\u00b5g<\/td>\n<td>364\u00a0%<\/td>\n<\/tr>\n<tr valign=\"top\" data-id=\"froala_430\">\n<td>Mangan\u00e8se (sous forme de citrate et de gluconate de mangan\u00e8se)<\/td>\n<td>2\u00a0mg<\/td>\n<td>87\u00a0%<\/td>\n<\/tr>\n<tr valign=\"top\" data-id=\"froala_431\">\n<td>Chrome [sous forme de chrome de Crominex\u00ae 3+ stabilis\u00e9 avec extrait d\u2019amla Capros\u00ae\u00a0et de shilajit PrimaVie\u00ae]<\/td>\n<td>200\u00a0\u00b5g<\/td>\n<td>571\u00a0%<\/td>\n<\/tr>\n<tr valign=\"top\" data-id=\"froala_432\">\n<td>Molybd\u00e8ne (sous forme de ch\u00e9late d\u2019acide amin\u00e9 de molybd\u00e8ne)<\/td>\n<td>100\u00a0\u00b5g<\/td>\n<td>222\u00a0%<\/td>\n<\/tr>\n<tr valign=\"top\" data-id=\"froala_433\">\n<td>Inositol<\/td>\n<td>50\u00a0mg<\/td>\n<td>**<\/td>\n<\/tr>\n<tr valign=\"top\" data-id=\"froala_434\">\n<td>Acide alpha-lipo\u00efque<\/td>\n<td>25\u00a0mg<\/td>\n<td>**<\/td>\n<\/tr>\n<tr valign=\"top\" data-id=\"froala_435\">\n<td>Tocoph\u00e9rols mixtes naturels (gamma, delta, alpha, beta)<\/td>\n<td>20\u00a0mg<\/td>\n<td>**<\/td>\n<\/tr>\n<tr valign=\"top\" data-id=\"froala_436\">\n<td>Phytosome bio-querc\u00e9tine (fournit 5\u00a0mg de querc\u00e9tine [issue de concentr\u00e9 de Sophora du Japon (bouton de fleur)], complexe phosphatidylcholine [issu du tournesol])<\/td>\n<td>15\u00a0mg<\/td>\n<td>**<\/td>\n<\/tr>\n<tr valign=\"top\" data-id=\"froala_437\">\n<td>Extrait de fleur de calendula<br \/>\n[standardis\u00e9 \u00e0 5\u00a0mg de trans-lut\u00e9ine, 155\u00a0\u00b5g de trans-z\u00e9axanthine]<\/td>\n<td>11,12\u00a0mg<\/td>\n<td>**<\/td>\n<\/tr>\n<tr valign=\"top\" data-id=\"froala_438\">\n<td>Apig\u00e9nine<\/td>\n<td>5\u00a0mg<\/td>\n<td>**<\/td>\n<\/tr>\n<tr valign=\"top\" data-id=\"froala_439\">\n<td>Bore (sous forme de ch\u00e9late d\u2019acide amin\u00e9 de bore)<\/td>\n<td>3\u00a0mg<\/td>\n<td>**<\/td>\n<\/tr>\n<tr valign=\"top\" data-id=\"froala_440\">\n<td>Lycop\u00e8ne (issu d\u2019extrait naturel de tomate LycoBeads\u00ae)<\/td>\n<td>1\u00a0mg<\/td>\n<td>**<\/td>\n<\/tr>\n<tr valign=\"top\">\n<td class=\"fr-selected-cell\" colspan=\"3\">**Apport journalier non \u00e9tabli.<br \/>\n^EAR (\u00e9quivalent d\u2019activit\u00e9 du r\u00e9tinol). \u00b0EFA (\u00e9quivalents de folate alimentaire). \u2022EN (\u00e9quivalent en niacine).<\/td>\n<\/tr>\n<\/tbody>\n<\/table>\n<\/div>\n<\/div>\n<\/div>\n","protected":false},"excerpt":{"rendered":"<ul>\n<li>Gluten free<\/li>\n<li>Sans OGM, certifi\u00e9\u00a0LE<\/li>\n<li>Compl\u00e9ment min\u00e9ral et multivitamin\u00e9 \u00e0 haute efficacit\u00e9<\/li>\n<li>Food supplement<\/li>\n<\/ul>","protected":false},"featured_media":34191,"template":"","meta":{"om_disable_all_campaigns":false},"product_brand":[283],"product_cat":[18,8967,3366,8055,7963],"product_tag":[4271,181,398,285,3492,8901,607,1029,11938,1691],"class_list":{"0":"post-34190","1":"product","2":"type-product","3":"status-publish","4":"has-post-thumbnail","6":"product_brand-life-extension-maroc-prix","7":"product_cat-beaute-sante","8":"product_cat-complements","9":"product_cat-complements-alimentaires-au-maroc-vitablanca","10":"product_cat-multivitamin","11":"product_cat-vitamines-2","12":"product_tag-120-comprimes","13":"product_tag-complement-alimentaire","14":"product_tag-energie","15":"product_tag-life-extension","16":"product_tag-maroc","17":"product_tag-multivitamines","18":"product_tag-sante-generale","19":"product_tag-systeme-immunitaire","20":"product_tag-two-per-day","21":"product_tag-vitamines-et-mineraux","23":"first","24":"instock","25":"sale","26":"taxable","27":"shipping-taxable","28":"purchasable","29":"product-type-simple"},"yoast_head":"<!-- This site is optimized with the Yoast SEO plugin v27.5 - https:\/\/yoast.com\/product\/yoast-seo-wordpress\/ -->\n<title>Life Extension Multivitamines Two-Per-Day 120 Caps \u2013 Maroc Prix<\/title>\n<meta name=\"description\" content=\"Life Extension Multivitamines Two-Per-Day, 120 comprim\u00e9s. Formule compl\u00e8te de vitamines et min\u00e9raux pour soutenir l\u2019\u00e9nergie. Disponible au Maroc.\" \/>\n<meta name=\"robots\" content=\"index, follow, max-snippet:-1, max-image-preview:large, max-video-preview:-1\" \/>\n<link rel=\"canonical\" href=\"https:\/\/vitablanca.ma\/en\/product\/life-extension-multivitamines-two-per-day-120-comprimes-maroc-prix\/\" \/>\n<meta property=\"og:locale\" content=\"en_US\" \/>\n<meta property=\"og:type\" content=\"article\" \/>\n<meta property=\"og:title\" content=\"Life Extension Multivitamines Two-Per-Day 120 Caps \u2013 Maroc Prix\" \/>\n<meta property=\"og:description\" content=\"Life Extension Multivitamines Two-Per-Day, 120 comprim\u00e9s. Formule compl\u00e8te de vitamines et min\u00e9raux pour soutenir l\u2019\u00e9nergie. Disponible au Maroc.\" \/>\n<meta property=\"og:url\" content=\"https:\/\/vitablanca.ma\/en\/product\/life-extension-multivitamines-two-per-day-120-comprimes-maroc-prix\/\" \/>\n<meta property=\"og:site_name\" content=\"Vitablanca.ma &ndash; Sant&eacute;, vitalit&eacute; et bien-&ecirc;tre pour tous les Marocains\" \/>\n<meta property=\"article:publisher\" content=\"https:\/\/www.facebook.com\/profile.php?id=61576678196717\" \/>\n<meta property=\"article:modified_time\" content=\"2026-03-28T17:51:55+00:00\" \/>\n<meta property=\"og:image\" content=\"https:\/\/vitablanca.ma\/wp-content\/uploads\/2026\/03\/Life-Extension-Multivitamines-Two-Per-Day-120-comprimes1.jpg\" \/>\n\t<meta property=\"og:image:width\" content=\"1600\" \/>\n\t<meta property=\"og:image:height\" content=\"1600\" \/>\n\t<meta property=\"og:image:type\" content=\"image\/jpeg\" \/>\n<meta name=\"twitter:card\" content=\"summary_large_image\" \/>\n<meta name=\"twitter:label1\" content=\"Est. reading time\" \/>\n\t<meta name=\"twitter:data1\" content=\"4 minutes\" \/>\n<script type=\"application\/ld+json\" class=\"yoast-schema-graph\">{\"@context\":\"https:\\\/\\\/schema.org\",\"@graph\":[{\"@type\":[\"WebPage\",\"ItemPage\"],\"@id\":\"https:\\\/\\\/vitablanca.ma\\\/produit\\\/life-extension-multivitamines-two-per-day-120-comprimes-maroc-prix\\\/\",\"url\":\"https:\\\/\\\/vitablanca.ma\\\/produit\\\/life-extension-multivitamines-two-per-day-120-comprimes-maroc-prix\\\/\",\"name\":\"Life Extension Multivitamines Two-Per-Day 120 Caps \u2013 Maroc Prix\",\"isPartOf\":{\"@id\":\"https:\\\/\\\/vitablanca.ma\\\/#website\"},\"primaryImageOfPage\":{\"@id\":\"https:\\\/\\\/vitablanca.ma\\\/produit\\\/life-extension-multivitamines-two-per-day-120-comprimes-maroc-prix\\\/#primaryimage\"},\"image\":{\"@id\":\"https:\\\/\\\/vitablanca.ma\\\/produit\\\/life-extension-multivitamines-two-per-day-120-comprimes-maroc-prix\\\/#primaryimage\"},\"thumbnailUrl\":\"https:\\\/\\\/vitablanca.ma\\\/wp-content\\\/uploads\\\/2026\\\/03\\\/Life-Extension-Multivitamines-Two-Per-Day-120-comprimes1.jpg\",\"datePublished\":\"2026-03-15T12:22:08+00:00\",\"dateModified\":\"2026-03-28T17:51:55+00:00\",\"description\":\"Life Extension Multivitamines Two-Per-Day, 120 comprim\u00e9s. Formule compl\u00e8te de vitamines et min\u00e9raux pour soutenir l\u2019\u00e9nergie. Disponible au Maroc.\",\"breadcrumb\":{\"@id\":\"https:\\\/\\\/vitablanca.ma\\\/produit\\\/life-extension-multivitamines-two-per-day-120-comprimes-maroc-prix\\\/#breadcrumb\"},\"inLanguage\":\"en-US\",\"potentialAction\":[{\"@type\":\"ReadAction\",\"target\":[\"https:\\\/\\\/vitablanca.ma\\\/produit\\\/life-extension-multivitamines-two-per-day-120-comprimes-maroc-prix\\\/\"]}]},{\"@type\":\"ImageObject\",\"inLanguage\":\"en-US\",\"@id\":\"https:\\\/\\\/vitablanca.ma\\\/produit\\\/life-extension-multivitamines-two-per-day-120-comprimes-maroc-prix\\\/#primaryimage\",\"url\":\"https:\\\/\\\/vitablanca.ma\\\/wp-content\\\/uploads\\\/2026\\\/03\\\/Life-Extension-Multivitamines-Two-Per-Day-120-comprimes1.jpg\",\"contentUrl\":\"https:\\\/\\\/vitablanca.ma\\\/wp-content\\\/uploads\\\/2026\\\/03\\\/Life-Extension-Multivitamines-Two-Per-Day-120-comprimes1.jpg\",\"width\":1600,\"height\":1600},{\"@type\":\"BreadcrumbList\",\"@id\":\"https:\\\/\\\/vitablanca.ma\\\/produit\\\/life-extension-multivitamines-two-per-day-120-comprimes-maroc-prix\\\/#breadcrumb\",\"itemListElement\":[{\"@type\":\"ListItem\",\"position\":1,\"name\":\"Home\",\"item\":\"https:\\\/\\\/vitablanca.ma\\\/\"},{\"@type\":\"ListItem\",\"position\":2,\"name\":\"Tous Les Produits\",\"item\":\"https:\\\/\\\/vitablanca.ma\\\/tous-les-produits\\\/\"},{\"@type\":\"ListItem\",\"position\":3,\"name\":\"Life Extension, Multivitamines Two-Per-Day, 120 comprim\u00e9s\"}]},{\"@type\":\"WebSite\",\"@id\":\"https:\\\/\\\/vitablanca.ma\\\/#website\",\"url\":\"https:\\\/\\\/vitablanca.ma\\\/\",\"name\":\"VitaBlanca.ma | Compl\u00e9ments alimentaires, sant\u00e9 & beaut\u00e9 au Maroc\",\"description\":\"vendre vitamines et compl\u00e9ments premium des USA &amp; Canada, Nouvelle Z\u00e9lande,Maroc (NOW Foods, Solgar, Manuka). Livraison rapide partout au Maroc.\",\"publisher\":{\"@id\":\"https:\\\/\\\/vitablanca.ma\\\/#organization\"},\"alternateName\":\"VitaBlanca.ma\",\"potentialAction\":[{\"@type\":\"SearchAction\",\"target\":{\"@type\":\"EntryPoint\",\"urlTemplate\":\"https:\\\/\\\/vitablanca.ma\\\/?s={search_term_string}\"},\"query-input\":{\"@type\":\"PropertyValueSpecification\",\"valueRequired\":true,\"valueName\":\"search_term_string\"}}],\"inLanguage\":\"en-US\"},{\"@type\":\"Organization\",\"@id\":\"https:\\\/\\\/vitablanca.ma\\\/#organization\",\"name\":\"VitaBlanca\",\"url\":\"https:\\\/\\\/vitablanca.ma\\\/\",\"logo\":{\"@type\":\"ImageObject\",\"inLanguage\":\"en-US\",\"@id\":\"https:\\\/\\\/vitablanca.ma\\\/#\\\/schema\\\/logo\\\/image\\\/\",\"url\":\"https:\\\/\\\/vitablanca.ma\\\/wp-content\\\/uploads\\\/2025\\\/05\\\/cropped-vitablanca.png\",\"contentUrl\":\"https:\\\/\\\/vitablanca.ma\\\/wp-content\\\/uploads\\\/2025\\\/05\\\/cropped-vitablanca.png\",\"width\":360,\"height\":67,\"caption\":\"VitaBlanca\"},\"image\":{\"@id\":\"https:\\\/\\\/vitablanca.ma\\\/#\\\/schema\\\/logo\\\/image\\\/\"},\"sameAs\":[\"https:\\\/\\\/www.facebook.com\\\/profile.php?id=61576678196717\",\"https:\\\/\\\/www.tiktok.com\\\/@vitablanca.ma\",\"https:\\\/\\\/www.instagram.com\\\/vitablanca.ma\\\/\"]}]}<\/script>\n<!-- \/ Yoast SEO plugin. -->","yoast_head_json":{"title":"Life Extension Multivitamines Two-Per-Day 120 Caps \u2013 Maroc Prix","description":"Life Extension Multivitamines Two-Per-Day, 120 comprim\u00e9s. Formule compl\u00e8te de vitamines et min\u00e9raux pour soutenir l\u2019\u00e9nergie. Disponible au Maroc.","robots":{"index":"index","follow":"follow","max-snippet":"max-snippet:-1","max-image-preview":"max-image-preview:large","max-video-preview":"max-video-preview:-1"},"canonical":"https:\/\/vitablanca.ma\/en\/product\/life-extension-multivitamines-two-per-day-120-comprimes-maroc-prix\/","og_locale":"en_US","og_type":"article","og_title":"Life Extension Multivitamines Two-Per-Day 120 Caps \u2013 Maroc Prix","og_description":"Life Extension Multivitamines Two-Per-Day, 120 comprim\u00e9s. Formule compl\u00e8te de vitamines et min\u00e9raux pour soutenir l\u2019\u00e9nergie. Disponible au Maroc.","og_url":"https:\/\/vitablanca.ma\/en\/product\/life-extension-multivitamines-two-per-day-120-comprimes-maroc-prix\/","og_site_name":"Vitablanca.ma &ndash; Sant&eacute;, vitalit&eacute; et bien-&ecirc;tre pour tous les Marocains","article_publisher":"https:\/\/www.facebook.com\/profile.php?id=61576678196717","article_modified_time":"2026-03-28T17:51:55+00:00","og_image":[{"width":1600,"height":1600,"url":"https:\/\/vitablanca.ma\/wp-content\/uploads\/2026\/03\/Life-Extension-Multivitamines-Two-Per-Day-120-comprimes1.jpg","type":"image\/jpeg"}],"twitter_card":"summary_large_image","twitter_misc":{"Est. reading time":"4 minutes"},"schema":{"@context":"https:\/\/schema.org","@graph":[{"@type":["WebPage","ItemPage"],"@id":"https:\/\/vitablanca.ma\/produit\/life-extension-multivitamines-two-per-day-120-comprimes-maroc-prix\/","url":"https:\/\/vitablanca.ma\/produit\/life-extension-multivitamines-two-per-day-120-comprimes-maroc-prix\/","name":"Life Extension Multivitamines Two-Per-Day 120 Caps \u2013 Maroc Prix","isPartOf":{"@id":"https:\/\/vitablanca.ma\/#website"},"primaryImageOfPage":{"@id":"https:\/\/vitablanca.ma\/produit\/life-extension-multivitamines-two-per-day-120-comprimes-maroc-prix\/#primaryimage"},"image":{"@id":"https:\/\/vitablanca.ma\/produit\/life-extension-multivitamines-two-per-day-120-comprimes-maroc-prix\/#primaryimage"},"thumbnailUrl":"https:\/\/vitablanca.ma\/wp-content\/uploads\/2026\/03\/Life-Extension-Multivitamines-Two-Per-Day-120-comprimes1.jpg","datePublished":"2026-03-15T12:22:08+00:00","dateModified":"2026-03-28T17:51:55+00:00","description":"Life Extension Multivitamines Two-Per-Day, 120 comprim\u00e9s. Formule compl\u00e8te de vitamines et min\u00e9raux pour soutenir l\u2019\u00e9nergie. Disponible au Maroc.","breadcrumb":{"@id":"https:\/\/vitablanca.ma\/produit\/life-extension-multivitamines-two-per-day-120-comprimes-maroc-prix\/#breadcrumb"},"inLanguage":"en-US","potentialAction":[{"@type":"ReadAction","target":["https:\/\/vitablanca.ma\/produit\/life-extension-multivitamines-two-per-day-120-comprimes-maroc-prix\/"]}]},{"@type":"ImageObject","inLanguage":"en-US","@id":"https:\/\/vitablanca.ma\/produit\/life-extension-multivitamines-two-per-day-120-comprimes-maroc-prix\/#primaryimage","url":"https:\/\/vitablanca.ma\/wp-content\/uploads\/2026\/03\/Life-Extension-Multivitamines-Two-Per-Day-120-comprimes1.jpg","contentUrl":"https:\/\/vitablanca.ma\/wp-content\/uploads\/2026\/03\/Life-Extension-Multivitamines-Two-Per-Day-120-comprimes1.jpg","width":1600,"height":1600},{"@type":"BreadcrumbList","@id":"https:\/\/vitablanca.ma\/produit\/life-extension-multivitamines-two-per-day-120-comprimes-maroc-prix\/#breadcrumb","itemListElement":[{"@type":"ListItem","position":1,"name":"Home","item":"https:\/\/vitablanca.ma\/"},{"@type":"ListItem","position":2,"name":"Tous Les Produits","item":"https:\/\/vitablanca.ma\/tous-les-produits\/"},{"@type":"ListItem","position":3,"name":"Life Extension, Multivitamines Two-Per-Day, 120 comprim\u00e9s"}]},{"@type":"WebSite","@id":"https:\/\/vitablanca.ma\/#website","url":"https:\/\/vitablanca.ma\/","name":"VitaBlanca.ma | Food supplements, health &amp; beauty in Morocco","description":"sell premium vitamins and supplements from USA &amp; Canada, New Zealand, Morocco (NOW Foods, Solgar, Manuka). Fast delivery anywhere in Morocco.","publisher":{"@id":"https:\/\/vitablanca.ma\/#organization"},"alternateName":"VitaBlanca.ma","potentialAction":[{"@type":"SearchAction","target":{"@type":"EntryPoint","urlTemplate":"https:\/\/vitablanca.ma\/?s={search_term_string}"},"query-input":{"@type":"PropertyValueSpecification","valueRequired":true,"valueName":"search_term_string"}}],"inLanguage":"en-US"},{"@type":"Organization","@id":"https:\/\/vitablanca.ma\/#organization","name":"VitaBlanca","url":"https:\/\/vitablanca.ma\/","logo":{"@type":"ImageObject","inLanguage":"en-US","@id":"https:\/\/vitablanca.ma\/#\/schema\/logo\/image\/","url":"https:\/\/vitablanca.ma\/wp-content\/uploads\/2025\/05\/cropped-vitablanca.png","contentUrl":"https:\/\/vitablanca.ma\/wp-content\/uploads\/2025\/05\/cropped-vitablanca.png","width":360,"height":67,"caption":"VitaBlanca"},"image":{"@id":"https:\/\/vitablanca.ma\/#\/schema\/logo\/image\/"},"sameAs":["https:\/\/www.facebook.com\/profile.php?id=61576678196717","https:\/\/www.tiktok.com\/@vitablanca.ma","https:\/\/www.instagram.com\/vitablanca.ma\/"]}]}},"jetpack_sharing_enabled":true,"_links":{"self":[{"href":"https:\/\/vitablanca.ma\/en\/wp-json\/wp\/v2\/product\/34190","targetHints":{"allow":["GET"]}}],"collection":[{"href":"https:\/\/vitablanca.ma\/en\/wp-json\/wp\/v2\/product"}],"about":[{"href":"https:\/\/vitablanca.ma\/en\/wp-json\/wp\/v2\/types\/product"}],"wp:featuredmedia":[{"embeddable":true,"href":"https:\/\/vitablanca.ma\/en\/wp-json\/wp\/v2\/media\/34191"}],"wp:attachment":[{"href":"https:\/\/vitablanca.ma\/en\/wp-json\/wp\/v2\/media?parent=34190"}],"wp:term":[{"taxonomy":"product_brand","embeddable":true,"href":"https:\/\/vitablanca.ma\/en\/wp-json\/wp\/v2\/product_brand?post=34190"},{"taxonomy":"product_cat","embeddable":true,"href":"https:\/\/vitablanca.ma\/en\/wp-json\/wp\/v2\/product_cat?post=34190"},{"taxonomy":"product_tag","embeddable":true,"href":"https:\/\/vitablanca.ma\/en\/wp-json\/wp\/v2\/product_tag?post=34190"}],"curies":[{"name":"wp","href":"https:\/\/api.w.org\/{rel}","templated":true}]}}