{"id":34185,"date":"2026-03-15T12:13:38","date_gmt":"2026-03-15T12:13:38","guid":{"rendered":"https:\/\/vitablanca.ma\/?post_type=product&#038;p=34185"},"modified":"2026-03-28T17:51:55","modified_gmt":"2026-03-28T17:51:55","slug":"nutricost-taurate-de-magnesium-240-capsules-500-mg-piece-maroc-prix","status":"publish","type":"product","link":"https:\/\/vitablanca.ma\/en\/product\/nutricost-taurate-de-magnesium-240-capsules-500-mg-piece-maroc-prix\/","title":{"rendered":"Nutricost, Taurate de magn\u00e9sium, 240 capsules (500 mg pi\u00e8ce)"},"content":{"rendered":"<div class=\"row item-row\">\n<div class=\"col-xs-24\">\n<div>\n<p><strong>Efficacit\u00e9 longue dur\u00e9e\u00a0:<\/strong>\u00a0chaque flacon de taurate de magn\u00e9sium de Nutricost contient 240\u00a0capsules \u00e0 grande contenance, vous assurant ainsi une r\u00e9serve de longue dur\u00e9e qui vous permet de rester au top de vos objectifs de bien-\u00eatre sans avoir \u00e0 les recommander fr\u00e9quemment.<\/p>\n<p><strong>Dose optimale<\/strong>\u00a0: avec 1500\u00a0mg de taurate de magn\u00e9sium par portion, vous \u00eatre s\u00fbr d\u2019obtenir une dose concentr\u00e9e de ces nutriments essentiels, renfor\u00e7ant ainsi votre sant\u00e9 globale et votre vitalit\u00e9.<\/p>\n<\/div>\n<\/div>\n<\/div>\n<div class=\"row item-row\">\n<div class=\"col-xs-24\">\n<h3><strong>Suggested Use<\/strong><\/h3>\n<div class=\"prodOverviewDetail\">\n<p>En tant que compl\u00e9ment alimentaire, prenez 3\u00a0capsules par jour avec 240 \u00e0 300\u00a0ml d\u2019eau ou suivez les instructions de votre professionnel de la sant\u00e9.<\/p>\n<\/div>\n<\/div>\n<\/div>\n<div class=\"row item-row\">\n<div class=\"col-xs-24\">\n<h3><strong>Other ingredients<\/strong><\/h3>\n<div class=\"prodOverviewIngred\">\n<p>Capsule d\u2019hypromellose (cellulose), st\u00e9arate de magn\u00e9sium (d\u2019origine v\u00e9g\u00e9tale).<\/p>\n<p>Fabrication aux \u00c9tats-Unis et qualit\u00e9 test\u00e9e aux \u00c9tats-Unis avec des ingr\u00e9dients provenant du monde entier.<\/p>\n<\/div>\n<\/div>\n<\/div>\n<div class=\"row item-row\">\n<div class=\"col-xs-24\">\n<h3><strong>Warnings<\/strong><\/h3>\n<div class=\"prodOverviewDetail\">\n<p>Pour les personnes en bonne sant\u00e9 de 18\u00a0ans et plus. Si vous \u00eates enceinte, allaitez, prenez des m\u00e9dicaments ou souffrez d\u2019une affection m\u00e9dicale, consultez un professionnel de la sant\u00e9 avant d\u2019utiliser ce produit. Tenir hors de port\u00e9e des enfants. Ne pas utiliser si l\u2019opercule de protection est perc\u00e9 ou manquant.<\/p>\n<p>Avertissement\u00a0: \u00e0 conserver dans un endroit frais et sec.<\/p>\n<table border=\"1\" width=\"100%\" cellspacing=\"0\" cellpadding=\"3\">\n<tbody>\n<tr align=\"left\" valign=\"top\">\n<td colspan=\"3\"><strong>Properties<\/strong><\/td>\n<\/tr>\n<tr align=\"left\" valign=\"top\">\n<td colspan=\"3\"><strong>Serving:\u00a0<\/strong>3\u00a0capsules<\/td>\n<\/tr>\n<tr align=\"left\" valign=\"top\">\n<td colspan=\"3\"><strong>Servings per container:\u00a0<\/strong>80<\/td>\n<\/tr>\n<tr align=\"left\" valign=\"top\">\n<td><\/td>\n<td><strong>Amount per serving<\/strong><\/td>\n<td><strong>%\u00a0d\u2019apport journalier*<\/strong><\/td>\n<\/tr>\n<tr align=\"left\" valign=\"top\">\n<td>Magn\u00e9sium (sous forme de taurate de magn\u00e9sium, d\u2019oxyde de magn\u00e9sium)(issu de 1500 mg de taurate de magn\u00e9sium)<\/td>\n<td>120\u00a0mg<\/td>\n<td>29\u00a0%<\/td>\n<\/tr>\n<\/tbody>\n<\/table>\n<\/div>\n<\/div>\n<\/div>","protected":false},"excerpt":{"rendered":"<ul>\n<li>1500\u00a0mg par portion<\/li>\n<li>Food supplement<\/li>\n<li>Qualit\u00e9 Nutricost\u00ae garantie<\/li>\n<li>V\u00e9gan &#8211; Produit sans animaux<\/li>\n<li>\u00c9tablissement respectant les BPF<\/li>\n<li>Produit sans OGM<\/li>\n<li>Test\u00e9e par un organisme ind\u00e9pendant<\/li>\n<li>Gluten free<\/li>\n<\/ul>","protected":false},"featured_media":34186,"template":"","meta":{"om_disable_all_campaigns":false},"product_brand":[3310],"product_cat":[18,8967,3366,7960,7961],"product_tag":[4292,548,181,178,3492,8913,1742,5201,226,11937],"class_list":{"0":"post-34185","1":"product","2":"type-product","3":"status-publish","4":"has-post-thumbnail","6":"product_brand-nutricost-maroc-prix","7":"product_cat-beaute-sante","8":"product_cat-complements","9":"product_cat-complements-alimentaires-au-maroc-vitablanca","10":"product_cat-magnesium-2","11":"product_cat-mineraux-2","12":"product_tag-240-capsules","13":"product_tag-500-mg","14":"product_tag-complement-alimentaire","15":"product_tag-magnesium","16":"product_tag-maroc","17":"product_tag-nutricost","18":"product_tag-relaxation","19":"product_tag-sante-cardiaque","20":"product_tag-systeme-nerveux","21":"product_tag-taurate-de-magnesium","23":"first","24":"instock","25":"sale","26":"taxable","27":"shipping-taxable","28":"purchasable","29":"product-type-simple"},"yoast_head":"<!-- This site is optimized with the Yoast SEO plugin v27.5 - https:\/\/yoast.com\/product\/yoast-seo-wordpress\/ -->\n<title>Nutricost Taurate de Magn\u00e9sium 500 mg 240 Capsule \u2013 Maroc Prix<\/title>\n<meta name=\"description\" content=\"Nutricost Taurate de Magn\u00e9sium 500 mg, 240 capsules. Formule combinant magn\u00e9sium et taurine pour soutenir la sant\u00e9 cardiaque. Disponible au Maroc.\" \/>\n<meta name=\"robots\" content=\"index, follow, max-snippet:-1, max-image-preview:large, max-video-preview:-1\" \/>\n<link rel=\"canonical\" href=\"https:\/\/vitablanca.ma\/en\/product\/nutricost-taurate-de-magnesium-240-capsules-500-mg-piece-maroc-prix\/\" \/>\n<meta property=\"og:locale\" content=\"en_US\" \/>\n<meta property=\"og:type\" content=\"article\" \/>\n<meta property=\"og:title\" content=\"Nutricost Taurate de Magn\u00e9sium 500 mg 240 Capsule \u2013 Maroc Prix\" \/>\n<meta property=\"og:description\" content=\"Nutricost Taurate de Magn\u00e9sium 500 mg, 240 capsules. Formule combinant magn\u00e9sium et taurine pour soutenir la sant\u00e9 cardiaque. Disponible au Maroc.\" \/>\n<meta property=\"og:url\" content=\"https:\/\/vitablanca.ma\/en\/product\/nutricost-taurate-de-magnesium-240-capsules-500-mg-piece-maroc-prix\/\" \/>\n<meta property=\"og:site_name\" content=\"Vitablanca.ma &ndash; Sant&eacute;, vitalit&eacute; et bien-&ecirc;tre pour tous les Marocains\" \/>\n<meta property=\"article:publisher\" content=\"https:\/\/www.facebook.com\/profile.php?id=61576678196717\" \/>\n<meta property=\"article:modified_time\" content=\"2026-03-28T17:51:55+00:00\" \/>\n<meta property=\"og:image\" content=\"https:\/\/vitablanca.ma\/wp-content\/uploads\/2026\/03\/Nutricost-Taurate-de-magnesium-240-capsules-500-mg-piece1.jpg\" \/>\n\t<meta property=\"og:image:width\" content=\"1600\" \/>\n\t<meta property=\"og:image:height\" content=\"1600\" \/>\n\t<meta property=\"og:image:type\" content=\"image\/jpeg\" \/>\n<meta name=\"twitter:card\" content=\"summary_large_image\" \/>\n<meta name=\"twitter:label1\" content=\"Est. reading time\" \/>\n\t<meta name=\"twitter:data1\" content=\"2 minutes\" \/>\n<script type=\"application\/ld+json\" class=\"yoast-schema-graph\">{\"@context\":\"https:\\\/\\\/schema.org\",\"@graph\":[{\"@type\":[\"WebPage\",\"ItemPage\"],\"@id\":\"https:\\\/\\\/vitablanca.ma\\\/produit\\\/nutricost-taurate-de-magnesium-240-capsules-500-mg-piece-maroc-prix\\\/\",\"url\":\"https:\\\/\\\/vitablanca.ma\\\/produit\\\/nutricost-taurate-de-magnesium-240-capsules-500-mg-piece-maroc-prix\\\/\",\"name\":\"Nutricost Taurate de Magn\u00e9sium 500 mg 240 Capsule \u2013 Maroc Prix\",\"isPartOf\":{\"@id\":\"https:\\\/\\\/vitablanca.ma\\\/#website\"},\"primaryImageOfPage\":{\"@id\":\"https:\\\/\\\/vitablanca.ma\\\/produit\\\/nutricost-taurate-de-magnesium-240-capsules-500-mg-piece-maroc-prix\\\/#primaryimage\"},\"image\":{\"@id\":\"https:\\\/\\\/vitablanca.ma\\\/produit\\\/nutricost-taurate-de-magnesium-240-capsules-500-mg-piece-maroc-prix\\\/#primaryimage\"},\"thumbnailUrl\":\"https:\\\/\\\/vitablanca.ma\\\/wp-content\\\/uploads\\\/2026\\\/03\\\/Nutricost-Taurate-de-magnesium-240-capsules-500-mg-piece1.jpg\",\"datePublished\":\"2026-03-15T12:13:38+00:00\",\"dateModified\":\"2026-03-28T17:51:55+00:00\",\"description\":\"Nutricost Taurate de Magn\u00e9sium 500 mg, 240 capsules. Formule combinant magn\u00e9sium et taurine pour soutenir la sant\u00e9 cardiaque. Disponible au Maroc.\",\"breadcrumb\":{\"@id\":\"https:\\\/\\\/vitablanca.ma\\\/produit\\\/nutricost-taurate-de-magnesium-240-capsules-500-mg-piece-maroc-prix\\\/#breadcrumb\"},\"inLanguage\":\"en-US\",\"potentialAction\":[{\"@type\":\"ReadAction\",\"target\":[\"https:\\\/\\\/vitablanca.ma\\\/produit\\\/nutricost-taurate-de-magnesium-240-capsules-500-mg-piece-maroc-prix\\\/\"]}]},{\"@type\":\"ImageObject\",\"inLanguage\":\"en-US\",\"@id\":\"https:\\\/\\\/vitablanca.ma\\\/produit\\\/nutricost-taurate-de-magnesium-240-capsules-500-mg-piece-maroc-prix\\\/#primaryimage\",\"url\":\"https:\\\/\\\/vitablanca.ma\\\/wp-content\\\/uploads\\\/2026\\\/03\\\/Nutricost-Taurate-de-magnesium-240-capsules-500-mg-piece1.jpg\",\"contentUrl\":\"https:\\\/\\\/vitablanca.ma\\\/wp-content\\\/uploads\\\/2026\\\/03\\\/Nutricost-Taurate-de-magnesium-240-capsules-500-mg-piece1.jpg\",\"width\":1600,\"height\":1600},{\"@type\":\"BreadcrumbList\",\"@id\":\"https:\\\/\\\/vitablanca.ma\\\/produit\\\/nutricost-taurate-de-magnesium-240-capsules-500-mg-piece-maroc-prix\\\/#breadcrumb\",\"itemListElement\":[{\"@type\":\"ListItem\",\"position\":1,\"name\":\"Home\",\"item\":\"https:\\\/\\\/vitablanca.ma\\\/\"},{\"@type\":\"ListItem\",\"position\":2,\"name\":\"Tous Les Produits\",\"item\":\"https:\\\/\\\/vitablanca.ma\\\/tous-les-produits\\\/\"},{\"@type\":\"ListItem\",\"position\":3,\"name\":\"Nutricost, Taurate de magn\u00e9sium, 240 capsules (500 mg pi\u00e8ce)\"}]},{\"@type\":\"WebSite\",\"@id\":\"https:\\\/\\\/vitablanca.ma\\\/#website\",\"url\":\"https:\\\/\\\/vitablanca.ma\\\/\",\"name\":\"VitaBlanca.ma | Compl\u00e9ments alimentaires, sant\u00e9 & beaut\u00e9 au Maroc\",\"description\":\"vendre vitamines et compl\u00e9ments premium des USA &amp; Canada, Nouvelle Z\u00e9lande,Maroc (NOW Foods, Solgar, Manuka). Livraison rapide partout au Maroc.\",\"publisher\":{\"@id\":\"https:\\\/\\\/vitablanca.ma\\\/#organization\"},\"alternateName\":\"VitaBlanca.ma\",\"potentialAction\":[{\"@type\":\"SearchAction\",\"target\":{\"@type\":\"EntryPoint\",\"urlTemplate\":\"https:\\\/\\\/vitablanca.ma\\\/?s={search_term_string}\"},\"query-input\":{\"@type\":\"PropertyValueSpecification\",\"valueRequired\":true,\"valueName\":\"search_term_string\"}}],\"inLanguage\":\"en-US\"},{\"@type\":\"Organization\",\"@id\":\"https:\\\/\\\/vitablanca.ma\\\/#organization\",\"name\":\"VitaBlanca\",\"url\":\"https:\\\/\\\/vitablanca.ma\\\/\",\"logo\":{\"@type\":\"ImageObject\",\"inLanguage\":\"en-US\",\"@id\":\"https:\\\/\\\/vitablanca.ma\\\/#\\\/schema\\\/logo\\\/image\\\/\",\"url\":\"https:\\\/\\\/vitablanca.ma\\\/wp-content\\\/uploads\\\/2025\\\/05\\\/cropped-vitablanca.png\",\"contentUrl\":\"https:\\\/\\\/vitablanca.ma\\\/wp-content\\\/uploads\\\/2025\\\/05\\\/cropped-vitablanca.png\",\"width\":360,\"height\":67,\"caption\":\"VitaBlanca\"},\"image\":{\"@id\":\"https:\\\/\\\/vitablanca.ma\\\/#\\\/schema\\\/logo\\\/image\\\/\"},\"sameAs\":[\"https:\\\/\\\/www.facebook.com\\\/profile.php?id=61576678196717\",\"https:\\\/\\\/www.tiktok.com\\\/@vitablanca.ma\",\"https:\\\/\\\/www.instagram.com\\\/vitablanca.ma\\\/\"]}]}<\/script>\n<!-- \/ Yoast SEO plugin. -->","yoast_head_json":{"title":"Nutricost Taurate de Magn\u00e9sium 500 mg 240 Capsule \u2013 Maroc Prix","description":"Nutricost Taurate de Magn\u00e9sium 500 mg, 240 capsules. Formule combinant magn\u00e9sium et taurine pour soutenir la sant\u00e9 cardiaque. Disponible au Maroc.","robots":{"index":"index","follow":"follow","max-snippet":"max-snippet:-1","max-image-preview":"max-image-preview:large","max-video-preview":"max-video-preview:-1"},"canonical":"https:\/\/vitablanca.ma\/en\/product\/nutricost-taurate-de-magnesium-240-capsules-500-mg-piece-maroc-prix\/","og_locale":"en_US","og_type":"article","og_title":"Nutricost Taurate de Magn\u00e9sium 500 mg 240 Capsule \u2013 Maroc Prix","og_description":"Nutricost Taurate de Magn\u00e9sium 500 mg, 240 capsules. Formule combinant magn\u00e9sium et taurine pour soutenir la sant\u00e9 cardiaque. Disponible au Maroc.","og_url":"https:\/\/vitablanca.ma\/en\/product\/nutricost-taurate-de-magnesium-240-capsules-500-mg-piece-maroc-prix\/","og_site_name":"Vitablanca.ma &ndash; Sant&eacute;, vitalit&eacute; et bien-&ecirc;tre pour tous les Marocains","article_publisher":"https:\/\/www.facebook.com\/profile.php?id=61576678196717","article_modified_time":"2026-03-28T17:51:55+00:00","og_image":[{"width":1600,"height":1600,"url":"https:\/\/vitablanca.ma\/wp-content\/uploads\/2026\/03\/Nutricost-Taurate-de-magnesium-240-capsules-500-mg-piece1.jpg","type":"image\/jpeg"}],"twitter_card":"summary_large_image","twitter_misc":{"Est. reading time":"2 minutes"},"schema":{"@context":"https:\/\/schema.org","@graph":[{"@type":["WebPage","ItemPage"],"@id":"https:\/\/vitablanca.ma\/produit\/nutricost-taurate-de-magnesium-240-capsules-500-mg-piece-maroc-prix\/","url":"https:\/\/vitablanca.ma\/produit\/nutricost-taurate-de-magnesium-240-capsules-500-mg-piece-maroc-prix\/","name":"Nutricost Taurate de Magn\u00e9sium 500 mg 240 Capsule \u2013 Maroc Prix","isPartOf":{"@id":"https:\/\/vitablanca.ma\/#website"},"primaryImageOfPage":{"@id":"https:\/\/vitablanca.ma\/produit\/nutricost-taurate-de-magnesium-240-capsules-500-mg-piece-maroc-prix\/#primaryimage"},"image":{"@id":"https:\/\/vitablanca.ma\/produit\/nutricost-taurate-de-magnesium-240-capsules-500-mg-piece-maroc-prix\/#primaryimage"},"thumbnailUrl":"https:\/\/vitablanca.ma\/wp-content\/uploads\/2026\/03\/Nutricost-Taurate-de-magnesium-240-capsules-500-mg-piece1.jpg","datePublished":"2026-03-15T12:13:38+00:00","dateModified":"2026-03-28T17:51:55+00:00","description":"Nutricost Taurate de Magn\u00e9sium 500 mg, 240 capsules. Formule combinant magn\u00e9sium et taurine pour soutenir la sant\u00e9 cardiaque. Disponible au Maroc.","breadcrumb":{"@id":"https:\/\/vitablanca.ma\/produit\/nutricost-taurate-de-magnesium-240-capsules-500-mg-piece-maroc-prix\/#breadcrumb"},"inLanguage":"en-US","potentialAction":[{"@type":"ReadAction","target":["https:\/\/vitablanca.ma\/produit\/nutricost-taurate-de-magnesium-240-capsules-500-mg-piece-maroc-prix\/"]}]},{"@type":"ImageObject","inLanguage":"en-US","@id":"https:\/\/vitablanca.ma\/produit\/nutricost-taurate-de-magnesium-240-capsules-500-mg-piece-maroc-prix\/#primaryimage","url":"https:\/\/vitablanca.ma\/wp-content\/uploads\/2026\/03\/Nutricost-Taurate-de-magnesium-240-capsules-500-mg-piece1.jpg","contentUrl":"https:\/\/vitablanca.ma\/wp-content\/uploads\/2026\/03\/Nutricost-Taurate-de-magnesium-240-capsules-500-mg-piece1.jpg","width":1600,"height":1600},{"@type":"BreadcrumbList","@id":"https:\/\/vitablanca.ma\/produit\/nutricost-taurate-de-magnesium-240-capsules-500-mg-piece-maroc-prix\/#breadcrumb","itemListElement":[{"@type":"ListItem","position":1,"name":"Home","item":"https:\/\/vitablanca.ma\/"},{"@type":"ListItem","position":2,"name":"Tous Les Produits","item":"https:\/\/vitablanca.ma\/tous-les-produits\/"},{"@type":"ListItem","position":3,"name":"Nutricost, Taurate de magn\u00e9sium, 240 capsules (500 mg pi\u00e8ce)"}]},{"@type":"WebSite","@id":"https:\/\/vitablanca.ma\/#website","url":"https:\/\/vitablanca.ma\/","name":"VitaBlanca.ma | Food supplements, health &amp; beauty in Morocco","description":"sell premium vitamins and supplements from USA &amp; Canada, New Zealand, Morocco (NOW Foods, Solgar, Manuka). Fast delivery anywhere in Morocco.","publisher":{"@id":"https:\/\/vitablanca.ma\/#organization"},"alternateName":"VitaBlanca.ma","potentialAction":[{"@type":"SearchAction","target":{"@type":"EntryPoint","urlTemplate":"https:\/\/vitablanca.ma\/?s={search_term_string}"},"query-input":{"@type":"PropertyValueSpecification","valueRequired":true,"valueName":"search_term_string"}}],"inLanguage":"en-US"},{"@type":"Organization","@id":"https:\/\/vitablanca.ma\/#organization","name":"VitaBlanca","url":"https:\/\/vitablanca.ma\/","logo":{"@type":"ImageObject","inLanguage":"en-US","@id":"https:\/\/vitablanca.ma\/#\/schema\/logo\/image\/","url":"https:\/\/vitablanca.ma\/wp-content\/uploads\/2025\/05\/cropped-vitablanca.png","contentUrl":"https:\/\/vitablanca.ma\/wp-content\/uploads\/2025\/05\/cropped-vitablanca.png","width":360,"height":67,"caption":"VitaBlanca"},"image":{"@id":"https:\/\/vitablanca.ma\/#\/schema\/logo\/image\/"},"sameAs":["https:\/\/www.facebook.com\/profile.php?id=61576678196717","https:\/\/www.tiktok.com\/@vitablanca.ma","https:\/\/www.instagram.com\/vitablanca.ma\/"]}]}},"jetpack_sharing_enabled":true,"_links":{"self":[{"href":"https:\/\/vitablanca.ma\/en\/wp-json\/wp\/v2\/product\/34185","targetHints":{"allow":["GET"]}}],"collection":[{"href":"https:\/\/vitablanca.ma\/en\/wp-json\/wp\/v2\/product"}],"about":[{"href":"https:\/\/vitablanca.ma\/en\/wp-json\/wp\/v2\/types\/product"}],"wp:featuredmedia":[{"embeddable":true,"href":"https:\/\/vitablanca.ma\/en\/wp-json\/wp\/v2\/media\/34186"}],"wp:attachment":[{"href":"https:\/\/vitablanca.ma\/en\/wp-json\/wp\/v2\/media?parent=34185"}],"wp:term":[{"taxonomy":"product_brand","embeddable":true,"href":"https:\/\/vitablanca.ma\/en\/wp-json\/wp\/v2\/product_brand?post=34185"},{"taxonomy":"product_cat","embeddable":true,"href":"https:\/\/vitablanca.ma\/en\/wp-json\/wp\/v2\/product_cat?post=34185"},{"taxonomy":"product_tag","embeddable":true,"href":"https:\/\/vitablanca.ma\/en\/wp-json\/wp\/v2\/product_tag?post=34185"}],"curies":[{"name":"wp","href":"https:\/\/api.w.org\/{rel}","templated":true}]}}