{"id":34176,"date":"2026-03-15T11:56:44","date_gmt":"2026-03-15T11:56:44","guid":{"rendered":"https:\/\/vitablanca.ma\/?post_type=product&#038;p=34176"},"modified":"2026-03-28T17:51:55","modified_gmt":"2026-03-28T17:51:55","slug":"california-gold-nutrition-probiotiques-lactobif-30-30-milliards-dufc-60-capsules-vegetales-maroc-prix","status":"publish","type":"product","link":"https:\/\/vitablanca.ma\/en\/product\/california-gold-nutrition-probiotiques-lactobif-30-30-milliards-dufc-60-capsules-vegetales-maroc-prix\/","title":{"rendered":"California Gold Nutrition, Probiotiques LactoBif\u00ae 30, 30 milliards d&rsquo;UFC, 60 capsules v\u00e9g\u00e9tales"},"content":{"rendered":"<div class=\"row item-row\">\n<div class=\"col-xs-24\">\n<h3><strong>Suggested Use<\/strong><\/h3>\n<div class=\"prodOverviewDetail\">\n<p>Prenez 1 capsule par jour, avec ou sans nourriture. Pour de meilleurs r\u00e9sultats, suivre les recommandations d\u2019un professionnel de sant\u00e9 qualifi\u00e9.<\/p>\n<\/div>\n<\/div>\n<\/div>\n<div class=\"row item-row\">\n<div class=\"col-xs-24\">\n<h3><strong>Other ingredients<\/strong><\/h3>\n<div class=\"prodOverviewIngred\">\n<p id=\"isPasted\"><strong>Ingr\u00e9dients principaux<\/strong><br \/>\nM\u00e9lange de bact\u00e9ries probiotiques<\/p>\n<p><strong>Other ingredients<\/strong><br \/>\nCellulose microcristalline, cellulose modifi\u00e9e (capsule v\u00e9g\u00e9tale en hypromellose), st\u00e9arate de magn\u00e9sium et dioxyde de silicium (silice).<\/p>\n<p>Non fabriqu\u00e9 avec du lait, oeuf, poisson, crustac\u00e9s, fruits \u00e0 coque, cacahu\u00e8tes, bl\u00e9, soja, s\u00e9same ou gluten. Produit dans un \u00e9tablissement audit\u00e9 par un tiers et respectant les BPF actuelles (certifi\u00e9), susceptible de transformer d\u2019autres produits qui contiennent ces allerg\u00e8nes ou ingr\u00e9dients.<\/p>\n<\/div>\n<\/div>\n<\/div>\n<div class=\"row item-row\">\n<div class=\"col-xs-24\">\n<h3><strong>Warnings<\/strong><\/h3>\n<div class=\"prodOverviewDetail\">\n<p id=\"isPasted\"><strong>Keep out of reach of children.\u00a0<\/strong>Demander l\u2019avis d\u2019un m\u00e9decin, d\u2019un pharmacien, d\u2019un autre professionnel de la sant\u00e9 qualifi\u00e9 ou d\u2019un naturopathe avant de prendre des compl\u00e9ments alimentaires.<\/p>\n<p><strong>En emballage individuel sous double blister scell\u00e9 pour assurer la qualit\u00e9 du produit et votre protection. Ne pas utiliser si l\u2019emballage blister est perfor\u00e9 ou manquant. Conserver dans un endroit frais et sec. Prot\u00e9ger de la chaleur, de la lumi\u00e8re et de l\u2019humidit\u00e9.\u00a0<\/strong><\/p>\n<p>Efficacit\u00e9 garantie jusqu\u2019\u00e0 la date de p\u00e9remption lorsque le produit est conserv\u00e9 dans un endroit frais et sec \u00e0 une temp\u00e9rature \u00e9gale ou inf\u00e9rieure \u00e0 25 \u00b0C.\u00a0<strong>La r\u00e9frig\u00e9ration n\u2019est pas n\u00e9cessaire, mais est fortement recommand\u00e9e.<\/strong><\/p>\n<table>\n<tbody>\n<tr>\n<td><strong id=\"isPasted\">*Ces affirmations n\u2019ont pas \u00e9t\u00e9 \u00e9valu\u00e9es par l\u2019Agence am\u00e9ricaine des produits alimentaires et m\u00e9dicamenteux (FDA). Ce produit n\u2019est pas destin\u00e9 \u00e0 diagnostiquer, traiter, gu\u00e9rir ou pr\u00e9venir quelque maladie que ce soit.<\/strong><\/td>\n<\/tr>\n<\/tbody>\n<\/table>\n<table border=\"1\" width=\"100%\" cellspacing=\"0\" cellpadding=\"3\">\n<tbody>\n<tr valign=\"top\">\n<td colspan=\"3\"><strong>Faits sur les suppl\u00e9ments<\/strong><\/td>\n<\/tr>\n<tr valign=\"top\">\n<td colspan=\"3\"><strong>Serving:\u00a0<\/strong>1\u00a0capsule<\/td>\n<\/tr>\n<tr valign=\"top\">\n<td colspan=\"3\"><strong>Servings per container:\u00a0<\/strong>60<\/td>\n<\/tr>\n<tr valign=\"top\" data-id=\"froala_211\">\n<td><\/td>\n<td><strong>Amount per serving<\/strong><\/td>\n<td><strong>% de la valeur quotidienne<\/strong><\/td>\n<\/tr>\n<tr valign=\"top\" data-id=\"froala_212\">\n<td><strong>M\u00e9lange de bact\u00e9ries probiotiques<\/strong><\/td>\n<td>136 mg<\/td>\n<td>*<\/td>\n<\/tr>\n<tr valign=\"top\" data-id=\"froala_213\">\n<td>Cultures totales<\/td>\n<td>30\u00a0milliards d\u2019UFC<\/td>\n<td><\/td>\n<\/tr>\n<tr valign=\"top\" data-id=\"froala_214\">\n<td>Lactobacillus acidophilus<\/td>\n<td><\/td>\n<td><\/td>\n<\/tr>\n<tr valign=\"top\" data-id=\"froala_215\">\n<td>Lactobacillus rhamnosus<\/td>\n<td><\/td>\n<td><\/td>\n<\/tr>\n<tr valign=\"top\" data-id=\"froala_216\">\n<td>Bifidobacterium lactis<\/td>\n<td><\/td>\n<td><\/td>\n<\/tr>\n<tr valign=\"top\" data-id=\"froala_217\">\n<td>Bifidobacterium longum<\/td>\n<td><\/td>\n<td><\/td>\n<\/tr>\n<tr valign=\"top\" data-id=\"froala_218\">\n<td>Lactobacillus plantarum<\/td>\n<td><\/td>\n<td><\/td>\n<\/tr>\n<tr valign=\"top\" data-id=\"froala_219\">\n<td>Lactobacillus casei<\/td>\n<td><\/td>\n<td><\/td>\n<\/tr>\n<tr valign=\"top\" data-id=\"froala_220\">\n<td>Lactobacillus salivarius<\/td>\n<td><\/td>\n<td><\/td>\n<\/tr>\n<tr valign=\"top\" data-id=\"froala_221\">\n<td>Bifidobacterium breve<\/td>\n<td><\/td>\n<td><\/td>\n<\/tr>\n<tr valign=\"top\">\n<td colspan=\"3\">\u00a0Valeur quotidienne non \u00e9tablie.<\/td>\n<\/tr>\n<\/tbody>\n<\/table>\n<\/div>\n<\/div>\n<\/div>","protected":false},"excerpt":{"rendered":"<ul>\n<li>Probiotiques LactoBif\u00ae\u00a030\u00a0<strong>de California\u00a0Gold\u00a0Nutrition\u00ae<\/strong><\/li>\n<li id=\"isPasted\"><strong>Ferment\u00e9s exclusivement dans des installations IFF au Wisconsin. Qualit\u00e9 test\u00e9e et produit emball\u00e9 en Californie<\/strong><\/li>\n<li>Avec 8\u00a0souches probiotiques actives\u00a0: 5\u00a0lactobacilles et 3\u00a0bifidobact\u00e9ries<\/li>\n<li>Avec 30\u00a0milliards d&rsquo;UFC par capsule v\u00e9g\u00e9tale<\/li>\n<li>Renforcent la sant\u00e9 digestive et intestinale*<\/li>\n<li>Soutiennent le syst\u00e8me immunitaire*<\/li>\n<li>Suitable for vegetarians<\/li>\n<li>Formul\u00e9s sans produits laitiers, gluten, OGM, ni soja<\/li>\n<li>En emballage individuel sous double blister scell\u00e9<\/li>\n<li>Produits dans un \u00e9tablissement respectant les bonnes pratiques de fabrication actuelles (certifi\u00e9) et audit\u00e9 par une organisation tierce<\/li>\n<li>Garantie 100\u00a0% Gold<\/li>\n<\/ul>","protected":false},"featured_media":34179,"template":"","meta":{"om_disable_all_campaigns":false},"product_brand":[2176],"product_cat":[18,8967,3366,11927,8956,11926,7972,8926],"product_tag":[11933,11934,11036,181,3520,11932,3492,460,4273,1029],"class_list":{"0":"post-34176","1":"product","2":"type-product","3":"status-publish","4":"has-post-thumbnail","6":"product_brand-california-gold-nutrition","7":"product_cat-beaute-sante","8":"product_cat-complements","9":"product_cat-complements-alimentaires-au-maroc-vitablanca","10":"product_cat-formules-intestinales","11":"product_cat-formules-pour-les-cheveux","12":"product_cat-lactobacillus","13":"product_cat-probiotiques-2","14":"product_cat-sante-intestinale","15":"product_tag-30-milliards-ufc","16":"product_tag-60-capsules-vegetales","17":"product_tag-california-gold-nutrition","18":"product_tag-complement-alimentaire","19":"product_tag-flore-intestinale","20":"product_tag-lactobif-30","21":"product_tag-maroc","22":"product_tag-probiotiques","23":"product_tag-sante-digestive","24":"product_tag-systeme-immunitaire","26":"first","27":"instock","28":"sale","29":"taxable","30":"shipping-taxable","31":"purchasable","32":"product-type-simple"},"yoast_head":"<!-- This site is optimized with the Yoast SEO plugin v27.5 - https:\/\/yoast.com\/product\/yoast-seo-wordpress\/ -->\n<title>California Gold Nutrition Probiotiques LactoBif 30 60 \u2013 Maroc Prix<\/title>\n<meta name=\"description\" content=\"California Gold Nutrition Probiotiques LactoBif 30, 30 milliards d\u2019UFC, 60 capsules v\u00e9g\u00e9tales. Soutient l\u2019\u00e9quilibre de la flore intestinale. Disponible\" \/>\n<meta name=\"robots\" content=\"index, follow, max-snippet:-1, max-image-preview:large, max-video-preview:-1\" \/>\n<link rel=\"canonical\" href=\"https:\/\/vitablanca.ma\/en\/product\/california-gold-nutrition-probiotiques-lactobif-30-30-milliards-dufc-60-capsules-vegetales-maroc-prix\/\" \/>\n<meta property=\"og:locale\" content=\"en_US\" \/>\n<meta property=\"og:type\" content=\"article\" \/>\n<meta property=\"og:title\" content=\"California Gold Nutrition Probiotiques LactoBif 30 60 \u2013 Maroc Prix\" \/>\n<meta property=\"og:description\" content=\"California Gold Nutrition Probiotiques LactoBif 30, 30 milliards d\u2019UFC, 60 capsules v\u00e9g\u00e9tales. Soutient l\u2019\u00e9quilibre de la flore intestinale. Disponible\" \/>\n<meta property=\"og:url\" content=\"https:\/\/vitablanca.ma\/en\/product\/california-gold-nutrition-probiotiques-lactobif-30-30-milliards-dufc-60-capsules-vegetales-maroc-prix\/\" \/>\n<meta property=\"og:site_name\" content=\"Vitablanca.ma &ndash; Sant&eacute;, vitalit&eacute; et bien-&ecirc;tre pour tous les Marocains\" \/>\n<meta property=\"article:publisher\" content=\"https:\/\/www.facebook.com\/profile.php?id=61576678196717\" \/>\n<meta property=\"article:modified_time\" content=\"2026-03-28T17:51:55+00:00\" \/>\n<meta property=\"og:image\" content=\"https:\/\/vitablanca.ma\/wp-content\/uploads\/2026\/03\/California-Gold-Nutrition-Probiotiques-LactoBif\u00ae-30-30-milliards-dUFC-60-capsules-vegetales1.jpg\" \/>\n\t<meta property=\"og:image:width\" content=\"1600\" \/>\n\t<meta property=\"og:image:height\" content=\"1600\" \/>\n\t<meta property=\"og:image:type\" content=\"image\/jpeg\" \/>\n<meta name=\"twitter:card\" content=\"summary_large_image\" \/>\n<meta name=\"twitter:label1\" content=\"Est. reading time\" \/>\n\t<meta name=\"twitter:data1\" content=\"2 minutes\" \/>\n<script type=\"application\/ld+json\" class=\"yoast-schema-graph\">{\"@context\":\"https:\\\/\\\/schema.org\",\"@graph\":[{\"@type\":[\"WebPage\",\"ItemPage\"],\"@id\":\"https:\\\/\\\/vitablanca.ma\\\/produit\\\/california-gold-nutrition-probiotiques-lactobif-30-30-milliards-dufc-60-capsules-vegetales-maroc-prix\\\/\",\"url\":\"https:\\\/\\\/vitablanca.ma\\\/produit\\\/california-gold-nutrition-probiotiques-lactobif-30-30-milliards-dufc-60-capsules-vegetales-maroc-prix\\\/\",\"name\":\"California Gold Nutrition Probiotiques LactoBif 30 60 \u2013 Maroc Prix\",\"isPartOf\":{\"@id\":\"https:\\\/\\\/vitablanca.ma\\\/#website\"},\"primaryImageOfPage\":{\"@id\":\"https:\\\/\\\/vitablanca.ma\\\/produit\\\/california-gold-nutrition-probiotiques-lactobif-30-30-milliards-dufc-60-capsules-vegetales-maroc-prix\\\/#primaryimage\"},\"image\":{\"@id\":\"https:\\\/\\\/vitablanca.ma\\\/produit\\\/california-gold-nutrition-probiotiques-lactobif-30-30-milliards-dufc-60-capsules-vegetales-maroc-prix\\\/#primaryimage\"},\"thumbnailUrl\":\"https:\\\/\\\/vitablanca.ma\\\/wp-content\\\/uploads\\\/2026\\\/03\\\/California-Gold-Nutrition-Probiotiques-LactoBif\u00ae-30-30-milliards-dUFC-60-capsules-vegetales1.jpg\",\"datePublished\":\"2026-03-15T11:56:44+00:00\",\"dateModified\":\"2026-03-28T17:51:55+00:00\",\"description\":\"California Gold Nutrition Probiotiques LactoBif 30, 30 milliards d\u2019UFC, 60 capsules v\u00e9g\u00e9tales. Soutient l\u2019\u00e9quilibre de la flore intestinale. Disponible\",\"breadcrumb\":{\"@id\":\"https:\\\/\\\/vitablanca.ma\\\/produit\\\/california-gold-nutrition-probiotiques-lactobif-30-30-milliards-dufc-60-capsules-vegetales-maroc-prix\\\/#breadcrumb\"},\"inLanguage\":\"en-US\",\"potentialAction\":[{\"@type\":\"ReadAction\",\"target\":[\"https:\\\/\\\/vitablanca.ma\\\/produit\\\/california-gold-nutrition-probiotiques-lactobif-30-30-milliards-dufc-60-capsules-vegetales-maroc-prix\\\/\"]}]},{\"@type\":\"ImageObject\",\"inLanguage\":\"en-US\",\"@id\":\"https:\\\/\\\/vitablanca.ma\\\/produit\\\/california-gold-nutrition-probiotiques-lactobif-30-30-milliards-dufc-60-capsules-vegetales-maroc-prix\\\/#primaryimage\",\"url\":\"https:\\\/\\\/vitablanca.ma\\\/wp-content\\\/uploads\\\/2026\\\/03\\\/California-Gold-Nutrition-Probiotiques-LactoBif\u00ae-30-30-milliards-dUFC-60-capsules-vegetales1.jpg\",\"contentUrl\":\"https:\\\/\\\/vitablanca.ma\\\/wp-content\\\/uploads\\\/2026\\\/03\\\/California-Gold-Nutrition-Probiotiques-LactoBif\u00ae-30-30-milliards-dUFC-60-capsules-vegetales1.jpg\",\"width\":1600,\"height\":1600},{\"@type\":\"BreadcrumbList\",\"@id\":\"https:\\\/\\\/vitablanca.ma\\\/produit\\\/california-gold-nutrition-probiotiques-lactobif-30-30-milliards-dufc-60-capsules-vegetales-maroc-prix\\\/#breadcrumb\",\"itemListElement\":[{\"@type\":\"ListItem\",\"position\":1,\"name\":\"Home\",\"item\":\"https:\\\/\\\/vitablanca.ma\\\/\"},{\"@type\":\"ListItem\",\"position\":2,\"name\":\"Tous Les Produits\",\"item\":\"https:\\\/\\\/vitablanca.ma\\\/tous-les-produits\\\/\"},{\"@type\":\"ListItem\",\"position\":3,\"name\":\"California Gold Nutrition, Probiotiques LactoBif\u00ae 30, 30 milliards d&#8217;UFC, 60 capsules v\u00e9g\u00e9tales\"}]},{\"@type\":\"WebSite\",\"@id\":\"https:\\\/\\\/vitablanca.ma\\\/#website\",\"url\":\"https:\\\/\\\/vitablanca.ma\\\/\",\"name\":\"VitaBlanca.ma | Compl\u00e9ments alimentaires, sant\u00e9 & beaut\u00e9 au Maroc\",\"description\":\"vendre vitamines et compl\u00e9ments premium des USA &amp; Canada, Nouvelle Z\u00e9lande,Maroc (NOW Foods, Solgar, Manuka). Livraison rapide partout au Maroc.\",\"publisher\":{\"@id\":\"https:\\\/\\\/vitablanca.ma\\\/#organization\"},\"alternateName\":\"VitaBlanca.ma\",\"potentialAction\":[{\"@type\":\"SearchAction\",\"target\":{\"@type\":\"EntryPoint\",\"urlTemplate\":\"https:\\\/\\\/vitablanca.ma\\\/?s={search_term_string}\"},\"query-input\":{\"@type\":\"PropertyValueSpecification\",\"valueRequired\":true,\"valueName\":\"search_term_string\"}}],\"inLanguage\":\"en-US\"},{\"@type\":\"Organization\",\"@id\":\"https:\\\/\\\/vitablanca.ma\\\/#organization\",\"name\":\"VitaBlanca\",\"url\":\"https:\\\/\\\/vitablanca.ma\\\/\",\"logo\":{\"@type\":\"ImageObject\",\"inLanguage\":\"en-US\",\"@id\":\"https:\\\/\\\/vitablanca.ma\\\/#\\\/schema\\\/logo\\\/image\\\/\",\"url\":\"https:\\\/\\\/vitablanca.ma\\\/wp-content\\\/uploads\\\/2025\\\/05\\\/cropped-vitablanca.png\",\"contentUrl\":\"https:\\\/\\\/vitablanca.ma\\\/wp-content\\\/uploads\\\/2025\\\/05\\\/cropped-vitablanca.png\",\"width\":360,\"height\":67,\"caption\":\"VitaBlanca\"},\"image\":{\"@id\":\"https:\\\/\\\/vitablanca.ma\\\/#\\\/schema\\\/logo\\\/image\\\/\"},\"sameAs\":[\"https:\\\/\\\/www.facebook.com\\\/profile.php?id=61576678196717\",\"https:\\\/\\\/www.tiktok.com\\\/@vitablanca.ma\",\"https:\\\/\\\/www.instagram.com\\\/vitablanca.ma\\\/\"]}]}<\/script>\n<!-- \/ Yoast SEO plugin. -->","yoast_head_json":{"title":"California Gold Nutrition Probiotiques LactoBif 30 60 \u2013 Maroc Prix","description":"California Gold Nutrition Probiotiques LactoBif 30, 30 milliards d\u2019UFC, 60 capsules v\u00e9g\u00e9tales. Soutient l\u2019\u00e9quilibre de la flore intestinale. Disponible","robots":{"index":"index","follow":"follow","max-snippet":"max-snippet:-1","max-image-preview":"max-image-preview:large","max-video-preview":"max-video-preview:-1"},"canonical":"https:\/\/vitablanca.ma\/en\/product\/california-gold-nutrition-probiotiques-lactobif-30-30-milliards-dufc-60-capsules-vegetales-maroc-prix\/","og_locale":"en_US","og_type":"article","og_title":"California Gold Nutrition Probiotiques LactoBif 30 60 \u2013 Maroc Prix","og_description":"California Gold Nutrition Probiotiques LactoBif 30, 30 milliards d\u2019UFC, 60 capsules v\u00e9g\u00e9tales. Soutient l\u2019\u00e9quilibre de la flore intestinale. Disponible","og_url":"https:\/\/vitablanca.ma\/en\/product\/california-gold-nutrition-probiotiques-lactobif-30-30-milliards-dufc-60-capsules-vegetales-maroc-prix\/","og_site_name":"Vitablanca.ma &ndash; Sant&eacute;, vitalit&eacute; et bien-&ecirc;tre pour tous les Marocains","article_publisher":"https:\/\/www.facebook.com\/profile.php?id=61576678196717","article_modified_time":"2026-03-28T17:51:55+00:00","og_image":[{"width":1600,"height":1600,"url":"https:\/\/vitablanca.ma\/wp-content\/uploads\/2026\/03\/California-Gold-Nutrition-Probiotiques-LactoBif\u00ae-30-30-milliards-dUFC-60-capsules-vegetales1.jpg","type":"image\/jpeg"}],"twitter_card":"summary_large_image","twitter_misc":{"Est. reading time":"2 minutes"},"schema":{"@context":"https:\/\/schema.org","@graph":[{"@type":["WebPage","ItemPage"],"@id":"https:\/\/vitablanca.ma\/produit\/california-gold-nutrition-probiotiques-lactobif-30-30-milliards-dufc-60-capsules-vegetales-maroc-prix\/","url":"https:\/\/vitablanca.ma\/produit\/california-gold-nutrition-probiotiques-lactobif-30-30-milliards-dufc-60-capsules-vegetales-maroc-prix\/","name":"California Gold Nutrition Probiotiques LactoBif 30 60 \u2013 Maroc Prix","isPartOf":{"@id":"https:\/\/vitablanca.ma\/#website"},"primaryImageOfPage":{"@id":"https:\/\/vitablanca.ma\/produit\/california-gold-nutrition-probiotiques-lactobif-30-30-milliards-dufc-60-capsules-vegetales-maroc-prix\/#primaryimage"},"image":{"@id":"https:\/\/vitablanca.ma\/produit\/california-gold-nutrition-probiotiques-lactobif-30-30-milliards-dufc-60-capsules-vegetales-maroc-prix\/#primaryimage"},"thumbnailUrl":"https:\/\/vitablanca.ma\/wp-content\/uploads\/2026\/03\/California-Gold-Nutrition-Probiotiques-LactoBif\u00ae-30-30-milliards-dUFC-60-capsules-vegetales1.jpg","datePublished":"2026-03-15T11:56:44+00:00","dateModified":"2026-03-28T17:51:55+00:00","description":"California Gold Nutrition Probiotiques LactoBif 30, 30 milliards d\u2019UFC, 60 capsules v\u00e9g\u00e9tales. Soutient l\u2019\u00e9quilibre de la flore intestinale. Disponible","breadcrumb":{"@id":"https:\/\/vitablanca.ma\/produit\/california-gold-nutrition-probiotiques-lactobif-30-30-milliards-dufc-60-capsules-vegetales-maroc-prix\/#breadcrumb"},"inLanguage":"en-US","potentialAction":[{"@type":"ReadAction","target":["https:\/\/vitablanca.ma\/produit\/california-gold-nutrition-probiotiques-lactobif-30-30-milliards-dufc-60-capsules-vegetales-maroc-prix\/"]}]},{"@type":"ImageObject","inLanguage":"en-US","@id":"https:\/\/vitablanca.ma\/produit\/california-gold-nutrition-probiotiques-lactobif-30-30-milliards-dufc-60-capsules-vegetales-maroc-prix\/#primaryimage","url":"https:\/\/vitablanca.ma\/wp-content\/uploads\/2026\/03\/California-Gold-Nutrition-Probiotiques-LactoBif\u00ae-30-30-milliards-dUFC-60-capsules-vegetales1.jpg","contentUrl":"https:\/\/vitablanca.ma\/wp-content\/uploads\/2026\/03\/California-Gold-Nutrition-Probiotiques-LactoBif\u00ae-30-30-milliards-dUFC-60-capsules-vegetales1.jpg","width":1600,"height":1600},{"@type":"BreadcrumbList","@id":"https:\/\/vitablanca.ma\/produit\/california-gold-nutrition-probiotiques-lactobif-30-30-milliards-dufc-60-capsules-vegetales-maroc-prix\/#breadcrumb","itemListElement":[{"@type":"ListItem","position":1,"name":"Home","item":"https:\/\/vitablanca.ma\/"},{"@type":"ListItem","position":2,"name":"Tous Les Produits","item":"https:\/\/vitablanca.ma\/tous-les-produits\/"},{"@type":"ListItem","position":3,"name":"California Gold Nutrition, Probiotiques LactoBif\u00ae 30, 30 milliards d&#8217;UFC, 60 capsules v\u00e9g\u00e9tales"}]},{"@type":"WebSite","@id":"https:\/\/vitablanca.ma\/#website","url":"https:\/\/vitablanca.ma\/","name":"VitaBlanca.ma | Food supplements, health &amp; beauty in Morocco","description":"sell premium vitamins and supplements from USA &amp; Canada, New Zealand, Morocco (NOW Foods, Solgar, Manuka). Fast delivery anywhere in Morocco.","publisher":{"@id":"https:\/\/vitablanca.ma\/#organization"},"alternateName":"VitaBlanca.ma","potentialAction":[{"@type":"SearchAction","target":{"@type":"EntryPoint","urlTemplate":"https:\/\/vitablanca.ma\/?s={search_term_string}"},"query-input":{"@type":"PropertyValueSpecification","valueRequired":true,"valueName":"search_term_string"}}],"inLanguage":"en-US"},{"@type":"Organization","@id":"https:\/\/vitablanca.ma\/#organization","name":"VitaBlanca","url":"https:\/\/vitablanca.ma\/","logo":{"@type":"ImageObject","inLanguage":"en-US","@id":"https:\/\/vitablanca.ma\/#\/schema\/logo\/image\/","url":"https:\/\/vitablanca.ma\/wp-content\/uploads\/2025\/05\/cropped-vitablanca.png","contentUrl":"https:\/\/vitablanca.ma\/wp-content\/uploads\/2025\/05\/cropped-vitablanca.png","width":360,"height":67,"caption":"VitaBlanca"},"image":{"@id":"https:\/\/vitablanca.ma\/#\/schema\/logo\/image\/"},"sameAs":["https:\/\/www.facebook.com\/profile.php?id=61576678196717","https:\/\/www.tiktok.com\/@vitablanca.ma","https:\/\/www.instagram.com\/vitablanca.ma\/"]}]}},"jetpack_sharing_enabled":true,"_links":{"self":[{"href":"https:\/\/vitablanca.ma\/en\/wp-json\/wp\/v2\/product\/34176","targetHints":{"allow":["GET"]}}],"collection":[{"href":"https:\/\/vitablanca.ma\/en\/wp-json\/wp\/v2\/product"}],"about":[{"href":"https:\/\/vitablanca.ma\/en\/wp-json\/wp\/v2\/types\/product"}],"wp:featuredmedia":[{"embeddable":true,"href":"https:\/\/vitablanca.ma\/en\/wp-json\/wp\/v2\/media\/34179"}],"wp:attachment":[{"href":"https:\/\/vitablanca.ma\/en\/wp-json\/wp\/v2\/media?parent=34176"}],"wp:term":[{"taxonomy":"product_brand","embeddable":true,"href":"https:\/\/vitablanca.ma\/en\/wp-json\/wp\/v2\/product_brand?post=34176"},{"taxonomy":"product_cat","embeddable":true,"href":"https:\/\/vitablanca.ma\/en\/wp-json\/wp\/v2\/product_cat?post=34176"},{"taxonomy":"product_tag","embeddable":true,"href":"https:\/\/vitablanca.ma\/en\/wp-json\/wp\/v2\/product_tag?post=34176"}],"curies":[{"name":"wp","href":"https:\/\/api.w.org\/{rel}","templated":true}]}}