{"id":34128,"date":"2026-03-13T02:34:23","date_gmt":"2026-03-13T02:34:23","guid":{"rendered":"https:\/\/vitablanca.ma\/?post_type=product&#038;p=34128"},"modified":"2026-03-28T17:51:55","modified_gmt":"2026-03-28T17:51:55","slug":"california-gold-nutrition-probiotiques-lactobif-100-100-milliards-dufc-30-capsules-vegetales-maroc-prix","status":"publish","type":"product","link":"https:\/\/vitablanca.ma\/en\/product\/california-gold-nutrition-probiotiques-lactobif-100-100-milliards-dufc-30-capsules-vegetales-maroc-prix\/","title":{"rendered":"California Gold Nutrition, Probiotiques LactoBif\u00ae 100, 100 milliards d&rsquo;UFC, 30 capsules v\u00e9g\u00e9tales"},"content":{"rendered":"<div class=\"row item-row\">\n<div class=\"col-xs-24\">\n<h3><strong>Suggested Use<\/strong><\/h3>\n<div class=\"prodOverviewDetail\">\n<p>Prenez 1 capsule par jour, avec ou sans nourriture. \u00c0 prendre de pr\u00e9f\u00e9rence selon les recommandations d&rsquo;un professionnel de sant\u00e9 qualifi\u00e9.<\/p>\n<\/div>\n<\/div>\n<\/div>\n<div class=\"row item-row\">\n<div class=\"col-xs-24\">\n<h3><strong>Other ingredients<\/strong><\/h3>\n<div class=\"prodOverviewIngred\">\n<p><strong>Ingr\u00e9dients principaux<br \/>\n<\/strong>M\u00e9lange de bact\u00e9ries probiotiques<\/p>\n<p><strong>Other ingredients<br \/>\n<\/strong>Cellulose modifi\u00e9e (capsule v\u00e9g\u00e9tale en hypromellose), cellulose microcristalline, st\u00e9arate de magn\u00e9sium et dioxyde de silicium (silice).<\/p>\n<p>Produit \u00e9labor\u00e9 sans lait, \u0153ufs, poisson, crustac\u00e9s, fruits \u00e0 coque, arachides, bl\u00e9, soja, s\u00e9same ni gluten. Produit dans un \u00e9tablissement enregistr\u00e9 aupr\u00e8s de la FDA, audit\u00e9 par une organisation tierce, et respectant les BPF actuelles (certifi\u00e9) susceptible de transformer d&rsquo;autres produits qui contiennent ces allerg\u00e8nes ou ingr\u00e9dients.<\/p>\n<\/div>\n<\/div>\n<\/div>\n<div class=\"row item-row\">\n<div class=\"col-xs-24\">\n<h3><strong>Warnings<\/strong><\/h3>\n<div class=\"prodOverviewDetail\">\n<p id=\"isPasted\"><strong>Keep out of reach of children.<\/strong>\u00a0Demander l&rsquo;avis d&rsquo;un m\u00e9decin, d&rsquo;un pharmacien, d&rsquo;un autre professionnel de sant\u00e9 qualifi\u00e9 ou d&rsquo;un naturopathe avant de prendre des compl\u00e9ments.<\/p>\n<p><strong>En emballage individuel sous double blister scell\u00e9 pour assurer la qualit\u00e9 du produit et votre protection. Ne pas utiliser si l&#8217;emballage blister est perfor\u00e9 ou manquant. \u00c0 conserver dans un endroit frais et sec. Conserver \u00e0 l&rsquo;abri de la chaleur, de la lumi\u00e8re et de l&rsquo;humidit\u00e9.<\/strong><\/p>\n<p>Efficacit\u00e9 garantie jusqu&rsquo;\u00e0 la date de p\u00e9remption lorsque le produit est conserv\u00e9 dans un endroit frais et sec \u00e0 une temp\u00e9rature \u00e9gale ou inf\u00e9rieure \u00e0 25 \u00b0C.\u00a0<strong>La r\u00e9frig\u00e9ration n&rsquo;est pas n\u00e9cessaire, mais est fortement recommand\u00e9e<\/strong>.<sup>1<\/sup><\/p>\n<p><sup>1<\/sup>Stable \u00e0 temp\u00e9rature ambiante : \u00e0 conserver \u00e0 temp\u00e9rature ambiante contr\u00f4l\u00e9e entre 20 \u00b0C et 25 \u00b0C. La r\u00e9frig\u00e9ration n&rsquo;est pas obligatoire, mais est fortement recommand\u00e9e. Une exposition prolong\u00e9e \u00e0 une temp\u00e9rature de conservation sup\u00e9rieure aux recommandations risque d&rsquo;entra\u00eener la d\u00e9gradation du produit et une r\u00e9duction du nombre de bact\u00e9ries probiotiques vivantes et actives. Efficacit\u00e9 garantie jusqu&rsquo;\u00e0 la date de p\u00e9remption lorsque le produit est conserv\u00e9 dans un endroit frais et sec \u00e0 temp\u00e9rature \u00e9gale ou inf\u00e9rieure \u00e0 25 \u00b0C.<\/p>\n<p><sup>2<\/sup>\u00c9tudes in vitro men\u00e9es par le fournisseur des mati\u00e8res premi\u00e8res probiotiques.<\/p>\n<table border=\"1\" width=\"100%\" cellspacing=\"0\" cellpadding=\"3\">\n<tbody>\n<tr valign=\"top\">\n<td colspan=\"3\"><strong>Valeurs nutritionnelles<\/strong><\/td>\n<\/tr>\n<tr valign=\"top\">\n<td colspan=\"3\"><strong>Serving:\u00a0<\/strong>1\u00a0capsule<\/td>\n<\/tr>\n<tr valign=\"top\">\n<td colspan=\"3\"><strong>Portions par contenant :\u00a0<\/strong>30<\/td>\n<\/tr>\n<tr valign=\"top\">\n<td><\/td>\n<td><strong>Amount per serving<\/strong><\/td>\n<td><strong>% daily intake<\/strong><\/td>\n<\/tr>\n<tr valign=\"top\">\n<td><strong>M\u00e9lange de bact\u00e9ries probiotiques<\/strong><br \/>\nCultures totales<br \/>\nLactobacillus acidophilus<br \/>\nLactobacillus rhamnosus<br \/>\nBifidobacterium lactis<br \/>\nBifidobacterium longum<br \/>\nBifidobacterium plantarum<br \/>\nLactobacillus casei<br \/>\nLactobacillus salivarius<br \/>\nBifidobacterium breve<\/td>\n<td>200 mg<br \/>\n100 milliards d&rsquo;UFC<\/td>\n<td>*<\/td>\n<\/tr>\n<tr valign=\"top\">\n<td colspan=\"3\">Apport journalier non \u00e9tabli.<\/td>\n<\/tr>\n<\/tbody>\n<\/table>\n<\/div>\n<\/div>\n<\/div>","protected":false},"excerpt":{"rendered":"<ul>\n<li><strong>Probiotiques LactoBif\u00ae 100<\/strong>\u00a0of\u00a0<em>California Gold Nutrition<\/em><\/li>\n<li><strong>Ferment\u00e9s exclusivement dans des installations IFF au Wisconsin. Qualit\u00e9 test\u00e9e et produit emball\u00e9 en Californie<\/strong><\/li>\n<li>Avec 8\u00a0souches probiotiques actives\u00a0: 5\u00a0lactobacilles et 3\u00a0bifidobact\u00e9ries<\/li>\n<li>Avec 100\u00a0milliards d&rsquo;UFC par capsule v\u00e9g\u00e9tale<\/li>\n<li>Renforcent la sant\u00e9 digestive et intestinale*<\/li>\n<li>Soutiennent le syst\u00e8me immunitaire*<\/li>\n<li>Suitable for vegetarians<\/li>\n<li>Formul\u00e9s sans produits laitiers, gluten, OGM ni soja<\/li>\n<li>En emballage individuel sous double blister scell\u00e9<\/li>\n<li>Produits dans un \u00e9tablissement respectant les bonnes pratiques de fabrication actuelles (certifi\u00e9) et audit\u00e9 par une organisation tierce<\/li>\n<li>Garantie 100\u00a0% Gold<\/li>\n<\/ul>","protected":false},"featured_media":34129,"template":"","meta":{"om_disable_all_campaigns":false},"product_brand":[2176],"product_cat":[18,8967,3366,11927,11926,2847,8926],"product_tag":[11929,11930,11036,181,3520,11928,3492,460,4273,1029],"class_list":{"0":"post-34128","1":"product","2":"type-product","3":"status-publish","4":"has-post-thumbnail","6":"product_brand-california-gold-nutrition","7":"product_cat-beaute-sante","8":"product_cat-complements","9":"product_cat-complements-alimentaires-au-maroc-vitablanca","10":"product_cat-formules-intestinales","11":"product_cat-lactobacillus","12":"product_cat-probiotiques","13":"product_cat-sante-intestinale","14":"product_tag-100-milliards-ufc","15":"product_tag-30-capsules-vegetales","16":"product_tag-california-gold-nutrition","17":"product_tag-complement-alimentaire","18":"product_tag-flore-intestinale","19":"product_tag-lactobif-100","20":"product_tag-maroc","21":"product_tag-probiotiques","22":"product_tag-sante-digestive","23":"product_tag-systeme-immunitaire","25":"first","26":"instock","27":"sale","28":"taxable","29":"shipping-taxable","30":"purchasable","31":"product-type-simple"},"yoast_head":"<!-- This site is optimized with the Yoast SEO plugin v27.5 - https:\/\/yoast.com\/product\/yoast-seo-wordpress\/ -->\n<title>California Gold Nutrition Probiotiques LactoBif 100 30 \u2013 Maroc Prix<\/title>\n<meta name=\"description\" content=\"California Gold Nutrition Probiotiques LactoBif 100, 100 milliards d\u2019UFC, 30 capsules v\u00e9g\u00e9tales. Formule avanc\u00e9e pour soutenir la sant\u00e9 digestive.\" \/>\n<meta name=\"robots\" content=\"index, follow, max-snippet:-1, max-image-preview:large, max-video-preview:-1\" \/>\n<link rel=\"canonical\" href=\"https:\/\/vitablanca.ma\/en\/product\/california-gold-nutrition-probiotiques-lactobif-100-100-milliards-dufc-30-capsules-vegetales-maroc-prix\/\" \/>\n<meta property=\"og:locale\" content=\"en_US\" \/>\n<meta property=\"og:type\" content=\"article\" \/>\n<meta property=\"og:title\" content=\"California Gold Nutrition Probiotiques LactoBif 100 30 \u2013 Maroc Prix\" \/>\n<meta property=\"og:description\" content=\"California Gold Nutrition Probiotiques LactoBif 100, 100 milliards d\u2019UFC, 30 capsules v\u00e9g\u00e9tales. Formule avanc\u00e9e pour soutenir la sant\u00e9 digestive.\" \/>\n<meta property=\"og:url\" content=\"https:\/\/vitablanca.ma\/en\/product\/california-gold-nutrition-probiotiques-lactobif-100-100-milliards-dufc-30-capsules-vegetales-maroc-prix\/\" \/>\n<meta property=\"og:site_name\" content=\"Vitablanca.ma &ndash; Sant&eacute;, vitalit&eacute; et bien-&ecirc;tre pour tous les Marocains\" \/>\n<meta property=\"article:publisher\" content=\"https:\/\/www.facebook.com\/profile.php?id=61576678196717\" \/>\n<meta property=\"article:modified_time\" content=\"2026-03-28T17:51:55+00:00\" \/>\n<meta property=\"og:image\" content=\"https:\/\/vitablanca.ma\/wp-content\/uploads\/2026\/03\/California-Gold-Nutrition-Probiotiques-LactoBif\u00ae-100-100-milliards-dUFC-30-capsules-vegetales1.jpg\" \/>\n\t<meta property=\"og:image:width\" content=\"1600\" \/>\n\t<meta property=\"og:image:height\" content=\"1600\" \/>\n\t<meta property=\"og:image:type\" content=\"image\/jpeg\" \/>\n<meta name=\"twitter:card\" content=\"summary_large_image\" \/>\n<meta name=\"twitter:label1\" content=\"Est. reading time\" \/>\n\t<meta name=\"twitter:data1\" content=\"2 minutes\" \/>\n<script type=\"application\/ld+json\" class=\"yoast-schema-graph\">{\"@context\":\"https:\\\/\\\/schema.org\",\"@graph\":[{\"@type\":[\"WebPage\",\"ItemPage\"],\"@id\":\"https:\\\/\\\/vitablanca.ma\\\/produit\\\/california-gold-nutrition-probiotiques-lactobif-100-100-milliards-dufc-30-capsules-vegetales-maroc-prix\\\/\",\"url\":\"https:\\\/\\\/vitablanca.ma\\\/produit\\\/california-gold-nutrition-probiotiques-lactobif-100-100-milliards-dufc-30-capsules-vegetales-maroc-prix\\\/\",\"name\":\"California Gold Nutrition Probiotiques LactoBif 100 30 \u2013 Maroc Prix\",\"isPartOf\":{\"@id\":\"https:\\\/\\\/vitablanca.ma\\\/#website\"},\"primaryImageOfPage\":{\"@id\":\"https:\\\/\\\/vitablanca.ma\\\/produit\\\/california-gold-nutrition-probiotiques-lactobif-100-100-milliards-dufc-30-capsules-vegetales-maroc-prix\\\/#primaryimage\"},\"image\":{\"@id\":\"https:\\\/\\\/vitablanca.ma\\\/produit\\\/california-gold-nutrition-probiotiques-lactobif-100-100-milliards-dufc-30-capsules-vegetales-maroc-prix\\\/#primaryimage\"},\"thumbnailUrl\":\"https:\\\/\\\/vitablanca.ma\\\/wp-content\\\/uploads\\\/2026\\\/03\\\/California-Gold-Nutrition-Probiotiques-LactoBif\u00ae-100-100-milliards-dUFC-30-capsules-vegetales1.jpg\",\"datePublished\":\"2026-03-13T02:34:23+00:00\",\"dateModified\":\"2026-03-28T17:51:55+00:00\",\"description\":\"California Gold Nutrition Probiotiques LactoBif 100, 100 milliards d\u2019UFC, 30 capsules v\u00e9g\u00e9tales. Formule avanc\u00e9e pour soutenir la sant\u00e9 digestive.\",\"breadcrumb\":{\"@id\":\"https:\\\/\\\/vitablanca.ma\\\/produit\\\/california-gold-nutrition-probiotiques-lactobif-100-100-milliards-dufc-30-capsules-vegetales-maroc-prix\\\/#breadcrumb\"},\"inLanguage\":\"en-US\",\"potentialAction\":[{\"@type\":\"ReadAction\",\"target\":[\"https:\\\/\\\/vitablanca.ma\\\/produit\\\/california-gold-nutrition-probiotiques-lactobif-100-100-milliards-dufc-30-capsules-vegetales-maroc-prix\\\/\"]}]},{\"@type\":\"ImageObject\",\"inLanguage\":\"en-US\",\"@id\":\"https:\\\/\\\/vitablanca.ma\\\/produit\\\/california-gold-nutrition-probiotiques-lactobif-100-100-milliards-dufc-30-capsules-vegetales-maroc-prix\\\/#primaryimage\",\"url\":\"https:\\\/\\\/vitablanca.ma\\\/wp-content\\\/uploads\\\/2026\\\/03\\\/California-Gold-Nutrition-Probiotiques-LactoBif\u00ae-100-100-milliards-dUFC-30-capsules-vegetales1.jpg\",\"contentUrl\":\"https:\\\/\\\/vitablanca.ma\\\/wp-content\\\/uploads\\\/2026\\\/03\\\/California-Gold-Nutrition-Probiotiques-LactoBif\u00ae-100-100-milliards-dUFC-30-capsules-vegetales1.jpg\",\"width\":1600,\"height\":1600},{\"@type\":\"BreadcrumbList\",\"@id\":\"https:\\\/\\\/vitablanca.ma\\\/produit\\\/california-gold-nutrition-probiotiques-lactobif-100-100-milliards-dufc-30-capsules-vegetales-maroc-prix\\\/#breadcrumb\",\"itemListElement\":[{\"@type\":\"ListItem\",\"position\":1,\"name\":\"Home\",\"item\":\"https:\\\/\\\/vitablanca.ma\\\/\"},{\"@type\":\"ListItem\",\"position\":2,\"name\":\"Tous Les Produits\",\"item\":\"https:\\\/\\\/vitablanca.ma\\\/tous-les-produits\\\/\"},{\"@type\":\"ListItem\",\"position\":3,\"name\":\"California Gold Nutrition, Probiotiques LactoBif\u00ae 100, 100 milliards d&#8217;UFC, 30 capsules v\u00e9g\u00e9tales\"}]},{\"@type\":\"WebSite\",\"@id\":\"https:\\\/\\\/vitablanca.ma\\\/#website\",\"url\":\"https:\\\/\\\/vitablanca.ma\\\/\",\"name\":\"VitaBlanca.ma | Compl\u00e9ments alimentaires, sant\u00e9 & beaut\u00e9 au Maroc\",\"description\":\"vendre vitamines et compl\u00e9ments premium des USA &amp; Canada, Nouvelle Z\u00e9lande,Maroc (NOW Foods, Solgar, Manuka). Livraison rapide partout au Maroc.\",\"publisher\":{\"@id\":\"https:\\\/\\\/vitablanca.ma\\\/#organization\"},\"alternateName\":\"VitaBlanca.ma\",\"potentialAction\":[{\"@type\":\"SearchAction\",\"target\":{\"@type\":\"EntryPoint\",\"urlTemplate\":\"https:\\\/\\\/vitablanca.ma\\\/?s={search_term_string}\"},\"query-input\":{\"@type\":\"PropertyValueSpecification\",\"valueRequired\":true,\"valueName\":\"search_term_string\"}}],\"inLanguage\":\"en-US\"},{\"@type\":\"Organization\",\"@id\":\"https:\\\/\\\/vitablanca.ma\\\/#organization\",\"name\":\"VitaBlanca\",\"url\":\"https:\\\/\\\/vitablanca.ma\\\/\",\"logo\":{\"@type\":\"ImageObject\",\"inLanguage\":\"en-US\",\"@id\":\"https:\\\/\\\/vitablanca.ma\\\/#\\\/schema\\\/logo\\\/image\\\/\",\"url\":\"https:\\\/\\\/vitablanca.ma\\\/wp-content\\\/uploads\\\/2025\\\/05\\\/cropped-vitablanca.png\",\"contentUrl\":\"https:\\\/\\\/vitablanca.ma\\\/wp-content\\\/uploads\\\/2025\\\/05\\\/cropped-vitablanca.png\",\"width\":360,\"height\":67,\"caption\":\"VitaBlanca\"},\"image\":{\"@id\":\"https:\\\/\\\/vitablanca.ma\\\/#\\\/schema\\\/logo\\\/image\\\/\"},\"sameAs\":[\"https:\\\/\\\/www.facebook.com\\\/profile.php?id=61576678196717\",\"https:\\\/\\\/www.tiktok.com\\\/@vitablanca.ma\",\"https:\\\/\\\/www.instagram.com\\\/vitablanca.ma\\\/\"]}]}<\/script>\n<!-- \/ Yoast SEO plugin. -->","yoast_head_json":{"title":"California Gold Nutrition Probiotiques LactoBif 100 30 \u2013 Maroc Prix","description":"California Gold Nutrition Probiotiques LactoBif 100, 100 milliards d\u2019UFC, 30 capsules v\u00e9g\u00e9tales. Formule avanc\u00e9e pour soutenir la sant\u00e9 digestive.","robots":{"index":"index","follow":"follow","max-snippet":"max-snippet:-1","max-image-preview":"max-image-preview:large","max-video-preview":"max-video-preview:-1"},"canonical":"https:\/\/vitablanca.ma\/en\/product\/california-gold-nutrition-probiotiques-lactobif-100-100-milliards-dufc-30-capsules-vegetales-maroc-prix\/","og_locale":"en_US","og_type":"article","og_title":"California Gold Nutrition Probiotiques LactoBif 100 30 \u2013 Maroc Prix","og_description":"California Gold Nutrition Probiotiques LactoBif 100, 100 milliards d\u2019UFC, 30 capsules v\u00e9g\u00e9tales. Formule avanc\u00e9e pour soutenir la sant\u00e9 digestive.","og_url":"https:\/\/vitablanca.ma\/en\/product\/california-gold-nutrition-probiotiques-lactobif-100-100-milliards-dufc-30-capsules-vegetales-maroc-prix\/","og_site_name":"Vitablanca.ma &ndash; Sant&eacute;, vitalit&eacute; et bien-&ecirc;tre pour tous les Marocains","article_publisher":"https:\/\/www.facebook.com\/profile.php?id=61576678196717","article_modified_time":"2026-03-28T17:51:55+00:00","og_image":[{"width":1600,"height":1600,"url":"https:\/\/vitablanca.ma\/wp-content\/uploads\/2026\/03\/California-Gold-Nutrition-Probiotiques-LactoBif\u00ae-100-100-milliards-dUFC-30-capsules-vegetales1.jpg","type":"image\/jpeg"}],"twitter_card":"summary_large_image","twitter_misc":{"Est. reading time":"2 minutes"},"schema":{"@context":"https:\/\/schema.org","@graph":[{"@type":["WebPage","ItemPage"],"@id":"https:\/\/vitablanca.ma\/produit\/california-gold-nutrition-probiotiques-lactobif-100-100-milliards-dufc-30-capsules-vegetales-maroc-prix\/","url":"https:\/\/vitablanca.ma\/produit\/california-gold-nutrition-probiotiques-lactobif-100-100-milliards-dufc-30-capsules-vegetales-maroc-prix\/","name":"California Gold Nutrition Probiotiques LactoBif 100 30 \u2013 Maroc Prix","isPartOf":{"@id":"https:\/\/vitablanca.ma\/#website"},"primaryImageOfPage":{"@id":"https:\/\/vitablanca.ma\/produit\/california-gold-nutrition-probiotiques-lactobif-100-100-milliards-dufc-30-capsules-vegetales-maroc-prix\/#primaryimage"},"image":{"@id":"https:\/\/vitablanca.ma\/produit\/california-gold-nutrition-probiotiques-lactobif-100-100-milliards-dufc-30-capsules-vegetales-maroc-prix\/#primaryimage"},"thumbnailUrl":"https:\/\/vitablanca.ma\/wp-content\/uploads\/2026\/03\/California-Gold-Nutrition-Probiotiques-LactoBif\u00ae-100-100-milliards-dUFC-30-capsules-vegetales1.jpg","datePublished":"2026-03-13T02:34:23+00:00","dateModified":"2026-03-28T17:51:55+00:00","description":"California Gold Nutrition Probiotiques LactoBif 100, 100 milliards d\u2019UFC, 30 capsules v\u00e9g\u00e9tales. Formule avanc\u00e9e pour soutenir la sant\u00e9 digestive.","breadcrumb":{"@id":"https:\/\/vitablanca.ma\/produit\/california-gold-nutrition-probiotiques-lactobif-100-100-milliards-dufc-30-capsules-vegetales-maroc-prix\/#breadcrumb"},"inLanguage":"en-US","potentialAction":[{"@type":"ReadAction","target":["https:\/\/vitablanca.ma\/produit\/california-gold-nutrition-probiotiques-lactobif-100-100-milliards-dufc-30-capsules-vegetales-maroc-prix\/"]}]},{"@type":"ImageObject","inLanguage":"en-US","@id":"https:\/\/vitablanca.ma\/produit\/california-gold-nutrition-probiotiques-lactobif-100-100-milliards-dufc-30-capsules-vegetales-maroc-prix\/#primaryimage","url":"https:\/\/vitablanca.ma\/wp-content\/uploads\/2026\/03\/California-Gold-Nutrition-Probiotiques-LactoBif\u00ae-100-100-milliards-dUFC-30-capsules-vegetales1.jpg","contentUrl":"https:\/\/vitablanca.ma\/wp-content\/uploads\/2026\/03\/California-Gold-Nutrition-Probiotiques-LactoBif\u00ae-100-100-milliards-dUFC-30-capsules-vegetales1.jpg","width":1600,"height":1600},{"@type":"BreadcrumbList","@id":"https:\/\/vitablanca.ma\/produit\/california-gold-nutrition-probiotiques-lactobif-100-100-milliards-dufc-30-capsules-vegetales-maroc-prix\/#breadcrumb","itemListElement":[{"@type":"ListItem","position":1,"name":"Home","item":"https:\/\/vitablanca.ma\/"},{"@type":"ListItem","position":2,"name":"Tous Les Produits","item":"https:\/\/vitablanca.ma\/tous-les-produits\/"},{"@type":"ListItem","position":3,"name":"California Gold Nutrition, Probiotiques LactoBif\u00ae 100, 100 milliards d&#8217;UFC, 30 capsules v\u00e9g\u00e9tales"}]},{"@type":"WebSite","@id":"https:\/\/vitablanca.ma\/#website","url":"https:\/\/vitablanca.ma\/","name":"VitaBlanca.ma | Food supplements, health &amp; beauty in Morocco","description":"sell premium vitamins and supplements from USA &amp; Canada, New Zealand, Morocco (NOW Foods, Solgar, Manuka). Fast delivery anywhere in Morocco.","publisher":{"@id":"https:\/\/vitablanca.ma\/#organization"},"alternateName":"VitaBlanca.ma","potentialAction":[{"@type":"SearchAction","target":{"@type":"EntryPoint","urlTemplate":"https:\/\/vitablanca.ma\/?s={search_term_string}"},"query-input":{"@type":"PropertyValueSpecification","valueRequired":true,"valueName":"search_term_string"}}],"inLanguage":"en-US"},{"@type":"Organization","@id":"https:\/\/vitablanca.ma\/#organization","name":"VitaBlanca","url":"https:\/\/vitablanca.ma\/","logo":{"@type":"ImageObject","inLanguage":"en-US","@id":"https:\/\/vitablanca.ma\/#\/schema\/logo\/image\/","url":"https:\/\/vitablanca.ma\/wp-content\/uploads\/2025\/05\/cropped-vitablanca.png","contentUrl":"https:\/\/vitablanca.ma\/wp-content\/uploads\/2025\/05\/cropped-vitablanca.png","width":360,"height":67,"caption":"VitaBlanca"},"image":{"@id":"https:\/\/vitablanca.ma\/#\/schema\/logo\/image\/"},"sameAs":["https:\/\/www.facebook.com\/profile.php?id=61576678196717","https:\/\/www.tiktok.com\/@vitablanca.ma","https:\/\/www.instagram.com\/vitablanca.ma\/"]}]}},"jetpack_sharing_enabled":true,"_links":{"self":[{"href":"https:\/\/vitablanca.ma\/en\/wp-json\/wp\/v2\/product\/34128","targetHints":{"allow":["GET"]}}],"collection":[{"href":"https:\/\/vitablanca.ma\/en\/wp-json\/wp\/v2\/product"}],"about":[{"href":"https:\/\/vitablanca.ma\/en\/wp-json\/wp\/v2\/types\/product"}],"wp:featuredmedia":[{"embeddable":true,"href":"https:\/\/vitablanca.ma\/en\/wp-json\/wp\/v2\/media\/34129"}],"wp:attachment":[{"href":"https:\/\/vitablanca.ma\/en\/wp-json\/wp\/v2\/media?parent=34128"}],"wp:term":[{"taxonomy":"product_brand","embeddable":true,"href":"https:\/\/vitablanca.ma\/en\/wp-json\/wp\/v2\/product_brand?post=34128"},{"taxonomy":"product_cat","embeddable":true,"href":"https:\/\/vitablanca.ma\/en\/wp-json\/wp\/v2\/product_cat?post=34128"},{"taxonomy":"product_tag","embeddable":true,"href":"https:\/\/vitablanca.ma\/en\/wp-json\/wp\/v2\/product_tag?post=34128"}],"curies":[{"name":"wp","href":"https:\/\/api.w.org\/{rel}","templated":true}]}}