{"id":34031,"date":"2026-03-10T18:02:14","date_gmt":"2026-03-10T18:02:14","guid":{"rendered":"https:\/\/vitablanca.ma\/?post_type=product&#038;p=34031"},"modified":"2026-03-28T17:51:59","modified_gmt":"2026-03-28T17:51:59","slug":"now-foods-dim-200-90-capsules-vegetariennes-maroc-prix","status":"publish","type":"product","link":"https:\/\/vitablanca.ma\/en\/product\/now-foods-dim-200-90-capsules-vegetariennes-maroc-prix\/","title":{"rendered":"NOW Foods, DIM 200, 90 capsules v\u00e9g\u00e9tariennes"},"content":{"rendered":"<div class=\"row item-row\">\n<div class=\"col-xs-24\">\n<div>\n<p>Avec DIM\u00a0200 de NOW, vous pouvez favoriser un m\u00e9tabolisme hormonal sain en renfor\u00e7ant les processus normaux de d\u00e9sintoxication de votre organisme. Le diindolylm\u00e9thane, ou DIM, est un indole phytochimique qui est un m\u00e9tabolite naturel de compos\u00e9s pr\u00e9sents dans les l\u00e9gumes crucif\u00e8res tels que le brocoli, les choux de Bruxelles et le chou. Nous avons inclus le calcium-D-glucarate pour aider \u00e0 renforcer un processus appel\u00e9 glucuronidation, un m\u00e9canisme important de d\u00e9sintoxication qui aide \u00e0 l\u2019\u00e9limination de certaines toxines environnementales de l\u2019organisme.<\/p>\n<\/div>\n<\/div>\n<\/div>\n<div class=\"row item-row\">\n<div class=\"col-xs-24\">\n<h3><strong>Suggested Use<\/strong><\/h3>\n<div class=\"prodOverviewDetail\">\n<p>Prenez 1\u00a0capsule par jour au cours d\u2019un repas.<\/p>\n<\/div>\n<\/div>\n<\/div>\n<div class=\"row item-row\">\n<div class=\"col-xs-24\">\n<h3><strong>Other ingredients<\/strong><\/h3>\n<div class=\"prodOverviewIngred\">\n<p>Hypromellose (capsule de cellulose), cellulose microcristalline, acide st\u00e9arique (d\u2019origine v\u00e9g\u00e9tale) et dioxyde de silicium.<\/p>\n<p>\u00c9labor\u00e9 sans levure, bl\u00e9, gluten, soja, ma\u00efs, lait, \u0153ufs, du poisson, fruits de mer ou fruits \u00e0 coque. Produite dans un \u00e9tablissement respectant les bonnes pratiques de fabrication qui traite d\u2019autres ingr\u00e9dients contenant ces allerg\u00e8nes.<\/p>\n<\/div>\n<\/div>\n<\/div>\n<div class=\"row item-row\">\n<div class=\"col-xs-24\">\n<h3><strong>Warnings<\/strong><\/h3>\n<div class=\"prodOverviewDetail\">\n<p>Store in a cool, dry place.<\/p>\n<p>Attention\u00a0: R\u00e9serv\u00e9 aux adultes. Ne pas consommer ce produit si vous \u00eates enceinte ou si vous allaitez. Consulter un m\u00e9decin si vous prenez des m\u00e9dicaments ou pr\u00e9sentez une affection m\u00e9dicale. Tenir hors de port\u00e9e des enfants.<\/p>\n<p>Une variation naturelle de couleur peut se produire.<\/p>\n<table role=\"presentation\" border=\"1\" width=\"100%\" cellspacing=\"0\" cellpadding=\"3\">\n<tbody>\n<tr valign=\"top\">\n<td colspan=\"3\"><strong>Properties<\/strong><\/td>\n<\/tr>\n<tr valign=\"top\">\n<td colspan=\"3\"><strong>Serving:\u00a0<\/strong>1\u00a0capsule v\u00e9g\u00e9tarienne<\/td>\n<\/tr>\n<tr valign=\"top\">\n<td width=\"70%\"><\/td>\n<td width=\"15%\"><strong>Amount per serving<\/strong><\/td>\n<td width=\"15%\"><strong>%\u00a0d\u2019apport journalier<\/strong><\/td>\n<\/tr>\n<tr valign=\"top\">\n<td>Calcium (issu de calcium D-glucarate)<\/td>\n<td>12\u00a0mg<\/td>\n<td>1\u00a0%<\/td>\n<\/tr>\n<tr valign=\"top\">\n<td>Dim (3,3\u2032-diindolylm\u00e9thane)<\/td>\n<td>200\u00a0mg<\/td>\n<td>*<\/td>\n<\/tr>\n<tr valign=\"top\">\n<td>Calcium D-glucarate (forme t\u00e9trahydrat\u00e9e)<\/td>\n<td>100\u00a0mg<\/td>\n<td>*<\/td>\n<\/tr>\n<tr valign=\"top\">\n<td>Complexes cuivriques de cholorophyllines de sodium (chlorophylle)<\/td>\n<td>20\u00a0mg<\/td>\n<td>*<\/td>\n<\/tr>\n<tr valign=\"top\">\n<td colspan=\"3\">Apport journalier non \u00e9tabli.<\/td>\n<\/tr>\n<\/tbody>\n<\/table>\n<\/div>\n<\/div>\n<\/div>","protected":false},"excerpt":{"rendered":"<ul>\n<li>Detoxifying effect<\/li>\n<li>Favorise un m\u00e9tabolisme hormonal sain<\/li>\n<li>Avec du calcium \u00a0D-Glucarate<\/li>\n<li>Food supplement<\/li>\n<li>GMO-free<\/li>\n<li>General health<\/li>\n<li>Family business since 1968<\/li>\n<li>GMP quality assured<\/li>\n<\/ul>","protected":false},"featured_media":34032,"template":"","meta":{"om_disable_all_campaigns":false},"product_brand":[83],"product_cat":[18,3366,11798,8014],"product_tag":[345,1699,3318,181,413,11799,3492,10972,88,8994],"class_list":{"0":"post-34031","1":"product","2":"type-product","3":"status-publish","4":"has-post-thumbnail","6":"product_brand-now-foods-maroc-prix","7":"product_cat-beaute-sante","8":"product_cat-complements-alimentaires-au-maroc-vitablanca","9":"product_cat-dim","10":"product_cat-sante-feminine","11":"product_tag-equilibre-hormonal","12":"product_tag-bien-etre","13":"product_tag-capsules-vegetariennes","14":"product_tag-complement-alimentaire","15":"product_tag-dim","16":"product_tag-dim-200-mg","17":"product_tag-maroc","18":"product_tag-metabolisme-des-oestrogenes","19":"product_tag-now-foods","20":"product_tag-sante-hormonale","22":"first","23":"instock","24":"sale","25":"taxable","26":"shipping-taxable","27":"purchasable","28":"product-type-simple"},"yoast_head":"<!-- This site is optimized with the Yoast SEO plugin v27.5 - https:\/\/yoast.com\/product\/yoast-seo-wordpress\/ -->\n<title>NOW Foods DIM 200 mg 90 Capsules V\u00e9g\u00e9tariennes \u2013 Maroc Prix<\/title>\n<meta name=\"description\" content=\"NOW Foods DIM 200 mg, 90 capsules v\u00e9g. Compl\u00e9ment con\u00e7u pour soutenir l\u2019\u00e9quilibre hormonal et le m\u00e9tabolisme des \u0153strog\u00e8nes pour le bien-\u00eatre g\u00e9n\u00e9ral.\" \/>\n<meta name=\"robots\" content=\"index, follow, max-snippet:-1, max-image-preview:large, max-video-preview:-1\" \/>\n<link rel=\"canonical\" href=\"https:\/\/vitablanca.ma\/en\/product\/now-foods-dim-200-90-capsules-vegetariennes-maroc-prix\/\" \/>\n<meta property=\"og:locale\" content=\"en_US\" \/>\n<meta property=\"og:type\" content=\"article\" \/>\n<meta property=\"og:title\" content=\"NOW Foods DIM 200 mg 90 Capsules V\u00e9g\u00e9tariennes \u2013 Maroc Prix\" \/>\n<meta property=\"og:description\" content=\"NOW Foods DIM 200 mg, 90 capsules v\u00e9g. Compl\u00e9ment con\u00e7u pour soutenir l\u2019\u00e9quilibre hormonal et le m\u00e9tabolisme des \u0153strog\u00e8nes pour le bien-\u00eatre g\u00e9n\u00e9ral.\" \/>\n<meta property=\"og:url\" content=\"https:\/\/vitablanca.ma\/en\/product\/now-foods-dim-200-90-capsules-vegetariennes-maroc-prix\/\" \/>\n<meta property=\"og:site_name\" content=\"Vitablanca.ma &ndash; Sant&eacute;, vitalit&eacute; et bien-&ecirc;tre pour tous les Marocains\" \/>\n<meta property=\"article:publisher\" content=\"https:\/\/www.facebook.com\/profile.php?id=61576678196717\" \/>\n<meta property=\"article:modified_time\" content=\"2026-03-28T17:51:59+00:00\" \/>\n<meta property=\"og:image\" content=\"https:\/\/vitablanca.ma\/wp-content\/uploads\/2026\/03\/NOW-Foods-DIM-200-90-capsules-vegetariennes1.jpg\" \/>\n\t<meta property=\"og:image:width\" content=\"1600\" \/>\n\t<meta property=\"og:image:height\" content=\"1600\" \/>\n\t<meta property=\"og:image:type\" content=\"image\/jpeg\" \/>\n<meta name=\"twitter:card\" content=\"summary_large_image\" \/>\n<meta name=\"twitter:label1\" content=\"Est. reading time\" \/>\n\t<meta name=\"twitter:data1\" content=\"2 minutes\" \/>\n<script type=\"application\/ld+json\" class=\"yoast-schema-graph\">{\"@context\":\"https:\\\/\\\/schema.org\",\"@graph\":[{\"@type\":[\"WebPage\",\"ItemPage\"],\"@id\":\"https:\\\/\\\/vitablanca.ma\\\/produit\\\/now-foods-dim-200-90-capsules-vegetariennes-maroc-prix\\\/\",\"url\":\"https:\\\/\\\/vitablanca.ma\\\/produit\\\/now-foods-dim-200-90-capsules-vegetariennes-maroc-prix\\\/\",\"name\":\"NOW Foods DIM 200 mg 90 Capsules V\u00e9g\u00e9tariennes \u2013 Maroc Prix\",\"isPartOf\":{\"@id\":\"https:\\\/\\\/vitablanca.ma\\\/#website\"},\"primaryImageOfPage\":{\"@id\":\"https:\\\/\\\/vitablanca.ma\\\/produit\\\/now-foods-dim-200-90-capsules-vegetariennes-maroc-prix\\\/#primaryimage\"},\"image\":{\"@id\":\"https:\\\/\\\/vitablanca.ma\\\/produit\\\/now-foods-dim-200-90-capsules-vegetariennes-maroc-prix\\\/#primaryimage\"},\"thumbnailUrl\":\"https:\\\/\\\/vitablanca.ma\\\/wp-content\\\/uploads\\\/2026\\\/03\\\/NOW-Foods-DIM-200-90-capsules-vegetariennes1.jpg\",\"datePublished\":\"2026-03-10T18:02:14+00:00\",\"dateModified\":\"2026-03-28T17:51:59+00:00\",\"description\":\"NOW Foods DIM 200 mg, 90 capsules v\u00e9g. Compl\u00e9ment con\u00e7u pour soutenir l\u2019\u00e9quilibre hormonal et le m\u00e9tabolisme des \u0153strog\u00e8nes pour le bien-\u00eatre g\u00e9n\u00e9ral.\",\"breadcrumb\":{\"@id\":\"https:\\\/\\\/vitablanca.ma\\\/produit\\\/now-foods-dim-200-90-capsules-vegetariennes-maroc-prix\\\/#breadcrumb\"},\"inLanguage\":\"en-US\",\"potentialAction\":[{\"@type\":\"ReadAction\",\"target\":[\"https:\\\/\\\/vitablanca.ma\\\/produit\\\/now-foods-dim-200-90-capsules-vegetariennes-maroc-prix\\\/\"]}]},{\"@type\":\"ImageObject\",\"inLanguage\":\"en-US\",\"@id\":\"https:\\\/\\\/vitablanca.ma\\\/produit\\\/now-foods-dim-200-90-capsules-vegetariennes-maroc-prix\\\/#primaryimage\",\"url\":\"https:\\\/\\\/vitablanca.ma\\\/wp-content\\\/uploads\\\/2026\\\/03\\\/NOW-Foods-DIM-200-90-capsules-vegetariennes1.jpg\",\"contentUrl\":\"https:\\\/\\\/vitablanca.ma\\\/wp-content\\\/uploads\\\/2026\\\/03\\\/NOW-Foods-DIM-200-90-capsules-vegetariennes1.jpg\",\"width\":1600,\"height\":1600},{\"@type\":\"BreadcrumbList\",\"@id\":\"https:\\\/\\\/vitablanca.ma\\\/produit\\\/now-foods-dim-200-90-capsules-vegetariennes-maroc-prix\\\/#breadcrumb\",\"itemListElement\":[{\"@type\":\"ListItem\",\"position\":1,\"name\":\"Home\",\"item\":\"https:\\\/\\\/vitablanca.ma\\\/\"},{\"@type\":\"ListItem\",\"position\":2,\"name\":\"Tous Les Produits\",\"item\":\"https:\\\/\\\/vitablanca.ma\\\/tous-les-produits\\\/\"},{\"@type\":\"ListItem\",\"position\":3,\"name\":\"NOW Foods, DIM 200, 90 capsules v\u00e9g\u00e9tariennes\"}]},{\"@type\":\"WebSite\",\"@id\":\"https:\\\/\\\/vitablanca.ma\\\/#website\",\"url\":\"https:\\\/\\\/vitablanca.ma\\\/\",\"name\":\"VitaBlanca.ma | Compl\u00e9ments alimentaires, sant\u00e9 & beaut\u00e9 au Maroc\",\"description\":\"vendre vitamines et compl\u00e9ments premium des USA &amp; Canada, Nouvelle Z\u00e9lande,Maroc (NOW Foods, Solgar, Manuka). Livraison rapide partout au Maroc.\",\"publisher\":{\"@id\":\"https:\\\/\\\/vitablanca.ma\\\/#organization\"},\"alternateName\":\"VitaBlanca.ma\",\"potentialAction\":[{\"@type\":\"SearchAction\",\"target\":{\"@type\":\"EntryPoint\",\"urlTemplate\":\"https:\\\/\\\/vitablanca.ma\\\/?s={search_term_string}\"},\"query-input\":{\"@type\":\"PropertyValueSpecification\",\"valueRequired\":true,\"valueName\":\"search_term_string\"}}],\"inLanguage\":\"en-US\"},{\"@type\":\"Organization\",\"@id\":\"https:\\\/\\\/vitablanca.ma\\\/#organization\",\"name\":\"VitaBlanca\",\"url\":\"https:\\\/\\\/vitablanca.ma\\\/\",\"logo\":{\"@type\":\"ImageObject\",\"inLanguage\":\"en-US\",\"@id\":\"https:\\\/\\\/vitablanca.ma\\\/#\\\/schema\\\/logo\\\/image\\\/\",\"url\":\"https:\\\/\\\/vitablanca.ma\\\/wp-content\\\/uploads\\\/2025\\\/05\\\/cropped-vitablanca.png\",\"contentUrl\":\"https:\\\/\\\/vitablanca.ma\\\/wp-content\\\/uploads\\\/2025\\\/05\\\/cropped-vitablanca.png\",\"width\":360,\"height\":67,\"caption\":\"VitaBlanca\"},\"image\":{\"@id\":\"https:\\\/\\\/vitablanca.ma\\\/#\\\/schema\\\/logo\\\/image\\\/\"},\"sameAs\":[\"https:\\\/\\\/www.facebook.com\\\/profile.php?id=61576678196717\",\"https:\\\/\\\/www.tiktok.com\\\/@vitablanca.ma\",\"https:\\\/\\\/www.instagram.com\\\/vitablanca.ma\\\/\"]}]}<\/script>\n<!-- \/ Yoast SEO plugin. -->","yoast_head_json":{"title":"NOW Foods DIM 200 mg 90 Capsules V\u00e9g\u00e9tariennes \u2013 Maroc Prix","description":"NOW Foods DIM 200 mg, 90 capsules v\u00e9g. Compl\u00e9ment con\u00e7u pour soutenir l\u2019\u00e9quilibre hormonal et le m\u00e9tabolisme des \u0153strog\u00e8nes pour le bien-\u00eatre g\u00e9n\u00e9ral.","robots":{"index":"index","follow":"follow","max-snippet":"max-snippet:-1","max-image-preview":"max-image-preview:large","max-video-preview":"max-video-preview:-1"},"canonical":"https:\/\/vitablanca.ma\/en\/product\/now-foods-dim-200-90-capsules-vegetariennes-maroc-prix\/","og_locale":"en_US","og_type":"article","og_title":"NOW Foods DIM 200 mg 90 Capsules V\u00e9g\u00e9tariennes \u2013 Maroc Prix","og_description":"NOW Foods DIM 200 mg, 90 capsules v\u00e9g. Compl\u00e9ment con\u00e7u pour soutenir l\u2019\u00e9quilibre hormonal et le m\u00e9tabolisme des \u0153strog\u00e8nes pour le bien-\u00eatre g\u00e9n\u00e9ral.","og_url":"https:\/\/vitablanca.ma\/en\/product\/now-foods-dim-200-90-capsules-vegetariennes-maroc-prix\/","og_site_name":"Vitablanca.ma &ndash; Sant&eacute;, vitalit&eacute; et bien-&ecirc;tre pour tous les Marocains","article_publisher":"https:\/\/www.facebook.com\/profile.php?id=61576678196717","article_modified_time":"2026-03-28T17:51:59+00:00","og_image":[{"width":1600,"height":1600,"url":"https:\/\/vitablanca.ma\/wp-content\/uploads\/2026\/03\/NOW-Foods-DIM-200-90-capsules-vegetariennes1.jpg","type":"image\/jpeg"}],"twitter_card":"summary_large_image","twitter_misc":{"Est. reading time":"2 minutes"},"schema":{"@context":"https:\/\/schema.org","@graph":[{"@type":["WebPage","ItemPage"],"@id":"https:\/\/vitablanca.ma\/produit\/now-foods-dim-200-90-capsules-vegetariennes-maroc-prix\/","url":"https:\/\/vitablanca.ma\/produit\/now-foods-dim-200-90-capsules-vegetariennes-maroc-prix\/","name":"NOW Foods DIM 200 mg 90 Capsules V\u00e9g\u00e9tariennes \u2013 Maroc Prix","isPartOf":{"@id":"https:\/\/vitablanca.ma\/#website"},"primaryImageOfPage":{"@id":"https:\/\/vitablanca.ma\/produit\/now-foods-dim-200-90-capsules-vegetariennes-maroc-prix\/#primaryimage"},"image":{"@id":"https:\/\/vitablanca.ma\/produit\/now-foods-dim-200-90-capsules-vegetariennes-maroc-prix\/#primaryimage"},"thumbnailUrl":"https:\/\/vitablanca.ma\/wp-content\/uploads\/2026\/03\/NOW-Foods-DIM-200-90-capsules-vegetariennes1.jpg","datePublished":"2026-03-10T18:02:14+00:00","dateModified":"2026-03-28T17:51:59+00:00","description":"NOW Foods DIM 200 mg, 90 capsules v\u00e9g. Compl\u00e9ment con\u00e7u pour soutenir l\u2019\u00e9quilibre hormonal et le m\u00e9tabolisme des \u0153strog\u00e8nes pour le bien-\u00eatre g\u00e9n\u00e9ral.","breadcrumb":{"@id":"https:\/\/vitablanca.ma\/produit\/now-foods-dim-200-90-capsules-vegetariennes-maroc-prix\/#breadcrumb"},"inLanguage":"en-US","potentialAction":[{"@type":"ReadAction","target":["https:\/\/vitablanca.ma\/produit\/now-foods-dim-200-90-capsules-vegetariennes-maroc-prix\/"]}]},{"@type":"ImageObject","inLanguage":"en-US","@id":"https:\/\/vitablanca.ma\/produit\/now-foods-dim-200-90-capsules-vegetariennes-maroc-prix\/#primaryimage","url":"https:\/\/vitablanca.ma\/wp-content\/uploads\/2026\/03\/NOW-Foods-DIM-200-90-capsules-vegetariennes1.jpg","contentUrl":"https:\/\/vitablanca.ma\/wp-content\/uploads\/2026\/03\/NOW-Foods-DIM-200-90-capsules-vegetariennes1.jpg","width":1600,"height":1600},{"@type":"BreadcrumbList","@id":"https:\/\/vitablanca.ma\/produit\/now-foods-dim-200-90-capsules-vegetariennes-maroc-prix\/#breadcrumb","itemListElement":[{"@type":"ListItem","position":1,"name":"Home","item":"https:\/\/vitablanca.ma\/"},{"@type":"ListItem","position":2,"name":"Tous Les Produits","item":"https:\/\/vitablanca.ma\/tous-les-produits\/"},{"@type":"ListItem","position":3,"name":"NOW Foods, DIM 200, 90 capsules v\u00e9g\u00e9tariennes"}]},{"@type":"WebSite","@id":"https:\/\/vitablanca.ma\/#website","url":"https:\/\/vitablanca.ma\/","name":"VitaBlanca.ma | Food supplements, health &amp; beauty in Morocco","description":"sell premium vitamins and supplements from USA &amp; Canada, New Zealand, Morocco (NOW Foods, Solgar, Manuka). Fast delivery anywhere in Morocco.","publisher":{"@id":"https:\/\/vitablanca.ma\/#organization"},"alternateName":"VitaBlanca.ma","potentialAction":[{"@type":"SearchAction","target":{"@type":"EntryPoint","urlTemplate":"https:\/\/vitablanca.ma\/?s={search_term_string}"},"query-input":{"@type":"PropertyValueSpecification","valueRequired":true,"valueName":"search_term_string"}}],"inLanguage":"en-US"},{"@type":"Organization","@id":"https:\/\/vitablanca.ma\/#organization","name":"VitaBlanca","url":"https:\/\/vitablanca.ma\/","logo":{"@type":"ImageObject","inLanguage":"en-US","@id":"https:\/\/vitablanca.ma\/#\/schema\/logo\/image\/","url":"https:\/\/vitablanca.ma\/wp-content\/uploads\/2025\/05\/cropped-vitablanca.png","contentUrl":"https:\/\/vitablanca.ma\/wp-content\/uploads\/2025\/05\/cropped-vitablanca.png","width":360,"height":67,"caption":"VitaBlanca"},"image":{"@id":"https:\/\/vitablanca.ma\/#\/schema\/logo\/image\/"},"sameAs":["https:\/\/www.facebook.com\/profile.php?id=61576678196717","https:\/\/www.tiktok.com\/@vitablanca.ma","https:\/\/www.instagram.com\/vitablanca.ma\/"]}]}},"jetpack_sharing_enabled":true,"_links":{"self":[{"href":"https:\/\/vitablanca.ma\/en\/wp-json\/wp\/v2\/product\/34031","targetHints":{"allow":["GET"]}}],"collection":[{"href":"https:\/\/vitablanca.ma\/en\/wp-json\/wp\/v2\/product"}],"about":[{"href":"https:\/\/vitablanca.ma\/en\/wp-json\/wp\/v2\/types\/product"}],"wp:featuredmedia":[{"embeddable":true,"href":"https:\/\/vitablanca.ma\/en\/wp-json\/wp\/v2\/media\/34032"}],"wp:attachment":[{"href":"https:\/\/vitablanca.ma\/en\/wp-json\/wp\/v2\/media?parent=34031"}],"wp:term":[{"taxonomy":"product_brand","embeddable":true,"href":"https:\/\/vitablanca.ma\/en\/wp-json\/wp\/v2\/product_brand?post=34031"},{"taxonomy":"product_cat","embeddable":true,"href":"https:\/\/vitablanca.ma\/en\/wp-json\/wp\/v2\/product_cat?post=34031"},{"taxonomy":"product_tag","embeddable":true,"href":"https:\/\/vitablanca.ma\/en\/wp-json\/wp\/v2\/product_tag?post=34031"}],"curies":[{"name":"wp","href":"https:\/\/api.w.org\/{rel}","templated":true}]}}