{"id":34027,"date":"2026-03-10T17:54:05","date_gmt":"2026-03-10T17:54:05","guid":{"rendered":"https:\/\/vitablanca.ma\/?post_type=product&#038;p=34027"},"modified":"2026-03-28T17:51:59","modified_gmt":"2026-03-28T17:51:59","slug":"california-gold-nutrition-euroherbs-extrait-de-racine-dortie-250-mg-60-capsules-maroc-prix","status":"publish","type":"product","link":"https:\/\/vitablanca.ma\/en\/product\/california-gold-nutrition-euroherbs-extrait-de-racine-dortie-250-mg-60-capsules-maroc-prix\/","title":{"rendered":"California Gold Nutrition EuroHerbs Extrait de Racine d\u2019Ortie 250 mg 60 Capsules"},"content":{"rendered":"<div class=\"row item-row\">\n<div class=\"col-xs-24\">\n<h3><strong>Suggested Use<\/strong><\/h3>\n<div class=\"prodOverviewDetail\">\n<p>Prenez 1\u00a0capsule par jour, avec ou sans nourriture. Respectez les consignes d&rsquo;utilisation donn\u00e9es par un professionnel de la sant\u00e9 qualifi\u00e9.<\/p>\n<\/div>\n<\/div>\n<\/div>\n<div class=\"row item-row\">\n<div class=\"col-xs-24\">\n<h3><strong>Other ingredients<\/strong><\/h3>\n<div class=\"prodOverviewIngred\">\n<p>Ingr\u00e9dients principaux<br \/>\nExtrait de racine d&rsquo;ortie (grande ortie et petite ortie)<\/p>\n<p>Other ingredients<br \/>\nFarine de riz, cellulose modifi\u00e9e (capsule v\u00e9g\u00e9tale d&rsquo;hypromellose), maltodextrine (support pour l&rsquo;extrait d&rsquo;ortie), dioxyde de silicium (silice), et acide st\u00e9arique.<\/p>\n<p>Ce produit est \u00e9labor\u00e9 sans lait, \u0153ufs, poisson, crustac\u00e9s, fruits \u00e0 coque, arachides, bl\u00e9, soja ni gluten. Produit dans un \u00e9tablissement enregistr\u00e9 aupr\u00e8s de la FDA, audit\u00e9 par une organisation tierce, et respectant les BPF actuelles (certifi\u00e9) susceptible de transformer d&rsquo;autres produits qui contiennent ces allerg\u00e8nes ou ingr\u00e9dients.<\/p>\n<\/div>\n<\/div>\n<\/div>\n<div class=\"row item-row\">\n<div class=\"col-xs-24\">\n<h3><strong>Warnings<\/strong><\/h3>\n<div class=\"prodOverviewDetail\">\n<p><strong>Keep out of reach of children.\u00a0<\/strong>Les femmes enceintes ou allaitantes, les personnes atteintes d&rsquo;une maladie chronique, les personnes \u00e2g\u00e9es, les personnes de moins de 18\u00a0ans, les personnes suivant un traitement m\u00e9dical (ex.\u00a0: des anticoagulants) ainsi que celles qui souffrent d&rsquo;une affection diagnostiqu\u00e9e par un m\u00e9decin doivent demander l&rsquo;avis d&rsquo;un m\u00e9decin, d&rsquo;un pharmacien, d&rsquo;un naturopathe ou d&rsquo;un autre professionnel de la sant\u00e9 qualifi\u00e9 avant de prendre des compl\u00e9ments alimentaires.<\/p>\n<p><strong>Scell\u00e9 pour votre protection. Ne pas utiliser si l&rsquo;opercule est absent ou rompu. \u00c0 conserver dans un endroit frais et sec. Conserver \u00e0 l&rsquo;abri de la chaleur, de la lumi\u00e8re et de l&rsquo;humidit\u00e9.<\/strong><\/p>\n<table role=\"presentation\" border=\"1\" width=\"100%\" cellspacing=\"0\" cellpadding=\"3\">\n<tbody>\n<tr>\n<td colspan=\"3\"><strong>Properties<\/strong><\/td>\n<\/tr>\n<tr>\n<td colspan=\"3\"><strong>Serving:<\/strong>\u00a01\u00a0capsule v\u00e9g\u00e9tarienne<\/td>\n<\/tr>\n<tr>\n<td colspan=\"3\"><strong>Servings per container:<\/strong>\u00a060<\/td>\n<\/tr>\n<tr>\n<td width=\"70%\"><\/td>\n<td width=\"15%\"><strong>Amount per serving<\/strong><\/td>\n<td width=\"15%\"><strong>% daily intake<\/strong><\/td>\n<\/tr>\n<tr>\n<td>Extrait de racine d&rsquo;ortie<\/td>\n<td>250\u00a0mg<\/td>\n<td>*<\/td>\n<\/tr>\n<tr>\n<td colspan=\"3\">Apport journalier non \u00e9tabli.<\/td>\n<\/tr>\n<\/tbody>\n<\/table>\n<\/div>\n<\/div>\n<\/div>","protected":false},"excerpt":{"rendered":"<ul>\n<li dir=\"ltr\"><strong>Racine d&rsquo;ortie<\/strong>\u00a0of\u00a0<em>California Gold Nutrition<\/em><em>\u00ae\ufe0f\u00a0EuroHerbs<\/em><em>\u2122<\/em><\/li>\n<li dir=\"ltr\">Qualit\u00e9 EuroMed\u00a0Phyto-Proof\u00ae<\/li>\n<li dir=\"ltr\">Renforce la sant\u00e9 de la prostate*<\/li>\n<li dir=\"ltr\"><em>Grande ortie<\/em><em>\u00a0<\/em>And\u00a0<em>petite ortie<\/em><\/li>\n<li dir=\"ltr\">Racine d&rsquo;ortie en provenance de l&rsquo;UE\/Transform\u00e9e aux \u00c9tats-Unis<\/li>\n<li dir=\"ltr\">Capsules v\u00e9g\u00e9tariennes vertes \u00e0 base de chlorophylle<\/li>\n<li dir=\"ltr\">Formul\u00e9 pour \u00eatre\u00a0: sans gluten, sans OGM, sans soja<\/li>\n<li dir=\"ltr\">Produite dans un \u00e9tablissement respectant les bonnes pratiques de fabrication actuelles (certifi\u00e9) et audit\u00e9 par une organisation tierce<\/li>\n<li dir=\"ltr\">Garantie 100\u00a0% Gold<\/li>\n<\/ul>","protected":false},"featured_media":34029,"template":"","meta":{"om_disable_all_campaigns":false},"product_brand":[2176],"product_cat":[18,8967,3366,11796,8101],"product_tag":[345,9859,11036,181,11784,10799,3492,11786,11797,2438],"class_list":{"0":"post-34027","1":"product","2":"type-product","3":"status-publish","4":"has-post-thumbnail","6":"product_brand-california-gold-nutrition","7":"product_cat-beaute-sante","8":"product_cat-complements","9":"product_cat-complements-alimentaires-au-maroc-vitablanca","10":"product_cat-ortie","11":"product_cat-plantes","12":"product_tag-equilibre-hormonal","13":"product_tag-250-mg","14":"product_tag-california-gold-nutrition","15":"product_tag-complement-alimentaire","16":"product_tag-euroherbs","17":"product_tag-extrait-de-plante","18":"product_tag-maroc","19":"product_tag-plantes-medicinales","20":"product_tag-racine-dortie","21":"product_tag-sante-de-la-prostate","23":"first","24":"instock","25":"sale","26":"taxable","27":"shipping-taxable","28":"purchasable","29":"product-type-simple"},"yoast_head":"<!-- This site is optimized with the Yoast SEO plugin v27.4 - https:\/\/yoast.com\/product\/yoast-seo-wordpress\/ -->\n<title>California Gold Nutrition EuroHerbs 250 mg 60 Caps \u2013 Maroc Prix<\/title>\n<meta name=\"description\" content=\"California Gold Nutrition EuroHerbs extrait de racine d\u2019ortie 250 mg, 60 capsules. Compl\u00e9ment naturel pour soutenir la sant\u00e9 de la prostate,. Disponible\" \/>\n<meta name=\"robots\" content=\"index, follow, max-snippet:-1, max-image-preview:large, max-video-preview:-1\" \/>\n<link rel=\"canonical\" href=\"https:\/\/vitablanca.ma\/en\/product\/california-gold-nutrition-euroherbs-extrait-de-racine-dortie-250-mg-60-capsules-maroc-prix\/\" \/>\n<meta property=\"og:locale\" content=\"en_US\" \/>\n<meta property=\"og:type\" content=\"article\" \/>\n<meta property=\"og:title\" content=\"California Gold Nutrition EuroHerbs 250 mg 60 Caps \u2013 Maroc Prix\" \/>\n<meta property=\"og:description\" content=\"California Gold Nutrition EuroHerbs extrait de racine d\u2019ortie 250 mg, 60 capsules. Compl\u00e9ment naturel pour soutenir la sant\u00e9 de la prostate,. Disponible\" \/>\n<meta property=\"og:url\" content=\"https:\/\/vitablanca.ma\/en\/product\/california-gold-nutrition-euroherbs-extrait-de-racine-dortie-250-mg-60-capsules-maroc-prix\/\" \/>\n<meta property=\"og:site_name\" content=\"Vitablanca.ma &ndash; Sant&eacute;, vitalit&eacute; et bien-&ecirc;tre pour tous les Marocains\" \/>\n<meta property=\"article:publisher\" content=\"https:\/\/www.facebook.com\/profile.php?id=61576678196717\" \/>\n<meta property=\"article:modified_time\" content=\"2026-03-28T17:51:59+00:00\" \/>\n<meta property=\"og:image\" content=\"https:\/\/vitablanca.ma\/wp-content\/uploads\/2026\/03\/California-Gold-Nutrition-EuroHerbs-Extrait-de-racine-dortie-Qualite-Euromed-250-mg-60-capsules-vegetales1.jpg\" \/>\n\t<meta property=\"og:image:width\" content=\"1600\" \/>\n\t<meta property=\"og:image:height\" content=\"1600\" \/>\n\t<meta property=\"og:image:type\" content=\"image\/jpeg\" \/>\n<meta name=\"twitter:card\" content=\"summary_large_image\" \/>\n<meta name=\"twitter:label1\" content=\"Est. reading time\" \/>\n\t<meta name=\"twitter:data1\" content=\"2 minutes\" \/>\n<script type=\"application\/ld+json\" class=\"yoast-schema-graph\">{\"@context\":\"https:\\\/\\\/schema.org\",\"@graph\":[{\"@type\":[\"WebPage\",\"ItemPage\"],\"@id\":\"https:\\\/\\\/vitablanca.ma\\\/produit\\\/california-gold-nutrition-euroherbs-extrait-de-racine-dortie-250-mg-60-capsules-maroc-prix\\\/\",\"url\":\"https:\\\/\\\/vitablanca.ma\\\/produit\\\/california-gold-nutrition-euroherbs-extrait-de-racine-dortie-250-mg-60-capsules-maroc-prix\\\/\",\"name\":\"California Gold Nutrition EuroHerbs 250 mg 60 Caps \u2013 Maroc Prix\",\"isPartOf\":{\"@id\":\"https:\\\/\\\/vitablanca.ma\\\/#website\"},\"primaryImageOfPage\":{\"@id\":\"https:\\\/\\\/vitablanca.ma\\\/produit\\\/california-gold-nutrition-euroherbs-extrait-de-racine-dortie-250-mg-60-capsules-maroc-prix\\\/#primaryimage\"},\"image\":{\"@id\":\"https:\\\/\\\/vitablanca.ma\\\/produit\\\/california-gold-nutrition-euroherbs-extrait-de-racine-dortie-250-mg-60-capsules-maroc-prix\\\/#primaryimage\"},\"thumbnailUrl\":\"https:\\\/\\\/vitablanca.ma\\\/wp-content\\\/uploads\\\/2026\\\/03\\\/California-Gold-Nutrition-EuroHerbs-Extrait-de-racine-dortie-Qualite-Euromed-250-mg-60-capsules-vegetales1.jpg\",\"datePublished\":\"2026-03-10T17:54:05+00:00\",\"dateModified\":\"2026-03-28T17:51:59+00:00\",\"description\":\"California Gold Nutrition EuroHerbs extrait de racine d\u2019ortie 250 mg, 60 capsules. Compl\u00e9ment naturel pour soutenir la sant\u00e9 de la prostate,. Disponible\",\"breadcrumb\":{\"@id\":\"https:\\\/\\\/vitablanca.ma\\\/produit\\\/california-gold-nutrition-euroherbs-extrait-de-racine-dortie-250-mg-60-capsules-maroc-prix\\\/#breadcrumb\"},\"inLanguage\":\"en-US\",\"potentialAction\":[{\"@type\":\"ReadAction\",\"target\":[\"https:\\\/\\\/vitablanca.ma\\\/produit\\\/california-gold-nutrition-euroherbs-extrait-de-racine-dortie-250-mg-60-capsules-maroc-prix\\\/\"]}]},{\"@type\":\"ImageObject\",\"inLanguage\":\"en-US\",\"@id\":\"https:\\\/\\\/vitablanca.ma\\\/produit\\\/california-gold-nutrition-euroherbs-extrait-de-racine-dortie-250-mg-60-capsules-maroc-prix\\\/#primaryimage\",\"url\":\"https:\\\/\\\/vitablanca.ma\\\/wp-content\\\/uploads\\\/2026\\\/03\\\/California-Gold-Nutrition-EuroHerbs-Extrait-de-racine-dortie-Qualite-Euromed-250-mg-60-capsules-vegetales1.jpg\",\"contentUrl\":\"https:\\\/\\\/vitablanca.ma\\\/wp-content\\\/uploads\\\/2026\\\/03\\\/California-Gold-Nutrition-EuroHerbs-Extrait-de-racine-dortie-Qualite-Euromed-250-mg-60-capsules-vegetales1.jpg\",\"width\":1600,\"height\":1600},{\"@type\":\"BreadcrumbList\",\"@id\":\"https:\\\/\\\/vitablanca.ma\\\/produit\\\/california-gold-nutrition-euroherbs-extrait-de-racine-dortie-250-mg-60-capsules-maroc-prix\\\/#breadcrumb\",\"itemListElement\":[{\"@type\":\"ListItem\",\"position\":1,\"name\":\"Home\",\"item\":\"https:\\\/\\\/vitablanca.ma\\\/\"},{\"@type\":\"ListItem\",\"position\":2,\"name\":\"Tous Les Produits\",\"item\":\"https:\\\/\\\/vitablanca.ma\\\/tous-les-produits\\\/\"},{\"@type\":\"ListItem\",\"position\":3,\"name\":\"California Gold Nutrition EuroHerbs Extrait de Racine d\u2019Ortie 250 mg 60 Capsules\"}]},{\"@type\":\"WebSite\",\"@id\":\"https:\\\/\\\/vitablanca.ma\\\/#website\",\"url\":\"https:\\\/\\\/vitablanca.ma\\\/\",\"name\":\"VitaBlanca.ma | Compl\u00e9ments alimentaires, sant\u00e9 & beaut\u00e9 au Maroc\",\"description\":\"vendre vitamines et compl\u00e9ments premium des USA &amp; Canada, Nouvelle Z\u00e9lande,Maroc (NOW Foods, Solgar, Manuka). Livraison rapide partout au Maroc.\",\"publisher\":{\"@id\":\"https:\\\/\\\/vitablanca.ma\\\/#organization\"},\"alternateName\":\"VitaBlanca.ma\",\"potentialAction\":[{\"@type\":\"SearchAction\",\"target\":{\"@type\":\"EntryPoint\",\"urlTemplate\":\"https:\\\/\\\/vitablanca.ma\\\/?s={search_term_string}\"},\"query-input\":{\"@type\":\"PropertyValueSpecification\",\"valueRequired\":true,\"valueName\":\"search_term_string\"}}],\"inLanguage\":\"en-US\"},{\"@type\":\"Organization\",\"@id\":\"https:\\\/\\\/vitablanca.ma\\\/#organization\",\"name\":\"VitaBlanca\",\"url\":\"https:\\\/\\\/vitablanca.ma\\\/\",\"logo\":{\"@type\":\"ImageObject\",\"inLanguage\":\"en-US\",\"@id\":\"https:\\\/\\\/vitablanca.ma\\\/#\\\/schema\\\/logo\\\/image\\\/\",\"url\":\"https:\\\/\\\/vitablanca.ma\\\/wp-content\\\/uploads\\\/2025\\\/05\\\/cropped-vitablanca.png\",\"contentUrl\":\"https:\\\/\\\/vitablanca.ma\\\/wp-content\\\/uploads\\\/2025\\\/05\\\/cropped-vitablanca.png\",\"width\":360,\"height\":67,\"caption\":\"VitaBlanca\"},\"image\":{\"@id\":\"https:\\\/\\\/vitablanca.ma\\\/#\\\/schema\\\/logo\\\/image\\\/\"},\"sameAs\":[\"https:\\\/\\\/www.facebook.com\\\/profile.php?id=61576678196717\",\"https:\\\/\\\/www.tiktok.com\\\/@vitablanca.ma\",\"https:\\\/\\\/www.instagram.com\\\/vitablanca.ma\\\/\"]}]}<\/script>\n<!-- \/ Yoast SEO plugin. -->","yoast_head_json":{"title":"California Gold Nutrition EuroHerbs 250 mg 60 Caps \u2013 Maroc Prix","description":"California Gold Nutrition EuroHerbs extrait de racine d\u2019ortie 250 mg, 60 capsules. Compl\u00e9ment naturel pour soutenir la sant\u00e9 de la prostate,. Disponible","robots":{"index":"index","follow":"follow","max-snippet":"max-snippet:-1","max-image-preview":"max-image-preview:large","max-video-preview":"max-video-preview:-1"},"canonical":"https:\/\/vitablanca.ma\/en\/product\/california-gold-nutrition-euroherbs-extrait-de-racine-dortie-250-mg-60-capsules-maroc-prix\/","og_locale":"en_US","og_type":"article","og_title":"California Gold Nutrition EuroHerbs 250 mg 60 Caps \u2013 Maroc Prix","og_description":"California Gold Nutrition EuroHerbs extrait de racine d\u2019ortie 250 mg, 60 capsules. Compl\u00e9ment naturel pour soutenir la sant\u00e9 de la prostate,. Disponible","og_url":"https:\/\/vitablanca.ma\/en\/product\/california-gold-nutrition-euroherbs-extrait-de-racine-dortie-250-mg-60-capsules-maroc-prix\/","og_site_name":"Vitablanca.ma &ndash; Sant&eacute;, vitalit&eacute; et bien-&ecirc;tre pour tous les Marocains","article_publisher":"https:\/\/www.facebook.com\/profile.php?id=61576678196717","article_modified_time":"2026-03-28T17:51:59+00:00","og_image":[{"width":1600,"height":1600,"url":"https:\/\/vitablanca.ma\/wp-content\/uploads\/2026\/03\/California-Gold-Nutrition-EuroHerbs-Extrait-de-racine-dortie-Qualite-Euromed-250-mg-60-capsules-vegetales1.jpg","type":"image\/jpeg"}],"twitter_card":"summary_large_image","twitter_misc":{"Est. reading time":"2 minutes"},"schema":{"@context":"https:\/\/schema.org","@graph":[{"@type":["WebPage","ItemPage"],"@id":"https:\/\/vitablanca.ma\/produit\/california-gold-nutrition-euroherbs-extrait-de-racine-dortie-250-mg-60-capsules-maroc-prix\/","url":"https:\/\/vitablanca.ma\/produit\/california-gold-nutrition-euroherbs-extrait-de-racine-dortie-250-mg-60-capsules-maroc-prix\/","name":"California Gold Nutrition EuroHerbs 250 mg 60 Caps \u2013 Maroc Prix","isPartOf":{"@id":"https:\/\/vitablanca.ma\/#website"},"primaryImageOfPage":{"@id":"https:\/\/vitablanca.ma\/produit\/california-gold-nutrition-euroherbs-extrait-de-racine-dortie-250-mg-60-capsules-maroc-prix\/#primaryimage"},"image":{"@id":"https:\/\/vitablanca.ma\/produit\/california-gold-nutrition-euroherbs-extrait-de-racine-dortie-250-mg-60-capsules-maroc-prix\/#primaryimage"},"thumbnailUrl":"https:\/\/vitablanca.ma\/wp-content\/uploads\/2026\/03\/California-Gold-Nutrition-EuroHerbs-Extrait-de-racine-dortie-Qualite-Euromed-250-mg-60-capsules-vegetales1.jpg","datePublished":"2026-03-10T17:54:05+00:00","dateModified":"2026-03-28T17:51:59+00:00","description":"California Gold Nutrition EuroHerbs extrait de racine d\u2019ortie 250 mg, 60 capsules. Compl\u00e9ment naturel pour soutenir la sant\u00e9 de la prostate,. Disponible","breadcrumb":{"@id":"https:\/\/vitablanca.ma\/produit\/california-gold-nutrition-euroherbs-extrait-de-racine-dortie-250-mg-60-capsules-maroc-prix\/#breadcrumb"},"inLanguage":"en-US","potentialAction":[{"@type":"ReadAction","target":["https:\/\/vitablanca.ma\/produit\/california-gold-nutrition-euroherbs-extrait-de-racine-dortie-250-mg-60-capsules-maroc-prix\/"]}]},{"@type":"ImageObject","inLanguage":"en-US","@id":"https:\/\/vitablanca.ma\/produit\/california-gold-nutrition-euroherbs-extrait-de-racine-dortie-250-mg-60-capsules-maroc-prix\/#primaryimage","url":"https:\/\/vitablanca.ma\/wp-content\/uploads\/2026\/03\/California-Gold-Nutrition-EuroHerbs-Extrait-de-racine-dortie-Qualite-Euromed-250-mg-60-capsules-vegetales1.jpg","contentUrl":"https:\/\/vitablanca.ma\/wp-content\/uploads\/2026\/03\/California-Gold-Nutrition-EuroHerbs-Extrait-de-racine-dortie-Qualite-Euromed-250-mg-60-capsules-vegetales1.jpg","width":1600,"height":1600},{"@type":"BreadcrumbList","@id":"https:\/\/vitablanca.ma\/produit\/california-gold-nutrition-euroherbs-extrait-de-racine-dortie-250-mg-60-capsules-maroc-prix\/#breadcrumb","itemListElement":[{"@type":"ListItem","position":1,"name":"Home","item":"https:\/\/vitablanca.ma\/"},{"@type":"ListItem","position":2,"name":"Tous Les Produits","item":"https:\/\/vitablanca.ma\/tous-les-produits\/"},{"@type":"ListItem","position":3,"name":"California Gold Nutrition EuroHerbs Extrait de Racine d\u2019Ortie 250 mg 60 Capsules"}]},{"@type":"WebSite","@id":"https:\/\/vitablanca.ma\/#website","url":"https:\/\/vitablanca.ma\/","name":"VitaBlanca.ma | Food supplements, health &amp; beauty in Morocco","description":"sell premium vitamins and supplements from USA &amp; Canada, New Zealand, Morocco (NOW Foods, Solgar, Manuka). Fast delivery anywhere in Morocco.","publisher":{"@id":"https:\/\/vitablanca.ma\/#organization"},"alternateName":"VitaBlanca.ma","potentialAction":[{"@type":"SearchAction","target":{"@type":"EntryPoint","urlTemplate":"https:\/\/vitablanca.ma\/?s={search_term_string}"},"query-input":{"@type":"PropertyValueSpecification","valueRequired":true,"valueName":"search_term_string"}}],"inLanguage":"en-US"},{"@type":"Organization","@id":"https:\/\/vitablanca.ma\/#organization","name":"VitaBlanca","url":"https:\/\/vitablanca.ma\/","logo":{"@type":"ImageObject","inLanguage":"en-US","@id":"https:\/\/vitablanca.ma\/#\/schema\/logo\/image\/","url":"https:\/\/vitablanca.ma\/wp-content\/uploads\/2025\/05\/cropped-vitablanca.png","contentUrl":"https:\/\/vitablanca.ma\/wp-content\/uploads\/2025\/05\/cropped-vitablanca.png","width":360,"height":67,"caption":"VitaBlanca"},"image":{"@id":"https:\/\/vitablanca.ma\/#\/schema\/logo\/image\/"},"sameAs":["https:\/\/www.facebook.com\/profile.php?id=61576678196717","https:\/\/www.tiktok.com\/@vitablanca.ma","https:\/\/www.instagram.com\/vitablanca.ma\/"]}]}},"jetpack_sharing_enabled":true,"_links":{"self":[{"href":"https:\/\/vitablanca.ma\/en\/wp-json\/wp\/v2\/product\/34027","targetHints":{"allow":["GET"]}}],"collection":[{"href":"https:\/\/vitablanca.ma\/en\/wp-json\/wp\/v2\/product"}],"about":[{"href":"https:\/\/vitablanca.ma\/en\/wp-json\/wp\/v2\/types\/product"}],"wp:featuredmedia":[{"embeddable":true,"href":"https:\/\/vitablanca.ma\/en\/wp-json\/wp\/v2\/media\/34029"}],"wp:attachment":[{"href":"https:\/\/vitablanca.ma\/en\/wp-json\/wp\/v2\/media?parent=34027"}],"wp:term":[{"taxonomy":"product_brand","embeddable":true,"href":"https:\/\/vitablanca.ma\/en\/wp-json\/wp\/v2\/product_brand?post=34027"},{"taxonomy":"product_cat","embeddable":true,"href":"https:\/\/vitablanca.ma\/en\/wp-json\/wp\/v2\/product_cat?post=34027"},{"taxonomy":"product_tag","embeddable":true,"href":"https:\/\/vitablanca.ma\/en\/wp-json\/wp\/v2\/product_tag?post=34027"}],"curies":[{"name":"wp","href":"https:\/\/api.w.org\/{rel}","templated":true}]}}