{"id":33996,"date":"2026-03-10T01:56:51","date_gmt":"2026-03-10T01:56:51","guid":{"rendered":"https:\/\/vitablanca.ma\/?post_type=product&#038;p=33996"},"modified":"2026-03-28T17:51:59","modified_gmt":"2026-03-28T17:51:59","slug":"now-foods-acide-hyaluronique-100-mg-120-capsules-vegetales-maroc-prix","status":"publish","type":"product","link":"https:\/\/vitablanca.ma\/en\/product\/now-foods-acide-hyaluronique-100-mg-120-capsules-vegetales-maroc-prix\/","title":{"rendered":"NOW Foods Acide Hyaluronique 100 mg 120 Capsules V\u00e9g\u00e9tales"},"content":{"rendered":"<div class=\"row item-row\">\n<div class=\"col-xs-24\">\n<div>\n<p>L&rsquo;acide hyaluronique est un compos\u00e9 pr\u00e9sent dans tous les tissus de l&rsquo;organisme, les concentrations les plus \u00e9lev\u00e9es se trouvant dans les tissus conjonctifs tels que la peau et le cartilage. L&rsquo;acide hyaluronique est un constituant important du liquide articulaire, o\u00f9 il sert de lubrifiant et joue un r\u00f4le dans la r\u00e9sistance aux forces de compression. La L-proline, l&rsquo;acide alpha-lipo\u00efque et l&rsquo;extrait de p\u00e9pins de raisin ont \u00e9t\u00e9 inclus pour cr\u00e9er une formule encore plus compl\u00e8te.<\/p>\n<p>Ce produit double efficacit\u00e9 poss\u00e8de deux fois plus d&rsquo;acide hyaluronique (100\u00a0mg par capsule) que notre produit \u00e0 la puissance ordinaire (50\u00a0mg par capsule).<\/p>\n<\/div>\n<\/div>\n<\/div>\n<div class=\"row item-row\">\n<div class=\"col-xs-24\">\n<h3><strong>Suggested Use<\/strong><\/h3>\n<div class=\"prodOverviewDetail\">\n<p>Prenez 1\u00a0capsule 1 \u00e0\u00a02\u00a0fois par jour au cours d&rsquo;un repas.<\/p>\n<\/div>\n<\/div>\n<\/div>\n<div class=\"row item-row\">\n<div class=\"col-xs-24\">\n<h3><strong>Other ingredients<\/strong><\/h3>\n<div class=\"prodOverviewIngred\">\n<p>Cellulose (capsule), farine de riz, st\u00e9arate de magn\u00e9sium (d&rsquo;origine v\u00e9g\u00e9tale) et silice.<\/p>\n<p>\u00c9labor\u00e9 sans bl\u00e9, gluten, soja, lait, \u0153ufs, poisson, fruits de mer ni fruits \u00e0 coque. Fabriqu\u00e9 dans une installation respectant les Bonnes Pratiques de Fabrication et qui traite d&rsquo;autres ingr\u00e9dients contenant ces allerg\u00e8nes.<\/p>\n<\/div>\n<\/div>\n<\/div>\n<div class=\"row item-row\">\n<div class=\"col-xs-24\">\n<h3><strong>Warnings<\/strong><\/h3>\n<div class=\"prodOverviewDetail\">\n<p>Conserver dans un endroit frais et sec apr\u00e8s ouverture.<\/p>\n<p>R\u00e9serv\u00e9 aux adultes. Consultez un m\u00e9decin si vous \u00eates enceinte, allaitez, prenez des m\u00e9dicaments ou pr\u00e9sentez une affection m\u00e9dicale. Tenir hors de port\u00e9e des enfants.<\/p>\n<p>Une variation naturelle de couleur peut se produire.<\/p>\n<p>Ne pas ing\u00e9rer le sachet absorbeur d&rsquo;humidit\u00e9. Conserver le produit dans son flacon.<\/p>\n<table role=\"presentation\" border=\"1\" width=\"100%\" cellspacing=\"0\" cellpadding=\"3\">\n<tbody>\n<tr valign=\"top\">\n<td colspan=\"3\"><strong>Properties<\/strong><\/td>\n<\/tr>\n<tr valign=\"top\">\n<td colspan=\"3\"><strong>Serving:<\/strong>\u00a01\u00a0capsule v\u00e9g\u00e9tale<\/td>\n<\/tr>\n<tr valign=\"top\">\n<td width=\"70%\"><\/td>\n<td width=\"15%\"><strong>Amount per serving<\/strong><\/td>\n<td width=\"15%\"><strong>% daily intake<\/strong><\/td>\n<\/tr>\n<tr valign=\"top\">\n<td>Sodium (issu d&rsquo;hyaluronate de sodium)<\/td>\n<td>10\u00a0mg<\/td>\n<td>&lt;1\u00a0%<\/td>\n<\/tr>\n<tr valign=\"top\">\n<td>Acide hyaluronique (issu d&rsquo;hyaluronate de sodium)<\/td>\n<td>100\u00a0mg<\/td>\n<td>*<\/td>\n<\/tr>\n<tr valign=\"top\">\n<td>L-proline (forme libre)<\/td>\n<td>100\u00a0mg<\/td>\n<td>*<\/td>\n<\/tr>\n<tr valign=\"top\">\n<td>Alpha-lipoic acid<\/td>\n<td>50\u00a0mg<\/td>\n<td>*<\/td>\n<\/tr>\n<tr valign=\"top\">\n<td>Extrait de p\u00e9pin de raisin (standardis\u00e9 pour les polyph\u00e9nols)<\/td>\n<td>25\u00a0mg<\/td>\n<td>*<\/td>\n<\/tr>\n<tr valign=\"top\">\n<td colspan=\"3\">Apport journalier non \u00e9tabli.<\/td>\n<\/tr>\n<\/tbody>\n<\/table>\n<\/div>\n<\/div>\n<\/div>","protected":false},"excerpt":{"rendered":"<ul>\n<li>Joint support<\/li>\n<li>Essential for joint lubrication<\/li>\n<li>Contient de la L-proline, de l&rsquo;acide alpha-lipo\u00efque et de l&rsquo;extrait de p\u00e9pins de raisin<\/li>\n<li>GMO-free<\/li>\n<li>Food supplement<\/li>\n<li>Double efficiency<\/li>\n<li>V\u00e9g\u00e9tarien\/V\u00e9gan<\/li>\n<li>General health<\/li>\n<li>Family business since 1968<\/li>\n<li>GMP quality guaranteed<\/li>\n<\/ul>","protected":false},"featured_media":33997,"template":"","meta":{"om_disable_all_campaigns":false},"product_brand":[83],"product_cat":[11787,18,629,8967,3366,7970],"product_tag":[327,6322,441,5079,7003,181,6276,3492,88,5072],"class_list":{"0":"post-33996","1":"product","2":"type-product","3":"status-publish","4":"has-post-thumbnail","6":"product_brand-now-foods-maroc-prix","7":"product_cat-acide-hyaluronique-2","8":"product_cat-beaute-sante","9":"product_cat-cheveux","10":"product_cat-complements","11":"product_cat-complements-alimentaires-au-maroc-vitablanca","12":"product_cat-peau-et-ongles","13":"product_tag-100-mg","14":"product_tag-acide-hyaluronique","15":"product_tag-antioxydant","16":"product_tag-articulations","17":"product_tag-capsules-vegetales","18":"product_tag-complement-alimentaire","19":"product_tag-hydratation","20":"product_tag-maroc","21":"product_tag-now-foods","22":"product_tag-sante-de-la-peau","24":"first","25":"instock","26":"sale","27":"taxable","28":"shipping-taxable","29":"purchasable","30":"product-type-simple"},"yoast_head":"<!-- This site is optimized with the Yoast SEO plugin v27.4 - https:\/\/yoast.com\/product\/yoast-seo-wordpress\/ -->\n<title>NOW Foods Acide Hyaluronique 100 mg 120 Capsule \u2013 Maroc Prix<\/title>\n<meta name=\"description\" content=\"NOW Foods Acide Hyaluronique 100 mg avec L-proline, acide alpha-lipo\u00efque et extrait de p\u00e9pins de raisin. Soutient la sant\u00e9 de la peau. Disponible au Maroc.\" \/>\n<meta name=\"robots\" content=\"index, follow, max-snippet:-1, max-image-preview:large, max-video-preview:-1\" \/>\n<link rel=\"canonical\" href=\"https:\/\/vitablanca.ma\/en\/product\/now-foods-acide-hyaluronique-100-mg-120-capsules-vegetales-maroc-prix\/\" \/>\n<meta property=\"og:locale\" content=\"en_US\" \/>\n<meta property=\"og:type\" content=\"article\" \/>\n<meta property=\"og:title\" content=\"NOW Foods Acide Hyaluronique 100 mg 120 Capsule \u2013 Maroc Prix\" \/>\n<meta property=\"og:description\" content=\"NOW Foods Acide Hyaluronique 100 mg avec L-proline, acide alpha-lipo\u00efque et extrait de p\u00e9pins de raisin. Soutient la sant\u00e9 de la peau. Disponible au Maroc.\" \/>\n<meta property=\"og:url\" content=\"https:\/\/vitablanca.ma\/en\/product\/now-foods-acide-hyaluronique-100-mg-120-capsules-vegetales-maroc-prix\/\" \/>\n<meta property=\"og:site_name\" content=\"Vitablanca.ma &ndash; Sant&eacute;, vitalit&eacute; et bien-&ecirc;tre pour tous les Marocains\" \/>\n<meta property=\"article:publisher\" content=\"https:\/\/www.facebook.com\/profile.php?id=61576678196717\" \/>\n<meta property=\"article:modified_time\" content=\"2026-03-28T17:51:59+00:00\" \/>\n<meta property=\"og:image\" content=\"https:\/\/vitablanca.ma\/wp-content\/uploads\/2026\/03\/NOW-Foods-Acide-Hyaluronique-100-mg-120-Capsules-Vegetales1.jpg\" \/>\n\t<meta property=\"og:image:width\" content=\"1600\" \/>\n\t<meta property=\"og:image:height\" content=\"1600\" \/>\n\t<meta property=\"og:image:type\" content=\"image\/jpeg\" \/>\n<meta name=\"twitter:card\" content=\"summary_large_image\" \/>\n<meta name=\"twitter:label1\" content=\"Est. reading time\" \/>\n\t<meta name=\"twitter:data1\" content=\"2 minutes\" \/>\n<script type=\"application\/ld+json\" class=\"yoast-schema-graph\">{\"@context\":\"https:\\\/\\\/schema.org\",\"@graph\":[{\"@type\":[\"WebPage\",\"ItemPage\"],\"@id\":\"https:\\\/\\\/vitablanca.ma\\\/produit\\\/now-foods-acide-hyaluronique-100-mg-120-capsules-vegetales-maroc-prix\\\/\",\"url\":\"https:\\\/\\\/vitablanca.ma\\\/produit\\\/now-foods-acide-hyaluronique-100-mg-120-capsules-vegetales-maroc-prix\\\/\",\"name\":\"NOW Foods Acide Hyaluronique 100 mg 120 Capsule \u2013 Maroc Prix\",\"isPartOf\":{\"@id\":\"https:\\\/\\\/vitablanca.ma\\\/#website\"},\"primaryImageOfPage\":{\"@id\":\"https:\\\/\\\/vitablanca.ma\\\/produit\\\/now-foods-acide-hyaluronique-100-mg-120-capsules-vegetales-maroc-prix\\\/#primaryimage\"},\"image\":{\"@id\":\"https:\\\/\\\/vitablanca.ma\\\/produit\\\/now-foods-acide-hyaluronique-100-mg-120-capsules-vegetales-maroc-prix\\\/#primaryimage\"},\"thumbnailUrl\":\"https:\\\/\\\/vitablanca.ma\\\/wp-content\\\/uploads\\\/2026\\\/03\\\/NOW-Foods-Acide-Hyaluronique-100-mg-120-Capsules-Vegetales1.jpg\",\"datePublished\":\"2026-03-10T01:56:51+00:00\",\"dateModified\":\"2026-03-28T17:51:59+00:00\",\"description\":\"NOW Foods Acide Hyaluronique 100 mg avec L-proline, acide alpha-lipo\u00efque et extrait de p\u00e9pins de raisin. Soutient la sant\u00e9 de la peau. Disponible au Maroc.\",\"breadcrumb\":{\"@id\":\"https:\\\/\\\/vitablanca.ma\\\/produit\\\/now-foods-acide-hyaluronique-100-mg-120-capsules-vegetales-maroc-prix\\\/#breadcrumb\"},\"inLanguage\":\"en-US\",\"potentialAction\":[{\"@type\":\"ReadAction\",\"target\":[\"https:\\\/\\\/vitablanca.ma\\\/produit\\\/now-foods-acide-hyaluronique-100-mg-120-capsules-vegetales-maroc-prix\\\/\"]}]},{\"@type\":\"ImageObject\",\"inLanguage\":\"en-US\",\"@id\":\"https:\\\/\\\/vitablanca.ma\\\/produit\\\/now-foods-acide-hyaluronique-100-mg-120-capsules-vegetales-maroc-prix\\\/#primaryimage\",\"url\":\"https:\\\/\\\/vitablanca.ma\\\/wp-content\\\/uploads\\\/2026\\\/03\\\/NOW-Foods-Acide-Hyaluronique-100-mg-120-Capsules-Vegetales1.jpg\",\"contentUrl\":\"https:\\\/\\\/vitablanca.ma\\\/wp-content\\\/uploads\\\/2026\\\/03\\\/NOW-Foods-Acide-Hyaluronique-100-mg-120-Capsules-Vegetales1.jpg\",\"width\":1600,\"height\":1600},{\"@type\":\"BreadcrumbList\",\"@id\":\"https:\\\/\\\/vitablanca.ma\\\/produit\\\/now-foods-acide-hyaluronique-100-mg-120-capsules-vegetales-maroc-prix\\\/#breadcrumb\",\"itemListElement\":[{\"@type\":\"ListItem\",\"position\":1,\"name\":\"Home\",\"item\":\"https:\\\/\\\/vitablanca.ma\\\/\"},{\"@type\":\"ListItem\",\"position\":2,\"name\":\"Tous Les Produits\",\"item\":\"https:\\\/\\\/vitablanca.ma\\\/tous-les-produits\\\/\"},{\"@type\":\"ListItem\",\"position\":3,\"name\":\"NOW Foods Acide Hyaluronique 100 mg 120 Capsules V\u00e9g\u00e9tales\"}]},{\"@type\":\"WebSite\",\"@id\":\"https:\\\/\\\/vitablanca.ma\\\/#website\",\"url\":\"https:\\\/\\\/vitablanca.ma\\\/\",\"name\":\"VitaBlanca.ma | Compl\u00e9ments alimentaires, sant\u00e9 & beaut\u00e9 au Maroc\",\"description\":\"vendre vitamines et compl\u00e9ments premium des USA &amp; Canada, Nouvelle Z\u00e9lande,Maroc (NOW Foods, Solgar, Manuka). Livraison rapide partout au Maroc.\",\"publisher\":{\"@id\":\"https:\\\/\\\/vitablanca.ma\\\/#organization\"},\"alternateName\":\"VitaBlanca.ma\",\"potentialAction\":[{\"@type\":\"SearchAction\",\"target\":{\"@type\":\"EntryPoint\",\"urlTemplate\":\"https:\\\/\\\/vitablanca.ma\\\/?s={search_term_string}\"},\"query-input\":{\"@type\":\"PropertyValueSpecification\",\"valueRequired\":true,\"valueName\":\"search_term_string\"}}],\"inLanguage\":\"en-US\"},{\"@type\":\"Organization\",\"@id\":\"https:\\\/\\\/vitablanca.ma\\\/#organization\",\"name\":\"VitaBlanca\",\"url\":\"https:\\\/\\\/vitablanca.ma\\\/\",\"logo\":{\"@type\":\"ImageObject\",\"inLanguage\":\"en-US\",\"@id\":\"https:\\\/\\\/vitablanca.ma\\\/#\\\/schema\\\/logo\\\/image\\\/\",\"url\":\"https:\\\/\\\/vitablanca.ma\\\/wp-content\\\/uploads\\\/2025\\\/05\\\/cropped-vitablanca.png\",\"contentUrl\":\"https:\\\/\\\/vitablanca.ma\\\/wp-content\\\/uploads\\\/2025\\\/05\\\/cropped-vitablanca.png\",\"width\":360,\"height\":67,\"caption\":\"VitaBlanca\"},\"image\":{\"@id\":\"https:\\\/\\\/vitablanca.ma\\\/#\\\/schema\\\/logo\\\/image\\\/\"},\"sameAs\":[\"https:\\\/\\\/www.facebook.com\\\/profile.php?id=61576678196717\",\"https:\\\/\\\/www.tiktok.com\\\/@vitablanca.ma\",\"https:\\\/\\\/www.instagram.com\\\/vitablanca.ma\\\/\"]}]}<\/script>\n<!-- \/ Yoast SEO plugin. -->","yoast_head_json":{"title":"NOW Foods Acide Hyaluronique 100 mg 120 Capsule \u2013 Maroc Prix","description":"NOW Foods Acide Hyaluronique 100 mg avec L-proline, acide alpha-lipo\u00efque et extrait de p\u00e9pins de raisin. Soutient la sant\u00e9 de la peau. Disponible au Maroc.","robots":{"index":"index","follow":"follow","max-snippet":"max-snippet:-1","max-image-preview":"max-image-preview:large","max-video-preview":"max-video-preview:-1"},"canonical":"https:\/\/vitablanca.ma\/en\/product\/now-foods-acide-hyaluronique-100-mg-120-capsules-vegetales-maroc-prix\/","og_locale":"en_US","og_type":"article","og_title":"NOW Foods Acide Hyaluronique 100 mg 120 Capsule \u2013 Maroc Prix","og_description":"NOW Foods Acide Hyaluronique 100 mg avec L-proline, acide alpha-lipo\u00efque et extrait de p\u00e9pins de raisin. Soutient la sant\u00e9 de la peau. Disponible au Maroc.","og_url":"https:\/\/vitablanca.ma\/en\/product\/now-foods-acide-hyaluronique-100-mg-120-capsules-vegetales-maroc-prix\/","og_site_name":"Vitablanca.ma &ndash; Sant&eacute;, vitalit&eacute; et bien-&ecirc;tre pour tous les Marocains","article_publisher":"https:\/\/www.facebook.com\/profile.php?id=61576678196717","article_modified_time":"2026-03-28T17:51:59+00:00","og_image":[{"width":1600,"height":1600,"url":"https:\/\/vitablanca.ma\/wp-content\/uploads\/2026\/03\/NOW-Foods-Acide-Hyaluronique-100-mg-120-Capsules-Vegetales1.jpg","type":"image\/jpeg"}],"twitter_card":"summary_large_image","twitter_misc":{"Est. reading time":"2 minutes"},"schema":{"@context":"https:\/\/schema.org","@graph":[{"@type":["WebPage","ItemPage"],"@id":"https:\/\/vitablanca.ma\/produit\/now-foods-acide-hyaluronique-100-mg-120-capsules-vegetales-maroc-prix\/","url":"https:\/\/vitablanca.ma\/produit\/now-foods-acide-hyaluronique-100-mg-120-capsules-vegetales-maroc-prix\/","name":"NOW Foods Acide Hyaluronique 100 mg 120 Capsule \u2013 Maroc Prix","isPartOf":{"@id":"https:\/\/vitablanca.ma\/#website"},"primaryImageOfPage":{"@id":"https:\/\/vitablanca.ma\/produit\/now-foods-acide-hyaluronique-100-mg-120-capsules-vegetales-maroc-prix\/#primaryimage"},"image":{"@id":"https:\/\/vitablanca.ma\/produit\/now-foods-acide-hyaluronique-100-mg-120-capsules-vegetales-maroc-prix\/#primaryimage"},"thumbnailUrl":"https:\/\/vitablanca.ma\/wp-content\/uploads\/2026\/03\/NOW-Foods-Acide-Hyaluronique-100-mg-120-Capsules-Vegetales1.jpg","datePublished":"2026-03-10T01:56:51+00:00","dateModified":"2026-03-28T17:51:59+00:00","description":"NOW Foods Acide Hyaluronique 100 mg avec L-proline, acide alpha-lipo\u00efque et extrait de p\u00e9pins de raisin. Soutient la sant\u00e9 de la peau. Disponible au Maroc.","breadcrumb":{"@id":"https:\/\/vitablanca.ma\/produit\/now-foods-acide-hyaluronique-100-mg-120-capsules-vegetales-maroc-prix\/#breadcrumb"},"inLanguage":"en-US","potentialAction":[{"@type":"ReadAction","target":["https:\/\/vitablanca.ma\/produit\/now-foods-acide-hyaluronique-100-mg-120-capsules-vegetales-maroc-prix\/"]}]},{"@type":"ImageObject","inLanguage":"en-US","@id":"https:\/\/vitablanca.ma\/produit\/now-foods-acide-hyaluronique-100-mg-120-capsules-vegetales-maroc-prix\/#primaryimage","url":"https:\/\/vitablanca.ma\/wp-content\/uploads\/2026\/03\/NOW-Foods-Acide-Hyaluronique-100-mg-120-Capsules-Vegetales1.jpg","contentUrl":"https:\/\/vitablanca.ma\/wp-content\/uploads\/2026\/03\/NOW-Foods-Acide-Hyaluronique-100-mg-120-Capsules-Vegetales1.jpg","width":1600,"height":1600},{"@type":"BreadcrumbList","@id":"https:\/\/vitablanca.ma\/produit\/now-foods-acide-hyaluronique-100-mg-120-capsules-vegetales-maroc-prix\/#breadcrumb","itemListElement":[{"@type":"ListItem","position":1,"name":"Home","item":"https:\/\/vitablanca.ma\/"},{"@type":"ListItem","position":2,"name":"Tous Les Produits","item":"https:\/\/vitablanca.ma\/tous-les-produits\/"},{"@type":"ListItem","position":3,"name":"NOW Foods Acide Hyaluronique 100 mg 120 Capsules V\u00e9g\u00e9tales"}]},{"@type":"WebSite","@id":"https:\/\/vitablanca.ma\/#website","url":"https:\/\/vitablanca.ma\/","name":"VitaBlanca.ma | Food supplements, health &amp; beauty in Morocco","description":"sell premium vitamins and supplements from USA &amp; Canada, New Zealand, Morocco (NOW Foods, Solgar, Manuka). Fast delivery anywhere in Morocco.","publisher":{"@id":"https:\/\/vitablanca.ma\/#organization"},"alternateName":"VitaBlanca.ma","potentialAction":[{"@type":"SearchAction","target":{"@type":"EntryPoint","urlTemplate":"https:\/\/vitablanca.ma\/?s={search_term_string}"},"query-input":{"@type":"PropertyValueSpecification","valueRequired":true,"valueName":"search_term_string"}}],"inLanguage":"en-US"},{"@type":"Organization","@id":"https:\/\/vitablanca.ma\/#organization","name":"VitaBlanca","url":"https:\/\/vitablanca.ma\/","logo":{"@type":"ImageObject","inLanguage":"en-US","@id":"https:\/\/vitablanca.ma\/#\/schema\/logo\/image\/","url":"https:\/\/vitablanca.ma\/wp-content\/uploads\/2025\/05\/cropped-vitablanca.png","contentUrl":"https:\/\/vitablanca.ma\/wp-content\/uploads\/2025\/05\/cropped-vitablanca.png","width":360,"height":67,"caption":"VitaBlanca"},"image":{"@id":"https:\/\/vitablanca.ma\/#\/schema\/logo\/image\/"},"sameAs":["https:\/\/www.facebook.com\/profile.php?id=61576678196717","https:\/\/www.tiktok.com\/@vitablanca.ma","https:\/\/www.instagram.com\/vitablanca.ma\/"]}]}},"jetpack_sharing_enabled":true,"_links":{"self":[{"href":"https:\/\/vitablanca.ma\/en\/wp-json\/wp\/v2\/product\/33996","targetHints":{"allow":["GET"]}}],"collection":[{"href":"https:\/\/vitablanca.ma\/en\/wp-json\/wp\/v2\/product"}],"about":[{"href":"https:\/\/vitablanca.ma\/en\/wp-json\/wp\/v2\/types\/product"}],"wp:featuredmedia":[{"embeddable":true,"href":"https:\/\/vitablanca.ma\/en\/wp-json\/wp\/v2\/media\/33997"}],"wp:attachment":[{"href":"https:\/\/vitablanca.ma\/en\/wp-json\/wp\/v2\/media?parent=33996"}],"wp:term":[{"taxonomy":"product_brand","embeddable":true,"href":"https:\/\/vitablanca.ma\/en\/wp-json\/wp\/v2\/product_brand?post=33996"},{"taxonomy":"product_cat","embeddable":true,"href":"https:\/\/vitablanca.ma\/en\/wp-json\/wp\/v2\/product_cat?post=33996"},{"taxonomy":"product_tag","embeddable":true,"href":"https:\/\/vitablanca.ma\/en\/wp-json\/wp\/v2\/product_tag?post=33996"}],"curies":[{"name":"wp","href":"https:\/\/api.w.org\/{rel}","templated":true}]}}