{"id":33993,"date":"2026-03-10T01:46:13","date_gmt":"2026-03-10T01:46:13","guid":{"rendered":"https:\/\/vitablanca.ma\/?post_type=product&#038;p=33993"},"modified":"2026-03-28T17:52:00","modified_gmt":"2026-03-28T17:52:00","slug":"california-gold-nutrition-euroherbs-extrait-de-millepertuis-qualite-euromed-300-mg-60-capsules-vegetales-maroc-prix","status":"publish","type":"product","link":"https:\/\/vitablanca.ma\/en\/product\/california-gold-nutrition-euroherbs-extrait-de-millepertuis-qualite-euromed-300-mg-60-capsules-vegetales-maroc-prix\/","title":{"rendered":"California Gold Nutrition, EuroHerbs\u2122, Extrait de millepertuis, Qualit\u00e9 Euromed, 300 mg, 60 capsules v\u00e9g\u00e9tales"},"content":{"rendered":"<div class=\"row item-row\">\n<div class=\"col-xs-24\">\n<div>\n<p>THE\u00a0<em>St. John&#039;s wort<\/em>\u00a0est une plante couramment utilis\u00e9e en m\u00e9decine traditionnelle en raison de ses propri\u00e9t\u00e9s b\u00e9n\u00e9fiques naturelles. Le\u00a0<strong>St. John&#039;s wort<\/strong>\u00a0of\u00a0<em>California Gold Nutrition\u00ae EuroHerbs\u2122<\/em>\u00a0contient un extrait de haute qualit\u00e9 de fleurs de millepertuis et peut aider \u00e0 soutenir certains aspects de la sant\u00e9 \u00e9motionnelle.*<\/p>\n<p><em>Bienfaits du millepertuis<\/em><br \/>\nLe millepertuis a \u00e9t\u00e9 reconnu par de nombreuses \u00e9tudes comme un moyen de soutenir l&rsquo;\u00e9quilibre \u00e9motionnel, car on pense qu&rsquo;il aide \u00e0 traiter la d\u00e9pression l\u00e9g\u00e8re \u00e0 mod\u00e9r\u00e9e, l&rsquo;anxi\u00e9t\u00e9 et l&rsquo;agitation.* Notre compl\u00e9ment de millepertuis est fabriqu\u00e9 \u00e0 partir des sommit\u00e9s de fleurs de la plante du m\u00eame nom, qui contiennent plusieurs compos\u00e9s phytochimiques connus pour leur capacit\u00e9 \u00e0 contribuer \u00e0 l&rsquo;effet th\u00e9rapeutique du millepertuis.*<\/p>\n<p>THE\u00a0<strong>St. John&#039;s wort<\/strong>\u00a0of\u00a0<em>California Gold Nutrition\u00ae EuroHerbs\u2122<\/em>\u00a0contient un extrait standardis\u00e9 de qualit\u00e9 premium Euromed. Euromed est l&rsquo;un des plus grands fabricants europ\u00e9ens d&rsquo;extraits \u00e0 base de plantes standardis\u00e9s de qualit\u00e9 officinale du monde. L&rsquo;opercule Phyto\u00a0Proof\u00ae confirme l&rsquo;utilisation de cultivars obtenus \u00e0 partir de semences d&rsquo;\u00e9lite pour assurer un contr\u00f4le qualit\u00e9 tout au long du processus de fabrication (de la semence \u00e0 l&rsquo;extrait fini).<\/p>\n<p><strong><a href=\"https:\/\/s3.images-iherb.com\/cms\/CGN-01117%281%29.jpg\" target=\"_blank\" rel=\"noopener noreferrer\"><u>iTested Verified<\/u><\/a><\/strong><\/p>\n<\/div>\n<\/div>\n<\/div>\n<div class=\"row item-row\">\n<div class=\"col-xs-24\">\n<h3><strong>Suggested Use<\/strong><\/h3>\n<div class=\"prodOverviewDetail\">\n<p id=\"isPasted\">Prenez 1\u00a0capsule par jour au cours d&rsquo;un repas. Respectez les consignes d&rsquo;utilisation donn\u00e9es par un professionnel de la sant\u00e9 qualifi\u00e9.<\/p>\n<\/div>\n<\/div>\n<\/div>\n<div class=\"row item-row\">\n<div class=\"col-xs-24\">\n<h3><strong>Other ingredients<\/strong><\/h3>\n<div class=\"prodOverviewIngred\">\n<p id=\"isPasted\">Ingr\u00e9dients principaux<br \/>\nExtrait de sommit\u00e9s de fleurs de millepertuis (standardis\u00e9 \u00e0 0,3\u00a0% d&rsquo;hyp\u00e9ricine)<\/p>\n<p>Other ingredients<br \/>\nCellulose modifi\u00e9e (capsule v\u00e9g\u00e9tale d&rsquo;hypromellose), cellulose microcristalline, maltodextrine (support pour l&rsquo;extrait de millepertuis), dioxyde de silicium (silice), et acide st\u00e9arique.<\/p>\n<p>Produit \u00e9labor\u00e9 sans lait, \u0153ufs, poisson, crustac\u00e9s, fruits \u00e0 coque, arachides, bl\u00e9, soja, s\u00e9same, ni gluten. Produit dans un \u00e9tablissement enregistr\u00e9 aupr\u00e8s de la FDA, audit\u00e9 par une organisation tierce, et respectant les BPF actuelles (certifi\u00e9) susceptible de transformer d&rsquo;autres produits qui contiennent ces allerg\u00e8nes ou ingr\u00e9dients.<\/p>\n<p>Produit fabriqu\u00e9 aux \u00c9tats-Unis et qualit\u00e9 test\u00e9e aux \u00c9tats-Unis avec des ingr\u00e9dients de provenance internationale. L&rsquo;extrait de millepertuis est un produit d&rsquo;Espagne.<\/p>\n<\/div>\n<\/div>\n<\/div>\n<div class=\"row item-row\">\n<div class=\"col-xs-24\">\n<h3><strong>Warnings<\/strong><\/h3>\n<div class=\"prodOverviewDetail\">\n<p id=\"isPasted\"><strong>Keep out of reach of children.\u00a0<\/strong>Les femmes enceintes ou allaitantes, les personnes atteintes d&rsquo;une maladie chronique, les personnes \u00e2g\u00e9es, les personnes de moins de 18 ans, les personnes prenant des m\u00e9dicaments sur ordonnance (ex.\u00a0: des ISRS et des IMAO) ainsi que celles qui souffrent d&rsquo;une affection m\u00e9dicale diagnostiqu\u00e9e par un m\u00e9decin doivent demander l&rsquo;avis d&rsquo;un m\u00e9decin, d&rsquo;un pharmacien, d&rsquo;un naturopathe ou d&rsquo;un autre professionnel qualifi\u00e9 de la sant\u00e9 avant de prendre des compl\u00e9ments alimentaires.<\/p>\n<p><strong>Scell\u00e9 pour votre protection. Ne pas utiliser si l&rsquo;opercule est absent ou rompu. \u00c0 conserver dans un endroit frais et sec. \u00c0 conserver \u00e0 l&rsquo;abri de la chaleur, de la lumi\u00e8re et de l&rsquo;humidit\u00e9.<\/strong><\/p>\n<table border=\"1\" width=\"100%\" cellspacing=\"0\" cellpadding=\"3\">\n<tbody>\n<tr valign=\"top\">\n<td colspan=\"3\"><strong>Properties<\/strong><\/td>\n<\/tr>\n<tr valign=\"top\">\n<td colspan=\"3\"><strong>Serving:<\/strong>\u00a01\u00a0capsule<\/td>\n<\/tr>\n<tr valign=\"top\">\n<td colspan=\"3\"><strong>Servings per container:<\/strong>\u00a060<\/td>\n<\/tr>\n<tr valign=\"top\">\n<td width=\"70%\"><\/td>\n<td width=\"15%\"><strong>Amount per serving<\/strong><\/td>\n<td width=\"15%\"><strong>% daily intake<\/strong><\/td>\n<\/tr>\n<tr valign=\"top\">\n<td>Extrait de millepertuis<br \/>\n(standardis\u00e9 \u00e0 0,3 % d&rsquo;hyp\u00e9ricine)<\/td>\n<td>300\u00a0mg<\/td>\n<td>*<\/td>\n<\/tr>\n<tr valign=\"top\">\n<td colspan=\"3\">Apport journalier non \u00e9tabli.<\/td>\n<\/tr>\n<\/tbody>\n<\/table>\n<\/div>\n<\/div>\n<\/div>","protected":false},"excerpt":{"rendered":"<ul>\n<li><strong>St. John&#039;s Wort<\/strong>\u00a0of\u00a0<em>California\u00a0Gold\u00a0Nutrition\u00ae<\/em>\u00a0<em>EuroHerbs<\/em>\u2122<\/li>\n<li>\u00c0 base de millepertuis s\u00e9ch\u00e9 et de qualit\u00e9 Euromed Phyto\u00a0Proof<\/li>\n<li>Fabriqu\u00e9 \u00e0 partir des sommit\u00e9s de fleurs de\u00a0<em>St. John&#039;s wort<\/em><\/li>\n<li>Standardis\u00e9 \u00e0 0,3\u00a0% d&rsquo;hyp\u00e9ricine<\/li>\n<li>Soutient l&rsquo;\u00e9quilibre \u00e9motionnel*<\/li>\n<li>Formul\u00e9 sans gluten, ni OGM, ni soja<\/li>\n<li>Produit dans un \u00e9tablissement respectant les bonnes pratiques de fabrication actuelles (certifi\u00e9) et audit\u00e9 par une organisation tierce<\/li>\n<li>Garantie 100\u00a0% Gold<\/li>\n<\/ul>","protected":false},"featured_media":33994,"template":"","meta":{"om_disable_all_campaigns":false},"product_brand":[2176],"product_cat":[18,8967,3366,11783,8101],"product_tag":[11785,1726,11036,181,11784,10799,4921,3492,397,11786],"class_list":{"0":"post-33993","1":"product","2":"type-product","3":"status-publish","4":"has-post-thumbnail","6":"product_brand-california-gold-nutrition","7":"product_cat-beaute-sante","8":"product_cat-complements","9":"product_cat-complements-alimentaires-au-maroc-vitablanca","10":"product_cat-millepertuis","11":"product_cat-plantes","12":"product_tag-300-mg","13":"product_tag-bien-etre-mental","14":"product_tag-california-gold-nutrition","15":"product_tag-complement-alimentaire","16":"product_tag-euroherbs","17":"product_tag-extrait-de-plante","18":"product_tag-humeur","19":"product_tag-maroc","20":"product_tag-millepertuis","21":"product_tag-plantes-medicinales","23":"first","24":"instock","25":"sale","26":"taxable","27":"shipping-taxable","28":"purchasable","29":"product-type-simple"},"yoast_head":"<!-- This site is optimized with the Yoast SEO plugin v27.4 - https:\/\/yoast.com\/product\/yoast-seo-wordpress\/ -->\n<title>California Gold Nutrition EuroHerbs 300 mg 60 Caps \u2013 Maroc Prix<\/title>\n<meta name=\"description\" content=\"California Gold Nutrition EuroHerbs extrait de millepertuis 300 mg, 60 capsules v\u00e9g\u00e9tales. Soutient l\u2019\u00e9quilibre \u00e9motionnel, l\u2019humeur et le bien-\u00eatre mental.\" \/>\n<meta name=\"robots\" content=\"index, follow, max-snippet:-1, max-image-preview:large, max-video-preview:-1\" \/>\n<link rel=\"canonical\" href=\"https:\/\/vitablanca.ma\/en\/product\/california-gold-nutrition-euroherbs-extrait-de-millepertuis-qualite-euromed-300-mg-60-capsules-vegetales-maroc-prix\/\" \/>\n<meta property=\"og:locale\" content=\"en_US\" \/>\n<meta property=\"og:type\" content=\"article\" \/>\n<meta property=\"og:title\" content=\"California Gold Nutrition EuroHerbs 300 mg 60 Caps \u2013 Maroc Prix\" \/>\n<meta property=\"og:description\" content=\"California Gold Nutrition EuroHerbs extrait de millepertuis 300 mg, 60 capsules v\u00e9g\u00e9tales. Soutient l\u2019\u00e9quilibre \u00e9motionnel, l\u2019humeur et le bien-\u00eatre mental.\" \/>\n<meta property=\"og:url\" content=\"https:\/\/vitablanca.ma\/en\/product\/california-gold-nutrition-euroherbs-extrait-de-millepertuis-qualite-euromed-300-mg-60-capsules-vegetales-maroc-prix\/\" \/>\n<meta property=\"og:site_name\" content=\"Vitablanca.ma &ndash; Sant&eacute;, vitalit&eacute; et bien-&ecirc;tre pour tous les Marocains\" \/>\n<meta property=\"article:publisher\" content=\"https:\/\/www.facebook.com\/profile.php?id=61576678196717\" \/>\n<meta property=\"article:modified_time\" content=\"2026-03-28T17:52:00+00:00\" \/>\n<meta property=\"og:image\" content=\"https:\/\/vitablanca.ma\/wp-content\/uploads\/2026\/03\/California-Gold-Nutrition-EuroHerbs\u2122-Extrait-de-millepertuis-Qualite-Euromed-300-mg-60-capsules-vegetales1.jpg\" \/>\n\t<meta property=\"og:image:width\" content=\"1600\" \/>\n\t<meta property=\"og:image:height\" content=\"1600\" \/>\n\t<meta property=\"og:image:type\" content=\"image\/jpeg\" \/>\n<meta name=\"twitter:card\" content=\"summary_large_image\" \/>\n<meta name=\"twitter:label1\" content=\"Est. reading time\" \/>\n\t<meta name=\"twitter:data1\" content=\"3 minutes\" \/>\n<script type=\"application\/ld+json\" class=\"yoast-schema-graph\">{\"@context\":\"https:\\\/\\\/schema.org\",\"@graph\":[{\"@type\":[\"WebPage\",\"ItemPage\"],\"@id\":\"https:\\\/\\\/vitablanca.ma\\\/produit\\\/california-gold-nutrition-euroherbs-extrait-de-millepertuis-qualite-euromed-300-mg-60-capsules-vegetales-maroc-prix\\\/\",\"url\":\"https:\\\/\\\/vitablanca.ma\\\/produit\\\/california-gold-nutrition-euroherbs-extrait-de-millepertuis-qualite-euromed-300-mg-60-capsules-vegetales-maroc-prix\\\/\",\"name\":\"California Gold Nutrition EuroHerbs 300 mg 60 Caps \u2013 Maroc Prix\",\"isPartOf\":{\"@id\":\"https:\\\/\\\/vitablanca.ma\\\/#website\"},\"primaryImageOfPage\":{\"@id\":\"https:\\\/\\\/vitablanca.ma\\\/produit\\\/california-gold-nutrition-euroherbs-extrait-de-millepertuis-qualite-euromed-300-mg-60-capsules-vegetales-maroc-prix\\\/#primaryimage\"},\"image\":{\"@id\":\"https:\\\/\\\/vitablanca.ma\\\/produit\\\/california-gold-nutrition-euroherbs-extrait-de-millepertuis-qualite-euromed-300-mg-60-capsules-vegetales-maroc-prix\\\/#primaryimage\"},\"thumbnailUrl\":\"https:\\\/\\\/vitablanca.ma\\\/wp-content\\\/uploads\\\/2026\\\/03\\\/California-Gold-Nutrition-EuroHerbs\u2122-Extrait-de-millepertuis-Qualite-Euromed-300-mg-60-capsules-vegetales1.jpg\",\"datePublished\":\"2026-03-10T01:46:13+00:00\",\"dateModified\":\"2026-03-28T17:52:00+00:00\",\"description\":\"California Gold Nutrition EuroHerbs extrait de millepertuis 300 mg, 60 capsules v\u00e9g\u00e9tales. Soutient l\u2019\u00e9quilibre \u00e9motionnel, l\u2019humeur et le bien-\u00eatre mental.\",\"breadcrumb\":{\"@id\":\"https:\\\/\\\/vitablanca.ma\\\/produit\\\/california-gold-nutrition-euroherbs-extrait-de-millepertuis-qualite-euromed-300-mg-60-capsules-vegetales-maroc-prix\\\/#breadcrumb\"},\"inLanguage\":\"en-US\",\"potentialAction\":[{\"@type\":\"ReadAction\",\"target\":[\"https:\\\/\\\/vitablanca.ma\\\/produit\\\/california-gold-nutrition-euroherbs-extrait-de-millepertuis-qualite-euromed-300-mg-60-capsules-vegetales-maroc-prix\\\/\"]}]},{\"@type\":\"ImageObject\",\"inLanguage\":\"en-US\",\"@id\":\"https:\\\/\\\/vitablanca.ma\\\/produit\\\/california-gold-nutrition-euroherbs-extrait-de-millepertuis-qualite-euromed-300-mg-60-capsules-vegetales-maroc-prix\\\/#primaryimage\",\"url\":\"https:\\\/\\\/vitablanca.ma\\\/wp-content\\\/uploads\\\/2026\\\/03\\\/California-Gold-Nutrition-EuroHerbs\u2122-Extrait-de-millepertuis-Qualite-Euromed-300-mg-60-capsules-vegetales1.jpg\",\"contentUrl\":\"https:\\\/\\\/vitablanca.ma\\\/wp-content\\\/uploads\\\/2026\\\/03\\\/California-Gold-Nutrition-EuroHerbs\u2122-Extrait-de-millepertuis-Qualite-Euromed-300-mg-60-capsules-vegetales1.jpg\",\"width\":1600,\"height\":1600},{\"@type\":\"BreadcrumbList\",\"@id\":\"https:\\\/\\\/vitablanca.ma\\\/produit\\\/california-gold-nutrition-euroherbs-extrait-de-millepertuis-qualite-euromed-300-mg-60-capsules-vegetales-maroc-prix\\\/#breadcrumb\",\"itemListElement\":[{\"@type\":\"ListItem\",\"position\":1,\"name\":\"Home\",\"item\":\"https:\\\/\\\/vitablanca.ma\\\/\"},{\"@type\":\"ListItem\",\"position\":2,\"name\":\"Tous Les Produits\",\"item\":\"https:\\\/\\\/vitablanca.ma\\\/tous-les-produits\\\/\"},{\"@type\":\"ListItem\",\"position\":3,\"name\":\"California Gold Nutrition, EuroHerbs\u2122, Extrait de millepertuis, Qualit\u00e9 Euromed, 300 mg, 60 capsules v\u00e9g\u00e9tales\"}]},{\"@type\":\"WebSite\",\"@id\":\"https:\\\/\\\/vitablanca.ma\\\/#website\",\"url\":\"https:\\\/\\\/vitablanca.ma\\\/\",\"name\":\"VitaBlanca.ma | Compl\u00e9ments alimentaires, sant\u00e9 & beaut\u00e9 au Maroc\",\"description\":\"vendre vitamines et compl\u00e9ments premium des USA &amp; Canada, Nouvelle Z\u00e9lande,Maroc (NOW Foods, Solgar, Manuka). Livraison rapide partout au Maroc.\",\"publisher\":{\"@id\":\"https:\\\/\\\/vitablanca.ma\\\/#organization\"},\"alternateName\":\"VitaBlanca.ma\",\"potentialAction\":[{\"@type\":\"SearchAction\",\"target\":{\"@type\":\"EntryPoint\",\"urlTemplate\":\"https:\\\/\\\/vitablanca.ma\\\/?s={search_term_string}\"},\"query-input\":{\"@type\":\"PropertyValueSpecification\",\"valueRequired\":true,\"valueName\":\"search_term_string\"}}],\"inLanguage\":\"en-US\"},{\"@type\":\"Organization\",\"@id\":\"https:\\\/\\\/vitablanca.ma\\\/#organization\",\"name\":\"VitaBlanca\",\"url\":\"https:\\\/\\\/vitablanca.ma\\\/\",\"logo\":{\"@type\":\"ImageObject\",\"inLanguage\":\"en-US\",\"@id\":\"https:\\\/\\\/vitablanca.ma\\\/#\\\/schema\\\/logo\\\/image\\\/\",\"url\":\"https:\\\/\\\/vitablanca.ma\\\/wp-content\\\/uploads\\\/2025\\\/05\\\/cropped-vitablanca.png\",\"contentUrl\":\"https:\\\/\\\/vitablanca.ma\\\/wp-content\\\/uploads\\\/2025\\\/05\\\/cropped-vitablanca.png\",\"width\":360,\"height\":67,\"caption\":\"VitaBlanca\"},\"image\":{\"@id\":\"https:\\\/\\\/vitablanca.ma\\\/#\\\/schema\\\/logo\\\/image\\\/\"},\"sameAs\":[\"https:\\\/\\\/www.facebook.com\\\/profile.php?id=61576678196717\",\"https:\\\/\\\/www.tiktok.com\\\/@vitablanca.ma\",\"https:\\\/\\\/www.instagram.com\\\/vitablanca.ma\\\/\"]}]}<\/script>\n<!-- \/ Yoast SEO plugin. -->","yoast_head_json":{"title":"California Gold Nutrition EuroHerbs 300 mg 60 Caps \u2013 Maroc Prix","description":"California Gold Nutrition EuroHerbs extrait de millepertuis 300 mg, 60 capsules v\u00e9g\u00e9tales. Soutient l\u2019\u00e9quilibre \u00e9motionnel, l\u2019humeur et le bien-\u00eatre mental.","robots":{"index":"index","follow":"follow","max-snippet":"max-snippet:-1","max-image-preview":"max-image-preview:large","max-video-preview":"max-video-preview:-1"},"canonical":"https:\/\/vitablanca.ma\/en\/product\/california-gold-nutrition-euroherbs-extrait-de-millepertuis-qualite-euromed-300-mg-60-capsules-vegetales-maroc-prix\/","og_locale":"en_US","og_type":"article","og_title":"California Gold Nutrition EuroHerbs 300 mg 60 Caps \u2013 Maroc Prix","og_description":"California Gold Nutrition EuroHerbs extrait de millepertuis 300 mg, 60 capsules v\u00e9g\u00e9tales. Soutient l\u2019\u00e9quilibre \u00e9motionnel, l\u2019humeur et le bien-\u00eatre mental.","og_url":"https:\/\/vitablanca.ma\/en\/product\/california-gold-nutrition-euroherbs-extrait-de-millepertuis-qualite-euromed-300-mg-60-capsules-vegetales-maroc-prix\/","og_site_name":"Vitablanca.ma &ndash; Sant&eacute;, vitalit&eacute; et bien-&ecirc;tre pour tous les Marocains","article_publisher":"https:\/\/www.facebook.com\/profile.php?id=61576678196717","article_modified_time":"2026-03-28T17:52:00+00:00","og_image":[{"width":1600,"height":1600,"url":"https:\/\/vitablanca.ma\/wp-content\/uploads\/2026\/03\/California-Gold-Nutrition-EuroHerbs\u2122-Extrait-de-millepertuis-Qualite-Euromed-300-mg-60-capsules-vegetales1.jpg","type":"image\/jpeg"}],"twitter_card":"summary_large_image","twitter_misc":{"Est. reading time":"3 minutes"},"schema":{"@context":"https:\/\/schema.org","@graph":[{"@type":["WebPage","ItemPage"],"@id":"https:\/\/vitablanca.ma\/produit\/california-gold-nutrition-euroherbs-extrait-de-millepertuis-qualite-euromed-300-mg-60-capsules-vegetales-maroc-prix\/","url":"https:\/\/vitablanca.ma\/produit\/california-gold-nutrition-euroherbs-extrait-de-millepertuis-qualite-euromed-300-mg-60-capsules-vegetales-maroc-prix\/","name":"California Gold Nutrition EuroHerbs 300 mg 60 Caps \u2013 Maroc Prix","isPartOf":{"@id":"https:\/\/vitablanca.ma\/#website"},"primaryImageOfPage":{"@id":"https:\/\/vitablanca.ma\/produit\/california-gold-nutrition-euroherbs-extrait-de-millepertuis-qualite-euromed-300-mg-60-capsules-vegetales-maroc-prix\/#primaryimage"},"image":{"@id":"https:\/\/vitablanca.ma\/produit\/california-gold-nutrition-euroherbs-extrait-de-millepertuis-qualite-euromed-300-mg-60-capsules-vegetales-maroc-prix\/#primaryimage"},"thumbnailUrl":"https:\/\/vitablanca.ma\/wp-content\/uploads\/2026\/03\/California-Gold-Nutrition-EuroHerbs\u2122-Extrait-de-millepertuis-Qualite-Euromed-300-mg-60-capsules-vegetales1.jpg","datePublished":"2026-03-10T01:46:13+00:00","dateModified":"2026-03-28T17:52:00+00:00","description":"California Gold Nutrition EuroHerbs extrait de millepertuis 300 mg, 60 capsules v\u00e9g\u00e9tales. Soutient l\u2019\u00e9quilibre \u00e9motionnel, l\u2019humeur et le bien-\u00eatre mental.","breadcrumb":{"@id":"https:\/\/vitablanca.ma\/produit\/california-gold-nutrition-euroherbs-extrait-de-millepertuis-qualite-euromed-300-mg-60-capsules-vegetales-maroc-prix\/#breadcrumb"},"inLanguage":"en-US","potentialAction":[{"@type":"ReadAction","target":["https:\/\/vitablanca.ma\/produit\/california-gold-nutrition-euroherbs-extrait-de-millepertuis-qualite-euromed-300-mg-60-capsules-vegetales-maroc-prix\/"]}]},{"@type":"ImageObject","inLanguage":"en-US","@id":"https:\/\/vitablanca.ma\/produit\/california-gold-nutrition-euroherbs-extrait-de-millepertuis-qualite-euromed-300-mg-60-capsules-vegetales-maroc-prix\/#primaryimage","url":"https:\/\/vitablanca.ma\/wp-content\/uploads\/2026\/03\/California-Gold-Nutrition-EuroHerbs\u2122-Extrait-de-millepertuis-Qualite-Euromed-300-mg-60-capsules-vegetales1.jpg","contentUrl":"https:\/\/vitablanca.ma\/wp-content\/uploads\/2026\/03\/California-Gold-Nutrition-EuroHerbs\u2122-Extrait-de-millepertuis-Qualite-Euromed-300-mg-60-capsules-vegetales1.jpg","width":1600,"height":1600},{"@type":"BreadcrumbList","@id":"https:\/\/vitablanca.ma\/produit\/california-gold-nutrition-euroherbs-extrait-de-millepertuis-qualite-euromed-300-mg-60-capsules-vegetales-maroc-prix\/#breadcrumb","itemListElement":[{"@type":"ListItem","position":1,"name":"Home","item":"https:\/\/vitablanca.ma\/"},{"@type":"ListItem","position":2,"name":"Tous Les Produits","item":"https:\/\/vitablanca.ma\/tous-les-produits\/"},{"@type":"ListItem","position":3,"name":"California Gold Nutrition, EuroHerbs\u2122, Extrait de millepertuis, Qualit\u00e9 Euromed, 300 mg, 60 capsules v\u00e9g\u00e9tales"}]},{"@type":"WebSite","@id":"https:\/\/vitablanca.ma\/#website","url":"https:\/\/vitablanca.ma\/","name":"VitaBlanca.ma | Food supplements, health &amp; beauty in Morocco","description":"sell premium vitamins and supplements from USA &amp; Canada, New Zealand, Morocco (NOW Foods, Solgar, Manuka). Fast delivery anywhere in Morocco.","publisher":{"@id":"https:\/\/vitablanca.ma\/#organization"},"alternateName":"VitaBlanca.ma","potentialAction":[{"@type":"SearchAction","target":{"@type":"EntryPoint","urlTemplate":"https:\/\/vitablanca.ma\/?s={search_term_string}"},"query-input":{"@type":"PropertyValueSpecification","valueRequired":true,"valueName":"search_term_string"}}],"inLanguage":"en-US"},{"@type":"Organization","@id":"https:\/\/vitablanca.ma\/#organization","name":"VitaBlanca","url":"https:\/\/vitablanca.ma\/","logo":{"@type":"ImageObject","inLanguage":"en-US","@id":"https:\/\/vitablanca.ma\/#\/schema\/logo\/image\/","url":"https:\/\/vitablanca.ma\/wp-content\/uploads\/2025\/05\/cropped-vitablanca.png","contentUrl":"https:\/\/vitablanca.ma\/wp-content\/uploads\/2025\/05\/cropped-vitablanca.png","width":360,"height":67,"caption":"VitaBlanca"},"image":{"@id":"https:\/\/vitablanca.ma\/#\/schema\/logo\/image\/"},"sameAs":["https:\/\/www.facebook.com\/profile.php?id=61576678196717","https:\/\/www.tiktok.com\/@vitablanca.ma","https:\/\/www.instagram.com\/vitablanca.ma\/"]}]}},"jetpack_sharing_enabled":true,"_links":{"self":[{"href":"https:\/\/vitablanca.ma\/en\/wp-json\/wp\/v2\/product\/33993","targetHints":{"allow":["GET"]}}],"collection":[{"href":"https:\/\/vitablanca.ma\/en\/wp-json\/wp\/v2\/product"}],"about":[{"href":"https:\/\/vitablanca.ma\/en\/wp-json\/wp\/v2\/types\/product"}],"wp:featuredmedia":[{"embeddable":true,"href":"https:\/\/vitablanca.ma\/en\/wp-json\/wp\/v2\/media\/33994"}],"wp:attachment":[{"href":"https:\/\/vitablanca.ma\/en\/wp-json\/wp\/v2\/media?parent=33993"}],"wp:term":[{"taxonomy":"product_brand","embeddable":true,"href":"https:\/\/vitablanca.ma\/en\/wp-json\/wp\/v2\/product_brand?post=33993"},{"taxonomy":"product_cat","embeddable":true,"href":"https:\/\/vitablanca.ma\/en\/wp-json\/wp\/v2\/product_cat?post=33993"},{"taxonomy":"product_tag","embeddable":true,"href":"https:\/\/vitablanca.ma\/en\/wp-json\/wp\/v2\/product_tag?post=33993"}],"curies":[{"name":"wp","href":"https:\/\/api.w.org\/{rel}","templated":true}]}}