{"id":33936,"date":"2026-03-08T15:16:43","date_gmt":"2026-03-08T15:16:43","guid":{"rendered":"https:\/\/vitablanca.ma\/?post_type=product&#038;p=33936"},"modified":"2026-03-28T17:52:01","modified_gmt":"2026-03-28T17:52:01","slug":"bore-3-mg-100-capsules-vegetariennes-maroc-prix","status":"publish","type":"product","link":"https:\/\/vitablanca.ma\/en\/product\/bore-3-mg-100-capsules-vegetariennes-maroc-prix\/","title":{"rendered":"NOW Foods Bore 3 mg 100 Capsules V\u00e9g\u00e9tariennes"},"content":{"rendered":"<div class=\"row item-row\">\n<div class=\"col-xs-24\">\n<div>\n<p>Le bore est un oligo\u00e9l\u00e9ment biologiquement actif qui a un effet sur le m\u00e9tabolisme du calcium, du magn\u00e9sium et du phosphore. Le bore est connu pour sa capacit\u00e9 \u00e0 soutenir la solidit\u00e9 et la structure des os.<\/p>\n<\/div>\n<\/div>\n<\/div>\n<div class=\"row item-row\">\n<div class=\"col-xs-24\">\n<h3><strong>Suggested Use<\/strong><\/h3>\n<div class=\"prodOverviewDetail\">\n<p>Prenez 1\u00a0capsule par jour au cours d&rsquo;un repas.<\/p>\n<\/div>\n<\/div>\n<\/div>\n<div class=\"row item-row\">\n<div class=\"col-xs-24\">\n<h3><strong>Other ingredients<\/strong><\/h3>\n<div class=\"prodOverviewIngred\">\n<p>Farine de riz, hypromellose (capsule de cellulose), acide st\u00e9arique (d&rsquo;origine v\u00e9g\u00e9tale) et maltodextrine.<\/p>\n<p>Non fabriqu\u00e9 avec du bl\u00e9, gluten, soja, lait, oeuf, poisson, coquillage, Ingr\u00e9dients \u00e0 base de noix ou de s\u00e9same. Produit dans une installation BPF qui traite d\u2019autres ingr\u00e9dients contenant ces allerg\u00e8nes.<\/p>\n<p>Conditionnement aux \u00c9tats-Unis et qualit\u00e9 test\u00e9e aux \u00c9tats-Unis.<\/p>\n<\/div>\n<\/div>\n<\/div>\n<div class=\"row item-row\">\n<div class=\"col-xs-24\">\n<h3><strong>Warnings<\/strong><\/h3>\n<div class=\"prodOverviewDetail\">\n<p>R\u00e9serv\u00e9 aux adultes. Consultez un m\u00e9decin si vous \u00eates enceinte, allaitez, prenez des m\u00e9dicaments ou pr\u00e9sentez une affection m\u00e9dicale. Tenir hors de port\u00e9e des enfants.<\/p>\n<p>Une variation naturelle de couleur peut se produire.<\/p>\n<p>Conserver dans un endroit frais et sec apr\u00e8s ouverture.<\/p>\n<table border=\"1\" width=\"100%\" cellspacing=\"0\" cellpadding=\"3\">\n<tbody>\n<tr align=\"left\" valign=\"top\">\n<td colspan=\"3\"><strong>Faits sur les suppl\u00e9ments<\/strong><\/td>\n<\/tr>\n<tr align=\"left\" valign=\"top\">\n<td colspan=\"3\"><strong>Serving:<\/strong>\u00a01\u00a0capsule v\u00e9g\u00e9tale<\/td>\n<\/tr>\n<tr align=\"left\" valign=\"top\">\n<td><\/td>\n<td><strong>Amount per serving<\/strong><\/td>\n<td><strong>% Valeur quotidienne<\/strong><\/td>\n<\/tr>\n<tr align=\"left\" valign=\"top\">\n<td>Bore (issu de glycine bororganique) (Albion\u2122)<\/td>\n<td>3 mg<\/td>\n<td>**<\/td>\n<\/tr>\n<tr align=\"left\" valign=\"top\">\n<td colspan=\"3\">**Daily Value not established.<\/td>\n<\/tr>\n<\/tbody>\n<\/table>\n<\/div>\n<\/div>\n<\/div>","protected":false},"excerpt":{"rendered":"<ul>\n<li>Soutien osseux<\/li>\n<li>Fonctionne avec le calcium et le magn\u00e9sium<\/li>\n<li>Glycine bororganique Albion\u2122<\/li>\n<li>GMO-free<\/li>\n<li>Food supplement<\/li>\n<li>V\u00e9g\u00e9tarien\/V\u00e9gan<\/li>\n<li>Kosher<\/li>\n<li>Minerals<\/li>\n<li>Family business since 1968<\/li>\n<li>Halal<\/li>\n<li>GMP quality guaranteed<\/li>\n<li>Albion\u00a0Minerals\u2122<\/li>\n<\/ul>","protected":false},"featured_media":33938,"template":"","meta":{"om_disable_all_campaigns":false},"product_brand":[83],"product_cat":[18,8098,8967,3366,7961],"product_tag":[345,11480,1699,11479,3318,181,3492,239,88,929],"class_list":{"0":"post-33936","1":"product","2":"type-product","3":"status-publish","4":"has-post-thumbnail","6":"product_brand-now-foods-maroc-prix","7":"product_cat-beaute-sante","8":"product_cat-bore","9":"product_cat-complements","10":"product_cat-complements-alimentaires-au-maroc-vitablanca","11":"product_cat-mineraux-2","12":"product_tag-equilibre-hormonal","13":"product_tag-3-mg","14":"product_tag-bien-etre","15":"product_tag-bore","16":"product_tag-capsules-vegetariennes","17":"product_tag-complement-alimentaire","18":"product_tag-maroc","19":"product_tag-mineraux","20":"product_tag-now-foods","21":"product_tag-sante-des-os","23":"first","24":"instock","25":"sale","26":"taxable","27":"shipping-taxable","28":"purchasable","29":"product-type-simple"},"yoast_head":"<!-- This site is optimized with the Yoast SEO plugin v27.4 - https:\/\/yoast.com\/product\/yoast-seo-wordpress\/ -->\n<title>NOW Foods Bore 3 mg 100 Capsules V\u00e9g\u00e9tariennes \u2013 Maroc Prix<\/title>\n<meta name=\"description\" content=\"NOW Foods Bore 3 mg, 100 capsules v\u00e9g\u00e9tariennes. Aide \u00e0 soutenir la sant\u00e9 des os, l\u2019\u00e9quilibre hormonal et le m\u00e9tabolisme des min\u00e9raux. Disponible au Maroc.\" \/>\n<meta name=\"robots\" content=\"index, follow, max-snippet:-1, max-image-preview:large, max-video-preview:-1\" \/>\n<link rel=\"canonical\" href=\"https:\/\/vitablanca.ma\/en\/product\/bore-3-mg-100-capsules-vegetariennes-maroc-prix\/\" \/>\n<meta property=\"og:locale\" content=\"en_US\" \/>\n<meta property=\"og:type\" content=\"article\" \/>\n<meta property=\"og:title\" content=\"NOW Foods Bore 3 mg 100 Capsules V\u00e9g\u00e9tariennes \u2013 Maroc Prix\" \/>\n<meta property=\"og:description\" content=\"NOW Foods Bore 3 mg, 100 capsules v\u00e9g\u00e9tariennes. Aide \u00e0 soutenir la sant\u00e9 des os, l\u2019\u00e9quilibre hormonal et le m\u00e9tabolisme des min\u00e9raux. Disponible au Maroc.\" \/>\n<meta property=\"og:url\" content=\"https:\/\/vitablanca.ma\/en\/product\/bore-3-mg-100-capsules-vegetariennes-maroc-prix\/\" \/>\n<meta property=\"og:site_name\" content=\"Vitablanca.ma &ndash; Sant&eacute;, vitalit&eacute; et bien-&ecirc;tre pour tous les Marocains\" \/>\n<meta property=\"article:publisher\" content=\"https:\/\/www.facebook.com\/profile.php?id=61576678196717\" \/>\n<meta property=\"article:modified_time\" content=\"2026-03-28T17:52:01+00:00\" \/>\n<meta property=\"og:image\" content=\"https:\/\/vitablanca.ma\/wp-content\/uploads\/2026\/03\/NOW-Foods-Bore-3-mg-100-capsules-vegetariennes1.jpg\" \/>\n\t<meta property=\"og:image:width\" content=\"1600\" \/>\n\t<meta property=\"og:image:height\" content=\"1600\" \/>\n\t<meta property=\"og:image:type\" content=\"image\/jpeg\" \/>\n<meta name=\"twitter:card\" content=\"summary_large_image\" \/>\n<meta name=\"twitter:label1\" content=\"Est. reading time\" \/>\n\t<meta name=\"twitter:data1\" content=\"2 minutes\" \/>\n<script type=\"application\/ld+json\" class=\"yoast-schema-graph\">{\"@context\":\"https:\\\/\\\/schema.org\",\"@graph\":[{\"@type\":[\"WebPage\",\"ItemPage\"],\"@id\":\"https:\\\/\\\/vitablanca.ma\\\/produit\\\/bore-3-mg-100-capsules-vegetariennes-maroc-prix\\\/\",\"url\":\"https:\\\/\\\/vitablanca.ma\\\/produit\\\/bore-3-mg-100-capsules-vegetariennes-maroc-prix\\\/\",\"name\":\"NOW Foods Bore 3 mg 100 Capsules V\u00e9g\u00e9tariennes \u2013 Maroc Prix\",\"isPartOf\":{\"@id\":\"https:\\\/\\\/vitablanca.ma\\\/#website\"},\"primaryImageOfPage\":{\"@id\":\"https:\\\/\\\/vitablanca.ma\\\/produit\\\/bore-3-mg-100-capsules-vegetariennes-maroc-prix\\\/#primaryimage\"},\"image\":{\"@id\":\"https:\\\/\\\/vitablanca.ma\\\/produit\\\/bore-3-mg-100-capsules-vegetariennes-maroc-prix\\\/#primaryimage\"},\"thumbnailUrl\":\"https:\\\/\\\/vitablanca.ma\\\/wp-content\\\/uploads\\\/2026\\\/03\\\/NOW-Foods-Bore-3-mg-100-capsules-vegetariennes1.jpg\",\"datePublished\":\"2026-03-08T15:16:43+00:00\",\"dateModified\":\"2026-03-28T17:52:01+00:00\",\"description\":\"NOW Foods Bore 3 mg, 100 capsules v\u00e9g\u00e9tariennes. Aide \u00e0 soutenir la sant\u00e9 des os, l\u2019\u00e9quilibre hormonal et le m\u00e9tabolisme des min\u00e9raux. Disponible au Maroc.\",\"breadcrumb\":{\"@id\":\"https:\\\/\\\/vitablanca.ma\\\/produit\\\/bore-3-mg-100-capsules-vegetariennes-maroc-prix\\\/#breadcrumb\"},\"inLanguage\":\"en-US\",\"potentialAction\":[{\"@type\":\"ReadAction\",\"target\":[\"https:\\\/\\\/vitablanca.ma\\\/produit\\\/bore-3-mg-100-capsules-vegetariennes-maroc-prix\\\/\"]}]},{\"@type\":\"ImageObject\",\"inLanguage\":\"en-US\",\"@id\":\"https:\\\/\\\/vitablanca.ma\\\/produit\\\/bore-3-mg-100-capsules-vegetariennes-maroc-prix\\\/#primaryimage\",\"url\":\"https:\\\/\\\/vitablanca.ma\\\/wp-content\\\/uploads\\\/2026\\\/03\\\/NOW-Foods-Bore-3-mg-100-capsules-vegetariennes1.jpg\",\"contentUrl\":\"https:\\\/\\\/vitablanca.ma\\\/wp-content\\\/uploads\\\/2026\\\/03\\\/NOW-Foods-Bore-3-mg-100-capsules-vegetariennes1.jpg\",\"width\":1600,\"height\":1600},{\"@type\":\"BreadcrumbList\",\"@id\":\"https:\\\/\\\/vitablanca.ma\\\/produit\\\/bore-3-mg-100-capsules-vegetariennes-maroc-prix\\\/#breadcrumb\",\"itemListElement\":[{\"@type\":\"ListItem\",\"position\":1,\"name\":\"Home\",\"item\":\"https:\\\/\\\/vitablanca.ma\\\/\"},{\"@type\":\"ListItem\",\"position\":2,\"name\":\"Tous Les Produits\",\"item\":\"https:\\\/\\\/vitablanca.ma\\\/tous-les-produits\\\/\"},{\"@type\":\"ListItem\",\"position\":3,\"name\":\"NOW Foods Bore 3 mg 100 Capsules V\u00e9g\u00e9tariennes\"}]},{\"@type\":\"WebSite\",\"@id\":\"https:\\\/\\\/vitablanca.ma\\\/#website\",\"url\":\"https:\\\/\\\/vitablanca.ma\\\/\",\"name\":\"VitaBlanca.ma | Compl\u00e9ments alimentaires, sant\u00e9 & beaut\u00e9 au Maroc\",\"description\":\"vendre vitamines et compl\u00e9ments premium des USA &amp; Canada, Nouvelle Z\u00e9lande,Maroc (NOW Foods, Solgar, Manuka). Livraison rapide partout au Maroc.\",\"publisher\":{\"@id\":\"https:\\\/\\\/vitablanca.ma\\\/#organization\"},\"alternateName\":\"VitaBlanca.ma\",\"potentialAction\":[{\"@type\":\"SearchAction\",\"target\":{\"@type\":\"EntryPoint\",\"urlTemplate\":\"https:\\\/\\\/vitablanca.ma\\\/?s={search_term_string}\"},\"query-input\":{\"@type\":\"PropertyValueSpecification\",\"valueRequired\":true,\"valueName\":\"search_term_string\"}}],\"inLanguage\":\"en-US\"},{\"@type\":\"Organization\",\"@id\":\"https:\\\/\\\/vitablanca.ma\\\/#organization\",\"name\":\"VitaBlanca\",\"url\":\"https:\\\/\\\/vitablanca.ma\\\/\",\"logo\":{\"@type\":\"ImageObject\",\"inLanguage\":\"en-US\",\"@id\":\"https:\\\/\\\/vitablanca.ma\\\/#\\\/schema\\\/logo\\\/image\\\/\",\"url\":\"https:\\\/\\\/vitablanca.ma\\\/wp-content\\\/uploads\\\/2025\\\/05\\\/cropped-vitablanca.png\",\"contentUrl\":\"https:\\\/\\\/vitablanca.ma\\\/wp-content\\\/uploads\\\/2025\\\/05\\\/cropped-vitablanca.png\",\"width\":360,\"height\":67,\"caption\":\"VitaBlanca\"},\"image\":{\"@id\":\"https:\\\/\\\/vitablanca.ma\\\/#\\\/schema\\\/logo\\\/image\\\/\"},\"sameAs\":[\"https:\\\/\\\/www.facebook.com\\\/profile.php?id=61576678196717\",\"https:\\\/\\\/www.tiktok.com\\\/@vitablanca.ma\",\"https:\\\/\\\/www.instagram.com\\\/vitablanca.ma\\\/\"]}]}<\/script>\n<!-- \/ Yoast SEO plugin. -->","yoast_head_json":{"title":"NOW Foods Bore 3 mg 100 Capsules V\u00e9g\u00e9tariennes \u2013 Maroc Prix","description":"NOW Foods Bore 3 mg, 100 capsules v\u00e9g\u00e9tariennes. Aide \u00e0 soutenir la sant\u00e9 des os, l\u2019\u00e9quilibre hormonal et le m\u00e9tabolisme des min\u00e9raux. Disponible au Maroc.","robots":{"index":"index","follow":"follow","max-snippet":"max-snippet:-1","max-image-preview":"max-image-preview:large","max-video-preview":"max-video-preview:-1"},"canonical":"https:\/\/vitablanca.ma\/en\/product\/bore-3-mg-100-capsules-vegetariennes-maroc-prix\/","og_locale":"en_US","og_type":"article","og_title":"NOW Foods Bore 3 mg 100 Capsules V\u00e9g\u00e9tariennes \u2013 Maroc Prix","og_description":"NOW Foods Bore 3 mg, 100 capsules v\u00e9g\u00e9tariennes. Aide \u00e0 soutenir la sant\u00e9 des os, l\u2019\u00e9quilibre hormonal et le m\u00e9tabolisme des min\u00e9raux. Disponible au Maroc.","og_url":"https:\/\/vitablanca.ma\/en\/product\/bore-3-mg-100-capsules-vegetariennes-maroc-prix\/","og_site_name":"Vitablanca.ma &ndash; Sant&eacute;, vitalit&eacute; et bien-&ecirc;tre pour tous les Marocains","article_publisher":"https:\/\/www.facebook.com\/profile.php?id=61576678196717","article_modified_time":"2026-03-28T17:52:01+00:00","og_image":[{"width":1600,"height":1600,"url":"https:\/\/vitablanca.ma\/wp-content\/uploads\/2026\/03\/NOW-Foods-Bore-3-mg-100-capsules-vegetariennes1.jpg","type":"image\/jpeg"}],"twitter_card":"summary_large_image","twitter_misc":{"Est. reading time":"2 minutes"},"schema":{"@context":"https:\/\/schema.org","@graph":[{"@type":["WebPage","ItemPage"],"@id":"https:\/\/vitablanca.ma\/produit\/bore-3-mg-100-capsules-vegetariennes-maroc-prix\/","url":"https:\/\/vitablanca.ma\/produit\/bore-3-mg-100-capsules-vegetariennes-maroc-prix\/","name":"NOW Foods Bore 3 mg 100 Capsules V\u00e9g\u00e9tariennes \u2013 Maroc Prix","isPartOf":{"@id":"https:\/\/vitablanca.ma\/#website"},"primaryImageOfPage":{"@id":"https:\/\/vitablanca.ma\/produit\/bore-3-mg-100-capsules-vegetariennes-maroc-prix\/#primaryimage"},"image":{"@id":"https:\/\/vitablanca.ma\/produit\/bore-3-mg-100-capsules-vegetariennes-maroc-prix\/#primaryimage"},"thumbnailUrl":"https:\/\/vitablanca.ma\/wp-content\/uploads\/2026\/03\/NOW-Foods-Bore-3-mg-100-capsules-vegetariennes1.jpg","datePublished":"2026-03-08T15:16:43+00:00","dateModified":"2026-03-28T17:52:01+00:00","description":"NOW Foods Bore 3 mg, 100 capsules v\u00e9g\u00e9tariennes. Aide \u00e0 soutenir la sant\u00e9 des os, l\u2019\u00e9quilibre hormonal et le m\u00e9tabolisme des min\u00e9raux. Disponible au Maroc.","breadcrumb":{"@id":"https:\/\/vitablanca.ma\/produit\/bore-3-mg-100-capsules-vegetariennes-maroc-prix\/#breadcrumb"},"inLanguage":"en-US","potentialAction":[{"@type":"ReadAction","target":["https:\/\/vitablanca.ma\/produit\/bore-3-mg-100-capsules-vegetariennes-maroc-prix\/"]}]},{"@type":"ImageObject","inLanguage":"en-US","@id":"https:\/\/vitablanca.ma\/produit\/bore-3-mg-100-capsules-vegetariennes-maroc-prix\/#primaryimage","url":"https:\/\/vitablanca.ma\/wp-content\/uploads\/2026\/03\/NOW-Foods-Bore-3-mg-100-capsules-vegetariennes1.jpg","contentUrl":"https:\/\/vitablanca.ma\/wp-content\/uploads\/2026\/03\/NOW-Foods-Bore-3-mg-100-capsules-vegetariennes1.jpg","width":1600,"height":1600},{"@type":"BreadcrumbList","@id":"https:\/\/vitablanca.ma\/produit\/bore-3-mg-100-capsules-vegetariennes-maroc-prix\/#breadcrumb","itemListElement":[{"@type":"ListItem","position":1,"name":"Home","item":"https:\/\/vitablanca.ma\/"},{"@type":"ListItem","position":2,"name":"Tous Les Produits","item":"https:\/\/vitablanca.ma\/tous-les-produits\/"},{"@type":"ListItem","position":3,"name":"NOW Foods Bore 3 mg 100 Capsules V\u00e9g\u00e9tariennes"}]},{"@type":"WebSite","@id":"https:\/\/vitablanca.ma\/#website","url":"https:\/\/vitablanca.ma\/","name":"VitaBlanca.ma | Food supplements, health &amp; beauty in Morocco","description":"sell premium vitamins and supplements from USA &amp; Canada, New Zealand, Morocco (NOW Foods, Solgar, Manuka). Fast delivery anywhere in Morocco.","publisher":{"@id":"https:\/\/vitablanca.ma\/#organization"},"alternateName":"VitaBlanca.ma","potentialAction":[{"@type":"SearchAction","target":{"@type":"EntryPoint","urlTemplate":"https:\/\/vitablanca.ma\/?s={search_term_string}"},"query-input":{"@type":"PropertyValueSpecification","valueRequired":true,"valueName":"search_term_string"}}],"inLanguage":"en-US"},{"@type":"Organization","@id":"https:\/\/vitablanca.ma\/#organization","name":"VitaBlanca","url":"https:\/\/vitablanca.ma\/","logo":{"@type":"ImageObject","inLanguage":"en-US","@id":"https:\/\/vitablanca.ma\/#\/schema\/logo\/image\/","url":"https:\/\/vitablanca.ma\/wp-content\/uploads\/2025\/05\/cropped-vitablanca.png","contentUrl":"https:\/\/vitablanca.ma\/wp-content\/uploads\/2025\/05\/cropped-vitablanca.png","width":360,"height":67,"caption":"VitaBlanca"},"image":{"@id":"https:\/\/vitablanca.ma\/#\/schema\/logo\/image\/"},"sameAs":["https:\/\/www.facebook.com\/profile.php?id=61576678196717","https:\/\/www.tiktok.com\/@vitablanca.ma","https:\/\/www.instagram.com\/vitablanca.ma\/"]}]}},"jetpack_sharing_enabled":true,"_links":{"self":[{"href":"https:\/\/vitablanca.ma\/en\/wp-json\/wp\/v2\/product\/33936","targetHints":{"allow":["GET"]}}],"collection":[{"href":"https:\/\/vitablanca.ma\/en\/wp-json\/wp\/v2\/product"}],"about":[{"href":"https:\/\/vitablanca.ma\/en\/wp-json\/wp\/v2\/types\/product"}],"wp:featuredmedia":[{"embeddable":true,"href":"https:\/\/vitablanca.ma\/en\/wp-json\/wp\/v2\/media\/33938"}],"wp:attachment":[{"href":"https:\/\/vitablanca.ma\/en\/wp-json\/wp\/v2\/media?parent=33936"}],"wp:term":[{"taxonomy":"product_brand","embeddable":true,"href":"https:\/\/vitablanca.ma\/en\/wp-json\/wp\/v2\/product_brand?post=33936"},{"taxonomy":"product_cat","embeddable":true,"href":"https:\/\/vitablanca.ma\/en\/wp-json\/wp\/v2\/product_cat?post=33936"},{"taxonomy":"product_tag","embeddable":true,"href":"https:\/\/vitablanca.ma\/en\/wp-json\/wp\/v2\/product_tag?post=33936"}],"curies":[{"name":"wp","href":"https:\/\/api.w.org\/{rel}","templated":true}]}}