{"id":33910,"date":"2026-03-08T02:35:37","date_gmt":"2026-03-08T02:35:37","guid":{"rendered":"https:\/\/vitablanca.ma\/produit\/phormax-propolis-60-gelules\/"},"modified":"2026-03-08T02:35:37","modified_gmt":"2026-03-08T02:35:37","slug":"phormax-propolis-60-gelules","status":"publish","type":"product","link":"https:\/\/vitablanca.ma\/en\/product\/phormax-propolis-60-gelules\/","title":{"rendered":"Phormax Propolis 60 Gelules"},"content":{"rendered":"<h2>Description<\/h2>\n<p>Phormax Propolis 60 Gelules<\/p>\n<p class=\"ds-markdown-paragraph\"><em>THE\u00a0<strong>Phormax Propolis 60 G\u00e9lules<\/strong>\u00a0est un compl\u00e9ment alimentaire 100% naturel \u00e9labor\u00e9 \u00e0 partir de\u00a0<strong>propolis brute<\/strong>, une substance r\u00e9sineuse r\u00e9colt\u00e9e par les abeilles pour prot\u00e9ger leur ruche. V\u00e9ritable tr\u00e9sor de la ruche aux propri\u00e9t\u00e9s exceptionnelles, cette formule concentr\u00e9e agit comme un alli\u00e9 sant\u00e9 au quotidien :<\/em><\/p>\n<p class=\"ds-markdown-paragraph\"><strong>Principaux bienfaits :<\/strong><br \/>\n\u2714\u00a0<strong>D\u00e9fenses immunitaires<\/strong>\u00a0\u2013 Stimule les m\u00e9canismes de protection naturels<br \/>\n\u2714\u00a0<strong>Action antiseptique<\/strong>\u00a0\u2013 Aide l\u2019organisme \u00e0 lutter contre les agressions<br \/>\n\u2714\u00a0<strong>Sph\u00e8re ORL<\/strong>\u00a0\u2013 Soutient la sant\u00e9 respiratoire (gorge, nez, bronches)<br \/>\n\u2714\u00a0<strong>Peau saine<\/strong>\u00a0\u2013 Contribue \u00e0 une bonne cicatrisation<br \/>\n\u2714\u00a0<strong>Powerful antioxidant<\/strong>\u00a0\u2013 Prot\u00e8ge les cellules du stress oxydatif<\/p>","protected":false},"excerpt":{"rendered":"<p>Description Phormax Propolis 60 Gelules Le\u00a0Phormax Propolis 60 G\u00e9lules\u00a0est un compl\u00e9ment alimentaire 100% naturel \u00e9labor\u00e9 \u00e0 partir de\u00a0propolis brute, une substance r\u00e9sineuse r\u00e9colt\u00e9e par les abeilles pour prot\u00e9ger leur ruche. V\u00e9ritable tr\u00e9sor de la ruche aux propri\u00e9t\u00e9s exceptionnelles, cette formule concentr\u00e9e agit comme un alli\u00e9 sant\u00e9 au quotidien : Principaux bienfaits : \u2714\u00a0D\u00e9fenses immunitaires\u00a0\u2013 Stimule [&hellip;]<\/p>\n","protected":false},"featured_media":33909,"template":"","meta":{"om_disable_all_campaigns":false},"product_brand":[],"product_cat":[15],"product_tag":[],"class_list":{"0":"post-33910","1":"product","2":"type-product","3":"status-publish","4":"has-post-thumbnail","6":"product_cat-beaute-sante-complements-alimentaires-soins-et-bien-etre-au-meilleur-prix","8":"first","9":"instock","10":"taxable","11":"shipping-taxable","12":"purchasable","13":"product-type-simple"},"yoast_head":"<!-- This site is optimized with the Yoast SEO plugin v27.5 - https:\/\/yoast.com\/product\/yoast-seo-wordpress\/ -->\n<title>Phormax Propolis 60 Gelules - Maroc Prix<\/title>\n<meta name=\"description\" content=\"Phormax Propolis 60 Gelules\" \/>\n<meta name=\"robots\" content=\"index, follow, max-snippet:-1, max-image-preview:large, max-video-preview:-1\" \/>\n<link rel=\"canonical\" href=\"https:\/\/vitablanca.ma\/en\/product\/phormax-propolis-60-gelules\/\" \/>\n<meta property=\"og:locale\" content=\"en_US\" \/>\n<meta property=\"og:type\" content=\"article\" \/>\n<meta property=\"og:title\" content=\"Phormax Propolis 60 Gelules - Maroc Prix\" \/>\n<meta property=\"og:description\" content=\"Phormax Propolis 60 Gelules\" \/>\n<meta property=\"og:url\" content=\"https:\/\/vitablanca.ma\/en\/product\/phormax-propolis-60-gelules\/\" \/>\n<meta property=\"og:site_name\" content=\"Vitablanca.ma &ndash; Sant&eacute;, vitalit&eacute; et bien-&ecirc;tre pour tous les Marocains\" \/>\n<meta property=\"article:publisher\" content=\"https:\/\/www.facebook.com\/profile.php?id=61576678196717\" \/>\n<meta property=\"og:image\" content=\"https:\/\/vitablanca.ma\/wp-content\/uploads\/2025\/06\/Magnesium_2024_1400_x787_002.jpg\" \/>\n\t<meta property=\"og:image:width\" content=\"950\" \/>\n\t<meta property=\"og:image:height\" content=\"534\" \/>\n\t<meta property=\"og:image:type\" content=\"image\/jpeg\" \/>\n<meta name=\"twitter:card\" content=\"summary_large_image\" \/>\n<meta name=\"twitter:label1\" content=\"Est. reading time\" \/>\n\t<meta name=\"twitter:data1\" content=\"1 minute\" \/>\n<script type=\"application\/ld+json\" class=\"yoast-schema-graph\">{\"@context\":\"https:\\\/\\\/schema.org\",\"@graph\":[{\"@type\":[\"WebPage\",\"ItemPage\"],\"@id\":\"https:\\\/\\\/vitablanca.ma\\\/produit\\\/phormax-propolis-60-gelules\\\/\",\"url\":\"https:\\\/\\\/vitablanca.ma\\\/produit\\\/phormax-propolis-60-gelules\\\/\",\"name\":\"Phormax Propolis 60 Gelules - Maroc Prix\",\"isPartOf\":{\"@id\":\"https:\\\/\\\/vitablanca.ma\\\/#website\"},\"primaryImageOfPage\":{\"@id\":\"https:\\\/\\\/vitablanca.ma\\\/produit\\\/phormax-propolis-60-gelules\\\/#primaryimage\"},\"image\":{\"@id\":\"https:\\\/\\\/vitablanca.ma\\\/produit\\\/phormax-propolis-60-gelules\\\/#primaryimage\"},\"thumbnailUrl\":\"https:\\\/\\\/vitablanca.ma\\\/wp-content\\\/uploads\\\/2026\\\/03\\\/Phormax-Propolis-60-gelules.png\",\"datePublished\":\"2026-03-08T02:35:37+00:00\",\"description\":\"Phormax Propolis 60 Gelules\",\"breadcrumb\":{\"@id\":\"https:\\\/\\\/vitablanca.ma\\\/produit\\\/phormax-propolis-60-gelules\\\/#breadcrumb\"},\"inLanguage\":\"en-US\",\"potentialAction\":[{\"@type\":\"ReadAction\",\"target\":[\"https:\\\/\\\/vitablanca.ma\\\/produit\\\/phormax-propolis-60-gelules\\\/\"]}]},{\"@type\":\"ImageObject\",\"inLanguage\":\"en-US\",\"@id\":\"https:\\\/\\\/vitablanca.ma\\\/produit\\\/phormax-propolis-60-gelules\\\/#primaryimage\",\"url\":\"https:\\\/\\\/vitablanca.ma\\\/wp-content\\\/uploads\\\/2026\\\/03\\\/Phormax-Propolis-60-gelules.png\",\"contentUrl\":\"https:\\\/\\\/vitablanca.ma\\\/wp-content\\\/uploads\\\/2026\\\/03\\\/Phormax-Propolis-60-gelules.png\",\"width\":1080,\"height\":1080},{\"@type\":\"BreadcrumbList\",\"@id\":\"https:\\\/\\\/vitablanca.ma\\\/produit\\\/phormax-propolis-60-gelules\\\/#breadcrumb\",\"itemListElement\":[{\"@type\":\"ListItem\",\"position\":1,\"name\":\"Home\",\"item\":\"https:\\\/\\\/vitablanca.ma\\\/\"},{\"@type\":\"ListItem\",\"position\":2,\"name\":\"Tous Les Produits\",\"item\":\"https:\\\/\\\/vitablanca.ma\\\/tous-les-produits\\\/\"},{\"@type\":\"ListItem\",\"position\":3,\"name\":\"Phormax Propolis 60 Gelules\"}]},{\"@type\":\"WebSite\",\"@id\":\"https:\\\/\\\/vitablanca.ma\\\/#website\",\"url\":\"https:\\\/\\\/vitablanca.ma\\\/\",\"name\":\"VitaBlanca.ma | Compl\u00e9ments alimentaires, sant\u00e9 & beaut\u00e9 au Maroc\",\"description\":\"vendre vitamines et compl\u00e9ments premium des USA &amp; Canada, Nouvelle Z\u00e9lande,Maroc (NOW Foods, Solgar, Manuka). Livraison rapide partout au Maroc.\",\"publisher\":{\"@id\":\"https:\\\/\\\/vitablanca.ma\\\/#organization\"},\"alternateName\":\"VitaBlanca.ma\",\"potentialAction\":[{\"@type\":\"SearchAction\",\"target\":{\"@type\":\"EntryPoint\",\"urlTemplate\":\"https:\\\/\\\/vitablanca.ma\\\/?s={search_term_string}\"},\"query-input\":{\"@type\":\"PropertyValueSpecification\",\"valueRequired\":true,\"valueName\":\"search_term_string\"}}],\"inLanguage\":\"en-US\"},{\"@type\":\"Organization\",\"@id\":\"https:\\\/\\\/vitablanca.ma\\\/#organization\",\"name\":\"VitaBlanca\",\"url\":\"https:\\\/\\\/vitablanca.ma\\\/\",\"logo\":{\"@type\":\"ImageObject\",\"inLanguage\":\"en-US\",\"@id\":\"https:\\\/\\\/vitablanca.ma\\\/#\\\/schema\\\/logo\\\/image\\\/\",\"url\":\"https:\\\/\\\/vitablanca.ma\\\/wp-content\\\/uploads\\\/2025\\\/05\\\/cropped-vitablanca.png\",\"contentUrl\":\"https:\\\/\\\/vitablanca.ma\\\/wp-content\\\/uploads\\\/2025\\\/05\\\/cropped-vitablanca.png\",\"width\":360,\"height\":67,\"caption\":\"VitaBlanca\"},\"image\":{\"@id\":\"https:\\\/\\\/vitablanca.ma\\\/#\\\/schema\\\/logo\\\/image\\\/\"},\"sameAs\":[\"https:\\\/\\\/www.facebook.com\\\/profile.php?id=61576678196717\",\"https:\\\/\\\/www.tiktok.com\\\/@vitablanca.ma\",\"https:\\\/\\\/www.instagram.com\\\/vitablanca.ma\\\/\"]}]}<\/script>\n<!-- \/ Yoast SEO plugin. -->","yoast_head_json":{"title":"Phormax Propolis 60 Gelules - Maroc Prix","description":"Phormax Propolis 60 Gelules","robots":{"index":"index","follow":"follow","max-snippet":"max-snippet:-1","max-image-preview":"max-image-preview:large","max-video-preview":"max-video-preview:-1"},"canonical":"https:\/\/vitablanca.ma\/en\/product\/phormax-propolis-60-gelules\/","og_locale":"en_US","og_type":"article","og_title":"Phormax Propolis 60 Gelules - Maroc Prix","og_description":"Phormax Propolis 60 Gelules","og_url":"https:\/\/vitablanca.ma\/en\/product\/phormax-propolis-60-gelules\/","og_site_name":"Vitablanca.ma &ndash; Sant&eacute;, vitalit&eacute; et bien-&ecirc;tre pour tous les Marocains","article_publisher":"https:\/\/www.facebook.com\/profile.php?id=61576678196717","og_image":[{"width":950,"height":534,"url":"https:\/\/vitablanca.ma\/wp-content\/uploads\/2025\/06\/Magnesium_2024_1400_x787_002.jpg","type":"image\/jpeg"}],"twitter_card":"summary_large_image","twitter_misc":{"Est. reading time":"1 minute"},"schema":{"@context":"https:\/\/schema.org","@graph":[{"@type":["WebPage","ItemPage"],"@id":"https:\/\/vitablanca.ma\/produit\/phormax-propolis-60-gelules\/","url":"https:\/\/vitablanca.ma\/produit\/phormax-propolis-60-gelules\/","name":"Phormax Propolis 60 Gelules - Maroc Prix","isPartOf":{"@id":"https:\/\/vitablanca.ma\/#website"},"primaryImageOfPage":{"@id":"https:\/\/vitablanca.ma\/produit\/phormax-propolis-60-gelules\/#primaryimage"},"image":{"@id":"https:\/\/vitablanca.ma\/produit\/phormax-propolis-60-gelules\/#primaryimage"},"thumbnailUrl":"https:\/\/vitablanca.ma\/wp-content\/uploads\/2026\/03\/Phormax-Propolis-60-gelules.png","datePublished":"2026-03-08T02:35:37+00:00","description":"Phormax Propolis 60 Gelules","breadcrumb":{"@id":"https:\/\/vitablanca.ma\/produit\/phormax-propolis-60-gelules\/#breadcrumb"},"inLanguage":"en-US","potentialAction":[{"@type":"ReadAction","target":["https:\/\/vitablanca.ma\/produit\/phormax-propolis-60-gelules\/"]}]},{"@type":"ImageObject","inLanguage":"en-US","@id":"https:\/\/vitablanca.ma\/produit\/phormax-propolis-60-gelules\/#primaryimage","url":"https:\/\/vitablanca.ma\/wp-content\/uploads\/2026\/03\/Phormax-Propolis-60-gelules.png","contentUrl":"https:\/\/vitablanca.ma\/wp-content\/uploads\/2026\/03\/Phormax-Propolis-60-gelules.png","width":1080,"height":1080},{"@type":"BreadcrumbList","@id":"https:\/\/vitablanca.ma\/produit\/phormax-propolis-60-gelules\/#breadcrumb","itemListElement":[{"@type":"ListItem","position":1,"name":"Home","item":"https:\/\/vitablanca.ma\/"},{"@type":"ListItem","position":2,"name":"Tous Les Produits","item":"https:\/\/vitablanca.ma\/tous-les-produits\/"},{"@type":"ListItem","position":3,"name":"Phormax Propolis 60 Gelules"}]},{"@type":"WebSite","@id":"https:\/\/vitablanca.ma\/#website","url":"https:\/\/vitablanca.ma\/","name":"VitaBlanca.ma | Food supplements, health &amp; beauty in Morocco","description":"sell premium vitamins and supplements from USA &amp; Canada, New Zealand, Morocco (NOW Foods, Solgar, Manuka). Fast delivery anywhere in Morocco.","publisher":{"@id":"https:\/\/vitablanca.ma\/#organization"},"alternateName":"VitaBlanca.ma","potentialAction":[{"@type":"SearchAction","target":{"@type":"EntryPoint","urlTemplate":"https:\/\/vitablanca.ma\/?s={search_term_string}"},"query-input":{"@type":"PropertyValueSpecification","valueRequired":true,"valueName":"search_term_string"}}],"inLanguage":"en-US"},{"@type":"Organization","@id":"https:\/\/vitablanca.ma\/#organization","name":"VitaBlanca","url":"https:\/\/vitablanca.ma\/","logo":{"@type":"ImageObject","inLanguage":"en-US","@id":"https:\/\/vitablanca.ma\/#\/schema\/logo\/image\/","url":"https:\/\/vitablanca.ma\/wp-content\/uploads\/2025\/05\/cropped-vitablanca.png","contentUrl":"https:\/\/vitablanca.ma\/wp-content\/uploads\/2025\/05\/cropped-vitablanca.png","width":360,"height":67,"caption":"VitaBlanca"},"image":{"@id":"https:\/\/vitablanca.ma\/#\/schema\/logo\/image\/"},"sameAs":["https:\/\/www.facebook.com\/profile.php?id=61576678196717","https:\/\/www.tiktok.com\/@vitablanca.ma","https:\/\/www.instagram.com\/vitablanca.ma\/"]}]}},"jetpack_sharing_enabled":true,"_links":{"self":[{"href":"https:\/\/vitablanca.ma\/en\/wp-json\/wp\/v2\/product\/33910","targetHints":{"allow":["GET"]}}],"collection":[{"href":"https:\/\/vitablanca.ma\/en\/wp-json\/wp\/v2\/product"}],"about":[{"href":"https:\/\/vitablanca.ma\/en\/wp-json\/wp\/v2\/types\/product"}],"wp:featuredmedia":[{"embeddable":true,"href":"https:\/\/vitablanca.ma\/en\/wp-json\/wp\/v2\/media\/33909"}],"wp:attachment":[{"href":"https:\/\/vitablanca.ma\/en\/wp-json\/wp\/v2\/media?parent=33910"}],"wp:term":[{"taxonomy":"product_brand","embeddable":true,"href":"https:\/\/vitablanca.ma\/en\/wp-json\/wp\/v2\/product_brand?post=33910"},{"taxonomy":"product_cat","embeddable":true,"href":"https:\/\/vitablanca.ma\/en\/wp-json\/wp\/v2\/product_cat?post=33910"},{"taxonomy":"product_tag","embeddable":true,"href":"https:\/\/vitablanca.ma\/en\/wp-json\/wp\/v2\/product_tag?post=33910"}],"curies":[{"name":"wp","href":"https:\/\/api.w.org\/{rel}","templated":true}]}}