{"id":33906,"date":"2026-03-08T02:33:49","date_gmt":"2026-03-08T02:33:49","guid":{"rendered":"https:\/\/vitablanca.ma\/produit\/phormax-levure-de-biere-selenium-400-comprimes\/"},"modified":"2026-03-08T02:35:55","modified_gmt":"2026-03-08T02:35:55","slug":"phormax-levure-de-biere-selenium-400-comprimes","status":"publish","type":"product","link":"https:\/\/vitablanca.ma\/en\/product\/phormax-levure-de-biere-selenium-400-comprimes\/","title":{"rendered":"Phormax Levure De Biere Selenium 400 Comprimes"},"content":{"rendered":"<p>\u00a0<\/p>\n<h2>Description<\/h2>\n<p>Phormax Levure De Biere Selenium 400 Comprimes<\/p>\n<p>is a <strong data-start=\"497\" data-end=\"531\">compl\u00e9ment alimentaire complet<\/strong> qui associe les bienfaits nutritifs de la <strong data-start=\"574\" data-end=\"593\">levure de bi\u00e8re<\/strong> \u00e0 l\u2019action antioxydante du <strong data-start=\"621\" data-end=\"633\">selenium<\/strong>. La levure de bi\u00e8re est naturellement riche en <strong data-start=\"681\" data-end=\"729\">vitamines du groupe B, prot\u00e9ines et min\u00e9raux<\/strong>, tandis que le s\u00e9l\u00e9nium contribue \u00e0 <strong data-start=\"766\" data-end=\"817\">prot\u00e9ger les cellules contre le stress oxydatif<\/strong>.<\/p>","protected":false},"excerpt":{"rendered":"<p>\u00a0 Description Phormax Levure De Biere Selenium 400 Comprimes est un compl\u00e9ment alimentaire complet qui associe les bienfaits nutritifs de la levure de bi\u00e8re \u00e0 l\u2019action antioxydante du s\u00e9l\u00e9nium. La levure de bi\u00e8re est naturellement riche en vitamines du groupe B, prot\u00e9ines et min\u00e9raux, tandis que le s\u00e9l\u00e9nium contribue \u00e0 prot\u00e9ger les cellules contre le [&hellip;]<\/p>\n","protected":false},"featured_media":33905,"template":"","meta":{"om_disable_all_campaigns":false},"product_brand":[],"product_cat":[15],"product_tag":[11444,11468,11469,11467,11364,11471,985,5260,11470,11439],"class_list":{"0":"post-33906","1":"product","2":"type-product","3":"status-publish","4":"has-post-thumbnail","6":"product_cat-beaute-sante-complements-alimentaires-soins-et-bien-etre-au-meilleur-prix","7":"product_tag-complement-alimentaire-sante","8":"product_tag-complement-cheveux-et-ongles","9":"product_tag-levure-de-biere-peau","10":"product_tag-levure-de-biere-selenium-400","11":"product_tag-phormax","12":"product_tag-phormax-comprimes","13":"product_tag-protection-cellulaire","14":"product_tag-sante-cheveux-et-ongles","15":"product_tag-selenium-antioxydant","16":"product_tag-soin-beaute-interne","18":"first","19":"instock","20":"taxable","21":"shipping-taxable","22":"purchasable","23":"product-type-simple"},"yoast_head":"<!-- This site is optimized with the Yoast SEO plugin v27.5 - https:\/\/yoast.com\/product\/yoast-seo-wordpress\/ -->\n<title>Phormax Levure De Biere Selenium 400 Comprimes - Maroc Prix<\/title>\n<meta name=\"description\" content=\"Phormax Levure de Bi\u00e8re Selenium 400 60 comprim\u00e9s est un compl\u00e9ment alimentaire qui soutient la sant\u00e9 de la peau, des cheveux et des ongles\" \/>\n<meta name=\"robots\" content=\"index, follow, max-snippet:-1, max-image-preview:large, max-video-preview:-1\" \/>\n<link rel=\"canonical\" href=\"https:\/\/vitablanca.ma\/en\/product\/phormax-levure-de-biere-selenium-400-comprimes\/\" \/>\n<meta property=\"og:locale\" content=\"en_US\" \/>\n<meta property=\"og:type\" content=\"article\" \/>\n<meta property=\"og:title\" content=\"Phormax Levure De Biere Selenium 400 Comprimes - Maroc Prix\" \/>\n<meta property=\"og:description\" content=\"Phormax Levure de Bi\u00e8re Selenium 400 60 comprim\u00e9s est un compl\u00e9ment alimentaire qui soutient la sant\u00e9 de la peau, des cheveux et des ongles\" \/>\n<meta property=\"og:url\" content=\"https:\/\/vitablanca.ma\/en\/product\/phormax-levure-de-biere-selenium-400-comprimes\/\" \/>\n<meta property=\"og:site_name\" content=\"Vitablanca.ma &ndash; Sant&eacute;, vitalit&eacute; et bien-&ecirc;tre pour tous les Marocains\" \/>\n<meta property=\"article:publisher\" content=\"https:\/\/www.facebook.com\/profile.php?id=61576678196717\" \/>\n<meta property=\"article:modified_time\" content=\"2026-03-08T02:35:55+00:00\" \/>\n<meta property=\"og:image\" content=\"https:\/\/vitablanca.ma\/wp-content\/uploads\/2026\/03\/phormax-levure-de-biere-selenium-1-1.jpg\" \/>\n\t<meta property=\"og:image:width\" content=\"1080\" \/>\n\t<meta property=\"og:image:height\" content=\"1080\" \/>\n\t<meta property=\"og:image:type\" content=\"image\/jpeg\" \/>\n<meta name=\"twitter:card\" content=\"summary_large_image\" \/>\n<meta name=\"twitter:label1\" content=\"Est. reading time\" \/>\n\t<meta name=\"twitter:data1\" content=\"1 minute\" \/>\n<script type=\"application\/ld+json\" class=\"yoast-schema-graph\">{\"@context\":\"https:\\\/\\\/schema.org\",\"@graph\":[{\"@type\":[\"WebPage\",\"ItemPage\"],\"@id\":\"https:\\\/\\\/vitablanca.ma\\\/produit\\\/phormax-levure-de-biere-selenium-400-comprimes\\\/\",\"url\":\"https:\\\/\\\/vitablanca.ma\\\/produit\\\/phormax-levure-de-biere-selenium-400-comprimes\\\/\",\"name\":\"Phormax Levure De Biere Selenium 400 Comprimes - Maroc Prix\",\"isPartOf\":{\"@id\":\"https:\\\/\\\/vitablanca.ma\\\/#website\"},\"primaryImageOfPage\":{\"@id\":\"https:\\\/\\\/vitablanca.ma\\\/produit\\\/phormax-levure-de-biere-selenium-400-comprimes\\\/#primaryimage\"},\"image\":{\"@id\":\"https:\\\/\\\/vitablanca.ma\\\/produit\\\/phormax-levure-de-biere-selenium-400-comprimes\\\/#primaryimage\"},\"thumbnailUrl\":\"https:\\\/\\\/vitablanca.ma\\\/wp-content\\\/uploads\\\/2026\\\/03\\\/phormax-levure-de-biere-selenium-1-1.jpg\",\"datePublished\":\"2026-03-08T02:33:49+00:00\",\"dateModified\":\"2026-03-08T02:35:55+00:00\",\"description\":\"Phormax Levure de Bi\u00e8re Selenium 400 60 comprim\u00e9s est un compl\u00e9ment alimentaire qui soutient la sant\u00e9 de la peau, des cheveux et des ongles\",\"breadcrumb\":{\"@id\":\"https:\\\/\\\/vitablanca.ma\\\/produit\\\/phormax-levure-de-biere-selenium-400-comprimes\\\/#breadcrumb\"},\"inLanguage\":\"en-US\",\"potentialAction\":[{\"@type\":\"ReadAction\",\"target\":[\"https:\\\/\\\/vitablanca.ma\\\/produit\\\/phormax-levure-de-biere-selenium-400-comprimes\\\/\"]}]},{\"@type\":\"ImageObject\",\"inLanguage\":\"en-US\",\"@id\":\"https:\\\/\\\/vitablanca.ma\\\/produit\\\/phormax-levure-de-biere-selenium-400-comprimes\\\/#primaryimage\",\"url\":\"https:\\\/\\\/vitablanca.ma\\\/wp-content\\\/uploads\\\/2026\\\/03\\\/phormax-levure-de-biere-selenium-1-1.jpg\",\"contentUrl\":\"https:\\\/\\\/vitablanca.ma\\\/wp-content\\\/uploads\\\/2026\\\/03\\\/phormax-levure-de-biere-selenium-1-1.jpg\",\"width\":1080,\"height\":1080},{\"@type\":\"BreadcrumbList\",\"@id\":\"https:\\\/\\\/vitablanca.ma\\\/produit\\\/phormax-levure-de-biere-selenium-400-comprimes\\\/#breadcrumb\",\"itemListElement\":[{\"@type\":\"ListItem\",\"position\":1,\"name\":\"Home\",\"item\":\"https:\\\/\\\/vitablanca.ma\\\/\"},{\"@type\":\"ListItem\",\"position\":2,\"name\":\"Tous Les Produits\",\"item\":\"https:\\\/\\\/vitablanca.ma\\\/tous-les-produits\\\/\"},{\"@type\":\"ListItem\",\"position\":3,\"name\":\"Phormax Levure De Biere Selenium 400 Comprimes\"}]},{\"@type\":\"WebSite\",\"@id\":\"https:\\\/\\\/vitablanca.ma\\\/#website\",\"url\":\"https:\\\/\\\/vitablanca.ma\\\/\",\"name\":\"VitaBlanca.ma | Compl\u00e9ments alimentaires, sant\u00e9 & beaut\u00e9 au Maroc\",\"description\":\"vendre vitamines et compl\u00e9ments premium des USA &amp; Canada, Nouvelle Z\u00e9lande,Maroc (NOW Foods, Solgar, Manuka). Livraison rapide partout au Maroc.\",\"publisher\":{\"@id\":\"https:\\\/\\\/vitablanca.ma\\\/#organization\"},\"alternateName\":\"VitaBlanca.ma\",\"potentialAction\":[{\"@type\":\"SearchAction\",\"target\":{\"@type\":\"EntryPoint\",\"urlTemplate\":\"https:\\\/\\\/vitablanca.ma\\\/?s={search_term_string}\"},\"query-input\":{\"@type\":\"PropertyValueSpecification\",\"valueRequired\":true,\"valueName\":\"search_term_string\"}}],\"inLanguage\":\"en-US\"},{\"@type\":\"Organization\",\"@id\":\"https:\\\/\\\/vitablanca.ma\\\/#organization\",\"name\":\"VitaBlanca\",\"url\":\"https:\\\/\\\/vitablanca.ma\\\/\",\"logo\":{\"@type\":\"ImageObject\",\"inLanguage\":\"en-US\",\"@id\":\"https:\\\/\\\/vitablanca.ma\\\/#\\\/schema\\\/logo\\\/image\\\/\",\"url\":\"https:\\\/\\\/vitablanca.ma\\\/wp-content\\\/uploads\\\/2025\\\/05\\\/cropped-vitablanca.png\",\"contentUrl\":\"https:\\\/\\\/vitablanca.ma\\\/wp-content\\\/uploads\\\/2025\\\/05\\\/cropped-vitablanca.png\",\"width\":360,\"height\":67,\"caption\":\"VitaBlanca\"},\"image\":{\"@id\":\"https:\\\/\\\/vitablanca.ma\\\/#\\\/schema\\\/logo\\\/image\\\/\"},\"sameAs\":[\"https:\\\/\\\/www.facebook.com\\\/profile.php?id=61576678196717\",\"https:\\\/\\\/www.tiktok.com\\\/@vitablanca.ma\",\"https:\\\/\\\/www.instagram.com\\\/vitablanca.ma\\\/\"]}]}<\/script>\n<!-- \/ Yoast SEO plugin. -->","yoast_head_json":{"title":"Phormax Levure De Biere Selenium 400 Comprimes - Maroc Prix","description":"Phormax Levure de Bi\u00e8re Selenium 400 60 comprim\u00e9s est un compl\u00e9ment alimentaire qui soutient la sant\u00e9 de la peau, des cheveux et des ongles","robots":{"index":"index","follow":"follow","max-snippet":"max-snippet:-1","max-image-preview":"max-image-preview:large","max-video-preview":"max-video-preview:-1"},"canonical":"https:\/\/vitablanca.ma\/en\/product\/phormax-levure-de-biere-selenium-400-comprimes\/","og_locale":"en_US","og_type":"article","og_title":"Phormax Levure De Biere Selenium 400 Comprimes - Maroc Prix","og_description":"Phormax Levure de Bi\u00e8re Selenium 400 60 comprim\u00e9s est un compl\u00e9ment alimentaire qui soutient la sant\u00e9 de la peau, des cheveux et des ongles","og_url":"https:\/\/vitablanca.ma\/en\/product\/phormax-levure-de-biere-selenium-400-comprimes\/","og_site_name":"Vitablanca.ma &ndash; Sant&eacute;, vitalit&eacute; et bien-&ecirc;tre pour tous les Marocains","article_publisher":"https:\/\/www.facebook.com\/profile.php?id=61576678196717","article_modified_time":"2026-03-08T02:35:55+00:00","og_image":[{"width":1080,"height":1080,"url":"https:\/\/vitablanca.ma\/wp-content\/uploads\/2026\/03\/phormax-levure-de-biere-selenium-1-1.jpg","type":"image\/jpeg"}],"twitter_card":"summary_large_image","twitter_misc":{"Est. reading time":"1 minute"},"schema":{"@context":"https:\/\/schema.org","@graph":[{"@type":["WebPage","ItemPage"],"@id":"https:\/\/vitablanca.ma\/produit\/phormax-levure-de-biere-selenium-400-comprimes\/","url":"https:\/\/vitablanca.ma\/produit\/phormax-levure-de-biere-selenium-400-comprimes\/","name":"Phormax Levure De Biere Selenium 400 Comprimes - Maroc Prix","isPartOf":{"@id":"https:\/\/vitablanca.ma\/#website"},"primaryImageOfPage":{"@id":"https:\/\/vitablanca.ma\/produit\/phormax-levure-de-biere-selenium-400-comprimes\/#primaryimage"},"image":{"@id":"https:\/\/vitablanca.ma\/produit\/phormax-levure-de-biere-selenium-400-comprimes\/#primaryimage"},"thumbnailUrl":"https:\/\/vitablanca.ma\/wp-content\/uploads\/2026\/03\/phormax-levure-de-biere-selenium-1-1.jpg","datePublished":"2026-03-08T02:33:49+00:00","dateModified":"2026-03-08T02:35:55+00:00","description":"Phormax Levure de Bi\u00e8re Selenium 400 60 comprim\u00e9s est un compl\u00e9ment alimentaire qui soutient la sant\u00e9 de la peau, des cheveux et des ongles","breadcrumb":{"@id":"https:\/\/vitablanca.ma\/produit\/phormax-levure-de-biere-selenium-400-comprimes\/#breadcrumb"},"inLanguage":"en-US","potentialAction":[{"@type":"ReadAction","target":["https:\/\/vitablanca.ma\/produit\/phormax-levure-de-biere-selenium-400-comprimes\/"]}]},{"@type":"ImageObject","inLanguage":"en-US","@id":"https:\/\/vitablanca.ma\/produit\/phormax-levure-de-biere-selenium-400-comprimes\/#primaryimage","url":"https:\/\/vitablanca.ma\/wp-content\/uploads\/2026\/03\/phormax-levure-de-biere-selenium-1-1.jpg","contentUrl":"https:\/\/vitablanca.ma\/wp-content\/uploads\/2026\/03\/phormax-levure-de-biere-selenium-1-1.jpg","width":1080,"height":1080},{"@type":"BreadcrumbList","@id":"https:\/\/vitablanca.ma\/produit\/phormax-levure-de-biere-selenium-400-comprimes\/#breadcrumb","itemListElement":[{"@type":"ListItem","position":1,"name":"Home","item":"https:\/\/vitablanca.ma\/"},{"@type":"ListItem","position":2,"name":"Tous Les Produits","item":"https:\/\/vitablanca.ma\/tous-les-produits\/"},{"@type":"ListItem","position":3,"name":"Phormax Levure De Biere Selenium 400 Comprimes"}]},{"@type":"WebSite","@id":"https:\/\/vitablanca.ma\/#website","url":"https:\/\/vitablanca.ma\/","name":"VitaBlanca.ma | Food supplements, health &amp; beauty in Morocco","description":"sell premium vitamins and supplements from USA &amp; Canada, New Zealand, Morocco (NOW Foods, Solgar, Manuka). Fast delivery anywhere in Morocco.","publisher":{"@id":"https:\/\/vitablanca.ma\/#organization"},"alternateName":"VitaBlanca.ma","potentialAction":[{"@type":"SearchAction","target":{"@type":"EntryPoint","urlTemplate":"https:\/\/vitablanca.ma\/?s={search_term_string}"},"query-input":{"@type":"PropertyValueSpecification","valueRequired":true,"valueName":"search_term_string"}}],"inLanguage":"en-US"},{"@type":"Organization","@id":"https:\/\/vitablanca.ma\/#organization","name":"VitaBlanca","url":"https:\/\/vitablanca.ma\/","logo":{"@type":"ImageObject","inLanguage":"en-US","@id":"https:\/\/vitablanca.ma\/#\/schema\/logo\/image\/","url":"https:\/\/vitablanca.ma\/wp-content\/uploads\/2025\/05\/cropped-vitablanca.png","contentUrl":"https:\/\/vitablanca.ma\/wp-content\/uploads\/2025\/05\/cropped-vitablanca.png","width":360,"height":67,"caption":"VitaBlanca"},"image":{"@id":"https:\/\/vitablanca.ma\/#\/schema\/logo\/image\/"},"sameAs":["https:\/\/www.facebook.com\/profile.php?id=61576678196717","https:\/\/www.tiktok.com\/@vitablanca.ma","https:\/\/www.instagram.com\/vitablanca.ma\/"]}]}},"jetpack_sharing_enabled":true,"_links":{"self":[{"href":"https:\/\/vitablanca.ma\/en\/wp-json\/wp\/v2\/product\/33906","targetHints":{"allow":["GET"]}}],"collection":[{"href":"https:\/\/vitablanca.ma\/en\/wp-json\/wp\/v2\/product"}],"about":[{"href":"https:\/\/vitablanca.ma\/en\/wp-json\/wp\/v2\/types\/product"}],"wp:featuredmedia":[{"embeddable":true,"href":"https:\/\/vitablanca.ma\/en\/wp-json\/wp\/v2\/media\/33905"}],"wp:attachment":[{"href":"https:\/\/vitablanca.ma\/en\/wp-json\/wp\/v2\/media?parent=33906"}],"wp:term":[{"taxonomy":"product_brand","embeddable":true,"href":"https:\/\/vitablanca.ma\/en\/wp-json\/wp\/v2\/product_brand?post=33906"},{"taxonomy":"product_cat","embeddable":true,"href":"https:\/\/vitablanca.ma\/en\/wp-json\/wp\/v2\/product_cat?post=33906"},{"taxonomy":"product_tag","embeddable":true,"href":"https:\/\/vitablanca.ma\/en\/wp-json\/wp\/v2\/product_tag?post=33906"}],"curies":[{"name":"wp","href":"https:\/\/api.w.org\/{rel}","templated":true}]}}