{"id":33902,"date":"2026-03-08T02:32:37","date_gmt":"2026-03-08T02:32:37","guid":{"rendered":"https:\/\/vitablanca.ma\/produit\/phormax-magnesium-glycinate-60-gelules\/"},"modified":"2026-03-08T02:32:37","modified_gmt":"2026-03-08T02:32:37","slug":"phormax-magnesium-glycinate-60-gelules","status":"publish","type":"product","link":"https:\/\/vitablanca.ma\/en\/product\/phormax-magnesium-glycinate-60-gelules\/","title":{"rendered":"Phormax Magnesium Glycinate 60 Gelules"},"content":{"rendered":"<h2>Description<\/h2>\n<p>Phormax Magnesium Glycinate 60 Gelules<\/p>\n<p class=\"ds-markdown-paragraph\"><em>Le Phormax Magn\u00e9sium Glycinate propose une forme premium de magn\u00e9sium associ\u00e9 \u00e0 de la glycine pour une biodisponibilit\u00e9 exceptionnelle et une parfaite tol\u00e9rance digestive. Cette formule haut de gamme offre des avantages uniques :<\/em><\/p>\n<ul>\n<li>\n<p class=\"ds-markdown-paragraph\"><em>Absorption optimale gr\u00e2ce \u00e0 la liaison avec la glycine (forme ch\u00e9lat\u00e9e)<\/em><\/p>\n<\/li>\n<li>\n<p class=\"ds-markdown-paragraph\"><em>Effet relaxant naturel sur le syst\u00e8me neuromusculaire<\/em><\/p>\n<\/li>\n<li>\n<p class=\"ds-markdown-paragraph\"><em>Soutien des fonctions cognitives et de l\u2019\u00e9quilibre \u00e9motionnel<\/em><\/p>\n<\/li>\n<li>\n<p class=\"ds-markdown-paragraph\"><em>Z\u00e9ro effet laxatif contrairement aux formes classiques de magn\u00e9sium<\/em><\/p>\n<\/li>\n<\/ul>\n<p class=\"ds-markdown-paragraph\"><em>Particuli\u00e8rement recommand\u00e9 pour :<\/em><br \/>\n\u2713\u00a0<em>Les personnes stress\u00e9es ou surmen\u00e9es<\/em><br \/>\n\u2713\u00a0<em>Les sportifs recherchant une r\u00e9cup\u00e9ration optimale<\/em><br \/>\n\u2713\u00a0<em>Toute personne souffrant de carence en magn\u00e9sium<\/em><\/p>","protected":false},"excerpt":{"rendered":"<p>Description Phormax Magnesium Glycinate 60 Gelules Le Phormax Magn\u00e9sium Glycinate propose une forme premium de magn\u00e9sium associ\u00e9 \u00e0 de la glycine pour une biodisponibilit\u00e9 exceptionnelle et une parfaite tol\u00e9rance digestive. Cette formule haut de gamme offre des avantages uniques : Absorption optimale gr\u00e2ce \u00e0 la liaison avec la glycine (forme ch\u00e9lat\u00e9e) Effet relaxant naturel sur [&hellip;]<\/p>\n","protected":false},"featured_media":33901,"template":"","meta":{"om_disable_all_campaigns":false},"product_brand":[],"product_cat":[15],"product_tag":[],"class_list":{"0":"post-33902","1":"product","2":"type-product","3":"status-publish","4":"has-post-thumbnail","6":"product_cat-beaute-sante-complements-alimentaires-soins-et-bien-etre-au-meilleur-prix","8":"first","9":"instock","10":"taxable","11":"shipping-taxable","12":"purchasable","13":"product-type-simple"},"yoast_head":"<!-- This site is optimized with the Yoast SEO plugin v27.5 - https:\/\/yoast.com\/product\/yoast-seo-wordpress\/ -->\n<title>Phormax Magnesium Glycinate 60 Gelules - Maroc Prix<\/title>\n<meta name=\"description\" content=\"Phormax Magnesium Glycinate 60 Gelules\" \/>\n<meta name=\"robots\" content=\"index, follow, max-snippet:-1, max-image-preview:large, max-video-preview:-1\" \/>\n<link rel=\"canonical\" href=\"https:\/\/vitablanca.ma\/en\/product\/phormax-magnesium-glycinate-60-gelules\/\" \/>\n<meta property=\"og:locale\" content=\"en_US\" \/>\n<meta property=\"og:type\" content=\"article\" \/>\n<meta property=\"og:title\" content=\"Phormax Magnesium Glycinate 60 Gelules - Maroc Prix\" \/>\n<meta property=\"og:description\" content=\"Phormax Magnesium Glycinate 60 Gelules\" \/>\n<meta property=\"og:url\" content=\"https:\/\/vitablanca.ma\/en\/product\/phormax-magnesium-glycinate-60-gelules\/\" \/>\n<meta property=\"og:site_name\" content=\"Vitablanca.ma &ndash; Sant&eacute;, vitalit&eacute; et bien-&ecirc;tre pour tous les Marocains\" \/>\n<meta property=\"article:publisher\" content=\"https:\/\/www.facebook.com\/profile.php?id=61576678196717\" \/>\n<meta property=\"og:image\" content=\"https:\/\/vitablanca.ma\/wp-content\/uploads\/2025\/06\/Magnesium_2024_1400_x787_002.jpg\" \/>\n\t<meta property=\"og:image:width\" content=\"950\" \/>\n\t<meta property=\"og:image:height\" content=\"534\" \/>\n\t<meta property=\"og:image:type\" content=\"image\/jpeg\" \/>\n<meta name=\"twitter:card\" content=\"summary_large_image\" \/>\n<meta name=\"twitter:label1\" content=\"Est. reading time\" \/>\n\t<meta name=\"twitter:data1\" content=\"1 minute\" \/>\n<script type=\"application\/ld+json\" class=\"yoast-schema-graph\">{\"@context\":\"https:\\\/\\\/schema.org\",\"@graph\":[{\"@type\":[\"WebPage\",\"ItemPage\"],\"@id\":\"https:\\\/\\\/vitablanca.ma\\\/produit\\\/phormax-magnesium-glycinate-60-gelules\\\/\",\"url\":\"https:\\\/\\\/vitablanca.ma\\\/produit\\\/phormax-magnesium-glycinate-60-gelules\\\/\",\"name\":\"Phormax Magnesium Glycinate 60 Gelules - Maroc Prix\",\"isPartOf\":{\"@id\":\"https:\\\/\\\/vitablanca.ma\\\/#website\"},\"primaryImageOfPage\":{\"@id\":\"https:\\\/\\\/vitablanca.ma\\\/produit\\\/phormax-magnesium-glycinate-60-gelules\\\/#primaryimage\"},\"image\":{\"@id\":\"https:\\\/\\\/vitablanca.ma\\\/produit\\\/phormax-magnesium-glycinate-60-gelules\\\/#primaryimage\"},\"thumbnailUrl\":\"https:\\\/\\\/vitablanca.ma\\\/wp-content\\\/uploads\\\/2026\\\/03\\\/Phormax-Magnesium-Glycinate-60-gelules.png\",\"datePublished\":\"2026-03-08T02:32:37+00:00\",\"description\":\"Phormax Magnesium Glycinate 60 Gelules\",\"breadcrumb\":{\"@id\":\"https:\\\/\\\/vitablanca.ma\\\/produit\\\/phormax-magnesium-glycinate-60-gelules\\\/#breadcrumb\"},\"inLanguage\":\"en-US\",\"potentialAction\":[{\"@type\":\"ReadAction\",\"target\":[\"https:\\\/\\\/vitablanca.ma\\\/produit\\\/phormax-magnesium-glycinate-60-gelules\\\/\"]}]},{\"@type\":\"ImageObject\",\"inLanguage\":\"en-US\",\"@id\":\"https:\\\/\\\/vitablanca.ma\\\/produit\\\/phormax-magnesium-glycinate-60-gelules\\\/#primaryimage\",\"url\":\"https:\\\/\\\/vitablanca.ma\\\/wp-content\\\/uploads\\\/2026\\\/03\\\/Phormax-Magnesium-Glycinate-60-gelules.png\",\"contentUrl\":\"https:\\\/\\\/vitablanca.ma\\\/wp-content\\\/uploads\\\/2026\\\/03\\\/Phormax-Magnesium-Glycinate-60-gelules.png\",\"width\":1080,\"height\":1080},{\"@type\":\"BreadcrumbList\",\"@id\":\"https:\\\/\\\/vitablanca.ma\\\/produit\\\/phormax-magnesium-glycinate-60-gelules\\\/#breadcrumb\",\"itemListElement\":[{\"@type\":\"ListItem\",\"position\":1,\"name\":\"Home\",\"item\":\"https:\\\/\\\/vitablanca.ma\\\/\"},{\"@type\":\"ListItem\",\"position\":2,\"name\":\"Tous Les Produits\",\"item\":\"https:\\\/\\\/vitablanca.ma\\\/tous-les-produits\\\/\"},{\"@type\":\"ListItem\",\"position\":3,\"name\":\"Phormax Magnesium Glycinate 60 Gelules\"}]},{\"@type\":\"WebSite\",\"@id\":\"https:\\\/\\\/vitablanca.ma\\\/#website\",\"url\":\"https:\\\/\\\/vitablanca.ma\\\/\",\"name\":\"VitaBlanca.ma | Compl\u00e9ments alimentaires, sant\u00e9 & beaut\u00e9 au Maroc\",\"description\":\"vendre vitamines et compl\u00e9ments premium des USA &amp; Canada, Nouvelle Z\u00e9lande,Maroc (NOW Foods, Solgar, Manuka). Livraison rapide partout au Maroc.\",\"publisher\":{\"@id\":\"https:\\\/\\\/vitablanca.ma\\\/#organization\"},\"alternateName\":\"VitaBlanca.ma\",\"potentialAction\":[{\"@type\":\"SearchAction\",\"target\":{\"@type\":\"EntryPoint\",\"urlTemplate\":\"https:\\\/\\\/vitablanca.ma\\\/?s={search_term_string}\"},\"query-input\":{\"@type\":\"PropertyValueSpecification\",\"valueRequired\":true,\"valueName\":\"search_term_string\"}}],\"inLanguage\":\"en-US\"},{\"@type\":\"Organization\",\"@id\":\"https:\\\/\\\/vitablanca.ma\\\/#organization\",\"name\":\"VitaBlanca\",\"url\":\"https:\\\/\\\/vitablanca.ma\\\/\",\"logo\":{\"@type\":\"ImageObject\",\"inLanguage\":\"en-US\",\"@id\":\"https:\\\/\\\/vitablanca.ma\\\/#\\\/schema\\\/logo\\\/image\\\/\",\"url\":\"https:\\\/\\\/vitablanca.ma\\\/wp-content\\\/uploads\\\/2025\\\/05\\\/cropped-vitablanca.png\",\"contentUrl\":\"https:\\\/\\\/vitablanca.ma\\\/wp-content\\\/uploads\\\/2025\\\/05\\\/cropped-vitablanca.png\",\"width\":360,\"height\":67,\"caption\":\"VitaBlanca\"},\"image\":{\"@id\":\"https:\\\/\\\/vitablanca.ma\\\/#\\\/schema\\\/logo\\\/image\\\/\"},\"sameAs\":[\"https:\\\/\\\/www.facebook.com\\\/profile.php?id=61576678196717\",\"https:\\\/\\\/www.tiktok.com\\\/@vitablanca.ma\",\"https:\\\/\\\/www.instagram.com\\\/vitablanca.ma\\\/\"]}]}<\/script>\n<!-- \/ Yoast SEO plugin. -->","yoast_head_json":{"title":"Phormax Magnesium Glycinate 60 Gelules - Maroc Prix","description":"Phormax Magnesium Glycinate 60 Gelules","robots":{"index":"index","follow":"follow","max-snippet":"max-snippet:-1","max-image-preview":"max-image-preview:large","max-video-preview":"max-video-preview:-1"},"canonical":"https:\/\/vitablanca.ma\/en\/product\/phormax-magnesium-glycinate-60-gelules\/","og_locale":"en_US","og_type":"article","og_title":"Phormax Magnesium Glycinate 60 Gelules - Maroc Prix","og_description":"Phormax Magnesium Glycinate 60 Gelules","og_url":"https:\/\/vitablanca.ma\/en\/product\/phormax-magnesium-glycinate-60-gelules\/","og_site_name":"Vitablanca.ma &ndash; Sant&eacute;, vitalit&eacute; et bien-&ecirc;tre pour tous les Marocains","article_publisher":"https:\/\/www.facebook.com\/profile.php?id=61576678196717","og_image":[{"width":950,"height":534,"url":"https:\/\/vitablanca.ma\/wp-content\/uploads\/2025\/06\/Magnesium_2024_1400_x787_002.jpg","type":"image\/jpeg"}],"twitter_card":"summary_large_image","twitter_misc":{"Est. reading time":"1 minute"},"schema":{"@context":"https:\/\/schema.org","@graph":[{"@type":["WebPage","ItemPage"],"@id":"https:\/\/vitablanca.ma\/produit\/phormax-magnesium-glycinate-60-gelules\/","url":"https:\/\/vitablanca.ma\/produit\/phormax-magnesium-glycinate-60-gelules\/","name":"Phormax Magnesium Glycinate 60 Gelules - Maroc Prix","isPartOf":{"@id":"https:\/\/vitablanca.ma\/#website"},"primaryImageOfPage":{"@id":"https:\/\/vitablanca.ma\/produit\/phormax-magnesium-glycinate-60-gelules\/#primaryimage"},"image":{"@id":"https:\/\/vitablanca.ma\/produit\/phormax-magnesium-glycinate-60-gelules\/#primaryimage"},"thumbnailUrl":"https:\/\/vitablanca.ma\/wp-content\/uploads\/2026\/03\/Phormax-Magnesium-Glycinate-60-gelules.png","datePublished":"2026-03-08T02:32:37+00:00","description":"Phormax Magnesium Glycinate 60 Gelules","breadcrumb":{"@id":"https:\/\/vitablanca.ma\/produit\/phormax-magnesium-glycinate-60-gelules\/#breadcrumb"},"inLanguage":"en-US","potentialAction":[{"@type":"ReadAction","target":["https:\/\/vitablanca.ma\/produit\/phormax-magnesium-glycinate-60-gelules\/"]}]},{"@type":"ImageObject","inLanguage":"en-US","@id":"https:\/\/vitablanca.ma\/produit\/phormax-magnesium-glycinate-60-gelules\/#primaryimage","url":"https:\/\/vitablanca.ma\/wp-content\/uploads\/2026\/03\/Phormax-Magnesium-Glycinate-60-gelules.png","contentUrl":"https:\/\/vitablanca.ma\/wp-content\/uploads\/2026\/03\/Phormax-Magnesium-Glycinate-60-gelules.png","width":1080,"height":1080},{"@type":"BreadcrumbList","@id":"https:\/\/vitablanca.ma\/produit\/phormax-magnesium-glycinate-60-gelules\/#breadcrumb","itemListElement":[{"@type":"ListItem","position":1,"name":"Home","item":"https:\/\/vitablanca.ma\/"},{"@type":"ListItem","position":2,"name":"Tous Les Produits","item":"https:\/\/vitablanca.ma\/tous-les-produits\/"},{"@type":"ListItem","position":3,"name":"Phormax Magnesium Glycinate 60 Gelules"}]},{"@type":"WebSite","@id":"https:\/\/vitablanca.ma\/#website","url":"https:\/\/vitablanca.ma\/","name":"VitaBlanca.ma | Food supplements, health &amp; beauty in Morocco","description":"sell premium vitamins and supplements from USA &amp; Canada, New Zealand, Morocco (NOW Foods, Solgar, Manuka). Fast delivery anywhere in Morocco.","publisher":{"@id":"https:\/\/vitablanca.ma\/#organization"},"alternateName":"VitaBlanca.ma","potentialAction":[{"@type":"SearchAction","target":{"@type":"EntryPoint","urlTemplate":"https:\/\/vitablanca.ma\/?s={search_term_string}"},"query-input":{"@type":"PropertyValueSpecification","valueRequired":true,"valueName":"search_term_string"}}],"inLanguage":"en-US"},{"@type":"Organization","@id":"https:\/\/vitablanca.ma\/#organization","name":"VitaBlanca","url":"https:\/\/vitablanca.ma\/","logo":{"@type":"ImageObject","inLanguage":"en-US","@id":"https:\/\/vitablanca.ma\/#\/schema\/logo\/image\/","url":"https:\/\/vitablanca.ma\/wp-content\/uploads\/2025\/05\/cropped-vitablanca.png","contentUrl":"https:\/\/vitablanca.ma\/wp-content\/uploads\/2025\/05\/cropped-vitablanca.png","width":360,"height":67,"caption":"VitaBlanca"},"image":{"@id":"https:\/\/vitablanca.ma\/#\/schema\/logo\/image\/"},"sameAs":["https:\/\/www.facebook.com\/profile.php?id=61576678196717","https:\/\/www.tiktok.com\/@vitablanca.ma","https:\/\/www.instagram.com\/vitablanca.ma\/"]}]}},"jetpack_sharing_enabled":true,"_links":{"self":[{"href":"https:\/\/vitablanca.ma\/en\/wp-json\/wp\/v2\/product\/33902","targetHints":{"allow":["GET"]}}],"collection":[{"href":"https:\/\/vitablanca.ma\/en\/wp-json\/wp\/v2\/product"}],"about":[{"href":"https:\/\/vitablanca.ma\/en\/wp-json\/wp\/v2\/types\/product"}],"wp:featuredmedia":[{"embeddable":true,"href":"https:\/\/vitablanca.ma\/en\/wp-json\/wp\/v2\/media\/33901"}],"wp:attachment":[{"href":"https:\/\/vitablanca.ma\/en\/wp-json\/wp\/v2\/media?parent=33902"}],"wp:term":[{"taxonomy":"product_brand","embeddable":true,"href":"https:\/\/vitablanca.ma\/en\/wp-json\/wp\/v2\/product_brand?post=33902"},{"taxonomy":"product_cat","embeddable":true,"href":"https:\/\/vitablanca.ma\/en\/wp-json\/wp\/v2\/product_cat?post=33902"},{"taxonomy":"product_tag","embeddable":true,"href":"https:\/\/vitablanca.ma\/en\/wp-json\/wp\/v2\/product_tag?post=33902"}],"curies":[{"name":"wp","href":"https:\/\/api.w.org\/{rel}","templated":true}]}}