{"id":33898,"date":"2026-03-08T02:31:21","date_gmt":"2026-03-08T02:31:21","guid":{"rendered":"https:\/\/vitablanca.ma\/produit\/phormax-zinc-60-comprimes\/"},"modified":"2026-03-08T02:33:33","modified_gmt":"2026-03-08T02:33:33","slug":"phormax-zinc-60-comprimes","status":"publish","type":"product","link":"https:\/\/vitablanca.ma\/en\/product\/phormax-zinc-60-comprimes\/","title":{"rendered":"Phormax Zinc 60 Comprimes"},"content":{"rendered":"<p>\u00a0<\/p>\n<h2>Description<\/h2>\n<table width=\"259\">\n<tbody>\n<tr>\n<td width=\"259\">Phormax Zinc 60 Comprimes<\/p>\n<h4><strong>Bienfaits du Zinc Phormax<\/strong><\/h4>\n<p class=\"ds-markdown-paragraph\">\u2013<strong>Immunit\u00e9<\/strong>\u00a0\u2013 Stimule les d\u00e9fenses naturelles et r\u00e9duit la fatigue.<br \/>\n\u2013<strong>Peau & Cheveux<\/strong>\u00a0\u2013 Favorise la cicatrisation et lutte contre les imperfections.<br \/>\n\u2013<strong>M\u00e9tabolisme<\/strong>\u00a0\u2013 Contribue \u00e0 la synth\u00e8se des prot\u00e9ines et des hormones.<\/p>\n<h4><strong>Formule Optimis\u00e9e<\/strong><\/h4>\n<ul>\n<li>\n<p class=\"ds-markdown-paragraph\"><strong>Zinc hautement assimilable<\/strong>\u00a0(bisglycinate ou citrate pour une meilleure absorption).<\/p>\n<\/li>\n<li>\n<p class=\"ds-markdown-paragraph\"><strong>60 tablets<\/strong>\u00a0= 2 mois de cure (1 comprim\u00e9\/jour).<\/p>\n<\/li>\n<li>\n<p class=\"ds-markdown-paragraph\"><strong>Sans additifs inutiles<\/strong>\u00a0\u2013 Sans gluten, lactose, ou OGM (v\u00e9rifier selon formule exacte).<\/p>\n<\/li>\n<\/ul>\n<\/td>\n<\/tr>\n<\/tbody>\n<\/table>","protected":false},"excerpt":{"rendered":"<p>\u00a0 Description Phormax Zinc 60 Comprimes Bienfaits du Zinc Phormax \u2013Immunit\u00e9\u00a0\u2013 Stimule les d\u00e9fenses naturelles et r\u00e9duit la fatigue. \u2013Peau &#038; Cheveux\u00a0\u2013 Favorise la cicatrisation et lutte contre les imperfections. \u2013M\u00e9tabolisme\u00a0\u2013 Contribue \u00e0 la synth\u00e8se des prot\u00e9ines et des hormones. Formule Optimis\u00e9e Zinc hautement assimilable\u00a0(bisglycinate ou citrate pour une meilleure absorption). 60 comprim\u00e9s\u00a0= 2 mois [&hellip;]<\/p>\n","protected":false},"featured_media":33897,"template":"","meta":{"om_disable_all_campaigns":false},"product_brand":[],"product_cat":[15],"product_tag":[11466,7844,11465,1697,11364,11445,852,10260,11439,1711],"class_list":{"0":"post-33898","1":"product","2":"type-product","3":"status-publish","4":"has-post-thumbnail","6":"product_cat-beaute-sante-complements-alimentaires-soins-et-bien-etre-au-meilleur-prix","7":"product_tag-cicatrisation","8":"product_tag-complement-alimentaire-zinc","9":"product_tag-metabolisme-normal","10":"product_tag-mineraux-essentiels","11":"product_tag-phormax","12":"product_tag-phormax-gelules","13":"product_tag-renforcement-immunitaire","14":"product_tag-sante-peau-et-cheveux","15":"product_tag-soin-beaute-interne","16":"product_tag-zinc","18":"first","19":"instock","20":"taxable","21":"shipping-taxable","22":"purchasable","23":"product-type-simple"},"yoast_head":"<!-- This site is optimized with the Yoast SEO plugin v27.5 - https:\/\/yoast.com\/product\/yoast-seo-wordpress\/ -->\n<title>Phormax Zinc 60 Comprimes - Maroc Prix<\/title>\n<meta name=\"description\" content=\"Phormax Zinc 60 comprim\u00e9s est un compl\u00e9ment alimentaire qui soutient la sant\u00e9 de la peau, renforce le syst\u00e8me immunitaire et contribue au m\u00e9tabolisme .\" \/>\n<meta name=\"robots\" content=\"index, follow, max-snippet:-1, max-image-preview:large, max-video-preview:-1\" \/>\n<link rel=\"canonical\" href=\"https:\/\/vitablanca.ma\/en\/product\/phormax-zinc-60-comprimes\/\" \/>\n<meta property=\"og:locale\" content=\"en_US\" \/>\n<meta property=\"og:type\" content=\"article\" \/>\n<meta property=\"og:title\" content=\"Phormax Zinc 60 Comprimes - Maroc Prix\" \/>\n<meta property=\"og:description\" content=\"Phormax Zinc 60 comprim\u00e9s est un compl\u00e9ment alimentaire qui soutient la sant\u00e9 de la peau, renforce le syst\u00e8me immunitaire et contribue au m\u00e9tabolisme .\" \/>\n<meta property=\"og:url\" content=\"https:\/\/vitablanca.ma\/en\/product\/phormax-zinc-60-comprimes\/\" \/>\n<meta property=\"og:site_name\" content=\"Vitablanca.ma &ndash; Sant&eacute;, vitalit&eacute; et bien-&ecirc;tre pour tous les Marocains\" \/>\n<meta property=\"article:publisher\" content=\"https:\/\/www.facebook.com\/profile.php?id=61576678196717\" \/>\n<meta property=\"article:modified_time\" content=\"2026-03-08T02:33:33+00:00\" \/>\n<meta property=\"og:image\" content=\"https:\/\/vitablanca.ma\/wp-content\/uploads\/2026\/03\/Phormax-Zinc-60-Comprimes.png\" \/>\n\t<meta property=\"og:image:width\" content=\"1080\" \/>\n\t<meta property=\"og:image:height\" content=\"1080\" \/>\n\t<meta property=\"og:image:type\" content=\"image\/png\" \/>\n<meta name=\"twitter:card\" content=\"summary_large_image\" \/>\n<meta name=\"twitter:label1\" content=\"Est. reading time\" \/>\n\t<meta name=\"twitter:data1\" content=\"1 minute\" \/>\n<script type=\"application\/ld+json\" class=\"yoast-schema-graph\">{\"@context\":\"https:\\\/\\\/schema.org\",\"@graph\":[{\"@type\":[\"WebPage\",\"ItemPage\"],\"@id\":\"https:\\\/\\\/vitablanca.ma\\\/produit\\\/phormax-zinc-60-comprimes\\\/\",\"url\":\"https:\\\/\\\/vitablanca.ma\\\/produit\\\/phormax-zinc-60-comprimes\\\/\",\"name\":\"Phormax Zinc 60 Comprimes - Maroc Prix\",\"isPartOf\":{\"@id\":\"https:\\\/\\\/vitablanca.ma\\\/#website\"},\"primaryImageOfPage\":{\"@id\":\"https:\\\/\\\/vitablanca.ma\\\/produit\\\/phormax-zinc-60-comprimes\\\/#primaryimage\"},\"image\":{\"@id\":\"https:\\\/\\\/vitablanca.ma\\\/produit\\\/phormax-zinc-60-comprimes\\\/#primaryimage\"},\"thumbnailUrl\":\"https:\\\/\\\/vitablanca.ma\\\/wp-content\\\/uploads\\\/2026\\\/03\\\/Phormax-Zinc-60-Comprimes.png\",\"datePublished\":\"2026-03-08T02:31:21+00:00\",\"dateModified\":\"2026-03-08T02:33:33+00:00\",\"description\":\"Phormax Zinc 60 comprim\u00e9s est un compl\u00e9ment alimentaire qui soutient la sant\u00e9 de la peau, renforce le syst\u00e8me immunitaire et contribue au m\u00e9tabolisme .\",\"breadcrumb\":{\"@id\":\"https:\\\/\\\/vitablanca.ma\\\/produit\\\/phormax-zinc-60-comprimes\\\/#breadcrumb\"},\"inLanguage\":\"en-US\",\"potentialAction\":[{\"@type\":\"ReadAction\",\"target\":[\"https:\\\/\\\/vitablanca.ma\\\/produit\\\/phormax-zinc-60-comprimes\\\/\"]}]},{\"@type\":\"ImageObject\",\"inLanguage\":\"en-US\",\"@id\":\"https:\\\/\\\/vitablanca.ma\\\/produit\\\/phormax-zinc-60-comprimes\\\/#primaryimage\",\"url\":\"https:\\\/\\\/vitablanca.ma\\\/wp-content\\\/uploads\\\/2026\\\/03\\\/Phormax-Zinc-60-Comprimes.png\",\"contentUrl\":\"https:\\\/\\\/vitablanca.ma\\\/wp-content\\\/uploads\\\/2026\\\/03\\\/Phormax-Zinc-60-Comprimes.png\",\"width\":1080,\"height\":1080},{\"@type\":\"BreadcrumbList\",\"@id\":\"https:\\\/\\\/vitablanca.ma\\\/produit\\\/phormax-zinc-60-comprimes\\\/#breadcrumb\",\"itemListElement\":[{\"@type\":\"ListItem\",\"position\":1,\"name\":\"Home\",\"item\":\"https:\\\/\\\/vitablanca.ma\\\/\"},{\"@type\":\"ListItem\",\"position\":2,\"name\":\"Tous Les Produits\",\"item\":\"https:\\\/\\\/vitablanca.ma\\\/tous-les-produits\\\/\"},{\"@type\":\"ListItem\",\"position\":3,\"name\":\"Phormax Zinc 60 Comprimes\"}]},{\"@type\":\"WebSite\",\"@id\":\"https:\\\/\\\/vitablanca.ma\\\/#website\",\"url\":\"https:\\\/\\\/vitablanca.ma\\\/\",\"name\":\"VitaBlanca.ma | Compl\u00e9ments alimentaires, sant\u00e9 & beaut\u00e9 au Maroc\",\"description\":\"vendre vitamines et compl\u00e9ments premium des USA &amp; Canada, Nouvelle Z\u00e9lande,Maroc (NOW Foods, Solgar, Manuka). Livraison rapide partout au Maroc.\",\"publisher\":{\"@id\":\"https:\\\/\\\/vitablanca.ma\\\/#organization\"},\"alternateName\":\"VitaBlanca.ma\",\"potentialAction\":[{\"@type\":\"SearchAction\",\"target\":{\"@type\":\"EntryPoint\",\"urlTemplate\":\"https:\\\/\\\/vitablanca.ma\\\/?s={search_term_string}\"},\"query-input\":{\"@type\":\"PropertyValueSpecification\",\"valueRequired\":true,\"valueName\":\"search_term_string\"}}],\"inLanguage\":\"en-US\"},{\"@type\":\"Organization\",\"@id\":\"https:\\\/\\\/vitablanca.ma\\\/#organization\",\"name\":\"VitaBlanca\",\"url\":\"https:\\\/\\\/vitablanca.ma\\\/\",\"logo\":{\"@type\":\"ImageObject\",\"inLanguage\":\"en-US\",\"@id\":\"https:\\\/\\\/vitablanca.ma\\\/#\\\/schema\\\/logo\\\/image\\\/\",\"url\":\"https:\\\/\\\/vitablanca.ma\\\/wp-content\\\/uploads\\\/2025\\\/05\\\/cropped-vitablanca.png\",\"contentUrl\":\"https:\\\/\\\/vitablanca.ma\\\/wp-content\\\/uploads\\\/2025\\\/05\\\/cropped-vitablanca.png\",\"width\":360,\"height\":67,\"caption\":\"VitaBlanca\"},\"image\":{\"@id\":\"https:\\\/\\\/vitablanca.ma\\\/#\\\/schema\\\/logo\\\/image\\\/\"},\"sameAs\":[\"https:\\\/\\\/www.facebook.com\\\/profile.php?id=61576678196717\",\"https:\\\/\\\/www.tiktok.com\\\/@vitablanca.ma\",\"https:\\\/\\\/www.instagram.com\\\/vitablanca.ma\\\/\"]}]}<\/script>\n<!-- \/ Yoast SEO plugin. -->","yoast_head_json":{"title":"Phormax Zinc 60 Comprimes - Maroc Prix","description":"Phormax Zinc 60 comprim\u00e9s est un compl\u00e9ment alimentaire qui soutient la sant\u00e9 de la peau, renforce le syst\u00e8me immunitaire et contribue au m\u00e9tabolisme .","robots":{"index":"index","follow":"follow","max-snippet":"max-snippet:-1","max-image-preview":"max-image-preview:large","max-video-preview":"max-video-preview:-1"},"canonical":"https:\/\/vitablanca.ma\/en\/product\/phormax-zinc-60-comprimes\/","og_locale":"en_US","og_type":"article","og_title":"Phormax Zinc 60 Comprimes - Maroc Prix","og_description":"Phormax Zinc 60 comprim\u00e9s est un compl\u00e9ment alimentaire qui soutient la sant\u00e9 de la peau, renforce le syst\u00e8me immunitaire et contribue au m\u00e9tabolisme .","og_url":"https:\/\/vitablanca.ma\/en\/product\/phormax-zinc-60-comprimes\/","og_site_name":"Vitablanca.ma &ndash; Sant&eacute;, vitalit&eacute; et bien-&ecirc;tre pour tous les Marocains","article_publisher":"https:\/\/www.facebook.com\/profile.php?id=61576678196717","article_modified_time":"2026-03-08T02:33:33+00:00","og_image":[{"width":1080,"height":1080,"url":"https:\/\/vitablanca.ma\/wp-content\/uploads\/2026\/03\/Phormax-Zinc-60-Comprimes.png","type":"image\/png"}],"twitter_card":"summary_large_image","twitter_misc":{"Est. reading time":"1 minute"},"schema":{"@context":"https:\/\/schema.org","@graph":[{"@type":["WebPage","ItemPage"],"@id":"https:\/\/vitablanca.ma\/produit\/phormax-zinc-60-comprimes\/","url":"https:\/\/vitablanca.ma\/produit\/phormax-zinc-60-comprimes\/","name":"Phormax Zinc 60 Comprimes - Maroc Prix","isPartOf":{"@id":"https:\/\/vitablanca.ma\/#website"},"primaryImageOfPage":{"@id":"https:\/\/vitablanca.ma\/produit\/phormax-zinc-60-comprimes\/#primaryimage"},"image":{"@id":"https:\/\/vitablanca.ma\/produit\/phormax-zinc-60-comprimes\/#primaryimage"},"thumbnailUrl":"https:\/\/vitablanca.ma\/wp-content\/uploads\/2026\/03\/Phormax-Zinc-60-Comprimes.png","datePublished":"2026-03-08T02:31:21+00:00","dateModified":"2026-03-08T02:33:33+00:00","description":"Phormax Zinc 60 comprim\u00e9s est un compl\u00e9ment alimentaire qui soutient la sant\u00e9 de la peau, renforce le syst\u00e8me immunitaire et contribue au m\u00e9tabolisme .","breadcrumb":{"@id":"https:\/\/vitablanca.ma\/produit\/phormax-zinc-60-comprimes\/#breadcrumb"},"inLanguage":"en-US","potentialAction":[{"@type":"ReadAction","target":["https:\/\/vitablanca.ma\/produit\/phormax-zinc-60-comprimes\/"]}]},{"@type":"ImageObject","inLanguage":"en-US","@id":"https:\/\/vitablanca.ma\/produit\/phormax-zinc-60-comprimes\/#primaryimage","url":"https:\/\/vitablanca.ma\/wp-content\/uploads\/2026\/03\/Phormax-Zinc-60-Comprimes.png","contentUrl":"https:\/\/vitablanca.ma\/wp-content\/uploads\/2026\/03\/Phormax-Zinc-60-Comprimes.png","width":1080,"height":1080},{"@type":"BreadcrumbList","@id":"https:\/\/vitablanca.ma\/produit\/phormax-zinc-60-comprimes\/#breadcrumb","itemListElement":[{"@type":"ListItem","position":1,"name":"Home","item":"https:\/\/vitablanca.ma\/"},{"@type":"ListItem","position":2,"name":"Tous Les Produits","item":"https:\/\/vitablanca.ma\/tous-les-produits\/"},{"@type":"ListItem","position":3,"name":"Phormax Zinc 60 Comprimes"}]},{"@type":"WebSite","@id":"https:\/\/vitablanca.ma\/#website","url":"https:\/\/vitablanca.ma\/","name":"VitaBlanca.ma | Food supplements, health &amp; beauty in Morocco","description":"sell premium vitamins and supplements from USA &amp; Canada, New Zealand, Morocco (NOW Foods, Solgar, Manuka). Fast delivery anywhere in Morocco.","publisher":{"@id":"https:\/\/vitablanca.ma\/#organization"},"alternateName":"VitaBlanca.ma","potentialAction":[{"@type":"SearchAction","target":{"@type":"EntryPoint","urlTemplate":"https:\/\/vitablanca.ma\/?s={search_term_string}"},"query-input":{"@type":"PropertyValueSpecification","valueRequired":true,"valueName":"search_term_string"}}],"inLanguage":"en-US"},{"@type":"Organization","@id":"https:\/\/vitablanca.ma\/#organization","name":"VitaBlanca","url":"https:\/\/vitablanca.ma\/","logo":{"@type":"ImageObject","inLanguage":"en-US","@id":"https:\/\/vitablanca.ma\/#\/schema\/logo\/image\/","url":"https:\/\/vitablanca.ma\/wp-content\/uploads\/2025\/05\/cropped-vitablanca.png","contentUrl":"https:\/\/vitablanca.ma\/wp-content\/uploads\/2025\/05\/cropped-vitablanca.png","width":360,"height":67,"caption":"VitaBlanca"},"image":{"@id":"https:\/\/vitablanca.ma\/#\/schema\/logo\/image\/"},"sameAs":["https:\/\/www.facebook.com\/profile.php?id=61576678196717","https:\/\/www.tiktok.com\/@vitablanca.ma","https:\/\/www.instagram.com\/vitablanca.ma\/"]}]}},"jetpack_sharing_enabled":true,"_links":{"self":[{"href":"https:\/\/vitablanca.ma\/en\/wp-json\/wp\/v2\/product\/33898","targetHints":{"allow":["GET"]}}],"collection":[{"href":"https:\/\/vitablanca.ma\/en\/wp-json\/wp\/v2\/product"}],"about":[{"href":"https:\/\/vitablanca.ma\/en\/wp-json\/wp\/v2\/types\/product"}],"wp:featuredmedia":[{"embeddable":true,"href":"https:\/\/vitablanca.ma\/en\/wp-json\/wp\/v2\/media\/33897"}],"wp:attachment":[{"href":"https:\/\/vitablanca.ma\/en\/wp-json\/wp\/v2\/media?parent=33898"}],"wp:term":[{"taxonomy":"product_brand","embeddable":true,"href":"https:\/\/vitablanca.ma\/en\/wp-json\/wp\/v2\/product_brand?post=33898"},{"taxonomy":"product_cat","embeddable":true,"href":"https:\/\/vitablanca.ma\/en\/wp-json\/wp\/v2\/product_cat?post=33898"},{"taxonomy":"product_tag","embeddable":true,"href":"https:\/\/vitablanca.ma\/en\/wp-json\/wp\/v2\/product_tag?post=33898"}],"curies":[{"name":"wp","href":"https:\/\/api.w.org\/{rel}","templated":true}]}}