{"id":33882,"date":"2026-03-08T02:13:35","date_gmt":"2026-03-08T02:13:35","guid":{"rendered":"https:\/\/vitablanca.ma\/produit\/phormax-pigment-age-collagen-filler-60-gelules\/"},"modified":"2026-03-08T02:26:32","modified_gmt":"2026-03-08T02:26:32","slug":"phormax-pigment-age-collagen-filler-60-gelules","status":"publish","type":"product","link":"https:\/\/vitablanca.ma\/en\/product\/phormax-pigment-age-collagen-filler-60-gelules\/","title":{"rendered":"Phormax Pigment Age Collagen Filler 60 Gelules"},"content":{"rendered":"<p>\u00a0<\/p>\n<h2>Description<\/h2>\n<p>Phormax Pigment Age Collagen Filler 60 Gelules<\/p>\n<p>THE <strong data-start=\"519\" data-end=\"569\">Phormax Pigment Age Collagen Filler 60 g\u00e9lules<\/strong> est un compl\u00e9ment alimentaire con\u00e7u pour agir de l\u2019int\u00e9rieur \u00e0 la fois sur l\u2019hyperpigmentation et sur les signes du vieillissement cutan\u00e9. Sa formulation associe des actifs \u00e9claircissants et antioxydants \u2013 tels que la L-glutathion, la vitamine C, des extraits v\u00e9g\u00e9taux (busserole, raisin), ainsi que des min\u00e9raux protecteurs comme le zinc et le s\u00e9l\u00e9nium \u2013 pour r\u00e9guler la m\u00e9lanine, att\u00e9nuer les taches brunes et unifier le teint .<\/p>\n<p data-start=\"1041\" data-end=\"1505\">En compl\u00e9ment, l\u2019ajout de collag\u00e8ne (sous forme \u00ab\u00a0Filler\u00a0\u00bb) aide \u00e0 renforcer l\u2019\u00e9lasticit\u00e9 de la peau, \u00e0 att\u00e9nuer les rides et \u00e0 raffermir le teint, soutenant ainsi la structure cutan\u00e9e. Pr\u00e9sent\u00e9 en bo\u00eete de 60 g\u00e9lules, ce compl\u00e9ment constitue une cure de 1 \u00e0 2 mois selon la posologie. Il convient notamment aux personnes cherchant \u00e0 lutter simultan\u00e9ment contre les taches pigmentaires et le vieillissement cutan\u00e9, pour un teint plus uniforme et visiblement rajeuni.<\/p>","protected":false},"excerpt":{"rendered":"<p>\u00a0 Description Phormax Pigment Age Collagen Filler 60 Gelules Le Phormax Pigment Age Collagen Filler 60 g\u00e9lules est un compl\u00e9ment alimentaire con\u00e7u pour agir de l\u2019int\u00e9rieur \u00e0 la fois sur l\u2019hyperpigmentation et sur les signes du vieillissement cutan\u00e9. Sa formulation associe des actifs \u00e9claircissants et antioxydants \u2013 tels que la L-glutathion, la vitamine C, des [&hellip;]<\/p>\n","protected":false},"featured_media":33881,"template":"","meta":{"om_disable_all_campaigns":false},"product_brand":[],"product_cat":[15],"product_tag":[4771,1072,6366,11453,11364,11445,11451,11452,11439,8554],"class_list":{"0":"post-33882","1":"product","2":"type-product","3":"status-publish","4":"has-post-thumbnail","6":"product_cat-beaute-sante-complements-alimentaires-soins-et-bien-etre-au-meilleur-prix","7":"product_tag-collagene-peau","8":"product_tag-complement-anti-age","9":"product_tag-elasticite-peau","10":"product_tag-peau-hydratee-et-eclatante","11":"product_tag-phormax","12":"product_tag-phormax-gelules","13":"product_tag-pigment-age-collagen-filler","14":"product_tag-rides-et-fermete","15":"product_tag-soin-beaute-interne","16":"product_tag-taches-pigmentaires","18":"first","19":"instock","20":"taxable","21":"shipping-taxable","22":"purchasable","23":"product-type-simple"},"yoast_head":"<!-- This site is optimized with the Yoast SEO plugin v27.5 - https:\/\/yoast.com\/product\/yoast-seo-wordpress\/ -->\n<title>Phormax Pigment Age Collagen Filler 60 Gelules - Maroc Prix<\/title>\n<meta name=\"description\" content=\"Phormax Pigment Age Collagen Filler 60 g\u00e9lules est un compl\u00e9ment alimentaire qui combine collag\u00e8ne actifs anti-\u00e2ge pour am\u00e9liorer l\u2019\u00e9lasticit\u00e9 de la peau .\" \/>\n<meta name=\"robots\" content=\"index, follow, max-snippet:-1, max-image-preview:large, max-video-preview:-1\" \/>\n<link rel=\"canonical\" href=\"https:\/\/vitablanca.ma\/en\/product\/phormax-pigment-age-collagen-filler-60-gelules\/\" \/>\n<meta property=\"og:locale\" content=\"en_US\" \/>\n<meta property=\"og:type\" content=\"article\" \/>\n<meta property=\"og:title\" content=\"Phormax Pigment Age Collagen Filler 60 Gelules - Maroc Prix\" \/>\n<meta property=\"og:description\" content=\"Phormax Pigment Age Collagen Filler 60 g\u00e9lules est un compl\u00e9ment alimentaire qui combine collag\u00e8ne actifs anti-\u00e2ge pour am\u00e9liorer l\u2019\u00e9lasticit\u00e9 de la peau .\" \/>\n<meta property=\"og:url\" content=\"https:\/\/vitablanca.ma\/en\/product\/phormax-pigment-age-collagen-filler-60-gelules\/\" \/>\n<meta property=\"og:site_name\" content=\"Vitablanca.ma &ndash; Sant&eacute;, vitalit&eacute; et bien-&ecirc;tre pour tous les Marocains\" \/>\n<meta property=\"article:publisher\" content=\"https:\/\/www.facebook.com\/profile.php?id=61576678196717\" \/>\n<meta property=\"article:modified_time\" content=\"2026-03-08T02:26:32+00:00\" \/>\n<meta property=\"og:image\" content=\"https:\/\/vitablanca.ma\/wp-content\/uploads\/2026\/03\/phormax-anti-age.jpg\" \/>\n\t<meta property=\"og:image:width\" content=\"1080\" \/>\n\t<meta property=\"og:image:height\" content=\"1080\" \/>\n\t<meta property=\"og:image:type\" content=\"image\/jpeg\" \/>\n<meta name=\"twitter:card\" content=\"summary_large_image\" \/>\n<meta name=\"twitter:label1\" content=\"Est. reading time\" \/>\n\t<meta name=\"twitter:data1\" content=\"1 minute\" \/>\n<script type=\"application\/ld+json\" class=\"yoast-schema-graph\">{\"@context\":\"https:\\\/\\\/schema.org\",\"@graph\":[{\"@type\":[\"WebPage\",\"ItemPage\"],\"@id\":\"https:\\\/\\\/vitablanca.ma\\\/produit\\\/phormax-pigment-age-collagen-filler-60-gelules\\\/\",\"url\":\"https:\\\/\\\/vitablanca.ma\\\/produit\\\/phormax-pigment-age-collagen-filler-60-gelules\\\/\",\"name\":\"Phormax Pigment Age Collagen Filler 60 Gelules - Maroc Prix\",\"isPartOf\":{\"@id\":\"https:\\\/\\\/vitablanca.ma\\\/#website\"},\"primaryImageOfPage\":{\"@id\":\"https:\\\/\\\/vitablanca.ma\\\/produit\\\/phormax-pigment-age-collagen-filler-60-gelules\\\/#primaryimage\"},\"image\":{\"@id\":\"https:\\\/\\\/vitablanca.ma\\\/produit\\\/phormax-pigment-age-collagen-filler-60-gelules\\\/#primaryimage\"},\"thumbnailUrl\":\"https:\\\/\\\/vitablanca.ma\\\/wp-content\\\/uploads\\\/2026\\\/03\\\/phormax-anti-age.jpg\",\"datePublished\":\"2026-03-08T02:13:35+00:00\",\"dateModified\":\"2026-03-08T02:26:32+00:00\",\"description\":\"Phormax Pigment Age Collagen Filler 60 g\u00e9lules est un compl\u00e9ment alimentaire qui combine collag\u00e8ne actifs anti-\u00e2ge pour am\u00e9liorer l\u2019\u00e9lasticit\u00e9 de la peau .\",\"breadcrumb\":{\"@id\":\"https:\\\/\\\/vitablanca.ma\\\/produit\\\/phormax-pigment-age-collagen-filler-60-gelules\\\/#breadcrumb\"},\"inLanguage\":\"en-US\",\"potentialAction\":[{\"@type\":\"ReadAction\",\"target\":[\"https:\\\/\\\/vitablanca.ma\\\/produit\\\/phormax-pigment-age-collagen-filler-60-gelules\\\/\"]}]},{\"@type\":\"ImageObject\",\"inLanguage\":\"en-US\",\"@id\":\"https:\\\/\\\/vitablanca.ma\\\/produit\\\/phormax-pigment-age-collagen-filler-60-gelules\\\/#primaryimage\",\"url\":\"https:\\\/\\\/vitablanca.ma\\\/wp-content\\\/uploads\\\/2026\\\/03\\\/phormax-anti-age.jpg\",\"contentUrl\":\"https:\\\/\\\/vitablanca.ma\\\/wp-content\\\/uploads\\\/2026\\\/03\\\/phormax-anti-age.jpg\",\"width\":1080,\"height\":1080},{\"@type\":\"BreadcrumbList\",\"@id\":\"https:\\\/\\\/vitablanca.ma\\\/produit\\\/phormax-pigment-age-collagen-filler-60-gelules\\\/#breadcrumb\",\"itemListElement\":[{\"@type\":\"ListItem\",\"position\":1,\"name\":\"Home\",\"item\":\"https:\\\/\\\/vitablanca.ma\\\/\"},{\"@type\":\"ListItem\",\"position\":2,\"name\":\"Tous Les Produits\",\"item\":\"https:\\\/\\\/vitablanca.ma\\\/tous-les-produits\\\/\"},{\"@type\":\"ListItem\",\"position\":3,\"name\":\"Phormax Pigment Age Collagen Filler 60 Gelules\"}]},{\"@type\":\"WebSite\",\"@id\":\"https:\\\/\\\/vitablanca.ma\\\/#website\",\"url\":\"https:\\\/\\\/vitablanca.ma\\\/\",\"name\":\"VitaBlanca.ma | Compl\u00e9ments alimentaires, sant\u00e9 & beaut\u00e9 au Maroc\",\"description\":\"vendre vitamines et compl\u00e9ments premium des USA &amp; Canada, Nouvelle Z\u00e9lande,Maroc (NOW Foods, Solgar, Manuka). Livraison rapide partout au Maroc.\",\"publisher\":{\"@id\":\"https:\\\/\\\/vitablanca.ma\\\/#organization\"},\"alternateName\":\"VitaBlanca.ma\",\"potentialAction\":[{\"@type\":\"SearchAction\",\"target\":{\"@type\":\"EntryPoint\",\"urlTemplate\":\"https:\\\/\\\/vitablanca.ma\\\/?s={search_term_string}\"},\"query-input\":{\"@type\":\"PropertyValueSpecification\",\"valueRequired\":true,\"valueName\":\"search_term_string\"}}],\"inLanguage\":\"en-US\"},{\"@type\":\"Organization\",\"@id\":\"https:\\\/\\\/vitablanca.ma\\\/#organization\",\"name\":\"VitaBlanca\",\"url\":\"https:\\\/\\\/vitablanca.ma\\\/\",\"logo\":{\"@type\":\"ImageObject\",\"inLanguage\":\"en-US\",\"@id\":\"https:\\\/\\\/vitablanca.ma\\\/#\\\/schema\\\/logo\\\/image\\\/\",\"url\":\"https:\\\/\\\/vitablanca.ma\\\/wp-content\\\/uploads\\\/2025\\\/05\\\/cropped-vitablanca.png\",\"contentUrl\":\"https:\\\/\\\/vitablanca.ma\\\/wp-content\\\/uploads\\\/2025\\\/05\\\/cropped-vitablanca.png\",\"width\":360,\"height\":67,\"caption\":\"VitaBlanca\"},\"image\":{\"@id\":\"https:\\\/\\\/vitablanca.ma\\\/#\\\/schema\\\/logo\\\/image\\\/\"},\"sameAs\":[\"https:\\\/\\\/www.facebook.com\\\/profile.php?id=61576678196717\",\"https:\\\/\\\/www.tiktok.com\\\/@vitablanca.ma\",\"https:\\\/\\\/www.instagram.com\\\/vitablanca.ma\\\/\"]}]}<\/script>\n<!-- \/ Yoast SEO plugin. -->","yoast_head_json":{"title":"Phormax Pigment Age Collagen Filler 60 Gelules - Maroc Prix","description":"Phormax Pigment Age Collagen Filler 60 g\u00e9lules est un compl\u00e9ment alimentaire qui combine collag\u00e8ne actifs anti-\u00e2ge pour am\u00e9liorer l\u2019\u00e9lasticit\u00e9 de la peau .","robots":{"index":"index","follow":"follow","max-snippet":"max-snippet:-1","max-image-preview":"max-image-preview:large","max-video-preview":"max-video-preview:-1"},"canonical":"https:\/\/vitablanca.ma\/en\/product\/phormax-pigment-age-collagen-filler-60-gelules\/","og_locale":"en_US","og_type":"article","og_title":"Phormax Pigment Age Collagen Filler 60 Gelules - Maroc Prix","og_description":"Phormax Pigment Age Collagen Filler 60 g\u00e9lules est un compl\u00e9ment alimentaire qui combine collag\u00e8ne actifs anti-\u00e2ge pour am\u00e9liorer l\u2019\u00e9lasticit\u00e9 de la peau .","og_url":"https:\/\/vitablanca.ma\/en\/product\/phormax-pigment-age-collagen-filler-60-gelules\/","og_site_name":"Vitablanca.ma &ndash; Sant&eacute;, vitalit&eacute; et bien-&ecirc;tre pour tous les Marocains","article_publisher":"https:\/\/www.facebook.com\/profile.php?id=61576678196717","article_modified_time":"2026-03-08T02:26:32+00:00","og_image":[{"width":1080,"height":1080,"url":"https:\/\/vitablanca.ma\/wp-content\/uploads\/2026\/03\/phormax-anti-age.jpg","type":"image\/jpeg"}],"twitter_card":"summary_large_image","twitter_misc":{"Est. reading time":"1 minute"},"schema":{"@context":"https:\/\/schema.org","@graph":[{"@type":["WebPage","ItemPage"],"@id":"https:\/\/vitablanca.ma\/produit\/phormax-pigment-age-collagen-filler-60-gelules\/","url":"https:\/\/vitablanca.ma\/produit\/phormax-pigment-age-collagen-filler-60-gelules\/","name":"Phormax Pigment Age Collagen Filler 60 Gelules - Maroc Prix","isPartOf":{"@id":"https:\/\/vitablanca.ma\/#website"},"primaryImageOfPage":{"@id":"https:\/\/vitablanca.ma\/produit\/phormax-pigment-age-collagen-filler-60-gelules\/#primaryimage"},"image":{"@id":"https:\/\/vitablanca.ma\/produit\/phormax-pigment-age-collagen-filler-60-gelules\/#primaryimage"},"thumbnailUrl":"https:\/\/vitablanca.ma\/wp-content\/uploads\/2026\/03\/phormax-anti-age.jpg","datePublished":"2026-03-08T02:13:35+00:00","dateModified":"2026-03-08T02:26:32+00:00","description":"Phormax Pigment Age Collagen Filler 60 g\u00e9lules est un compl\u00e9ment alimentaire qui combine collag\u00e8ne actifs anti-\u00e2ge pour am\u00e9liorer l\u2019\u00e9lasticit\u00e9 de la peau .","breadcrumb":{"@id":"https:\/\/vitablanca.ma\/produit\/phormax-pigment-age-collagen-filler-60-gelules\/#breadcrumb"},"inLanguage":"en-US","potentialAction":[{"@type":"ReadAction","target":["https:\/\/vitablanca.ma\/produit\/phormax-pigment-age-collagen-filler-60-gelules\/"]}]},{"@type":"ImageObject","inLanguage":"en-US","@id":"https:\/\/vitablanca.ma\/produit\/phormax-pigment-age-collagen-filler-60-gelules\/#primaryimage","url":"https:\/\/vitablanca.ma\/wp-content\/uploads\/2026\/03\/phormax-anti-age.jpg","contentUrl":"https:\/\/vitablanca.ma\/wp-content\/uploads\/2026\/03\/phormax-anti-age.jpg","width":1080,"height":1080},{"@type":"BreadcrumbList","@id":"https:\/\/vitablanca.ma\/produit\/phormax-pigment-age-collagen-filler-60-gelules\/#breadcrumb","itemListElement":[{"@type":"ListItem","position":1,"name":"Home","item":"https:\/\/vitablanca.ma\/"},{"@type":"ListItem","position":2,"name":"Tous Les Produits","item":"https:\/\/vitablanca.ma\/tous-les-produits\/"},{"@type":"ListItem","position":3,"name":"Phormax Pigment Age Collagen Filler 60 Gelules"}]},{"@type":"WebSite","@id":"https:\/\/vitablanca.ma\/#website","url":"https:\/\/vitablanca.ma\/","name":"VitaBlanca.ma | Food supplements, health &amp; beauty in Morocco","description":"sell premium vitamins and supplements from USA &amp; Canada, New Zealand, Morocco (NOW Foods, Solgar, Manuka). Fast delivery anywhere in Morocco.","publisher":{"@id":"https:\/\/vitablanca.ma\/#organization"},"alternateName":"VitaBlanca.ma","potentialAction":[{"@type":"SearchAction","target":{"@type":"EntryPoint","urlTemplate":"https:\/\/vitablanca.ma\/?s={search_term_string}"},"query-input":{"@type":"PropertyValueSpecification","valueRequired":true,"valueName":"search_term_string"}}],"inLanguage":"en-US"},{"@type":"Organization","@id":"https:\/\/vitablanca.ma\/#organization","name":"VitaBlanca","url":"https:\/\/vitablanca.ma\/","logo":{"@type":"ImageObject","inLanguage":"en-US","@id":"https:\/\/vitablanca.ma\/#\/schema\/logo\/image\/","url":"https:\/\/vitablanca.ma\/wp-content\/uploads\/2025\/05\/cropped-vitablanca.png","contentUrl":"https:\/\/vitablanca.ma\/wp-content\/uploads\/2025\/05\/cropped-vitablanca.png","width":360,"height":67,"caption":"VitaBlanca"},"image":{"@id":"https:\/\/vitablanca.ma\/#\/schema\/logo\/image\/"},"sameAs":["https:\/\/www.facebook.com\/profile.php?id=61576678196717","https:\/\/www.tiktok.com\/@vitablanca.ma","https:\/\/www.instagram.com\/vitablanca.ma\/"]}]}},"jetpack_sharing_enabled":true,"_links":{"self":[{"href":"https:\/\/vitablanca.ma\/en\/wp-json\/wp\/v2\/product\/33882","targetHints":{"allow":["GET"]}}],"collection":[{"href":"https:\/\/vitablanca.ma\/en\/wp-json\/wp\/v2\/product"}],"about":[{"href":"https:\/\/vitablanca.ma\/en\/wp-json\/wp\/v2\/types\/product"}],"wp:featuredmedia":[{"embeddable":true,"href":"https:\/\/vitablanca.ma\/en\/wp-json\/wp\/v2\/media\/33881"}],"wp:attachment":[{"href":"https:\/\/vitablanca.ma\/en\/wp-json\/wp\/v2\/media?parent=33882"}],"wp:term":[{"taxonomy":"product_brand","embeddable":true,"href":"https:\/\/vitablanca.ma\/en\/wp-json\/wp\/v2\/product_brand?post=33882"},{"taxonomy":"product_cat","embeddable":true,"href":"https:\/\/vitablanca.ma\/en\/wp-json\/wp\/v2\/product_cat?post=33882"},{"taxonomy":"product_tag","embeddable":true,"href":"https:\/\/vitablanca.ma\/en\/wp-json\/wp\/v2\/product_tag?post=33882"}],"curies":[{"name":"wp","href":"https:\/\/api.w.org\/{rel}","templated":true}]}}