{"id":33880,"date":"2026-03-08T01:25:28","date_gmt":"2026-03-08T01:25:28","guid":{"rendered":"https:\/\/vitablanca.ma\/produit\/phormax-pigment-clair-anti-taches-60-gelules\/"},"modified":"2026-03-08T01:54:24","modified_gmt":"2026-03-08T01:54:24","slug":"phormax-pigment-clair-anti-taches-60-gelules","status":"publish","type":"product","link":"https:\/\/vitablanca.ma\/en\/product\/phormax-pigment-clair-anti-taches-60-gelules\/","title":{"rendered":"Phormax Pigment Clair Anti Taches 60 Gelules"},"content":{"rendered":"<p>\u00a0<\/p>\n<h2>Description<\/h2>\n<p class=\"\" data-start=\"291\" data-end=\"629\"><strong data-start=\"291\" data-end=\"316\">Phormax Pigment Clair<\/strong> is a <strong data-start=\"324\" data-end=\"350\">food supplement<\/strong> formul\u00e9 pour aider \u00e0 <strong data-start=\"372\" data-end=\"419\">r\u00e9duire l\u2019apparence des taches pigmentaires<\/strong> And <strong data-start=\"423\" data-end=\"443\">unifier le teint<\/strong> de l\u2019int\u00e9rieur. Sa formule associe des <strong data-start=\"483\" data-end=\"551\">actifs antioxydants, d\u00e9pigmentants et r\u00e9gulateurs de la m\u00e9lanine<\/strong>, agissant directement sur les m\u00e9canismes responsables de l\u2019hyperpigmentation.<\/p>\n<p class=\"\" data-start=\"631\" data-end=\"652\">\u2728 Id\u00e9al en cas de :<\/p>\n<ul data-start=\"653\" data-end=\"780\">\n<li class=\"\" data-start=\"653\" data-end=\"696\">\n<p class=\"\" data-start=\"655\" data-end=\"696\">Taches brunes dues au soleil ou \u00e0 l\u2019\u00e2ge<\/p>\n<\/li>\n<li class=\"\" data-start=\"697\" data-end=\"717\">\n<p class=\"\" data-start=\"699\" data-end=\"717\">Teint irr\u00e9gulier<\/p>\n<\/li>\n<li class=\"\" data-start=\"718\" data-end=\"744\">\n<p class=\"\" data-start=\"720\" data-end=\"744\">Marques post-acn\u00e9iques<\/p>\n<\/li>\n<li class=\"\" data-start=\"745\" data-end=\"780\">\n<p class=\"\" data-start=\"747\" data-end=\"780\">Pr\u00e9vention de l\u2019hyperpigmentation<\/p>\n<\/li>\n<\/ul>\n<p class=\"\" data-start=\"782\" data-end=\"810\">\ud83d\udc8a <strong data-start=\"785\" data-end=\"808\">Main assets:<\/strong><\/p>\n<ul data-start=\"811\" data-end=\"1113\">\n<li class=\"\" data-start=\"811\" data-end=\"891\">\n<p class=\"\" data-start=\"813\" data-end=\"891\"><strong data-start=\"813\" data-end=\"829\">L-glutathion<\/strong> : antioxydant puissant qui r\u00e9gule la production de m\u00e9lanine<\/p>\n<\/li>\n<li class=\"\" data-start=\"892\" data-end=\"952\">\n<p class=\"\" data-start=\"894\" data-end=\"952\"><strong data-start=\"894\" data-end=\"908\">Vitamin C<\/strong> : \u00e9clat du teint et protection cellulaire<\/p>\n<\/li>\n<li class=\"\" data-start=\"953\" data-end=\"1052\">\n<p class=\"\" data-start=\"955\" data-end=\"1052\"><strong data-start=\"955\" data-end=\"976\">Extraits v\u00e9g\u00e9taux<\/strong> (comme la busserole ou le raisin) : propri\u00e9t\u00e9s \u00e9claircissantes naturelles<\/p>\n<\/li>\n<li class=\"\" data-start=\"1053\" data-end=\"1113\">\n<p class=\"\" data-start=\"1055\" data-end=\"1113\"><strong data-start=\"1055\" data-end=\"1074\">Zinc & S\u00e9l\u00e9nium<\/strong> : protection contre le stress oxydatif<\/p>\n<\/li>\n<\/ul>\n<p class=\"\" data-start=\"1115\" data-end=\"1140\">\ud83e\uddf4 <strong data-start=\"1118\" data-end=\"1138\">Key benefits:<\/strong><\/p>\n<ul data-start=\"1141\" data-end=\"1288\">\n<li class=\"\" data-start=\"1141\" data-end=\"1173\">\n<p class=\"\" data-start=\"1143\" data-end=\"1173\">Teint plus clair et uniforme<\/p>\n<\/li>\n<li class=\"\" data-start=\"1174\" data-end=\"1205\">\n<p class=\"\" data-start=\"1176\" data-end=\"1205\">R\u00e9duction des taches brunes<\/p>\n<\/li>\n<li class=\"\" data-start=\"1206\" data-end=\"1247\">\n<p class=\"\" data-start=\"1208\" data-end=\"1247\">Protection against free radicals<\/p>\n<\/li>\n<li class=\"\" data-start=\"1248\" data-end=\"1288\">\n<p class=\"\" data-start=\"1250\" data-end=\"1288\">Action en profondeur via la voie orale<\/p>\n<\/li>\n<\/ul>\n<p class=\"\" data-start=\"1290\" data-end=\"1372\">\ud83d\udce6 <strong data-start=\"1293\" data-end=\"1311\">Presentation :<\/strong> Bo\u00eete de 60 g\u00e9lules \u2013 Cure de 1 \u00e0 2 mois selon la posologie.<\/p>","protected":false},"excerpt":{"rendered":"<p>\u00a0 Description Phormax Pigment Clair est un compl\u00e9ment alimentaire formul\u00e9 pour aider \u00e0 r\u00e9duire l\u2019apparence des taches pigmentaires et unifier le teint de l\u2019int\u00e9rieur. Sa formule associe des actifs antioxydants, d\u00e9pigmentants et r\u00e9gulateurs de la m\u00e9lanine, agissant directement sur les m\u00e9canismes responsables de l\u2019hyperpigmentation. \u2728 Id\u00e9al en cas de : Taches brunes dues au soleil [&hellip;]<\/p>\n","protected":false},"featured_media":33879,"template":"","meta":{"om_disable_all_campaigns":false},"product_brand":[],"product_cat":[15],"product_tag":[11366,11370,11367,7891,11368,11364,11365,11372,11371,11369],"class_list":{"0":"post-33880","1":"product","2":"type-product","3":"status-publish","4":"has-post-thumbnail","6":"product_cat-beaute-sante-complements-alimentaires-soins-et-bien-etre-au-meilleur-prix","7":"product_tag-anti-taches-peau","8":"product_tag-anti-oxydant-peau","9":"product_tag-complement-alimentaire-peau","10":"product_tag-complement-beaute","11":"product_tag-gelules-anti-taches","12":"product_tag-phormax","13":"product_tag-phormax-pigment-clair","14":"product_tag-reduction-taches-pigmentaires","15":"product_tag-soin-peau-eclat","16":"product_tag-unifier-le-teint","18":"first","19":"instock","20":"taxable","21":"shipping-taxable","22":"purchasable","23":"product-type-simple"},"yoast_head":"<!-- This site is optimized with the Yoast SEO plugin v27.5 - https:\/\/yoast.com\/product\/yoast-seo-wordpress\/ -->\n<title>Phormax Pigment Clair Anti Taches 60 Gelules - Maroc Prix<\/title>\n<meta name=\"description\" content=\"Phormax Pigment Clair Anti-Taches 60 g\u00e9lules est un compl\u00e9ment alimentaire qui aide \u00e0 r\u00e9duire les taches pigmentaires, unifier le teint .\" \/>\n<meta name=\"robots\" content=\"index, follow, max-snippet:-1, max-image-preview:large, max-video-preview:-1\" \/>\n<link rel=\"canonical\" href=\"https:\/\/vitablanca.ma\/en\/product\/phormax-pigment-clair-anti-taches-60-gelules\/\" \/>\n<meta property=\"og:locale\" content=\"en_US\" \/>\n<meta property=\"og:type\" content=\"article\" \/>\n<meta property=\"og:title\" content=\"Phormax Pigment Clair Anti Taches 60 Gelules - Maroc Prix\" \/>\n<meta property=\"og:description\" content=\"Phormax Pigment Clair Anti-Taches 60 g\u00e9lules est un compl\u00e9ment alimentaire qui aide \u00e0 r\u00e9duire les taches pigmentaires, unifier le teint .\" \/>\n<meta property=\"og:url\" content=\"https:\/\/vitablanca.ma\/en\/product\/phormax-pigment-clair-anti-taches-60-gelules\/\" \/>\n<meta property=\"og:site_name\" content=\"Vitablanca.ma &ndash; Sant&eacute;, vitalit&eacute; et bien-&ecirc;tre pour tous les Marocains\" \/>\n<meta property=\"article:publisher\" content=\"https:\/\/www.facebook.com\/profile.php?id=61576678196717\" \/>\n<meta property=\"article:modified_time\" content=\"2026-03-08T01:54:24+00:00\" \/>\n<meta property=\"og:image\" content=\"https:\/\/vitablanca.ma\/wp-content\/uploads\/2026\/03\/Phormax-Pigment-Clair-Anti-Taches-60-Gelules-1.png\" \/>\n\t<meta property=\"og:image:width\" content=\"1080\" \/>\n\t<meta property=\"og:image:height\" content=\"1080\" \/>\n\t<meta property=\"og:image:type\" content=\"image\/png\" \/>\n<meta name=\"twitter:card\" content=\"summary_large_image\" \/>\n<meta name=\"twitter:label1\" content=\"Est. reading time\" \/>\n\t<meta name=\"twitter:data1\" content=\"1 minute\" \/>\n<script type=\"application\/ld+json\" class=\"yoast-schema-graph\">{\"@context\":\"https:\\\/\\\/schema.org\",\"@graph\":[{\"@type\":[\"WebPage\",\"ItemPage\"],\"@id\":\"https:\\\/\\\/vitablanca.ma\\\/produit\\\/phormax-pigment-clair-anti-taches-60-gelules\\\/\",\"url\":\"https:\\\/\\\/vitablanca.ma\\\/produit\\\/phormax-pigment-clair-anti-taches-60-gelules\\\/\",\"name\":\"Phormax Pigment Clair Anti Taches 60 Gelules - Maroc Prix\",\"isPartOf\":{\"@id\":\"https:\\\/\\\/vitablanca.ma\\\/#website\"},\"primaryImageOfPage\":{\"@id\":\"https:\\\/\\\/vitablanca.ma\\\/produit\\\/phormax-pigment-clair-anti-taches-60-gelules\\\/#primaryimage\"},\"image\":{\"@id\":\"https:\\\/\\\/vitablanca.ma\\\/produit\\\/phormax-pigment-clair-anti-taches-60-gelules\\\/#primaryimage\"},\"thumbnailUrl\":\"https:\\\/\\\/vitablanca.ma\\\/wp-content\\\/uploads\\\/2026\\\/03\\\/Phormax-Pigment-Clair-Anti-Taches-60-Gelules-1.png\",\"datePublished\":\"2026-03-08T01:25:28+00:00\",\"dateModified\":\"2026-03-08T01:54:24+00:00\",\"description\":\"Phormax Pigment Clair Anti-Taches 60 g\u00e9lules est un compl\u00e9ment alimentaire qui aide \u00e0 r\u00e9duire les taches pigmentaires, unifier le teint .\",\"breadcrumb\":{\"@id\":\"https:\\\/\\\/vitablanca.ma\\\/produit\\\/phormax-pigment-clair-anti-taches-60-gelules\\\/#breadcrumb\"},\"inLanguage\":\"en-US\",\"potentialAction\":[{\"@type\":\"ReadAction\",\"target\":[\"https:\\\/\\\/vitablanca.ma\\\/produit\\\/phormax-pigment-clair-anti-taches-60-gelules\\\/\"]}]},{\"@type\":\"ImageObject\",\"inLanguage\":\"en-US\",\"@id\":\"https:\\\/\\\/vitablanca.ma\\\/produit\\\/phormax-pigment-clair-anti-taches-60-gelules\\\/#primaryimage\",\"url\":\"https:\\\/\\\/vitablanca.ma\\\/wp-content\\\/uploads\\\/2026\\\/03\\\/Phormax-Pigment-Clair-Anti-Taches-60-Gelules-1.png\",\"contentUrl\":\"https:\\\/\\\/vitablanca.ma\\\/wp-content\\\/uploads\\\/2026\\\/03\\\/Phormax-Pigment-Clair-Anti-Taches-60-Gelules-1.png\",\"width\":1080,\"height\":1080},{\"@type\":\"BreadcrumbList\",\"@id\":\"https:\\\/\\\/vitablanca.ma\\\/produit\\\/phormax-pigment-clair-anti-taches-60-gelules\\\/#breadcrumb\",\"itemListElement\":[{\"@type\":\"ListItem\",\"position\":1,\"name\":\"Home\",\"item\":\"https:\\\/\\\/vitablanca.ma\\\/\"},{\"@type\":\"ListItem\",\"position\":2,\"name\":\"Tous Les Produits\",\"item\":\"https:\\\/\\\/vitablanca.ma\\\/tous-les-produits\\\/\"},{\"@type\":\"ListItem\",\"position\":3,\"name\":\"Phormax Pigment Clair Anti Taches 60 Gelules\"}]},{\"@type\":\"WebSite\",\"@id\":\"https:\\\/\\\/vitablanca.ma\\\/#website\",\"url\":\"https:\\\/\\\/vitablanca.ma\\\/\",\"name\":\"VitaBlanca.ma | Compl\u00e9ments alimentaires, sant\u00e9 & beaut\u00e9 au Maroc\",\"description\":\"vendre vitamines et compl\u00e9ments premium des USA &amp; Canada, Nouvelle Z\u00e9lande,Maroc (NOW Foods, Solgar, Manuka). Livraison rapide partout au Maroc.\",\"publisher\":{\"@id\":\"https:\\\/\\\/vitablanca.ma\\\/#organization\"},\"alternateName\":\"VitaBlanca.ma\",\"potentialAction\":[{\"@type\":\"SearchAction\",\"target\":{\"@type\":\"EntryPoint\",\"urlTemplate\":\"https:\\\/\\\/vitablanca.ma\\\/?s={search_term_string}\"},\"query-input\":{\"@type\":\"PropertyValueSpecification\",\"valueRequired\":true,\"valueName\":\"search_term_string\"}}],\"inLanguage\":\"en-US\"},{\"@type\":\"Organization\",\"@id\":\"https:\\\/\\\/vitablanca.ma\\\/#organization\",\"name\":\"VitaBlanca\",\"url\":\"https:\\\/\\\/vitablanca.ma\\\/\",\"logo\":{\"@type\":\"ImageObject\",\"inLanguage\":\"en-US\",\"@id\":\"https:\\\/\\\/vitablanca.ma\\\/#\\\/schema\\\/logo\\\/image\\\/\",\"url\":\"https:\\\/\\\/vitablanca.ma\\\/wp-content\\\/uploads\\\/2025\\\/05\\\/cropped-vitablanca.png\",\"contentUrl\":\"https:\\\/\\\/vitablanca.ma\\\/wp-content\\\/uploads\\\/2025\\\/05\\\/cropped-vitablanca.png\",\"width\":360,\"height\":67,\"caption\":\"VitaBlanca\"},\"image\":{\"@id\":\"https:\\\/\\\/vitablanca.ma\\\/#\\\/schema\\\/logo\\\/image\\\/\"},\"sameAs\":[\"https:\\\/\\\/www.facebook.com\\\/profile.php?id=61576678196717\",\"https:\\\/\\\/www.tiktok.com\\\/@vitablanca.ma\",\"https:\\\/\\\/www.instagram.com\\\/vitablanca.ma\\\/\"]}]}<\/script>\n<!-- \/ Yoast SEO plugin. -->","yoast_head_json":{"title":"Phormax Pigment Clair Anti Taches 60 Gelules - Maroc Prix","description":"Phormax Pigment Clair Anti-Taches 60 g\u00e9lules est un compl\u00e9ment alimentaire qui aide \u00e0 r\u00e9duire les taches pigmentaires, unifier le teint .","robots":{"index":"index","follow":"follow","max-snippet":"max-snippet:-1","max-image-preview":"max-image-preview:large","max-video-preview":"max-video-preview:-1"},"canonical":"https:\/\/vitablanca.ma\/en\/product\/phormax-pigment-clair-anti-taches-60-gelules\/","og_locale":"en_US","og_type":"article","og_title":"Phormax Pigment Clair Anti Taches 60 Gelules - Maroc Prix","og_description":"Phormax Pigment Clair Anti-Taches 60 g\u00e9lules est un compl\u00e9ment alimentaire qui aide \u00e0 r\u00e9duire les taches pigmentaires, unifier le teint .","og_url":"https:\/\/vitablanca.ma\/en\/product\/phormax-pigment-clair-anti-taches-60-gelules\/","og_site_name":"Vitablanca.ma &ndash; Sant&eacute;, vitalit&eacute; et bien-&ecirc;tre pour tous les Marocains","article_publisher":"https:\/\/www.facebook.com\/profile.php?id=61576678196717","article_modified_time":"2026-03-08T01:54:24+00:00","og_image":[{"width":1080,"height":1080,"url":"https:\/\/vitablanca.ma\/wp-content\/uploads\/2026\/03\/Phormax-Pigment-Clair-Anti-Taches-60-Gelules-1.png","type":"image\/png"}],"twitter_card":"summary_large_image","twitter_misc":{"Est. reading time":"1 minute"},"schema":{"@context":"https:\/\/schema.org","@graph":[{"@type":["WebPage","ItemPage"],"@id":"https:\/\/vitablanca.ma\/produit\/phormax-pigment-clair-anti-taches-60-gelules\/","url":"https:\/\/vitablanca.ma\/produit\/phormax-pigment-clair-anti-taches-60-gelules\/","name":"Phormax Pigment Clair Anti Taches 60 Gelules - Maroc Prix","isPartOf":{"@id":"https:\/\/vitablanca.ma\/#website"},"primaryImageOfPage":{"@id":"https:\/\/vitablanca.ma\/produit\/phormax-pigment-clair-anti-taches-60-gelules\/#primaryimage"},"image":{"@id":"https:\/\/vitablanca.ma\/produit\/phormax-pigment-clair-anti-taches-60-gelules\/#primaryimage"},"thumbnailUrl":"https:\/\/vitablanca.ma\/wp-content\/uploads\/2026\/03\/Phormax-Pigment-Clair-Anti-Taches-60-Gelules-1.png","datePublished":"2026-03-08T01:25:28+00:00","dateModified":"2026-03-08T01:54:24+00:00","description":"Phormax Pigment Clair Anti-Taches 60 g\u00e9lules est un compl\u00e9ment alimentaire qui aide \u00e0 r\u00e9duire les taches pigmentaires, unifier le teint .","breadcrumb":{"@id":"https:\/\/vitablanca.ma\/produit\/phormax-pigment-clair-anti-taches-60-gelules\/#breadcrumb"},"inLanguage":"en-US","potentialAction":[{"@type":"ReadAction","target":["https:\/\/vitablanca.ma\/produit\/phormax-pigment-clair-anti-taches-60-gelules\/"]}]},{"@type":"ImageObject","inLanguage":"en-US","@id":"https:\/\/vitablanca.ma\/produit\/phormax-pigment-clair-anti-taches-60-gelules\/#primaryimage","url":"https:\/\/vitablanca.ma\/wp-content\/uploads\/2026\/03\/Phormax-Pigment-Clair-Anti-Taches-60-Gelules-1.png","contentUrl":"https:\/\/vitablanca.ma\/wp-content\/uploads\/2026\/03\/Phormax-Pigment-Clair-Anti-Taches-60-Gelules-1.png","width":1080,"height":1080},{"@type":"BreadcrumbList","@id":"https:\/\/vitablanca.ma\/produit\/phormax-pigment-clair-anti-taches-60-gelules\/#breadcrumb","itemListElement":[{"@type":"ListItem","position":1,"name":"Home","item":"https:\/\/vitablanca.ma\/"},{"@type":"ListItem","position":2,"name":"Tous Les Produits","item":"https:\/\/vitablanca.ma\/tous-les-produits\/"},{"@type":"ListItem","position":3,"name":"Phormax Pigment Clair Anti Taches 60 Gelules"}]},{"@type":"WebSite","@id":"https:\/\/vitablanca.ma\/#website","url":"https:\/\/vitablanca.ma\/","name":"VitaBlanca.ma | Food supplements, health &amp; beauty in Morocco","description":"sell premium vitamins and supplements from USA &amp; Canada, New Zealand, Morocco (NOW Foods, Solgar, Manuka). Fast delivery anywhere in Morocco.","publisher":{"@id":"https:\/\/vitablanca.ma\/#organization"},"alternateName":"VitaBlanca.ma","potentialAction":[{"@type":"SearchAction","target":{"@type":"EntryPoint","urlTemplate":"https:\/\/vitablanca.ma\/?s={search_term_string}"},"query-input":{"@type":"PropertyValueSpecification","valueRequired":true,"valueName":"search_term_string"}}],"inLanguage":"en-US"},{"@type":"Organization","@id":"https:\/\/vitablanca.ma\/#organization","name":"VitaBlanca","url":"https:\/\/vitablanca.ma\/","logo":{"@type":"ImageObject","inLanguage":"en-US","@id":"https:\/\/vitablanca.ma\/#\/schema\/logo\/image\/","url":"https:\/\/vitablanca.ma\/wp-content\/uploads\/2025\/05\/cropped-vitablanca.png","contentUrl":"https:\/\/vitablanca.ma\/wp-content\/uploads\/2025\/05\/cropped-vitablanca.png","width":360,"height":67,"caption":"VitaBlanca"},"image":{"@id":"https:\/\/vitablanca.ma\/#\/schema\/logo\/image\/"},"sameAs":["https:\/\/www.facebook.com\/profile.php?id=61576678196717","https:\/\/www.tiktok.com\/@vitablanca.ma","https:\/\/www.instagram.com\/vitablanca.ma\/"]}]}},"jetpack_sharing_enabled":true,"_links":{"self":[{"href":"https:\/\/vitablanca.ma\/en\/wp-json\/wp\/v2\/product\/33880","targetHints":{"allow":["GET"]}}],"collection":[{"href":"https:\/\/vitablanca.ma\/en\/wp-json\/wp\/v2\/product"}],"about":[{"href":"https:\/\/vitablanca.ma\/en\/wp-json\/wp\/v2\/types\/product"}],"wp:featuredmedia":[{"embeddable":true,"href":"https:\/\/vitablanca.ma\/en\/wp-json\/wp\/v2\/media\/33879"}],"wp:attachment":[{"href":"https:\/\/vitablanca.ma\/en\/wp-json\/wp\/v2\/media?parent=33880"}],"wp:term":[{"taxonomy":"product_brand","embeddable":true,"href":"https:\/\/vitablanca.ma\/en\/wp-json\/wp\/v2\/product_brand?post=33880"},{"taxonomy":"product_cat","embeddable":true,"href":"https:\/\/vitablanca.ma\/en\/wp-json\/wp\/v2\/product_cat?post=33880"},{"taxonomy":"product_tag","embeddable":true,"href":"https:\/\/vitablanca.ma\/en\/wp-json\/wp\/v2\/product_tag?post=33880"}],"curies":[{"name":"wp","href":"https:\/\/api.w.org\/{rel}","templated":true}]}}