{"id":33848,"date":"2026-03-06T22:56:21","date_gmt":"2026-03-06T22:56:21","guid":{"rendered":"https:\/\/vitablanca.ma\/?post_type=product&#038;p=33848"},"modified":"2026-04-19T17:46:29","modified_gmt":"2026-04-19T17:46:29","slug":"minoxidil-5-kirkland-signature-5-bouteilles-de-60ml","status":"publish","type":"product","link":"https:\/\/vitablanca.ma\/en\/product\/minoxidil-5-kirkland-signature-5-bouteilles-de-60ml\/","title":{"rendered":"MINOXIDIL 5% Kirkland Signature &#8211; 5 Bouteilles de 60ml &#8211; 5 mois"},"content":{"rendered":"<p><strong>MINOXIDIL 5% Kirkland Signature \u2013 5 Bouteilles de 60ml \u2013 Traitement de 5 mois\u00a0<\/strong><\/p>\n<p>Six mois de traitement (60ml x 5)<\/p>\n<ul>\n<li><strong>Minoxidil 5%:<\/strong>\u00a0formule sp\u00e9cialement con\u00e7ue pour les hommes<\/li>\n<li>G\u00e8le la perte de cheveux h\u00e9r\u00e9ditaire chez les hommes<\/li>\n<\/ul>\n<p>THE<strong>\u00a0Minoxidil\u00a0<\/strong>est un vasodilatateur et \u00e9tait \u00e0 l\u2019origine utilis\u00e9 exclusivement comme m\u00e9dicament oral pour traiter l\u2019hypertension art\u00e9rielle. Entre autres choses, il a \u00e9t\u00e9 d\u00e9couvert qu\u2019il a un effet secondaire int\u00e9ressant pour le d\u00e9veloppement de la croissance des cheveux et pour arr\u00eater le d\u00e9veloppement de la calvitie. \u00c0 l\u2019\u00e9chelle mondiale, plus de 5 millions d\u2019adultes ont utilis\u00e9 le minoxidil. Dans une enqu\u00eate aupr\u00e8s de 7 000 utilisateurs, 80% d\u2019entre eux ont d\u00e9clar\u00e9 que cela avait stimul\u00e9 la croissance des cheveux.<\/p>\n<p>Le minoxidil stimule les follicules pileux et les fait passer du stade de repos au stade de croissance. Les chercheurs pensent qu\u2019il stimule la circulation sanguine vers les cellules du cuir chevelu responsables de la pousse des cheveux, ou qu\u2019il pourrait augmenter le nombre de ces cellules.<\/p>\n<p>L\u2019utilisation quotidienne de Minoxidil pr\u00e9vient, en l\u2019espace de 4 mois, la chute h\u00e9r\u00e9ditaire des cheveux chez 4 hommes sur 5. Apr\u00e8s 12 mois d\u2019utilisation, une repousse moyenne ou forte est observ\u00e9e chez 50% des utilisateurs.<\/p>\n<p><strong>Mode d\u2019action:<\/strong><\/p>\n<p><strong>MINOXIDIL 5%\u00a0<\/strong>stimule la croissance des cheveux et stabilise le ph\u00e9nom\u00e8ne de chute en dilatant les vaisseaux sanguins superficiels de la t\u00eate.<\/p>\n<p>Aux \u00c9tats-Unis, les traitements recommandent g\u00e9n\u00e9ralement une concentration de 5% de solution con\u00e7ue pour les hommes, tandis que les solutions avec une concentration de 2% sont con\u00e7ues pour les femmes.<\/p>","protected":false},"excerpt":{"rendered":"<p>MINOXIDIL 5% Kirkland Signature \u2013 5 Bouteilles de 60ml \u2013 Traitement de 5 mois\u00a0 Six mois de traitement (60ml x 5) Minoxidil 5%:\u00a0formule sp\u00e9cialement con\u00e7ue pour les hommes G\u00e8le la perte de cheveux h\u00e9r\u00e9ditaire chez les hommes Le\u00a0Minoxidil\u00a0est un vasodilatateur et \u00e9tait \u00e0 l\u2019origine utilis\u00e9 exclusivement comme m\u00e9dicament oral pour traiter l\u2019hypertension art\u00e9rielle. Entre autres [&hellip;]<\/p>\n","protected":false},"featured_media":33849,"template":"","meta":[],"product_brand":[3441],"product_cat":[18,15],"product_tag":[11208,11210,5718,5720,12176,5721,5723,5716,6242,11209,5715,11211,11200,5722],"class_list":{"0":"post-33848","1":"product","2":"type-product","3":"status-publish","4":"has-post-thumbnail","6":"product_brand-kirkland","7":"product_cat-beaute-sante","8":"product_cat-beaute-sante-complements-alimentaires-soins-et-bien-etre-au-meilleur-prix","9":"product_tag-anti-calvitie-maroc","10":"product_tag-chute-cheveux-solution","11":"product_tag-densite-capillaire-homme","12":"product_tag-kirkland-minoxidil-maroc","13":"product_tag-kirkland-minoxidil-maroc-vitablanca","14":"product_tag-minoxidil-5-homme","15":"product_tag-repousse-cheveux-homme","16":"product_tag-repousse-cheveux-minoxidil","17":"product_tag-soin-cuir-chevelu","18":"product_tag-solution-minoxidil-kirkland","19":"product_tag-traitement-alopecie-homme","20":"product_tag-traitement-alopecie-homme-maroc","21":"product_tag-traitement-calvitie-homme-maroc","22":"product_tag-traitement-chute-cheveux-maroc","24":"first","25":"instock","26":"sale","27":"taxable","28":"shipping-taxable","29":"purchasable","30":"product-type-simple"},"yoast_head":"<!-- This site is optimized with the Yoast SEO plugin v27.6 - https:\/\/yoast.com\/product\/yoast-seo-wordpress\/ -->\n<title>MINOXIDIL 5% Kirkland 5 Bouteilles de 60ml 5 Mois - Maroc Prix<\/title>\n<meta name=\"description\" content=\"Minoxidil 5% Homme Kirkland au Maroc traitement 5 mois contre la chute de cheveux. Stimule la repousse et renforce les follicules capillaires.\" \/>\n<meta name=\"robots\" content=\"index, follow, max-snippet:-1, max-image-preview:large, max-video-preview:-1\" \/>\n<link rel=\"canonical\" href=\"https:\/\/vitablanca.ma\/en\/product\/minoxidil-5-kirkland-signature-5-bouteilles-de-60ml\/\" \/>\n<meta property=\"og:locale\" content=\"en_US\" \/>\n<meta property=\"og:type\" content=\"article\" \/>\n<meta property=\"og:title\" content=\"MINOXIDIL 5% Kirkland 5 Bouteilles de 60ml 5 Mois - Maroc Prix\" \/>\n<meta property=\"og:description\" content=\"Minoxidil 5% Homme Kirkland au Maroc traitement 5 mois contre la chute de cheveux. Stimule la repousse et renforce les follicules capillaires.\" \/>\n<meta property=\"og:url\" content=\"https:\/\/vitablanca.ma\/en\/product\/minoxidil-5-kirkland-signature-5-bouteilles-de-60ml\/\" \/>\n<meta property=\"og:site_name\" content=\"Vitablanca.ma &ndash; Sant&eacute;, vitalit&eacute; et bien-&ecirc;tre pour tous les Marocains\" \/>\n<meta property=\"article:publisher\" content=\"https:\/\/www.facebook.com\/profile.php?id=61576678196717\" \/>\n<meta property=\"article:modified_time\" content=\"2026-04-19T17:46:29+00:00\" \/>\n<meta property=\"og:image\" content=\"https:\/\/vitablanca.ma\/wp-content\/uploads\/2026\/03\/kirkland-minoxidil-au-Maroc.webp\" \/>\n\t<meta property=\"og:image:width\" content=\"960\" \/>\n\t<meta property=\"og:image:height\" content=\"1088\" \/>\n\t<meta property=\"og:image:type\" content=\"image\/webp\" \/>\n<meta name=\"twitter:card\" content=\"summary_large_image\" \/>\n<meta name=\"twitter:label1\" content=\"Est. reading time\" \/>\n\t<meta name=\"twitter:data1\" content=\"2 minutes\" \/>\n<script type=\"application\/ld+json\" class=\"yoast-schema-graph\">{\"@context\":\"https:\\\/\\\/schema.org\",\"@graph\":[{\"@type\":[\"WebPage\",\"ItemPage\"],\"@id\":\"https:\\\/\\\/vitablanca.ma\\\/produit\\\/minoxidil-5-kirkland-signature-5-bouteilles-de-60ml\\\/\",\"url\":\"https:\\\/\\\/vitablanca.ma\\\/produit\\\/minoxidil-5-kirkland-signature-5-bouteilles-de-60ml\\\/\",\"name\":\"MINOXIDIL 5% Kirkland 5 Bouteilles de 60ml 5 Mois - Maroc Prix\",\"isPartOf\":{\"@id\":\"https:\\\/\\\/vitablanca.ma\\\/#website\"},\"primaryImageOfPage\":{\"@id\":\"https:\\\/\\\/vitablanca.ma\\\/produit\\\/minoxidil-5-kirkland-signature-5-bouteilles-de-60ml\\\/#primaryimage\"},\"image\":{\"@id\":\"https:\\\/\\\/vitablanca.ma\\\/produit\\\/minoxidil-5-kirkland-signature-5-bouteilles-de-60ml\\\/#primaryimage\"},\"thumbnailUrl\":\"https:\\\/\\\/vitablanca.ma\\\/wp-content\\\/uploads\\\/2026\\\/03\\\/kirkland-minoxidil-au-Maroc.webp\",\"datePublished\":\"2026-03-06T22:56:21+00:00\",\"dateModified\":\"2026-04-19T17:46:29+00:00\",\"description\":\"Minoxidil 5% Homme Kirkland au Maroc traitement 5 mois contre la chute de cheveux. Stimule la repousse et renforce les follicules capillaires.\",\"breadcrumb\":{\"@id\":\"https:\\\/\\\/vitablanca.ma\\\/produit\\\/minoxidil-5-kirkland-signature-5-bouteilles-de-60ml\\\/#breadcrumb\"},\"inLanguage\":\"en-US\",\"potentialAction\":[{\"@type\":\"ReadAction\",\"target\":[\"https:\\\/\\\/vitablanca.ma\\\/produit\\\/minoxidil-5-kirkland-signature-5-bouteilles-de-60ml\\\/\"]}]},{\"@type\":\"ImageObject\",\"inLanguage\":\"en-US\",\"@id\":\"https:\\\/\\\/vitablanca.ma\\\/produit\\\/minoxidil-5-kirkland-signature-5-bouteilles-de-60ml\\\/#primaryimage\",\"url\":\"https:\\\/\\\/vitablanca.ma\\\/wp-content\\\/uploads\\\/2026\\\/03\\\/kirkland-minoxidil-au-Maroc.webp\",\"contentUrl\":\"https:\\\/\\\/vitablanca.ma\\\/wp-content\\\/uploads\\\/2026\\\/03\\\/kirkland-minoxidil-au-Maroc.webp\",\"width\":960,\"height\":1088},{\"@type\":\"BreadcrumbList\",\"@id\":\"https:\\\/\\\/vitablanca.ma\\\/produit\\\/minoxidil-5-kirkland-signature-5-bouteilles-de-60ml\\\/#breadcrumb\",\"itemListElement\":[{\"@type\":\"ListItem\",\"position\":1,\"name\":\"Home\",\"item\":\"https:\\\/\\\/vitablanca.ma\\\/\"},{\"@type\":\"ListItem\",\"position\":2,\"name\":\"Tous Les Produits\",\"item\":\"https:\\\/\\\/vitablanca.ma\\\/tous-les-produits\\\/\"},{\"@type\":\"ListItem\",\"position\":3,\"name\":\"MINOXIDIL 5% Kirkland Signature &#8211; 5 Bouteilles de 60ml &#8211; 5 mois\"}]},{\"@type\":\"WebSite\",\"@id\":\"https:\\\/\\\/vitablanca.ma\\\/#website\",\"url\":\"https:\\\/\\\/vitablanca.ma\\\/\",\"name\":\"VitaBlanca.ma | Compl\u00e9ments alimentaires, sant\u00e9 & beaut\u00e9 au Maroc\",\"description\":\"vendre vitamines et compl\u00e9ments premium des USA &amp; Canada, Nouvelle Z\u00e9lande,Maroc (NOW Foods, Solgar, Manuka). Livraison rapide partout au Maroc.\",\"publisher\":{\"@id\":\"https:\\\/\\\/vitablanca.ma\\\/#organization\"},\"alternateName\":\"VitaBlanca.ma\",\"potentialAction\":[{\"@type\":\"SearchAction\",\"target\":{\"@type\":\"EntryPoint\",\"urlTemplate\":\"https:\\\/\\\/vitablanca.ma\\\/?s={search_term_string}\"},\"query-input\":{\"@type\":\"PropertyValueSpecification\",\"valueRequired\":true,\"valueName\":\"search_term_string\"}}],\"inLanguage\":\"en-US\"},{\"@type\":\"Organization\",\"@id\":\"https:\\\/\\\/vitablanca.ma\\\/#organization\",\"name\":\"VitaBlanca\",\"url\":\"https:\\\/\\\/vitablanca.ma\\\/\",\"logo\":{\"@type\":\"ImageObject\",\"inLanguage\":\"en-US\",\"@id\":\"https:\\\/\\\/vitablanca.ma\\\/#\\\/schema\\\/logo\\\/image\\\/\",\"url\":\"https:\\\/\\\/vitablanca.ma\\\/wp-content\\\/uploads\\\/2025\\\/05\\\/cropped-vitablanca.png\",\"contentUrl\":\"https:\\\/\\\/vitablanca.ma\\\/wp-content\\\/uploads\\\/2025\\\/05\\\/cropped-vitablanca.png\",\"width\":360,\"height\":67,\"caption\":\"VitaBlanca\"},\"image\":{\"@id\":\"https:\\\/\\\/vitablanca.ma\\\/#\\\/schema\\\/logo\\\/image\\\/\"},\"sameAs\":[\"https:\\\/\\\/www.facebook.com\\\/profile.php?id=61576678196717\",\"https:\\\/\\\/www.tiktok.com\\\/@vitablanca.ma\",\"https:\\\/\\\/www.instagram.com\\\/vitablanca.ma\\\/\"]}]}<\/script>\n<!-- \/ Yoast SEO plugin. -->","yoast_head_json":{"title":"MINOXIDIL 5% Kirkland 5 Bouteilles de 60ml 5 Mois - Maroc Prix","description":"Minoxidil 5% Homme Kirkland au Maroc traitement 5 mois contre la chute de cheveux. Stimule la repousse et renforce les follicules capillaires.","robots":{"index":"index","follow":"follow","max-snippet":"max-snippet:-1","max-image-preview":"max-image-preview:large","max-video-preview":"max-video-preview:-1"},"canonical":"https:\/\/vitablanca.ma\/en\/product\/minoxidil-5-kirkland-signature-5-bouteilles-de-60ml\/","og_locale":"en_US","og_type":"article","og_title":"MINOXIDIL 5% Kirkland 5 Bouteilles de 60ml 5 Mois - Maroc Prix","og_description":"Minoxidil 5% Homme Kirkland au Maroc traitement 5 mois contre la chute de cheveux. Stimule la repousse et renforce les follicules capillaires.","og_url":"https:\/\/vitablanca.ma\/en\/product\/minoxidil-5-kirkland-signature-5-bouteilles-de-60ml\/","og_site_name":"Vitablanca.ma &ndash; Sant&eacute;, vitalit&eacute; et bien-&ecirc;tre pour tous les Marocains","article_publisher":"https:\/\/www.facebook.com\/profile.php?id=61576678196717","article_modified_time":"2026-04-19T17:46:29+00:00","og_image":[{"width":960,"height":1088,"url":"https:\/\/vitablanca.ma\/wp-content\/uploads\/2026\/03\/kirkland-minoxidil-au-Maroc.webp","type":"image\/webp"}],"twitter_card":"summary_large_image","twitter_misc":{"Est. reading time":"2 minutes"},"schema":{"@context":"https:\/\/schema.org","@graph":[{"@type":["WebPage","ItemPage"],"@id":"https:\/\/vitablanca.ma\/produit\/minoxidil-5-kirkland-signature-5-bouteilles-de-60ml\/","url":"https:\/\/vitablanca.ma\/produit\/minoxidil-5-kirkland-signature-5-bouteilles-de-60ml\/","name":"MINOXIDIL 5% Kirkland 5 Bouteilles de 60ml 5 Mois - Maroc Prix","isPartOf":{"@id":"https:\/\/vitablanca.ma\/#website"},"primaryImageOfPage":{"@id":"https:\/\/vitablanca.ma\/produit\/minoxidil-5-kirkland-signature-5-bouteilles-de-60ml\/#primaryimage"},"image":{"@id":"https:\/\/vitablanca.ma\/produit\/minoxidil-5-kirkland-signature-5-bouteilles-de-60ml\/#primaryimage"},"thumbnailUrl":"https:\/\/vitablanca.ma\/wp-content\/uploads\/2026\/03\/kirkland-minoxidil-au-Maroc.webp","datePublished":"2026-03-06T22:56:21+00:00","dateModified":"2026-04-19T17:46:29+00:00","description":"Minoxidil 5% Homme Kirkland au Maroc traitement 5 mois contre la chute de cheveux. Stimule la repousse et renforce les follicules capillaires.","breadcrumb":{"@id":"https:\/\/vitablanca.ma\/produit\/minoxidil-5-kirkland-signature-5-bouteilles-de-60ml\/#breadcrumb"},"inLanguage":"en-US","potentialAction":[{"@type":"ReadAction","target":["https:\/\/vitablanca.ma\/produit\/minoxidil-5-kirkland-signature-5-bouteilles-de-60ml\/"]}]},{"@type":"ImageObject","inLanguage":"en-US","@id":"https:\/\/vitablanca.ma\/produit\/minoxidil-5-kirkland-signature-5-bouteilles-de-60ml\/#primaryimage","url":"https:\/\/vitablanca.ma\/wp-content\/uploads\/2026\/03\/kirkland-minoxidil-au-Maroc.webp","contentUrl":"https:\/\/vitablanca.ma\/wp-content\/uploads\/2026\/03\/kirkland-minoxidil-au-Maroc.webp","width":960,"height":1088},{"@type":"BreadcrumbList","@id":"https:\/\/vitablanca.ma\/produit\/minoxidil-5-kirkland-signature-5-bouteilles-de-60ml\/#breadcrumb","itemListElement":[{"@type":"ListItem","position":1,"name":"Home","item":"https:\/\/vitablanca.ma\/"},{"@type":"ListItem","position":2,"name":"Tous Les Produits","item":"https:\/\/vitablanca.ma\/tous-les-produits\/"},{"@type":"ListItem","position":3,"name":"MINOXIDIL 5% Kirkland Signature &#8211; 5 Bouteilles de 60ml &#8211; 5 mois"}]},{"@type":"WebSite","@id":"https:\/\/vitablanca.ma\/#website","url":"https:\/\/vitablanca.ma\/","name":"VitaBlanca.ma | Food supplements, health &amp; beauty in Morocco","description":"sell premium vitamins and supplements from USA &amp; Canada, New Zealand, Morocco (NOW Foods, Solgar, Manuka). Fast delivery anywhere in Morocco.","publisher":{"@id":"https:\/\/vitablanca.ma\/#organization"},"alternateName":"VitaBlanca.ma","potentialAction":[{"@type":"SearchAction","target":{"@type":"EntryPoint","urlTemplate":"https:\/\/vitablanca.ma\/?s={search_term_string}"},"query-input":{"@type":"PropertyValueSpecification","valueRequired":true,"valueName":"search_term_string"}}],"inLanguage":"en-US"},{"@type":"Organization","@id":"https:\/\/vitablanca.ma\/#organization","name":"VitaBlanca","url":"https:\/\/vitablanca.ma\/","logo":{"@type":"ImageObject","inLanguage":"en-US","@id":"https:\/\/vitablanca.ma\/#\/schema\/logo\/image\/","url":"https:\/\/vitablanca.ma\/wp-content\/uploads\/2025\/05\/cropped-vitablanca.png","contentUrl":"https:\/\/vitablanca.ma\/wp-content\/uploads\/2025\/05\/cropped-vitablanca.png","width":360,"height":67,"caption":"VitaBlanca"},"image":{"@id":"https:\/\/vitablanca.ma\/#\/schema\/logo\/image\/"},"sameAs":["https:\/\/www.facebook.com\/profile.php?id=61576678196717","https:\/\/www.tiktok.com\/@vitablanca.ma","https:\/\/www.instagram.com\/vitablanca.ma\/"]}]}},"jetpack_sharing_enabled":true,"_links":{"self":[{"href":"https:\/\/vitablanca.ma\/en\/wp-json\/wp\/v2\/product\/33848","targetHints":{"allow":["GET"]}}],"collection":[{"href":"https:\/\/vitablanca.ma\/en\/wp-json\/wp\/v2\/product"}],"about":[{"href":"https:\/\/vitablanca.ma\/en\/wp-json\/wp\/v2\/types\/product"}],"wp:featuredmedia":[{"embeddable":true,"href":"https:\/\/vitablanca.ma\/en\/wp-json\/wp\/v2\/media\/33849"}],"wp:attachment":[{"href":"https:\/\/vitablanca.ma\/en\/wp-json\/wp\/v2\/media?parent=33848"}],"wp:term":[{"taxonomy":"product_brand","embeddable":true,"href":"https:\/\/vitablanca.ma\/en\/wp-json\/wp\/v2\/product_brand?post=33848"},{"taxonomy":"product_cat","embeddable":true,"href":"https:\/\/vitablanca.ma\/en\/wp-json\/wp\/v2\/product_cat?post=33848"},{"taxonomy":"product_tag","embeddable":true,"href":"https:\/\/vitablanca.ma\/en\/wp-json\/wp\/v2\/product_tag?post=33848"}],"curies":[{"name":"wp","href":"https:\/\/api.w.org\/{rel}","templated":true}]}}