{"id":33836,"date":"2026-03-06T22:03:14","date_gmt":"2026-03-06T22:03:14","guid":{"rendered":"https:\/\/vitablanca.ma\/produit\/produit\/"},"modified":"2026-05-01T10:44:19","modified_gmt":"2026-05-01T10:44:19","slug":"pack-kirkland-minoxidil-5-6-mois-derma-roller","status":"publish","type":"product","link":"https:\/\/vitablanca.ma\/en\/product\/pack-kirkland-minoxidil-5-6-mois-derma-roller\/","title":{"rendered":"Kirkland Minoxidil 5% Homme Traitement Repousse Cheveux 6 Mois + Derma Roller"},"content":{"rendered":"<p data-start=\"1053\" data-end=\"1345\">THE <strong data-start=\"1056\" data-end=\"1102\">Kirkland Minoxidil 5% Homme + Derma Roller<\/strong> est une solution efficace pour les hommes souhaitant lutter contre la <strong data-start=\"1173\" data-end=\"1218\">chute de cheveux et la calvitie d\u00e9butante<\/strong>. Ce pack combine un traitement capillaire reconnu avec un outil de stimulation du cuir chevelu afin d\u2019optimiser les r\u00e9sultats.<\/p>\n<p data-start=\"1347\" data-end=\"1580\">THE <strong data-start=\"1350\" data-end=\"1367\">Minoxidil 5 %<\/strong> agit directement sur les follicules pileux pour prolonger la phase de croissance du cheveu et favoriser la repousse. Utilis\u00e9 r\u00e9guli\u00e8rement, il contribue \u00e0 <strong data-start=\"1523\" data-end=\"1579\">ralentir la chute et am\u00e9liorer la densit\u00e9 capillaire<\/strong>.<\/p>\n<p data-start=\"1582\" data-end=\"1878\">THE <strong data-start=\"1585\" data-end=\"1601\">Derma Roller<\/strong> compl\u00e8te ce traitement en utilisant la technique du <strong data-start=\"1654\" data-end=\"1671\">microneedling<\/strong>, qui stimule la circulation sanguine du cuir chevelu et am\u00e9liore l\u2019absorption du minoxidil. Cette combinaison permet d\u2019obtenir des r\u00e9sultats plus visibles et d\u2019optimiser la sant\u00e9 des follicules capillaires.<\/p>\n<p data-start=\"1880\" data-end=\"2031\">Ce pack <strong data-start=\"1888\" data-end=\"1898\">6 mois<\/strong> est id\u00e9al pour suivre une cure compl\u00e8te et constater progressivement une am\u00e9lioration de la densit\u00e9 et de la croissance des cheveux.<\/p>\n<h3 data-section-id=\"y4jqt8\" data-start=\"2038\" data-end=\"2066\"><strong data-start=\"2042\" data-end=\"2066\">Principaux Bienfaits<\/strong><\/h3>\n<ul data-start=\"2067\" data-end=\"2273\">\n<li data-section-id=\"13jbtk0\" data-start=\"2067\" data-end=\"2102\">\n<p data-start=\"2069\" data-end=\"2102\">Stimule la repousse des cheveux<\/p>\n<\/li>\n<li data-section-id=\"1ac988j\" data-start=\"2103\" data-end=\"2135\">\n<p data-start=\"2105\" data-end=\"2135\">Ralentit la chute capillaire<\/p>\n<\/li>\n<li data-section-id=\"1k1la68\" data-start=\"2136\" data-end=\"2186\">\n<p data-start=\"2138\" data-end=\"2186\">Am\u00e9liore la densit\u00e9 et l\u2019\u00e9paisseur des cheveux<\/p>\n<\/li>\n<li data-section-id=\"bp41jn\" data-start=\"2187\" data-end=\"2226\">\n<p data-start=\"2189\" data-end=\"2226\">Favorise l\u2019absorption du traitement<\/p>\n<\/li>\n<li data-section-id=\"wu97as\" data-start=\"2227\" data-end=\"2273\">\n<p data-start=\"2229\" data-end=\"2273\">Active la microcirculation du cuir chevelu<\/p>\n<\/li>\n<\/ul>\n<h3 data-section-id=\"1emgufm\" data-start=\"2280\" data-end=\"2339\"><strong data-start=\"2284\" data-end=\"2339\">Pourquoi choisir ce pack Minoxidil + Derma Roller ?<\/strong><\/h3>\n<ul data-start=\"2340\" data-end=\"2553\">\n<li data-section-id=\"we6ye1\" data-start=\"2340\" data-end=\"2373\">\n<p data-start=\"2342\" data-end=\"2373\">Traitement complet anti-chute<\/p>\n<\/li>\n<li data-section-id=\"ynwr0x\" data-start=\"2374\" data-end=\"2412\">\n<p data-start=\"2376\" data-end=\"2412\">Minoxidil 5 % cliniquement reconnu<\/p>\n<\/li>\n<li data-section-id=\"weii21\" data-start=\"2413\" data-end=\"2470\">\n<p data-start=\"2415\" data-end=\"2470\">Derma Roller pour stimuler les follicules capillaires<\/p>\n<\/li>\n<li data-section-id=\"owovii\" data-start=\"2471\" data-end=\"2520\">\n<p data-start=\"2473\" data-end=\"2520\">Pack \u00e9conomique pour <strong data-start=\"2494\" data-end=\"2518\">6 mois de traitement<\/strong><\/p>\n<\/li>\n<li data-section-id=\"88rqrt\" data-start=\"2521\" data-end=\"2553\">\n<p data-start=\"2523\" data-end=\"2553\">Facile \u00e0 utiliser \u00e0 domicile<\/p>\n<\/li>\n<\/ul>\n<h3 data-section-id=\"1l5j77e\" data-start=\"2560\" data-end=\"2590\"><strong data-start=\"2564\" data-end=\"2590\">Directions for use<\/strong><\/h3>\n<p data-start=\"2591\" data-end=\"2829\">Apply <strong data-start=\"2601\" data-end=\"2636\">le minoxidil deux fois par jour<\/strong> sur le cuir chevelu sec dans les zones concern\u00e9es.<br data-start=\"2687\" data-end=\"2690\" \/>Utiliser le <strong data-start=\"2702\" data-end=\"2741\">Derma Roller 1 \u00e0 2 fois par semaine<\/strong> sur les zones touch\u00e9es pour stimuler le cuir chevelu avant l\u2019application du traitement.<\/p>","protected":false},"excerpt":{"rendered":"<p>Le Kirkland Minoxidil 5% Homme + Derma Roller est une solution efficace pour les hommes souhaitant lutter contre la chute de cheveux et la calvitie d\u00e9butante. Ce pack combine un traitement capillaire reconnu avec un outil de stimulation du cuir chevelu afin d\u2019optimiser les r\u00e9sultats. Le Minoxidil 5 % agit directement sur les follicules pileux [&hellip;]<\/p>\n","protected":false},"featured_media":33835,"template":"","meta":[],"product_brand":[3441],"product_cat":[15],"product_tag":[11199,11206,5720,11205,11207,5723,5722],"class_list":{"0":"post-33836","1":"product","2":"type-product","3":"status-publish","4":"has-post-thumbnail","6":"product_brand-kirkland","7":"product_cat-beaute-sante-complements-alimentaires-soins-et-bien-etre-au-meilleur-prix","8":"product_tag-anti-calvitie-homme","9":"product_tag-derma-roller-cheveux-maroc","10":"product_tag-kirkland-minoxidil-maroc","11":"product_tag-minoxidil-5-homme-maroc","12":"product_tag-minoxidil-kirkland-original","13":"product_tag-repousse-cheveux-homme","14":"product_tag-traitement-chute-cheveux-maroc","16":"first","17":"instock","18":"sale","19":"taxable","20":"shipping-taxable","21":"purchasable","22":"product-type-simple"},"yoast_head":"<!-- This site is optimized with the Yoast SEO plugin v27.6 - https:\/\/yoast.com\/product\/yoast-seo-wordpress\/ -->\n<title>Kirkland Minoxidil 5% Homme 6 Mois + Derma Roller - Maroc Prix<\/title>\n<meta name=\"description\" content=\"Kirkland Minoxidil 5% Homme + Derma Roller \u2013 traitement 6 mois pour stimuler la repousse des cheveux, r\u00e9duire la chute et am\u00e9liorer la densit\u00e9 capillaire.\" \/>\n<meta name=\"robots\" content=\"index, follow, max-snippet:-1, max-image-preview:large, max-video-preview:-1\" \/>\n<link rel=\"canonical\" href=\"https:\/\/vitablanca.ma\/en\/product\/pack-kirkland-minoxidil-5-6-mois-derma-roller\/\" \/>\n<meta property=\"og:locale\" content=\"en_US\" \/>\n<meta property=\"og:type\" content=\"article\" \/>\n<meta property=\"og:title\" content=\"Kirkland Minoxidil 5% Homme 6 Mois + Derma Roller - Maroc Prix\" \/>\n<meta property=\"og:description\" content=\"Kirkland Minoxidil 5% Homme + Derma Roller \u2013 traitement 6 mois pour stimuler la repousse des cheveux, r\u00e9duire la chute et am\u00e9liorer la densit\u00e9 capillaire.\" \/>\n<meta property=\"og:url\" content=\"https:\/\/vitablanca.ma\/en\/product\/pack-kirkland-minoxidil-5-6-mois-derma-roller\/\" \/>\n<meta property=\"og:site_name\" content=\"Vitablanca.ma &ndash; Sant&eacute;, vitalit&eacute; et bien-&ecirc;tre pour tous les Marocains\" \/>\n<meta property=\"article:publisher\" content=\"https:\/\/www.facebook.com\/profile.php?id=61576678196717\" \/>\n<meta property=\"article:modified_time\" content=\"2026-05-01T10:44:19+00:00\" \/>\n<meta property=\"og:image\" content=\"https:\/\/vitablanca.ma\/wp-content\/uploads\/2026\/03\/Design-sans-titre-28.png\" \/>\n\t<meta property=\"og:image:width\" content=\"1060\" \/>\n\t<meta property=\"og:image:height\" content=\"1200\" \/>\n\t<meta property=\"og:image:type\" content=\"image\/png\" \/>\n<meta name=\"twitter:card\" content=\"summary_large_image\" \/>\n<meta name=\"twitter:label1\" content=\"Est. reading time\" \/>\n\t<meta name=\"twitter:data1\" content=\"2 minutes\" \/>\n<script type=\"application\/ld+json\" class=\"yoast-schema-graph\">{\"@context\":\"https:\\\/\\\/schema.org\",\"@graph\":[{\"@type\":[\"WebPage\",\"ItemPage\"],\"@id\":\"https:\\\/\\\/vitablanca.ma\\\/produit\\\/pack-kirkland-minoxidil-5-6-mois-derma-roller\\\/\",\"url\":\"https:\\\/\\\/vitablanca.ma\\\/produit\\\/pack-kirkland-minoxidil-5-6-mois-derma-roller\\\/\",\"name\":\"Kirkland Minoxidil 5% Homme 6 Mois + Derma Roller - Maroc Prix\",\"isPartOf\":{\"@id\":\"https:\\\/\\\/vitablanca.ma\\\/#website\"},\"primaryImageOfPage\":{\"@id\":\"https:\\\/\\\/vitablanca.ma\\\/produit\\\/pack-kirkland-minoxidil-5-6-mois-derma-roller\\\/#primaryimage\"},\"image\":{\"@id\":\"https:\\\/\\\/vitablanca.ma\\\/produit\\\/pack-kirkland-minoxidil-5-6-mois-derma-roller\\\/#primaryimage\"},\"thumbnailUrl\":\"https:\\\/\\\/vitablanca.ma\\\/wp-content\\\/uploads\\\/2026\\\/03\\\/Design-sans-titre-28.png\",\"datePublished\":\"2026-03-06T22:03:14+00:00\",\"dateModified\":\"2026-05-01T10:44:19+00:00\",\"description\":\"Kirkland Minoxidil 5% Homme + Derma Roller \u2013 traitement 6 mois pour stimuler la repousse des cheveux, r\u00e9duire la chute et am\u00e9liorer la densit\u00e9 capillaire.\",\"breadcrumb\":{\"@id\":\"https:\\\/\\\/vitablanca.ma\\\/produit\\\/pack-kirkland-minoxidil-5-6-mois-derma-roller\\\/#breadcrumb\"},\"inLanguage\":\"en-US\",\"potentialAction\":[{\"@type\":\"ReadAction\",\"target\":[\"https:\\\/\\\/vitablanca.ma\\\/produit\\\/pack-kirkland-minoxidil-5-6-mois-derma-roller\\\/\"]}]},{\"@type\":\"ImageObject\",\"inLanguage\":\"en-US\",\"@id\":\"https:\\\/\\\/vitablanca.ma\\\/produit\\\/pack-kirkland-minoxidil-5-6-mois-derma-roller\\\/#primaryimage\",\"url\":\"https:\\\/\\\/vitablanca.ma\\\/wp-content\\\/uploads\\\/2026\\\/03\\\/Design-sans-titre-28.png\",\"contentUrl\":\"https:\\\/\\\/vitablanca.ma\\\/wp-content\\\/uploads\\\/2026\\\/03\\\/Design-sans-titre-28.png\",\"width\":1060,\"height\":1200},{\"@type\":\"BreadcrumbList\",\"@id\":\"https:\\\/\\\/vitablanca.ma\\\/produit\\\/pack-kirkland-minoxidil-5-6-mois-derma-roller\\\/#breadcrumb\",\"itemListElement\":[{\"@type\":\"ListItem\",\"position\":1,\"name\":\"Home\",\"item\":\"https:\\\/\\\/vitablanca.ma\\\/\"},{\"@type\":\"ListItem\",\"position\":2,\"name\":\"Tous Les Produits\",\"item\":\"https:\\\/\\\/vitablanca.ma\\\/tous-les-produits\\\/\"},{\"@type\":\"ListItem\",\"position\":3,\"name\":\"Kirkland Minoxidil 5% Homme Traitement Repousse Cheveux 6 Mois + Derma Roller\"}]},{\"@type\":\"WebSite\",\"@id\":\"https:\\\/\\\/vitablanca.ma\\\/#website\",\"url\":\"https:\\\/\\\/vitablanca.ma\\\/\",\"name\":\"VitaBlanca.ma | Compl\u00e9ments alimentaires, sant\u00e9 & beaut\u00e9 au Maroc\",\"description\":\"vendre vitamines et compl\u00e9ments premium des USA &amp; Canada, Nouvelle Z\u00e9lande,Maroc (NOW Foods, Solgar, Manuka). Livraison rapide partout au Maroc.\",\"publisher\":{\"@id\":\"https:\\\/\\\/vitablanca.ma\\\/#organization\"},\"alternateName\":\"VitaBlanca.ma\",\"potentialAction\":[{\"@type\":\"SearchAction\",\"target\":{\"@type\":\"EntryPoint\",\"urlTemplate\":\"https:\\\/\\\/vitablanca.ma\\\/?s={search_term_string}\"},\"query-input\":{\"@type\":\"PropertyValueSpecification\",\"valueRequired\":true,\"valueName\":\"search_term_string\"}}],\"inLanguage\":\"en-US\"},{\"@type\":\"Organization\",\"@id\":\"https:\\\/\\\/vitablanca.ma\\\/#organization\",\"name\":\"VitaBlanca\",\"url\":\"https:\\\/\\\/vitablanca.ma\\\/\",\"logo\":{\"@type\":\"ImageObject\",\"inLanguage\":\"en-US\",\"@id\":\"https:\\\/\\\/vitablanca.ma\\\/#\\\/schema\\\/logo\\\/image\\\/\",\"url\":\"https:\\\/\\\/vitablanca.ma\\\/wp-content\\\/uploads\\\/2025\\\/05\\\/cropped-vitablanca.png\",\"contentUrl\":\"https:\\\/\\\/vitablanca.ma\\\/wp-content\\\/uploads\\\/2025\\\/05\\\/cropped-vitablanca.png\",\"width\":360,\"height\":67,\"caption\":\"VitaBlanca\"},\"image\":{\"@id\":\"https:\\\/\\\/vitablanca.ma\\\/#\\\/schema\\\/logo\\\/image\\\/\"},\"sameAs\":[\"https:\\\/\\\/www.facebook.com\\\/profile.php?id=61576678196717\",\"https:\\\/\\\/www.tiktok.com\\\/@vitablanca.ma\",\"https:\\\/\\\/www.instagram.com\\\/vitablanca.ma\\\/\"]}]}<\/script>\n<!-- \/ Yoast SEO plugin. -->","yoast_head_json":{"title":"Kirkland Minoxidil 5% Homme 6 Mois + Derma Roller - Maroc Prix","description":"Kirkland Minoxidil 5% Homme + Derma Roller \u2013 traitement 6 mois pour stimuler la repousse des cheveux, r\u00e9duire la chute et am\u00e9liorer la densit\u00e9 capillaire.","robots":{"index":"index","follow":"follow","max-snippet":"max-snippet:-1","max-image-preview":"max-image-preview:large","max-video-preview":"max-video-preview:-1"},"canonical":"https:\/\/vitablanca.ma\/en\/product\/pack-kirkland-minoxidil-5-6-mois-derma-roller\/","og_locale":"en_US","og_type":"article","og_title":"Kirkland Minoxidil 5% Homme 6 Mois + Derma Roller - Maroc Prix","og_description":"Kirkland Minoxidil 5% Homme + Derma Roller \u2013 traitement 6 mois pour stimuler la repousse des cheveux, r\u00e9duire la chute et am\u00e9liorer la densit\u00e9 capillaire.","og_url":"https:\/\/vitablanca.ma\/en\/product\/pack-kirkland-minoxidil-5-6-mois-derma-roller\/","og_site_name":"Vitablanca.ma &ndash; Sant&eacute;, vitalit&eacute; et bien-&ecirc;tre pour tous les Marocains","article_publisher":"https:\/\/www.facebook.com\/profile.php?id=61576678196717","article_modified_time":"2026-05-01T10:44:19+00:00","og_image":[{"width":1060,"height":1200,"url":"https:\/\/vitablanca.ma\/wp-content\/uploads\/2026\/03\/Design-sans-titre-28.png","type":"image\/png"}],"twitter_card":"summary_large_image","twitter_misc":{"Est. reading time":"2 minutes"},"schema":{"@context":"https:\/\/schema.org","@graph":[{"@type":["WebPage","ItemPage"],"@id":"https:\/\/vitablanca.ma\/produit\/pack-kirkland-minoxidil-5-6-mois-derma-roller\/","url":"https:\/\/vitablanca.ma\/produit\/pack-kirkland-minoxidil-5-6-mois-derma-roller\/","name":"Kirkland Minoxidil 5% Homme 6 Mois + Derma Roller - Maroc Prix","isPartOf":{"@id":"https:\/\/vitablanca.ma\/#website"},"primaryImageOfPage":{"@id":"https:\/\/vitablanca.ma\/produit\/pack-kirkland-minoxidil-5-6-mois-derma-roller\/#primaryimage"},"image":{"@id":"https:\/\/vitablanca.ma\/produit\/pack-kirkland-minoxidil-5-6-mois-derma-roller\/#primaryimage"},"thumbnailUrl":"https:\/\/vitablanca.ma\/wp-content\/uploads\/2026\/03\/Design-sans-titre-28.png","datePublished":"2026-03-06T22:03:14+00:00","dateModified":"2026-05-01T10:44:19+00:00","description":"Kirkland Minoxidil 5% Homme + Derma Roller \u2013 traitement 6 mois pour stimuler la repousse des cheveux, r\u00e9duire la chute et am\u00e9liorer la densit\u00e9 capillaire.","breadcrumb":{"@id":"https:\/\/vitablanca.ma\/produit\/pack-kirkland-minoxidil-5-6-mois-derma-roller\/#breadcrumb"},"inLanguage":"en-US","potentialAction":[{"@type":"ReadAction","target":["https:\/\/vitablanca.ma\/produit\/pack-kirkland-minoxidil-5-6-mois-derma-roller\/"]}]},{"@type":"ImageObject","inLanguage":"en-US","@id":"https:\/\/vitablanca.ma\/produit\/pack-kirkland-minoxidil-5-6-mois-derma-roller\/#primaryimage","url":"https:\/\/vitablanca.ma\/wp-content\/uploads\/2026\/03\/Design-sans-titre-28.png","contentUrl":"https:\/\/vitablanca.ma\/wp-content\/uploads\/2026\/03\/Design-sans-titre-28.png","width":1060,"height":1200},{"@type":"BreadcrumbList","@id":"https:\/\/vitablanca.ma\/produit\/pack-kirkland-minoxidil-5-6-mois-derma-roller\/#breadcrumb","itemListElement":[{"@type":"ListItem","position":1,"name":"Home","item":"https:\/\/vitablanca.ma\/"},{"@type":"ListItem","position":2,"name":"Tous Les Produits","item":"https:\/\/vitablanca.ma\/tous-les-produits\/"},{"@type":"ListItem","position":3,"name":"Kirkland Minoxidil 5% Homme Traitement Repousse Cheveux 6 Mois + Derma Roller"}]},{"@type":"WebSite","@id":"https:\/\/vitablanca.ma\/#website","url":"https:\/\/vitablanca.ma\/","name":"VitaBlanca.ma | Food supplements, health &amp; beauty in Morocco","description":"sell premium vitamins and supplements from USA &amp; Canada, New Zealand, Morocco (NOW Foods, Solgar, Manuka). Fast delivery anywhere in Morocco.","publisher":{"@id":"https:\/\/vitablanca.ma\/#organization"},"alternateName":"VitaBlanca.ma","potentialAction":[{"@type":"SearchAction","target":{"@type":"EntryPoint","urlTemplate":"https:\/\/vitablanca.ma\/?s={search_term_string}"},"query-input":{"@type":"PropertyValueSpecification","valueRequired":true,"valueName":"search_term_string"}}],"inLanguage":"en-US"},{"@type":"Organization","@id":"https:\/\/vitablanca.ma\/#organization","name":"VitaBlanca","url":"https:\/\/vitablanca.ma\/","logo":{"@type":"ImageObject","inLanguage":"en-US","@id":"https:\/\/vitablanca.ma\/#\/schema\/logo\/image\/","url":"https:\/\/vitablanca.ma\/wp-content\/uploads\/2025\/05\/cropped-vitablanca.png","contentUrl":"https:\/\/vitablanca.ma\/wp-content\/uploads\/2025\/05\/cropped-vitablanca.png","width":360,"height":67,"caption":"VitaBlanca"},"image":{"@id":"https:\/\/vitablanca.ma\/#\/schema\/logo\/image\/"},"sameAs":["https:\/\/www.facebook.com\/profile.php?id=61576678196717","https:\/\/www.tiktok.com\/@vitablanca.ma","https:\/\/www.instagram.com\/vitablanca.ma\/"]}]}},"jetpack_sharing_enabled":true,"_links":{"self":[{"href":"https:\/\/vitablanca.ma\/en\/wp-json\/wp\/v2\/product\/33836","targetHints":{"allow":["GET"]}}],"collection":[{"href":"https:\/\/vitablanca.ma\/en\/wp-json\/wp\/v2\/product"}],"about":[{"href":"https:\/\/vitablanca.ma\/en\/wp-json\/wp\/v2\/types\/product"}],"wp:featuredmedia":[{"embeddable":true,"href":"https:\/\/vitablanca.ma\/en\/wp-json\/wp\/v2\/media\/33835"}],"wp:attachment":[{"href":"https:\/\/vitablanca.ma\/en\/wp-json\/wp\/v2\/media?parent=33836"}],"wp:term":[{"taxonomy":"product_brand","embeddable":true,"href":"https:\/\/vitablanca.ma\/en\/wp-json\/wp\/v2\/product_brand?post=33836"},{"taxonomy":"product_cat","embeddable":true,"href":"https:\/\/vitablanca.ma\/en\/wp-json\/wp\/v2\/product_cat?post=33836"},{"taxonomy":"product_tag","embeddable":true,"href":"https:\/\/vitablanca.ma\/en\/wp-json\/wp\/v2\/product_tag?post=33836"}],"curies":[{"name":"wp","href":"https:\/\/api.w.org\/{rel}","templated":true}]}}