{"id":33829,"date":"2026-03-06T21:44:02","date_gmt":"2026-03-06T21:44:02","guid":{"rendered":"https:\/\/vitablanca.ma\/produit\/minoxidil-mousse-kirkland-signature\/"},"modified":"2026-04-19T17:28:29","modified_gmt":"2026-04-19T17:28:29","slug":"kirkland-minoxidil-5-homme-mousse-6-mois-maroc-prix","status":"publish","type":"product","link":"https:\/\/vitablanca.ma\/en\/product\/kirkland-minoxidil-5-homme-mousse-6-mois-maroc-prix\/","title":{"rendered":"Kirkland Minoxidil 5% Homme Mousse 6 Mois"},"content":{"rendered":"<p data-start=\"1010\" data-end=\"1329\"><strong data-start=\"1010\" data-end=\"1063\">Kirkland Signature Minoxidil 5% Mousse pour Homme<\/strong> est un traitement capillaire reconnu pour aider \u00e0 lutter contre la <strong data-start=\"1131\" data-end=\"1189\">chute de cheveux h\u00e9r\u00e9ditaire (alop\u00e9cie androg\u00e9n\u00e9tique)<\/strong>. Sa formule \u00e0 <strong data-start=\"1204\" data-end=\"1224\">5 % de minoxidil<\/strong> agit directement sur les follicules pileux afin de stimuler la repousse et ralentir la perte de cheveux.<\/p>\n<p data-start=\"1331\" data-end=\"1623\">La texture <strong data-start=\"1342\" data-end=\"1359\">mousse l\u00e9g\u00e8re<\/strong> est facile \u00e0 appliquer et p\u00e9n\u00e8tre rapidement le cuir chevelu sans laisser de r\u00e9sidus gras. Elle convient parfaitement aux hommes qui souhaitent un traitement pratique et efficace pour am\u00e9liorer la densit\u00e9 capillaire et favoriser la croissance de nouveaux cheveux.<\/p>\n<p data-start=\"1625\" data-end=\"1773\">Le format <strong data-start=\"1635\" data-end=\"1659\">6 mois de traitement<\/strong> est id\u00e9al pour une cure compl\u00e8te, permettant d\u2019observer des r\u00e9sultats progressifs avec une utilisation r\u00e9guli\u00e8re.<\/p>\n<h3 data-section-id=\"y4jqt8\" data-start=\"1780\" data-end=\"1808\"><strong data-start=\"1784\" data-end=\"1808\">Principaux Bienfaits<\/strong><\/h3>\n<ul data-start=\"1809\" data-end=\"1986\">\n<li data-section-id=\"13jbtk0\" data-start=\"1809\" data-end=\"1844\">\n<p data-start=\"1811\" data-end=\"1844\">Stimule la repousse des cheveux<\/p>\n<\/li>\n<li data-section-id=\"1ac988j\" data-start=\"1845\" data-end=\"1877\">\n<p data-start=\"1847\" data-end=\"1877\">Ralentit la chute capillaire<\/p>\n<\/li>\n<li data-section-id=\"o0odk7\" data-start=\"1878\" data-end=\"1912\">\n<p data-start=\"1880\" data-end=\"1912\">Renforce les follicules pileux<\/p>\n<\/li>\n<li data-section-id=\"o761qv\" data-start=\"1913\" data-end=\"1948\">\n<p data-start=\"1915\" data-end=\"1948\">Am\u00e9liore la densit\u00e9 des cheveux<\/p>\n<\/li>\n<li data-section-id=\"l5iuom\" data-start=\"1949\" data-end=\"1986\">\n<p data-start=\"1951\" data-end=\"1986\">Texture mousse facile \u00e0 appliquer<\/p>\n<\/li>\n<\/ul>\n<h3 data-section-id=\"bprkel\" data-start=\"1993\" data-end=\"2048\"><strong data-start=\"1997\" data-end=\"2048\">Pourquoi choisir Kirkland Minoxidil 5% Mousse ?<\/strong><\/h3>\n<ul data-start=\"2049\" data-end=\"2244\">\n<li data-section-id=\"rz6jx7\" data-start=\"2049\" data-end=\"2082\">\n<p data-start=\"2051\" data-end=\"2082\">Formule cliniquement reconnue<\/p>\n<\/li>\n<li data-section-id=\"8o25md\" data-start=\"2083\" data-end=\"2126\">\n<p data-start=\"2085\" data-end=\"2126\">Concentration efficace de minoxidil 5 %<\/p>\n<\/li>\n<li data-section-id=\"10nro3g\" data-start=\"2127\" data-end=\"2160\">\n<p data-start=\"2129\" data-end=\"2160\">Format \u00e9conomique pour 6 mois<\/p>\n<\/li>\n<li data-section-id=\"1ls97eu\" data-start=\"2161\" data-end=\"2193\">\n<p data-start=\"2163\" data-end=\"2193\">Application simple et rapide<\/p>\n<\/li>\n<li data-section-id=\"wyf3tb\" data-start=\"2194\" data-end=\"2244\">\n<p data-start=\"2196\" data-end=\"2244\">Marque r\u00e9put\u00e9e pour la qualit\u00e9 de ses produits<\/p>\n<\/li>\n<\/ul>\n<h3 data-section-id=\"1l5j77e\" data-start=\"2251\" data-end=\"2281\"><strong data-start=\"2255\" data-end=\"2281\">Directions for use<\/strong><\/h3>\n<p data-start=\"2282\" data-end=\"2453\">Apply <strong data-start=\"2292\" data-end=\"2314\">deux fois par jour<\/strong> une petite quantit\u00e9 de mousse directement sur le cuir chevelu sec, sur les zones concern\u00e9es. Masser doucement pour favoriser l\u2019absorption.<\/p>","protected":false},"excerpt":{"rendered":"<p>Kirkland Signature Minoxidil 5% Mousse pour Homme est un traitement capillaire reconnu pour aider \u00e0 lutter contre la chute de cheveux h\u00e9r\u00e9ditaire (alop\u00e9cie androg\u00e9n\u00e9tique). Sa formule \u00e0 5 % de minoxidil agit directement sur les follicules pileux afin de stimuler la repousse et ralentir la perte de cheveux. La texture mousse l\u00e9g\u00e8re est facile \u00e0 [&hellip;]<\/p>\n","protected":false},"featured_media":33827,"template":"","meta":[],"product_brand":[3441],"product_cat":[18,15],"product_tag":[11199,11204,5720,11198,11196,5727,11201,11197,11202,11203,5715,11200,5722],"class_list":{"0":"post-33829","1":"product","2":"type-product","3":"status-publish","4":"has-post-thumbnail","6":"product_brand-kirkland","7":"product_cat-beaute-sante","8":"product_cat-beaute-sante-complements-alimentaires-soins-et-bien-etre-au-meilleur-prix","9":"product_tag-anti-calvitie-homme","10":"product_tag-densite-capillaire-maroc","11":"product_tag-kirkland-minoxidil-maroc","12":"product_tag-kirkland-mousse-minoxidil","13":"product_tag-minoxidil-mousse-5","14":"product_tag-minoxidil-original-maroc","15":"product_tag-mousse-minoxidil-5","16":"product_tag-repousse-cheveux-homme-maroc","17":"product_tag-repousse-cheveux-kirkland","18":"product_tag-solution-chute-cheveux-homme","19":"product_tag-traitement-alopecie-homme","20":"product_tag-traitement-calvitie-homme-maroc","21":"product_tag-traitement-chute-cheveux-maroc","23":"first","24":"outofstock","25":"sale","26":"taxable","27":"shipping-taxable","28":"purchasable","29":"product-type-simple"},"yoast_head":"<!-- This site is optimized with the Yoast SEO plugin v27.6 - https:\/\/yoast.com\/product\/yoast-seo-wordpress\/ -->\n<title>Minoxidil 5% Homme Mousse 6 Mois Kirkland - Maroc Prix<\/title>\n<meta name=\"description\" content=\"Kirkland Signature Minoxidil 5% mousse au Maroc pour hommes \u2013 traitement 6 mois contre la chute de cheveux. Stimule la repousse et renforce les follicules.\" \/>\n<meta name=\"robots\" content=\"index, follow, max-snippet:-1, max-image-preview:large, max-video-preview:-1\" \/>\n<link rel=\"canonical\" href=\"https:\/\/vitablanca.ma\/en\/product\/kirkland-minoxidil-5-homme-mousse-6-mois-maroc-prix\/\" \/>\n<meta property=\"og:locale\" content=\"en_US\" \/>\n<meta property=\"og:type\" content=\"article\" \/>\n<meta property=\"og:title\" content=\"Minoxidil 5% Homme Mousse 6 Mois Kirkland - Maroc Prix\" \/>\n<meta property=\"og:description\" content=\"Kirkland Signature Minoxidil 5% mousse au Maroc pour hommes \u2013 traitement 6 mois contre la chute de cheveux. Stimule la repousse et renforce les follicules.\" \/>\n<meta property=\"og:url\" content=\"https:\/\/vitablanca.ma\/en\/product\/kirkland-minoxidil-5-homme-mousse-6-mois-maroc-prix\/\" \/>\n<meta property=\"og:site_name\" content=\"Vitablanca.ma &ndash; Sant&eacute;, vitalit&eacute; et bien-&ecirc;tre pour tous les Marocains\" \/>\n<meta property=\"article:publisher\" content=\"https:\/\/www.facebook.com\/profile.php?id=61576678196717\" \/>\n<meta property=\"article:modified_time\" content=\"2026-04-19T17:28:29+00:00\" \/>\n<meta property=\"og:image\" content=\"https:\/\/vitablanca.ma\/wp-content\/uploads\/2026\/03\/img_8568-6830bc3410394.png\" \/>\n\t<meta property=\"og:image:width\" content=\"482\" \/>\n\t<meta property=\"og:image:height\" content=\"500\" \/>\n\t<meta property=\"og:image:type\" content=\"image\/png\" \/>\n<meta name=\"twitter:card\" content=\"summary_large_image\" \/>\n<meta name=\"twitter:label1\" content=\"Est. reading time\" \/>\n\t<meta name=\"twitter:data1\" content=\"2 minutes\" \/>\n<script type=\"application\/ld+json\" class=\"yoast-schema-graph\">{\"@context\":\"https:\\\/\\\/schema.org\",\"@graph\":[{\"@type\":[\"WebPage\",\"ItemPage\"],\"@id\":\"https:\\\/\\\/vitablanca.ma\\\/produit\\\/kirkland-minoxidil-5-homme-mousse-6-mois-maroc-prix\\\/\",\"url\":\"https:\\\/\\\/vitablanca.ma\\\/produit\\\/kirkland-minoxidil-5-homme-mousse-6-mois-maroc-prix\\\/\",\"name\":\"Minoxidil 5% Homme Mousse 6 Mois Kirkland - Maroc Prix\",\"isPartOf\":{\"@id\":\"https:\\\/\\\/vitablanca.ma\\\/#website\"},\"primaryImageOfPage\":{\"@id\":\"https:\\\/\\\/vitablanca.ma\\\/produit\\\/kirkland-minoxidil-5-homme-mousse-6-mois-maroc-prix\\\/#primaryimage\"},\"image\":{\"@id\":\"https:\\\/\\\/vitablanca.ma\\\/produit\\\/kirkland-minoxidil-5-homme-mousse-6-mois-maroc-prix\\\/#primaryimage\"},\"thumbnailUrl\":\"https:\\\/\\\/vitablanca.ma\\\/wp-content\\\/uploads\\\/2026\\\/03\\\/img_8568-6830bc3410394.png\",\"datePublished\":\"2026-03-06T21:44:02+00:00\",\"dateModified\":\"2026-04-19T17:28:29+00:00\",\"description\":\"Kirkland Signature Minoxidil 5% mousse au Maroc pour hommes \u2013 traitement 6 mois contre la chute de cheveux. Stimule la repousse et renforce les follicules.\",\"breadcrumb\":{\"@id\":\"https:\\\/\\\/vitablanca.ma\\\/produit\\\/kirkland-minoxidil-5-homme-mousse-6-mois-maroc-prix\\\/#breadcrumb\"},\"inLanguage\":\"en-US\",\"potentialAction\":[{\"@type\":\"ReadAction\",\"target\":[\"https:\\\/\\\/vitablanca.ma\\\/produit\\\/kirkland-minoxidil-5-homme-mousse-6-mois-maroc-prix\\\/\"]}]},{\"@type\":\"ImageObject\",\"inLanguage\":\"en-US\",\"@id\":\"https:\\\/\\\/vitablanca.ma\\\/produit\\\/kirkland-minoxidil-5-homme-mousse-6-mois-maroc-prix\\\/#primaryimage\",\"url\":\"https:\\\/\\\/vitablanca.ma\\\/wp-content\\\/uploads\\\/2026\\\/03\\\/img_8568-6830bc3410394.png\",\"contentUrl\":\"https:\\\/\\\/vitablanca.ma\\\/wp-content\\\/uploads\\\/2026\\\/03\\\/img_8568-6830bc3410394.png\",\"width\":482,\"height\":500},{\"@type\":\"BreadcrumbList\",\"@id\":\"https:\\\/\\\/vitablanca.ma\\\/produit\\\/kirkland-minoxidil-5-homme-mousse-6-mois-maroc-prix\\\/#breadcrumb\",\"itemListElement\":[{\"@type\":\"ListItem\",\"position\":1,\"name\":\"Home\",\"item\":\"https:\\\/\\\/vitablanca.ma\\\/\"},{\"@type\":\"ListItem\",\"position\":2,\"name\":\"Tous Les Produits\",\"item\":\"https:\\\/\\\/vitablanca.ma\\\/tous-les-produits\\\/\"},{\"@type\":\"ListItem\",\"position\":3,\"name\":\"Kirkland Minoxidil 5% Homme Mousse 6 Mois\"}]},{\"@type\":\"WebSite\",\"@id\":\"https:\\\/\\\/vitablanca.ma\\\/#website\",\"url\":\"https:\\\/\\\/vitablanca.ma\\\/\",\"name\":\"VitaBlanca.ma | Compl\u00e9ments alimentaires, sant\u00e9 & beaut\u00e9 au Maroc\",\"description\":\"vendre vitamines et compl\u00e9ments premium des USA &amp; Canada, Nouvelle Z\u00e9lande,Maroc (NOW Foods, Solgar, Manuka). Livraison rapide partout au Maroc.\",\"publisher\":{\"@id\":\"https:\\\/\\\/vitablanca.ma\\\/#organization\"},\"alternateName\":\"VitaBlanca.ma\",\"potentialAction\":[{\"@type\":\"SearchAction\",\"target\":{\"@type\":\"EntryPoint\",\"urlTemplate\":\"https:\\\/\\\/vitablanca.ma\\\/?s={search_term_string}\"},\"query-input\":{\"@type\":\"PropertyValueSpecification\",\"valueRequired\":true,\"valueName\":\"search_term_string\"}}],\"inLanguage\":\"en-US\"},{\"@type\":\"Organization\",\"@id\":\"https:\\\/\\\/vitablanca.ma\\\/#organization\",\"name\":\"VitaBlanca\",\"url\":\"https:\\\/\\\/vitablanca.ma\\\/\",\"logo\":{\"@type\":\"ImageObject\",\"inLanguage\":\"en-US\",\"@id\":\"https:\\\/\\\/vitablanca.ma\\\/#\\\/schema\\\/logo\\\/image\\\/\",\"url\":\"https:\\\/\\\/vitablanca.ma\\\/wp-content\\\/uploads\\\/2025\\\/05\\\/cropped-vitablanca.png\",\"contentUrl\":\"https:\\\/\\\/vitablanca.ma\\\/wp-content\\\/uploads\\\/2025\\\/05\\\/cropped-vitablanca.png\",\"width\":360,\"height\":67,\"caption\":\"VitaBlanca\"},\"image\":{\"@id\":\"https:\\\/\\\/vitablanca.ma\\\/#\\\/schema\\\/logo\\\/image\\\/\"},\"sameAs\":[\"https:\\\/\\\/www.facebook.com\\\/profile.php?id=61576678196717\",\"https:\\\/\\\/www.tiktok.com\\\/@vitablanca.ma\",\"https:\\\/\\\/www.instagram.com\\\/vitablanca.ma\\\/\"]}]}<\/script>\n<!-- \/ Yoast SEO plugin. -->","yoast_head_json":{"title":"Minoxidil 5% Homme Mousse 6 Mois Kirkland - Maroc Prix","description":"Kirkland Signature Minoxidil 5% mousse au Maroc pour hommes \u2013 traitement 6 mois contre la chute de cheveux. Stimule la repousse et renforce les follicules.","robots":{"index":"index","follow":"follow","max-snippet":"max-snippet:-1","max-image-preview":"max-image-preview:large","max-video-preview":"max-video-preview:-1"},"canonical":"https:\/\/vitablanca.ma\/en\/product\/kirkland-minoxidil-5-homme-mousse-6-mois-maroc-prix\/","og_locale":"en_US","og_type":"article","og_title":"Minoxidil 5% Homme Mousse 6 Mois Kirkland - Maroc Prix","og_description":"Kirkland Signature Minoxidil 5% mousse au Maroc pour hommes \u2013 traitement 6 mois contre la chute de cheveux. Stimule la repousse et renforce les follicules.","og_url":"https:\/\/vitablanca.ma\/en\/product\/kirkland-minoxidil-5-homme-mousse-6-mois-maroc-prix\/","og_site_name":"Vitablanca.ma &ndash; Sant&eacute;, vitalit&eacute; et bien-&ecirc;tre pour tous les Marocains","article_publisher":"https:\/\/www.facebook.com\/profile.php?id=61576678196717","article_modified_time":"2026-04-19T17:28:29+00:00","og_image":[{"width":482,"height":500,"url":"https:\/\/vitablanca.ma\/wp-content\/uploads\/2026\/03\/img_8568-6830bc3410394.png","type":"image\/png"}],"twitter_card":"summary_large_image","twitter_misc":{"Est. reading time":"2 minutes"},"schema":{"@context":"https:\/\/schema.org","@graph":[{"@type":["WebPage","ItemPage"],"@id":"https:\/\/vitablanca.ma\/produit\/kirkland-minoxidil-5-homme-mousse-6-mois-maroc-prix\/","url":"https:\/\/vitablanca.ma\/produit\/kirkland-minoxidil-5-homme-mousse-6-mois-maroc-prix\/","name":"Minoxidil 5% Homme Mousse 6 Mois Kirkland - Maroc Prix","isPartOf":{"@id":"https:\/\/vitablanca.ma\/#website"},"primaryImageOfPage":{"@id":"https:\/\/vitablanca.ma\/produit\/kirkland-minoxidil-5-homme-mousse-6-mois-maroc-prix\/#primaryimage"},"image":{"@id":"https:\/\/vitablanca.ma\/produit\/kirkland-minoxidil-5-homme-mousse-6-mois-maroc-prix\/#primaryimage"},"thumbnailUrl":"https:\/\/vitablanca.ma\/wp-content\/uploads\/2026\/03\/img_8568-6830bc3410394.png","datePublished":"2026-03-06T21:44:02+00:00","dateModified":"2026-04-19T17:28:29+00:00","description":"Kirkland Signature Minoxidil 5% mousse au Maroc pour hommes \u2013 traitement 6 mois contre la chute de cheveux. Stimule la repousse et renforce les follicules.","breadcrumb":{"@id":"https:\/\/vitablanca.ma\/produit\/kirkland-minoxidil-5-homme-mousse-6-mois-maroc-prix\/#breadcrumb"},"inLanguage":"en-US","potentialAction":[{"@type":"ReadAction","target":["https:\/\/vitablanca.ma\/produit\/kirkland-minoxidil-5-homme-mousse-6-mois-maroc-prix\/"]}]},{"@type":"ImageObject","inLanguage":"en-US","@id":"https:\/\/vitablanca.ma\/produit\/kirkland-minoxidil-5-homme-mousse-6-mois-maroc-prix\/#primaryimage","url":"https:\/\/vitablanca.ma\/wp-content\/uploads\/2026\/03\/img_8568-6830bc3410394.png","contentUrl":"https:\/\/vitablanca.ma\/wp-content\/uploads\/2026\/03\/img_8568-6830bc3410394.png","width":482,"height":500},{"@type":"BreadcrumbList","@id":"https:\/\/vitablanca.ma\/produit\/kirkland-minoxidil-5-homme-mousse-6-mois-maroc-prix\/#breadcrumb","itemListElement":[{"@type":"ListItem","position":1,"name":"Home","item":"https:\/\/vitablanca.ma\/"},{"@type":"ListItem","position":2,"name":"Tous Les Produits","item":"https:\/\/vitablanca.ma\/tous-les-produits\/"},{"@type":"ListItem","position":3,"name":"Kirkland Minoxidil 5% Homme Mousse 6 Mois"}]},{"@type":"WebSite","@id":"https:\/\/vitablanca.ma\/#website","url":"https:\/\/vitablanca.ma\/","name":"VitaBlanca.ma | Food supplements, health &amp; beauty in Morocco","description":"sell premium vitamins and supplements from USA &amp; Canada, New Zealand, Morocco (NOW Foods, Solgar, Manuka). Fast delivery anywhere in Morocco.","publisher":{"@id":"https:\/\/vitablanca.ma\/#organization"},"alternateName":"VitaBlanca.ma","potentialAction":[{"@type":"SearchAction","target":{"@type":"EntryPoint","urlTemplate":"https:\/\/vitablanca.ma\/?s={search_term_string}"},"query-input":{"@type":"PropertyValueSpecification","valueRequired":true,"valueName":"search_term_string"}}],"inLanguage":"en-US"},{"@type":"Organization","@id":"https:\/\/vitablanca.ma\/#organization","name":"VitaBlanca","url":"https:\/\/vitablanca.ma\/","logo":{"@type":"ImageObject","inLanguage":"en-US","@id":"https:\/\/vitablanca.ma\/#\/schema\/logo\/image\/","url":"https:\/\/vitablanca.ma\/wp-content\/uploads\/2025\/05\/cropped-vitablanca.png","contentUrl":"https:\/\/vitablanca.ma\/wp-content\/uploads\/2025\/05\/cropped-vitablanca.png","width":360,"height":67,"caption":"VitaBlanca"},"image":{"@id":"https:\/\/vitablanca.ma\/#\/schema\/logo\/image\/"},"sameAs":["https:\/\/www.facebook.com\/profile.php?id=61576678196717","https:\/\/www.tiktok.com\/@vitablanca.ma","https:\/\/www.instagram.com\/vitablanca.ma\/"]}]}},"jetpack_sharing_enabled":true,"_links":{"self":[{"href":"https:\/\/vitablanca.ma\/en\/wp-json\/wp\/v2\/product\/33829","targetHints":{"allow":["GET"]}}],"collection":[{"href":"https:\/\/vitablanca.ma\/en\/wp-json\/wp\/v2\/product"}],"about":[{"href":"https:\/\/vitablanca.ma\/en\/wp-json\/wp\/v2\/types\/product"}],"wp:featuredmedia":[{"embeddable":true,"href":"https:\/\/vitablanca.ma\/en\/wp-json\/wp\/v2\/media\/33827"}],"wp:attachment":[{"href":"https:\/\/vitablanca.ma\/en\/wp-json\/wp\/v2\/media?parent=33829"}],"wp:term":[{"taxonomy":"product_brand","embeddable":true,"href":"https:\/\/vitablanca.ma\/en\/wp-json\/wp\/v2\/product_brand?post=33829"},{"taxonomy":"product_cat","embeddable":true,"href":"https:\/\/vitablanca.ma\/en\/wp-json\/wp\/v2\/product_cat?post=33829"},{"taxonomy":"product_tag","embeddable":true,"href":"https:\/\/vitablanca.ma\/en\/wp-json\/wp\/v2\/product_tag?post=33829"}],"curies":[{"name":"wp","href":"https:\/\/api.w.org\/{rel}","templated":true}]}}