{"id":33784,"date":"2026-03-05T02:30:33","date_gmt":"2026-03-05T02:30:33","guid":{"rendered":"https:\/\/vitablanca.ma\/?post_type=product&#038;p=33784"},"modified":"2026-03-06T03:38:31","modified_gmt":"2026-03-06T03:38:31","slug":"the-ordinary-caffeine-solution-5-egcg-anti-cernes-30ml","status":"publish","type":"product","link":"https:\/\/vitablanca.ma\/en\/product\/the-ordinary-caffeine-solution-5-egcg-anti-cernes-30ml\/","title":{"rendered":"The Ordinary Caffeine solution 5% + EGCG &#8211; Anti Cernes &#8211; 30ML"},"content":{"rendered":"<p>Ce s\u00e9rum\u00a0vegan\u00a0l\u00e9ger contient une tr\u00e8s forte concentration de 5% de caf\u00e9ine ainsi qu\u2019une forme purifi\u00e9e de Glucoside de Gallate d\u2019\u00c9pigallocat\u00e9chine (EGCG) issue des feuilles de th\u00e9 vert.<\/p>\n<p>Des recherches ind\u00e9pendantes ont montr\u00e9 que l\u2019utilisation topique de caf\u00e9ine et de EGCG aide \u00e0 diminuer les poches et les cernes de la zone du contour de l\u2019oeil.<\/p>","protected":false},"excerpt":{"rendered":"<p>Ce s\u00e9rum\u00a0vegan\u00a0l\u00e9ger contient une tr\u00e8s forte concentration de 5% de caf\u00e9ine ainsi qu\u2019une forme purifi\u00e9e de Glucoside de Gallate d\u2019\u00c9pigallocat\u00e9chine (EGCG) issue des feuilles de th\u00e9 vert. Des recherches ind\u00e9pendantes ont montr\u00e9 que l\u2019utilisation topique de caf\u00e9ine et de EGCG aide \u00e0 diminuer les poches et les cernes de la zone du contour de l\u2019oeil.<\/p>","protected":false},"featured_media":33785,"template":"","meta":[],"product_brand":[6942],"product_cat":[18,15],"product_tag":[11181,11186,11180,11183,11187,11182,11184,11185,11179,8692],"class_list":{"0":"post-33784","1":"product","2":"type-product","3":"status-publish","4":"has-post-thumbnail","6":"product_brand-the-ordinary-maroc-prix","7":"product_cat-beaute-sante","8":"product_cat-beaute-sante-complements-alimentaires-soins-et-bien-etre-au-meilleur-prix","9":"product_tag-contour-des-yeux-cafeine","10":"product_tag-routine-contour-des-yeux","11":"product_tag-serum-anti-cernes-the-ordinary","12":"product_tag-serum-yeux-decongestionnant","13":"product_tag-soin-eclaircissant-cernes","14":"product_tag-soin-poches-sous-les-yeux","15":"product_tag-soin-regard-fatigue","16":"product_tag-the-ordinary-30ml","17":"product_tag-the-ordinary-caffeine-solution-5-egcg","18":"product_tag-the-ordinary-maroc","20":"first","21":"instock","22":"taxable","23":"shipping-taxable","24":"purchasable","25":"product-type-simple"},"yoast_head":"<!-- This site is optimized with the Yoast SEO plugin v27.6 - https:\/\/yoast.com\/product\/yoast-seo-wordpress\/ -->\n<title>The Ordinary Caffeine solution 5% + EGCG 30ML - Maroc Prix<\/title>\n<meta name=\"description\" content=\"D\u00e9couvrez The Ordinary Caffeine Solution 5% + EGCG 30ml, un s\u00e9rum contour des yeux concentr\u00e9 en caf\u00e9ine et extrait de th\u00e9 vert pour r\u00e9duire les cernes.\" \/>\n<meta name=\"robots\" content=\"index, follow, max-snippet:-1, max-image-preview:large, max-video-preview:-1\" \/>\n<link rel=\"canonical\" href=\"https:\/\/vitablanca.ma\/en\/product\/the-ordinary-caffeine-solution-5-egcg-anti-cernes-30ml\/\" \/>\n<meta property=\"og:locale\" content=\"en_US\" \/>\n<meta property=\"og:type\" content=\"article\" \/>\n<meta property=\"og:title\" content=\"The Ordinary Caffeine solution 5% + EGCG 30ML - Maroc Prix\" \/>\n<meta property=\"og:description\" content=\"D\u00e9couvrez The Ordinary Caffeine Solution 5% + EGCG 30ml, un s\u00e9rum contour des yeux concentr\u00e9 en caf\u00e9ine et extrait de th\u00e9 vert pour r\u00e9duire les cernes.\" \/>\n<meta property=\"og:url\" content=\"https:\/\/vitablanca.ma\/en\/product\/the-ordinary-caffeine-solution-5-egcg-anti-cernes-30ml\/\" \/>\n<meta property=\"og:site_name\" content=\"Vitablanca.ma &ndash; Sant&eacute;, vitalit&eacute; et bien-&ecirc;tre pour tous les Marocains\" \/>\n<meta property=\"article:publisher\" content=\"https:\/\/www.facebook.com\/profile.php?id=61576678196717\" \/>\n<meta property=\"article:modified_time\" content=\"2026-03-06T03:38:31+00:00\" \/>\n<meta property=\"og:image\" content=\"https:\/\/vitablanca.ma\/wp-content\/uploads\/2026\/03\/caffeine-solution-5-egcg-the-ordinary.jpg\" \/>\n\t<meta property=\"og:image:width\" content=\"680\" \/>\n\t<meta property=\"og:image:height\" content=\"680\" \/>\n\t<meta property=\"og:image:type\" content=\"image\/jpeg\" \/>\n<meta name=\"twitter:card\" content=\"summary_large_image\" \/>\n<meta name=\"twitter:label1\" content=\"Est. reading time\" \/>\n\t<meta name=\"twitter:data1\" content=\"1 minute\" \/>\n<script type=\"application\/ld+json\" class=\"yoast-schema-graph\">{\"@context\":\"https:\\\/\\\/schema.org\",\"@graph\":[{\"@type\":[\"WebPage\",\"ItemPage\"],\"@id\":\"https:\\\/\\\/vitablanca.ma\\\/produit\\\/the-ordinary-caffeine-solution-5-egcg-anti-cernes-30ml\\\/\",\"url\":\"https:\\\/\\\/vitablanca.ma\\\/produit\\\/the-ordinary-caffeine-solution-5-egcg-anti-cernes-30ml\\\/\",\"name\":\"The Ordinary Caffeine solution 5% + EGCG 30ML - Maroc Prix\",\"isPartOf\":{\"@id\":\"https:\\\/\\\/vitablanca.ma\\\/#website\"},\"primaryImageOfPage\":{\"@id\":\"https:\\\/\\\/vitablanca.ma\\\/produit\\\/the-ordinary-caffeine-solution-5-egcg-anti-cernes-30ml\\\/#primaryimage\"},\"image\":{\"@id\":\"https:\\\/\\\/vitablanca.ma\\\/produit\\\/the-ordinary-caffeine-solution-5-egcg-anti-cernes-30ml\\\/#primaryimage\"},\"thumbnailUrl\":\"https:\\\/\\\/vitablanca.ma\\\/wp-content\\\/uploads\\\/2026\\\/03\\\/caffeine-solution-5-egcg-the-ordinary.jpg\",\"datePublished\":\"2026-03-05T02:30:33+00:00\",\"dateModified\":\"2026-03-06T03:38:31+00:00\",\"description\":\"D\u00e9couvrez The Ordinary Caffeine Solution 5% + EGCG 30ml, un s\u00e9rum contour des yeux concentr\u00e9 en caf\u00e9ine et extrait de th\u00e9 vert pour r\u00e9duire les cernes.\",\"breadcrumb\":{\"@id\":\"https:\\\/\\\/vitablanca.ma\\\/produit\\\/the-ordinary-caffeine-solution-5-egcg-anti-cernes-30ml\\\/#breadcrumb\"},\"inLanguage\":\"en-US\",\"potentialAction\":[{\"@type\":\"ReadAction\",\"target\":[\"https:\\\/\\\/vitablanca.ma\\\/produit\\\/the-ordinary-caffeine-solution-5-egcg-anti-cernes-30ml\\\/\"]}]},{\"@type\":\"ImageObject\",\"inLanguage\":\"en-US\",\"@id\":\"https:\\\/\\\/vitablanca.ma\\\/produit\\\/the-ordinary-caffeine-solution-5-egcg-anti-cernes-30ml\\\/#primaryimage\",\"url\":\"https:\\\/\\\/vitablanca.ma\\\/wp-content\\\/uploads\\\/2026\\\/03\\\/caffeine-solution-5-egcg-the-ordinary.jpg\",\"contentUrl\":\"https:\\\/\\\/vitablanca.ma\\\/wp-content\\\/uploads\\\/2026\\\/03\\\/caffeine-solution-5-egcg-the-ordinary.jpg\",\"width\":680,\"height\":680},{\"@type\":\"BreadcrumbList\",\"@id\":\"https:\\\/\\\/vitablanca.ma\\\/produit\\\/the-ordinary-caffeine-solution-5-egcg-anti-cernes-30ml\\\/#breadcrumb\",\"itemListElement\":[{\"@type\":\"ListItem\",\"position\":1,\"name\":\"Home\",\"item\":\"https:\\\/\\\/vitablanca.ma\\\/\"},{\"@type\":\"ListItem\",\"position\":2,\"name\":\"Tous Les Produits\",\"item\":\"https:\\\/\\\/vitablanca.ma\\\/tous-les-produits\\\/\"},{\"@type\":\"ListItem\",\"position\":3,\"name\":\"The Ordinary Caffeine solution 5% + EGCG &#8211; Anti Cernes &#8211; 30ML\"}]},{\"@type\":\"WebSite\",\"@id\":\"https:\\\/\\\/vitablanca.ma\\\/#website\",\"url\":\"https:\\\/\\\/vitablanca.ma\\\/\",\"name\":\"VitaBlanca.ma | Compl\u00e9ments alimentaires, sant\u00e9 & beaut\u00e9 au Maroc\",\"description\":\"vendre vitamines et compl\u00e9ments premium des USA &amp; Canada, Nouvelle Z\u00e9lande,Maroc (NOW Foods, Solgar, Manuka). Livraison rapide partout au Maroc.\",\"publisher\":{\"@id\":\"https:\\\/\\\/vitablanca.ma\\\/#organization\"},\"alternateName\":\"VitaBlanca.ma\",\"potentialAction\":[{\"@type\":\"SearchAction\",\"target\":{\"@type\":\"EntryPoint\",\"urlTemplate\":\"https:\\\/\\\/vitablanca.ma\\\/?s={search_term_string}\"},\"query-input\":{\"@type\":\"PropertyValueSpecification\",\"valueRequired\":true,\"valueName\":\"search_term_string\"}}],\"inLanguage\":\"en-US\"},{\"@type\":\"Organization\",\"@id\":\"https:\\\/\\\/vitablanca.ma\\\/#organization\",\"name\":\"VitaBlanca\",\"url\":\"https:\\\/\\\/vitablanca.ma\\\/\",\"logo\":{\"@type\":\"ImageObject\",\"inLanguage\":\"en-US\",\"@id\":\"https:\\\/\\\/vitablanca.ma\\\/#\\\/schema\\\/logo\\\/image\\\/\",\"url\":\"https:\\\/\\\/vitablanca.ma\\\/wp-content\\\/uploads\\\/2025\\\/05\\\/cropped-vitablanca.png\",\"contentUrl\":\"https:\\\/\\\/vitablanca.ma\\\/wp-content\\\/uploads\\\/2025\\\/05\\\/cropped-vitablanca.png\",\"width\":360,\"height\":67,\"caption\":\"VitaBlanca\"},\"image\":{\"@id\":\"https:\\\/\\\/vitablanca.ma\\\/#\\\/schema\\\/logo\\\/image\\\/\"},\"sameAs\":[\"https:\\\/\\\/www.facebook.com\\\/profile.php?id=61576678196717\",\"https:\\\/\\\/www.tiktok.com\\\/@vitablanca.ma\",\"https:\\\/\\\/www.instagram.com\\\/vitablanca.ma\\\/\"]}]}<\/script>\n<!-- \/ Yoast SEO plugin. -->","yoast_head_json":{"title":"The Ordinary Caffeine solution 5% + EGCG 30ML - Maroc Prix","description":"D\u00e9couvrez The Ordinary Caffeine Solution 5% + EGCG 30ml, un s\u00e9rum contour des yeux concentr\u00e9 en caf\u00e9ine et extrait de th\u00e9 vert pour r\u00e9duire les cernes.","robots":{"index":"index","follow":"follow","max-snippet":"max-snippet:-1","max-image-preview":"max-image-preview:large","max-video-preview":"max-video-preview:-1"},"canonical":"https:\/\/vitablanca.ma\/en\/product\/the-ordinary-caffeine-solution-5-egcg-anti-cernes-30ml\/","og_locale":"en_US","og_type":"article","og_title":"The Ordinary Caffeine solution 5% + EGCG 30ML - Maroc Prix","og_description":"D\u00e9couvrez The Ordinary Caffeine Solution 5% + EGCG 30ml, un s\u00e9rum contour des yeux concentr\u00e9 en caf\u00e9ine et extrait de th\u00e9 vert pour r\u00e9duire les cernes.","og_url":"https:\/\/vitablanca.ma\/en\/product\/the-ordinary-caffeine-solution-5-egcg-anti-cernes-30ml\/","og_site_name":"Vitablanca.ma &ndash; Sant&eacute;, vitalit&eacute; et bien-&ecirc;tre pour tous les Marocains","article_publisher":"https:\/\/www.facebook.com\/profile.php?id=61576678196717","article_modified_time":"2026-03-06T03:38:31+00:00","og_image":[{"width":680,"height":680,"url":"https:\/\/vitablanca.ma\/wp-content\/uploads\/2026\/03\/caffeine-solution-5-egcg-the-ordinary.jpg","type":"image\/jpeg"}],"twitter_card":"summary_large_image","twitter_misc":{"Est. reading time":"1 minute"},"schema":{"@context":"https:\/\/schema.org","@graph":[{"@type":["WebPage","ItemPage"],"@id":"https:\/\/vitablanca.ma\/produit\/the-ordinary-caffeine-solution-5-egcg-anti-cernes-30ml\/","url":"https:\/\/vitablanca.ma\/produit\/the-ordinary-caffeine-solution-5-egcg-anti-cernes-30ml\/","name":"The Ordinary Caffeine solution 5% + EGCG 30ML - Maroc Prix","isPartOf":{"@id":"https:\/\/vitablanca.ma\/#website"},"primaryImageOfPage":{"@id":"https:\/\/vitablanca.ma\/produit\/the-ordinary-caffeine-solution-5-egcg-anti-cernes-30ml\/#primaryimage"},"image":{"@id":"https:\/\/vitablanca.ma\/produit\/the-ordinary-caffeine-solution-5-egcg-anti-cernes-30ml\/#primaryimage"},"thumbnailUrl":"https:\/\/vitablanca.ma\/wp-content\/uploads\/2026\/03\/caffeine-solution-5-egcg-the-ordinary.jpg","datePublished":"2026-03-05T02:30:33+00:00","dateModified":"2026-03-06T03:38:31+00:00","description":"D\u00e9couvrez The Ordinary Caffeine Solution 5% + EGCG 30ml, un s\u00e9rum contour des yeux concentr\u00e9 en caf\u00e9ine et extrait de th\u00e9 vert pour r\u00e9duire les cernes.","breadcrumb":{"@id":"https:\/\/vitablanca.ma\/produit\/the-ordinary-caffeine-solution-5-egcg-anti-cernes-30ml\/#breadcrumb"},"inLanguage":"en-US","potentialAction":[{"@type":"ReadAction","target":["https:\/\/vitablanca.ma\/produit\/the-ordinary-caffeine-solution-5-egcg-anti-cernes-30ml\/"]}]},{"@type":"ImageObject","inLanguage":"en-US","@id":"https:\/\/vitablanca.ma\/produit\/the-ordinary-caffeine-solution-5-egcg-anti-cernes-30ml\/#primaryimage","url":"https:\/\/vitablanca.ma\/wp-content\/uploads\/2026\/03\/caffeine-solution-5-egcg-the-ordinary.jpg","contentUrl":"https:\/\/vitablanca.ma\/wp-content\/uploads\/2026\/03\/caffeine-solution-5-egcg-the-ordinary.jpg","width":680,"height":680},{"@type":"BreadcrumbList","@id":"https:\/\/vitablanca.ma\/produit\/the-ordinary-caffeine-solution-5-egcg-anti-cernes-30ml\/#breadcrumb","itemListElement":[{"@type":"ListItem","position":1,"name":"Home","item":"https:\/\/vitablanca.ma\/"},{"@type":"ListItem","position":2,"name":"Tous Les Produits","item":"https:\/\/vitablanca.ma\/tous-les-produits\/"},{"@type":"ListItem","position":3,"name":"The Ordinary Caffeine solution 5% + EGCG &#8211; Anti Cernes &#8211; 30ML"}]},{"@type":"WebSite","@id":"https:\/\/vitablanca.ma\/#website","url":"https:\/\/vitablanca.ma\/","name":"VitaBlanca.ma | Food supplements, health &amp; beauty in Morocco","description":"sell premium vitamins and supplements from USA &amp; Canada, New Zealand, Morocco (NOW Foods, Solgar, Manuka). Fast delivery anywhere in Morocco.","publisher":{"@id":"https:\/\/vitablanca.ma\/#organization"},"alternateName":"VitaBlanca.ma","potentialAction":[{"@type":"SearchAction","target":{"@type":"EntryPoint","urlTemplate":"https:\/\/vitablanca.ma\/?s={search_term_string}"},"query-input":{"@type":"PropertyValueSpecification","valueRequired":true,"valueName":"search_term_string"}}],"inLanguage":"en-US"},{"@type":"Organization","@id":"https:\/\/vitablanca.ma\/#organization","name":"VitaBlanca","url":"https:\/\/vitablanca.ma\/","logo":{"@type":"ImageObject","inLanguage":"en-US","@id":"https:\/\/vitablanca.ma\/#\/schema\/logo\/image\/","url":"https:\/\/vitablanca.ma\/wp-content\/uploads\/2025\/05\/cropped-vitablanca.png","contentUrl":"https:\/\/vitablanca.ma\/wp-content\/uploads\/2025\/05\/cropped-vitablanca.png","width":360,"height":67,"caption":"VitaBlanca"},"image":{"@id":"https:\/\/vitablanca.ma\/#\/schema\/logo\/image\/"},"sameAs":["https:\/\/www.facebook.com\/profile.php?id=61576678196717","https:\/\/www.tiktok.com\/@vitablanca.ma","https:\/\/www.instagram.com\/vitablanca.ma\/"]}]}},"jetpack_sharing_enabled":true,"_links":{"self":[{"href":"https:\/\/vitablanca.ma\/en\/wp-json\/wp\/v2\/product\/33784","targetHints":{"allow":["GET"]}}],"collection":[{"href":"https:\/\/vitablanca.ma\/en\/wp-json\/wp\/v2\/product"}],"about":[{"href":"https:\/\/vitablanca.ma\/en\/wp-json\/wp\/v2\/types\/product"}],"wp:featuredmedia":[{"embeddable":true,"href":"https:\/\/vitablanca.ma\/en\/wp-json\/wp\/v2\/media\/33785"}],"wp:attachment":[{"href":"https:\/\/vitablanca.ma\/en\/wp-json\/wp\/v2\/media?parent=33784"}],"wp:term":[{"taxonomy":"product_brand","embeddable":true,"href":"https:\/\/vitablanca.ma\/en\/wp-json\/wp\/v2\/product_brand?post=33784"},{"taxonomy":"product_cat","embeddable":true,"href":"https:\/\/vitablanca.ma\/en\/wp-json\/wp\/v2\/product_cat?post=33784"},{"taxonomy":"product_tag","embeddable":true,"href":"https:\/\/vitablanca.ma\/en\/wp-json\/wp\/v2\/product_tag?post=33784"}],"curies":[{"name":"wp","href":"https:\/\/api.w.org\/{rel}","templated":true}]}}