{"id":33777,"date":"2026-03-05T02:05:58","date_gmt":"2026-03-05T02:05:58","guid":{"rendered":"https:\/\/vitablanca.ma\/?post_type=product&#038;p=33777"},"modified":"2026-03-06T03:38:31","modified_gmt":"2026-03-06T03:38:31","slug":"the-ordinary-retinol-0-2-in-squalane","status":"publish","type":"product","link":"https:\/\/vitablanca.ma\/en\/product\/the-ordinary-retinol-0-2-in-squalane\/","title":{"rendered":"The Ordinary RETINOL 0.2% IN SQUALANE"},"content":{"rendered":"<p>Un s\u00e9rum anti-vieillissement contenant du squal\u00e8ne d\u2019origine v\u00e9g\u00e9tale.<\/p>\n<p>Con\u00e7u pour limiter les ridules et r\u00e9duire les signes de l\u2019\u00e2ge, le r\u00e9tinol \u00e0 0.2 % dans du squal\u00e8ne est une solution sans eau \u00e0 forte intensit\u00e9 \u00e0 utiliser au quotidien dans le cadre de votre routine de soin de peau quotidienne. Fine et l\u00e9g\u00e8re, utilisez-le mod\u00e9r\u00e9ment pour des r\u00e9sultats efficaces.<\/p>\n<p>Remarque\u00a0: Le R\u00e9tinol 0.2 % dans du squal\u00e8ne peut causer des rougeurs, des irritations et des desquamations lors des premi\u00e8res semaines d\u2019utilisation. Pour att\u00e9nuer les effets secondaires initiaux, diluer avant utilisation.<\/p>\n<p><b>Ingredients:\u00a0<\/b><br \/>\nPlant derived Squalane, Caprylic\/Capric Triglyceride, Retinol, Solanum Lycopersicum (Tomato) Fruit Extract, Simmondsia Chinensis (Jojoba)\u00a0 Oil, BHT.<\/p>","protected":false},"excerpt":{"rendered":"<p>Un s\u00e9rum anti-vieillissement contenant du squal\u00e8ne d\u2019origine v\u00e9g\u00e9tale. Con\u00e7u pour limiter les ridules et r\u00e9duire les signes de l\u2019\u00e2ge, le r\u00e9tinol \u00e0 0.2 % dans du squal\u00e8ne est une solution sans eau \u00e0 forte intensit\u00e9 \u00e0 utiliser au quotidien dans le cadre de votre routine de soin de peau quotidienne. Fine et l\u00e9g\u00e8re, utilisez-le mod\u00e9r\u00e9ment [&hellip;]<\/p>\n","protected":false},"featured_media":33780,"template":"","meta":{"om_disable_all_campaigns":false},"product_brand":[6942],"product_cat":[18],"product_tag":[11165,11167,11164,11168,11163,9222,11166,11169,8692,11162],"class_list":{"0":"post-33777","1":"product","2":"type-product","3":"status-publish","4":"has-post-thumbnail","6":"product_brand-the-ordinary-maroc-prix","7":"product_cat-beaute-sante","8":"product_tag-retinol-faible-concentration","9":"product_tag-routine-anti-vieillissement","10":"product_tag-serum-anti-age-debutant","11":"product_tag-serum-nuit-visage","12":"product_tag-serum-retinol-the-ordinary","13":"product_tag-soin-anti-rides","14":"product_tag-soin-lissant-visage","15":"product_tag-soin-peau-terne","16":"product_tag-the-ordinary-maroc","17":"product_tag-the-ordinary-retinol-0-2-in-squalane","19":"first","20":"instock","21":"taxable","22":"shipping-taxable","23":"purchasable","24":"product-type-simple"},"yoast_head":"<!-- This site is optimized with the Yoast SEO plugin v27.4 - https:\/\/yoast.com\/product\/yoast-seo-wordpress\/ -->\n<title>The Ordinary RETINOL 0.2% IN SQUALANE - Maroc Prix<\/title>\n<meta name=\"description\" content=\"D\u00e9couvrez The Ordinary Retinol 0.2% in Squalane, un s\u00e9rum anti-\u00e2ge doux formul\u00e9 avec du r\u00e9tinol pur \u00e0 0,2 % , lisser le grain de peau et am\u00e9liorer l\u2019\u00e9clat.\" \/>\n<meta name=\"robots\" content=\"index, follow, max-snippet:-1, max-image-preview:large, max-video-preview:-1\" \/>\n<link rel=\"canonical\" href=\"https:\/\/vitablanca.ma\/en\/product\/the-ordinary-retinol-0-2-in-squalane\/\" \/>\n<meta property=\"og:locale\" content=\"en_US\" \/>\n<meta property=\"og:type\" content=\"article\" \/>\n<meta property=\"og:title\" content=\"The Ordinary RETINOL 0.2% IN SQUALANE - Maroc Prix\" \/>\n<meta property=\"og:description\" content=\"D\u00e9couvrez The Ordinary Retinol 0.2% in Squalane, un s\u00e9rum anti-\u00e2ge doux formul\u00e9 avec du r\u00e9tinol pur \u00e0 0,2 % , lisser le grain de peau et am\u00e9liorer l\u2019\u00e9clat.\" \/>\n<meta property=\"og:url\" content=\"https:\/\/vitablanca.ma\/en\/product\/the-ordinary-retinol-0-2-in-squalane\/\" \/>\n<meta property=\"og:site_name\" content=\"Vitablanca.ma &ndash; Sant&eacute;, vitalit&eacute; et bien-&ecirc;tre pour tous les Marocains\" \/>\n<meta property=\"article:publisher\" content=\"https:\/\/www.facebook.com\/profile.php?id=61576678196717\" \/>\n<meta property=\"article:modified_time\" content=\"2026-03-06T03:38:31+00:00\" \/>\n<meta property=\"og:image\" content=\"https:\/\/vitablanca.ma\/wp-content\/uploads\/2026\/03\/retinol-0.2-in-squalane-the-ordinary.jpg\" \/>\n\t<meta property=\"og:image:width\" content=\"680\" \/>\n\t<meta property=\"og:image:height\" content=\"680\" \/>\n\t<meta property=\"og:image:type\" content=\"image\/jpeg\" \/>\n<meta name=\"twitter:card\" content=\"summary_large_image\" \/>\n<meta name=\"twitter:label1\" content=\"Est. reading time\" \/>\n\t<meta name=\"twitter:data1\" content=\"1 minute\" \/>\n<script type=\"application\/ld+json\" class=\"yoast-schema-graph\">{\"@context\":\"https:\\\/\\\/schema.org\",\"@graph\":[{\"@type\":[\"WebPage\",\"ItemPage\"],\"@id\":\"https:\\\/\\\/vitablanca.ma\\\/produit\\\/the-ordinary-retinol-0-2-in-squalane\\\/\",\"url\":\"https:\\\/\\\/vitablanca.ma\\\/produit\\\/the-ordinary-retinol-0-2-in-squalane\\\/\",\"name\":\"The Ordinary RETINOL 0.2% IN SQUALANE - Maroc Prix\",\"isPartOf\":{\"@id\":\"https:\\\/\\\/vitablanca.ma\\\/#website\"},\"primaryImageOfPage\":{\"@id\":\"https:\\\/\\\/vitablanca.ma\\\/produit\\\/the-ordinary-retinol-0-2-in-squalane\\\/#primaryimage\"},\"image\":{\"@id\":\"https:\\\/\\\/vitablanca.ma\\\/produit\\\/the-ordinary-retinol-0-2-in-squalane\\\/#primaryimage\"},\"thumbnailUrl\":\"https:\\\/\\\/vitablanca.ma\\\/wp-content\\\/uploads\\\/2026\\\/03\\\/retinol-0.2-in-squalane-the-ordinary.jpg\",\"datePublished\":\"2026-03-05T02:05:58+00:00\",\"dateModified\":\"2026-03-06T03:38:31+00:00\",\"description\":\"D\u00e9couvrez The Ordinary Retinol 0.2% in Squalane, un s\u00e9rum anti-\u00e2ge doux formul\u00e9 avec du r\u00e9tinol pur \u00e0 0,2 % , lisser le grain de peau et am\u00e9liorer l\u2019\u00e9clat.\",\"breadcrumb\":{\"@id\":\"https:\\\/\\\/vitablanca.ma\\\/produit\\\/the-ordinary-retinol-0-2-in-squalane\\\/#breadcrumb\"},\"inLanguage\":\"en-US\",\"potentialAction\":[{\"@type\":\"ReadAction\",\"target\":[\"https:\\\/\\\/vitablanca.ma\\\/produit\\\/the-ordinary-retinol-0-2-in-squalane\\\/\"]}]},{\"@type\":\"ImageObject\",\"inLanguage\":\"en-US\",\"@id\":\"https:\\\/\\\/vitablanca.ma\\\/produit\\\/the-ordinary-retinol-0-2-in-squalane\\\/#primaryimage\",\"url\":\"https:\\\/\\\/vitablanca.ma\\\/wp-content\\\/uploads\\\/2026\\\/03\\\/retinol-0.2-in-squalane-the-ordinary.jpg\",\"contentUrl\":\"https:\\\/\\\/vitablanca.ma\\\/wp-content\\\/uploads\\\/2026\\\/03\\\/retinol-0.2-in-squalane-the-ordinary.jpg\",\"width\":680,\"height\":680},{\"@type\":\"BreadcrumbList\",\"@id\":\"https:\\\/\\\/vitablanca.ma\\\/produit\\\/the-ordinary-retinol-0-2-in-squalane\\\/#breadcrumb\",\"itemListElement\":[{\"@type\":\"ListItem\",\"position\":1,\"name\":\"Home\",\"item\":\"https:\\\/\\\/vitablanca.ma\\\/\"},{\"@type\":\"ListItem\",\"position\":2,\"name\":\"Tous Les Produits\",\"item\":\"https:\\\/\\\/vitablanca.ma\\\/tous-les-produits\\\/\"},{\"@type\":\"ListItem\",\"position\":3,\"name\":\"The Ordinary RETINOL 0.2% IN SQUALANE\"}]},{\"@type\":\"WebSite\",\"@id\":\"https:\\\/\\\/vitablanca.ma\\\/#website\",\"url\":\"https:\\\/\\\/vitablanca.ma\\\/\",\"name\":\"VitaBlanca.ma | Compl\u00e9ments alimentaires, sant\u00e9 & beaut\u00e9 au Maroc\",\"description\":\"vendre vitamines et compl\u00e9ments premium des USA &amp; Canada, Nouvelle Z\u00e9lande,Maroc (NOW Foods, Solgar, Manuka). Livraison rapide partout au Maroc.\",\"publisher\":{\"@id\":\"https:\\\/\\\/vitablanca.ma\\\/#organization\"},\"alternateName\":\"VitaBlanca.ma\",\"potentialAction\":[{\"@type\":\"SearchAction\",\"target\":{\"@type\":\"EntryPoint\",\"urlTemplate\":\"https:\\\/\\\/vitablanca.ma\\\/?s={search_term_string}\"},\"query-input\":{\"@type\":\"PropertyValueSpecification\",\"valueRequired\":true,\"valueName\":\"search_term_string\"}}],\"inLanguage\":\"en-US\"},{\"@type\":\"Organization\",\"@id\":\"https:\\\/\\\/vitablanca.ma\\\/#organization\",\"name\":\"VitaBlanca\",\"url\":\"https:\\\/\\\/vitablanca.ma\\\/\",\"logo\":{\"@type\":\"ImageObject\",\"inLanguage\":\"en-US\",\"@id\":\"https:\\\/\\\/vitablanca.ma\\\/#\\\/schema\\\/logo\\\/image\\\/\",\"url\":\"https:\\\/\\\/vitablanca.ma\\\/wp-content\\\/uploads\\\/2025\\\/05\\\/cropped-vitablanca.png\",\"contentUrl\":\"https:\\\/\\\/vitablanca.ma\\\/wp-content\\\/uploads\\\/2025\\\/05\\\/cropped-vitablanca.png\",\"width\":360,\"height\":67,\"caption\":\"VitaBlanca\"},\"image\":{\"@id\":\"https:\\\/\\\/vitablanca.ma\\\/#\\\/schema\\\/logo\\\/image\\\/\"},\"sameAs\":[\"https:\\\/\\\/www.facebook.com\\\/profile.php?id=61576678196717\",\"https:\\\/\\\/www.tiktok.com\\\/@vitablanca.ma\",\"https:\\\/\\\/www.instagram.com\\\/vitablanca.ma\\\/\"]}]}<\/script>\n<!-- \/ Yoast SEO plugin. -->","yoast_head_json":{"title":"The Ordinary RETINOL 0.2% IN SQUALANE - Maroc Prix","description":"D\u00e9couvrez The Ordinary Retinol 0.2% in Squalane, un s\u00e9rum anti-\u00e2ge doux formul\u00e9 avec du r\u00e9tinol pur \u00e0 0,2 % , lisser le grain de peau et am\u00e9liorer l\u2019\u00e9clat.","robots":{"index":"index","follow":"follow","max-snippet":"max-snippet:-1","max-image-preview":"max-image-preview:large","max-video-preview":"max-video-preview:-1"},"canonical":"https:\/\/vitablanca.ma\/en\/product\/the-ordinary-retinol-0-2-in-squalane\/","og_locale":"en_US","og_type":"article","og_title":"The Ordinary RETINOL 0.2% IN SQUALANE - Maroc Prix","og_description":"D\u00e9couvrez The Ordinary Retinol 0.2% in Squalane, un s\u00e9rum anti-\u00e2ge doux formul\u00e9 avec du r\u00e9tinol pur \u00e0 0,2 % , lisser le grain de peau et am\u00e9liorer l\u2019\u00e9clat.","og_url":"https:\/\/vitablanca.ma\/en\/product\/the-ordinary-retinol-0-2-in-squalane\/","og_site_name":"Vitablanca.ma &ndash; Sant&eacute;, vitalit&eacute; et bien-&ecirc;tre pour tous les Marocains","article_publisher":"https:\/\/www.facebook.com\/profile.php?id=61576678196717","article_modified_time":"2026-03-06T03:38:31+00:00","og_image":[{"width":680,"height":680,"url":"https:\/\/vitablanca.ma\/wp-content\/uploads\/2026\/03\/retinol-0.2-in-squalane-the-ordinary.jpg","type":"image\/jpeg"}],"twitter_card":"summary_large_image","twitter_misc":{"Est. reading time":"1 minute"},"schema":{"@context":"https:\/\/schema.org","@graph":[{"@type":["WebPage","ItemPage"],"@id":"https:\/\/vitablanca.ma\/produit\/the-ordinary-retinol-0-2-in-squalane\/","url":"https:\/\/vitablanca.ma\/produit\/the-ordinary-retinol-0-2-in-squalane\/","name":"The Ordinary RETINOL 0.2% IN SQUALANE - Maroc Prix","isPartOf":{"@id":"https:\/\/vitablanca.ma\/#website"},"primaryImageOfPage":{"@id":"https:\/\/vitablanca.ma\/produit\/the-ordinary-retinol-0-2-in-squalane\/#primaryimage"},"image":{"@id":"https:\/\/vitablanca.ma\/produit\/the-ordinary-retinol-0-2-in-squalane\/#primaryimage"},"thumbnailUrl":"https:\/\/vitablanca.ma\/wp-content\/uploads\/2026\/03\/retinol-0.2-in-squalane-the-ordinary.jpg","datePublished":"2026-03-05T02:05:58+00:00","dateModified":"2026-03-06T03:38:31+00:00","description":"D\u00e9couvrez The Ordinary Retinol 0.2% in Squalane, un s\u00e9rum anti-\u00e2ge doux formul\u00e9 avec du r\u00e9tinol pur \u00e0 0,2 % , lisser le grain de peau et am\u00e9liorer l\u2019\u00e9clat.","breadcrumb":{"@id":"https:\/\/vitablanca.ma\/produit\/the-ordinary-retinol-0-2-in-squalane\/#breadcrumb"},"inLanguage":"en-US","potentialAction":[{"@type":"ReadAction","target":["https:\/\/vitablanca.ma\/produit\/the-ordinary-retinol-0-2-in-squalane\/"]}]},{"@type":"ImageObject","inLanguage":"en-US","@id":"https:\/\/vitablanca.ma\/produit\/the-ordinary-retinol-0-2-in-squalane\/#primaryimage","url":"https:\/\/vitablanca.ma\/wp-content\/uploads\/2026\/03\/retinol-0.2-in-squalane-the-ordinary.jpg","contentUrl":"https:\/\/vitablanca.ma\/wp-content\/uploads\/2026\/03\/retinol-0.2-in-squalane-the-ordinary.jpg","width":680,"height":680},{"@type":"BreadcrumbList","@id":"https:\/\/vitablanca.ma\/produit\/the-ordinary-retinol-0-2-in-squalane\/#breadcrumb","itemListElement":[{"@type":"ListItem","position":1,"name":"Home","item":"https:\/\/vitablanca.ma\/"},{"@type":"ListItem","position":2,"name":"Tous Les Produits","item":"https:\/\/vitablanca.ma\/tous-les-produits\/"},{"@type":"ListItem","position":3,"name":"The Ordinary RETINOL 0.2% IN SQUALANE"}]},{"@type":"WebSite","@id":"https:\/\/vitablanca.ma\/#website","url":"https:\/\/vitablanca.ma\/","name":"VitaBlanca.ma | Food supplements, health &amp; beauty in Morocco","description":"sell premium vitamins and supplements from USA &amp; Canada, New Zealand, Morocco (NOW Foods, Solgar, Manuka). Fast delivery anywhere in Morocco.","publisher":{"@id":"https:\/\/vitablanca.ma\/#organization"},"alternateName":"VitaBlanca.ma","potentialAction":[{"@type":"SearchAction","target":{"@type":"EntryPoint","urlTemplate":"https:\/\/vitablanca.ma\/?s={search_term_string}"},"query-input":{"@type":"PropertyValueSpecification","valueRequired":true,"valueName":"search_term_string"}}],"inLanguage":"en-US"},{"@type":"Organization","@id":"https:\/\/vitablanca.ma\/#organization","name":"VitaBlanca","url":"https:\/\/vitablanca.ma\/","logo":{"@type":"ImageObject","inLanguage":"en-US","@id":"https:\/\/vitablanca.ma\/#\/schema\/logo\/image\/","url":"https:\/\/vitablanca.ma\/wp-content\/uploads\/2025\/05\/cropped-vitablanca.png","contentUrl":"https:\/\/vitablanca.ma\/wp-content\/uploads\/2025\/05\/cropped-vitablanca.png","width":360,"height":67,"caption":"VitaBlanca"},"image":{"@id":"https:\/\/vitablanca.ma\/#\/schema\/logo\/image\/"},"sameAs":["https:\/\/www.facebook.com\/profile.php?id=61576678196717","https:\/\/www.tiktok.com\/@vitablanca.ma","https:\/\/www.instagram.com\/vitablanca.ma\/"]}]}},"jetpack_sharing_enabled":true,"_links":{"self":[{"href":"https:\/\/vitablanca.ma\/en\/wp-json\/wp\/v2\/product\/33777","targetHints":{"allow":["GET"]}}],"collection":[{"href":"https:\/\/vitablanca.ma\/en\/wp-json\/wp\/v2\/product"}],"about":[{"href":"https:\/\/vitablanca.ma\/en\/wp-json\/wp\/v2\/types\/product"}],"wp:featuredmedia":[{"embeddable":true,"href":"https:\/\/vitablanca.ma\/en\/wp-json\/wp\/v2\/media\/33780"}],"wp:attachment":[{"href":"https:\/\/vitablanca.ma\/en\/wp-json\/wp\/v2\/media?parent=33777"}],"wp:term":[{"taxonomy":"product_brand","embeddable":true,"href":"https:\/\/vitablanca.ma\/en\/wp-json\/wp\/v2\/product_brand?post=33777"},{"taxonomy":"product_cat","embeddable":true,"href":"https:\/\/vitablanca.ma\/en\/wp-json\/wp\/v2\/product_cat?post=33777"},{"taxonomy":"product_tag","embeddable":true,"href":"https:\/\/vitablanca.ma\/en\/wp-json\/wp\/v2\/product_tag?post=33777"}],"curies":[{"name":"wp","href":"https:\/\/api.w.org\/{rel}","templated":true}]}}