{"id":33724,"date":"2026-03-04T04:26:38","date_gmt":"2026-03-04T04:26:38","guid":{"rendered":"https:\/\/vitablanca.ma\/produit\/lancaster-golden-tan-maximizer-serum-apres-soleil-30ml\/"},"modified":"2026-03-08T02:07:38","modified_gmt":"2026-03-08T02:07:38","slug":"lancaster-golden-tan-maximizer-serum-apres-soleil-30ml","status":"publish","type":"product","link":"https:\/\/vitablanca.ma\/en\/product\/lancaster-golden-tan-maximizer-serum-apres-soleil-30ml\/","title":{"rendered":"LANCASTER GOLDEN TAN MAXIMIZER &#8211; S\u00c9RUM APR\u00c8S-SOLEIL 30ml"},"content":{"rendered":"<p>Vous aimez votre bronzage dor\u00e9 Lancaster ? Notre S\u00e9rum Apr\u00e8s-Soleil Golden Tan Maximizer prolonge votre bronzage jusqu&rsquo;\u00e0 1 mois et calme instantan\u00e9ment la peau apr\u00e8s l\u2019exposition au soleil. Gr\u00e2ce \u00e0 l&rsquo;Huile de Buriti d&rsquo;origine naturelle, le Complexe Activateur de Bronzage Lancaster stimule la production naturelle de m\u00e9lanine pour un bronzage dor\u00e9, durable et uniforme. Sa puissante combinaison d\u2019extrait de soja d\u2019origine naturelle et d\u2019acide hyaluronique aide votre peau \u00e0 lutter contre les dommages li\u00e9s au photo-vieillissement (rides et fermet\u00e9). Son complexe r\u00e9parateur apaise imm\u00e9diatement et r\u00e9duit les risques de desquamation, pour une peau souple et hydrat\u00e9e. Apr\u00e8s l\u2019exposition au soleil, sa texture l\u00e9g\u00e8re et iris\u00e9e repulpe votre peau, restaure son \u00e9clat naturel et illumine votre bronzage dor\u00e9 en un instant.<\/p>","protected":false},"excerpt":{"rendered":"<p>Vous aimez votre bronzage dor\u00e9 Lancaster ? Notre S\u00e9rum Apr\u00e8s-Soleil Golden Tan Maximizer prolonge votre bronzage jusqu&rsquo;\u00e0 1 mois et calme instantan\u00e9ment la peau apr\u00e8s l\u2019exposition au soleil. Gr\u00e2ce \u00e0 l&rsquo;Huile de Buriti d&rsquo;origine naturelle, le Complexe Activateur de Bronzage Lancaster stimule la production naturelle de m\u00e9lanine pour un bronzage dor\u00e9, durable et uniforme. Sa [&hellip;]<\/p>\n","protected":false},"featured_media":33722,"template":"","meta":{"om_disable_all_campaigns":false},"product_brand":[],"product_cat":[18,15],"product_tag":[11420,11409,11402,11418,6384,7351,11416,11419,11417,11421],"class_list":{"0":"post-33724","1":"product","2":"type-product","3":"status-publish","4":"has-post-thumbnail","6":"product_cat-beaute-sante","7":"product_cat-beaute-sante-complements-alimentaires-soins-et-bien-etre-au-meilleur-prix","8":"product_tag-bronzage-lumineux","9":"product_tag-golden-tan-maximizer","10":"product_tag-lancaster","11":"product_tag-peau-apaisee-et-hydratee","12":"product_tag-peau-douce-et-eclatante","13":"product_tag-prolonger-bronzage","14":"product_tag-serum-apres-soleil","15":"product_tag-serum-visage-et-corps","16":"product_tag-soin-apres-soleil-concentre","17":"product_tag-soin-apres-soleil-haut-de-gamme","19":"first","20":"instock","21":"taxable","22":"shipping-taxable","23":"purchasable","24":"product-type-simple"},"yoast_head":"<!-- This site is optimized with the Yoast SEO plugin v27.4 - https:\/\/yoast.com\/product\/yoast-seo-wordpress\/ -->\n<title>LANCASTER GOLDEN TAN MAXIMIZER 30ml - Maroc Prix<\/title>\n<meta name=\"description\" content=\"LANCASTER Golden Tan Maximizer S\u00e9rum Apr\u00e8s-Soleil 30ml est un soin concentr\u00e9 qui apaise la peau, prolonge le bronzage et laisse un teint lumineux .\" \/>\n<meta name=\"robots\" content=\"index, follow, max-snippet:-1, max-image-preview:large, max-video-preview:-1\" \/>\n<link rel=\"canonical\" href=\"https:\/\/vitablanca.ma\/en\/product\/lancaster-golden-tan-maximizer-serum-apres-soleil-30ml\/\" \/>\n<meta property=\"og:locale\" content=\"en_US\" \/>\n<meta property=\"og:type\" content=\"article\" \/>\n<meta property=\"og:title\" content=\"LANCASTER GOLDEN TAN MAXIMIZER 30ml - Maroc Prix\" \/>\n<meta property=\"og:description\" content=\"LANCASTER Golden Tan Maximizer S\u00e9rum Apr\u00e8s-Soleil 30ml est un soin concentr\u00e9 qui apaise la peau, prolonge le bronzage et laisse un teint lumineux .\" \/>\n<meta property=\"og:url\" content=\"https:\/\/vitablanca.ma\/en\/product\/lancaster-golden-tan-maximizer-serum-apres-soleil-30ml\/\" \/>\n<meta property=\"og:site_name\" content=\"Vitablanca.ma &ndash; Sant&eacute;, vitalit&eacute; et bien-&ecirc;tre pour tous les Marocains\" \/>\n<meta property=\"article:publisher\" content=\"https:\/\/www.facebook.com\/profile.php?id=61576678196717\" \/>\n<meta property=\"article:modified_time\" content=\"2026-03-08T02:07:38+00:00\" \/>\n<meta property=\"og:image\" content=\"https:\/\/vitablanca.ma\/wp-content\/uploads\/2026\/03\/LANCASTERGOLDENTANMAXIMIZER-SERUMAPRES-SOLEIL.png\" \/>\n\t<meta property=\"og:image:width\" content=\"1500\" \/>\n\t<meta property=\"og:image:height\" content=\"1500\" \/>\n\t<meta property=\"og:image:type\" content=\"image\/png\" \/>\n<meta name=\"twitter:card\" content=\"summary_large_image\" \/>\n<meta name=\"twitter:label1\" content=\"Est. reading time\" \/>\n\t<meta name=\"twitter:data1\" content=\"1 minute\" \/>\n<script type=\"application\/ld+json\" class=\"yoast-schema-graph\">{\"@context\":\"https:\\\/\\\/schema.org\",\"@graph\":[{\"@type\":[\"WebPage\",\"ItemPage\"],\"@id\":\"https:\\\/\\\/vitablanca.ma\\\/produit\\\/lancaster-golden-tan-maximizer-serum-apres-soleil-30ml\\\/\",\"url\":\"https:\\\/\\\/vitablanca.ma\\\/produit\\\/lancaster-golden-tan-maximizer-serum-apres-soleil-30ml\\\/\",\"name\":\"LANCASTER GOLDEN TAN MAXIMIZER 30ml - Maroc Prix\",\"isPartOf\":{\"@id\":\"https:\\\/\\\/vitablanca.ma\\\/#website\"},\"primaryImageOfPage\":{\"@id\":\"https:\\\/\\\/vitablanca.ma\\\/produit\\\/lancaster-golden-tan-maximizer-serum-apres-soleil-30ml\\\/#primaryimage\"},\"image\":{\"@id\":\"https:\\\/\\\/vitablanca.ma\\\/produit\\\/lancaster-golden-tan-maximizer-serum-apres-soleil-30ml\\\/#primaryimage\"},\"thumbnailUrl\":\"https:\\\/\\\/vitablanca.ma\\\/wp-content\\\/uploads\\\/2026\\\/03\\\/LANCASTERGOLDENTANMAXIMIZER-SERUMAPRES-SOLEIL.png\",\"datePublished\":\"2026-03-04T04:26:38+00:00\",\"dateModified\":\"2026-03-08T02:07:38+00:00\",\"description\":\"LANCASTER Golden Tan Maximizer S\u00e9rum Apr\u00e8s-Soleil 30ml est un soin concentr\u00e9 qui apaise la peau, prolonge le bronzage et laisse un teint lumineux .\",\"breadcrumb\":{\"@id\":\"https:\\\/\\\/vitablanca.ma\\\/produit\\\/lancaster-golden-tan-maximizer-serum-apres-soleil-30ml\\\/#breadcrumb\"},\"inLanguage\":\"en-US\",\"potentialAction\":[{\"@type\":\"ReadAction\",\"target\":[\"https:\\\/\\\/vitablanca.ma\\\/produit\\\/lancaster-golden-tan-maximizer-serum-apres-soleil-30ml\\\/\"]}]},{\"@type\":\"ImageObject\",\"inLanguage\":\"en-US\",\"@id\":\"https:\\\/\\\/vitablanca.ma\\\/produit\\\/lancaster-golden-tan-maximizer-serum-apres-soleil-30ml\\\/#primaryimage\",\"url\":\"https:\\\/\\\/vitablanca.ma\\\/wp-content\\\/uploads\\\/2026\\\/03\\\/LANCASTERGOLDENTANMAXIMIZER-SERUMAPRES-SOLEIL.png\",\"contentUrl\":\"https:\\\/\\\/vitablanca.ma\\\/wp-content\\\/uploads\\\/2026\\\/03\\\/LANCASTERGOLDENTANMAXIMIZER-SERUMAPRES-SOLEIL.png\",\"width\":1500,\"height\":1500},{\"@type\":\"BreadcrumbList\",\"@id\":\"https:\\\/\\\/vitablanca.ma\\\/produit\\\/lancaster-golden-tan-maximizer-serum-apres-soleil-30ml\\\/#breadcrumb\",\"itemListElement\":[{\"@type\":\"ListItem\",\"position\":1,\"name\":\"Home\",\"item\":\"https:\\\/\\\/vitablanca.ma\\\/\"},{\"@type\":\"ListItem\",\"position\":2,\"name\":\"Tous Les Produits\",\"item\":\"https:\\\/\\\/vitablanca.ma\\\/tous-les-produits\\\/\"},{\"@type\":\"ListItem\",\"position\":3,\"name\":\"LANCASTER GOLDEN TAN MAXIMIZER &#8211; S\u00c9RUM APR\u00c8S-SOLEIL 30ml\"}]},{\"@type\":\"WebSite\",\"@id\":\"https:\\\/\\\/vitablanca.ma\\\/#website\",\"url\":\"https:\\\/\\\/vitablanca.ma\\\/\",\"name\":\"VitaBlanca.ma | Compl\u00e9ments alimentaires, sant\u00e9 & beaut\u00e9 au Maroc\",\"description\":\"vendre vitamines et compl\u00e9ments premium des USA &amp; Canada, Nouvelle Z\u00e9lande,Maroc (NOW Foods, Solgar, Manuka). Livraison rapide partout au Maroc.\",\"publisher\":{\"@id\":\"https:\\\/\\\/vitablanca.ma\\\/#organization\"},\"alternateName\":\"VitaBlanca.ma\",\"potentialAction\":[{\"@type\":\"SearchAction\",\"target\":{\"@type\":\"EntryPoint\",\"urlTemplate\":\"https:\\\/\\\/vitablanca.ma\\\/?s={search_term_string}\"},\"query-input\":{\"@type\":\"PropertyValueSpecification\",\"valueRequired\":true,\"valueName\":\"search_term_string\"}}],\"inLanguage\":\"en-US\"},{\"@type\":\"Organization\",\"@id\":\"https:\\\/\\\/vitablanca.ma\\\/#organization\",\"name\":\"VitaBlanca\",\"url\":\"https:\\\/\\\/vitablanca.ma\\\/\",\"logo\":{\"@type\":\"ImageObject\",\"inLanguage\":\"en-US\",\"@id\":\"https:\\\/\\\/vitablanca.ma\\\/#\\\/schema\\\/logo\\\/image\\\/\",\"url\":\"https:\\\/\\\/vitablanca.ma\\\/wp-content\\\/uploads\\\/2025\\\/05\\\/cropped-vitablanca.png\",\"contentUrl\":\"https:\\\/\\\/vitablanca.ma\\\/wp-content\\\/uploads\\\/2025\\\/05\\\/cropped-vitablanca.png\",\"width\":360,\"height\":67,\"caption\":\"VitaBlanca\"},\"image\":{\"@id\":\"https:\\\/\\\/vitablanca.ma\\\/#\\\/schema\\\/logo\\\/image\\\/\"},\"sameAs\":[\"https:\\\/\\\/www.facebook.com\\\/profile.php?id=61576678196717\",\"https:\\\/\\\/www.tiktok.com\\\/@vitablanca.ma\",\"https:\\\/\\\/www.instagram.com\\\/vitablanca.ma\\\/\"]}]}<\/script>\n<!-- \/ Yoast SEO plugin. -->","yoast_head_json":{"title":"LANCASTER GOLDEN TAN MAXIMIZER 30ml - Maroc Prix","description":"LANCASTER Golden Tan Maximizer S\u00e9rum Apr\u00e8s-Soleil 30ml est un soin concentr\u00e9 qui apaise la peau, prolonge le bronzage et laisse un teint lumineux .","robots":{"index":"index","follow":"follow","max-snippet":"max-snippet:-1","max-image-preview":"max-image-preview:large","max-video-preview":"max-video-preview:-1"},"canonical":"https:\/\/vitablanca.ma\/en\/product\/lancaster-golden-tan-maximizer-serum-apres-soleil-30ml\/","og_locale":"en_US","og_type":"article","og_title":"LANCASTER GOLDEN TAN MAXIMIZER 30ml - Maroc Prix","og_description":"LANCASTER Golden Tan Maximizer S\u00e9rum Apr\u00e8s-Soleil 30ml est un soin concentr\u00e9 qui apaise la peau, prolonge le bronzage et laisse un teint lumineux .","og_url":"https:\/\/vitablanca.ma\/en\/product\/lancaster-golden-tan-maximizer-serum-apres-soleil-30ml\/","og_site_name":"Vitablanca.ma &ndash; Sant&eacute;, vitalit&eacute; et bien-&ecirc;tre pour tous les Marocains","article_publisher":"https:\/\/www.facebook.com\/profile.php?id=61576678196717","article_modified_time":"2026-03-08T02:07:38+00:00","og_image":[{"width":1500,"height":1500,"url":"https:\/\/vitablanca.ma\/wp-content\/uploads\/2026\/03\/LANCASTERGOLDENTANMAXIMIZER-SERUMAPRES-SOLEIL.png","type":"image\/png"}],"twitter_card":"summary_large_image","twitter_misc":{"Est. reading time":"1 minute"},"schema":{"@context":"https:\/\/schema.org","@graph":[{"@type":["WebPage","ItemPage"],"@id":"https:\/\/vitablanca.ma\/produit\/lancaster-golden-tan-maximizer-serum-apres-soleil-30ml\/","url":"https:\/\/vitablanca.ma\/produit\/lancaster-golden-tan-maximizer-serum-apres-soleil-30ml\/","name":"LANCASTER GOLDEN TAN MAXIMIZER 30ml - Maroc Prix","isPartOf":{"@id":"https:\/\/vitablanca.ma\/#website"},"primaryImageOfPage":{"@id":"https:\/\/vitablanca.ma\/produit\/lancaster-golden-tan-maximizer-serum-apres-soleil-30ml\/#primaryimage"},"image":{"@id":"https:\/\/vitablanca.ma\/produit\/lancaster-golden-tan-maximizer-serum-apres-soleil-30ml\/#primaryimage"},"thumbnailUrl":"https:\/\/vitablanca.ma\/wp-content\/uploads\/2026\/03\/LANCASTERGOLDENTANMAXIMIZER-SERUMAPRES-SOLEIL.png","datePublished":"2026-03-04T04:26:38+00:00","dateModified":"2026-03-08T02:07:38+00:00","description":"LANCASTER Golden Tan Maximizer S\u00e9rum Apr\u00e8s-Soleil 30ml est un soin concentr\u00e9 qui apaise la peau, prolonge le bronzage et laisse un teint lumineux .","breadcrumb":{"@id":"https:\/\/vitablanca.ma\/produit\/lancaster-golden-tan-maximizer-serum-apres-soleil-30ml\/#breadcrumb"},"inLanguage":"en-US","potentialAction":[{"@type":"ReadAction","target":["https:\/\/vitablanca.ma\/produit\/lancaster-golden-tan-maximizer-serum-apres-soleil-30ml\/"]}]},{"@type":"ImageObject","inLanguage":"en-US","@id":"https:\/\/vitablanca.ma\/produit\/lancaster-golden-tan-maximizer-serum-apres-soleil-30ml\/#primaryimage","url":"https:\/\/vitablanca.ma\/wp-content\/uploads\/2026\/03\/LANCASTERGOLDENTANMAXIMIZER-SERUMAPRES-SOLEIL.png","contentUrl":"https:\/\/vitablanca.ma\/wp-content\/uploads\/2026\/03\/LANCASTERGOLDENTANMAXIMIZER-SERUMAPRES-SOLEIL.png","width":1500,"height":1500},{"@type":"BreadcrumbList","@id":"https:\/\/vitablanca.ma\/produit\/lancaster-golden-tan-maximizer-serum-apres-soleil-30ml\/#breadcrumb","itemListElement":[{"@type":"ListItem","position":1,"name":"Home","item":"https:\/\/vitablanca.ma\/"},{"@type":"ListItem","position":2,"name":"Tous Les Produits","item":"https:\/\/vitablanca.ma\/tous-les-produits\/"},{"@type":"ListItem","position":3,"name":"LANCASTER GOLDEN TAN MAXIMIZER &#8211; S\u00c9RUM APR\u00c8S-SOLEIL 30ml"}]},{"@type":"WebSite","@id":"https:\/\/vitablanca.ma\/#website","url":"https:\/\/vitablanca.ma\/","name":"VitaBlanca.ma | Food supplements, health &amp; beauty in Morocco","description":"sell premium vitamins and supplements from USA &amp; Canada, New Zealand, Morocco (NOW Foods, Solgar, Manuka). Fast delivery anywhere in Morocco.","publisher":{"@id":"https:\/\/vitablanca.ma\/#organization"},"alternateName":"VitaBlanca.ma","potentialAction":[{"@type":"SearchAction","target":{"@type":"EntryPoint","urlTemplate":"https:\/\/vitablanca.ma\/?s={search_term_string}"},"query-input":{"@type":"PropertyValueSpecification","valueRequired":true,"valueName":"search_term_string"}}],"inLanguage":"en-US"},{"@type":"Organization","@id":"https:\/\/vitablanca.ma\/#organization","name":"VitaBlanca","url":"https:\/\/vitablanca.ma\/","logo":{"@type":"ImageObject","inLanguage":"en-US","@id":"https:\/\/vitablanca.ma\/#\/schema\/logo\/image\/","url":"https:\/\/vitablanca.ma\/wp-content\/uploads\/2025\/05\/cropped-vitablanca.png","contentUrl":"https:\/\/vitablanca.ma\/wp-content\/uploads\/2025\/05\/cropped-vitablanca.png","width":360,"height":67,"caption":"VitaBlanca"},"image":{"@id":"https:\/\/vitablanca.ma\/#\/schema\/logo\/image\/"},"sameAs":["https:\/\/www.facebook.com\/profile.php?id=61576678196717","https:\/\/www.tiktok.com\/@vitablanca.ma","https:\/\/www.instagram.com\/vitablanca.ma\/"]}]}},"jetpack_sharing_enabled":true,"_links":{"self":[{"href":"https:\/\/vitablanca.ma\/en\/wp-json\/wp\/v2\/product\/33724","targetHints":{"allow":["GET"]}}],"collection":[{"href":"https:\/\/vitablanca.ma\/en\/wp-json\/wp\/v2\/product"}],"about":[{"href":"https:\/\/vitablanca.ma\/en\/wp-json\/wp\/v2\/types\/product"}],"wp:featuredmedia":[{"embeddable":true,"href":"https:\/\/vitablanca.ma\/en\/wp-json\/wp\/v2\/media\/33722"}],"wp:attachment":[{"href":"https:\/\/vitablanca.ma\/en\/wp-json\/wp\/v2\/media?parent=33724"}],"wp:term":[{"taxonomy":"product_brand","embeddable":true,"href":"https:\/\/vitablanca.ma\/en\/wp-json\/wp\/v2\/product_brand?post=33724"},{"taxonomy":"product_cat","embeddable":true,"href":"https:\/\/vitablanca.ma\/en\/wp-json\/wp\/v2\/product_cat?post=33724"},{"taxonomy":"product_tag","embeddable":true,"href":"https:\/\/vitablanca.ma\/en\/wp-json\/wp\/v2\/product_tag?post=33724"}],"curies":[{"name":"wp","href":"https:\/\/api.w.org\/{rel}","templated":true}]}}