{"id":33721,"date":"2026-03-04T04:26:29","date_gmt":"2026-03-04T04:26:29","guid":{"rendered":"https:\/\/vitablanca.ma\/produit\/lancaster-sun-beauty-tan-deepener-spf-6-200ml\/"},"modified":"2026-03-08T02:10:24","modified_gmt":"2026-03-08T02:10:24","slug":"lancaster-sun-beauty-tan-deepener-spf-6-200ml","status":"publish","type":"product","link":"https:\/\/vitablanca.ma\/en\/product\/lancaster-sun-beauty-tan-deepener-spf-6-200ml\/","title":{"rendered":"LANCASTER SUN BEAUTY TAN DEEPENER SPF 6 200ml"},"content":{"rendered":"<p>Bronzage Intensif SPF<\/p>\n<p>Vibrez de chaleur avec Lancaster Sun Beauty Tan Intensifier SPF\u00a0 Ce gel l\u00e9g\u00e8rement teint\u00e9 vous donnera un teint dor\u00e9 surprenant et doux qui prot\u00e8ge, hydrate et d\u00e9fend contre les rayons UV et les radicaux libres. Id\u00e9al pour les peaux bronz\u00e9es ou habitu\u00e9es au soleil. Une formule l\u00e9g\u00e8re pour des s\u00e9ances de bronzage intenses.<\/p>","protected":false},"excerpt":{"rendered":"<p>Bronzage Intensif SPF Vibrez de chaleur avec Lancaster Sun Beauty Tan Intensifier SPF\u00a0 Ce gel l\u00e9g\u00e8rement teint\u00e9 vous donnera un teint dor\u00e9 surprenant et doux qui prot\u00e8ge, hydrate et d\u00e9fend contre les rayons UV et les radicaux libres. Id\u00e9al pour les peaux bronz\u00e9es ou habitu\u00e9es au soleil. Une formule l\u00e9g\u00e8re pour des s\u00e9ances de bronzage [&hellip;]<\/p>\n","protected":false},"featured_media":33718,"template":"","meta":{"om_disable_all_campaigns":false},"product_brand":[],"product_cat":[18,15],"product_tag":[11427,11429,11402,11423,10047,11424,11426,11428,11425,11422],"class_list":{"0":"post-33721","1":"product","2":"type-product","3":"status-publish","4":"has-post-thumbnail","6":"product_cat-beaute-sante","7":"product_cat-beaute-sante-complements-alimentaires-soins-et-bien-etre-au-meilleur-prix","8":"product_tag-bronzage-progressif","9":"product_tag-lait-solaire-hydratant","10":"product_tag-lancaster","11":"product_tag-lotion-solaire-spf6","12":"product_tag-peau-douce-et-satinee","13":"product_tag-protection-solaire-legere","14":"product_tag-soin-bronzage","15":"product_tag-soin-soleil-visage-et-corps","16":"product_tag-stimuler-bronzage","17":"product_tag-sun-beauty-tan-deepener","19":"first","20":"instock","21":"taxable","22":"shipping-taxable","23":"purchasable","24":"product-type-simple"},"yoast_head":"<!-- This site is optimized with the Yoast SEO plugin v27.4 - https:\/\/yoast.com\/product\/yoast-seo-wordpress\/ -->\n<title>LANCASTER SUN BEAUTY TAN DEEPENER - Maroc Prix<\/title>\n<meta name=\"description\" content=\"LANCASTER Sun Beauty Tan Deepener SPF6 200ml est une lotion solaire qui pr\u00e9pare la peau au bronzage tout en offrant une protection l\u00e9g\u00e8re contre les UV.\" \/>\n<meta name=\"robots\" content=\"index, follow, max-snippet:-1, max-image-preview:large, max-video-preview:-1\" \/>\n<link rel=\"canonical\" href=\"https:\/\/vitablanca.ma\/en\/product\/lancaster-sun-beauty-tan-deepener-spf-6-200ml\/\" \/>\n<meta property=\"og:locale\" content=\"en_US\" \/>\n<meta property=\"og:type\" content=\"article\" \/>\n<meta property=\"og:title\" content=\"LANCASTER SUN BEAUTY TAN DEEPENER - Maroc Prix\" \/>\n<meta property=\"og:description\" content=\"LANCASTER Sun Beauty Tan Deepener SPF6 200ml est une lotion solaire qui pr\u00e9pare la peau au bronzage tout en offrant une protection l\u00e9g\u00e8re contre les UV.\" \/>\n<meta property=\"og:url\" content=\"https:\/\/vitablanca.ma\/en\/product\/lancaster-sun-beauty-tan-deepener-spf-6-200ml\/\" \/>\n<meta property=\"og:site_name\" content=\"Vitablanca.ma &ndash; Sant&eacute;, vitalit&eacute; et bien-&ecirc;tre pour tous les Marocains\" \/>\n<meta property=\"article:publisher\" content=\"https:\/\/www.facebook.com\/profile.php?id=61576678196717\" \/>\n<meta property=\"article:modified_time\" content=\"2026-03-08T02:10:24+00:00\" \/>\n<meta property=\"og:image\" content=\"https:\/\/vitablanca.ma\/wp-content\/uploads\/2026\/03\/LANCASTERSUNBEAUTYTANDEEPENERSPF6200ML.jpg\" \/>\n\t<meta property=\"og:image:width\" content=\"713\" \/>\n\t<meta property=\"og:image:height\" content=\"713\" \/>\n\t<meta property=\"og:image:type\" content=\"image\/jpeg\" \/>\n<meta name=\"twitter:card\" content=\"summary_large_image\" \/>\n<meta name=\"twitter:label1\" content=\"Est. reading time\" \/>\n\t<meta name=\"twitter:data1\" content=\"1 minute\" \/>\n<script type=\"application\/ld+json\" class=\"yoast-schema-graph\">{\"@context\":\"https:\\\/\\\/schema.org\",\"@graph\":[{\"@type\":[\"WebPage\",\"ItemPage\"],\"@id\":\"https:\\\/\\\/vitablanca.ma\\\/produit\\\/lancaster-sun-beauty-tan-deepener-spf-6-200ml\\\/\",\"url\":\"https:\\\/\\\/vitablanca.ma\\\/produit\\\/lancaster-sun-beauty-tan-deepener-spf-6-200ml\\\/\",\"name\":\"LANCASTER SUN BEAUTY TAN DEEPENER - Maroc Prix\",\"isPartOf\":{\"@id\":\"https:\\\/\\\/vitablanca.ma\\\/#website\"},\"primaryImageOfPage\":{\"@id\":\"https:\\\/\\\/vitablanca.ma\\\/produit\\\/lancaster-sun-beauty-tan-deepener-spf-6-200ml\\\/#primaryimage\"},\"image\":{\"@id\":\"https:\\\/\\\/vitablanca.ma\\\/produit\\\/lancaster-sun-beauty-tan-deepener-spf-6-200ml\\\/#primaryimage\"},\"thumbnailUrl\":\"https:\\\/\\\/vitablanca.ma\\\/wp-content\\\/uploads\\\/2026\\\/03\\\/LANCASTERSUNBEAUTYTANDEEPENERSPF6200ML.jpg\",\"datePublished\":\"2026-03-04T04:26:29+00:00\",\"dateModified\":\"2026-03-08T02:10:24+00:00\",\"description\":\"LANCASTER Sun Beauty Tan Deepener SPF6 200ml est une lotion solaire qui pr\u00e9pare la peau au bronzage tout en offrant une protection l\u00e9g\u00e8re contre les UV.\",\"breadcrumb\":{\"@id\":\"https:\\\/\\\/vitablanca.ma\\\/produit\\\/lancaster-sun-beauty-tan-deepener-spf-6-200ml\\\/#breadcrumb\"},\"inLanguage\":\"en-US\",\"potentialAction\":[{\"@type\":\"ReadAction\",\"target\":[\"https:\\\/\\\/vitablanca.ma\\\/produit\\\/lancaster-sun-beauty-tan-deepener-spf-6-200ml\\\/\"]}]},{\"@type\":\"ImageObject\",\"inLanguage\":\"en-US\",\"@id\":\"https:\\\/\\\/vitablanca.ma\\\/produit\\\/lancaster-sun-beauty-tan-deepener-spf-6-200ml\\\/#primaryimage\",\"url\":\"https:\\\/\\\/vitablanca.ma\\\/wp-content\\\/uploads\\\/2026\\\/03\\\/LANCASTERSUNBEAUTYTANDEEPENERSPF6200ML.jpg\",\"contentUrl\":\"https:\\\/\\\/vitablanca.ma\\\/wp-content\\\/uploads\\\/2026\\\/03\\\/LANCASTERSUNBEAUTYTANDEEPENERSPF6200ML.jpg\",\"width\":713,\"height\":713},{\"@type\":\"BreadcrumbList\",\"@id\":\"https:\\\/\\\/vitablanca.ma\\\/produit\\\/lancaster-sun-beauty-tan-deepener-spf-6-200ml\\\/#breadcrumb\",\"itemListElement\":[{\"@type\":\"ListItem\",\"position\":1,\"name\":\"Home\",\"item\":\"https:\\\/\\\/vitablanca.ma\\\/\"},{\"@type\":\"ListItem\",\"position\":2,\"name\":\"Tous Les Produits\",\"item\":\"https:\\\/\\\/vitablanca.ma\\\/tous-les-produits\\\/\"},{\"@type\":\"ListItem\",\"position\":3,\"name\":\"LANCASTER SUN BEAUTY TAN DEEPENER SPF 6 200ml\"}]},{\"@type\":\"WebSite\",\"@id\":\"https:\\\/\\\/vitablanca.ma\\\/#website\",\"url\":\"https:\\\/\\\/vitablanca.ma\\\/\",\"name\":\"VitaBlanca.ma | Compl\u00e9ments alimentaires, sant\u00e9 & beaut\u00e9 au Maroc\",\"description\":\"vendre vitamines et compl\u00e9ments premium des USA &amp; Canada, Nouvelle Z\u00e9lande,Maroc (NOW Foods, Solgar, Manuka). Livraison rapide partout au Maroc.\",\"publisher\":{\"@id\":\"https:\\\/\\\/vitablanca.ma\\\/#organization\"},\"alternateName\":\"VitaBlanca.ma\",\"potentialAction\":[{\"@type\":\"SearchAction\",\"target\":{\"@type\":\"EntryPoint\",\"urlTemplate\":\"https:\\\/\\\/vitablanca.ma\\\/?s={search_term_string}\"},\"query-input\":{\"@type\":\"PropertyValueSpecification\",\"valueRequired\":true,\"valueName\":\"search_term_string\"}}],\"inLanguage\":\"en-US\"},{\"@type\":\"Organization\",\"@id\":\"https:\\\/\\\/vitablanca.ma\\\/#organization\",\"name\":\"VitaBlanca\",\"url\":\"https:\\\/\\\/vitablanca.ma\\\/\",\"logo\":{\"@type\":\"ImageObject\",\"inLanguage\":\"en-US\",\"@id\":\"https:\\\/\\\/vitablanca.ma\\\/#\\\/schema\\\/logo\\\/image\\\/\",\"url\":\"https:\\\/\\\/vitablanca.ma\\\/wp-content\\\/uploads\\\/2025\\\/05\\\/cropped-vitablanca.png\",\"contentUrl\":\"https:\\\/\\\/vitablanca.ma\\\/wp-content\\\/uploads\\\/2025\\\/05\\\/cropped-vitablanca.png\",\"width\":360,\"height\":67,\"caption\":\"VitaBlanca\"},\"image\":{\"@id\":\"https:\\\/\\\/vitablanca.ma\\\/#\\\/schema\\\/logo\\\/image\\\/\"},\"sameAs\":[\"https:\\\/\\\/www.facebook.com\\\/profile.php?id=61576678196717\",\"https:\\\/\\\/www.tiktok.com\\\/@vitablanca.ma\",\"https:\\\/\\\/www.instagram.com\\\/vitablanca.ma\\\/\"]}]}<\/script>\n<!-- \/ Yoast SEO plugin. -->","yoast_head_json":{"title":"LANCASTER SUN BEAUTY TAN DEEPENER - Maroc Prix","description":"LANCASTER Sun Beauty Tan Deepener SPF6 200ml est une lotion solaire qui pr\u00e9pare la peau au bronzage tout en offrant une protection l\u00e9g\u00e8re contre les UV.","robots":{"index":"index","follow":"follow","max-snippet":"max-snippet:-1","max-image-preview":"max-image-preview:large","max-video-preview":"max-video-preview:-1"},"canonical":"https:\/\/vitablanca.ma\/en\/product\/lancaster-sun-beauty-tan-deepener-spf-6-200ml\/","og_locale":"en_US","og_type":"article","og_title":"LANCASTER SUN BEAUTY TAN DEEPENER - Maroc Prix","og_description":"LANCASTER Sun Beauty Tan Deepener SPF6 200ml est une lotion solaire qui pr\u00e9pare la peau au bronzage tout en offrant une protection l\u00e9g\u00e8re contre les UV.","og_url":"https:\/\/vitablanca.ma\/en\/product\/lancaster-sun-beauty-tan-deepener-spf-6-200ml\/","og_site_name":"Vitablanca.ma &ndash; Sant&eacute;, vitalit&eacute; et bien-&ecirc;tre pour tous les Marocains","article_publisher":"https:\/\/www.facebook.com\/profile.php?id=61576678196717","article_modified_time":"2026-03-08T02:10:24+00:00","og_image":[{"width":713,"height":713,"url":"https:\/\/vitablanca.ma\/wp-content\/uploads\/2026\/03\/LANCASTERSUNBEAUTYTANDEEPENERSPF6200ML.jpg","type":"image\/jpeg"}],"twitter_card":"summary_large_image","twitter_misc":{"Est. reading time":"1 minute"},"schema":{"@context":"https:\/\/schema.org","@graph":[{"@type":["WebPage","ItemPage"],"@id":"https:\/\/vitablanca.ma\/produit\/lancaster-sun-beauty-tan-deepener-spf-6-200ml\/","url":"https:\/\/vitablanca.ma\/produit\/lancaster-sun-beauty-tan-deepener-spf-6-200ml\/","name":"LANCASTER SUN BEAUTY TAN DEEPENER - Maroc Prix","isPartOf":{"@id":"https:\/\/vitablanca.ma\/#website"},"primaryImageOfPage":{"@id":"https:\/\/vitablanca.ma\/produit\/lancaster-sun-beauty-tan-deepener-spf-6-200ml\/#primaryimage"},"image":{"@id":"https:\/\/vitablanca.ma\/produit\/lancaster-sun-beauty-tan-deepener-spf-6-200ml\/#primaryimage"},"thumbnailUrl":"https:\/\/vitablanca.ma\/wp-content\/uploads\/2026\/03\/LANCASTERSUNBEAUTYTANDEEPENERSPF6200ML.jpg","datePublished":"2026-03-04T04:26:29+00:00","dateModified":"2026-03-08T02:10:24+00:00","description":"LANCASTER Sun Beauty Tan Deepener SPF6 200ml est une lotion solaire qui pr\u00e9pare la peau au bronzage tout en offrant une protection l\u00e9g\u00e8re contre les UV.","breadcrumb":{"@id":"https:\/\/vitablanca.ma\/produit\/lancaster-sun-beauty-tan-deepener-spf-6-200ml\/#breadcrumb"},"inLanguage":"en-US","potentialAction":[{"@type":"ReadAction","target":["https:\/\/vitablanca.ma\/produit\/lancaster-sun-beauty-tan-deepener-spf-6-200ml\/"]}]},{"@type":"ImageObject","inLanguage":"en-US","@id":"https:\/\/vitablanca.ma\/produit\/lancaster-sun-beauty-tan-deepener-spf-6-200ml\/#primaryimage","url":"https:\/\/vitablanca.ma\/wp-content\/uploads\/2026\/03\/LANCASTERSUNBEAUTYTANDEEPENERSPF6200ML.jpg","contentUrl":"https:\/\/vitablanca.ma\/wp-content\/uploads\/2026\/03\/LANCASTERSUNBEAUTYTANDEEPENERSPF6200ML.jpg","width":713,"height":713},{"@type":"BreadcrumbList","@id":"https:\/\/vitablanca.ma\/produit\/lancaster-sun-beauty-tan-deepener-spf-6-200ml\/#breadcrumb","itemListElement":[{"@type":"ListItem","position":1,"name":"Home","item":"https:\/\/vitablanca.ma\/"},{"@type":"ListItem","position":2,"name":"Tous Les Produits","item":"https:\/\/vitablanca.ma\/tous-les-produits\/"},{"@type":"ListItem","position":3,"name":"LANCASTER SUN BEAUTY TAN DEEPENER SPF 6 200ml"}]},{"@type":"WebSite","@id":"https:\/\/vitablanca.ma\/#website","url":"https:\/\/vitablanca.ma\/","name":"VitaBlanca.ma | Food supplements, health &amp; beauty in Morocco","description":"sell premium vitamins and supplements from USA &amp; Canada, New Zealand, Morocco (NOW Foods, Solgar, Manuka). Fast delivery anywhere in Morocco.","publisher":{"@id":"https:\/\/vitablanca.ma\/#organization"},"alternateName":"VitaBlanca.ma","potentialAction":[{"@type":"SearchAction","target":{"@type":"EntryPoint","urlTemplate":"https:\/\/vitablanca.ma\/?s={search_term_string}"},"query-input":{"@type":"PropertyValueSpecification","valueRequired":true,"valueName":"search_term_string"}}],"inLanguage":"en-US"},{"@type":"Organization","@id":"https:\/\/vitablanca.ma\/#organization","name":"VitaBlanca","url":"https:\/\/vitablanca.ma\/","logo":{"@type":"ImageObject","inLanguage":"en-US","@id":"https:\/\/vitablanca.ma\/#\/schema\/logo\/image\/","url":"https:\/\/vitablanca.ma\/wp-content\/uploads\/2025\/05\/cropped-vitablanca.png","contentUrl":"https:\/\/vitablanca.ma\/wp-content\/uploads\/2025\/05\/cropped-vitablanca.png","width":360,"height":67,"caption":"VitaBlanca"},"image":{"@id":"https:\/\/vitablanca.ma\/#\/schema\/logo\/image\/"},"sameAs":["https:\/\/www.facebook.com\/profile.php?id=61576678196717","https:\/\/www.tiktok.com\/@vitablanca.ma","https:\/\/www.instagram.com\/vitablanca.ma\/"]}]}},"jetpack_sharing_enabled":true,"_links":{"self":[{"href":"https:\/\/vitablanca.ma\/en\/wp-json\/wp\/v2\/product\/33721","targetHints":{"allow":["GET"]}}],"collection":[{"href":"https:\/\/vitablanca.ma\/en\/wp-json\/wp\/v2\/product"}],"about":[{"href":"https:\/\/vitablanca.ma\/en\/wp-json\/wp\/v2\/types\/product"}],"wp:featuredmedia":[{"embeddable":true,"href":"https:\/\/vitablanca.ma\/en\/wp-json\/wp\/v2\/media\/33718"}],"wp:attachment":[{"href":"https:\/\/vitablanca.ma\/en\/wp-json\/wp\/v2\/media?parent=33721"}],"wp:term":[{"taxonomy":"product_brand","embeddable":true,"href":"https:\/\/vitablanca.ma\/en\/wp-json\/wp\/v2\/product_brand?post=33721"},{"taxonomy":"product_cat","embeddable":true,"href":"https:\/\/vitablanca.ma\/en\/wp-json\/wp\/v2\/product_cat?post=33721"},{"taxonomy":"product_tag","embeddable":true,"href":"https:\/\/vitablanca.ma\/en\/wp-json\/wp\/v2\/product_tag?post=33721"}],"curies":[{"name":"wp","href":"https:\/\/api.w.org\/{rel}","templated":true}]}}