{"id":33695,"date":"2026-03-04T04:19:55","date_gmt":"2026-03-04T04:19:55","guid":{"rendered":"https:\/\/vitablanca.ma\/produit\/the-4-forces-toner-1l\/"},"modified":"2026-03-06T03:38:34","modified_gmt":"2026-03-06T03:38:34","slug":"the-4-forces-toner-1l","status":"publish","type":"product","link":"https:\/\/vitablanca.ma\/en\/product\/the-4-forces-toner-1l\/","title":{"rendered":"THE 4 FORCES TONER 1L"},"content":{"rendered":"<h3 style=\"text-align: center\" data-mce-fragment=\"1\">THE 4 FORCES TONER 1L &#8211; ROBSON PELUQUERO<\/h3>\n<p data-mce-fragment=\"1\">There<em> cr\u00e8me \u00e0 base de poudre pigment\u00e9e\u00a0<strong data-mce-fragment=\"1\">The 4 Forces Toner\u00a0de\u00a0Robson Peluquero<\/strong>\u00a0associe quatre teintes :<\/em><\/p>\n<ul data-mce-fragment=\"1\">\n<li data-mce-fragment=\"1\"><em>THE\u00a0<span style=\"color: #df12b7\"><strong data-mce-fragment=\"1\">pink<\/strong><\/span> <\/em><\/li>\n<li data-mce-fragment=\"1\"><em>THE\u00a0<span style=\"color: #0ba128\"><strong data-mce-fragment=\"1\">vert<\/strong><\/span> <\/em><\/li>\n<li data-mce-fragment=\"1\"><em>THE\u00a0<span style=\"color: #0a53a4\"><strong data-mce-fragment=\"1\">bleu<\/strong><\/span> <\/em><\/li>\n<li data-mce-fragment=\"1\"><em>Et le\u00a0<strong data-mce-fragment=\"1\">noir<\/strong>.<\/em><\/li>\n<\/ul>\n<p data-mce-fragment=\"1\"><em>Sa formule est parfaite pour ceux qui cherchent \u00e0 neutraliser le fond blanchissant en r\u00e9v\u00e9lant une teinte fra\u00eeche et lumineuse. Ce produit a \u00e9t\u00e9 d\u00e9velopp\u00e9 avec une haute technologie pour r\u00e9pondre aux exigences des professionnels. Il est riche en prot\u00e9ines quaternis\u00e9es de soie, de k\u00e9ratine et de prot\u00e9ines nobles. Il inclut \u00e9galement de l&rsquo;huile de carthame dans un m\u00e9lange d&rsquo;acides amin\u00e9s qui\u00a0cr\u00e9ent la restructuration des brins et apporte de la douceur \u00e0 la chevelure. Sa formule associant les 4 teintes\u00a0Blue,\u00a0Green,\u00a0Pink\u00a0et\u00a0Silver\u00a0permet de neutraliser la plupart des tons ind\u00e9sirables.<\/em><\/p>\n<h3 data-mce-fragment=\"1\"><em>Instructions for use:<\/em><\/h3>\n<ul>\n<li><em>Une fois les cheveux lav\u00e9s avec le\u00a0shampooing\u00a0<strong>The 4 Forces Toner<\/strong>, propres et exempts de r\u00e9sidus, appliquer\u00a0<strong>The 4 Forces Toner<\/strong>\u00a0m\u00e8che apr\u00e8s m\u00e8che<\/em><\/li>\n<li><em>Masser d\u00e9licatement jusqu&rsquo;\u00e0 obtenir une le r\u00e9sultat souhait\u00e9<\/em><\/li>\n<li><em>Laisser le produit agir de 5 \u00e0 45 minutes selon l&rsquo;effet souhait\u00e9<\/em><\/li>\n<li><em>Rincer abondamment seulement avec de l&rsquo;eau<\/em><\/li>\n<li><em>Finaliser\u00a0comme d\u00e9sir\u00e9.<\/em><\/li>\n<\/ul>\n<p><em>\u00a0<\/em><\/p>\n<p><em><strong>Precautions:<\/strong>\u00a0usage externe uniquement. Ne pas avaler. Conserver hors de port\u00e9e des enfants.<\/em><\/p>\n<p data-mce-fragment=\"1\"><\/p>","protected":false},"excerpt":{"rendered":"<p>THE 4 FORCES TONER 1L &#8211; ROBSON PELUQUERO La cr\u00e8me \u00e0 base de poudre pigment\u00e9e\u00a0The 4 Forces Toner\u00a0de\u00a0Robson Peluquero\u00a0associe quatre teintes : Le\u00a0rose Le\u00a0vert Le\u00a0bleu Et le\u00a0noir. Sa formule est parfaite pour ceux qui cherchent \u00e0 neutraliser le fond blanchissant en r\u00e9v\u00e9lant une teinte fra\u00eeche et lumineuse. Ce produit a \u00e9t\u00e9 d\u00e9velopp\u00e9 avec une haute [&hellip;]<\/p>\n","protected":false},"featured_media":33694,"template":"","meta":{"om_disable_all_campaigns":false},"product_brand":[],"product_cat":[18,15],"product_tag":[],"class_list":{"0":"post-33695","1":"product","2":"type-product","3":"status-publish","4":"has-post-thumbnail","6":"product_cat-beaute-sante","7":"product_cat-beaute-sante-complements-alimentaires-soins-et-bien-etre-au-meilleur-prix","9":"first","10":"instock","11":"taxable","12":"shipping-taxable","13":"purchasable","14":"product-type-simple"},"yoast_head":"<!-- This site is optimized with the Yoast SEO plugin v27.3 - https:\/\/yoast.com\/product\/yoast-seo-wordpress\/ -->\n<title>THE 4 FORCES TONER 1L - Maroc Prix<\/title>\n<meta name=\"description\" content=\"THE 4 FORCES TONER 1L\" \/>\n<meta name=\"robots\" content=\"index, follow, max-snippet:-1, max-image-preview:large, max-video-preview:-1\" \/>\n<link rel=\"canonical\" href=\"https:\/\/vitablanca.ma\/en\/product\/the-4-forces-toner-1l\/\" \/>\n<meta property=\"og:locale\" content=\"en_US\" \/>\n<meta property=\"og:type\" content=\"article\" \/>\n<meta property=\"og:title\" content=\"THE 4 FORCES TONER 1L - Maroc Prix\" \/>\n<meta property=\"og:description\" content=\"THE 4 FORCES TONER 1L\" \/>\n<meta property=\"og:url\" content=\"https:\/\/vitablanca.ma\/en\/product\/the-4-forces-toner-1l\/\" \/>\n<meta property=\"og:site_name\" content=\"Vitablanca.ma &ndash; Sant&eacute;, vitalit&eacute; et bien-&ecirc;tre pour tous les Marocains\" \/>\n<meta property=\"article:publisher\" content=\"https:\/\/www.facebook.com\/profile.php?id=61576678196717\" \/>\n<meta property=\"article:modified_time\" content=\"2026-03-06T03:38:34+00:00\" \/>\n<meta property=\"og:image\" content=\"https:\/\/vitablanca.ma\/wp-content\/uploads\/2026\/03\/THE4FORCE.png\" \/>\n\t<meta property=\"og:image:width\" content=\"2400\" \/>\n\t<meta property=\"og:image:height\" content=\"2400\" \/>\n\t<meta property=\"og:image:type\" content=\"image\/png\" \/>\n<meta name=\"twitter:card\" content=\"summary_large_image\" \/>\n<meta name=\"twitter:label1\" content=\"Est. reading time\" \/>\n\t<meta name=\"twitter:data1\" content=\"1 minute\" \/>\n<script type=\"application\/ld+json\" class=\"yoast-schema-graph\">{\"@context\":\"https:\\\/\\\/schema.org\",\"@graph\":[{\"@type\":[\"WebPage\",\"ItemPage\"],\"@id\":\"https:\\\/\\\/vitablanca.ma\\\/produit\\\/the-4-forces-toner-1l\\\/\",\"url\":\"https:\\\/\\\/vitablanca.ma\\\/produit\\\/the-4-forces-toner-1l\\\/\",\"name\":\"THE 4 FORCES TONER 1L - Maroc Prix\",\"isPartOf\":{\"@id\":\"https:\\\/\\\/vitablanca.ma\\\/#website\"},\"primaryImageOfPage\":{\"@id\":\"https:\\\/\\\/vitablanca.ma\\\/produit\\\/the-4-forces-toner-1l\\\/#primaryimage\"},\"image\":{\"@id\":\"https:\\\/\\\/vitablanca.ma\\\/produit\\\/the-4-forces-toner-1l\\\/#primaryimage\"},\"thumbnailUrl\":\"https:\\\/\\\/vitablanca.ma\\\/wp-content\\\/uploads\\\/2026\\\/03\\\/THE4FORCE.png\",\"datePublished\":\"2026-03-04T04:19:55+00:00\",\"dateModified\":\"2026-03-06T03:38:34+00:00\",\"description\":\"THE 4 FORCES TONER 1L\",\"breadcrumb\":{\"@id\":\"https:\\\/\\\/vitablanca.ma\\\/produit\\\/the-4-forces-toner-1l\\\/#breadcrumb\"},\"inLanguage\":\"en-US\",\"potentialAction\":[{\"@type\":\"ReadAction\",\"target\":[\"https:\\\/\\\/vitablanca.ma\\\/produit\\\/the-4-forces-toner-1l\\\/\"]}]},{\"@type\":\"ImageObject\",\"inLanguage\":\"en-US\",\"@id\":\"https:\\\/\\\/vitablanca.ma\\\/produit\\\/the-4-forces-toner-1l\\\/#primaryimage\",\"url\":\"https:\\\/\\\/vitablanca.ma\\\/wp-content\\\/uploads\\\/2026\\\/03\\\/THE4FORCE.png\",\"contentUrl\":\"https:\\\/\\\/vitablanca.ma\\\/wp-content\\\/uploads\\\/2026\\\/03\\\/THE4FORCE.png\",\"width\":2400,\"height\":2400},{\"@type\":\"BreadcrumbList\",\"@id\":\"https:\\\/\\\/vitablanca.ma\\\/produit\\\/the-4-forces-toner-1l\\\/#breadcrumb\",\"itemListElement\":[{\"@type\":\"ListItem\",\"position\":1,\"name\":\"Home\",\"item\":\"https:\\\/\\\/vitablanca.ma\\\/\"},{\"@type\":\"ListItem\",\"position\":2,\"name\":\"Tous Les Produits\",\"item\":\"https:\\\/\\\/vitablanca.ma\\\/tous-les-produits\\\/\"},{\"@type\":\"ListItem\",\"position\":3,\"name\":\"THE 4 FORCES TONER 1L\"}]},{\"@type\":\"WebSite\",\"@id\":\"https:\\\/\\\/vitablanca.ma\\\/#website\",\"url\":\"https:\\\/\\\/vitablanca.ma\\\/\",\"name\":\"VitaBlanca.ma | Compl\u00e9ments alimentaires, sant\u00e9 & beaut\u00e9 au Maroc\",\"description\":\"vendre vitamines et compl\u00e9ments premium des USA &amp; Canada, Nouvelle Z\u00e9lande,Maroc (NOW Foods, Solgar, Manuka). Livraison rapide partout au Maroc.\",\"publisher\":{\"@id\":\"https:\\\/\\\/vitablanca.ma\\\/#organization\"},\"alternateName\":\"VitaBlanca.ma\",\"potentialAction\":[{\"@type\":\"SearchAction\",\"target\":{\"@type\":\"EntryPoint\",\"urlTemplate\":\"https:\\\/\\\/vitablanca.ma\\\/?s={search_term_string}\"},\"query-input\":{\"@type\":\"PropertyValueSpecification\",\"valueRequired\":true,\"valueName\":\"search_term_string\"}}],\"inLanguage\":\"en-US\"},{\"@type\":\"Organization\",\"@id\":\"https:\\\/\\\/vitablanca.ma\\\/#organization\",\"name\":\"VitaBlanca\",\"url\":\"https:\\\/\\\/vitablanca.ma\\\/\",\"logo\":{\"@type\":\"ImageObject\",\"inLanguage\":\"en-US\",\"@id\":\"https:\\\/\\\/vitablanca.ma\\\/#\\\/schema\\\/logo\\\/image\\\/\",\"url\":\"https:\\\/\\\/vitablanca.ma\\\/wp-content\\\/uploads\\\/2025\\\/05\\\/cropped-vitablanca.png\",\"contentUrl\":\"https:\\\/\\\/vitablanca.ma\\\/wp-content\\\/uploads\\\/2025\\\/05\\\/cropped-vitablanca.png\",\"width\":360,\"height\":67,\"caption\":\"VitaBlanca\"},\"image\":{\"@id\":\"https:\\\/\\\/vitablanca.ma\\\/#\\\/schema\\\/logo\\\/image\\\/\"},\"sameAs\":[\"https:\\\/\\\/www.facebook.com\\\/profile.php?id=61576678196717\",\"https:\\\/\\\/www.tiktok.com\\\/@vitablanca.ma\",\"https:\\\/\\\/www.instagram.com\\\/vitablanca.ma\\\/\"]}]}<\/script>\n<!-- \/ Yoast SEO plugin. -->","yoast_head_json":{"title":"THE 4 FORCES TONER 1L - Maroc Prix","description":"THE 4 FORCES TONER 1L","robots":{"index":"index","follow":"follow","max-snippet":"max-snippet:-1","max-image-preview":"max-image-preview:large","max-video-preview":"max-video-preview:-1"},"canonical":"https:\/\/vitablanca.ma\/en\/product\/the-4-forces-toner-1l\/","og_locale":"en_US","og_type":"article","og_title":"THE 4 FORCES TONER 1L - Maroc Prix","og_description":"THE 4 FORCES TONER 1L","og_url":"https:\/\/vitablanca.ma\/en\/product\/the-4-forces-toner-1l\/","og_site_name":"Vitablanca.ma &ndash; Sant&eacute;, vitalit&eacute; et bien-&ecirc;tre pour tous les Marocains","article_publisher":"https:\/\/www.facebook.com\/profile.php?id=61576678196717","article_modified_time":"2026-03-06T03:38:34+00:00","og_image":[{"width":2400,"height":2400,"url":"https:\/\/vitablanca.ma\/wp-content\/uploads\/2026\/03\/THE4FORCE.png","type":"image\/png"}],"twitter_card":"summary_large_image","twitter_misc":{"Est. reading time":"1 minute"},"schema":{"@context":"https:\/\/schema.org","@graph":[{"@type":["WebPage","ItemPage"],"@id":"https:\/\/vitablanca.ma\/produit\/the-4-forces-toner-1l\/","url":"https:\/\/vitablanca.ma\/produit\/the-4-forces-toner-1l\/","name":"THE 4 FORCES TONER 1L - Maroc Prix","isPartOf":{"@id":"https:\/\/vitablanca.ma\/#website"},"primaryImageOfPage":{"@id":"https:\/\/vitablanca.ma\/produit\/the-4-forces-toner-1l\/#primaryimage"},"image":{"@id":"https:\/\/vitablanca.ma\/produit\/the-4-forces-toner-1l\/#primaryimage"},"thumbnailUrl":"https:\/\/vitablanca.ma\/wp-content\/uploads\/2026\/03\/THE4FORCE.png","datePublished":"2026-03-04T04:19:55+00:00","dateModified":"2026-03-06T03:38:34+00:00","description":"THE 4 FORCES TONER 1L","breadcrumb":{"@id":"https:\/\/vitablanca.ma\/produit\/the-4-forces-toner-1l\/#breadcrumb"},"inLanguage":"en-US","potentialAction":[{"@type":"ReadAction","target":["https:\/\/vitablanca.ma\/produit\/the-4-forces-toner-1l\/"]}]},{"@type":"ImageObject","inLanguage":"en-US","@id":"https:\/\/vitablanca.ma\/produit\/the-4-forces-toner-1l\/#primaryimage","url":"https:\/\/vitablanca.ma\/wp-content\/uploads\/2026\/03\/THE4FORCE.png","contentUrl":"https:\/\/vitablanca.ma\/wp-content\/uploads\/2026\/03\/THE4FORCE.png","width":2400,"height":2400},{"@type":"BreadcrumbList","@id":"https:\/\/vitablanca.ma\/produit\/the-4-forces-toner-1l\/#breadcrumb","itemListElement":[{"@type":"ListItem","position":1,"name":"Home","item":"https:\/\/vitablanca.ma\/"},{"@type":"ListItem","position":2,"name":"Tous Les Produits","item":"https:\/\/vitablanca.ma\/tous-les-produits\/"},{"@type":"ListItem","position":3,"name":"THE 4 FORCES TONER 1L"}]},{"@type":"WebSite","@id":"https:\/\/vitablanca.ma\/#website","url":"https:\/\/vitablanca.ma\/","name":"VitaBlanca.ma | Food supplements, health &amp; beauty in Morocco","description":"sell premium vitamins and supplements from USA &amp; Canada, New Zealand, Morocco (NOW Foods, Solgar, Manuka). Fast delivery anywhere in Morocco.","publisher":{"@id":"https:\/\/vitablanca.ma\/#organization"},"alternateName":"VitaBlanca.ma","potentialAction":[{"@type":"SearchAction","target":{"@type":"EntryPoint","urlTemplate":"https:\/\/vitablanca.ma\/?s={search_term_string}"},"query-input":{"@type":"PropertyValueSpecification","valueRequired":true,"valueName":"search_term_string"}}],"inLanguage":"en-US"},{"@type":"Organization","@id":"https:\/\/vitablanca.ma\/#organization","name":"VitaBlanca","url":"https:\/\/vitablanca.ma\/","logo":{"@type":"ImageObject","inLanguage":"en-US","@id":"https:\/\/vitablanca.ma\/#\/schema\/logo\/image\/","url":"https:\/\/vitablanca.ma\/wp-content\/uploads\/2025\/05\/cropped-vitablanca.png","contentUrl":"https:\/\/vitablanca.ma\/wp-content\/uploads\/2025\/05\/cropped-vitablanca.png","width":360,"height":67,"caption":"VitaBlanca"},"image":{"@id":"https:\/\/vitablanca.ma\/#\/schema\/logo\/image\/"},"sameAs":["https:\/\/www.facebook.com\/profile.php?id=61576678196717","https:\/\/www.tiktok.com\/@vitablanca.ma","https:\/\/www.instagram.com\/vitablanca.ma\/"]}]}},"jetpack_sharing_enabled":true,"_links":{"self":[{"href":"https:\/\/vitablanca.ma\/en\/wp-json\/wp\/v2\/product\/33695","targetHints":{"allow":["GET"]}}],"collection":[{"href":"https:\/\/vitablanca.ma\/en\/wp-json\/wp\/v2\/product"}],"about":[{"href":"https:\/\/vitablanca.ma\/en\/wp-json\/wp\/v2\/types\/product"}],"wp:featuredmedia":[{"embeddable":true,"href":"https:\/\/vitablanca.ma\/en\/wp-json\/wp\/v2\/media\/33694"}],"wp:attachment":[{"href":"https:\/\/vitablanca.ma\/en\/wp-json\/wp\/v2\/media?parent=33695"}],"wp:term":[{"taxonomy":"product_brand","embeddable":true,"href":"https:\/\/vitablanca.ma\/en\/wp-json\/wp\/v2\/product_brand?post=33695"},{"taxonomy":"product_cat","embeddable":true,"href":"https:\/\/vitablanca.ma\/en\/wp-json\/wp\/v2\/product_cat?post=33695"},{"taxonomy":"product_tag","embeddable":true,"href":"https:\/\/vitablanca.ma\/en\/wp-json\/wp\/v2\/product_tag?post=33695"}],"curies":[{"name":"wp","href":"https:\/\/api.w.org\/{rel}","templated":true}]}}