{"id":33605,"date":"2026-03-04T04:04:23","date_gmt":"2026-03-04T04:04:23","guid":{"rendered":"https:\/\/vitablanca.ma\/produit\/brosse-soufflante-enzo-smooth-style-titane-pour-brushing-pro-en-6213\/"},"modified":"2026-03-06T03:38:35","modified_gmt":"2026-03-06T03:38:35","slug":"brosse-soufflante-enzo-smooth-style-titane-pour-brushing-pro-en-6213","status":"publish","type":"product","link":"https:\/\/vitablanca.ma\/en\/product\/brosse-soufflante-enzo-smooth-style-titane-pour-brushing-pro-en-6213\/","title":{"rendered":"Brosse soufflante ENZO Smooth Style titane pour brushing pro EN-6213"},"content":{"rendered":"<p class=\"MsoNormal\" style=\"margin-bottom: 18.75pt;line-height: normal;background: white\"><span style=\"font-family: 'Arial','sans-serif';color: #262626\">Transformez votre routine capillaire avec l\u2019<b>ENZO EN \u2013 6213 One Step Electric Ion Hot Air Brush<\/b>, un outil 2-en-1 qui combine la puissance d\u2019un s\u00e8che-cheveux et la praticit\u00e9 d\u2019une brosse coiffante. Gr\u00e2ce \u00e0 sa\u00a0<b>technologie ionique avanc\u00e9e<\/b>, elle r\u00e9duit les frisottis, apporte brillance et laisse vos cheveux lisses et soyeux. Son rev\u00eatement en c\u00e9ramique assure une diffusion uniforme de la chaleur, prot\u00e9geant ainsi vos cheveux contre les points chauds et les dommages.<\/span><\/p>\n<p class=\"MsoNormal\" style=\"margin-bottom: 18.75pt;line-height: normal;background: white\"><span style=\"font-family: 'Arial','sans-serif';color: #262626\">Son design ergonomique et son c\u00e2ble rotatif \u00e0 360\u00b0 offrent une prise en main confortable et une libert\u00e9 de mouvement optimale. Avec ses\u00a0<b>r\u00e9glages de chaleur et de vitesse ajustables<\/b>, dont une fonction air froid, vous pouvez personnaliser votre coiffure selon vos envies, que ce soit pour un brushing volumineux ou un look parfaitement lisse.<\/span><\/p>\n<p class=\"MsoNormal\" style=\"margin-bottom: 18.75pt;line-height: normal;background: white\"><span style=\"font-family: 'Arial','sans-serif';color: #262626\">Profitez de la qualit\u00e9 professionnelle\u00a0<b>ENZO<\/b>, directement chez vous, et simplifiez vos s\u00e9ances de coiffure au quotidien.<\/span><\/p>\n<p class=\"MsoNormal\" style=\"margin-bottom: 18.75pt;line-height: normal;background: white\"><b><span style=\"font-family: 'Arial','sans-serif';color: #262626\">Point forts du produit<\/span><\/b><span style=\"font-family: 'Arial','sans-serif';color: #262626\"><\/span><\/p>\n<ul type=\"disc\">\n<li class=\"MsoNormal\" style=\"color: black;line-height: normal;background: white\">\n<b><span style=\"font-family: 'Arial','sans-serif';color: #262626\"><span style=\"color: windowtext\">2 en 1<\/span><\/span><\/b><span style=\"font-family: 'Arial','sans-serif';color: #262626\"><span style=\"color: windowtext\">\u00a0: s\u00e8che-cheveux + brosse coiffante<\/span><\/span>\n<\/li>\n<li class=\"MsoNormal\" style=\"color: black;line-height: normal;background: white\">\n<b><span style=\"font-family: 'Arial','sans-serif';color: #262626\"><span style=\"color: windowtext\">Technologie ionique<\/span><\/span><\/b><span style=\"font-family: 'Arial','sans-serif';color: #262626\"><span style=\"color: windowtext\">\u00a0anti-frisottis, cheveux brillants<\/span><\/span>\n<\/li>\n<li class=\"MsoNormal\" style=\"color: black;line-height: normal;background: white\">\n<b><span style=\"font-family: 'Arial','sans-serif';color: #262626\"><span style=\"color: windowtext\">Rev\u00eatement c\u00e9ramique<\/span><\/span><\/b><span style=\"font-family: 'Arial','sans-serif';color: #262626\"><span style=\"color: windowtext\">\u00a0pour prot\u00e9ger la fibre capillaire<\/span><\/span>\n<\/li>\n<li class=\"MsoNormal\" style=\"color: black;line-height: normal;background: white\">\n<b><span style=\"font-family: 'Arial','sans-serif';color: #262626\"><span style=\"color: windowtext\">2 niveaux de temp\u00e9rature<\/span><\/span><\/b><span style=\"font-family: 'Arial','sans-serif';color: #262626\"><span style=\"color: windowtext\">\u00a0+ fonction air froid<\/span><\/span>\n<\/li>\n<li class=\"MsoNormal\" style=\"color: black;line-height: normal;background: white\">\n<b><span style=\"font-family: 'Arial','sans-serif';color: #262626\"><span style=\"color: windowtext\">Puissance 1500W<\/span><\/span><\/b><span style=\"font-family: 'Arial','sans-serif';color: #262626\"><span style=\"color: windowtext\">\u00a0pour un s\u00e9chage rapide et efficace<\/span><\/span>\n<\/li>\n<li class=\"MsoNormal\" style=\"color: black;line-height: normal;background: white\">\n<b><span style=\"font-family: 'Arial','sans-serif';color: #262626\"><span style=\"color: windowtext\">Paiement \u00e0 la livraison, Livraison rapide 24\/48h<\/span><\/span><\/b><span style=\"font-family: 'Arial','sans-serif';color: #262626\"><\/span>\n<\/li>\n<li class=\"MsoNormal\" style=\"color: black;line-height: normal;background: white\">\n<b><span style=\"font-family: 'Arial','sans-serif';color: #262626\"><span style=\"color: windowtext\">Produit authentique et garanti, Service WhatsApp<\/span><\/span><\/b><span style=\"font-family: 'Arial','sans-serif';color: #262626\"><\/span>\n<\/li>\n<\/ul>\n<p class=\"MsoNormal\" style=\"margin-bottom: 7.5pt;line-height: normal;background: white\"><b><span style=\"font-family: 'Arial','sans-serif';color: #262626\">Sp<\/span><\/b><b><span style=\"font-family: 'Arial','sans-serif';color: #262626\">e<\/span><\/b><b><span style=\"font-family: 'Arial','sans-serif';color: #262626\">cification Techniques<\/span><\/b><span style=\"font-family: 'Arial','sans-serif';color: #262626\"><\/span><\/p>\n<ul type=\"disc\">\n<li class=\"MsoNormal\" style=\"color: black;line-height: normal;background: white\"><span style=\"font-family: 'Arial','sans-serif';color: #262626\"><span style=\"color: windowtext\">Type : Brosse coiffante \u00e9lectrique ionique<\/span><\/span><\/li>\n<li class=\"MsoNormal\" style=\"color: black;line-height: normal;background: white\"><span style=\"font-family: 'Arial','sans-serif';color: #262626\"><span style=\"color: windowtext\">Public : Cheveux fins, \u00e9pais, fris\u00e9s, lisses<\/span><\/span><\/li>\n<li class=\"MsoNormal\" style=\"color: black;line-height: normal;background: white\"><span style=\"font-family: 'Arial','sans-serif';color: #262626\"><span style=\"color: windowtext\">Puissance : 1500W<\/span><\/span><\/li>\n<li class=\"MsoNormal\" style=\"color: black;line-height: normal;background: white\"><span style=\"font-family: 'Arial','sans-serif';color: #262626\"><span style=\"color: windowtext\">Mati\u00e8re brosse : Nylon<\/span><\/span><\/li>\n<li class=\"MsoNormal\" style=\"color: black;line-height: normal;background: white\"><span style=\"font-family: 'Arial','sans-serif';color: #262626\"><span style=\"color: windowtext\">Mati\u00e8re poign\u00e9e : Plastique<\/span><\/span><\/li>\n<li class=\"MsoNormal\" style=\"color: black;line-height: normal;background: white\"><span style=\"font-family: 'Arial','sans-serif';color: #262626\"><span style=\"color: windowtext\">R\u00e9glages temp\u00e9rature : 2 niveaux<\/span><\/span><\/li>\n<li class=\"MsoNormal\" style=\"color: black;line-height: normal;background: white\"><span style=\"font-family: 'Arial','sans-serif';color: #262626\"><span style=\"color: windowtext\">Alimentation : \u00c9lectrique<\/span><\/span><\/li>\n<li class=\"MsoNormal\" style=\"color: black;line-height: normal;background: white\"><span style=\"font-family: 'Arial','sans-serif';color: #262626\"><span style=\"color: windowtext\">Cordon rotatif : 360\u00b0<\/span><\/span><\/li>\n<li class=\"MsoNormal\" style=\"color: black;line-height: normal;background: white\"><span style=\"font-family: 'Arial','sans-serif';color: #262626\"><span style=\"color: windowtext\">Mod\u00e8le : EN-6213<\/span><\/span><\/li>\n<li class=\"MsoNormal\" style=\"color: black;line-height: normal;background: white\"><span style=\"font-family: 'Arial','sans-serif';color: #262626\"><span style=\"color: windowtext\">Origine : Zhejiang, Chine<\/span><\/span><\/li>\n<li class=\"MsoNormal\" style=\"color: black;line-height: normal;background: white\"><span style=\"font-family: 'Arial','sans-serif';color: #262626\"><span style=\"color: windowtext\">Emballage : Color box \/ Gift box<\/span><\/span><\/li>\n<\/ul>","protected":false},"excerpt":{"rendered":"<p>Transformez votre routine capillaire avec l\u2019ENZO EN \u2013 6213 One Step Electric Ion Hot Air Brush, un outil 2-en-1 qui combine la puissance d\u2019un s\u00e8che-cheveux et la praticit\u00e9 d\u2019une brosse coiffante. Gr\u00e2ce \u00e0 sa\u00a0technologie ionique avanc\u00e9e, elle r\u00e9duit les frisottis, apporte brillance et laisse vos cheveux lisses et soyeux. Son rev\u00eatement en c\u00e9ramique assure une [&hellip;]<\/p>\n","protected":false},"featured_media":33600,"template":"","meta":{"om_disable_all_campaigns":false},"product_brand":[],"product_cat":[18,15],"product_tag":[],"class_list":{"0":"post-33605","1":"product","2":"type-product","3":"status-publish","4":"has-post-thumbnail","6":"product_cat-beaute-sante","7":"product_cat-beaute-sante-complements-alimentaires-soins-et-bien-etre-au-meilleur-prix","9":"first","10":"instock","11":"taxable","12":"shipping-taxable","13":"purchasable","14":"product-type-simple"},"yoast_head":"<!-- This site is optimized with the Yoast SEO plugin v27.5 - https:\/\/yoast.com\/product\/yoast-seo-wordpress\/ -->\n<title>Brosse soufflante ENZO Smooth Style titane pour brushing pro EN-6213 - Maroc Prix<\/title>\n<meta name=\"description\" content=\"Brosse soufflante ENZO Smooth Style titane pour brushing pro EN-6213\" \/>\n<meta name=\"robots\" content=\"index, follow, max-snippet:-1, max-image-preview:large, max-video-preview:-1\" \/>\n<link rel=\"canonical\" href=\"https:\/\/vitablanca.ma\/en\/product\/brosse-soufflante-enzo-smooth-style-titane-pour-brushing-pro-en-6213\/\" \/>\n<meta property=\"og:locale\" content=\"en_US\" \/>\n<meta property=\"og:type\" content=\"article\" \/>\n<meta property=\"og:title\" content=\"Brosse soufflante ENZO Smooth Style titane pour brushing pro EN-6213 - Maroc Prix\" \/>\n<meta property=\"og:description\" content=\"Brosse soufflante ENZO Smooth Style titane pour brushing pro EN-6213\" \/>\n<meta property=\"og:url\" content=\"https:\/\/vitablanca.ma\/en\/product\/brosse-soufflante-enzo-smooth-style-titane-pour-brushing-pro-en-6213\/\" \/>\n<meta property=\"og:site_name\" content=\"Vitablanca.ma &ndash; Sant&eacute;, vitalit&eacute; et bien-&ecirc;tre pour tous les Marocains\" \/>\n<meta property=\"article:publisher\" content=\"https:\/\/www.facebook.com\/profile.php?id=61576678196717\" \/>\n<meta property=\"article:modified_time\" content=\"2026-03-06T03:38:35+00:00\" \/>\n<meta property=\"og:image\" content=\"https:\/\/vitablanca.ma\/wp-content\/uploads\/2026\/03\/EN-62132.jpg\" \/>\n\t<meta property=\"og:image:width\" content=\"1080\" \/>\n\t<meta property=\"og:image:height\" content=\"1080\" \/>\n\t<meta property=\"og:image:type\" content=\"image\/jpeg\" \/>\n<meta name=\"twitter:card\" content=\"summary_large_image\" \/>\n<meta name=\"twitter:label1\" content=\"Est. reading time\" \/>\n\t<meta name=\"twitter:data1\" content=\"1 minute\" \/>\n<script type=\"application\/ld+json\" class=\"yoast-schema-graph\">{\"@context\":\"https:\\\/\\\/schema.org\",\"@graph\":[{\"@type\":[\"WebPage\",\"ItemPage\"],\"@id\":\"https:\\\/\\\/vitablanca.ma\\\/produit\\\/brosse-soufflante-enzo-smooth-style-titane-pour-brushing-pro-en-6213\\\/\",\"url\":\"https:\\\/\\\/vitablanca.ma\\\/produit\\\/brosse-soufflante-enzo-smooth-style-titane-pour-brushing-pro-en-6213\\\/\",\"name\":\"Brosse soufflante ENZO Smooth Style titane pour brushing pro EN-6213 - Maroc Prix\",\"isPartOf\":{\"@id\":\"https:\\\/\\\/vitablanca.ma\\\/#website\"},\"primaryImageOfPage\":{\"@id\":\"https:\\\/\\\/vitablanca.ma\\\/produit\\\/brosse-soufflante-enzo-smooth-style-titane-pour-brushing-pro-en-6213\\\/#primaryimage\"},\"image\":{\"@id\":\"https:\\\/\\\/vitablanca.ma\\\/produit\\\/brosse-soufflante-enzo-smooth-style-titane-pour-brushing-pro-en-6213\\\/#primaryimage\"},\"thumbnailUrl\":\"https:\\\/\\\/vitablanca.ma\\\/wp-content\\\/uploads\\\/2026\\\/03\\\/EN-62132.jpg\",\"datePublished\":\"2026-03-04T04:04:23+00:00\",\"dateModified\":\"2026-03-06T03:38:35+00:00\",\"description\":\"Brosse soufflante ENZO Smooth Style titane pour brushing pro EN-6213\",\"breadcrumb\":{\"@id\":\"https:\\\/\\\/vitablanca.ma\\\/produit\\\/brosse-soufflante-enzo-smooth-style-titane-pour-brushing-pro-en-6213\\\/#breadcrumb\"},\"inLanguage\":\"en-US\",\"potentialAction\":[{\"@type\":\"ReadAction\",\"target\":[\"https:\\\/\\\/vitablanca.ma\\\/produit\\\/brosse-soufflante-enzo-smooth-style-titane-pour-brushing-pro-en-6213\\\/\"]}]},{\"@type\":\"ImageObject\",\"inLanguage\":\"en-US\",\"@id\":\"https:\\\/\\\/vitablanca.ma\\\/produit\\\/brosse-soufflante-enzo-smooth-style-titane-pour-brushing-pro-en-6213\\\/#primaryimage\",\"url\":\"https:\\\/\\\/vitablanca.ma\\\/wp-content\\\/uploads\\\/2026\\\/03\\\/EN-62132.jpg\",\"contentUrl\":\"https:\\\/\\\/vitablanca.ma\\\/wp-content\\\/uploads\\\/2026\\\/03\\\/EN-62132.jpg\",\"width\":1080,\"height\":1080},{\"@type\":\"BreadcrumbList\",\"@id\":\"https:\\\/\\\/vitablanca.ma\\\/produit\\\/brosse-soufflante-enzo-smooth-style-titane-pour-brushing-pro-en-6213\\\/#breadcrumb\",\"itemListElement\":[{\"@type\":\"ListItem\",\"position\":1,\"name\":\"Home\",\"item\":\"https:\\\/\\\/vitablanca.ma\\\/\"},{\"@type\":\"ListItem\",\"position\":2,\"name\":\"Tous Les Produits\",\"item\":\"https:\\\/\\\/vitablanca.ma\\\/tous-les-produits\\\/\"},{\"@type\":\"ListItem\",\"position\":3,\"name\":\"Brosse soufflante ENZO Smooth Style titane pour brushing pro EN-6213\"}]},{\"@type\":\"WebSite\",\"@id\":\"https:\\\/\\\/vitablanca.ma\\\/#website\",\"url\":\"https:\\\/\\\/vitablanca.ma\\\/\",\"name\":\"VitaBlanca.ma | Compl\u00e9ments alimentaires, sant\u00e9 & beaut\u00e9 au Maroc\",\"description\":\"vendre vitamines et compl\u00e9ments premium des USA &amp; Canada, Nouvelle Z\u00e9lande,Maroc (NOW Foods, Solgar, Manuka). Livraison rapide partout au Maroc.\",\"publisher\":{\"@id\":\"https:\\\/\\\/vitablanca.ma\\\/#organization\"},\"alternateName\":\"VitaBlanca.ma\",\"potentialAction\":[{\"@type\":\"SearchAction\",\"target\":{\"@type\":\"EntryPoint\",\"urlTemplate\":\"https:\\\/\\\/vitablanca.ma\\\/?s={search_term_string}\"},\"query-input\":{\"@type\":\"PropertyValueSpecification\",\"valueRequired\":true,\"valueName\":\"search_term_string\"}}],\"inLanguage\":\"en-US\"},{\"@type\":\"Organization\",\"@id\":\"https:\\\/\\\/vitablanca.ma\\\/#organization\",\"name\":\"VitaBlanca\",\"url\":\"https:\\\/\\\/vitablanca.ma\\\/\",\"logo\":{\"@type\":\"ImageObject\",\"inLanguage\":\"en-US\",\"@id\":\"https:\\\/\\\/vitablanca.ma\\\/#\\\/schema\\\/logo\\\/image\\\/\",\"url\":\"https:\\\/\\\/vitablanca.ma\\\/wp-content\\\/uploads\\\/2025\\\/05\\\/cropped-vitablanca.png\",\"contentUrl\":\"https:\\\/\\\/vitablanca.ma\\\/wp-content\\\/uploads\\\/2025\\\/05\\\/cropped-vitablanca.png\",\"width\":360,\"height\":67,\"caption\":\"VitaBlanca\"},\"image\":{\"@id\":\"https:\\\/\\\/vitablanca.ma\\\/#\\\/schema\\\/logo\\\/image\\\/\"},\"sameAs\":[\"https:\\\/\\\/www.facebook.com\\\/profile.php?id=61576678196717\",\"https:\\\/\\\/www.tiktok.com\\\/@vitablanca.ma\",\"https:\\\/\\\/www.instagram.com\\\/vitablanca.ma\\\/\"]}]}<\/script>\n<!-- \/ Yoast SEO plugin. -->","yoast_head_json":{"title":"Brosse soufflante ENZO Smooth Style titane pour brushing pro EN-6213 - Maroc Prix","description":"Brosse soufflante ENZO Smooth Style titane pour brushing pro EN-6213","robots":{"index":"index","follow":"follow","max-snippet":"max-snippet:-1","max-image-preview":"max-image-preview:large","max-video-preview":"max-video-preview:-1"},"canonical":"https:\/\/vitablanca.ma\/en\/product\/brosse-soufflante-enzo-smooth-style-titane-pour-brushing-pro-en-6213\/","og_locale":"en_US","og_type":"article","og_title":"Brosse soufflante ENZO Smooth Style titane pour brushing pro EN-6213 - Maroc Prix","og_description":"Brosse soufflante ENZO Smooth Style titane pour brushing pro EN-6213","og_url":"https:\/\/vitablanca.ma\/en\/product\/brosse-soufflante-enzo-smooth-style-titane-pour-brushing-pro-en-6213\/","og_site_name":"Vitablanca.ma &ndash; Sant&eacute;, vitalit&eacute; et bien-&ecirc;tre pour tous les Marocains","article_publisher":"https:\/\/www.facebook.com\/profile.php?id=61576678196717","article_modified_time":"2026-03-06T03:38:35+00:00","og_image":[{"width":1080,"height":1080,"url":"https:\/\/vitablanca.ma\/wp-content\/uploads\/2026\/03\/EN-62132.jpg","type":"image\/jpeg"}],"twitter_card":"summary_large_image","twitter_misc":{"Est. reading time":"1 minute"},"schema":{"@context":"https:\/\/schema.org","@graph":[{"@type":["WebPage","ItemPage"],"@id":"https:\/\/vitablanca.ma\/produit\/brosse-soufflante-enzo-smooth-style-titane-pour-brushing-pro-en-6213\/","url":"https:\/\/vitablanca.ma\/produit\/brosse-soufflante-enzo-smooth-style-titane-pour-brushing-pro-en-6213\/","name":"Brosse soufflante ENZO Smooth Style titane pour brushing pro EN-6213 - Maroc Prix","isPartOf":{"@id":"https:\/\/vitablanca.ma\/#website"},"primaryImageOfPage":{"@id":"https:\/\/vitablanca.ma\/produit\/brosse-soufflante-enzo-smooth-style-titane-pour-brushing-pro-en-6213\/#primaryimage"},"image":{"@id":"https:\/\/vitablanca.ma\/produit\/brosse-soufflante-enzo-smooth-style-titane-pour-brushing-pro-en-6213\/#primaryimage"},"thumbnailUrl":"https:\/\/vitablanca.ma\/wp-content\/uploads\/2026\/03\/EN-62132.jpg","datePublished":"2026-03-04T04:04:23+00:00","dateModified":"2026-03-06T03:38:35+00:00","description":"Brosse soufflante ENZO Smooth Style titane pour brushing pro EN-6213","breadcrumb":{"@id":"https:\/\/vitablanca.ma\/produit\/brosse-soufflante-enzo-smooth-style-titane-pour-brushing-pro-en-6213\/#breadcrumb"},"inLanguage":"en-US","potentialAction":[{"@type":"ReadAction","target":["https:\/\/vitablanca.ma\/produit\/brosse-soufflante-enzo-smooth-style-titane-pour-brushing-pro-en-6213\/"]}]},{"@type":"ImageObject","inLanguage":"en-US","@id":"https:\/\/vitablanca.ma\/produit\/brosse-soufflante-enzo-smooth-style-titane-pour-brushing-pro-en-6213\/#primaryimage","url":"https:\/\/vitablanca.ma\/wp-content\/uploads\/2026\/03\/EN-62132.jpg","contentUrl":"https:\/\/vitablanca.ma\/wp-content\/uploads\/2026\/03\/EN-62132.jpg","width":1080,"height":1080},{"@type":"BreadcrumbList","@id":"https:\/\/vitablanca.ma\/produit\/brosse-soufflante-enzo-smooth-style-titane-pour-brushing-pro-en-6213\/#breadcrumb","itemListElement":[{"@type":"ListItem","position":1,"name":"Home","item":"https:\/\/vitablanca.ma\/"},{"@type":"ListItem","position":2,"name":"Tous Les Produits","item":"https:\/\/vitablanca.ma\/tous-les-produits\/"},{"@type":"ListItem","position":3,"name":"Brosse soufflante ENZO Smooth Style titane pour brushing pro EN-6213"}]},{"@type":"WebSite","@id":"https:\/\/vitablanca.ma\/#website","url":"https:\/\/vitablanca.ma\/","name":"VitaBlanca.ma | Food supplements, health &amp; beauty in Morocco","description":"sell premium vitamins and supplements from USA &amp; Canada, New Zealand, Morocco (NOW Foods, Solgar, Manuka). Fast delivery anywhere in Morocco.","publisher":{"@id":"https:\/\/vitablanca.ma\/#organization"},"alternateName":"VitaBlanca.ma","potentialAction":[{"@type":"SearchAction","target":{"@type":"EntryPoint","urlTemplate":"https:\/\/vitablanca.ma\/?s={search_term_string}"},"query-input":{"@type":"PropertyValueSpecification","valueRequired":true,"valueName":"search_term_string"}}],"inLanguage":"en-US"},{"@type":"Organization","@id":"https:\/\/vitablanca.ma\/#organization","name":"VitaBlanca","url":"https:\/\/vitablanca.ma\/","logo":{"@type":"ImageObject","inLanguage":"en-US","@id":"https:\/\/vitablanca.ma\/#\/schema\/logo\/image\/","url":"https:\/\/vitablanca.ma\/wp-content\/uploads\/2025\/05\/cropped-vitablanca.png","contentUrl":"https:\/\/vitablanca.ma\/wp-content\/uploads\/2025\/05\/cropped-vitablanca.png","width":360,"height":67,"caption":"VitaBlanca"},"image":{"@id":"https:\/\/vitablanca.ma\/#\/schema\/logo\/image\/"},"sameAs":["https:\/\/www.facebook.com\/profile.php?id=61576678196717","https:\/\/www.tiktok.com\/@vitablanca.ma","https:\/\/www.instagram.com\/vitablanca.ma\/"]}]}},"jetpack_sharing_enabled":true,"_links":{"self":[{"href":"https:\/\/vitablanca.ma\/en\/wp-json\/wp\/v2\/product\/33605","targetHints":{"allow":["GET"]}}],"collection":[{"href":"https:\/\/vitablanca.ma\/en\/wp-json\/wp\/v2\/product"}],"about":[{"href":"https:\/\/vitablanca.ma\/en\/wp-json\/wp\/v2\/types\/product"}],"wp:featuredmedia":[{"embeddable":true,"href":"https:\/\/vitablanca.ma\/en\/wp-json\/wp\/v2\/media\/33600"}],"wp:attachment":[{"href":"https:\/\/vitablanca.ma\/en\/wp-json\/wp\/v2\/media?parent=33605"}],"wp:term":[{"taxonomy":"product_brand","embeddable":true,"href":"https:\/\/vitablanca.ma\/en\/wp-json\/wp\/v2\/product_brand?post=33605"},{"taxonomy":"product_cat","embeddable":true,"href":"https:\/\/vitablanca.ma\/en\/wp-json\/wp\/v2\/product_cat?post=33605"},{"taxonomy":"product_tag","embeddable":true,"href":"https:\/\/vitablanca.ma\/en\/wp-json\/wp\/v2\/product_tag?post=33605"}],"curies":[{"name":"wp","href":"https:\/\/api.w.org\/{rel}","templated":true}]}}