{"id":33579,"date":"2026-03-04T03:56:02","date_gmt":"2026-03-04T03:56:02","guid":{"rendered":"https:\/\/vitablanca.ma\/produit\/rdl-papaya-extract-whitening-hand-body-lotion-spot-remover-5-days-cream\/"},"modified":"2026-03-06T03:38:36","modified_gmt":"2026-03-06T03:38:36","slug":"rdl-papaya-extract-whitening-hand-body-lotion-spot-remover-5-days-cream","status":"publish","type":"product","link":"https:\/\/vitablanca.ma\/en\/product\/rdl-papaya-extract-whitening-hand-body-lotion-spot-remover-5-days-cream\/","title":{"rendered":"RDL PAPAYA Extract Whitening Hand Body Lotion &amp; Spot Remover 5 days Cream"},"content":{"rendered":"<p class=\"MsoNormal\" style=\"line-height: normal\"><b><span lang=\"EN-US\" style=\"font-size: 12.0pt;font-family: 'Times New Roman','serif'\">RDL PAPAYA Extract Whitening Hand Body Lotion 400ml<\/span><\/b><\/p>\n<p class=\"MsoNormal\" style=\"line-height: normal\"><span style=\"font-family: 'Times New Roman','serif'\">Papaya RDL est un soin \u00e9claircissant sp\u00e9cialement formul\u00e9 pour sublimer la peau en douceur. Gr\u00e2ce aux propri\u00e9t\u00e9s naturelles de la papaye, riche en enzymes et en vitamines, ce produit aide \u00e0 exfolier la peau, \u00e9liminant les cellules mortes et favorisant le renouvellement cellulaire. Il contribue \u00e9galement \u00e0 r\u00e9duire l&rsquo;apparence des taches pigmentaires, unifie le teint et aide \u00e0 att\u00e9nuer les imperfections, tout en hydratant la peau. Sa formule l\u00e9g\u00e8re et non grasse convient \u00e0 tous les types de peau et peut \u00eatre utilis\u00e9e quotidiennement pour un teint plus lumineux, uniforme et \u00e9clatant.<\/span><\/p>\n<p class=\"MsoNormal\" style=\"line-height: normal\"><b><span lang=\"EN-US\" style=\"font-size: 12.0pt;font-family: 'Times New Roman','serif'\">Rdl PAPAYA Spot Remover 3 days Cream- 50g.<\/span><\/b><\/p>\n<p class=\"MsoNormal\" style=\"margin-bottom: .0001pt;line-height: normal\"><span style=\"font-family: 'Times New Roman','serif'\">\u00c9limine les taches brunes, \u00e9claircit, traite l&rsquo;ecz\u00e9ma, la dermatite, le psoriasis, l&rsquo;inflammation et les r\u00e9actions allergiques.<\/span><\/p>","protected":false},"excerpt":{"rendered":"<p>RDL PAPAYA Extract Whitening Hand Body Lotion 400ml Papaya RDL est un soin \u00e9claircissant sp\u00e9cialement formul\u00e9 pour sublimer la peau en douceur. Gr\u00e2ce aux propri\u00e9t\u00e9s naturelles de la papaye, riche en enzymes et en vitamines, ce produit aide \u00e0 exfolier la peau, \u00e9liminant les cellules mortes et favorisant le renouvellement cellulaire. Il contribue \u00e9galement \u00e0 [&hellip;]<\/p>\n","protected":false},"featured_media":33575,"template":"","meta":{"om_disable_all_campaigns":false},"product_brand":[],"product_cat":[18,15],"product_tag":[],"class_list":{"0":"post-33579","1":"product","2":"type-product","3":"status-publish","4":"has-post-thumbnail","6":"product_cat-beaute-sante","7":"product_cat-beaute-sante-complements-alimentaires-soins-et-bien-etre-au-meilleur-prix","9":"first","10":"instock","11":"taxable","12":"shipping-taxable","13":"purchasable","14":"product-type-simple"},"yoast_head":"<!-- This site is optimized with the Yoast SEO plugin v27.3 - https:\/\/yoast.com\/product\/yoast-seo-wordpress\/ -->\n<title>RDL PAPAYA Extract Whitening Hand Body Lotion &amp; Spot Remover 5 days Cream - Maroc Prix<\/title>\n<meta name=\"description\" content=\"RDL PAPAYA Extract Whitening Hand Body Lotion &amp; Spot Remover 5 days Cream\" \/>\n<meta name=\"robots\" content=\"index, follow, max-snippet:-1, max-image-preview:large, max-video-preview:-1\" \/>\n<link rel=\"canonical\" href=\"https:\/\/vitablanca.ma\/en\/product\/rdl-papaya-extract-whitening-hand-body-lotion-spot-remover-5-days-cream\/\" \/>\n<meta property=\"og:locale\" content=\"en_US\" \/>\n<meta property=\"og:type\" content=\"article\" \/>\n<meta property=\"og:title\" content=\"RDL PAPAYA Extract Whitening Hand Body Lotion &amp; Spot Remover 5 days Cream - Maroc Prix\" \/>\n<meta property=\"og:description\" content=\"RDL PAPAYA Extract Whitening Hand Body Lotion &amp; Spot Remover 5 days Cream\" \/>\n<meta property=\"og:url\" content=\"https:\/\/vitablanca.ma\/en\/product\/rdl-papaya-extract-whitening-hand-body-lotion-spot-remover-5-days-cream\/\" \/>\n<meta property=\"og:site_name\" content=\"Vitablanca.ma &ndash; Sant&eacute;, vitalit&eacute; et bien-&ecirc;tre pour tous les Marocains\" \/>\n<meta property=\"article:publisher\" content=\"https:\/\/www.facebook.com\/profile.php?id=61576678196717\" \/>\n<meta property=\"article:modified_time\" content=\"2026-03-06T03:38:36+00:00\" \/>\n<meta property=\"og:image\" content=\"https:\/\/vitablanca.ma\/wp-content\/uploads\/2026\/03\/Nouveauprojet_1.jpg\" \/>\n\t<meta property=\"og:image:width\" content=\"510\" \/>\n\t<meta property=\"og:image:height\" content=\"510\" \/>\n\t<meta property=\"og:image:type\" content=\"image\/jpeg\" \/>\n<meta name=\"twitter:card\" content=\"summary_large_image\" \/>\n<meta name=\"twitter:label1\" content=\"Est. reading time\" \/>\n\t<meta name=\"twitter:data1\" content=\"1 minute\" \/>\n<script type=\"application\/ld+json\" class=\"yoast-schema-graph\">{\"@context\":\"https:\\\/\\\/schema.org\",\"@graph\":[{\"@type\":[\"WebPage\",\"ItemPage\"],\"@id\":\"https:\\\/\\\/vitablanca.ma\\\/produit\\\/rdl-papaya-extract-whitening-hand-body-lotion-spot-remover-5-days-cream\\\/\",\"url\":\"https:\\\/\\\/vitablanca.ma\\\/produit\\\/rdl-papaya-extract-whitening-hand-body-lotion-spot-remover-5-days-cream\\\/\",\"name\":\"RDL PAPAYA Extract Whitening Hand Body Lotion &amp; Spot Remover 5 days Cream - Maroc Prix\",\"isPartOf\":{\"@id\":\"https:\\\/\\\/vitablanca.ma\\\/#website\"},\"primaryImageOfPage\":{\"@id\":\"https:\\\/\\\/vitablanca.ma\\\/produit\\\/rdl-papaya-extract-whitening-hand-body-lotion-spot-remover-5-days-cream\\\/#primaryimage\"},\"image\":{\"@id\":\"https:\\\/\\\/vitablanca.ma\\\/produit\\\/rdl-papaya-extract-whitening-hand-body-lotion-spot-remover-5-days-cream\\\/#primaryimage\"},\"thumbnailUrl\":\"https:\\\/\\\/vitablanca.ma\\\/wp-content\\\/uploads\\\/2026\\\/03\\\/Nouveauprojet_1.jpg\",\"datePublished\":\"2026-03-04T03:56:02+00:00\",\"dateModified\":\"2026-03-06T03:38:36+00:00\",\"description\":\"RDL PAPAYA Extract Whitening Hand Body Lotion &amp; Spot Remover 5 days Cream\",\"breadcrumb\":{\"@id\":\"https:\\\/\\\/vitablanca.ma\\\/produit\\\/rdl-papaya-extract-whitening-hand-body-lotion-spot-remover-5-days-cream\\\/#breadcrumb\"},\"inLanguage\":\"en-US\",\"potentialAction\":[{\"@type\":\"ReadAction\",\"target\":[\"https:\\\/\\\/vitablanca.ma\\\/produit\\\/rdl-papaya-extract-whitening-hand-body-lotion-spot-remover-5-days-cream\\\/\"]}]},{\"@type\":\"ImageObject\",\"inLanguage\":\"en-US\",\"@id\":\"https:\\\/\\\/vitablanca.ma\\\/produit\\\/rdl-papaya-extract-whitening-hand-body-lotion-spot-remover-5-days-cream\\\/#primaryimage\",\"url\":\"https:\\\/\\\/vitablanca.ma\\\/wp-content\\\/uploads\\\/2026\\\/03\\\/Nouveauprojet_1.jpg\",\"contentUrl\":\"https:\\\/\\\/vitablanca.ma\\\/wp-content\\\/uploads\\\/2026\\\/03\\\/Nouveauprojet_1.jpg\",\"width\":510,\"height\":510},{\"@type\":\"BreadcrumbList\",\"@id\":\"https:\\\/\\\/vitablanca.ma\\\/produit\\\/rdl-papaya-extract-whitening-hand-body-lotion-spot-remover-5-days-cream\\\/#breadcrumb\",\"itemListElement\":[{\"@type\":\"ListItem\",\"position\":1,\"name\":\"Home\",\"item\":\"https:\\\/\\\/vitablanca.ma\\\/\"},{\"@type\":\"ListItem\",\"position\":2,\"name\":\"Tous Les Produits\",\"item\":\"https:\\\/\\\/vitablanca.ma\\\/tous-les-produits\\\/\"},{\"@type\":\"ListItem\",\"position\":3,\"name\":\"RDL PAPAYA Extract Whitening Hand Body Lotion &amp; Spot Remover 5 days Cream\"}]},{\"@type\":\"WebSite\",\"@id\":\"https:\\\/\\\/vitablanca.ma\\\/#website\",\"url\":\"https:\\\/\\\/vitablanca.ma\\\/\",\"name\":\"VitaBlanca.ma | Compl\u00e9ments alimentaires, sant\u00e9 & beaut\u00e9 au Maroc\",\"description\":\"vendre vitamines et compl\u00e9ments premium des USA &amp; Canada, Nouvelle Z\u00e9lande,Maroc (NOW Foods, Solgar, Manuka). Livraison rapide partout au Maroc.\",\"publisher\":{\"@id\":\"https:\\\/\\\/vitablanca.ma\\\/#organization\"},\"alternateName\":\"VitaBlanca.ma\",\"potentialAction\":[{\"@type\":\"SearchAction\",\"target\":{\"@type\":\"EntryPoint\",\"urlTemplate\":\"https:\\\/\\\/vitablanca.ma\\\/?s={search_term_string}\"},\"query-input\":{\"@type\":\"PropertyValueSpecification\",\"valueRequired\":true,\"valueName\":\"search_term_string\"}}],\"inLanguage\":\"en-US\"},{\"@type\":\"Organization\",\"@id\":\"https:\\\/\\\/vitablanca.ma\\\/#organization\",\"name\":\"VitaBlanca\",\"url\":\"https:\\\/\\\/vitablanca.ma\\\/\",\"logo\":{\"@type\":\"ImageObject\",\"inLanguage\":\"en-US\",\"@id\":\"https:\\\/\\\/vitablanca.ma\\\/#\\\/schema\\\/logo\\\/image\\\/\",\"url\":\"https:\\\/\\\/vitablanca.ma\\\/wp-content\\\/uploads\\\/2025\\\/05\\\/cropped-vitablanca.png\",\"contentUrl\":\"https:\\\/\\\/vitablanca.ma\\\/wp-content\\\/uploads\\\/2025\\\/05\\\/cropped-vitablanca.png\",\"width\":360,\"height\":67,\"caption\":\"VitaBlanca\"},\"image\":{\"@id\":\"https:\\\/\\\/vitablanca.ma\\\/#\\\/schema\\\/logo\\\/image\\\/\"},\"sameAs\":[\"https:\\\/\\\/www.facebook.com\\\/profile.php?id=61576678196717\",\"https:\\\/\\\/www.tiktok.com\\\/@vitablanca.ma\",\"https:\\\/\\\/www.instagram.com\\\/vitablanca.ma\\\/\"]}]}<\/script>\n<!-- \/ Yoast SEO plugin. -->","yoast_head_json":{"title":"RDL PAPAYA Extract Whitening Hand Body Lotion &amp; Spot Remover 5 days Cream - Maroc Prix","description":"RDL PAPAYA Extract Whitening Hand Body Lotion &amp; Spot Remover 5 days Cream","robots":{"index":"index","follow":"follow","max-snippet":"max-snippet:-1","max-image-preview":"max-image-preview:large","max-video-preview":"max-video-preview:-1"},"canonical":"https:\/\/vitablanca.ma\/en\/product\/rdl-papaya-extract-whitening-hand-body-lotion-spot-remover-5-days-cream\/","og_locale":"en_US","og_type":"article","og_title":"RDL PAPAYA Extract Whitening Hand Body Lotion &amp; Spot Remover 5 days Cream - Maroc Prix","og_description":"RDL PAPAYA Extract Whitening Hand Body Lotion &amp; Spot Remover 5 days Cream","og_url":"https:\/\/vitablanca.ma\/en\/product\/rdl-papaya-extract-whitening-hand-body-lotion-spot-remover-5-days-cream\/","og_site_name":"Vitablanca.ma &ndash; Sant&eacute;, vitalit&eacute; et bien-&ecirc;tre pour tous les Marocains","article_publisher":"https:\/\/www.facebook.com\/profile.php?id=61576678196717","article_modified_time":"2026-03-06T03:38:36+00:00","og_image":[{"width":510,"height":510,"url":"https:\/\/vitablanca.ma\/wp-content\/uploads\/2026\/03\/Nouveauprojet_1.jpg","type":"image\/jpeg"}],"twitter_card":"summary_large_image","twitter_misc":{"Est. reading time":"1 minute"},"schema":{"@context":"https:\/\/schema.org","@graph":[{"@type":["WebPage","ItemPage"],"@id":"https:\/\/vitablanca.ma\/produit\/rdl-papaya-extract-whitening-hand-body-lotion-spot-remover-5-days-cream\/","url":"https:\/\/vitablanca.ma\/produit\/rdl-papaya-extract-whitening-hand-body-lotion-spot-remover-5-days-cream\/","name":"RDL PAPAYA Extract Whitening Hand Body Lotion &amp; Spot Remover 5 days Cream - Maroc Prix","isPartOf":{"@id":"https:\/\/vitablanca.ma\/#website"},"primaryImageOfPage":{"@id":"https:\/\/vitablanca.ma\/produit\/rdl-papaya-extract-whitening-hand-body-lotion-spot-remover-5-days-cream\/#primaryimage"},"image":{"@id":"https:\/\/vitablanca.ma\/produit\/rdl-papaya-extract-whitening-hand-body-lotion-spot-remover-5-days-cream\/#primaryimage"},"thumbnailUrl":"https:\/\/vitablanca.ma\/wp-content\/uploads\/2026\/03\/Nouveauprojet_1.jpg","datePublished":"2026-03-04T03:56:02+00:00","dateModified":"2026-03-06T03:38:36+00:00","description":"RDL PAPAYA Extract Whitening Hand Body Lotion &amp; Spot Remover 5 days Cream","breadcrumb":{"@id":"https:\/\/vitablanca.ma\/produit\/rdl-papaya-extract-whitening-hand-body-lotion-spot-remover-5-days-cream\/#breadcrumb"},"inLanguage":"en-US","potentialAction":[{"@type":"ReadAction","target":["https:\/\/vitablanca.ma\/produit\/rdl-papaya-extract-whitening-hand-body-lotion-spot-remover-5-days-cream\/"]}]},{"@type":"ImageObject","inLanguage":"en-US","@id":"https:\/\/vitablanca.ma\/produit\/rdl-papaya-extract-whitening-hand-body-lotion-spot-remover-5-days-cream\/#primaryimage","url":"https:\/\/vitablanca.ma\/wp-content\/uploads\/2026\/03\/Nouveauprojet_1.jpg","contentUrl":"https:\/\/vitablanca.ma\/wp-content\/uploads\/2026\/03\/Nouveauprojet_1.jpg","width":510,"height":510},{"@type":"BreadcrumbList","@id":"https:\/\/vitablanca.ma\/produit\/rdl-papaya-extract-whitening-hand-body-lotion-spot-remover-5-days-cream\/#breadcrumb","itemListElement":[{"@type":"ListItem","position":1,"name":"Home","item":"https:\/\/vitablanca.ma\/"},{"@type":"ListItem","position":2,"name":"Tous Les Produits","item":"https:\/\/vitablanca.ma\/tous-les-produits\/"},{"@type":"ListItem","position":3,"name":"RDL PAPAYA Extract Whitening Hand Body Lotion &amp; Spot Remover 5 days Cream"}]},{"@type":"WebSite","@id":"https:\/\/vitablanca.ma\/#website","url":"https:\/\/vitablanca.ma\/","name":"VitaBlanca.ma | Food supplements, health &amp; beauty in Morocco","description":"sell premium vitamins and supplements from USA &amp; Canada, New Zealand, Morocco (NOW Foods, Solgar, Manuka). Fast delivery anywhere in Morocco.","publisher":{"@id":"https:\/\/vitablanca.ma\/#organization"},"alternateName":"VitaBlanca.ma","potentialAction":[{"@type":"SearchAction","target":{"@type":"EntryPoint","urlTemplate":"https:\/\/vitablanca.ma\/?s={search_term_string}"},"query-input":{"@type":"PropertyValueSpecification","valueRequired":true,"valueName":"search_term_string"}}],"inLanguage":"en-US"},{"@type":"Organization","@id":"https:\/\/vitablanca.ma\/#organization","name":"VitaBlanca","url":"https:\/\/vitablanca.ma\/","logo":{"@type":"ImageObject","inLanguage":"en-US","@id":"https:\/\/vitablanca.ma\/#\/schema\/logo\/image\/","url":"https:\/\/vitablanca.ma\/wp-content\/uploads\/2025\/05\/cropped-vitablanca.png","contentUrl":"https:\/\/vitablanca.ma\/wp-content\/uploads\/2025\/05\/cropped-vitablanca.png","width":360,"height":67,"caption":"VitaBlanca"},"image":{"@id":"https:\/\/vitablanca.ma\/#\/schema\/logo\/image\/"},"sameAs":["https:\/\/www.facebook.com\/profile.php?id=61576678196717","https:\/\/www.tiktok.com\/@vitablanca.ma","https:\/\/www.instagram.com\/vitablanca.ma\/"]}]}},"jetpack_sharing_enabled":true,"_links":{"self":[{"href":"https:\/\/vitablanca.ma\/en\/wp-json\/wp\/v2\/product\/33579","targetHints":{"allow":["GET"]}}],"collection":[{"href":"https:\/\/vitablanca.ma\/en\/wp-json\/wp\/v2\/product"}],"about":[{"href":"https:\/\/vitablanca.ma\/en\/wp-json\/wp\/v2\/types\/product"}],"wp:featuredmedia":[{"embeddable":true,"href":"https:\/\/vitablanca.ma\/en\/wp-json\/wp\/v2\/media\/33575"}],"wp:attachment":[{"href":"https:\/\/vitablanca.ma\/en\/wp-json\/wp\/v2\/media?parent=33579"}],"wp:term":[{"taxonomy":"product_brand","embeddable":true,"href":"https:\/\/vitablanca.ma\/en\/wp-json\/wp\/v2\/product_brand?post=33579"},{"taxonomy":"product_cat","embeddable":true,"href":"https:\/\/vitablanca.ma\/en\/wp-json\/wp\/v2\/product_cat?post=33579"},{"taxonomy":"product_tag","embeddable":true,"href":"https:\/\/vitablanca.ma\/en\/wp-json\/wp\/v2\/product_tag?post=33579"}],"curies":[{"name":"wp","href":"https:\/\/api.w.org\/{rel}","templated":true}]}}