{"id":33571,"date":"2026-03-04T03:53:10","date_gmt":"2026-03-04T03:53:10","guid":{"rendered":"https:\/\/vitablanca.ma\/produit\/sol-de-janeiro-creme-corps-bresilienne-bum-bum-75ml\/"},"modified":"2026-03-08T17:58:54","modified_gmt":"2026-03-08T17:58:54","slug":"sol-de-janeiro-creme-corps-bresilienne-bum-bum-75ml","status":"publish","type":"product","link":"https:\/\/vitablanca.ma\/en\/product\/sol-de-janeiro-creme-corps-bresilienne-bum-bum-75ml\/","title":{"rendered":"SOL DE JANEIRO &#8211; CR\u00c8ME CORPS BR\u00c9SILIENNE BUM BUM &#8211; 75ML"},"content":{"rendered":"<p>Une cr\u00e8me pour le corps \u00e0 absorption rapide qui aide \u00e0 resserrer et lisser l&rsquo;apparence de la peau.<\/p>\n<p>De nombreuses cr\u00e8mes br\u00e9siliennes comportent un ingr\u00e9dient secret : le guaran\u00e0, une plante originaire de l&rsquo;Amazonie dont le fruit contient l&rsquo;une des formes de caf\u00e9ine les plus puissantes de la plan\u00e8te.<br \/>\nLa cr\u00e8me br\u00e9silienne Bum Bum est \u00e9galement renforc\u00e9e par un m\u00e9lange br\u00e9silien de beurre de cupua\u00e7u extraordinairement nourrissant, d&rsquo;a\u00e7a\u00ef puissant antioxydant et d&rsquo;huile de coco ultra\u00a0hydratante pour obtenir une peau au toucher irr\u00e9sistible.<\/p>\n<p>Cette texture \u00e0 absorption rapide contient juste assez de mica pour ajouter une touche de lumi\u00e8re \u00e0 votre peau, tandis que la formule aide votre corps \u00e0 appara\u00eetre et se sentir le plus lisse et le plus\u00a0ferme possible.<br \/>\nLa pistache et le caramel parfument d\u00e9licatement la peau.<\/p>","protected":false},"excerpt":{"rendered":"<p>Une cr\u00e8me pour le corps \u00e0 absorption rapide qui aide \u00e0 resserrer et lisser l&rsquo;apparence de la peau. De nombreuses cr\u00e8mes br\u00e9siliennes comportent un ingr\u00e9dient secret : le guaran\u00e0, une plante originaire de l&rsquo;Amazonie dont le fruit contient l&rsquo;une des formes de caf\u00e9ine les plus puissantes de la plan\u00e8te. La cr\u00e8me br\u00e9silienne Bum Bum est [&hellip;]<\/p>\n","protected":false},"featured_media":33567,"template":"","meta":{"om_disable_all_campaigns":false},"product_brand":[],"product_cat":[18,15],"product_tag":[11516,11518,11523,11521,11520,11517,11522,11519,11514,11515],"class_list":{"0":"post-33571","1":"product","2":"type-product","3":"status-publish","4":"has-post-thumbnail","6":"product_cat-beaute-sante","7":"product_cat-beaute-sante-complements-alimentaires-soins-et-bien-etre-au-meilleur-prix","8":"product_tag-brazilian-bum-bum-cream","9":"product_tag-creme-corps-hydratante","10":"product_tag-creme-corps-luxe","11":"product_tag-creme-cupuacu","12":"product_tag-creme-guarana","13":"product_tag-creme-raffermissante-corps","14":"product_tag-soin-corps-parfum-pistache-caramel","15":"product_tag-sol-de-janeiro-75-ml","16":"product_tag-sol-de-janeiro-bum-bum-cream","17":"product_tag-sol-de-janeiro-creme-corps","19":"first","20":"instock","21":"taxable","22":"shipping-taxable","23":"purchasable","24":"product-type-simple"},"yoast_head":"<!-- This site is optimized with the Yoast SEO plugin v27.3 - https:\/\/yoast.com\/product\/yoast-seo-wordpress\/ -->\n<title>SOL DE JANEIRO - CR\u00c8ME CORPS - 75ML - Maroc Prix<\/title>\n<meta name=\"description\" content=\"D\u00e9couvrez la cr\u00e8me corps br\u00e9silienne Bum Bum 75 ml de Sol de Janeiro, une cr\u00e8me hydratante et raffermissante enrichie en guaran\u00e1, beurre de cupua\u00e7u .\" \/>\n<meta name=\"robots\" content=\"index, follow, max-snippet:-1, max-image-preview:large, max-video-preview:-1\" \/>\n<link rel=\"canonical\" href=\"https:\/\/vitablanca.ma\/en\/product\/sol-de-janeiro-creme-corps-bresilienne-bum-bum-75ml\/\" \/>\n<meta property=\"og:locale\" content=\"en_US\" \/>\n<meta property=\"og:type\" content=\"article\" \/>\n<meta property=\"og:title\" content=\"SOL DE JANEIRO - CR\u00c8ME CORPS - 75ML - Maroc Prix\" \/>\n<meta property=\"og:description\" content=\"D\u00e9couvrez la cr\u00e8me corps br\u00e9silienne Bum Bum 75 ml de Sol de Janeiro, une cr\u00e8me hydratante et raffermissante enrichie en guaran\u00e1, beurre de cupua\u00e7u .\" \/>\n<meta property=\"og:url\" content=\"https:\/\/vitablanca.ma\/en\/product\/sol-de-janeiro-creme-corps-bresilienne-bum-bum-75ml\/\" \/>\n<meta property=\"og:site_name\" content=\"Vitablanca.ma &ndash; Sant&eacute;, vitalit&eacute; et bien-&ecirc;tre pour tous les Marocains\" \/>\n<meta property=\"article:publisher\" content=\"https:\/\/www.facebook.com\/profile.php?id=61576678196717\" \/>\n<meta property=\"article:modified_time\" content=\"2026-03-08T17:58:54+00:00\" \/>\n<meta property=\"og:image\" content=\"https:\/\/vitablanca.ma\/wp-content\/uploads\/2026\/03\/InShot-20250207_234853299.jpg\" \/>\n\t<meta property=\"og:image:width\" content=\"1920\" \/>\n\t<meta property=\"og:image:height\" content=\"1920\" \/>\n\t<meta property=\"og:image:type\" content=\"image\/jpeg\" \/>\n<meta name=\"twitter:card\" content=\"summary_large_image\" \/>\n<meta name=\"twitter:label1\" content=\"Est. reading time\" \/>\n\t<meta name=\"twitter:data1\" content=\"1 minute\" \/>\n<script type=\"application\/ld+json\" class=\"yoast-schema-graph\">{\"@context\":\"https:\\\/\\\/schema.org\",\"@graph\":[{\"@type\":[\"WebPage\",\"ItemPage\"],\"@id\":\"https:\\\/\\\/vitablanca.ma\\\/produit\\\/sol-de-janeiro-creme-corps-bresilienne-bum-bum-75ml\\\/\",\"url\":\"https:\\\/\\\/vitablanca.ma\\\/produit\\\/sol-de-janeiro-creme-corps-bresilienne-bum-bum-75ml\\\/\",\"name\":\"SOL DE JANEIRO - CR\u00c8ME CORPS - 75ML - Maroc Prix\",\"isPartOf\":{\"@id\":\"https:\\\/\\\/vitablanca.ma\\\/#website\"},\"primaryImageOfPage\":{\"@id\":\"https:\\\/\\\/vitablanca.ma\\\/produit\\\/sol-de-janeiro-creme-corps-bresilienne-bum-bum-75ml\\\/#primaryimage\"},\"image\":{\"@id\":\"https:\\\/\\\/vitablanca.ma\\\/produit\\\/sol-de-janeiro-creme-corps-bresilienne-bum-bum-75ml\\\/#primaryimage\"},\"thumbnailUrl\":\"https:\\\/\\\/vitablanca.ma\\\/wp-content\\\/uploads\\\/2026\\\/03\\\/InShot-20250207_234853299.jpg\",\"datePublished\":\"2026-03-04T03:53:10+00:00\",\"dateModified\":\"2026-03-08T17:58:54+00:00\",\"description\":\"D\u00e9couvrez la cr\u00e8me corps br\u00e9silienne Bum Bum 75 ml de Sol de Janeiro, une cr\u00e8me hydratante et raffermissante enrichie en guaran\u00e1, beurre de cupua\u00e7u .\",\"breadcrumb\":{\"@id\":\"https:\\\/\\\/vitablanca.ma\\\/produit\\\/sol-de-janeiro-creme-corps-bresilienne-bum-bum-75ml\\\/#breadcrumb\"},\"inLanguage\":\"en-US\",\"potentialAction\":[{\"@type\":\"ReadAction\",\"target\":[\"https:\\\/\\\/vitablanca.ma\\\/produit\\\/sol-de-janeiro-creme-corps-bresilienne-bum-bum-75ml\\\/\"]}]},{\"@type\":\"ImageObject\",\"inLanguage\":\"en-US\",\"@id\":\"https:\\\/\\\/vitablanca.ma\\\/produit\\\/sol-de-janeiro-creme-corps-bresilienne-bum-bum-75ml\\\/#primaryimage\",\"url\":\"https:\\\/\\\/vitablanca.ma\\\/wp-content\\\/uploads\\\/2026\\\/03\\\/InShot-20250207_234853299.jpg\",\"contentUrl\":\"https:\\\/\\\/vitablanca.ma\\\/wp-content\\\/uploads\\\/2026\\\/03\\\/InShot-20250207_234853299.jpg\",\"width\":1920,\"height\":1920},{\"@type\":\"BreadcrumbList\",\"@id\":\"https:\\\/\\\/vitablanca.ma\\\/produit\\\/sol-de-janeiro-creme-corps-bresilienne-bum-bum-75ml\\\/#breadcrumb\",\"itemListElement\":[{\"@type\":\"ListItem\",\"position\":1,\"name\":\"Home\",\"item\":\"https:\\\/\\\/vitablanca.ma\\\/\"},{\"@type\":\"ListItem\",\"position\":2,\"name\":\"Tous Les Produits\",\"item\":\"https:\\\/\\\/vitablanca.ma\\\/tous-les-produits\\\/\"},{\"@type\":\"ListItem\",\"position\":3,\"name\":\"SOL DE JANEIRO &#8211; CR\u00c8ME CORPS BR\u00c9SILIENNE BUM BUM &#8211; 75ML\"}]},{\"@type\":\"WebSite\",\"@id\":\"https:\\\/\\\/vitablanca.ma\\\/#website\",\"url\":\"https:\\\/\\\/vitablanca.ma\\\/\",\"name\":\"VitaBlanca.ma | Compl\u00e9ments alimentaires, sant\u00e9 & beaut\u00e9 au Maroc\",\"description\":\"vendre vitamines et compl\u00e9ments premium des USA &amp; Canada, Nouvelle Z\u00e9lande,Maroc (NOW Foods, Solgar, Manuka). Livraison rapide partout au Maroc.\",\"publisher\":{\"@id\":\"https:\\\/\\\/vitablanca.ma\\\/#organization\"},\"alternateName\":\"VitaBlanca.ma\",\"potentialAction\":[{\"@type\":\"SearchAction\",\"target\":{\"@type\":\"EntryPoint\",\"urlTemplate\":\"https:\\\/\\\/vitablanca.ma\\\/?s={search_term_string}\"},\"query-input\":{\"@type\":\"PropertyValueSpecification\",\"valueRequired\":true,\"valueName\":\"search_term_string\"}}],\"inLanguage\":\"en-US\"},{\"@type\":\"Organization\",\"@id\":\"https:\\\/\\\/vitablanca.ma\\\/#organization\",\"name\":\"VitaBlanca\",\"url\":\"https:\\\/\\\/vitablanca.ma\\\/\",\"logo\":{\"@type\":\"ImageObject\",\"inLanguage\":\"en-US\",\"@id\":\"https:\\\/\\\/vitablanca.ma\\\/#\\\/schema\\\/logo\\\/image\\\/\",\"url\":\"https:\\\/\\\/vitablanca.ma\\\/wp-content\\\/uploads\\\/2025\\\/05\\\/cropped-vitablanca.png\",\"contentUrl\":\"https:\\\/\\\/vitablanca.ma\\\/wp-content\\\/uploads\\\/2025\\\/05\\\/cropped-vitablanca.png\",\"width\":360,\"height\":67,\"caption\":\"VitaBlanca\"},\"image\":{\"@id\":\"https:\\\/\\\/vitablanca.ma\\\/#\\\/schema\\\/logo\\\/image\\\/\"},\"sameAs\":[\"https:\\\/\\\/www.facebook.com\\\/profile.php?id=61576678196717\",\"https:\\\/\\\/www.tiktok.com\\\/@vitablanca.ma\",\"https:\\\/\\\/www.instagram.com\\\/vitablanca.ma\\\/\"]}]}<\/script>\n<!-- \/ Yoast SEO plugin. -->","yoast_head_json":{"title":"SOL DE JANEIRO - CR\u00c8ME CORPS - 75ML - Maroc Prix","description":"D\u00e9couvrez la cr\u00e8me corps br\u00e9silienne Bum Bum 75 ml de Sol de Janeiro, une cr\u00e8me hydratante et raffermissante enrichie en guaran\u00e1, beurre de cupua\u00e7u .","robots":{"index":"index","follow":"follow","max-snippet":"max-snippet:-1","max-image-preview":"max-image-preview:large","max-video-preview":"max-video-preview:-1"},"canonical":"https:\/\/vitablanca.ma\/en\/product\/sol-de-janeiro-creme-corps-bresilienne-bum-bum-75ml\/","og_locale":"en_US","og_type":"article","og_title":"SOL DE JANEIRO - CR\u00c8ME CORPS - 75ML - Maroc Prix","og_description":"D\u00e9couvrez la cr\u00e8me corps br\u00e9silienne Bum Bum 75 ml de Sol de Janeiro, une cr\u00e8me hydratante et raffermissante enrichie en guaran\u00e1, beurre de cupua\u00e7u .","og_url":"https:\/\/vitablanca.ma\/en\/product\/sol-de-janeiro-creme-corps-bresilienne-bum-bum-75ml\/","og_site_name":"Vitablanca.ma &ndash; Sant&eacute;, vitalit&eacute; et bien-&ecirc;tre pour tous les Marocains","article_publisher":"https:\/\/www.facebook.com\/profile.php?id=61576678196717","article_modified_time":"2026-03-08T17:58:54+00:00","og_image":[{"width":1920,"height":1920,"url":"https:\/\/vitablanca.ma\/wp-content\/uploads\/2026\/03\/InShot-20250207_234853299.jpg","type":"image\/jpeg"}],"twitter_card":"summary_large_image","twitter_misc":{"Est. reading time":"1 minute"},"schema":{"@context":"https:\/\/schema.org","@graph":[{"@type":["WebPage","ItemPage"],"@id":"https:\/\/vitablanca.ma\/produit\/sol-de-janeiro-creme-corps-bresilienne-bum-bum-75ml\/","url":"https:\/\/vitablanca.ma\/produit\/sol-de-janeiro-creme-corps-bresilienne-bum-bum-75ml\/","name":"SOL DE JANEIRO - CR\u00c8ME CORPS - 75ML - Maroc Prix","isPartOf":{"@id":"https:\/\/vitablanca.ma\/#website"},"primaryImageOfPage":{"@id":"https:\/\/vitablanca.ma\/produit\/sol-de-janeiro-creme-corps-bresilienne-bum-bum-75ml\/#primaryimage"},"image":{"@id":"https:\/\/vitablanca.ma\/produit\/sol-de-janeiro-creme-corps-bresilienne-bum-bum-75ml\/#primaryimage"},"thumbnailUrl":"https:\/\/vitablanca.ma\/wp-content\/uploads\/2026\/03\/InShot-20250207_234853299.jpg","datePublished":"2026-03-04T03:53:10+00:00","dateModified":"2026-03-08T17:58:54+00:00","description":"D\u00e9couvrez la cr\u00e8me corps br\u00e9silienne Bum Bum 75 ml de Sol de Janeiro, une cr\u00e8me hydratante et raffermissante enrichie en guaran\u00e1, beurre de cupua\u00e7u .","breadcrumb":{"@id":"https:\/\/vitablanca.ma\/produit\/sol-de-janeiro-creme-corps-bresilienne-bum-bum-75ml\/#breadcrumb"},"inLanguage":"en-US","potentialAction":[{"@type":"ReadAction","target":["https:\/\/vitablanca.ma\/produit\/sol-de-janeiro-creme-corps-bresilienne-bum-bum-75ml\/"]}]},{"@type":"ImageObject","inLanguage":"en-US","@id":"https:\/\/vitablanca.ma\/produit\/sol-de-janeiro-creme-corps-bresilienne-bum-bum-75ml\/#primaryimage","url":"https:\/\/vitablanca.ma\/wp-content\/uploads\/2026\/03\/InShot-20250207_234853299.jpg","contentUrl":"https:\/\/vitablanca.ma\/wp-content\/uploads\/2026\/03\/InShot-20250207_234853299.jpg","width":1920,"height":1920},{"@type":"BreadcrumbList","@id":"https:\/\/vitablanca.ma\/produit\/sol-de-janeiro-creme-corps-bresilienne-bum-bum-75ml\/#breadcrumb","itemListElement":[{"@type":"ListItem","position":1,"name":"Home","item":"https:\/\/vitablanca.ma\/"},{"@type":"ListItem","position":2,"name":"Tous Les Produits","item":"https:\/\/vitablanca.ma\/tous-les-produits\/"},{"@type":"ListItem","position":3,"name":"SOL DE JANEIRO &#8211; CR\u00c8ME CORPS BR\u00c9SILIENNE BUM BUM &#8211; 75ML"}]},{"@type":"WebSite","@id":"https:\/\/vitablanca.ma\/#website","url":"https:\/\/vitablanca.ma\/","name":"VitaBlanca.ma | Food supplements, health &amp; beauty in Morocco","description":"sell premium vitamins and supplements from USA &amp; Canada, New Zealand, Morocco (NOW Foods, Solgar, Manuka). Fast delivery anywhere in Morocco.","publisher":{"@id":"https:\/\/vitablanca.ma\/#organization"},"alternateName":"VitaBlanca.ma","potentialAction":[{"@type":"SearchAction","target":{"@type":"EntryPoint","urlTemplate":"https:\/\/vitablanca.ma\/?s={search_term_string}"},"query-input":{"@type":"PropertyValueSpecification","valueRequired":true,"valueName":"search_term_string"}}],"inLanguage":"en-US"},{"@type":"Organization","@id":"https:\/\/vitablanca.ma\/#organization","name":"VitaBlanca","url":"https:\/\/vitablanca.ma\/","logo":{"@type":"ImageObject","inLanguage":"en-US","@id":"https:\/\/vitablanca.ma\/#\/schema\/logo\/image\/","url":"https:\/\/vitablanca.ma\/wp-content\/uploads\/2025\/05\/cropped-vitablanca.png","contentUrl":"https:\/\/vitablanca.ma\/wp-content\/uploads\/2025\/05\/cropped-vitablanca.png","width":360,"height":67,"caption":"VitaBlanca"},"image":{"@id":"https:\/\/vitablanca.ma\/#\/schema\/logo\/image\/"},"sameAs":["https:\/\/www.facebook.com\/profile.php?id=61576678196717","https:\/\/www.tiktok.com\/@vitablanca.ma","https:\/\/www.instagram.com\/vitablanca.ma\/"]}]}},"jetpack_sharing_enabled":true,"_links":{"self":[{"href":"https:\/\/vitablanca.ma\/en\/wp-json\/wp\/v2\/product\/33571","targetHints":{"allow":["GET"]}}],"collection":[{"href":"https:\/\/vitablanca.ma\/en\/wp-json\/wp\/v2\/product"}],"about":[{"href":"https:\/\/vitablanca.ma\/en\/wp-json\/wp\/v2\/types\/product"}],"wp:featuredmedia":[{"embeddable":true,"href":"https:\/\/vitablanca.ma\/en\/wp-json\/wp\/v2\/media\/33567"}],"wp:attachment":[{"href":"https:\/\/vitablanca.ma\/en\/wp-json\/wp\/v2\/media?parent=33571"}],"wp:term":[{"taxonomy":"product_brand","embeddable":true,"href":"https:\/\/vitablanca.ma\/en\/wp-json\/wp\/v2\/product_brand?post=33571"},{"taxonomy":"product_cat","embeddable":true,"href":"https:\/\/vitablanca.ma\/en\/wp-json\/wp\/v2\/product_cat?post=33571"},{"taxonomy":"product_tag","embeddable":true,"href":"https:\/\/vitablanca.ma\/en\/wp-json\/wp\/v2\/product_tag?post=33571"}],"curies":[{"name":"wp","href":"https:\/\/api.w.org\/{rel}","templated":true}]}}