{"id":33537,"date":"2026-03-04T03:50:09","date_gmt":"2026-03-04T03:50:09","guid":{"rendered":"https:\/\/vitablanca.ma\/produit\/vaseline-gluta-hya-serum-burst-lotion-pro-age-restore\/"},"modified":"2026-03-06T03:38:37","modified_gmt":"2026-03-06T03:38:37","slug":"vaseline-gluta-hya-serum-burst-lotion-pro-age-restore","status":"publish","type":"product","link":"https:\/\/vitablanca.ma\/en\/product\/vaseline-gluta-hya-serum-burst-lotion-pro-age-restore\/","title":{"rendered":"Vaseline &#8211; Gluta-Hya Serum Burst Lotion Pro-Age Restore"},"content":{"rendered":"<p>Avec 70 fois plus de collag\u00e8ne, obtenez une peau<span>\u00a0<\/span><strong>\u00e9clatante et ferme<\/strong><span>\u00a0<\/span>gr\u00e2ce \u00e0<span>\u00a0<\/span><strong>Vaseline Gluta-Hya Pro-Age Restore<\/strong>. Enrichie de la technologie<span>\u00a0<\/span><strong>GlutaGlow<\/strong>, 10 fois plus puissante que la vitamine C.<\/p>\n<h3><strong>Benefits<\/strong><\/h3>\n<ul>\n<li>Formul\u00e9 avec la technologie GlutaGlow, 10 fois plus puissante que la vitamine C+.<\/li>\n<li>Vaseline aide \u00e9galement \u00e0 r\u00e9duire les causes du teint terne.<\/li>\n<li>L&rsquo;acide hyaluronique est reconnu pour am\u00e9liorer l&rsquo;hydratation de la peau et lui donner un aspect frais et \u00e9clatant.<\/li>\n<li>Lisse et raffermit la peau tout en r\u00e9duisant les taches de vieillesse gr\u00e2ce \u00e0 sa formule cliniquement prouv\u00e9e.<\/li>\n<li>Aide \u00e0 lutter pr\u00e9cocement contre les signes de l\u2019\u00e2ge gr\u00e2ce \u00e0 des ingr\u00e9dients puissants et performants.<\/li>\n<li>Sa formule unique se transforme en gouttelettes d\u2019eau et est instantan\u00e9ment absorb\u00e9e en profondeur. R\u00e9sultat : une peau plus lisse, plus ferme et au teint uniforme.\u00a0<\/li>\n<\/ul>\n<h3><strong>Ingredients<\/strong><\/h3>\n<p>EAU, DIM\u00c9THICONE, GLYC\u00c9RINE, ISOHEXADECANE, NIACINAMIDE, CARBOM\u00c8RE, GLYCINE, CYSTINE, PCA DE SODIUM, COLLAG\u00c8NE HYDROLYS\u00c9 (PROVENANCE MARINE), GLUTATHION, HYALURONATE DE SODIUM, PETROLATUM, M\u00c9THYLPARABEN, PARFUM, HYDROXYDE DE SODIUM, DIOXYDE DE TITANE, ACRYLATES\/C10-30 ALKYL ACRYLATE CROSSPOLYMER, DISODIUM EDTA, PH\u00c9NOXY\u00c9THANOL, BENZOATE DE SODIUM.<\/p>\n<h3><strong>Instructions for use<\/strong><\/h3>\n<p>Apply the<span>\u00a0<\/span><strong>lotion Vaseline Healthy Bright Gluta-Hya Serum Burst<\/strong><span>\u00a0<\/span>sur vos mains, puis \u00e9talez-la sur tout le corps jusqu\u2019\u00e0 absorption compl\u00e8te. Utilisez deux fois par jour pour des r\u00e9sultats optimaux. Veillez \u00e0 bien l\u2019appliquer pour \u00e9viter que le produit ne se transf\u00e8re sur les v\u00eatements.<\/p>","protected":false},"excerpt":{"rendered":"<p>Avec 70 fois plus de collag\u00e8ne, obtenez une peau\u00a0\u00e9clatante et ferme\u00a0gr\u00e2ce \u00e0\u00a0Vaseline Gluta-Hya Pro-Age Restore. Enrichie de la technologie\u00a0GlutaGlow, 10 fois plus puissante que la vitamine C. Bienfaits Formul\u00e9 avec la technologie GlutaGlow, 10 fois plus puissante que la vitamine C+. Vaseline aide \u00e9galement \u00e0 r\u00e9duire les causes du teint terne. L&rsquo;acide hyaluronique est reconnu [&hellip;]<\/p>\n","protected":false},"featured_media":33530,"template":"","meta":{"om_disable_all_campaigns":false},"product_brand":[],"product_cat":[18,15],"product_tag":[],"class_list":{"0":"post-33537","1":"product","2":"type-product","3":"status-publish","4":"has-post-thumbnail","6":"product_cat-beaute-sante","7":"product_cat-beaute-sante-complements-alimentaires-soins-et-bien-etre-au-meilleur-prix","9":"first","10":"instock","11":"taxable","12":"shipping-taxable","13":"purchasable","14":"product-type-simple"},"yoast_head":"<!-- This site is optimized with the Yoast SEO plugin v27.3 - https:\/\/yoast.com\/product\/yoast-seo-wordpress\/ -->\n<title>Vaseline - Gluta-Hya Serum Burst Lotion Pro-Age Restore - Maroc Prix<\/title>\n<meta name=\"description\" content=\"Vaseline - Gluta-Hya Serum Burst Lotion Pro-Age Restore\" \/>\n<meta name=\"robots\" content=\"index, follow, max-snippet:-1, max-image-preview:large, max-video-preview:-1\" \/>\n<link rel=\"canonical\" href=\"https:\/\/vitablanca.ma\/en\/product\/vaseline-gluta-hya-serum-burst-lotion-pro-age-restore\/\" \/>\n<meta property=\"og:locale\" content=\"en_US\" \/>\n<meta property=\"og:type\" content=\"article\" \/>\n<meta property=\"og:title\" content=\"Vaseline - Gluta-Hya Serum Burst Lotion Pro-Age Restore - Maroc Prix\" \/>\n<meta property=\"og:description\" content=\"Vaseline - Gluta-Hya Serum Burst Lotion Pro-Age Restore\" \/>\n<meta property=\"og:url\" content=\"https:\/\/vitablanca.ma\/en\/product\/vaseline-gluta-hya-serum-burst-lotion-pro-age-restore\/\" \/>\n<meta property=\"og:site_name\" content=\"Vitablanca.ma &ndash; Sant&eacute;, vitalit&eacute; et bien-&ecirc;tre pour tous les Marocains\" \/>\n<meta property=\"article:publisher\" content=\"https:\/\/www.facebook.com\/profile.php?id=61576678196717\" \/>\n<meta property=\"article:modified_time\" content=\"2026-03-06T03:38:37+00:00\" \/>\n<meta property=\"og:image\" content=\"https:\/\/vitablanca.ma\/wp-content\/uploads\/2026\/03\/Vaseline-Gluta-HyaSerumBurstLotionPro-AgeRestore1_1.jpg\" \/>\n\t<meta property=\"og:image:width\" content=\"1080\" \/>\n\t<meta property=\"og:image:height\" content=\"1080\" \/>\n\t<meta property=\"og:image:type\" content=\"image\/jpeg\" \/>\n<meta name=\"twitter:card\" content=\"summary_large_image\" \/>\n<meta name=\"twitter:label1\" content=\"Est. reading time\" \/>\n\t<meta name=\"twitter:data1\" content=\"1 minute\" \/>\n<script type=\"application\/ld+json\" class=\"yoast-schema-graph\">{\"@context\":\"https:\\\/\\\/schema.org\",\"@graph\":[{\"@type\":[\"WebPage\",\"ItemPage\"],\"@id\":\"https:\\\/\\\/vitablanca.ma\\\/produit\\\/vaseline-gluta-hya-serum-burst-lotion-pro-age-restore\\\/\",\"url\":\"https:\\\/\\\/vitablanca.ma\\\/produit\\\/vaseline-gluta-hya-serum-burst-lotion-pro-age-restore\\\/\",\"name\":\"Vaseline - Gluta-Hya Serum Burst Lotion Pro-Age Restore - Maroc Prix\",\"isPartOf\":{\"@id\":\"https:\\\/\\\/vitablanca.ma\\\/#website\"},\"primaryImageOfPage\":{\"@id\":\"https:\\\/\\\/vitablanca.ma\\\/produit\\\/vaseline-gluta-hya-serum-burst-lotion-pro-age-restore\\\/#primaryimage\"},\"image\":{\"@id\":\"https:\\\/\\\/vitablanca.ma\\\/produit\\\/vaseline-gluta-hya-serum-burst-lotion-pro-age-restore\\\/#primaryimage\"},\"thumbnailUrl\":\"https:\\\/\\\/vitablanca.ma\\\/wp-content\\\/uploads\\\/2026\\\/03\\\/Vaseline-Gluta-HyaSerumBurstLotionPro-AgeRestore1_1.jpg\",\"datePublished\":\"2026-03-04T03:50:09+00:00\",\"dateModified\":\"2026-03-06T03:38:37+00:00\",\"description\":\"Vaseline - Gluta-Hya Serum Burst Lotion Pro-Age Restore\",\"breadcrumb\":{\"@id\":\"https:\\\/\\\/vitablanca.ma\\\/produit\\\/vaseline-gluta-hya-serum-burst-lotion-pro-age-restore\\\/#breadcrumb\"},\"inLanguage\":\"en-US\",\"potentialAction\":[{\"@type\":\"ReadAction\",\"target\":[\"https:\\\/\\\/vitablanca.ma\\\/produit\\\/vaseline-gluta-hya-serum-burst-lotion-pro-age-restore\\\/\"]}]},{\"@type\":\"ImageObject\",\"inLanguage\":\"en-US\",\"@id\":\"https:\\\/\\\/vitablanca.ma\\\/produit\\\/vaseline-gluta-hya-serum-burst-lotion-pro-age-restore\\\/#primaryimage\",\"url\":\"https:\\\/\\\/vitablanca.ma\\\/wp-content\\\/uploads\\\/2026\\\/03\\\/Vaseline-Gluta-HyaSerumBurstLotionPro-AgeRestore1_1.jpg\",\"contentUrl\":\"https:\\\/\\\/vitablanca.ma\\\/wp-content\\\/uploads\\\/2026\\\/03\\\/Vaseline-Gluta-HyaSerumBurstLotionPro-AgeRestore1_1.jpg\",\"width\":1080,\"height\":1080},{\"@type\":\"BreadcrumbList\",\"@id\":\"https:\\\/\\\/vitablanca.ma\\\/produit\\\/vaseline-gluta-hya-serum-burst-lotion-pro-age-restore\\\/#breadcrumb\",\"itemListElement\":[{\"@type\":\"ListItem\",\"position\":1,\"name\":\"Home\",\"item\":\"https:\\\/\\\/vitablanca.ma\\\/\"},{\"@type\":\"ListItem\",\"position\":2,\"name\":\"Tous Les Produits\",\"item\":\"https:\\\/\\\/vitablanca.ma\\\/tous-les-produits\\\/\"},{\"@type\":\"ListItem\",\"position\":3,\"name\":\"Vaseline &#8211; Gluta-Hya Serum Burst Lotion Pro-Age Restore\"}]},{\"@type\":\"WebSite\",\"@id\":\"https:\\\/\\\/vitablanca.ma\\\/#website\",\"url\":\"https:\\\/\\\/vitablanca.ma\\\/\",\"name\":\"VitaBlanca.ma | Compl\u00e9ments alimentaires, sant\u00e9 & beaut\u00e9 au Maroc\",\"description\":\"vendre vitamines et compl\u00e9ments premium des USA &amp; Canada, Nouvelle Z\u00e9lande,Maroc (NOW Foods, Solgar, Manuka). Livraison rapide partout au Maroc.\",\"publisher\":{\"@id\":\"https:\\\/\\\/vitablanca.ma\\\/#organization\"},\"alternateName\":\"VitaBlanca.ma\",\"potentialAction\":[{\"@type\":\"SearchAction\",\"target\":{\"@type\":\"EntryPoint\",\"urlTemplate\":\"https:\\\/\\\/vitablanca.ma\\\/?s={search_term_string}\"},\"query-input\":{\"@type\":\"PropertyValueSpecification\",\"valueRequired\":true,\"valueName\":\"search_term_string\"}}],\"inLanguage\":\"en-US\"},{\"@type\":\"Organization\",\"@id\":\"https:\\\/\\\/vitablanca.ma\\\/#organization\",\"name\":\"VitaBlanca\",\"url\":\"https:\\\/\\\/vitablanca.ma\\\/\",\"logo\":{\"@type\":\"ImageObject\",\"inLanguage\":\"en-US\",\"@id\":\"https:\\\/\\\/vitablanca.ma\\\/#\\\/schema\\\/logo\\\/image\\\/\",\"url\":\"https:\\\/\\\/vitablanca.ma\\\/wp-content\\\/uploads\\\/2025\\\/05\\\/cropped-vitablanca.png\",\"contentUrl\":\"https:\\\/\\\/vitablanca.ma\\\/wp-content\\\/uploads\\\/2025\\\/05\\\/cropped-vitablanca.png\",\"width\":360,\"height\":67,\"caption\":\"VitaBlanca\"},\"image\":{\"@id\":\"https:\\\/\\\/vitablanca.ma\\\/#\\\/schema\\\/logo\\\/image\\\/\"},\"sameAs\":[\"https:\\\/\\\/www.facebook.com\\\/profile.php?id=61576678196717\",\"https:\\\/\\\/www.tiktok.com\\\/@vitablanca.ma\",\"https:\\\/\\\/www.instagram.com\\\/vitablanca.ma\\\/\"]}]}<\/script>\n<!-- \/ Yoast SEO plugin. -->","yoast_head_json":{"title":"Vaseline - Gluta-Hya Serum Burst Lotion Pro-Age Restore - Maroc Prix","description":"Vaseline - Gluta-Hya Serum Burst Lotion Pro-Age Restore","robots":{"index":"index","follow":"follow","max-snippet":"max-snippet:-1","max-image-preview":"max-image-preview:large","max-video-preview":"max-video-preview:-1"},"canonical":"https:\/\/vitablanca.ma\/en\/product\/vaseline-gluta-hya-serum-burst-lotion-pro-age-restore\/","og_locale":"en_US","og_type":"article","og_title":"Vaseline - Gluta-Hya Serum Burst Lotion Pro-Age Restore - Maroc Prix","og_description":"Vaseline - Gluta-Hya Serum Burst Lotion Pro-Age Restore","og_url":"https:\/\/vitablanca.ma\/en\/product\/vaseline-gluta-hya-serum-burst-lotion-pro-age-restore\/","og_site_name":"Vitablanca.ma &ndash; Sant&eacute;, vitalit&eacute; et bien-&ecirc;tre pour tous les Marocains","article_publisher":"https:\/\/www.facebook.com\/profile.php?id=61576678196717","article_modified_time":"2026-03-06T03:38:37+00:00","og_image":[{"width":1080,"height":1080,"url":"https:\/\/vitablanca.ma\/wp-content\/uploads\/2026\/03\/Vaseline-Gluta-HyaSerumBurstLotionPro-AgeRestore1_1.jpg","type":"image\/jpeg"}],"twitter_card":"summary_large_image","twitter_misc":{"Est. reading time":"1 minute"},"schema":{"@context":"https:\/\/schema.org","@graph":[{"@type":["WebPage","ItemPage"],"@id":"https:\/\/vitablanca.ma\/produit\/vaseline-gluta-hya-serum-burst-lotion-pro-age-restore\/","url":"https:\/\/vitablanca.ma\/produit\/vaseline-gluta-hya-serum-burst-lotion-pro-age-restore\/","name":"Vaseline - Gluta-Hya Serum Burst Lotion Pro-Age Restore - Maroc Prix","isPartOf":{"@id":"https:\/\/vitablanca.ma\/#website"},"primaryImageOfPage":{"@id":"https:\/\/vitablanca.ma\/produit\/vaseline-gluta-hya-serum-burst-lotion-pro-age-restore\/#primaryimage"},"image":{"@id":"https:\/\/vitablanca.ma\/produit\/vaseline-gluta-hya-serum-burst-lotion-pro-age-restore\/#primaryimage"},"thumbnailUrl":"https:\/\/vitablanca.ma\/wp-content\/uploads\/2026\/03\/Vaseline-Gluta-HyaSerumBurstLotionPro-AgeRestore1_1.jpg","datePublished":"2026-03-04T03:50:09+00:00","dateModified":"2026-03-06T03:38:37+00:00","description":"Vaseline - Gluta-Hya Serum Burst Lotion Pro-Age Restore","breadcrumb":{"@id":"https:\/\/vitablanca.ma\/produit\/vaseline-gluta-hya-serum-burst-lotion-pro-age-restore\/#breadcrumb"},"inLanguage":"en-US","potentialAction":[{"@type":"ReadAction","target":["https:\/\/vitablanca.ma\/produit\/vaseline-gluta-hya-serum-burst-lotion-pro-age-restore\/"]}]},{"@type":"ImageObject","inLanguage":"en-US","@id":"https:\/\/vitablanca.ma\/produit\/vaseline-gluta-hya-serum-burst-lotion-pro-age-restore\/#primaryimage","url":"https:\/\/vitablanca.ma\/wp-content\/uploads\/2026\/03\/Vaseline-Gluta-HyaSerumBurstLotionPro-AgeRestore1_1.jpg","contentUrl":"https:\/\/vitablanca.ma\/wp-content\/uploads\/2026\/03\/Vaseline-Gluta-HyaSerumBurstLotionPro-AgeRestore1_1.jpg","width":1080,"height":1080},{"@type":"BreadcrumbList","@id":"https:\/\/vitablanca.ma\/produit\/vaseline-gluta-hya-serum-burst-lotion-pro-age-restore\/#breadcrumb","itemListElement":[{"@type":"ListItem","position":1,"name":"Home","item":"https:\/\/vitablanca.ma\/"},{"@type":"ListItem","position":2,"name":"Tous Les Produits","item":"https:\/\/vitablanca.ma\/tous-les-produits\/"},{"@type":"ListItem","position":3,"name":"Vaseline &#8211; Gluta-Hya Serum Burst Lotion Pro-Age Restore"}]},{"@type":"WebSite","@id":"https:\/\/vitablanca.ma\/#website","url":"https:\/\/vitablanca.ma\/","name":"VitaBlanca.ma | Food supplements, health &amp; beauty in Morocco","description":"sell premium vitamins and supplements from USA &amp; Canada, New Zealand, Morocco (NOW Foods, Solgar, Manuka). Fast delivery anywhere in Morocco.","publisher":{"@id":"https:\/\/vitablanca.ma\/#organization"},"alternateName":"VitaBlanca.ma","potentialAction":[{"@type":"SearchAction","target":{"@type":"EntryPoint","urlTemplate":"https:\/\/vitablanca.ma\/?s={search_term_string}"},"query-input":{"@type":"PropertyValueSpecification","valueRequired":true,"valueName":"search_term_string"}}],"inLanguage":"en-US"},{"@type":"Organization","@id":"https:\/\/vitablanca.ma\/#organization","name":"VitaBlanca","url":"https:\/\/vitablanca.ma\/","logo":{"@type":"ImageObject","inLanguage":"en-US","@id":"https:\/\/vitablanca.ma\/#\/schema\/logo\/image\/","url":"https:\/\/vitablanca.ma\/wp-content\/uploads\/2025\/05\/cropped-vitablanca.png","contentUrl":"https:\/\/vitablanca.ma\/wp-content\/uploads\/2025\/05\/cropped-vitablanca.png","width":360,"height":67,"caption":"VitaBlanca"},"image":{"@id":"https:\/\/vitablanca.ma\/#\/schema\/logo\/image\/"},"sameAs":["https:\/\/www.facebook.com\/profile.php?id=61576678196717","https:\/\/www.tiktok.com\/@vitablanca.ma","https:\/\/www.instagram.com\/vitablanca.ma\/"]}]}},"jetpack_sharing_enabled":true,"_links":{"self":[{"href":"https:\/\/vitablanca.ma\/en\/wp-json\/wp\/v2\/product\/33537","targetHints":{"allow":["GET"]}}],"collection":[{"href":"https:\/\/vitablanca.ma\/en\/wp-json\/wp\/v2\/product"}],"about":[{"href":"https:\/\/vitablanca.ma\/en\/wp-json\/wp\/v2\/types\/product"}],"wp:featuredmedia":[{"embeddable":true,"href":"https:\/\/vitablanca.ma\/en\/wp-json\/wp\/v2\/media\/33530"}],"wp:attachment":[{"href":"https:\/\/vitablanca.ma\/en\/wp-json\/wp\/v2\/media?parent=33537"}],"wp:term":[{"taxonomy":"product_brand","embeddable":true,"href":"https:\/\/vitablanca.ma\/en\/wp-json\/wp\/v2\/product_brand?post=33537"},{"taxonomy":"product_cat","embeddable":true,"href":"https:\/\/vitablanca.ma\/en\/wp-json\/wp\/v2\/product_cat?post=33537"},{"taxonomy":"product_tag","embeddable":true,"href":"https:\/\/vitablanca.ma\/en\/wp-json\/wp\/v2\/product_tag?post=33537"}],"curies":[{"name":"wp","href":"https:\/\/api.w.org\/{rel}","templated":true}]}}